{"id":19786,"date":"2024-04-24T13:36:25","date_gmt":"2024-04-24T11:36:25","guid":{"rendered":"https:\/\/www.vita.sk\/?post_type=product&#038;p=19786"},"modified":"2025-08-04T15:26:47","modified_gmt":"2025-08-04T13:26:47","slug":"program-mba-bezpecnostny-manazer-a-veduci-bezpecnosti-cso","status":"publish","type":"product","link":"https:\/\/www.vita.sk\/en\/program-mba-bezpecnostny-manazer-a-veduci-bezpecnosti-cso\/","title":{"rendered":"Program MBA Bezpe\u010dnostn\u00fd Mana\u017e\u00e9r a Ved\u00faci Bezpe\u010dnosti (CSO)"},"content":{"rendered":"<p>Program MBA Bezpe\u010dnostn\u00fd Mana\u017e\u00e9r a Ved\u00faci Bezpe\u010dnosti (CSO) je pre v\u00e1s ide\u00e1lny, ak chcete z\u00edska\u0165 znalost\u00ed a zru\u010dnost\u00ed v oblasti bezpe\u010dnostn\u00e9ho riadenia a strat\u00e9gie. Ide o\u00a0<b>vzdel\u00e1vac\u00ed program na z\u00edskanie profesijn\u00e9ho titulu MBA (Master of Business Administration)<\/b>. Program MBA je zameran\u00fd na rozvoj leadersk\u00fdch zru\u010dnost\u00ed, marketingov\u00fdch strat\u00e9gi\u00ed na dosahovanie cie\u013eov organiz\u00e1cie. Program sme vytvorili na mieru, aby ste sa vedeli \u010do najsk\u00f4r uplatni\u0165 na trhu pr\u00e1ce a rekvalifikova\u0165 na nov\u00e9 pracovn\u00e9 poz\u00edcie v IT. Rovnako je vhodn\u00fd, ak chcete za\u010da\u0165 podnika\u0165. Ako absolvent\u00a0<strong>z\u00edskate diplom s profesijn\u00fdm titulom MBA, akreditovan\u00e9 osved\u010denie<\/strong>\u00a0a\u00a0<strong>odpor\u00fa\u010danie pre potenci\u00e1lnych zamestn\u00e1vate\u013eov.<\/strong>\u00a0Z\u00e1rove\u0148 kontaktujeme vybran\u00e9 spolo\u010dnosti (cca 28 top spolo\u010dnost\u00ed) oh\u013eadom v\u00e1\u0161ho \u00faspe\u0161n\u00e9ho absolvovania vzdel\u00e1vacieho programu.\u00a0<strong>\u0160t\u00fadium vzdel\u00e1vacieho programu Bezpe\u010dnostn\u00fd Mana\u017e\u00e9r a Ved\u00faci Bezpe\u010dnosti trv\u00e1 pol roka a\u017e 1 rok.<\/strong> R\u00fdchlos\u0165 u\u010denia a absolvovanie vytvoren\u00fdch online kurzov je na v\u00e1s. Celkov\u00fd \u010das vzdel\u00e1vania je maxim\u00e1lne 1 rok (12 mesiacov). Ako absolvent z\u00e1rove\u0148 nap\u00ed\u0161ete z\u00e1vere\u010dn\u00fa pr\u00e1cu k oblasti a t\u00e9me, ktorej sa chcete profesijne venova\u0165.<\/p>\n","protected":false},"excerpt":{"rendered":"<p>Program MBA Bezpe\u010dnostn\u00fd Mana\u017e\u00e9r a Ved\u00faci Bezpe\u010dnosti (CSO) je pre v\u00e1s ide\u00e1lny, ak chcete z\u00edska\u0165 znalost\u00ed a zru\u010dnost\u00ed v oblasti bezpe\u010dnostn\u00e9ho riadenia a strat\u00e9gie. Ide o\u00a0vzdel\u00e1vac\u00ed program na z\u00edskanie profesijn\u00e9ho titulu MBA (Master of Business Administration). Program MBA je zameran\u00fd na rozvoj leadersk\u00fdch zru\u010dnost\u00ed, marketingov\u00fdch strat\u00e9gi\u00ed na dosahovanie cie\u013eov organiz\u00e1cie.","protected":false},"author":4,"featured_media":24070,"comment_status":"closed","ping_status":"closed","template":"","meta":{"_acf_changed":false},"product_brand":[],"product_cat":[632],"product_tag":[191,197,637],"class_list":{"0":"post-19786","1":"product","2":"type-product","3":"status-publish","4":"has-post-thumbnail","6":"product_cat-online-kurzy-pracovne-pozicie-mba-dba-mpa-msc","7":"product_tag-manazerske-kurzy","8":"product_tag-baliky-kurzov-a-predplatne","9":"product_tag-mba","11":"first","12":"instock","13":"sale","14":"sold-individually","15":"taxable","16":"shipping-taxable","17":"purchasable","18":"product-type-simple"},"yoast_head":"<!-- This site is optimized with the Yoast SEO Premium plugin v25.0 (Yoast SEO v25.0) - https:\/\/yoast.com\/wordpress\/plugins\/seo\/ -->\n<title>Program MBA Bezpe\u010dnostn\u00fd Mana\u017e\u00e9r a Ved\u00faci Bezpe\u010dnosti (CSO) 2026 | VITA<\/title>\n<meta name=\"robots\" content=\"index, follow, max-snippet:-1, max-image-preview:large, max-video-preview:-1\" \/>\n<link rel=\"canonical\" href=\"https:\/\/www.vita.sk\/program-mba-bezpecnostny-manazer-a-veduci-bezpecnosti-cso\/\" \/>\n<meta property=\"og:locale\" content=\"en_US\" \/>\n<meta property=\"og:type\" content=\"article\" \/>\n<meta property=\"og:title\" content=\"Program MBA Bezpe\u010dnostn\u00fd Mana\u017e\u00e9r a Ved\u00faci Bezpe\u010dnosti (CSO)\" \/>\n<meta property=\"og:description\" content=\"Program MBA Bezpe\u010dnostn\u00fd Mana\u017e\u00e9r a Ved\u00faci Bezpe\u010dnosti (CSO) je pre v\u00e1s ide\u00e1lny, ak chcete z\u00edska\u0165 znalost\u00ed a zru\u010dnost\u00ed v oblasti bezpe\u010dnostn\u00e9ho riadenia a strat\u00e9gie. Ide o\u00a0vzdel\u00e1vac\u00ed program na z\u00edskanie profesijn\u00e9ho titulu MBA (Master of Business Administration). Program MBA je zameran\u00fd na rozvoj leadersk\u00fdch zru\u010dnost\u00ed, marketingov\u00fdch strat\u00e9gi\u00ed na dosahovanie cie\u013eov organiz\u00e1cie. Program sme vytvorili na mieru, [&hellip;]\" \/>\n<meta property=\"og:url\" content=\"https:\/\/www.vita.sk\/program-mba-bezpecnostny-manazer-a-veduci-bezpecnosti-cso\/\" \/>\n<meta property=\"og:site_name\" content=\"VITA\" \/>\n<meta property=\"article:publisher\" content=\"https:\/\/www.facebook.com\/VitaAcademySK\" \/>\n<meta property=\"article:modified_time\" content=\"2025-08-04T13:26:47+00:00\" \/>\n<meta property=\"og:image\" content=\"https:\/\/www.vita.sk\/wp-content\/uploads\/2025\/02\/mba-bezpecnostny-manazer-a-veduci-bezpecnosti-cso.png\" \/>\n\t<meta property=\"og:image:width\" content=\"360\" \/>\n\t<meta property=\"og:image:height\" content=\"360\" \/>\n\t<meta property=\"og:image:type\" content=\"image\/png\" \/>\n<meta name=\"twitter:card\" content=\"summary_large_image\" \/>\n<meta name=\"twitter:label1\" content=\"Est. reading time\" \/>\n\t<meta name=\"twitter:data1\" content=\"2 minutes\" \/>\n<script type=\"application\/ld+json\" class=\"yoast-schema-graph\">{\n\t    \"@context\": \"https:\/\/schema.org\",\n\t    \"@graph\": [\n\t        {\n\t            \"@type\": \"WebPage\",\n\t            \"@id\": \"https:\/\/www.vita.sk\/program-mba-bezpecnostny-manazer-a-veduci-bezpecnosti-cso\/\",\n\t            \"url\": \"https:\/\/www.vita.sk\/program-mba-bezpecnostny-manazer-a-veduci-bezpecnosti-cso\/\",\n\t            \"name\": \"Program MBA Bezpe\u010dnostn\u00fd Mana\u017e\u00e9r a Ved\u00faci Bezpe\u010dnosti (CSO) {Y} | VITA\",\n\t            \"isPartOf\": {\n\t                \"@id\": \"https:\/\/www.vita.sk\/#website\"\n\t            },\n\t            \"primaryImageOfPage\": {\n\t                \"@id\": \"https:\/\/www.vita.sk\/program-mba-bezpecnostny-manazer-a-veduci-bezpecnosti-cso\/#primaryimage\"\n\t            },\n\t            \"image\": {\n\t                \"@id\": \"https:\/\/www.vita.sk\/program-mba-bezpecnostny-manazer-a-veduci-bezpecnosti-cso\/#primaryimage\"\n\t            },\n\t            \"thumbnailUrl\": \"https:\/\/www.vita.sk\/wp-content\/uploads\/2025\/02\/mba-bezpecnostny-manazer-a-veduci-bezpecnosti-cso.png\",\n\t            \"datePublished\": \"2024-04-24T11:36:25+00:00\",\n\t            \"dateModified\": \"2025-08-04T13:26:47+00:00\",\n\t            \"breadcrumb\": {\n\t                \"@id\": \"https:\/\/www.vita.sk\/program-mba-bezpecnostny-manazer-a-veduci-bezpecnosti-cso\/#breadcrumb\"\n\t            },\n\t            \"inLanguage\": \"en-US\",\n\t            \"potentialAction\": [\n\t                {\n\t                    \"@type\": \"ReadAction\",\n\t                    \"target\": [\n\t                        \"https:\/\/www.vita.sk\/program-mba-bezpecnostny-manazer-a-veduci-bezpecnosti-cso\/\"\n\t                    ]\n\t                }\n\t            ]\n\t        },\n\t        {\n\t            \"@type\": \"ImageObject\",\n\t            \"inLanguage\": \"en-US\",\n\t            \"@id\": \"https:\/\/www.vita.sk\/program-mba-bezpecnostny-manazer-a-veduci-bezpecnosti-cso\/#primaryimage\",\n\t            \"url\": \"https:\/\/www.vita.sk\/wp-content\/uploads\/2025\/02\/mba-bezpecnostny-manazer-a-veduci-bezpecnosti-cso.png\",\n\t            \"contentUrl\": \"https:\/\/www.vita.sk\/wp-content\/uploads\/2025\/02\/mba-bezpecnostny-manazer-a-veduci-bezpecnosti-cso.png\",\n\t            \"width\": 360,\n\t            \"height\": 360,\n\t            \"caption\": \"Program MBA Bezpe\u010dnostn\u00fd Mana\u017e\u00e9r a Ved\u00faci Bezpe\u010dnosti (CSO)\"\n\t        },\n\t        {\n\t            \"@type\": \"BreadcrumbList\",\n\t            \"@id\": \"https:\/\/www.vita.sk\/program-mba-bezpecnostny-manazer-a-veduci-bezpecnosti-cso\/#breadcrumb\",\n\t            \"itemListElement\": [\n\t                {\n\t                    \"@type\": \"ListItem\",\n\t                    \"position\": 1,\n\t                    \"name\": \"VITA Academy\",\n\t                    \"item\": \"https:\/\/www.vita.sk\/en\/\"\n\t                },\n\t                {\n\t                    \"@type\": \"ListItem\",\n\t                    \"position\": 2,\n\t                    \"name\": \"Shop\",\n\t                    \"item\": \"https:\/\/www.vita.sk\/shop\/\"\n\t                },\n\t                {\n\t                    \"@type\": \"ListItem\",\n\t                    \"position\": 3,\n\t                    \"name\": \"Online Profesijn\u00e9 Tituly MBA, DBA, MPA, MSc.\",\n\t                    \"item\": \"https:\/\/www.vita.sk\/online-kurzy-pracovne-pozicie-mba-dba-mpa-msc\/\"\n\t                },\n\t                {\n\t                    \"@type\": \"ListItem\",\n\t                    \"position\": 4,\n\t                    \"name\": \"Program MBA Bezpe\u010dnostn\u00fd Mana\u017e\u00e9r a Ved\u00faci Bezpe\u010dnosti (CSO)\"\n\t                }\n\t            ]\n\t        },\n\t        {\n\t            \"@type\": \"WebSite\",\n\t            \"@id\": \"https:\/\/www.vita.sk\/#website\",\n\t            \"url\": \"https:\/\/www.vita.sk\/\",\n\t            \"name\": \"VITA\",\n\t            \"description\": \"\",\n\t            \"publisher\": {\n\t                \"@id\": \"https:\/\/www.vita.sk\/#organization\"\n\t            },\n\t            \"potentialAction\": [\n\t                {\n\t                    \"@type\": \"SearchAction\",\n\t                    \"target\": {\n\t                        \"@type\": \"EntryPoint\",\n\t                        \"urlTemplate\": \"https:\/\/www.vita.sk\/?s={search_term_string}\"\n\t                    },\n\t                    \"query-input\": {\n\t                        \"@type\": \"PropertyValueSpecification\",\n\t                        \"valueRequired\": true,\n\t                        \"valueName\": \"search_term_string\"\n\t                    }\n\t                }\n\t            ],\n\t            \"inLanguage\": \"en-US\"\n\t        },\n\t        {\n\t            \"email\": \"admin@vita.sk\",\n\t            \"logo\": \"https:\/\/www.vita.sk\/img\/vita_logo.png \",\n\t            \"address\": {\n\t                \"type\": \"PostalAddress\",\n\t                \"streetAddress\": \"Tom\u00e1\u0161ikova 50\/A\",\n\t                \"addressLocality\": \"Bratislava\",\n\t                \"postalCode\": \"83104\",\n\t                \"addressCountry\": {\n\t                    \"name\": \"SK\",\n\t                    \"type\": \"Country\"\n\t                }\n\t            },\n\t            \"contactPoint\": {\n\t                \"type\": \"ContactPoint\",\n\t                \"telephone\": \"+421 907 375\u00a0543\",\n\t                \"Email\": \"admin@vita.sk\",\n\t                \"contactType\": \"customer service\"\n\t            },\n\t            \"sameAs\": [\n\t                \"https:\/\/www.facebook.com\/VitaAcademySK\/\",\n\t                \"https:\/\/www.linkedin.com\/company\/vita-academy\/\"\n\t            ]\n\t        }\n\t    ]\n\t}<\/script>\n<!-- \/ Yoast SEO Premium plugin. -->","yoast_head_json":{"title":"Program MBA Bezpe\u010dnostn\u00fd Mana\u017e\u00e9r a Ved\u00faci Bezpe\u010dnosti (CSO) 2026 | VITA","robots":{"index":"index","follow":"follow","max-snippet":"max-snippet:-1","max-image-preview":"max-image-preview:large","max-video-preview":"max-video-preview:-1"},"canonical":"https:\/\/www.vita.sk\/program-mba-bezpecnostny-manazer-a-veduci-bezpecnosti-cso\/","og_locale":"en_US","og_type":"article","og_title":"Program MBA Bezpe\u010dnostn\u00fd Mana\u017e\u00e9r a Ved\u00faci Bezpe\u010dnosti (CSO)","og_description":"Program MBA Bezpe\u010dnostn\u00fd Mana\u017e\u00e9r a Ved\u00faci Bezpe\u010dnosti (CSO) je pre v\u00e1s ide\u00e1lny, ak chcete z\u00edska\u0165 znalost\u00ed a zru\u010dnost\u00ed v oblasti bezpe\u010dnostn\u00e9ho riadenia a strat\u00e9gie. Ide o\u00a0vzdel\u00e1vac\u00ed program na z\u00edskanie profesijn\u00e9ho titulu MBA (Master of Business Administration). Program MBA je zameran\u00fd na rozvoj leadersk\u00fdch zru\u010dnost\u00ed, marketingov\u00fdch strat\u00e9gi\u00ed na dosahovanie cie\u013eov organiz\u00e1cie. Program sme vytvorili na mieru, [&hellip;]","og_url":"https:\/\/www.vita.sk\/program-mba-bezpecnostny-manazer-a-veduci-bezpecnosti-cso\/","og_site_name":"VITA","article_publisher":"https:\/\/www.facebook.com\/VitaAcademySK","article_modified_time":"2025-08-04T13:26:47+00:00","og_image":[{"width":360,"height":360,"url":"https:\/\/www.vita.sk\/wp-content\/uploads\/2025\/02\/mba-bezpecnostny-manazer-a-veduci-bezpecnosti-cso.png","type":"image\/png"}],"twitter_card":"summary_large_image","twitter_misc":{"Est. reading time":"2 minutes"},"schema":{"@context":"https:\/\/schema.org","@graph":[{"@type":"WebPage","@id":"https:\/\/www.vita.sk\/program-mba-bezpecnostny-manazer-a-veduci-bezpecnosti-cso\/","url":"https:\/\/www.vita.sk\/program-mba-bezpecnostny-manazer-a-veduci-bezpecnosti-cso\/","name":"Program MBA Bezpe\u010dnostn\u00fd Mana\u017e\u00e9r a Ved\u00faci Bezpe\u010dnosti (CSO) {Y} | VITA","isPartOf":{"@id":"https:\/\/www.vita.sk\/#website"},"primaryImageOfPage":{"@id":"https:\/\/www.vita.sk\/program-mba-bezpecnostny-manazer-a-veduci-bezpecnosti-cso\/#primaryimage"},"image":{"@id":"https:\/\/www.vita.sk\/program-mba-bezpecnostny-manazer-a-veduci-bezpecnosti-cso\/#primaryimage"},"thumbnailUrl":"https:\/\/www.vita.sk\/wp-content\/uploads\/2025\/02\/mba-bezpecnostny-manazer-a-veduci-bezpecnosti-cso.png","datePublished":"2024-04-24T11:36:25+00:00","dateModified":"2025-08-04T13:26:47+00:00","breadcrumb":{"@id":"https:\/\/www.vita.sk\/program-mba-bezpecnostny-manazer-a-veduci-bezpecnosti-cso\/#breadcrumb"},"inLanguage":"en-US","potentialAction":[{"@type":"ReadAction","target":["https:\/\/www.vita.sk\/program-mba-bezpecnostny-manazer-a-veduci-bezpecnosti-cso\/"]}]},{"@type":"ImageObject","inLanguage":"en-US","@id":"https:\/\/www.vita.sk\/program-mba-bezpecnostny-manazer-a-veduci-bezpecnosti-cso\/#primaryimage","url":"https:\/\/www.vita.sk\/wp-content\/uploads\/2025\/02\/mba-bezpecnostny-manazer-a-veduci-bezpecnosti-cso.png","contentUrl":"https:\/\/www.vita.sk\/wp-content\/uploads\/2025\/02\/mba-bezpecnostny-manazer-a-veduci-bezpecnosti-cso.png","width":360,"height":360,"caption":"Program MBA Bezpe\u010dnostn\u00fd Mana\u017e\u00e9r a Ved\u00faci Bezpe\u010dnosti (CSO)"},{"@type":"BreadcrumbList","@id":"https:\/\/www.vita.sk\/program-mba-bezpecnostny-manazer-a-veduci-bezpecnosti-cso\/#breadcrumb","itemListElement":[{"@type":"ListItem","position":1,"name":"VITA Academy","item":"https:\/\/www.vita.sk\/en\/"},{"@type":"ListItem","position":2,"name":"Shop","item":"https:\/\/www.vita.sk\/shop\/"},{"@type":"ListItem","position":3,"name":"Online Profesijn\u00e9 Tituly MBA, DBA, MPA, MSc.","item":"https:\/\/www.vita.sk\/online-kurzy-pracovne-pozicie-mba-dba-mpa-msc\/"},{"@type":"ListItem","position":4,"name":"Program MBA Bezpe\u010dnostn\u00fd Mana\u017e\u00e9r a Ved\u00faci Bezpe\u010dnosti (CSO)"}]},{"@type":"WebSite","@id":"https:\/\/www.vita.sk\/#website","url":"https:\/\/www.vita.sk\/","name":"VITA","description":"","publisher":{"@id":"https:\/\/www.vita.sk\/#organization"},"potentialAction":[{"@type":"SearchAction","target":{"@type":"EntryPoint","urlTemplate":"https:\/\/www.vita.sk\/?s={search_term_string}"},"query-input":{"@type":"PropertyValueSpecification","valueRequired":true,"valueName":"search_term_string"}}],"inLanguage":"en-US"},{"email":"admin@vita.sk","logo":"https:\/\/www.vita.sk\/img\/vita_logo.png ","address":{"type":"PostalAddress","streetAddress":"Tom\u00e1\u0161ikova 50\/A","addressLocality":"Bratislava","postalCode":"83104","addressCountry":{"name":"SK","type":"Country"}},"contactPoint":{"type":"ContactPoint","telephone":"+421 907 375\u00a0543","Email":"admin@vita.sk","contactType":"customer service"},"sameAs":["https:\/\/www.facebook.com\/VitaAcademySK\/","https:\/\/www.linkedin.com\/company\/vita-academy\/"]}]}},"acf":[],"_links":{"self":[{"href":"https:\/\/www.vita.sk\/en\/wp-json\/wp\/v2\/product\/19786","targetHints":{"allow":["GET"]}}],"collection":[{"href":"https:\/\/www.vita.sk\/en\/wp-json\/wp\/v2\/product"}],"about":[{"href":"https:\/\/www.vita.sk\/en\/wp-json\/wp\/v2\/types\/product"}],"author":[{"embeddable":true,"href":"https:\/\/www.vita.sk\/en\/wp-json\/wp\/v2\/users\/4"}],"replies":[{"embeddable":true,"href":"https:\/\/www.vita.sk\/en\/wp-json\/wp\/v2\/comments?post=19786"}],"wp:featuredmedia":[{"embeddable":true,"href":"https:\/\/www.vita.sk\/en\/wp-json\/wp\/v2\/media\/24070"}],"wp:attachment":[{"href":"https:\/\/www.vita.sk\/en\/wp-json\/wp\/v2\/media?parent=19786"}],"wp:term":[{"taxonomy":"product_brand","embeddable":true,"href":"https:\/\/www.vita.sk\/en\/wp-json\/wp\/v2\/product_brand?post=19786"},{"taxonomy":"product_cat","embeddable":true,"href":"https:\/\/www.vita.sk\/en\/wp-json\/wp\/v2\/product_cat?post=19786"},{"taxonomy":"product_tag","embeddable":true,"href":"https:\/\/www.vita.sk\/en\/wp-json\/wp\/v2\/product_tag?post=19786"}],"curies":[{"name":"wp","href":"https:\/\/api.w.org\/{rel}","templated":true}]}}