{"id":19827,"date":"2024-04-26T10:57:38","date_gmt":"2024-04-26T08:57:38","guid":{"rendered":"https:\/\/www.vita.sk\/?post_type=product&#038;p=19827"},"modified":"2025-07-31T14:03:03","modified_gmt":"2025-07-31T12:03:03","slug":"program-dba-it-management","status":"publish","type":"product","link":"https:\/\/www.vita.sk\/en\/program-dba-it-management\/","title":{"rendered":"Program DBA IT Management"},"content":{"rendered":"<p>Vzdel\u00e1vac\u00ed program DBA IT Management je pre v\u00e1s ide\u00e1lny, ak sa chcete nau\u010di\u0165 pou\u017e\u00edva\u0165 n\u00e1stroje a techniky z oblasti riadenia \u013eudsk\u00fdch zdrojov, marketingu, financi\u00ed, podnikate\u013estva a aplikova\u0165 ich v organiz\u00e1ci\u00e1ch. Ide o <b>vzdel\u00e1vac\u00ed program na z\u00edskanie profesijn\u00e9ho titulu DBA (Doctor of Business Administration)<\/b>. Program DBA je zameran\u00fd na oblas\u0165 riadenia IT, projektov, zdrojov a ich integr\u00e1ciu do strat\u00e9gie organiz\u00e1cie. Titul DBA je najvy\u0161\u0161\u00ed stupe\u0148 modern\u00e9ho mana\u017e\u00e9rskeho vzdel\u00e1vania. Program sme vytvorili na mieru, aby ste sa vedeli \u010do najsk\u00f4r uplatni\u0165 na trhu pr\u00e1ce a rekvalifikova\u0165 na nov\u00e9 pracovn\u00e9 poz\u00edcie v IT. Rovnako je vhodn\u00fd, ak chcete za\u010da\u0165 podnika\u0165. Ako absolvent <strong>z\u00edskate diplom s profesijn\u00fdm titulom DBA, akreditovan\u00e9 osved\u010denie<\/strong>\u00a0a\u00a0<strong>odpor\u00fa\u010danie pre potenci\u00e1lnych zamestn\u00e1vate\u013eov.<\/strong>\u00a0Z\u00e1rove\u0148 kontaktujeme vybran\u00e9 spolo\u010dnosti (cca 28 top spolo\u010dnost\u00ed) oh\u013eadom v\u00e1\u0161ho \u00faspe\u0161n\u00e9ho absolvovania vzdel\u00e1vacieho programu.\u00a0<strong>\u0160t\u00fadium vzdel\u00e1vacieho programu IT Management trv\u00e1 pol roka a\u017e 1 rok.<\/strong> R\u00fdchlos\u0165 u\u010denia a absolvovanie vytvoren\u00fdch online kurzov je na v\u00e1s. Celkov\u00fd \u010das vzdel\u00e1vania je maxim\u00e1lne 1 rok (12 mesiacov). Ako absolvent z\u00e1rove\u0148 nap\u00ed\u0161ete z\u00e1vere\u010dn\u00fa pr\u00e1cu k oblasti a t\u00e9me, ktorej sa chcete profesijne venova\u0165. Ak sa chcete z\u00edska\u0165 profesijn\u00fd titul z obchodnej administrat\u00edvy, tak tento vzdel\u00e1vac\u00ed program je pre v\u00e1s to prav\u00e9 orechov\u00e9.<\/p>\n","protected":false},"excerpt":{"rendered":"<p>Vzdel\u00e1vac\u00ed program DBA IT Management je pre v\u00e1s ide\u00e1lny, ak sa chcete nau\u010di\u0165 pou\u017e\u00edva\u0165 n\u00e1stroje a techniky z oblasti riadenia \u013eudsk\u00fdch zdrojov, marketingu, financi\u00ed, podnikate\u013estva a aplikova\u0165 ich v organiz\u00e1ci\u00e1ch. Ide o vzdel\u00e1vac\u00ed program na z\u00edskanie profesijn\u00e9ho titulu DBA (Doctor of Business Administration).","protected":false},"author":4,"featured_media":24052,"comment_status":"closed","ping_status":"closed","template":"","meta":{"_acf_changed":false},"product_brand":[],"product_cat":[632],"product_tag":[191,197,667],"class_list":{"0":"post-19827","1":"product","2":"type-product","3":"status-publish","4":"has-post-thumbnail","6":"product_cat-online-kurzy-pracovne-pozicie-mba-dba-mpa-msc","7":"product_tag-manazerske-kurzy","8":"product_tag-baliky-kurzov-a-predplatne","9":"product_tag-dba","11":"first","12":"instock","13":"sale","14":"sold-individually","15":"taxable","16":"shipping-taxable","17":"purchasable","18":"product-type-simple"},"yoast_head":"<!-- This site is optimized with the Yoast SEO Premium plugin v25.0 (Yoast SEO v25.0) - https:\/\/yoast.com\/wordpress\/plugins\/seo\/ -->\n<title>Program DBA IT Management 2026 | VITA<\/title>\n<meta name=\"robots\" content=\"index, follow, max-snippet:-1, max-image-preview:large, max-video-preview:-1\" \/>\n<link rel=\"canonical\" href=\"https:\/\/www.vita.sk\/program-dba-it-management\/\" \/>\n<meta property=\"og:locale\" content=\"en_US\" \/>\n<meta property=\"og:type\" content=\"article\" \/>\n<meta property=\"og:title\" content=\"Program DBA IT Management\" \/>\n<meta property=\"og:description\" content=\"Vzdel\u00e1vac\u00ed program DBA IT Management je pre v\u00e1s ide\u00e1lny, ak sa chcete nau\u010di\u0165 pou\u017e\u00edva\u0165 n\u00e1stroje a techniky z oblasti riadenia \u013eudsk\u00fdch zdrojov, marketingu, financi\u00ed, podnikate\u013estva a aplikova\u0165 ich v organiz\u00e1ci\u00e1ch. Ide o vzdel\u00e1vac\u00ed program na z\u00edskanie profesijn\u00e9ho titulu DBA (Doctor of Business Administration). Program DBA je zameran\u00fd na oblas\u0165 riadenia IT, projektov, zdrojov a ich [&hellip;]\" \/>\n<meta property=\"og:url\" content=\"https:\/\/www.vita.sk\/program-dba-it-management\/\" \/>\n<meta property=\"og:site_name\" content=\"VITA\" \/>\n<meta property=\"article:publisher\" content=\"https:\/\/www.facebook.com\/VitaAcademySK\" \/>\n<meta property=\"article:modified_time\" content=\"2025-07-31T12:03:03+00:00\" \/>\n<meta property=\"og:image\" content=\"https:\/\/www.vita.sk\/wp-content\/uploads\/2025\/02\/dba-it-management.png\" \/>\n\t<meta property=\"og:image:width\" content=\"360\" \/>\n\t<meta property=\"og:image:height\" content=\"360\" \/>\n\t<meta property=\"og:image:type\" content=\"image\/png\" \/>\n<meta name=\"twitter:card\" content=\"summary_large_image\" \/>\n<meta name=\"twitter:label1\" content=\"Est. reading time\" \/>\n\t<meta name=\"twitter:data1\" content=\"2 minutes\" \/>\n<script type=\"application\/ld+json\" class=\"yoast-schema-graph\">{\n\t    \"@context\": \"https:\/\/schema.org\",\n\t    \"@graph\": [\n\t        {\n\t            \"@type\": \"WebPage\",\n\t            \"@id\": \"https:\/\/www.vita.sk\/program-dba-it-management\/\",\n\t            \"url\": \"https:\/\/www.vita.sk\/program-dba-it-management\/\",\n\t            \"name\": \"Program DBA IT Management {Y} | VITA\",\n\t            \"isPartOf\": {\n\t                \"@id\": \"https:\/\/www.vita.sk\/#website\"\n\t            },\n\t            \"primaryImageOfPage\": {\n\t                \"@id\": \"https:\/\/www.vita.sk\/program-dba-it-management\/#primaryimage\"\n\t            },\n\t            \"image\": {\n\t                \"@id\": \"https:\/\/www.vita.sk\/program-dba-it-management\/#primaryimage\"\n\t            },\n\t            \"thumbnailUrl\": \"https:\/\/www.vita.sk\/wp-content\/uploads\/2025\/02\/dba-it-management.png\",\n\t            \"datePublished\": \"2024-04-26T08:57:38+00:00\",\n\t            \"dateModified\": \"2025-07-31T12:03:03+00:00\",\n\t            \"breadcrumb\": {\n\t                \"@id\": \"https:\/\/www.vita.sk\/program-dba-it-management\/#breadcrumb\"\n\t            },\n\t            \"inLanguage\": \"en-US\",\n\t            \"potentialAction\": [\n\t                {\n\t                    \"@type\": \"ReadAction\",\n\t                    \"target\": [\n\t                        \"https:\/\/www.vita.sk\/program-dba-it-management\/\"\n\t                    ]\n\t                }\n\t            ]\n\t        },\n\t        {\n\t            \"@type\": \"ImageObject\",\n\t            \"inLanguage\": \"en-US\",\n\t            \"@id\": \"https:\/\/www.vita.sk\/program-dba-it-management\/#primaryimage\",\n\t            \"url\": \"https:\/\/www.vita.sk\/wp-content\/uploads\/2025\/02\/dba-it-management.png\",\n\t            \"contentUrl\": \"https:\/\/www.vita.sk\/wp-content\/uploads\/2025\/02\/dba-it-management.png\",\n\t            \"width\": 360,\n\t            \"height\": 360,\n\t            \"caption\": \"Program DBA IT Management\"\n\t        },\n\t        {\n\t            \"@type\": \"BreadcrumbList\",\n\t            \"@id\": \"https:\/\/www.vita.sk\/program-dba-it-management\/#breadcrumb\",\n\t            \"itemListElement\": [\n\t                {\n\t                    \"@type\": \"ListItem\",\n\t                    \"position\": 1,\n\t                    \"name\": \"VITA Academy\",\n\t                    \"item\": \"https:\/\/www.vita.sk\/en\/\"\n\t                },\n\t                {\n\t                    \"@type\": \"ListItem\",\n\t                    \"position\": 2,\n\t                    \"name\": \"Shop\",\n\t                    \"item\": \"https:\/\/www.vita.sk\/shop\/\"\n\t                },\n\t                {\n\t                    \"@type\": \"ListItem\",\n\t                    \"position\": 3,\n\t                    \"name\": \"Online Profesijn\u00e9 Tituly MBA, DBA, MPA, MSc.\",\n\t                    \"item\": \"https:\/\/www.vita.sk\/online-kurzy-pracovne-pozicie-mba-dba-mpa-msc\/\"\n\t                },\n\t                {\n\t                    \"@type\": \"ListItem\",\n\t                    \"position\": 4,\n\t                    \"name\": \"Program DBA IT Management\"\n\t                }\n\t            ]\n\t        },\n\t        {\n\t            \"@type\": \"WebSite\",\n\t            \"@id\": \"https:\/\/www.vita.sk\/#website\",\n\t            \"url\": \"https:\/\/www.vita.sk\/\",\n\t            \"name\": \"VITA\",\n\t            \"description\": \"\",\n\t            \"publisher\": {\n\t                \"@id\": \"https:\/\/www.vita.sk\/#organization\"\n\t            },\n\t            \"potentialAction\": [\n\t                {\n\t                    \"@type\": \"SearchAction\",\n\t                    \"target\": {\n\t                        \"@type\": \"EntryPoint\",\n\t                        \"urlTemplate\": \"https:\/\/www.vita.sk\/?s={search_term_string}\"\n\t                    },\n\t                    \"query-input\": {\n\t                        \"@type\": \"PropertyValueSpecification\",\n\t                        \"valueRequired\": true,\n\t                        \"valueName\": \"search_term_string\"\n\t                    }\n\t                }\n\t            ],\n\t            \"inLanguage\": \"en-US\"\n\t        },\n\t        {\n\t            \"email\": \"admin@vita.sk\",\n\t            \"logo\": \"https:\/\/www.vita.sk\/img\/vita_logo.png \",\n\t            \"address\": {\n\t                \"type\": \"PostalAddress\",\n\t                \"streetAddress\": \"Tom\u00e1\u0161ikova 50\/A\",\n\t                \"addressLocality\": \"Bratislava\",\n\t                \"postalCode\": \"83104\",\n\t                \"addressCountry\": {\n\t                    \"name\": \"SK\",\n\t                    \"type\": \"Country\"\n\t                }\n\t            },\n\t            \"contactPoint\": {\n\t                \"type\": \"ContactPoint\",\n\t                \"telephone\": \"+421 907 375\u00a0543\",\n\t                \"Email\": \"admin@vita.sk\",\n\t                \"contactType\": \"customer service\"\n\t            },\n\t            \"sameAs\": [\n\t                \"https:\/\/www.facebook.com\/VitaAcademySK\/\",\n\t                \"https:\/\/www.linkedin.com\/company\/vita-academy\/\"\n\t            ]\n\t        }\n\t    ]\n\t}<\/script>\n<!-- \/ Yoast SEO Premium plugin. -->","yoast_head_json":{"title":"Program DBA IT Management 2026 | VITA","robots":{"index":"index","follow":"follow","max-snippet":"max-snippet:-1","max-image-preview":"max-image-preview:large","max-video-preview":"max-video-preview:-1"},"canonical":"https:\/\/www.vita.sk\/program-dba-it-management\/","og_locale":"en_US","og_type":"article","og_title":"Program DBA IT Management","og_description":"Vzdel\u00e1vac\u00ed program DBA IT Management je pre v\u00e1s ide\u00e1lny, ak sa chcete nau\u010di\u0165 pou\u017e\u00edva\u0165 n\u00e1stroje a techniky z oblasti riadenia \u013eudsk\u00fdch zdrojov, marketingu, financi\u00ed, podnikate\u013estva a aplikova\u0165 ich v organiz\u00e1ci\u00e1ch. Ide o vzdel\u00e1vac\u00ed program na z\u00edskanie profesijn\u00e9ho titulu DBA (Doctor of Business Administration). Program DBA je zameran\u00fd na oblas\u0165 riadenia IT, projektov, zdrojov a ich [&hellip;]","og_url":"https:\/\/www.vita.sk\/program-dba-it-management\/","og_site_name":"VITA","article_publisher":"https:\/\/www.facebook.com\/VitaAcademySK","article_modified_time":"2025-07-31T12:03:03+00:00","og_image":[{"width":360,"height":360,"url":"https:\/\/www.vita.sk\/wp-content\/uploads\/2025\/02\/dba-it-management.png","type":"image\/png"}],"twitter_card":"summary_large_image","twitter_misc":{"Est. reading time":"2 minutes"},"schema":{"@context":"https:\/\/schema.org","@graph":[{"@type":"WebPage","@id":"https:\/\/www.vita.sk\/program-dba-it-management\/","url":"https:\/\/www.vita.sk\/program-dba-it-management\/","name":"Program DBA IT Management {Y} | VITA","isPartOf":{"@id":"https:\/\/www.vita.sk\/#website"},"primaryImageOfPage":{"@id":"https:\/\/www.vita.sk\/program-dba-it-management\/#primaryimage"},"image":{"@id":"https:\/\/www.vita.sk\/program-dba-it-management\/#primaryimage"},"thumbnailUrl":"https:\/\/www.vita.sk\/wp-content\/uploads\/2025\/02\/dba-it-management.png","datePublished":"2024-04-26T08:57:38+00:00","dateModified":"2025-07-31T12:03:03+00:00","breadcrumb":{"@id":"https:\/\/www.vita.sk\/program-dba-it-management\/#breadcrumb"},"inLanguage":"en-US","potentialAction":[{"@type":"ReadAction","target":["https:\/\/www.vita.sk\/program-dba-it-management\/"]}]},{"@type":"ImageObject","inLanguage":"en-US","@id":"https:\/\/www.vita.sk\/program-dba-it-management\/#primaryimage","url":"https:\/\/www.vita.sk\/wp-content\/uploads\/2025\/02\/dba-it-management.png","contentUrl":"https:\/\/www.vita.sk\/wp-content\/uploads\/2025\/02\/dba-it-management.png","width":360,"height":360,"caption":"Program DBA IT Management"},{"@type":"BreadcrumbList","@id":"https:\/\/www.vita.sk\/program-dba-it-management\/#breadcrumb","itemListElement":[{"@type":"ListItem","position":1,"name":"VITA Academy","item":"https:\/\/www.vita.sk\/en\/"},{"@type":"ListItem","position":2,"name":"Shop","item":"https:\/\/www.vita.sk\/shop\/"},{"@type":"ListItem","position":3,"name":"Online Profesijn\u00e9 Tituly MBA, DBA, MPA, MSc.","item":"https:\/\/www.vita.sk\/online-kurzy-pracovne-pozicie-mba-dba-mpa-msc\/"},{"@type":"ListItem","position":4,"name":"Program DBA IT Management"}]},{"@type":"WebSite","@id":"https:\/\/www.vita.sk\/#website","url":"https:\/\/www.vita.sk\/","name":"VITA","description":"","publisher":{"@id":"https:\/\/www.vita.sk\/#organization"},"potentialAction":[{"@type":"SearchAction","target":{"@type":"EntryPoint","urlTemplate":"https:\/\/www.vita.sk\/?s={search_term_string}"},"query-input":{"@type":"PropertyValueSpecification","valueRequired":true,"valueName":"search_term_string"}}],"inLanguage":"en-US"},{"email":"admin@vita.sk","logo":"https:\/\/www.vita.sk\/img\/vita_logo.png ","address":{"type":"PostalAddress","streetAddress":"Tom\u00e1\u0161ikova 50\/A","addressLocality":"Bratislava","postalCode":"83104","addressCountry":{"name":"SK","type":"Country"}},"contactPoint":{"type":"ContactPoint","telephone":"+421 907 375\u00a0543","Email":"admin@vita.sk","contactType":"customer service"},"sameAs":["https:\/\/www.facebook.com\/VitaAcademySK\/","https:\/\/www.linkedin.com\/company\/vita-academy\/"]}]}},"acf":[],"_links":{"self":[{"href":"https:\/\/www.vita.sk\/en\/wp-json\/wp\/v2\/product\/19827","targetHints":{"allow":["GET"]}}],"collection":[{"href":"https:\/\/www.vita.sk\/en\/wp-json\/wp\/v2\/product"}],"about":[{"href":"https:\/\/www.vita.sk\/en\/wp-json\/wp\/v2\/types\/product"}],"author":[{"embeddable":true,"href":"https:\/\/www.vita.sk\/en\/wp-json\/wp\/v2\/users\/4"}],"replies":[{"embeddable":true,"href":"https:\/\/www.vita.sk\/en\/wp-json\/wp\/v2\/comments?post=19827"}],"wp:featuredmedia":[{"embeddable":true,"href":"https:\/\/www.vita.sk\/en\/wp-json\/wp\/v2\/media\/24052"}],"wp:attachment":[{"href":"https:\/\/www.vita.sk\/en\/wp-json\/wp\/v2\/media?parent=19827"}],"wp:term":[{"taxonomy":"product_brand","embeddable":true,"href":"https:\/\/www.vita.sk\/en\/wp-json\/wp\/v2\/product_brand?post=19827"},{"taxonomy":"product_cat","embeddable":true,"href":"https:\/\/www.vita.sk\/en\/wp-json\/wp\/v2\/product_cat?post=19827"},{"taxonomy":"product_tag","embeddable":true,"href":"https:\/\/www.vita.sk\/en\/wp-json\/wp\/v2\/product_tag?post=19827"}],"curies":[{"name":"wp","href":"https:\/\/api.w.org\/{rel}","templated":true}]}}