{"id":19833,"date":"2024-04-30T15:10:32","date_gmt":"2024-04-30T13:10:32","guid":{"rendered":"https:\/\/www.vita.sk\/?post_type=product&#038;p=19833"},"modified":"2024-06-06T14:49:26","modified_gmt":"2024-06-06T12:49:26","slug":"online-kurz-performance-marketing","status":"publish","type":"product","link":"https:\/\/www.vita.sk\/en\/online-kurz-performance-marketing\/","title":{"rendered":"Online kurz Performance Marketing"},"content":{"rendered":"<p>Online kurz Performance Marketing je pre v\u00e1s ide\u00e1lny, ak sa chcete nau\u010di\u0165 techniky performance marketingu a z\u00e1rove\u0148 efekt\u00edvne riadi\u0165 a optimalizova\u0165 marketingov\u00e9 kampane. Nau\u010d\u00edte sa pou\u017e\u00edva\u0165 analytick\u00e9 n\u00e1stroje ako Google Analytics 4 (GA4) na sledovanie v\u00fdkonnosti va\u0161ich kampan\u00ed. Uk\u00e1\u017eeme si ako identifikova\u0165 k\u013e\u00fa\u010dov\u00e9 metriky, dimenzie a vytv\u00e1ra\u0165 cie\u013eov\u00e9 segmenty pre lep\u0161ie cielenie reklamy. Budeme sa venova\u0165 technik\u00e1m optimaliz\u00e1cie konverzi\u00ed, nastavovaniu cie\u013eov \u010di sledovaniu z\u00e1kazn\u00edckych a n\u00e1kupn\u00fdch ciest. Nau\u010d\u00edte sa pracova\u0165 s analytikou na webe a soci\u00e1lnych sie\u0165ach ako LinkedIn, Facebook a YouTube. Osvoj\u00edte si tipy a triky pou\u017e\u00edvania YouTube a LinkedIn pre marketingov\u00e9 \u00fa\u010dely. Ak sa chcete skuto\u010dne nau\u010di\u0165 Performance Marketing, tak toto je ide\u00e1lny online kurz pre v\u00e1s.<\/p>\n<div class=\"course-export\"><\/div>\n","protected":false},"excerpt":{"rendered":"<p>Online kurz Performance Marketing je pre v\u00e1s ide\u00e1lny, ak sa chcete nau\u010di\u0165 techniky performance marketingu a z\u00e1rove\u0148 efekt\u00edvne riadi\u0165 a optimalizova\u0165 marketingov\u00e9 kampane. Nau\u010d\u00edte sa pou\u017e\u00edva\u0165 analytick\u00e9 n\u00e1stroje ako Google Analytics 4 (GA4) na sledovanie v\u00fdkonnosti va\u0161ich kampan\u00ed. Uk\u00e1\u017eeme si ako identifikova\u0165 k\u013e\u00fa\u010dov\u00e9 metriky, dimenzie a vytv\u00e1ra\u0165 cie\u013eov\u00e9 segmenty pre lep\u0161ie cielenie reklamy.","protected":false},"author":4,"featured_media":9896,"comment_status":"closed","ping_status":"closed","template":"","meta":{"_acf_changed":false},"product_brand":[],"product_cat":[70,73],"product_tag":[183,197,230],"class_list":{"0":"post-19833","1":"product","2":"type-product","3":"status-publish","4":"has-post-thumbnail","6":"product_cat-online-kurzy-marketing-reklama-a-pravo","7":"product_cat-bez-kategorie","8":"product_tag-marketing","9":"product_tag-baliky-kurzov-a-predplatne","10":"product_tag-reklama-a-pravo","12":"first","13":"instock","14":"sale","15":"sold-individually","16":"taxable","17":"shipping-taxable","18":"purchasable","19":"product-type-simple"},"yoast_head":"<!-- This site is optimized with the Yoast SEO Premium plugin v25.0 (Yoast SEO v25.0) - https:\/\/yoast.com\/wordpress\/plugins\/seo\/ -->\n<title>Online kurz Performance Marketing  | VITA<\/title>\n<meta name=\"robots\" content=\"index, follow, max-snippet:-1, max-image-preview:large, max-video-preview:-1\" \/>\n<link rel=\"canonical\" href=\"https:\/\/www.vita.sk\/online-kurz-performance-marketing\/\" \/>\n<meta property=\"og:locale\" content=\"en_US\" \/>\n<meta property=\"og:type\" content=\"article\" \/>\n<meta property=\"og:title\" content=\"Online kurz Performance Marketing\" \/>\n<meta property=\"og:description\" content=\"Online kurz Performance Marketing je pre v\u00e1s ide\u00e1lny, ak sa chcete nau\u010di\u0165 techniky performance marketingu a z\u00e1rove\u0148 efekt\u00edvne riadi\u0165 a optimalizova\u0165 marketingov\u00e9 kampane. Nau\u010d\u00edte sa pou\u017e\u00edva\u0165 analytick\u00e9 n\u00e1stroje ako Google Analytics 4 (GA4) na sledovanie v\u00fdkonnosti va\u0161ich kampan\u00ed. Uk\u00e1\u017eeme si ako identifikova\u0165 k\u013e\u00fa\u010dov\u00e9 metriky, dimenzie a vytv\u00e1ra\u0165 cie\u013eov\u00e9 segmenty pre lep\u0161ie cielenie reklamy. Budeme sa [&hellip;]\" \/>\n<meta property=\"og:url\" content=\"https:\/\/www.vita.sk\/online-kurz-performance-marketing\/\" \/>\n<meta property=\"og:site_name\" content=\"VITA\" \/>\n<meta property=\"article:publisher\" content=\"https:\/\/www.facebook.com\/VitaAcademySK\" \/>\n<meta property=\"article:modified_time\" content=\"2024-06-06T12:49:26+00:00\" \/>\n<meta property=\"og:image\" content=\"https:\/\/www.vita.sk\/wp-content\/uploads\/2022\/05\/online-kurz-performance-marketing.png\" \/>\n\t<meta property=\"og:image:width\" content=\"360\" \/>\n\t<meta property=\"og:image:height\" content=\"360\" \/>\n\t<meta property=\"og:image:type\" content=\"image\/png\" \/>\n<meta name=\"twitter:card\" content=\"summary_large_image\" \/>\n<meta name=\"twitter:label1\" content=\"Est. reading time\" \/>\n\t<meta name=\"twitter:data1\" content=\"1 minute\" \/>\n<script type=\"application\/ld+json\" class=\"yoast-schema-graph\">{\n\t    \"@context\": \"https:\/\/schema.org\",\n\t    \"@graph\": [\n\t        {\n\t            \"@type\": \"WebPage\",\n\t            \"@id\": \"https:\/\/www.vita.sk\/online-kurz-performance-marketing\/\",\n\t            \"url\": \"https:\/\/www.vita.sk\/online-kurz-performance-marketing\/\",\n\t            \"name\": \"Online kurz Performance Marketing 2024 | VITA\",\n\t            \"isPartOf\": {\n\t                \"@id\": \"https:\/\/www.vita.sk\/#website\"\n\t            },\n\t            \"primaryImageOfPage\": {\n\t                \"@id\": \"https:\/\/www.vita.sk\/online-kurz-performance-marketing\/#primaryimage\"\n\t            },\n\t            \"image\": {\n\t                \"@id\": \"https:\/\/www.vita.sk\/online-kurz-performance-marketing\/#primaryimage\"\n\t            },\n\t            \"thumbnailUrl\": \"https:\/\/www.vita.sk\/wp-content\/uploads\/2022\/05\/online-kurz-performance-marketing.png\",\n\t            \"datePublished\": \"2024-04-30T13:10:32+00:00\",\n\t            \"dateModified\": \"2024-06-06T12:49:26+00:00\",\n\t            \"breadcrumb\": {\n\t                \"@id\": \"https:\/\/www.vita.sk\/online-kurz-performance-marketing\/#breadcrumb\"\n\t            },\n\t            \"inLanguage\": \"en-US\",\n\t            \"potentialAction\": [\n\t                {\n\t                    \"@type\": \"ReadAction\",\n\t                    \"target\": [\n\t                        \"https:\/\/www.vita.sk\/online-kurz-performance-marketing\/\"\n\t                    ]\n\t                }\n\t            ]\n\t        },\n\t        {\n\t            \"@type\": \"ImageObject\",\n\t            \"inLanguage\": \"en-US\",\n\t            \"@id\": \"https:\/\/www.vita.sk\/online-kurz-performance-marketing\/#primaryimage\",\n\t            \"url\": \"https:\/\/www.vita.sk\/wp-content\/uploads\/2022\/05\/online-kurz-performance-marketing.png\",\n\t            \"contentUrl\": \"https:\/\/www.vita.sk\/wp-content\/uploads\/2022\/05\/online-kurz-performance-marketing.png\",\n\t            \"width\": 360,\n\t            \"height\": 360\n\t        },\n\t        {\n\t            \"@type\": \"BreadcrumbList\",\n\t            \"@id\": \"https:\/\/www.vita.sk\/online-kurz-performance-marketing\/#breadcrumb\",\n\t            \"itemListElement\": [\n\t                {\n\t                    \"@type\": \"ListItem\",\n\t                    \"position\": 1,\n\t                    \"name\": \"VITA Academy\",\n\t                    \"item\": \"https:\/\/www.vita.sk\/en\/\"\n\t                },\n\t                {\n\t                    \"@type\": \"ListItem\",\n\t                    \"position\": 2,\n\t                    \"name\": \"Shop\",\n\t                    \"item\": \"https:\/\/www.vita.sk\/shop\/\"\n\t                },\n\t                {\n\t                    \"@type\": \"ListItem\",\n\t                    \"position\": 3,\n\t                    \"name\": \"Marketing, Reklama a Pr\u00e1vo\",\n\t                    \"item\": \"https:\/\/www.vita.sk\/online-kurzy-marketing-reklama-a-pravo\/\"\n\t                },\n\t                {\n\t                    \"@type\": \"ListItem\",\n\t                    \"position\": 4,\n\t                    \"name\": \"Online kurz Performance Marketing\"\n\t                }\n\t            ]\n\t        },\n\t        {\n\t            \"@type\": \"WebSite\",\n\t            \"@id\": \"https:\/\/www.vita.sk\/#website\",\n\t            \"url\": \"https:\/\/www.vita.sk\/\",\n\t            \"name\": \"VITA\",\n\t            \"description\": \"\",\n\t            \"publisher\": {\n\t                \"@id\": \"https:\/\/www.vita.sk\/#organization\"\n\t            },\n\t            \"potentialAction\": [\n\t                {\n\t                    \"@type\": \"SearchAction\",\n\t                    \"target\": {\n\t                        \"@type\": \"EntryPoint\",\n\t                        \"urlTemplate\": \"https:\/\/www.vita.sk\/?s={search_term_string}\"\n\t                    },\n\t                    \"query-input\": {\n\t                        \"@type\": \"PropertyValueSpecification\",\n\t                        \"valueRequired\": true,\n\t                        \"valueName\": \"search_term_string\"\n\t                    }\n\t                }\n\t            ],\n\t            \"inLanguage\": \"en-US\"\n\t        },\n\t        {\n\t            \"email\": \"admin@vita.sk\",\n\t            \"logo\": \"https:\/\/www.vita.sk\/img\/vita_logo.png \",\n\t            \"address\": {\n\t                \"type\": \"PostalAddress\",\n\t                \"streetAddress\": \"Tom\u00e1\u0161ikova 50\/A\",\n\t                \"addressLocality\": \"Bratislava\",\n\t                \"postalCode\": \"83104\",\n\t                \"addressCountry\": {\n\t                    \"name\": \"SK\",\n\t                    \"type\": \"Country\"\n\t                }\n\t            },\n\t            \"contactPoint\": {\n\t                \"type\": \"ContactPoint\",\n\t                \"telephone\": \"+421 907 375\u00a0543\",\n\t                \"Email\": \"admin@vita.sk\",\n\t                \"contactType\": \"customer service\"\n\t            },\n\t            \"sameAs\": [\n\t                \"https:\/\/www.facebook.com\/VitaAcademySK\/\",\n\t                \"https:\/\/www.linkedin.com\/company\/vita-academy\/\"\n\t            ]\n\t        }\n\t    ]\n\t}<\/script>\n<!-- \/ Yoast SEO Premium plugin. -->","yoast_head_json":{"title":"Online kurz Performance Marketing  | VITA","robots":{"index":"index","follow":"follow","max-snippet":"max-snippet:-1","max-image-preview":"max-image-preview:large","max-video-preview":"max-video-preview:-1"},"canonical":"https:\/\/www.vita.sk\/online-kurz-performance-marketing\/","og_locale":"en_US","og_type":"article","og_title":"Online kurz Performance Marketing","og_description":"Online kurz Performance Marketing je pre v\u00e1s ide\u00e1lny, ak sa chcete nau\u010di\u0165 techniky performance marketingu a z\u00e1rove\u0148 efekt\u00edvne riadi\u0165 a optimalizova\u0165 marketingov\u00e9 kampane. Nau\u010d\u00edte sa pou\u017e\u00edva\u0165 analytick\u00e9 n\u00e1stroje ako Google Analytics 4 (GA4) na sledovanie v\u00fdkonnosti va\u0161ich kampan\u00ed. Uk\u00e1\u017eeme si ako identifikova\u0165 k\u013e\u00fa\u010dov\u00e9 metriky, dimenzie a vytv\u00e1ra\u0165 cie\u013eov\u00e9 segmenty pre lep\u0161ie cielenie reklamy. Budeme sa [&hellip;]","og_url":"https:\/\/www.vita.sk\/online-kurz-performance-marketing\/","og_site_name":"VITA","article_publisher":"https:\/\/www.facebook.com\/VitaAcademySK","article_modified_time":"2024-06-06T12:49:26+00:00","og_image":[{"width":360,"height":360,"url":"https:\/\/www.vita.sk\/wp-content\/uploads\/2022\/05\/online-kurz-performance-marketing.png","type":"image\/png"}],"twitter_card":"summary_large_image","twitter_misc":{"Est. reading time":"1 minute"},"schema":{"@context":"https:\/\/schema.org","@graph":[{"@type":"WebPage","@id":"https:\/\/www.vita.sk\/online-kurz-performance-marketing\/","url":"https:\/\/www.vita.sk\/online-kurz-performance-marketing\/","name":"Online kurz Performance Marketing 2024 | VITA","isPartOf":{"@id":"https:\/\/www.vita.sk\/#website"},"primaryImageOfPage":{"@id":"https:\/\/www.vita.sk\/online-kurz-performance-marketing\/#primaryimage"},"image":{"@id":"https:\/\/www.vita.sk\/online-kurz-performance-marketing\/#primaryimage"},"thumbnailUrl":"https:\/\/www.vita.sk\/wp-content\/uploads\/2022\/05\/online-kurz-performance-marketing.png","datePublished":"2024-04-30T13:10:32+00:00","dateModified":"2024-06-06T12:49:26+00:00","breadcrumb":{"@id":"https:\/\/www.vita.sk\/online-kurz-performance-marketing\/#breadcrumb"},"inLanguage":"en-US","potentialAction":[{"@type":"ReadAction","target":["https:\/\/www.vita.sk\/online-kurz-performance-marketing\/"]}]},{"@type":"ImageObject","inLanguage":"en-US","@id":"https:\/\/www.vita.sk\/online-kurz-performance-marketing\/#primaryimage","url":"https:\/\/www.vita.sk\/wp-content\/uploads\/2022\/05\/online-kurz-performance-marketing.png","contentUrl":"https:\/\/www.vita.sk\/wp-content\/uploads\/2022\/05\/online-kurz-performance-marketing.png","width":360,"height":360},{"@type":"BreadcrumbList","@id":"https:\/\/www.vita.sk\/online-kurz-performance-marketing\/#breadcrumb","itemListElement":[{"@type":"ListItem","position":1,"name":"VITA Academy","item":"https:\/\/www.vita.sk\/en\/"},{"@type":"ListItem","position":2,"name":"Shop","item":"https:\/\/www.vita.sk\/shop\/"},{"@type":"ListItem","position":3,"name":"Marketing, Reklama a Pr\u00e1vo","item":"https:\/\/www.vita.sk\/online-kurzy-marketing-reklama-a-pravo\/"},{"@type":"ListItem","position":4,"name":"Online kurz Performance Marketing"}]},{"@type":"WebSite","@id":"https:\/\/www.vita.sk\/#website","url":"https:\/\/www.vita.sk\/","name":"VITA","description":"","publisher":{"@id":"https:\/\/www.vita.sk\/#organization"},"potentialAction":[{"@type":"SearchAction","target":{"@type":"EntryPoint","urlTemplate":"https:\/\/www.vita.sk\/?s={search_term_string}"},"query-input":{"@type":"PropertyValueSpecification","valueRequired":true,"valueName":"search_term_string"}}],"inLanguage":"en-US"},{"email":"admin@vita.sk","logo":"https:\/\/www.vita.sk\/img\/vita_logo.png ","address":{"type":"PostalAddress","streetAddress":"Tom\u00e1\u0161ikova 50\/A","addressLocality":"Bratislava","postalCode":"83104","addressCountry":{"name":"SK","type":"Country"}},"contactPoint":{"type":"ContactPoint","telephone":"+421 907 375\u00a0543","Email":"admin@vita.sk","contactType":"customer service"},"sameAs":["https:\/\/www.facebook.com\/VitaAcademySK\/","https:\/\/www.linkedin.com\/company\/vita-academy\/"]}]}},"acf":[],"_links":{"self":[{"href":"https:\/\/www.vita.sk\/en\/wp-json\/wp\/v2\/product\/19833","targetHints":{"allow":["GET"]}}],"collection":[{"href":"https:\/\/www.vita.sk\/en\/wp-json\/wp\/v2\/product"}],"about":[{"href":"https:\/\/www.vita.sk\/en\/wp-json\/wp\/v2\/types\/product"}],"author":[{"embeddable":true,"href":"https:\/\/www.vita.sk\/en\/wp-json\/wp\/v2\/users\/4"}],"replies":[{"embeddable":true,"href":"https:\/\/www.vita.sk\/en\/wp-json\/wp\/v2\/comments?post=19833"}],"wp:featuredmedia":[{"embeddable":true,"href":"https:\/\/www.vita.sk\/en\/wp-json\/wp\/v2\/media\/9896"}],"wp:attachment":[{"href":"https:\/\/www.vita.sk\/en\/wp-json\/wp\/v2\/media?parent=19833"}],"wp:term":[{"taxonomy":"product_brand","embeddable":true,"href":"https:\/\/www.vita.sk\/en\/wp-json\/wp\/v2\/product_brand?post=19833"},{"taxonomy":"product_cat","embeddable":true,"href":"https:\/\/www.vita.sk\/en\/wp-json\/wp\/v2\/product_cat?post=19833"},{"taxonomy":"product_tag","embeddable":true,"href":"https:\/\/www.vita.sk\/en\/wp-json\/wp\/v2\/product_tag?post=19833"}],"curies":[{"name":"wp","href":"https:\/\/api.w.org\/{rel}","templated":true}]}}