{"id":20309,"date":"2024-05-22T14:53:46","date_gmt":"2024-05-22T12:53:46","guid":{"rendered":"https:\/\/www.vita.sk\/?post_type=product&#038;p=20309"},"modified":"2026-03-17T20:18:07","modified_gmt":"2026-03-17T19:18:07","slug":"balik-projektovy-specialista-projektovy-manazer","status":"publish","type":"product","link":"https:\/\/www.vita.sk\/en\/balik-projektovy-specialista-projektovy-manazer\/","title":{"rendered":"Bal\u00edk Projektov\u00fd \u0160pecialista (Projektov\u00fd Mana\u017e\u00e9r)"},"content":{"rendered":"<p>Bal\u00edk Projektov\u00fd \u0160pecialista (Projektov\u00fd Mana\u017e\u00e9r) je pre v\u00e1s ide\u00e1lny, ak ste zodpovedn\u00fd za riadenie projektu alebo sa chcete sta\u0165 \u010dlenom projektov\u00e9ho t\u00edmu. Ide o\u00a0<strong>Bal\u00edk online akreditovan\u00fdch kurzov ur\u010den\u00fd na Preplatenie \u00daradom pr\u00e1ce<\/strong>\u00a0(<strong>Projekt Zru\u010dnosti pre trh pr\u00e1ce<\/strong>). Osvoj\u00edte si modelovacie jazyky UML a BPMN na identifik\u00e1ciu a zaznamenanie podnikov\u00fdch procesov. Obozn\u00e1mime v\u00e1s s procesn\u00fdmi typmi, s\u00e9mantikou procesu a jednotliv\u00fdmi elementmi. Uk\u00e1\u017eeme v\u00e1m r\u00f4zne typy diagramov, osvoj\u00edte si tvary, udalosti, br\u00e1ny, odkazy a kontajnery. Budete vedie\u0165 spracov\u00e1va\u0165 po\u017eiadavky a optimalizova\u0165 priebeh podnikov\u00fdch procesov. Nau\u010d\u00edte sa programova\u0165 v jazyku R, analyzova\u0165 a spracova\u0165 d\u00e1ta pomocou tabuliek a grafov. Budete ovl\u00e1da\u0165\u00a0z\u00e1sady prvotn\u00e9ho nasadenia SOA a z\u00e1kladn\u00e9 bezpe\u010dnostn\u00e9 princ\u00edpy.\u00a0<strong>\u00darad pr\u00e1ce v\u00e1m preplat\u00ed cel\u00fd bal\u00edk online kurzov.<\/strong><\/p>\n","protected":false},"excerpt":{"rendered":"<p>Bal\u00edk Projektov\u00fd \u0160pecialista (Projektov\u00fd Mana\u017e\u00e9r) je pre v\u00e1s ide\u00e1lny, ak ste zodpovedn\u00fd za riadenie projektu alebo sa chcete sta\u0165 \u010dlenom projektov\u00e9ho t\u00edmu. Ide o\u00a0Bal\u00edk online akreditovan\u00fdch kurzov ur\u010den\u00fd na Preplatenie \u00daradom pr\u00e1ce\u00a0(Projekt Zru\u010dnosti pre trh pr\u00e1ce). Osvoj\u00edte si modelovacie jazyky UML a BPMN na identifik\u00e1ciu a zaznamenanie podnikov\u00fdch procesov.","protected":false},"author":4,"featured_media":9902,"comment_status":"closed","ping_status":"closed","template":"","meta":{"_acf_changed":false},"product_brand":[],"product_cat":[615],"product_tag":[187,197,444],"class_list":{"0":"post-20309","1":"product","2":"type-product","3":"status-publish","4":"has-post-thumbnail","6":"product_cat-online-kurzy-urad-prace-zrucnosti-pre-trh-prace","7":"product_tag-kancelarske-baliky","8":"product_tag-baliky-kurzov-a-predplatne","9":"product_tag-projektovy-management","11":"first","12":"instock","13":"sold-individually","14":"taxable","15":"shipping-taxable","16":"purchasable","17":"product-type-simple"},"yoast_head":"<!-- This site is optimized with the Yoast SEO Premium plugin v25.0 (Yoast SEO v25.0) - https:\/\/yoast.com\/wordpress\/plugins\/seo\/ -->\n<title>Bal\u00edk Projektov\u00fd \u0160pecialista (Projektov\u00fd Mana\u017e\u00e9r) 2026 | VITA<\/title>\n<meta name=\"robots\" content=\"index, follow, max-snippet:-1, max-image-preview:large, max-video-preview:-1\" \/>\n<link rel=\"canonical\" href=\"https:\/\/www.vita.sk\/balik-projektovy-specialista-projektovy-manazer\/\" \/>\n<meta property=\"og:locale\" content=\"en_US\" \/>\n<meta property=\"og:type\" content=\"article\" \/>\n<meta property=\"og:title\" content=\"Bal\u00edk Projektov\u00fd \u0160pecialista (Projektov\u00fd Mana\u017e\u00e9r)\" \/>\n<meta property=\"og:description\" content=\"Bal\u00edk Projektov\u00fd \u0160pecialista (Projektov\u00fd Mana\u017e\u00e9r) je pre v\u00e1s ide\u00e1lny, ak ste zodpovedn\u00fd za riadenie projektu alebo sa chcete sta\u0165 \u010dlenom projektov\u00e9ho t\u00edmu. Ide o\u00a0Bal\u00edk online akreditovan\u00fdch kurzov ur\u010den\u00fd na Preplatenie \u00daradom pr\u00e1ce\u00a0(Projekt Zru\u010dnosti pre trh pr\u00e1ce). Osvoj\u00edte si modelovacie jazyky UML a BPMN na identifik\u00e1ciu a zaznamenanie podnikov\u00fdch procesov. Obozn\u00e1mime v\u00e1s s procesn\u00fdmi typmi, s\u00e9mantikou [&hellip;]\" \/>\n<meta property=\"og:url\" content=\"https:\/\/www.vita.sk\/balik-projektovy-specialista-projektovy-manazer\/\" \/>\n<meta property=\"og:site_name\" content=\"VITA\" \/>\n<meta property=\"article:publisher\" content=\"https:\/\/www.facebook.com\/VitaAcademySK\" \/>\n<meta property=\"article:modified_time\" content=\"2026-03-17T19:18:07+00:00\" \/>\n<meta property=\"og:image\" content=\"https:\/\/www.vita.sk\/wp-content\/uploads\/2022\/05\/online-kurz-Projektovy-Management.png\" \/>\n\t<meta property=\"og:image:width\" content=\"360\" \/>\n\t<meta property=\"og:image:height\" content=\"360\" \/>\n\t<meta property=\"og:image:type\" content=\"image\/png\" \/>\n<meta name=\"twitter:card\" content=\"summary_large_image\" \/>\n<meta name=\"twitter:label1\" content=\"Est. reading time\" \/>\n\t<meta name=\"twitter:data1\" content=\"1 minute\" \/>\n<script type=\"application\/ld+json\" class=\"yoast-schema-graph\">{\n\t    \"@context\": \"https:\/\/schema.org\",\n\t    \"@graph\": [\n\t        {\n\t            \"@type\": \"WebPage\",\n\t            \"@id\": \"https:\/\/www.vita.sk\/balik-projektovy-specialista-projektovy-manazer\/\",\n\t            \"url\": \"https:\/\/www.vita.sk\/balik-projektovy-specialista-projektovy-manazer\/\",\n\t            \"name\": \"Bal\u00edk Projektov\u00fd \u0160pecialista (Projektov\u00fd Mana\u017e\u00e9r) {Y} | VITA\",\n\t            \"isPartOf\": {\n\t                \"@id\": \"https:\/\/www.vita.sk\/#website\"\n\t            },\n\t            \"primaryImageOfPage\": {\n\t                \"@id\": \"https:\/\/www.vita.sk\/balik-projektovy-specialista-projektovy-manazer\/#primaryimage\"\n\t            },\n\t            \"image\": {\n\t                \"@id\": \"https:\/\/www.vita.sk\/balik-projektovy-specialista-projektovy-manazer\/#primaryimage\"\n\t            },\n\t            \"thumbnailUrl\": \"https:\/\/www.vita.sk\/wp-content\/uploads\/2022\/05\/online-kurz-Projektovy-Management.png\",\n\t            \"datePublished\": \"2024-05-22T12:53:46+00:00\",\n\t            \"dateModified\": \"2026-03-17T19:18:07+00:00\",\n\t            \"breadcrumb\": {\n\t                \"@id\": \"https:\/\/www.vita.sk\/balik-projektovy-specialista-projektovy-manazer\/#breadcrumb\"\n\t            },\n\t            \"inLanguage\": \"en-US\",\n\t            \"potentialAction\": [\n\t                {\n\t                    \"@type\": \"ReadAction\",\n\t                    \"target\": [\n\t                        \"https:\/\/www.vita.sk\/balik-projektovy-specialista-projektovy-manazer\/\"\n\t                    ]\n\t                }\n\t            ]\n\t        },\n\t        {\n\t            \"@type\": \"ImageObject\",\n\t            \"inLanguage\": \"en-US\",\n\t            \"@id\": \"https:\/\/www.vita.sk\/balik-projektovy-specialista-projektovy-manazer\/#primaryimage\",\n\t            \"url\": \"https:\/\/www.vita.sk\/wp-content\/uploads\/2022\/05\/online-kurz-Projektovy-Management.png\",\n\t            \"contentUrl\": \"https:\/\/www.vita.sk\/wp-content\/uploads\/2022\/05\/online-kurz-Projektovy-Management.png\",\n\t            \"width\": 360,\n\t            \"height\": 360\n\t        },\n\t        {\n\t            \"@type\": \"BreadcrumbList\",\n\t            \"@id\": \"https:\/\/www.vita.sk\/balik-projektovy-specialista-projektovy-manazer\/#breadcrumb\",\n\t            \"itemListElement\": [\n\t                {\n\t                    \"@type\": \"ListItem\",\n\t                    \"position\": 1,\n\t                    \"name\": \"VITA Academy\",\n\t                    \"item\": \"https:\/\/www.vita.sk\/en\/\"\n\t                },\n\t                {\n\t                    \"@type\": \"ListItem\",\n\t                    \"position\": 2,\n\t                    \"name\": \"Shop\",\n\t                    \"item\": \"https:\/\/www.vita.sk\/shop\/\"\n\t                },\n\t                {\n\t                    \"@type\": \"ListItem\",\n\t                    \"position\": 3,\n\t                    \"name\": \"Online \u0160kolenia \u00darad Pr\u00e1ce\",\n\t                    \"item\": \"https:\/\/www.vita.sk\/online-kurzy-urad-prace-zrucnosti-pre-trh-prace\/\"\n\t                },\n\t                {\n\t                    \"@type\": \"ListItem\",\n\t                    \"position\": 4,\n\t                    \"name\": \"Bal\u00edk Projektov\u00fd \u0160pecialista (Projektov\u00fd Mana\u017e\u00e9r)\"\n\t                }\n\t            ]\n\t        },\n\t        {\n\t            \"@type\": \"WebSite\",\n\t            \"@id\": \"https:\/\/www.vita.sk\/#website\",\n\t            \"url\": \"https:\/\/www.vita.sk\/\",\n\t            \"name\": \"VITA\",\n\t            \"description\": \"\",\n\t            \"publisher\": {\n\t                \"@id\": \"https:\/\/www.vita.sk\/#organization\"\n\t            },\n\t            \"potentialAction\": [\n\t                {\n\t                    \"@type\": \"SearchAction\",\n\t                    \"target\": {\n\t                        \"@type\": \"EntryPoint\",\n\t                        \"urlTemplate\": \"https:\/\/www.vita.sk\/?s={search_term_string}\"\n\t                    },\n\t                    \"query-input\": {\n\t                        \"@type\": \"PropertyValueSpecification\",\n\t                        \"valueRequired\": true,\n\t                        \"valueName\": \"search_term_string\"\n\t                    }\n\t                }\n\t            ],\n\t            \"inLanguage\": \"en-US\"\n\t        },\n\t        {\n\t            \"email\": \"admin@vita.sk\",\n\t            \"logo\": \"https:\/\/www.vita.sk\/img\/vita_logo.png \",\n\t            \"address\": {\n\t                \"type\": \"PostalAddress\",\n\t                \"streetAddress\": \"Tom\u00e1\u0161ikova 50\/A\",\n\t                \"addressLocality\": \"Bratislava\",\n\t                \"postalCode\": \"83104\",\n\t                \"addressCountry\": {\n\t                    \"name\": \"SK\",\n\t                    \"type\": \"Country\"\n\t                }\n\t            },\n\t            \"contactPoint\": {\n\t                \"type\": \"ContactPoint\",\n\t                \"telephone\": \"+421 907 375\u00a0543\",\n\t                \"Email\": \"admin@vita.sk\",\n\t                \"contactType\": \"customer service\"\n\t            },\n\t            \"sameAs\": [\n\t                \"https:\/\/www.facebook.com\/VitaAcademySK\/\",\n\t                \"https:\/\/www.linkedin.com\/company\/vita-academy\/\"\n\t            ]\n\t        }\n\t    ]\n\t}<\/script>\n<!-- \/ Yoast SEO Premium plugin. -->","yoast_head_json":{"title":"Bal\u00edk Projektov\u00fd \u0160pecialista (Projektov\u00fd Mana\u017e\u00e9r) 2026 | VITA","robots":{"index":"index","follow":"follow","max-snippet":"max-snippet:-1","max-image-preview":"max-image-preview:large","max-video-preview":"max-video-preview:-1"},"canonical":"https:\/\/www.vita.sk\/balik-projektovy-specialista-projektovy-manazer\/","og_locale":"en_US","og_type":"article","og_title":"Bal\u00edk Projektov\u00fd \u0160pecialista (Projektov\u00fd Mana\u017e\u00e9r)","og_description":"Bal\u00edk Projektov\u00fd \u0160pecialista (Projektov\u00fd Mana\u017e\u00e9r) je pre v\u00e1s ide\u00e1lny, ak ste zodpovedn\u00fd za riadenie projektu alebo sa chcete sta\u0165 \u010dlenom projektov\u00e9ho t\u00edmu. Ide o\u00a0Bal\u00edk online akreditovan\u00fdch kurzov ur\u010den\u00fd na Preplatenie \u00daradom pr\u00e1ce\u00a0(Projekt Zru\u010dnosti pre trh pr\u00e1ce). Osvoj\u00edte si modelovacie jazyky UML a BPMN na identifik\u00e1ciu a zaznamenanie podnikov\u00fdch procesov. Obozn\u00e1mime v\u00e1s s procesn\u00fdmi typmi, s\u00e9mantikou [&hellip;]","og_url":"https:\/\/www.vita.sk\/balik-projektovy-specialista-projektovy-manazer\/","og_site_name":"VITA","article_publisher":"https:\/\/www.facebook.com\/VitaAcademySK","article_modified_time":"2026-03-17T19:18:07+00:00","og_image":[{"width":360,"height":360,"url":"https:\/\/www.vita.sk\/wp-content\/uploads\/2022\/05\/online-kurz-Projektovy-Management.png","type":"image\/png"}],"twitter_card":"summary_large_image","twitter_misc":{"Est. reading time":"1 minute"},"schema":{"@context":"https:\/\/schema.org","@graph":[{"@type":"WebPage","@id":"https:\/\/www.vita.sk\/balik-projektovy-specialista-projektovy-manazer\/","url":"https:\/\/www.vita.sk\/balik-projektovy-specialista-projektovy-manazer\/","name":"Bal\u00edk Projektov\u00fd \u0160pecialista (Projektov\u00fd Mana\u017e\u00e9r) {Y} | VITA","isPartOf":{"@id":"https:\/\/www.vita.sk\/#website"},"primaryImageOfPage":{"@id":"https:\/\/www.vita.sk\/balik-projektovy-specialista-projektovy-manazer\/#primaryimage"},"image":{"@id":"https:\/\/www.vita.sk\/balik-projektovy-specialista-projektovy-manazer\/#primaryimage"},"thumbnailUrl":"https:\/\/www.vita.sk\/wp-content\/uploads\/2022\/05\/online-kurz-Projektovy-Management.png","datePublished":"2024-05-22T12:53:46+00:00","dateModified":"2026-03-17T19:18:07+00:00","breadcrumb":{"@id":"https:\/\/www.vita.sk\/balik-projektovy-specialista-projektovy-manazer\/#breadcrumb"},"inLanguage":"en-US","potentialAction":[{"@type":"ReadAction","target":["https:\/\/www.vita.sk\/balik-projektovy-specialista-projektovy-manazer\/"]}]},{"@type":"ImageObject","inLanguage":"en-US","@id":"https:\/\/www.vita.sk\/balik-projektovy-specialista-projektovy-manazer\/#primaryimage","url":"https:\/\/www.vita.sk\/wp-content\/uploads\/2022\/05\/online-kurz-Projektovy-Management.png","contentUrl":"https:\/\/www.vita.sk\/wp-content\/uploads\/2022\/05\/online-kurz-Projektovy-Management.png","width":360,"height":360},{"@type":"BreadcrumbList","@id":"https:\/\/www.vita.sk\/balik-projektovy-specialista-projektovy-manazer\/#breadcrumb","itemListElement":[{"@type":"ListItem","position":1,"name":"VITA Academy","item":"https:\/\/www.vita.sk\/en\/"},{"@type":"ListItem","position":2,"name":"Shop","item":"https:\/\/www.vita.sk\/shop\/"},{"@type":"ListItem","position":3,"name":"Online \u0160kolenia \u00darad Pr\u00e1ce","item":"https:\/\/www.vita.sk\/online-kurzy-urad-prace-zrucnosti-pre-trh-prace\/"},{"@type":"ListItem","position":4,"name":"Bal\u00edk Projektov\u00fd \u0160pecialista (Projektov\u00fd Mana\u017e\u00e9r)"}]},{"@type":"WebSite","@id":"https:\/\/www.vita.sk\/#website","url":"https:\/\/www.vita.sk\/","name":"VITA","description":"","publisher":{"@id":"https:\/\/www.vita.sk\/#organization"},"potentialAction":[{"@type":"SearchAction","target":{"@type":"EntryPoint","urlTemplate":"https:\/\/www.vita.sk\/?s={search_term_string}"},"query-input":{"@type":"PropertyValueSpecification","valueRequired":true,"valueName":"search_term_string"}}],"inLanguage":"en-US"},{"email":"admin@vita.sk","logo":"https:\/\/www.vita.sk\/img\/vita_logo.png ","address":{"type":"PostalAddress","streetAddress":"Tom\u00e1\u0161ikova 50\/A","addressLocality":"Bratislava","postalCode":"83104","addressCountry":{"name":"SK","type":"Country"}},"contactPoint":{"type":"ContactPoint","telephone":"+421 907 375\u00a0543","Email":"admin@vita.sk","contactType":"customer service"},"sameAs":["https:\/\/www.facebook.com\/VitaAcademySK\/","https:\/\/www.linkedin.com\/company\/vita-academy\/"]}]}},"acf":[],"_links":{"self":[{"href":"https:\/\/www.vita.sk\/en\/wp-json\/wp\/v2\/product\/20309","targetHints":{"allow":["GET"]}}],"collection":[{"href":"https:\/\/www.vita.sk\/en\/wp-json\/wp\/v2\/product"}],"about":[{"href":"https:\/\/www.vita.sk\/en\/wp-json\/wp\/v2\/types\/product"}],"author":[{"embeddable":true,"href":"https:\/\/www.vita.sk\/en\/wp-json\/wp\/v2\/users\/4"}],"replies":[{"embeddable":true,"href":"https:\/\/www.vita.sk\/en\/wp-json\/wp\/v2\/comments?post=20309"}],"wp:featuredmedia":[{"embeddable":true,"href":"https:\/\/www.vita.sk\/en\/wp-json\/wp\/v2\/media\/9902"}],"wp:attachment":[{"href":"https:\/\/www.vita.sk\/en\/wp-json\/wp\/v2\/media?parent=20309"}],"wp:term":[{"taxonomy":"product_brand","embeddable":true,"href":"https:\/\/www.vita.sk\/en\/wp-json\/wp\/v2\/product_brand?post=20309"},{"taxonomy":"product_cat","embeddable":true,"href":"https:\/\/www.vita.sk\/en\/wp-json\/wp\/v2\/product_cat?post=20309"},{"taxonomy":"product_tag","embeddable":true,"href":"https:\/\/www.vita.sk\/en\/wp-json\/wp\/v2\/product_tag?post=20309"}],"curies":[{"name":"wp","href":"https:\/\/api.w.org\/{rel}","templated":true}]}}