{"id":20523,"date":"2024-06-06T09:48:58","date_gmt":"2024-06-06T07:48:58","guid":{"rendered":"https:\/\/www.vita.sk\/?post_type=product&#038;p=20523"},"modified":"2024-12-09T16:31:52","modified_gmt":"2024-12-09T15:31:52","slug":"online-kurz-sap-query","status":"publish","type":"product","link":"https:\/\/www.vita.sk\/en\/online-kurz-sap-query\/","title":{"rendered":"Online kurz SAP Query a Tvorba Reportov\u00a0v SAPe"},"content":{"rendered":"<p>Online kurz SAP Query je pre v\u00e1s ide\u00e1lny, ak sa chcete nau\u010di\u0165 pracova\u0165 so syst\u00e9mom SAP, orientova\u0165 sa v jeho rozhran\u00ed a pou\u017e\u00edva\u0165 pokro\u010dil\u00e9 funkcie.<strong> Ide o jedin\u00fd akreditovan\u00fd a certifikovan\u00fd kurz na SAP Query na Slovensku. <\/strong>Na kurze si osvoj\u00edte si pr\u00e1cu s bezplatn\u00fdm n\u00e1strojom SAP Tutor, ktor\u00fd je vhodn\u00fd na tr\u00e9ning pr\u00edkladov a pou\u017e\u00edvanie praktick\u00fdch simul\u00e1ci\u00ed. Kurz v\u00e1m tie\u017e umo\u017en\u00ed osvoji\u0165 si architekt\u00faru SAP NetWeaver, vr\u00e1tane jeho hlavn\u00fdch komponentov a funkci\u00ed. Uk\u00e1\u017eeme si ako spr\u00e1vne navigova\u0165 v SAP menu a prisp\u00f4sobi\u0165 ho tak, aby vyhovovalo pracovn\u00fdm potreb\u00e1m a preferenci\u00e1m. Osvoj\u00edte si SAP\u00a0Easy Access Menu pre r\u00fdchly pr\u00edstup k funkci\u00e1m. Povieme si aj o SAP moduloch a transakci\u00e1ch. Prichystali sme pre v\u00e1s aj kompletn\u00fd n\u00e1vod ako si zaobstara\u0165 alebo nain\u0161talova\u0165 SAP na svojom po\u010d\u00edta\u010di, ak budete chcie\u0165 tr\u00e9nova\u0165 naostro.\u00a0Nau\u010d\u00edte sa vytv\u00e1ra\u0165, prisp\u00f4sobova\u0165 a optimalizova\u0165 transakcie, automatizova\u0165 obchodn\u00e9 procesy pomocou transakci\u00ed, zabezpe\u010di\u0165 spr\u00e1vu a bezpe\u010dnos\u0165 transakci\u00ed v syst\u00e9me. Ak sa chcete skuto\u010dne nau\u010di\u0165 pou\u017e\u00edva\u0165 SAP Query, tak toto je ide\u00e1lny online kurz pre v\u00e1s.<\/p>\n","protected":false},"excerpt":{"rendered":"<p>Online kurz SAP Query je pre v\u00e1s ide\u00e1lny, ak sa chcete nau\u010di\u0165 pracova\u0165 so syst\u00e9mom SAP, orientova\u0165 sa v jeho rozhran\u00ed a pou\u017e\u00edva\u0165 pokro\u010dil\u00e9 funkcie. Ide o jedin\u00fd akreditovan\u00fd a certifikovan\u00fd kurz na SAP Query na Slovensku.","protected":false},"author":4,"featured_media":18874,"comment_status":"closed","ping_status":"closed","template":"","meta":{"_acf_changed":false},"product_brand":[],"product_cat":[113,111,73],"product_tag":[23,181,197],"class_list":{"0":"post-20523","1":"product","2":"type-product","3":"status-publish","4":"has-post-thumbnail","6":"product_cat-online-kurzy-sap","7":"product_cat-online-kurzy-sap-a-abap","8":"product_cat-bez-kategorie","9":"product_tag-sap","10":"product_tag-sap-a-abap","11":"product_tag-baliky-kurzov-a-predplatne","13":"first","14":"instock","15":"sale","16":"sold-individually","17":"taxable","18":"shipping-taxable","19":"purchasable","20":"product-type-simple"},"yoast_head":"<!-- This site is optimized with the Yoast SEO Premium plugin v25.0 (Yoast SEO v25.0) - https:\/\/yoast.com\/wordpress\/plugins\/seo\/ -->\n<title>Online kurz SAP Query a Tvorba Reportov\u00a0v SAPe  | VITA<\/title>\n<meta name=\"robots\" content=\"index, follow, max-snippet:-1, max-image-preview:large, max-video-preview:-1\" \/>\n<link rel=\"canonical\" href=\"https:\/\/www.vita.sk\/online-kurz-sap-query\/\" \/>\n<meta property=\"og:locale\" content=\"en_US\" \/>\n<meta property=\"og:type\" content=\"article\" \/>\n<meta property=\"og:title\" content=\"Online kurz SAP Query a Tvorba Reportov\u00a0v SAPe\" \/>\n<meta property=\"og:description\" content=\"Online kurz SAP Query je pre v\u00e1s ide\u00e1lny, ak sa chcete nau\u010di\u0165 pracova\u0165 so syst\u00e9mom SAP, orientova\u0165 sa v jeho rozhran\u00ed a pou\u017e\u00edva\u0165 pokro\u010dil\u00e9 funkcie. Ide o jedin\u00fd akreditovan\u00fd a certifikovan\u00fd kurz na SAP Query na Slovensku. Na kurze si osvoj\u00edte si pr\u00e1cu s bezplatn\u00fdm n\u00e1strojom SAP Tutor, ktor\u00fd je vhodn\u00fd na tr\u00e9ning pr\u00edkladov a [&hellip;]\" \/>\n<meta property=\"og:url\" content=\"https:\/\/www.vita.sk\/online-kurz-sap-query\/\" \/>\n<meta property=\"og:site_name\" content=\"VITA\" \/>\n<meta property=\"article:publisher\" content=\"https:\/\/www.facebook.com\/VitaAcademySK\" \/>\n<meta property=\"article:modified_time\" content=\"2024-12-09T15:31:52+00:00\" \/>\n<meta property=\"og:image\" content=\"https:\/\/www.vita.sk\/wp-content\/uploads\/2024\/03\/kurz-sap.png\" \/>\n\t<meta property=\"og:image:width\" content=\"360\" \/>\n\t<meta property=\"og:image:height\" content=\"360\" \/>\n\t<meta property=\"og:image:type\" content=\"image\/png\" \/>\n<meta name=\"twitter:card\" content=\"summary_large_image\" \/>\n<meta name=\"twitter:label1\" content=\"Est. reading time\" \/>\n\t<meta name=\"twitter:data1\" content=\"1 minute\" \/>\n<script type=\"application\/ld+json\" class=\"yoast-schema-graph\">{\n\t    \"@context\": \"https:\/\/schema.org\",\n\t    \"@graph\": [\n\t        {\n\t            \"@type\": \"WebPage\",\n\t            \"@id\": \"https:\/\/www.vita.sk\/online-kurz-sap-query\/\",\n\t            \"url\": \"https:\/\/www.vita.sk\/online-kurz-sap-query\/\",\n\t            \"name\": \"Online kurz SAP Query a Tvorba Reportov\u00a0v SAPe 2024 | VITA\",\n\t            \"isPartOf\": {\n\t                \"@id\": \"https:\/\/www.vita.sk\/#website\"\n\t            },\n\t            \"primaryImageOfPage\": {\n\t                \"@id\": \"https:\/\/www.vita.sk\/online-kurz-sap-query\/#primaryimage\"\n\t            },\n\t            \"image\": {\n\t                \"@id\": \"https:\/\/www.vita.sk\/online-kurz-sap-query\/#primaryimage\"\n\t            },\n\t            \"thumbnailUrl\": \"https:\/\/www.vita.sk\/wp-content\/uploads\/2024\/03\/kurz-sap.png\",\n\t            \"datePublished\": \"2024-06-06T07:48:58+00:00\",\n\t            \"dateModified\": \"2024-12-09T15:31:52+00:00\",\n\t            \"breadcrumb\": {\n\t                \"@id\": \"https:\/\/www.vita.sk\/online-kurz-sap-query\/#breadcrumb\"\n\t            },\n\t            \"inLanguage\": \"en-US\",\n\t            \"potentialAction\": [\n\t                {\n\t                    \"@type\": \"ReadAction\",\n\t                    \"target\": [\n\t                        \"https:\/\/www.vita.sk\/online-kurz-sap-query\/\"\n\t                    ]\n\t                }\n\t            ]\n\t        },\n\t        {\n\t            \"@type\": \"ImageObject\",\n\t            \"inLanguage\": \"en-US\",\n\t            \"@id\": \"https:\/\/www.vita.sk\/online-kurz-sap-query\/#primaryimage\",\n\t            \"url\": \"https:\/\/www.vita.sk\/wp-content\/uploads\/2024\/03\/kurz-sap.png\",\n\t            \"contentUrl\": \"https:\/\/www.vita.sk\/wp-content\/uploads\/2024\/03\/kurz-sap.png\",\n\t            \"width\": 360,\n\t            \"height\": 360\n\t        },\n\t        {\n\t            \"@type\": \"BreadcrumbList\",\n\t            \"@id\": \"https:\/\/www.vita.sk\/online-kurz-sap-query\/#breadcrumb\",\n\t            \"itemListElement\": [\n\t                {\n\t                    \"@type\": \"ListItem\",\n\t                    \"position\": 1,\n\t                    \"name\": \"VITA Academy\",\n\t                    \"item\": \"https:\/\/www.vita.sk\/en\/\"\n\t                },\n\t                {\n\t                    \"@type\": \"ListItem\",\n\t                    \"position\": 2,\n\t                    \"name\": \"Shop\",\n\t                    \"item\": \"https:\/\/www.vita.sk\/shop\/\"\n\t                },\n\t                {\n\t                    \"@type\": \"ListItem\",\n\t                    \"position\": 3,\n\t                    \"name\": \"SAP a ABAP\",\n\t                    \"item\": \"https:\/\/www.vita.sk\/online-kurzy-sap-a-abap\/\"\n\t                },\n\t                {\n\t                    \"@type\": \"ListItem\",\n\t                    \"position\": 4,\n\t                    \"name\": \"SAP\",\n\t                    \"item\": \"https:\/\/www.vita.sk\/online-kurzy-sap\/\"\n\t                },\n\t                {\n\t                    \"@type\": \"ListItem\",\n\t                    \"position\": 5,\n\t                    \"name\": \"Online kurz SAP Query a Tvorba Reportov\u00a0v SAPe\"\n\t                }\n\t            ]\n\t        },\n\t        {\n\t            \"@type\": \"WebSite\",\n\t            \"@id\": \"https:\/\/www.vita.sk\/#website\",\n\t            \"url\": \"https:\/\/www.vita.sk\/\",\n\t            \"name\": \"VITA\",\n\t            \"description\": \"\",\n\t            \"publisher\": {\n\t                \"@id\": \"https:\/\/www.vita.sk\/#organization\"\n\t            },\n\t            \"potentialAction\": [\n\t                {\n\t                    \"@type\": \"SearchAction\",\n\t                    \"target\": {\n\t                        \"@type\": \"EntryPoint\",\n\t                        \"urlTemplate\": \"https:\/\/www.vita.sk\/?s={search_term_string}\"\n\t                    },\n\t                    \"query-input\": {\n\t                        \"@type\": \"PropertyValueSpecification\",\n\t                        \"valueRequired\": true,\n\t                        \"valueName\": \"search_term_string\"\n\t                    }\n\t                }\n\t            ],\n\t            \"inLanguage\": \"en-US\"\n\t        },\n\t        {\n\t            \"email\": \"admin@vita.sk\",\n\t            \"logo\": \"https:\/\/www.vita.sk\/img\/vita_logo.png \",\n\t            \"address\": {\n\t                \"type\": \"PostalAddress\",\n\t                \"streetAddress\": \"Tom\u00e1\u0161ikova 50\/A\",\n\t                \"addressLocality\": \"Bratislava\",\n\t                \"postalCode\": \"83104\",\n\t                \"addressCountry\": {\n\t                    \"name\": \"SK\",\n\t                    \"type\": \"Country\"\n\t                }\n\t            },\n\t            \"contactPoint\": {\n\t                \"type\": \"ContactPoint\",\n\t                \"telephone\": \"+421 907 375\u00a0543\",\n\t                \"Email\": \"admin@vita.sk\",\n\t                \"contactType\": \"customer service\"\n\t            },\n\t            \"sameAs\": [\n\t                \"https:\/\/www.facebook.com\/VitaAcademySK\/\",\n\t                \"https:\/\/www.linkedin.com\/company\/vita-academy\/\"\n\t            ]\n\t        }\n\t    ]\n\t}<\/script>\n<!-- \/ Yoast SEO Premium plugin. -->","yoast_head_json":{"title":"Online kurz SAP Query a Tvorba Reportov\u00a0v SAPe  | VITA","robots":{"index":"index","follow":"follow","max-snippet":"max-snippet:-1","max-image-preview":"max-image-preview:large","max-video-preview":"max-video-preview:-1"},"canonical":"https:\/\/www.vita.sk\/online-kurz-sap-query\/","og_locale":"en_US","og_type":"article","og_title":"Online kurz SAP Query a Tvorba Reportov\u00a0v SAPe","og_description":"Online kurz SAP Query je pre v\u00e1s ide\u00e1lny, ak sa chcete nau\u010di\u0165 pracova\u0165 so syst\u00e9mom SAP, orientova\u0165 sa v jeho rozhran\u00ed a pou\u017e\u00edva\u0165 pokro\u010dil\u00e9 funkcie. Ide o jedin\u00fd akreditovan\u00fd a certifikovan\u00fd kurz na SAP Query na Slovensku. Na kurze si osvoj\u00edte si pr\u00e1cu s bezplatn\u00fdm n\u00e1strojom SAP Tutor, ktor\u00fd je vhodn\u00fd na tr\u00e9ning pr\u00edkladov a [&hellip;]","og_url":"https:\/\/www.vita.sk\/online-kurz-sap-query\/","og_site_name":"VITA","article_publisher":"https:\/\/www.facebook.com\/VitaAcademySK","article_modified_time":"2024-12-09T15:31:52+00:00","og_image":[{"width":360,"height":360,"url":"https:\/\/www.vita.sk\/wp-content\/uploads\/2024\/03\/kurz-sap.png","type":"image\/png"}],"twitter_card":"summary_large_image","twitter_misc":{"Est. reading time":"1 minute"},"schema":{"@context":"https:\/\/schema.org","@graph":[{"@type":"WebPage","@id":"https:\/\/www.vita.sk\/online-kurz-sap-query\/","url":"https:\/\/www.vita.sk\/online-kurz-sap-query\/","name":"Online kurz SAP Query a Tvorba Reportov\u00a0v SAPe 2024 | VITA","isPartOf":{"@id":"https:\/\/www.vita.sk\/#website"},"primaryImageOfPage":{"@id":"https:\/\/www.vita.sk\/online-kurz-sap-query\/#primaryimage"},"image":{"@id":"https:\/\/www.vita.sk\/online-kurz-sap-query\/#primaryimage"},"thumbnailUrl":"https:\/\/www.vita.sk\/wp-content\/uploads\/2024\/03\/kurz-sap.png","datePublished":"2024-06-06T07:48:58+00:00","dateModified":"2024-12-09T15:31:52+00:00","breadcrumb":{"@id":"https:\/\/www.vita.sk\/online-kurz-sap-query\/#breadcrumb"},"inLanguage":"en-US","potentialAction":[{"@type":"ReadAction","target":["https:\/\/www.vita.sk\/online-kurz-sap-query\/"]}]},{"@type":"ImageObject","inLanguage":"en-US","@id":"https:\/\/www.vita.sk\/online-kurz-sap-query\/#primaryimage","url":"https:\/\/www.vita.sk\/wp-content\/uploads\/2024\/03\/kurz-sap.png","contentUrl":"https:\/\/www.vita.sk\/wp-content\/uploads\/2024\/03\/kurz-sap.png","width":360,"height":360},{"@type":"BreadcrumbList","@id":"https:\/\/www.vita.sk\/online-kurz-sap-query\/#breadcrumb","itemListElement":[{"@type":"ListItem","position":1,"name":"VITA Academy","item":"https:\/\/www.vita.sk\/en\/"},{"@type":"ListItem","position":2,"name":"Shop","item":"https:\/\/www.vita.sk\/shop\/"},{"@type":"ListItem","position":3,"name":"SAP a ABAP","item":"https:\/\/www.vita.sk\/online-kurzy-sap-a-abap\/"},{"@type":"ListItem","position":4,"name":"SAP","item":"https:\/\/www.vita.sk\/online-kurzy-sap\/"},{"@type":"ListItem","position":5,"name":"Online kurz SAP Query a Tvorba Reportov\u00a0v SAPe"}]},{"@type":"WebSite","@id":"https:\/\/www.vita.sk\/#website","url":"https:\/\/www.vita.sk\/","name":"VITA","description":"","publisher":{"@id":"https:\/\/www.vita.sk\/#organization"},"potentialAction":[{"@type":"SearchAction","target":{"@type":"EntryPoint","urlTemplate":"https:\/\/www.vita.sk\/?s={search_term_string}"},"query-input":{"@type":"PropertyValueSpecification","valueRequired":true,"valueName":"search_term_string"}}],"inLanguage":"en-US"},{"email":"admin@vita.sk","logo":"https:\/\/www.vita.sk\/img\/vita_logo.png ","address":{"type":"PostalAddress","streetAddress":"Tom\u00e1\u0161ikova 50\/A","addressLocality":"Bratislava","postalCode":"83104","addressCountry":{"name":"SK","type":"Country"}},"contactPoint":{"type":"ContactPoint","telephone":"+421 907 375\u00a0543","Email":"admin@vita.sk","contactType":"customer service"},"sameAs":["https:\/\/www.facebook.com\/VitaAcademySK\/","https:\/\/www.linkedin.com\/company\/vita-academy\/"]}]}},"acf":[],"_links":{"self":[{"href":"https:\/\/www.vita.sk\/en\/wp-json\/wp\/v2\/product\/20523","targetHints":{"allow":["GET"]}}],"collection":[{"href":"https:\/\/www.vita.sk\/en\/wp-json\/wp\/v2\/product"}],"about":[{"href":"https:\/\/www.vita.sk\/en\/wp-json\/wp\/v2\/types\/product"}],"author":[{"embeddable":true,"href":"https:\/\/www.vita.sk\/en\/wp-json\/wp\/v2\/users\/4"}],"replies":[{"embeddable":true,"href":"https:\/\/www.vita.sk\/en\/wp-json\/wp\/v2\/comments?post=20523"}],"wp:featuredmedia":[{"embeddable":true,"href":"https:\/\/www.vita.sk\/en\/wp-json\/wp\/v2\/media\/18874"}],"wp:attachment":[{"href":"https:\/\/www.vita.sk\/en\/wp-json\/wp\/v2\/media?parent=20523"}],"wp:term":[{"taxonomy":"product_brand","embeddable":true,"href":"https:\/\/www.vita.sk\/en\/wp-json\/wp\/v2\/product_brand?post=20523"},{"taxonomy":"product_cat","embeddable":true,"href":"https:\/\/www.vita.sk\/en\/wp-json\/wp\/v2\/product_cat?post=20523"},{"taxonomy":"product_tag","embeddable":true,"href":"https:\/\/www.vita.sk\/en\/wp-json\/wp\/v2\/product_tag?post=20523"}],"curies":[{"name":"wp","href":"https:\/\/api.w.org\/{rel}","templated":true}]}}