{"id":21582,"date":"2024-09-10T10:05:09","date_gmt":"2024-09-10T08:05:09","guid":{"rendered":"https:\/\/www.vita.sk\/?post_type=product&#038;p=21582"},"modified":"2025-12-07T18:44:06","modified_gmt":"2025-12-07T17:44:06","slug":"online-kurz-ako-zalozit-a-zacat-s-eshopom","status":"publish","type":"product","link":"https:\/\/www.vita.sk\/en\/online-kurz-ako-zalozit-a-zacat-s-eshopom\/","title":{"rendered":"Online kurz Ako Zalo\u017ei\u0165 a Za\u010da\u0165 s Eshopom"},"content":{"rendered":"<p>Online kurz Ako Zalo\u017ei\u0165 a Za\u010da\u0165 s Eshopom je pre v\u00e1s ide\u00e1lny, ak sa chcete nau\u010di\u0165 systematicky vytvori\u0165, nastavi\u0165 a prev\u00e1dzkova\u0165 vlastn\u00fd eshop vr\u00e1tane technick\u00fdch, obsahov\u00fdch, finan\u010dn\u00fdch a legislat\u00edvnych n\u00e1le\u017eitost\u00ed. <strong>Ide o akreditovan\u00fd a certifikovan\u00fd kurz na zalo\u017eenia eshopu a WordPress WooCommerce. <\/strong>V tomto kurze sa nau\u010d\u00edme orientova\u0165 v dostupn\u00fdch eshopov\u00fdch rie\u0161eniach, pochopi\u0165 ich rozdiely a vybra\u0165 vhodn\u00fa platformu pod\u013ea typu podnikania. Z\u00edskame schopnos\u0165 pripravi\u0165 kvalitn\u00e9 zadanie (Brief) pre n\u00e1vrh eshopu, vykona\u0165 predimplementa\u010dn\u00fa anal\u00fdzu a efekt\u00edvne vyu\u017ei\u0165 AI n\u00e1stroje pri pr\u00edpravnej aj realiza\u010dnej f\u00e1ze projektu. Kurz predstavuje aj k\u013e\u00fa\u010dov\u00e9 webov\u00e9 \u0161tatistiky zo Slovenska a ukazuje praktick\u00e9 mo\u017enosti testovania a u\u010denia sa cez WordPress Playground, WP Local a Kinsta. Podrobne si osvoj\u00edme postup zalo\u017eenia eshopu, tvorbu produktov, spr\u00e1vu obsahu a pochop\u00edme, ako funguje WooCommerce ako jadro cel\u00e9ho rie\u0161enia. V pokra\u010dovan\u00ed sa zameriavame na spr\u00e1vne nastavenie WooCommerce vr\u00e1tane platieb, dopravy, skladov\u00e9ho hospod\u00e1rstva, faktur\u00e1cie a da\u0148ov\u00fdch pravidiel. Nau\u010d\u00edme sa pracova\u0165 s exportom a importom produktov, spr\u00e1vne pou\u017e\u00edva\u0165 r\u00f4zne typy WooCommerce produktov a efekt\u00edvne ich spravova\u0165. Osvoj\u00edme si z\u00e1kladn\u00e9 aj pokro\u010dil\u00e9 princ\u00edpy finan\u010dn\u00e9ho riadenia eshopu, spracovania objedn\u00e1vok a preh\u013eadov\u00e9ho hodnotenia ekonomickej v\u00fdkonnosti firmy. Kurz \u010falej zah\u0155\u0148a k\u013e\u00fa\u010dov\u00e9 pr\u00e1vne oblasti podnikania v online prostred\u00ed. Nau\u010d\u00edme sa, \u010do je GDPR a NIS2, ako ovplyv\u0148uj\u00fa prev\u00e1dzku eshopu a ktor\u00e9 povinnosti mus\u00ed obchodn\u00edk splni\u0165, aby bol v s\u00falade s legislat\u00edvou. Venova\u0165 sa budeme aj pr\u00e1vu eshopov vr\u00e1tane povinn\u00fdch dokumentov, reklama\u010dn\u00e9ho poriadku, obchodn\u00fdch podmienok, informovanosti z\u00e1kazn\u00edka a n\u00e1le\u017eitost\u00ed bezpe\u010dnej prev\u00e1dzky. Po absolvovan\u00ed kurzu budete schopn\u00ed zalo\u017ei\u0165 eshop od nuly, spr\u00e1vne ho nastavi\u0165, spravova\u0165 produkty, pracova\u0165 s finan\u010dn\u00fdmi procesmi, implementova\u0165 k\u013e\u00fa\u010dov\u00e9 pr\u00e1vne po\u017eiadavky a riadi\u0165 technick\u00fa aj obsahov\u00fa \u010das\u0165 prev\u00e1dzky. Ak sa chcete skuto\u010dne nau\u010di\u0165 zalo\u017ei\u0165 svoj vlastn\u00fd eshop, tento online kurz je pre v\u00e1s ide\u00e1lnou vo\u013ebou.<\/p>\n","protected":false},"excerpt":{"rendered":"<p>Online kurz Ako Zalo\u017ei\u0165 a Za\u010da\u0165 s Eshopom v\u00e1s nau\u010d\u00ed vytvori\u0165, nastavi\u0165 a spusti\u0165 vlastn\u00fd eshop vr\u00e1tane pr\u00e1ce s WooCommerce, produktmi, platbami, dopravou a pr\u00e1vnymi po\u017eiadavkami. Z\u00edskate praktick\u00e9 zru\u010dnosti potrebn\u00e9 na prev\u00e1dzku \u00faspe\u0161n\u00e9ho online obchodu.","protected":false},"author":4,"featured_media":4314,"comment_status":"closed","ping_status":"closed","template":"","meta":{"_acf_changed":false},"product_brand":[],"product_cat":[465,70],"product_tag":[616],"class_list":{"0":"post-21582","1":"product","2":"type-product","3":"status-publish","4":"has-post-thumbnail","6":"product_cat-podnikanie-a-eshop","7":"product_cat-online-kurzy-marketing-reklama-a-pravo","8":"product_tag-podnikanie-a-eshop","10":"first","11":"instock","12":"sale","13":"sold-individually","14":"taxable","15":"shipping-taxable","16":"purchasable","17":"product-type-simple"},"yoast_head":"<!-- This site is optimized with the Yoast SEO Premium plugin v25.0 (Yoast SEO v25.0) - https:\/\/yoast.com\/wordpress\/plugins\/seo\/ -->\n<title>Online kurz Ako Zalo\u017ei\u0165 a Za\u010da\u0165 s Eshopom | VITA<\/title>\n<meta name=\"description\" content=\"Online kurz Ako zalo\u017ei\u0165 a za\u010da\u0165 s eshopom je pre v\u00e1s ide\u00e1lny, ak chcete zalo\u017ei\u0165 svoj vlastn\u00fd eshop a za\u010da\u0165 pred\u00e1va\u0165 produkty na internete. \u2705\" \/>\n<meta name=\"robots\" content=\"index, follow, max-snippet:-1, max-image-preview:large, max-video-preview:-1\" \/>\n<link rel=\"canonical\" href=\"https:\/\/www.vita.sk\/online-kurz-ako-zalozit-a-zacat-s-eshopom\/\" \/>\n<meta property=\"og:locale\" content=\"en_US\" \/>\n<meta property=\"og:type\" content=\"article\" \/>\n<meta property=\"og:title\" content=\"Online kurz Ako Zalo\u017ei\u0165 a Za\u010da\u0165 s Eshopom\" \/>\n<meta property=\"og:description\" content=\"Online kurz Ako zalo\u017ei\u0165 a za\u010da\u0165 s eshopom je pre v\u00e1s ide\u00e1lny, ak chcete zalo\u017ei\u0165 svoj vlastn\u00fd eshop a za\u010da\u0165 pred\u00e1va\u0165 produkty na internete. \u2705\" \/>\n<meta property=\"og:url\" content=\"https:\/\/www.vita.sk\/online-kurz-ako-zalozit-a-zacat-s-eshopom\/\" \/>\n<meta property=\"og:site_name\" content=\"VITA\" \/>\n<meta property=\"article:publisher\" content=\"https:\/\/www.facebook.com\/VitaAcademySK\" \/>\n<meta property=\"article:modified_time\" content=\"2025-12-07T17:44:06+00:00\" \/>\n<meta property=\"og:image\" content=\"https:\/\/www.vita.sk\/wp-content\/uploads\/2020\/11\/kurz-Zakladame-eshop.png\" \/>\n\t<meta property=\"og:image:width\" content=\"360\" \/>\n\t<meta property=\"og:image:height\" content=\"360\" \/>\n\t<meta property=\"og:image:type\" content=\"image\/png\" \/>\n<meta name=\"twitter:card\" content=\"summary_large_image\" \/>\n<meta name=\"twitter:label1\" content=\"Est. reading time\" \/>\n\t<meta name=\"twitter:data1\" content=\"2 minutes\" \/>\n<script type=\"application\/ld+json\" class=\"yoast-schema-graph\">{\n\t    \"@context\": \"https:\/\/schema.org\",\n\t    \"@graph\": [\n\t        {\n\t            \"@type\": \"WebPage\",\n\t            \"@id\": \"https:\/\/www.vita.sk\/online-kurz-ako-zalozit-a-zacat-s-eshopom\/\",\n\t            \"url\": \"https:\/\/www.vita.sk\/online-kurz-ako-zalozit-a-zacat-s-eshopom\/\",\n\t            \"name\": \"Online kurz Ako Zalo\u017ei\u0165 a Za\u010da\u0165 s Eshopom | VITA\",\n\t            \"isPartOf\": {\n\t                \"@id\": \"https:\/\/www.vita.sk\/#website\"\n\t            },\n\t            \"primaryImageOfPage\": {\n\t                \"@id\": \"https:\/\/www.vita.sk\/online-kurz-ako-zalozit-a-zacat-s-eshopom\/#primaryimage\"\n\t            },\n\t            \"image\": {\n\t                \"@id\": \"https:\/\/www.vita.sk\/online-kurz-ako-zalozit-a-zacat-s-eshopom\/#primaryimage\"\n\t            },\n\t            \"thumbnailUrl\": \"https:\/\/www.vita.sk\/wp-content\/uploads\/2020\/11\/kurz-Zakladame-eshop.png\",\n\t            \"datePublished\": \"2024-09-10T08:05:09+00:00\",\n\t            \"dateModified\": \"2025-12-07T17:44:06+00:00\",\n\t            \"description\": \"Online kurz Ako zalo\u017ei\u0165 a za\u010da\u0165 s eshopom je pre v\u00e1s ide\u00e1lny, ak chcete zalo\u017ei\u0165 svoj vlastn\u00fd eshop a za\u010da\u0165 pred\u00e1va\u0165 produkty na internete. \u2705\",\n\t            \"breadcrumb\": {\n\t                \"@id\": \"https:\/\/www.vita.sk\/online-kurz-ako-zalozit-a-zacat-s-eshopom\/#breadcrumb\"\n\t            },\n\t            \"inLanguage\": \"en-US\",\n\t            \"potentialAction\": [\n\t                {\n\t                    \"@type\": \"ReadAction\",\n\t                    \"target\": [\n\t                        \"https:\/\/www.vita.sk\/online-kurz-ako-zalozit-a-zacat-s-eshopom\/\"\n\t                    ]\n\t                }\n\t            ]\n\t        },\n\t        {\n\t            \"@type\": \"ImageObject\",\n\t            \"inLanguage\": \"en-US\",\n\t            \"@id\": \"https:\/\/www.vita.sk\/online-kurz-ako-zalozit-a-zacat-s-eshopom\/#primaryimage\",\n\t            \"url\": \"https:\/\/www.vita.sk\/wp-content\/uploads\/2020\/11\/kurz-Zakladame-eshop.png\",\n\t            \"contentUrl\": \"https:\/\/www.vita.sk\/wp-content\/uploads\/2020\/11\/kurz-Zakladame-eshop.png\",\n\t            \"width\": 360,\n\t            \"height\": 360,\n\t            \"caption\": \"Online kurz Zaklad\u00e1me Eshop\"\n\t        },\n\t        {\n\t            \"@type\": \"BreadcrumbList\",\n\t            \"@id\": \"https:\/\/www.vita.sk\/online-kurz-ako-zalozit-a-zacat-s-eshopom\/#breadcrumb\",\n\t            \"itemListElement\": [\n\t                {\n\t                    \"@type\": \"ListItem\",\n\t                    \"position\": 1,\n\t                    \"name\": \"VITA Academy\",\n\t                    \"item\": \"https:\/\/www.vita.sk\/en\/\"\n\t                },\n\t                {\n\t                    \"@type\": \"ListItem\",\n\t                    \"position\": 2,\n\t                    \"name\": \"Shop\",\n\t                    \"item\": \"https:\/\/www.vita.sk\/shop\/\"\n\t                },\n\t                {\n\t                    \"@type\": \"ListItem\",\n\t                    \"position\": 3,\n\t                    \"name\": \"Marketing, Reklama a Pr\u00e1vo\",\n\t                    \"item\": \"https:\/\/www.vita.sk\/online-kurzy-marketing-reklama-a-pravo\/\"\n\t                },\n\t                {\n\t                    \"@type\": \"ListItem\",\n\t                    \"position\": 4,\n\t                    \"name\": \"Podnikanie a Eshop\",\n\t                    \"item\": \"https:\/\/www.vita.sk\/podnikanie-a-eshop\/\"\n\t                },\n\t                {\n\t                    \"@type\": \"ListItem\",\n\t                    \"position\": 5,\n\t                    \"name\": \"Online kurz Ako Zalo\u017ei\u0165 a Za\u010da\u0165 s Eshopom\"\n\t                }\n\t            ]\n\t        },\n\t        {\n\t            \"@type\": \"WebSite\",\n\t            \"@id\": \"https:\/\/www.vita.sk\/#website\",\n\t            \"url\": \"https:\/\/www.vita.sk\/\",\n\t            \"name\": \"VITA\",\n\t            \"description\": \"\",\n\t            \"publisher\": {\n\t                \"@id\": \"https:\/\/www.vita.sk\/#organization\"\n\t            },\n\t            \"potentialAction\": [\n\t                {\n\t                    \"@type\": \"SearchAction\",\n\t                    \"target\": {\n\t                        \"@type\": \"EntryPoint\",\n\t                        \"urlTemplate\": \"https:\/\/www.vita.sk\/?s={search_term_string}\"\n\t                    },\n\t                    \"query-input\": {\n\t                        \"@type\": \"PropertyValueSpecification\",\n\t                        \"valueRequired\": true,\n\t                        \"valueName\": \"search_term_string\"\n\t                    }\n\t                }\n\t            ],\n\t            \"inLanguage\": \"en-US\"\n\t        },\n\t        {\n\t            \"email\": \"admin@vita.sk\",\n\t            \"logo\": \"https:\/\/www.vita.sk\/img\/vita_logo.png \",\n\t            \"address\": {\n\t                \"type\": \"PostalAddress\",\n\t                \"streetAddress\": \"Tom\u00e1\u0161ikova 50\/A\",\n\t                \"addressLocality\": \"Bratislava\",\n\t                \"postalCode\": \"83104\",\n\t                \"addressCountry\": {\n\t                    \"name\": \"SK\",\n\t                    \"type\": \"Country\"\n\t                }\n\t            },\n\t            \"contactPoint\": {\n\t                \"type\": \"ContactPoint\",\n\t                \"telephone\": \"+421 907 375\u00a0543\",\n\t                \"Email\": \"admin@vita.sk\",\n\t                \"contactType\": \"customer service\"\n\t            },\n\t            \"sameAs\": [\n\t                \"https:\/\/www.facebook.com\/VitaAcademySK\/\",\n\t                \"https:\/\/www.linkedin.com\/company\/vita-academy\/\"\n\t            ]\n\t        }\n\t    ]\n\t}<\/script>\n<!-- \/ Yoast SEO Premium plugin. -->","yoast_head_json":{"title":"Online kurz Ako Zalo\u017ei\u0165 a Za\u010da\u0165 s Eshopom | VITA","description":"Online kurz Ako zalo\u017ei\u0165 a za\u010da\u0165 s eshopom je pre v\u00e1s ide\u00e1lny, ak chcete zalo\u017ei\u0165 svoj vlastn\u00fd eshop a za\u010da\u0165 pred\u00e1va\u0165 produkty na internete. \u2705","robots":{"index":"index","follow":"follow","max-snippet":"max-snippet:-1","max-image-preview":"max-image-preview:large","max-video-preview":"max-video-preview:-1"},"canonical":"https:\/\/www.vita.sk\/online-kurz-ako-zalozit-a-zacat-s-eshopom\/","og_locale":"en_US","og_type":"article","og_title":"Online kurz Ako Zalo\u017ei\u0165 a Za\u010da\u0165 s Eshopom","og_description":"Online kurz Ako zalo\u017ei\u0165 a za\u010da\u0165 s eshopom je pre v\u00e1s ide\u00e1lny, ak chcete zalo\u017ei\u0165 svoj vlastn\u00fd eshop a za\u010da\u0165 pred\u00e1va\u0165 produkty na internete. \u2705","og_url":"https:\/\/www.vita.sk\/online-kurz-ako-zalozit-a-zacat-s-eshopom\/","og_site_name":"VITA","article_publisher":"https:\/\/www.facebook.com\/VitaAcademySK","article_modified_time":"2025-12-07T17:44:06+00:00","og_image":[{"width":360,"height":360,"url":"https:\/\/www.vita.sk\/wp-content\/uploads\/2020\/11\/kurz-Zakladame-eshop.png","type":"image\/png"}],"twitter_card":"summary_large_image","twitter_misc":{"Est. reading time":"2 minutes"},"schema":{"@context":"https:\/\/schema.org","@graph":[{"@type":"WebPage","@id":"https:\/\/www.vita.sk\/online-kurz-ako-zalozit-a-zacat-s-eshopom\/","url":"https:\/\/www.vita.sk\/online-kurz-ako-zalozit-a-zacat-s-eshopom\/","name":"Online kurz Ako Zalo\u017ei\u0165 a Za\u010da\u0165 s Eshopom | VITA","isPartOf":{"@id":"https:\/\/www.vita.sk\/#website"},"primaryImageOfPage":{"@id":"https:\/\/www.vita.sk\/online-kurz-ako-zalozit-a-zacat-s-eshopom\/#primaryimage"},"image":{"@id":"https:\/\/www.vita.sk\/online-kurz-ako-zalozit-a-zacat-s-eshopom\/#primaryimage"},"thumbnailUrl":"https:\/\/www.vita.sk\/wp-content\/uploads\/2020\/11\/kurz-Zakladame-eshop.png","datePublished":"2024-09-10T08:05:09+00:00","dateModified":"2025-12-07T17:44:06+00:00","description":"Online kurz Ako zalo\u017ei\u0165 a za\u010da\u0165 s eshopom je pre v\u00e1s ide\u00e1lny, ak chcete zalo\u017ei\u0165 svoj vlastn\u00fd eshop a za\u010da\u0165 pred\u00e1va\u0165 produkty na internete. \u2705","breadcrumb":{"@id":"https:\/\/www.vita.sk\/online-kurz-ako-zalozit-a-zacat-s-eshopom\/#breadcrumb"},"inLanguage":"en-US","potentialAction":[{"@type":"ReadAction","target":["https:\/\/www.vita.sk\/online-kurz-ako-zalozit-a-zacat-s-eshopom\/"]}]},{"@type":"ImageObject","inLanguage":"en-US","@id":"https:\/\/www.vita.sk\/online-kurz-ako-zalozit-a-zacat-s-eshopom\/#primaryimage","url":"https:\/\/www.vita.sk\/wp-content\/uploads\/2020\/11\/kurz-Zakladame-eshop.png","contentUrl":"https:\/\/www.vita.sk\/wp-content\/uploads\/2020\/11\/kurz-Zakladame-eshop.png","width":360,"height":360,"caption":"Online kurz Zaklad\u00e1me Eshop"},{"@type":"BreadcrumbList","@id":"https:\/\/www.vita.sk\/online-kurz-ako-zalozit-a-zacat-s-eshopom\/#breadcrumb","itemListElement":[{"@type":"ListItem","position":1,"name":"VITA Academy","item":"https:\/\/www.vita.sk\/en\/"},{"@type":"ListItem","position":2,"name":"Shop","item":"https:\/\/www.vita.sk\/shop\/"},{"@type":"ListItem","position":3,"name":"Marketing, Reklama a Pr\u00e1vo","item":"https:\/\/www.vita.sk\/online-kurzy-marketing-reklama-a-pravo\/"},{"@type":"ListItem","position":4,"name":"Podnikanie a Eshop","item":"https:\/\/www.vita.sk\/podnikanie-a-eshop\/"},{"@type":"ListItem","position":5,"name":"Online kurz Ako Zalo\u017ei\u0165 a Za\u010da\u0165 s Eshopom"}]},{"@type":"WebSite","@id":"https:\/\/www.vita.sk\/#website","url":"https:\/\/www.vita.sk\/","name":"VITA","description":"","publisher":{"@id":"https:\/\/www.vita.sk\/#organization"},"potentialAction":[{"@type":"SearchAction","target":{"@type":"EntryPoint","urlTemplate":"https:\/\/www.vita.sk\/?s={search_term_string}"},"query-input":{"@type":"PropertyValueSpecification","valueRequired":true,"valueName":"search_term_string"}}],"inLanguage":"en-US"},{"email":"admin@vita.sk","logo":"https:\/\/www.vita.sk\/img\/vita_logo.png ","address":{"type":"PostalAddress","streetAddress":"Tom\u00e1\u0161ikova 50\/A","addressLocality":"Bratislava","postalCode":"83104","addressCountry":{"name":"SK","type":"Country"}},"contactPoint":{"type":"ContactPoint","telephone":"+421 907 375\u00a0543","Email":"admin@vita.sk","contactType":"customer service"},"sameAs":["https:\/\/www.facebook.com\/VitaAcademySK\/","https:\/\/www.linkedin.com\/company\/vita-academy\/"]}]}},"acf":[],"_links":{"self":[{"href":"https:\/\/www.vita.sk\/en\/wp-json\/wp\/v2\/product\/21582","targetHints":{"allow":["GET"]}}],"collection":[{"href":"https:\/\/www.vita.sk\/en\/wp-json\/wp\/v2\/product"}],"about":[{"href":"https:\/\/www.vita.sk\/en\/wp-json\/wp\/v2\/types\/product"}],"author":[{"embeddable":true,"href":"https:\/\/www.vita.sk\/en\/wp-json\/wp\/v2\/users\/4"}],"replies":[{"embeddable":true,"href":"https:\/\/www.vita.sk\/en\/wp-json\/wp\/v2\/comments?post=21582"}],"wp:featuredmedia":[{"embeddable":true,"href":"https:\/\/www.vita.sk\/en\/wp-json\/wp\/v2\/media\/4314"}],"wp:attachment":[{"href":"https:\/\/www.vita.sk\/en\/wp-json\/wp\/v2\/media?parent=21582"}],"wp:term":[{"taxonomy":"product_brand","embeddable":true,"href":"https:\/\/www.vita.sk\/en\/wp-json\/wp\/v2\/product_brand?post=21582"},{"taxonomy":"product_cat","embeddable":true,"href":"https:\/\/www.vita.sk\/en\/wp-json\/wp\/v2\/product_cat?post=21582"},{"taxonomy":"product_tag","embeddable":true,"href":"https:\/\/www.vita.sk\/en\/wp-json\/wp\/v2\/product_tag?post=21582"}],"curies":[{"name":"wp","href":"https:\/\/api.w.org\/{rel}","templated":true}]}}