{"id":22176,"date":"2024-10-14T15:03:42","date_gmt":"2024-10-14T13:03:42","guid":{"rendered":"https:\/\/www.vita.sk\/?post_type=product&#038;p=22176"},"modified":"2024-10-24T11:17:14","modified_gmt":"2024-10-24T09:17:14","slug":"online-kurz-wireshark-network-troubleshooting","status":"publish","type":"product","link":"https:\/\/www.vita.sk\/en\/online-kurz-wireshark-network-troubleshooting\/","title":{"rendered":"Online kurz Wireshark Network Troubleshooting"},"content":{"rendered":"<p>Online kurz Wireshark Network Troubleshooting je pre v\u00e1s ide\u00e1lny, ak sa chcete nau\u010di\u0165 efekt\u00edvne analyzova\u0165 a rie\u0161i\u0165 probl\u00e9my v po\u010d\u00edta\u010dov\u00fdch sie\u0165ach pomocou n\u00e1stroja Wireshark. <strong>Ide o jedin\u00fd akreditovan\u00fd a certifikovan\u00fd kurz na anal\u00fdzu po\u010d\u00edta\u010dov\u00fdch siet\u00ed a Wireshark na Slovensku. <\/strong>Kurz v\u00e1s prevedie z\u00e1kladmi zachyt\u00e1vania a analyzovania sie\u0165ovej komunik\u00e1cie, identifik\u00e1ciou probl\u00e9mov a optimaliz\u00e1ciou sie\u0165ov\u00fdch protokolov. Nau\u010d\u00edte sa, ako nastavi\u0165 mapovanie IP adresy prostredn\u00edctvom GeoIP datab\u00e1z maxmind. \u010ealej nastav\u00edme prekladanie a rozli\u0161ovanie IP a MAC adries spolu s portami zn\u00e1mych slu\u017eieb. Budeme pou\u017e\u00edva\u0165 farebn\u00e9 pravidl\u00e1 pre rozli\u0161ovanie r\u00f4znych protokolov a filtrov. Z\u00edskate praktick\u00e9 zru\u010dnosti v pr\u00e1ci s filtrovac\u00edmi pravidlami, interpret\u00e1cii d\u00e1tov\u00fdch tokov a vytv\u00e1ran\u00ed efekt\u00edvnych rie\u0161en\u00ed pre spr\u00e1vu a zabezpe\u010denie siet\u00ed. Ak chcete skuto\u010dne z\u00edska\u0165 praktick\u00e9 zru\u010dnosti z monitorovania a rie\u0161enia probl\u00e9mov pomocou Wiresharku, tak toto je ide\u00e1lny online kurz pre v\u00e1s.<\/p>\n","protected":false},"excerpt":{"rendered":"<p>Online kurz Wireshark Network Troubleshooting je pre v\u00e1s ide\u00e1lny, ak sa chcete nau\u010di\u0165 efekt\u00edvne analyzova\u0165 a rie\u0161i\u0165 probl\u00e9my v po\u010d\u00edta\u010dov\u00fdch sie\u0165ach pomocou n\u00e1stroja Wireshark. Ide o jedin\u00fd akreditovan\u00fd a certifikovan\u00fd kurz na anal\u00fdzu po\u010d\u00edta\u010dov\u00fdch siet\u00ed a Wireshark na Slovensku. Kurz v\u00e1s prevedie z\u00e1kladmi zachyt\u00e1vania a analyzovania sie\u0165ovej komunik\u00e1cie, identifik\u00e1ciou probl\u00e9mov a optimaliz\u00e1ciou sie\u0165ov\u00fdch protokolov.","protected":false},"author":4,"featured_media":18327,"comment_status":"closed","ping_status":"closed","template":"","meta":{"_acf_changed":false},"product_brand":[],"product_cat":[702,28,703,96,47,73],"product_tag":[205,206],"class_list":{"0":"post-22176","1":"product","2":"type-product","3":"status-publish","4":"has-post-thumbnail","6":"product_cat-online-kurzy-wireshark","7":"product_cat-online-kurzy-administracia-it-servery","8":"product_cat-online-kurzy-kyberneticka-bezpecnost-ochrana-dat","9":"product_cat-online-kurzy-operacne-systemy","10":"product_cat-online-kurzy-cisco-a-siete","11":"product_cat-bez-kategorie","12":"product_tag-cisco-a-siete","13":"product_tag-pocitacove-siete","15":"first","16":"instock","17":"sale","18":"sold-individually","19":"taxable","20":"shipping-taxable","21":"purchasable","22":"product-type-simple"},"yoast_head":"<!-- This site is optimized with the Yoast SEO Premium plugin v25.0 (Yoast SEO v25.0) - https:\/\/yoast.com\/wordpress\/plugins\/seo\/ -->\n<title>Online kurz Wireshark Network Troubleshooting | VITA<\/title>\n<meta name=\"description\" content=\"V online kurze Wireshark Network Troubleshooting sa nau\u010d\u00edte monitorova\u0165 sie\u0165ov\u00fa komunik\u00e1ciu a identifikova\u0165 potenci\u00e1lne probl\u00e9my v sieti. \u2705\" \/>\n<meta name=\"robots\" content=\"index, follow, max-snippet:-1, max-image-preview:large, max-video-preview:-1\" \/>\n<link rel=\"canonical\" href=\"https:\/\/www.vita.sk\/online-kurz-wireshark-network-troubleshooting\/\" \/>\n<meta property=\"og:locale\" content=\"en_US\" \/>\n<meta property=\"og:type\" content=\"article\" \/>\n<meta property=\"og:title\" content=\"Online kurz Wireshark Network Troubleshooting\" \/>\n<meta property=\"og:description\" content=\"V online kurze Wireshark Network Troubleshooting sa nau\u010d\u00edte monitorova\u0165 sie\u0165ov\u00fa komunik\u00e1ciu a identifikova\u0165 potenci\u00e1lne probl\u00e9my v sieti. \u2705\" \/>\n<meta property=\"og:url\" content=\"https:\/\/www.vita.sk\/online-kurz-wireshark-network-troubleshooting\/\" \/>\n<meta property=\"og:site_name\" content=\"VITA\" \/>\n<meta property=\"article:publisher\" content=\"https:\/\/www.facebook.com\/VitaAcademySK\" \/>\n<meta property=\"article:modified_time\" content=\"2024-10-24T09:17:14+00:00\" \/>\n<meta property=\"og:image\" content=\"https:\/\/www.vita.sk\/wp-content\/uploads\/2024\/02\/kurz-wireshark.jpg\" \/>\n\t<meta property=\"og:image:width\" content=\"360\" \/>\n\t<meta property=\"og:image:height\" content=\"360\" \/>\n\t<meta property=\"og:image:type\" content=\"image\/jpeg\" \/>\n<meta name=\"twitter:card\" content=\"summary_large_image\" \/>\n<meta name=\"twitter:label1\" content=\"Est. reading time\" \/>\n\t<meta name=\"twitter:data1\" content=\"1 minute\" \/>\n<script type=\"application\/ld+json\" class=\"yoast-schema-graph\">{\n\t    \"@context\": \"https:\/\/schema.org\",\n\t    \"@graph\": [\n\t        {\n\t            \"@type\": \"WebPage\",\n\t            \"@id\": \"https:\/\/www.vita.sk\/online-kurz-wireshark-network-troubleshooting\/\",\n\t            \"url\": \"https:\/\/www.vita.sk\/online-kurz-wireshark-network-troubleshooting\/\",\n\t            \"name\": \"Online kurz Wireshark Network Troubleshooting | VITA\",\n\t            \"isPartOf\": {\n\t                \"@id\": \"https:\/\/www.vita.sk\/#website\"\n\t            },\n\t            \"primaryImageOfPage\": {\n\t                \"@id\": \"https:\/\/www.vita.sk\/online-kurz-wireshark-network-troubleshooting\/#primaryimage\"\n\t            },\n\t            \"image\": {\n\t                \"@id\": \"https:\/\/www.vita.sk\/online-kurz-wireshark-network-troubleshooting\/#primaryimage\"\n\t            },\n\t            \"thumbnailUrl\": \"https:\/\/www.vita.sk\/wp-content\/uploads\/2024\/02\/kurz-wireshark.jpg\",\n\t            \"datePublished\": \"2024-10-14T13:03:42+00:00\",\n\t            \"dateModified\": \"2024-10-24T09:17:14+00:00\",\n\t            \"description\": \"V online kurze Wireshark Network Troubleshooting sa nau\u010d\u00edte monitorova\u0165 sie\u0165ov\u00fa komunik\u00e1ciu a identifikova\u0165 potenci\u00e1lne probl\u00e9my v sieti. \u2705\",\n\t            \"breadcrumb\": {\n\t                \"@id\": \"https:\/\/www.vita.sk\/online-kurz-wireshark-network-troubleshooting\/#breadcrumb\"\n\t            },\n\t            \"inLanguage\": \"en-US\",\n\t            \"potentialAction\": [\n\t                {\n\t                    \"@type\": \"ReadAction\",\n\t                    \"target\": [\n\t                        \"https:\/\/www.vita.sk\/online-kurz-wireshark-network-troubleshooting\/\"\n\t                    ]\n\t                }\n\t            ]\n\t        },\n\t        {\n\t            \"@type\": \"ImageObject\",\n\t            \"inLanguage\": \"en-US\",\n\t            \"@id\": \"https:\/\/www.vita.sk\/online-kurz-wireshark-network-troubleshooting\/#primaryimage\",\n\t            \"url\": \"https:\/\/www.vita.sk\/wp-content\/uploads\/2024\/02\/kurz-wireshark.jpg\",\n\t            \"contentUrl\": \"https:\/\/www.vita.sk\/wp-content\/uploads\/2024\/02\/kurz-wireshark.jpg\",\n\t            \"width\": 360,\n\t            \"height\": 360,\n\t            \"caption\": \"kurz wireshark\"\n\t        },\n\t        {\n\t            \"@type\": \"BreadcrumbList\",\n\t            \"@id\": \"https:\/\/www.vita.sk\/online-kurz-wireshark-network-troubleshooting\/#breadcrumb\",\n\t            \"itemListElement\": [\n\t                {\n\t                    \"@type\": \"ListItem\",\n\t                    \"position\": 1,\n\t                    \"name\": \"VITA Academy\",\n\t                    \"item\": \"https:\/\/www.vita.sk\/en\/\"\n\t                },\n\t                {\n\t                    \"@type\": \"ListItem\",\n\t                    \"position\": 2,\n\t                    \"name\": \"Shop\",\n\t                    \"item\": \"https:\/\/www.vita.sk\/shop\/\"\n\t                },\n\t                {\n\t                    \"@type\": \"ListItem\",\n\t                    \"position\": 3,\n\t                    \"name\": \"Kybernetick\u00e1 Bezpe\u010dnos\u0165 a Ochrana D\u00e1t\",\n\t                    \"item\": \"https:\/\/www.vita.sk\/online-kurzy-kyberneticka-bezpecnost-ochrana-dat\/\"\n\t                },\n\t                {\n\t                    \"@type\": \"ListItem\",\n\t                    \"position\": 4,\n\t                    \"name\": \"Online kurz Wireshark Network Troubleshooting\"\n\t                }\n\t            ]\n\t        },\n\t        {\n\t            \"@type\": \"WebSite\",\n\t            \"@id\": \"https:\/\/www.vita.sk\/#website\",\n\t            \"url\": \"https:\/\/www.vita.sk\/\",\n\t            \"name\": \"VITA\",\n\t            \"description\": \"\",\n\t            \"publisher\": {\n\t                \"@id\": \"https:\/\/www.vita.sk\/#organization\"\n\t            },\n\t            \"potentialAction\": [\n\t                {\n\t                    \"@type\": \"SearchAction\",\n\t                    \"target\": {\n\t                        \"@type\": \"EntryPoint\",\n\t                        \"urlTemplate\": \"https:\/\/www.vita.sk\/?s={search_term_string}\"\n\t                    },\n\t                    \"query-input\": {\n\t                        \"@type\": \"PropertyValueSpecification\",\n\t                        \"valueRequired\": true,\n\t                        \"valueName\": \"search_term_string\"\n\t                    }\n\t                }\n\t            ],\n\t            \"inLanguage\": \"en-US\"\n\t        },\n\t        {\n\t            \"email\": \"admin@vita.sk\",\n\t            \"logo\": \"https:\/\/www.vita.sk\/img\/vita_logo.png \",\n\t            \"address\": {\n\t                \"type\": \"PostalAddress\",\n\t                \"streetAddress\": \"Tom\u00e1\u0161ikova 50\/A\",\n\t                \"addressLocality\": \"Bratislava\",\n\t                \"postalCode\": \"83104\",\n\t                \"addressCountry\": {\n\t                    \"name\": \"SK\",\n\t                    \"type\": \"Country\"\n\t                }\n\t            },\n\t            \"contactPoint\": {\n\t                \"type\": \"ContactPoint\",\n\t                \"telephone\": \"+421 907 375\u00a0543\",\n\t                \"Email\": \"admin@vita.sk\",\n\t                \"contactType\": \"customer service\"\n\t            },\n\t            \"sameAs\": [\n\t                \"https:\/\/www.facebook.com\/VitaAcademySK\/\",\n\t                \"https:\/\/www.linkedin.com\/company\/vita-academy\/\"\n\t            ]\n\t        }\n\t    ]\n\t}<\/script>\n<!-- \/ Yoast SEO Premium plugin. -->","yoast_head_json":{"title":"Online kurz Wireshark Network Troubleshooting | VITA","description":"V online kurze Wireshark Network Troubleshooting sa nau\u010d\u00edte monitorova\u0165 sie\u0165ov\u00fa komunik\u00e1ciu a identifikova\u0165 potenci\u00e1lne probl\u00e9my v sieti. \u2705","robots":{"index":"index","follow":"follow","max-snippet":"max-snippet:-1","max-image-preview":"max-image-preview:large","max-video-preview":"max-video-preview:-1"},"canonical":"https:\/\/www.vita.sk\/online-kurz-wireshark-network-troubleshooting\/","og_locale":"en_US","og_type":"article","og_title":"Online kurz Wireshark Network Troubleshooting","og_description":"V online kurze Wireshark Network Troubleshooting sa nau\u010d\u00edte monitorova\u0165 sie\u0165ov\u00fa komunik\u00e1ciu a identifikova\u0165 potenci\u00e1lne probl\u00e9my v sieti. \u2705","og_url":"https:\/\/www.vita.sk\/online-kurz-wireshark-network-troubleshooting\/","og_site_name":"VITA","article_publisher":"https:\/\/www.facebook.com\/VitaAcademySK","article_modified_time":"2024-10-24T09:17:14+00:00","og_image":[{"width":360,"height":360,"url":"https:\/\/www.vita.sk\/wp-content\/uploads\/2024\/02\/kurz-wireshark.jpg","type":"image\/jpeg"}],"twitter_card":"summary_large_image","twitter_misc":{"Est. reading time":"1 minute"},"schema":{"@context":"https:\/\/schema.org","@graph":[{"@type":"WebPage","@id":"https:\/\/www.vita.sk\/online-kurz-wireshark-network-troubleshooting\/","url":"https:\/\/www.vita.sk\/online-kurz-wireshark-network-troubleshooting\/","name":"Online kurz Wireshark Network Troubleshooting | VITA","isPartOf":{"@id":"https:\/\/www.vita.sk\/#website"},"primaryImageOfPage":{"@id":"https:\/\/www.vita.sk\/online-kurz-wireshark-network-troubleshooting\/#primaryimage"},"image":{"@id":"https:\/\/www.vita.sk\/online-kurz-wireshark-network-troubleshooting\/#primaryimage"},"thumbnailUrl":"https:\/\/www.vita.sk\/wp-content\/uploads\/2024\/02\/kurz-wireshark.jpg","datePublished":"2024-10-14T13:03:42+00:00","dateModified":"2024-10-24T09:17:14+00:00","description":"V online kurze Wireshark Network Troubleshooting sa nau\u010d\u00edte monitorova\u0165 sie\u0165ov\u00fa komunik\u00e1ciu a identifikova\u0165 potenci\u00e1lne probl\u00e9my v sieti. \u2705","breadcrumb":{"@id":"https:\/\/www.vita.sk\/online-kurz-wireshark-network-troubleshooting\/#breadcrumb"},"inLanguage":"en-US","potentialAction":[{"@type":"ReadAction","target":["https:\/\/www.vita.sk\/online-kurz-wireshark-network-troubleshooting\/"]}]},{"@type":"ImageObject","inLanguage":"en-US","@id":"https:\/\/www.vita.sk\/online-kurz-wireshark-network-troubleshooting\/#primaryimage","url":"https:\/\/www.vita.sk\/wp-content\/uploads\/2024\/02\/kurz-wireshark.jpg","contentUrl":"https:\/\/www.vita.sk\/wp-content\/uploads\/2024\/02\/kurz-wireshark.jpg","width":360,"height":360,"caption":"kurz wireshark"},{"@type":"BreadcrumbList","@id":"https:\/\/www.vita.sk\/online-kurz-wireshark-network-troubleshooting\/#breadcrumb","itemListElement":[{"@type":"ListItem","position":1,"name":"VITA Academy","item":"https:\/\/www.vita.sk\/en\/"},{"@type":"ListItem","position":2,"name":"Shop","item":"https:\/\/www.vita.sk\/shop\/"},{"@type":"ListItem","position":3,"name":"Kybernetick\u00e1 Bezpe\u010dnos\u0165 a Ochrana D\u00e1t","item":"https:\/\/www.vita.sk\/online-kurzy-kyberneticka-bezpecnost-ochrana-dat\/"},{"@type":"ListItem","position":4,"name":"Online kurz Wireshark Network Troubleshooting"}]},{"@type":"WebSite","@id":"https:\/\/www.vita.sk\/#website","url":"https:\/\/www.vita.sk\/","name":"VITA","description":"","publisher":{"@id":"https:\/\/www.vita.sk\/#organization"},"potentialAction":[{"@type":"SearchAction","target":{"@type":"EntryPoint","urlTemplate":"https:\/\/www.vita.sk\/?s={search_term_string}"},"query-input":{"@type":"PropertyValueSpecification","valueRequired":true,"valueName":"search_term_string"}}],"inLanguage":"en-US"},{"email":"admin@vita.sk","logo":"https:\/\/www.vita.sk\/img\/vita_logo.png ","address":{"type":"PostalAddress","streetAddress":"Tom\u00e1\u0161ikova 50\/A","addressLocality":"Bratislava","postalCode":"83104","addressCountry":{"name":"SK","type":"Country"}},"contactPoint":{"type":"ContactPoint","telephone":"+421 907 375\u00a0543","Email":"admin@vita.sk","contactType":"customer service"},"sameAs":["https:\/\/www.facebook.com\/VitaAcademySK\/","https:\/\/www.linkedin.com\/company\/vita-academy\/"]}]}},"acf":[],"_links":{"self":[{"href":"https:\/\/www.vita.sk\/en\/wp-json\/wp\/v2\/product\/22176","targetHints":{"allow":["GET"]}}],"collection":[{"href":"https:\/\/www.vita.sk\/en\/wp-json\/wp\/v2\/product"}],"about":[{"href":"https:\/\/www.vita.sk\/en\/wp-json\/wp\/v2\/types\/product"}],"author":[{"embeddable":true,"href":"https:\/\/www.vita.sk\/en\/wp-json\/wp\/v2\/users\/4"}],"replies":[{"embeddable":true,"href":"https:\/\/www.vita.sk\/en\/wp-json\/wp\/v2\/comments?post=22176"}],"wp:featuredmedia":[{"embeddable":true,"href":"https:\/\/www.vita.sk\/en\/wp-json\/wp\/v2\/media\/18327"}],"wp:attachment":[{"href":"https:\/\/www.vita.sk\/en\/wp-json\/wp\/v2\/media?parent=22176"}],"wp:term":[{"taxonomy":"product_brand","embeddable":true,"href":"https:\/\/www.vita.sk\/en\/wp-json\/wp\/v2\/product_brand?post=22176"},{"taxonomy":"product_cat","embeddable":true,"href":"https:\/\/www.vita.sk\/en\/wp-json\/wp\/v2\/product_cat?post=22176"},{"taxonomy":"product_tag","embeddable":true,"href":"https:\/\/www.vita.sk\/en\/wp-json\/wp\/v2\/product_tag?post=22176"}],"curies":[{"name":"wp","href":"https:\/\/api.w.org\/{rel}","templated":true}]}}