{"id":22391,"date":"2024-10-25T11:56:40","date_gmt":"2024-10-25T09:56:40","guid":{"rendered":"https:\/\/www.vita.sk\/?post_type=product&#038;p=22391"},"modified":"2025-05-20T11:54:51","modified_gmt":"2025-05-20T09:54:51","slug":"online-kurz-interaktivne-vizualizacie-dat-ii-mierne-pokrocily","status":"publish","type":"product","link":"https:\/\/www.vita.sk\/en\/online-kurz-interaktivne-vizualizacie-dat-ii-mierne-pokrocily\/","title":{"rendered":"Online kurz Interakt\u00edvne Vizualiz\u00e1cie D\u00e1t II. Mierne Pokro\u010dil\u00fd"},"content":{"rendered":"<p>Online kurz Interakt\u00edvne Vizualiz\u00e1cie D\u00e1t II. Mierne Pokro\u010dil\u00fd je pre v\u00e1s ide\u00e1lny, ak sa chcete nau\u010di\u0165 pokro\u010dilej\u0161ie techniky tvorby interakt\u00edvnych vizualiz\u00e1ci\u00ed pre zlo\u017eit\u00e9 d\u00e1tov\u00e9 anal\u00fdzy v Pythone pomocou Streamlitu. <strong>Ide o jedin\u00fd akreditovan\u00fd a certifikovan\u00fd online kurz na Interakt\u00edvne Vizualiz\u00e1cie D\u00e1t a Python na Slovensku.<\/strong> V tomto kurze sa zameriate na optimaliz\u00e1ciu vizu\u00e1lov, vytv\u00e1ranie interakt\u00edvnych filtrov a ovl\u00e1dac\u00edch prvkov, ktor\u00e9 obohatia pou\u017e\u00edvate\u013esk\u00e9 prostredie. Budete pracova\u0165 na praktick\u00fdch pr\u00edkladoch, ako je anal\u00fdza filmov a anal\u00fdza hrub\u00e9ho dom\u00e1ceho produktu (HDP). Nau\u010d\u00edte sa tie\u017e, ako vytv\u00e1ra\u0165 prisp\u00f4sobite\u013en\u00e9 dashboardy pre dynamick\u00fa anal\u00fdzu a efekt\u00edvnu prezent\u00e1ciu d\u00e1t pre r\u00f4zne potreby. \u010cere\u0161ni\u010dkou na torte bud\u00fa odpor\u00fa\u010dania (best practices) pre pr\u00e1cu s grafmi a vizualiz\u00e1ciami, ktor\u00e9 odpor\u00fa\u010dame dodr\u017eiava\u0165. Ak sa chcete skuto\u010dne nau\u010di\u0165 vizualizova\u0165 d\u00e1t a pracova\u0165 ako d\u00e1tov\u00fd vedec alebo UX\/UI \u0161pecialista, tak toto je ide\u00e1lny vstupn\u00fd online kurz pre v\u00e1s.<\/p>\n","protected":false},"excerpt":{"rendered":"<p>Online kurz Interakt\u00edvne Vizualiz\u00e1cie D\u00e1t II. Mierne Pokro\u010dil\u00fd je pre v\u00e1s ide\u00e1lny, ak sa chcete nau\u010di\u0165 pokro\u010dilej\u0161ie techniky tvorby interakt\u00edvnych vizualiz\u00e1ci\u00ed pre zlo\u017eit\u00e9 d\u00e1tov\u00e9 anal\u00fdzy v Pythone pomocou Streamlitu. Ide o jedin\u00fd akreditovan\u00fd a certifikovan\u00fd online kurz na Interakt\u00edvne Vizualiz\u00e1cie D\u00e1t a Python na Slovensku.","protected":false},"author":4,"featured_media":4462,"comment_status":"closed","ping_status":"closed","template":"","meta":{"_acf_changed":false},"product_brand":[],"product_cat":[705,471,99,106,49,588],"product_tag":[212,324],"class_list":{"0":"post-22391","1":"product","2":"type-product","3":"status-publish","4":"has-post-thumbnail","6":"product_cat-vizualizacia-dat","7":"product_cat-umela-inteligencia","8":"product_cat-online-kurzy-programovacie-jazyky","9":"product_cat-online-kurzy-python","10":"product_cat-online-kurzy-databazy-statistika-analytika","11":"product_cat-online-kurzy-umela-inteligencia-ai","12":"product_tag-python","13":"product_tag-ux-ui","15":"first","16":"instock","17":"sale","18":"sold-individually","19":"taxable","20":"shipping-taxable","21":"purchasable","22":"product-type-simple"},"yoast_head":"<!-- This site is optimized with the Yoast SEO Premium plugin v25.0 (Yoast SEO v25.0) - https:\/\/yoast.com\/wordpress\/plugins\/seo\/ -->\n<title>Online kurz Interakt\u00edvne Vizualiz\u00e1cie D\u00e1t II. Mierne Pokro\u010dil\u00fd | VITA<\/title>\n<meta name=\"description\" content=\"V online kurze Interakt\u00edvne vizualiz\u00e1cie d\u00e1t II. Mierne pokro\u010dil\u00fd sa nau\u010d\u00edte pokro\u010dil\u00fa tvorbu vizualiz\u00e1ci\u00ed d\u00e1t pre prezent\u00e1cie. \u2705\" \/>\n<meta name=\"robots\" content=\"index, follow, max-snippet:-1, max-image-preview:large, max-video-preview:-1\" \/>\n<link rel=\"canonical\" href=\"https:\/\/www.vita.sk\/online-kurz-interaktivne-vizualizacie-dat-ii-mierne-pokrocily\/\" \/>\n<meta property=\"og:locale\" content=\"en_US\" \/>\n<meta property=\"og:type\" content=\"article\" \/>\n<meta property=\"og:title\" content=\"Online kurz Interakt\u00edvne Vizualiz\u00e1cie D\u00e1t II. Mierne Pokro\u010dil\u00fd\" \/>\n<meta property=\"og:description\" content=\"V online kurze Interakt\u00edvne vizualiz\u00e1cie d\u00e1t II. Mierne pokro\u010dil\u00fd sa nau\u010d\u00edte pokro\u010dil\u00fa tvorbu vizualiz\u00e1ci\u00ed d\u00e1t pre prezent\u00e1cie. \u2705\" \/>\n<meta property=\"og:url\" content=\"https:\/\/www.vita.sk\/online-kurz-interaktivne-vizualizacie-dat-ii-mierne-pokrocily\/\" \/>\n<meta property=\"og:site_name\" content=\"VITA\" \/>\n<meta property=\"article:publisher\" content=\"https:\/\/www.facebook.com\/VitaAcademySK\" \/>\n<meta property=\"article:modified_time\" content=\"2025-05-20T09:54:51+00:00\" \/>\n<meta property=\"og:image\" content=\"https:\/\/www.vita.sk\/wp-content\/uploads\/2020\/11\/kurz_Vizualizacia-dat.png\" \/>\n\t<meta property=\"og:image:width\" content=\"360\" \/>\n\t<meta property=\"og:image:height\" content=\"360\" \/>\n\t<meta property=\"og:image:type\" content=\"image\/png\" \/>\n<meta name=\"twitter:card\" content=\"summary_large_image\" \/>\n<meta name=\"twitter:label1\" content=\"Est. reading time\" \/>\n\t<meta name=\"twitter:data1\" content=\"1 minute\" \/>\n<script type=\"application\/ld+json\" class=\"yoast-schema-graph\">{\n\t    \"@context\": \"https:\/\/schema.org\",\n\t    \"@graph\": [\n\t        {\n\t            \"@type\": \"WebPage\",\n\t            \"@id\": \"https:\/\/www.vita.sk\/online-kurz-interaktivne-vizualizacie-dat-ii-mierne-pokrocily\/\",\n\t            \"url\": \"https:\/\/www.vita.sk\/online-kurz-interaktivne-vizualizacie-dat-ii-mierne-pokrocily\/\",\n\t            \"name\": \"Online kurz Interakt\u00edvne Vizualiz\u00e1cie D\u00e1t II. Mierne Pokro\u010dil\u00fd | VITA\",\n\t            \"isPartOf\": {\n\t                \"@id\": \"https:\/\/www.vita.sk\/#website\"\n\t            },\n\t            \"primaryImageOfPage\": {\n\t                \"@id\": \"https:\/\/www.vita.sk\/online-kurz-interaktivne-vizualizacie-dat-ii-mierne-pokrocily\/#primaryimage\"\n\t            },\n\t            \"image\": {\n\t                \"@id\": \"https:\/\/www.vita.sk\/online-kurz-interaktivne-vizualizacie-dat-ii-mierne-pokrocily\/#primaryimage\"\n\t            },\n\t            \"thumbnailUrl\": \"https:\/\/www.vita.sk\/wp-content\/uploads\/2020\/11\/kurz_Vizualizacia-dat.png\",\n\t            \"datePublished\": \"2024-10-25T09:56:40+00:00\",\n\t            \"dateModified\": \"2025-05-20T09:54:51+00:00\",\n\t            \"description\": \"V online kurze Interakt\u00edvne vizualiz\u00e1cie d\u00e1t II. Mierne pokro\u010dil\u00fd sa nau\u010d\u00edte pokro\u010dil\u00fa tvorbu vizualiz\u00e1ci\u00ed d\u00e1t pre prezent\u00e1cie. \u2705\",\n\t            \"breadcrumb\": {\n\t                \"@id\": \"https:\/\/www.vita.sk\/online-kurz-interaktivne-vizualizacie-dat-ii-mierne-pokrocily\/#breadcrumb\"\n\t            },\n\t            \"inLanguage\": \"en-US\",\n\t            \"potentialAction\": [\n\t                {\n\t                    \"@type\": \"ReadAction\",\n\t                    \"target\": [\n\t                        \"https:\/\/www.vita.sk\/online-kurz-interaktivne-vizualizacie-dat-ii-mierne-pokrocily\/\"\n\t                    ]\n\t                }\n\t            ]\n\t        },\n\t        {\n\t            \"@type\": \"ImageObject\",\n\t            \"inLanguage\": \"en-US\",\n\t            \"@id\": \"https:\/\/www.vita.sk\/online-kurz-interaktivne-vizualizacie-dat-ii-mierne-pokrocily\/#primaryimage\",\n\t            \"url\": \"https:\/\/www.vita.sk\/wp-content\/uploads\/2020\/11\/kurz_Vizualizacia-dat.png\",\n\t            \"contentUrl\": \"https:\/\/www.vita.sk\/wp-content\/uploads\/2020\/11\/kurz_Vizualizacia-dat.png\",\n\t            \"width\": 360,\n\t            \"height\": 360,\n\t            \"caption\": \"Online kurz Vizualiz\u00e1cia D\u00e1t\"\n\t        },\n\t        {\n\t            \"@type\": \"BreadcrumbList\",\n\t            \"@id\": \"https:\/\/www.vita.sk\/online-kurz-interaktivne-vizualizacie-dat-ii-mierne-pokrocily\/#breadcrumb\",\n\t            \"itemListElement\": [\n\t                {\n\t                    \"@type\": \"ListItem\",\n\t                    \"position\": 1,\n\t                    \"name\": \"VITA Academy\",\n\t                    \"item\": \"https:\/\/www.vita.sk\/en\/\"\n\t                },\n\t                {\n\t                    \"@type\": \"ListItem\",\n\t                    \"position\": 2,\n\t                    \"name\": \"Shop\",\n\t                    \"item\": \"https:\/\/www.vita.sk\/shop\/\"\n\t                },\n\t                {\n\t                    \"@type\": \"ListItem\",\n\t                    \"position\": 3,\n\t                    \"name\": \"Spr\u00e1va Datab\u00e1z, \u0160tatistika a D\u00e1tov\u00e1 Anal\u00fdza\",\n\t                    \"item\": \"https:\/\/www.vita.sk\/online-kurzy-databazy-analytika\/\"\n\t                },\n\t                {\n\t                    \"@type\": \"ListItem\",\n\t                    \"position\": 4,\n\t                    \"name\": \"Online kurz Interakt\u00edvne Vizualiz\u00e1cie D\u00e1t II. Mierne Pokro\u010dil\u00fd\"\n\t                }\n\t            ]\n\t        },\n\t        {\n\t            \"@type\": \"WebSite\",\n\t            \"@id\": \"https:\/\/www.vita.sk\/#website\",\n\t            \"url\": \"https:\/\/www.vita.sk\/\",\n\t            \"name\": \"VITA\",\n\t            \"description\": \"\",\n\t            \"publisher\": {\n\t                \"@id\": \"https:\/\/www.vita.sk\/#organization\"\n\t            },\n\t            \"potentialAction\": [\n\t                {\n\t                    \"@type\": \"SearchAction\",\n\t                    \"target\": {\n\t                        \"@type\": \"EntryPoint\",\n\t                        \"urlTemplate\": \"https:\/\/www.vita.sk\/?s={search_term_string}\"\n\t                    },\n\t                    \"query-input\": {\n\t                        \"@type\": \"PropertyValueSpecification\",\n\t                        \"valueRequired\": true,\n\t                        \"valueName\": \"search_term_string\"\n\t                    }\n\t                }\n\t            ],\n\t            \"inLanguage\": \"en-US\"\n\t        },\n\t        {\n\t            \"email\": \"admin@vita.sk\",\n\t            \"logo\": \"https:\/\/www.vita.sk\/img\/vita_logo.png \",\n\t            \"address\": {\n\t                \"type\": \"PostalAddress\",\n\t                \"streetAddress\": \"Tom\u00e1\u0161ikova 50\/A\",\n\t                \"addressLocality\": \"Bratislava\",\n\t                \"postalCode\": \"83104\",\n\t                \"addressCountry\": {\n\t                    \"name\": \"SK\",\n\t                    \"type\": \"Country\"\n\t                }\n\t            },\n\t            \"contactPoint\": {\n\t                \"type\": \"ContactPoint\",\n\t                \"telephone\": \"+421 907 375\u00a0543\",\n\t                \"Email\": \"admin@vita.sk\",\n\t                \"contactType\": \"customer service\"\n\t            },\n\t            \"sameAs\": [\n\t                \"https:\/\/www.facebook.com\/VitaAcademySK\/\",\n\t                \"https:\/\/www.linkedin.com\/company\/vita-academy\/\"\n\t            ]\n\t        }\n\t    ]\n\t}<\/script>\n<!-- \/ Yoast SEO Premium plugin. -->","yoast_head_json":{"title":"Online kurz Interakt\u00edvne Vizualiz\u00e1cie D\u00e1t II. Mierne Pokro\u010dil\u00fd | VITA","description":"V online kurze Interakt\u00edvne vizualiz\u00e1cie d\u00e1t II. Mierne pokro\u010dil\u00fd sa nau\u010d\u00edte pokro\u010dil\u00fa tvorbu vizualiz\u00e1ci\u00ed d\u00e1t pre prezent\u00e1cie. \u2705","robots":{"index":"index","follow":"follow","max-snippet":"max-snippet:-1","max-image-preview":"max-image-preview:large","max-video-preview":"max-video-preview:-1"},"canonical":"https:\/\/www.vita.sk\/online-kurz-interaktivne-vizualizacie-dat-ii-mierne-pokrocily\/","og_locale":"en_US","og_type":"article","og_title":"Online kurz Interakt\u00edvne Vizualiz\u00e1cie D\u00e1t II. Mierne Pokro\u010dil\u00fd","og_description":"V online kurze Interakt\u00edvne vizualiz\u00e1cie d\u00e1t II. Mierne pokro\u010dil\u00fd sa nau\u010d\u00edte pokro\u010dil\u00fa tvorbu vizualiz\u00e1ci\u00ed d\u00e1t pre prezent\u00e1cie. \u2705","og_url":"https:\/\/www.vita.sk\/online-kurz-interaktivne-vizualizacie-dat-ii-mierne-pokrocily\/","og_site_name":"VITA","article_publisher":"https:\/\/www.facebook.com\/VitaAcademySK","article_modified_time":"2025-05-20T09:54:51+00:00","og_image":[{"width":360,"height":360,"url":"https:\/\/www.vita.sk\/wp-content\/uploads\/2020\/11\/kurz_Vizualizacia-dat.png","type":"image\/png"}],"twitter_card":"summary_large_image","twitter_misc":{"Est. reading time":"1 minute"},"schema":{"@context":"https:\/\/schema.org","@graph":[{"@type":"WebPage","@id":"https:\/\/www.vita.sk\/online-kurz-interaktivne-vizualizacie-dat-ii-mierne-pokrocily\/","url":"https:\/\/www.vita.sk\/online-kurz-interaktivne-vizualizacie-dat-ii-mierne-pokrocily\/","name":"Online kurz Interakt\u00edvne Vizualiz\u00e1cie D\u00e1t II. Mierne Pokro\u010dil\u00fd | VITA","isPartOf":{"@id":"https:\/\/www.vita.sk\/#website"},"primaryImageOfPage":{"@id":"https:\/\/www.vita.sk\/online-kurz-interaktivne-vizualizacie-dat-ii-mierne-pokrocily\/#primaryimage"},"image":{"@id":"https:\/\/www.vita.sk\/online-kurz-interaktivne-vizualizacie-dat-ii-mierne-pokrocily\/#primaryimage"},"thumbnailUrl":"https:\/\/www.vita.sk\/wp-content\/uploads\/2020\/11\/kurz_Vizualizacia-dat.png","datePublished":"2024-10-25T09:56:40+00:00","dateModified":"2025-05-20T09:54:51+00:00","description":"V online kurze Interakt\u00edvne vizualiz\u00e1cie d\u00e1t II. Mierne pokro\u010dil\u00fd sa nau\u010d\u00edte pokro\u010dil\u00fa tvorbu vizualiz\u00e1ci\u00ed d\u00e1t pre prezent\u00e1cie. \u2705","breadcrumb":{"@id":"https:\/\/www.vita.sk\/online-kurz-interaktivne-vizualizacie-dat-ii-mierne-pokrocily\/#breadcrumb"},"inLanguage":"en-US","potentialAction":[{"@type":"ReadAction","target":["https:\/\/www.vita.sk\/online-kurz-interaktivne-vizualizacie-dat-ii-mierne-pokrocily\/"]}]},{"@type":"ImageObject","inLanguage":"en-US","@id":"https:\/\/www.vita.sk\/online-kurz-interaktivne-vizualizacie-dat-ii-mierne-pokrocily\/#primaryimage","url":"https:\/\/www.vita.sk\/wp-content\/uploads\/2020\/11\/kurz_Vizualizacia-dat.png","contentUrl":"https:\/\/www.vita.sk\/wp-content\/uploads\/2020\/11\/kurz_Vizualizacia-dat.png","width":360,"height":360,"caption":"Online kurz Vizualiz\u00e1cia D\u00e1t"},{"@type":"BreadcrumbList","@id":"https:\/\/www.vita.sk\/online-kurz-interaktivne-vizualizacie-dat-ii-mierne-pokrocily\/#breadcrumb","itemListElement":[{"@type":"ListItem","position":1,"name":"VITA Academy","item":"https:\/\/www.vita.sk\/en\/"},{"@type":"ListItem","position":2,"name":"Shop","item":"https:\/\/www.vita.sk\/shop\/"},{"@type":"ListItem","position":3,"name":"Spr\u00e1va Datab\u00e1z, \u0160tatistika a D\u00e1tov\u00e1 Anal\u00fdza","item":"https:\/\/www.vita.sk\/online-kurzy-databazy-analytika\/"},{"@type":"ListItem","position":4,"name":"Online kurz Interakt\u00edvne Vizualiz\u00e1cie D\u00e1t II. Mierne Pokro\u010dil\u00fd"}]},{"@type":"WebSite","@id":"https:\/\/www.vita.sk\/#website","url":"https:\/\/www.vita.sk\/","name":"VITA","description":"","publisher":{"@id":"https:\/\/www.vita.sk\/#organization"},"potentialAction":[{"@type":"SearchAction","target":{"@type":"EntryPoint","urlTemplate":"https:\/\/www.vita.sk\/?s={search_term_string}"},"query-input":{"@type":"PropertyValueSpecification","valueRequired":true,"valueName":"search_term_string"}}],"inLanguage":"en-US"},{"email":"admin@vita.sk","logo":"https:\/\/www.vita.sk\/img\/vita_logo.png ","address":{"type":"PostalAddress","streetAddress":"Tom\u00e1\u0161ikova 50\/A","addressLocality":"Bratislava","postalCode":"83104","addressCountry":{"name":"SK","type":"Country"}},"contactPoint":{"type":"ContactPoint","telephone":"+421 907 375\u00a0543","Email":"admin@vita.sk","contactType":"customer service"},"sameAs":["https:\/\/www.facebook.com\/VitaAcademySK\/","https:\/\/www.linkedin.com\/company\/vita-academy\/"]}]}},"acf":[],"_links":{"self":[{"href":"https:\/\/www.vita.sk\/en\/wp-json\/wp\/v2\/product\/22391","targetHints":{"allow":["GET"]}}],"collection":[{"href":"https:\/\/www.vita.sk\/en\/wp-json\/wp\/v2\/product"}],"about":[{"href":"https:\/\/www.vita.sk\/en\/wp-json\/wp\/v2\/types\/product"}],"author":[{"embeddable":true,"href":"https:\/\/www.vita.sk\/en\/wp-json\/wp\/v2\/users\/4"}],"replies":[{"embeddable":true,"href":"https:\/\/www.vita.sk\/en\/wp-json\/wp\/v2\/comments?post=22391"}],"wp:featuredmedia":[{"embeddable":true,"href":"https:\/\/www.vita.sk\/en\/wp-json\/wp\/v2\/media\/4462"}],"wp:attachment":[{"href":"https:\/\/www.vita.sk\/en\/wp-json\/wp\/v2\/media?parent=22391"}],"wp:term":[{"taxonomy":"product_brand","embeddable":true,"href":"https:\/\/www.vita.sk\/en\/wp-json\/wp\/v2\/product_brand?post=22391"},{"taxonomy":"product_cat","embeddable":true,"href":"https:\/\/www.vita.sk\/en\/wp-json\/wp\/v2\/product_cat?post=22391"},{"taxonomy":"product_tag","embeddable":true,"href":"https:\/\/www.vita.sk\/en\/wp-json\/wp\/v2\/product_tag?post=22391"}],"curies":[{"name":"wp","href":"https:\/\/api.w.org\/{rel}","templated":true}]}}