{"id":22393,"date":"2024-10-25T14:21:48","date_gmt":"2024-10-25T12:21:48","guid":{"rendered":"https:\/\/www.vita.sk\/?post_type=product&#038;p=22393"},"modified":"2025-01-26T08:37:58","modified_gmt":"2025-01-26T07:37:58","slug":"online-kurz-webove-interaktivne-aplikacie","status":"publish","type":"product","link":"https:\/\/www.vita.sk\/en\/online-kurz-webove-interaktivne-aplikacie\/","title":{"rendered":"Online kurz Webov\u00e9 Interakt\u00edvne Aplik\u00e1cie"},"content":{"rendered":"<p>Online kurz Webov\u00e9 Interakt\u00edvne Aplik\u00e1cie je pre v\u00e1s ide\u00e1lny, ak sa chcete nau\u010di\u0165, ako vytv\u00e1ra\u0165 dynamick\u00e9 a interakt\u00edvne webov\u00e9 aplik\u00e1cie v Pythone pomocou kni\u017enice Streamlit. <strong>Ide o jedin\u00fd akreditovan\u00fd a certifikovan\u00fd online kurz na Webov\u00e9 Interakt\u00edvne Aplik\u00e1cie a Python na Slovensku.<\/strong> V tomto kurze sa obozn\u00e1mite s k\u013e\u00fa\u010dov\u00fdmi konceptmi modern\u00e9ho webov\u00e9ho v\u00fdvoja. Nau\u010d\u00edte sa, ako vytv\u00e1ra\u0165 pou\u017e\u00edvate\u013esk\u00e9 rozhrania, prid\u00e1va\u0165 interakt\u00edvne prvky, ako s\u00fa grafy, filtre a vstupn\u00e9 polia alebo zobrazi\u0165 v\u00fdsledky anal\u00fdzy d\u00e1t v re\u00e1lnom \u010dase. Kurz v\u00e1m poskytne praktick\u00e9 zru\u010dnosti na v\u00fdvoj aplik\u00e1ci\u00ed, ktor\u00e9 m\u00f4\u017eu sl\u00fa\u017ei\u0165 na prezent\u00e1ciu d\u00e1tov\u00fdch anal\u00fdz, reportovanie \u010di analytick\u00e9 n\u00e1stroje na mieru. Budete pracova\u0165 na praktick\u00fdch pr\u00edkladoch, ako je anal\u00fdza filmov a anal\u00fdza hrub\u00e9ho dom\u00e1ceho produktu (HDP). Nau\u010d\u00edte sa tie\u017e, ako vytv\u00e1ra\u0165 prisp\u00f4sobite\u013en\u00e9 dashboardy pre dynamick\u00fa anal\u00fdzu a efekt\u00edvnu prezent\u00e1ciu d\u00e1t pre r\u00f4zne potreby. \u010cere\u0161ni\u010dkou na torte bud\u00fa odpor\u00fa\u010dania (best practices) pre pr\u00e1cu s grafmi a vizualiz\u00e1ciami, ktor\u00e9 odpor\u00fa\u010dame dodr\u017eiava\u0165. Ak sa chcete skuto\u010dne nau\u010di\u0165 tvori\u0165 modern\u00e9 aplik\u00e1cie a pracova\u0165 ako web developer alebo UX\/UI \u0161pecialista, tak toto je ide\u00e1lny vstupn\u00fd online kurz pre v\u00e1s.<\/p>\n","protected":false},"excerpt":{"rendered":"<p>Online kurz Webov\u00e9 Interakt\u00edvne Aplik\u00e1cie je pre v\u00e1s ide\u00e1lny, ak sa chcete nau\u010di\u0165, ako vytv\u00e1ra\u0165 dynamick\u00e9 a interakt\u00edvne webov\u00e9 aplik\u00e1cie v Pythone pomocou kni\u017enice Streamlit. Ide o jedin\u00fd akreditovan\u00fd a certifikovan\u00fd online kurz na Webov\u00e9 Interakt\u00edvne Aplik\u00e1cie a Python na Slovensku. V tomto kurze sa obozn\u00e1mite s k\u013e\u00fa\u010dov\u00fdmi konceptmi modern\u00e9ho webov\u00e9ho v\u00fdvoja.","protected":false},"author":4,"featured_media":23670,"comment_status":"closed","ping_status":"closed","template":"","meta":{"_acf_changed":false},"product_brand":[],"product_cat":[99,106,114],"product_tag":[482,212,324],"class_list":{"0":"post-22393","1":"product","2":"type-product","3":"status-publish","4":"has-post-thumbnail","6":"product_cat-online-kurzy-programovacie-jazyky","7":"product_cat-online-kurzy-python","8":"product_cat-online-kurzy-tvorba-web-stranok","9":"product_tag-tvorba-webstranok","10":"product_tag-python","11":"product_tag-ux-ui","13":"first","14":"instock","15":"sale","16":"sold-individually","17":"taxable","18":"shipping-taxable","19":"purchasable","20":"product-type-simple"},"yoast_head":"<!-- This site is optimized with the Yoast SEO Premium plugin v25.0 (Yoast SEO v25.0) - https:\/\/yoast.com\/wordpress\/plugins\/seo\/ -->\n<title>Online kurz Webov\u00e9 Interakt\u00edvne Aplik\u00e1cie | VITA<\/title>\n<meta name=\"description\" content=\"V online kurze Webov\u00e9 interakt\u00edvne aplik\u00e1cie sa nau\u010d\u00edte vytv\u00e1ra\u0165 dynamick\u00e9 webov\u00e9 aplik\u00e1cie s prvkami interaktivity pre modern\u00fd v\u00fdvoj. \u2705\" \/>\n<meta name=\"robots\" content=\"index, follow, max-snippet:-1, max-image-preview:large, max-video-preview:-1\" \/>\n<link rel=\"canonical\" href=\"https:\/\/www.vita.sk\/online-kurz-webove-interaktivne-aplikacie\/\" \/>\n<meta property=\"og:locale\" content=\"en_US\" \/>\n<meta property=\"og:type\" content=\"article\" \/>\n<meta property=\"og:title\" content=\"Online kurz Webov\u00e9 Interakt\u00edvne Aplik\u00e1cie\" \/>\n<meta property=\"og:description\" content=\"V online kurze Webov\u00e9 interakt\u00edvne aplik\u00e1cie sa nau\u010d\u00edte vytv\u00e1ra\u0165 dynamick\u00e9 webov\u00e9 aplik\u00e1cie s prvkami interaktivity pre modern\u00fd v\u00fdvoj. \u2705\" \/>\n<meta property=\"og:url\" content=\"https:\/\/www.vita.sk\/online-kurz-webove-interaktivne-aplikacie\/\" \/>\n<meta property=\"og:site_name\" content=\"VITA\" \/>\n<meta property=\"article:publisher\" content=\"https:\/\/www.facebook.com\/VitaAcademySK\" \/>\n<meta property=\"article:modified_time\" content=\"2025-01-26T07:37:58+00:00\" \/>\n<meta property=\"og:image\" content=\"https:\/\/www.vita.sk\/wp-content\/uploads\/2025\/01\/kurz_interaktivne_aplikacie.png\" \/>\n\t<meta property=\"og:image:width\" content=\"360\" \/>\n\t<meta property=\"og:image:height\" content=\"360\" \/>\n\t<meta property=\"og:image:type\" content=\"image\/png\" \/>\n<meta name=\"twitter:card\" content=\"summary_large_image\" \/>\n<meta name=\"twitter:label1\" content=\"Est. reading time\" \/>\n\t<meta name=\"twitter:data1\" content=\"1 minute\" \/>\n<script type=\"application\/ld+json\" class=\"yoast-schema-graph\">{\n\t    \"@context\": \"https:\/\/schema.org\",\n\t    \"@graph\": [\n\t        {\n\t            \"@type\": \"WebPage\",\n\t            \"@id\": \"https:\/\/www.vita.sk\/online-kurz-webove-interaktivne-aplikacie\/\",\n\t            \"url\": \"https:\/\/www.vita.sk\/online-kurz-webove-interaktivne-aplikacie\/\",\n\t            \"name\": \"Online kurz Webov\u00e9 Interakt\u00edvne Aplik\u00e1cie | VITA\",\n\t            \"isPartOf\": {\n\t                \"@id\": \"https:\/\/www.vita.sk\/#website\"\n\t            },\n\t            \"primaryImageOfPage\": {\n\t                \"@id\": \"https:\/\/www.vita.sk\/online-kurz-webove-interaktivne-aplikacie\/#primaryimage\"\n\t            },\n\t            \"image\": {\n\t                \"@id\": \"https:\/\/www.vita.sk\/online-kurz-webove-interaktivne-aplikacie\/#primaryimage\"\n\t            },\n\t            \"thumbnailUrl\": \"https:\/\/www.vita.sk\/wp-content\/uploads\/2025\/01\/kurz_interaktivne_aplikacie.png\",\n\t            \"datePublished\": \"2024-10-25T12:21:48+00:00\",\n\t            \"dateModified\": \"2025-01-26T07:37:58+00:00\",\n\t            \"description\": \"V online kurze Webov\u00e9 interakt\u00edvne aplik\u00e1cie sa nau\u010d\u00edte vytv\u00e1ra\u0165 dynamick\u00e9 webov\u00e9 aplik\u00e1cie s prvkami interaktivity pre modern\u00fd v\u00fdvoj. \u2705\",\n\t            \"breadcrumb\": {\n\t                \"@id\": \"https:\/\/www.vita.sk\/online-kurz-webove-interaktivne-aplikacie\/#breadcrumb\"\n\t            },\n\t            \"inLanguage\": \"en-US\",\n\t            \"potentialAction\": [\n\t                {\n\t                    \"@type\": \"ReadAction\",\n\t                    \"target\": [\n\t                        \"https:\/\/www.vita.sk\/online-kurz-webove-interaktivne-aplikacie\/\"\n\t                    ]\n\t                }\n\t            ]\n\t        },\n\t        {\n\t            \"@type\": \"ImageObject\",\n\t            \"inLanguage\": \"en-US\",\n\t            \"@id\": \"https:\/\/www.vita.sk\/online-kurz-webove-interaktivne-aplikacie\/#primaryimage\",\n\t            \"url\": \"https:\/\/www.vita.sk\/wp-content\/uploads\/2025\/01\/kurz_interaktivne_aplikacie.png\",\n\t            \"contentUrl\": \"https:\/\/www.vita.sk\/wp-content\/uploads\/2025\/01\/kurz_interaktivne_aplikacie.png\",\n\t            \"width\": 360,\n\t            \"height\": 360,\n\t            \"caption\": \"Online kurz Webov\u00e9 Interakt\u00edvne Aplik\u00e1cie\"\n\t        },\n\t        {\n\t            \"@type\": \"BreadcrumbList\",\n\t            \"@id\": \"https:\/\/www.vita.sk\/online-kurz-webove-interaktivne-aplikacie\/#breadcrumb\",\n\t            \"itemListElement\": [\n\t                {\n\t                    \"@type\": \"ListItem\",\n\t                    \"position\": 1,\n\t                    \"name\": \"VITA Academy\",\n\t                    \"item\": \"https:\/\/www.vita.sk\/en\/\"\n\t                },\n\t                {\n\t                    \"@type\": \"ListItem\",\n\t                    \"position\": 2,\n\t                    \"name\": \"Shop\",\n\t                    \"item\": \"https:\/\/www.vita.sk\/shop\/\"\n\t                },\n\t                {\n\t                    \"@type\": \"ListItem\",\n\t                    \"position\": 3,\n\t                    \"name\": \"Tvorba Web Str\u00e1nok\",\n\t                    \"item\": \"https:\/\/www.vita.sk\/online-kurzy-tvorba-web-stranok\/\"\n\t                },\n\t                {\n\t                    \"@type\": \"ListItem\",\n\t                    \"position\": 4,\n\t                    \"name\": \"Online kurz Webov\u00e9 Interakt\u00edvne Aplik\u00e1cie\"\n\t                }\n\t            ]\n\t        },\n\t        {\n\t            \"@type\": \"WebSite\",\n\t            \"@id\": \"https:\/\/www.vita.sk\/#website\",\n\t            \"url\": \"https:\/\/www.vita.sk\/\",\n\t            \"name\": \"VITA\",\n\t            \"description\": \"\",\n\t            \"publisher\": {\n\t                \"@id\": \"https:\/\/www.vita.sk\/#organization\"\n\t            },\n\t            \"potentialAction\": [\n\t                {\n\t                    \"@type\": \"SearchAction\",\n\t                    \"target\": {\n\t                        \"@type\": \"EntryPoint\",\n\t                        \"urlTemplate\": \"https:\/\/www.vita.sk\/?s={search_term_string}\"\n\t                    },\n\t                    \"query-input\": {\n\t                        \"@type\": \"PropertyValueSpecification\",\n\t                        \"valueRequired\": true,\n\t                        \"valueName\": \"search_term_string\"\n\t                    }\n\t                }\n\t            ],\n\t            \"inLanguage\": \"en-US\"\n\t        },\n\t        {\n\t            \"email\": \"admin@vita.sk\",\n\t            \"logo\": \"https:\/\/www.vita.sk\/img\/vita_logo.png \",\n\t            \"address\": {\n\t                \"type\": \"PostalAddress\",\n\t                \"streetAddress\": \"Tom\u00e1\u0161ikova 50\/A\",\n\t                \"addressLocality\": \"Bratislava\",\n\t                \"postalCode\": \"83104\",\n\t                \"addressCountry\": {\n\t                    \"name\": \"SK\",\n\t                    \"type\": \"Country\"\n\t                }\n\t            },\n\t            \"contactPoint\": {\n\t                \"type\": \"ContactPoint\",\n\t                \"telephone\": \"+421 907 375\u00a0543\",\n\t                \"Email\": \"admin@vita.sk\",\n\t                \"contactType\": \"customer service\"\n\t            },\n\t            \"sameAs\": [\n\t                \"https:\/\/www.facebook.com\/VitaAcademySK\/\",\n\t                \"https:\/\/www.linkedin.com\/company\/vita-academy\/\"\n\t            ]\n\t        }\n\t    ]\n\t}<\/script>\n<!-- \/ Yoast SEO Premium plugin. -->","yoast_head_json":{"title":"Online kurz Webov\u00e9 Interakt\u00edvne Aplik\u00e1cie | VITA","description":"V online kurze Webov\u00e9 interakt\u00edvne aplik\u00e1cie sa nau\u010d\u00edte vytv\u00e1ra\u0165 dynamick\u00e9 webov\u00e9 aplik\u00e1cie s prvkami interaktivity pre modern\u00fd v\u00fdvoj. \u2705","robots":{"index":"index","follow":"follow","max-snippet":"max-snippet:-1","max-image-preview":"max-image-preview:large","max-video-preview":"max-video-preview:-1"},"canonical":"https:\/\/www.vita.sk\/online-kurz-webove-interaktivne-aplikacie\/","og_locale":"en_US","og_type":"article","og_title":"Online kurz Webov\u00e9 Interakt\u00edvne Aplik\u00e1cie","og_description":"V online kurze Webov\u00e9 interakt\u00edvne aplik\u00e1cie sa nau\u010d\u00edte vytv\u00e1ra\u0165 dynamick\u00e9 webov\u00e9 aplik\u00e1cie s prvkami interaktivity pre modern\u00fd v\u00fdvoj. \u2705","og_url":"https:\/\/www.vita.sk\/online-kurz-webove-interaktivne-aplikacie\/","og_site_name":"VITA","article_publisher":"https:\/\/www.facebook.com\/VitaAcademySK","article_modified_time":"2025-01-26T07:37:58+00:00","og_image":[{"width":360,"height":360,"url":"https:\/\/www.vita.sk\/wp-content\/uploads\/2025\/01\/kurz_interaktivne_aplikacie.png","type":"image\/png"}],"twitter_card":"summary_large_image","twitter_misc":{"Est. reading time":"1 minute"},"schema":{"@context":"https:\/\/schema.org","@graph":[{"@type":"WebPage","@id":"https:\/\/www.vita.sk\/online-kurz-webove-interaktivne-aplikacie\/","url":"https:\/\/www.vita.sk\/online-kurz-webove-interaktivne-aplikacie\/","name":"Online kurz Webov\u00e9 Interakt\u00edvne Aplik\u00e1cie | VITA","isPartOf":{"@id":"https:\/\/www.vita.sk\/#website"},"primaryImageOfPage":{"@id":"https:\/\/www.vita.sk\/online-kurz-webove-interaktivne-aplikacie\/#primaryimage"},"image":{"@id":"https:\/\/www.vita.sk\/online-kurz-webove-interaktivne-aplikacie\/#primaryimage"},"thumbnailUrl":"https:\/\/www.vita.sk\/wp-content\/uploads\/2025\/01\/kurz_interaktivne_aplikacie.png","datePublished":"2024-10-25T12:21:48+00:00","dateModified":"2025-01-26T07:37:58+00:00","description":"V online kurze Webov\u00e9 interakt\u00edvne aplik\u00e1cie sa nau\u010d\u00edte vytv\u00e1ra\u0165 dynamick\u00e9 webov\u00e9 aplik\u00e1cie s prvkami interaktivity pre modern\u00fd v\u00fdvoj. \u2705","breadcrumb":{"@id":"https:\/\/www.vita.sk\/online-kurz-webove-interaktivne-aplikacie\/#breadcrumb"},"inLanguage":"en-US","potentialAction":[{"@type":"ReadAction","target":["https:\/\/www.vita.sk\/online-kurz-webove-interaktivne-aplikacie\/"]}]},{"@type":"ImageObject","inLanguage":"en-US","@id":"https:\/\/www.vita.sk\/online-kurz-webove-interaktivne-aplikacie\/#primaryimage","url":"https:\/\/www.vita.sk\/wp-content\/uploads\/2025\/01\/kurz_interaktivne_aplikacie.png","contentUrl":"https:\/\/www.vita.sk\/wp-content\/uploads\/2025\/01\/kurz_interaktivne_aplikacie.png","width":360,"height":360,"caption":"Online kurz Webov\u00e9 Interakt\u00edvne Aplik\u00e1cie"},{"@type":"BreadcrumbList","@id":"https:\/\/www.vita.sk\/online-kurz-webove-interaktivne-aplikacie\/#breadcrumb","itemListElement":[{"@type":"ListItem","position":1,"name":"VITA Academy","item":"https:\/\/www.vita.sk\/en\/"},{"@type":"ListItem","position":2,"name":"Shop","item":"https:\/\/www.vita.sk\/shop\/"},{"@type":"ListItem","position":3,"name":"Tvorba Web Str\u00e1nok","item":"https:\/\/www.vita.sk\/online-kurzy-tvorba-web-stranok\/"},{"@type":"ListItem","position":4,"name":"Online kurz Webov\u00e9 Interakt\u00edvne Aplik\u00e1cie"}]},{"@type":"WebSite","@id":"https:\/\/www.vita.sk\/#website","url":"https:\/\/www.vita.sk\/","name":"VITA","description":"","publisher":{"@id":"https:\/\/www.vita.sk\/#organization"},"potentialAction":[{"@type":"SearchAction","target":{"@type":"EntryPoint","urlTemplate":"https:\/\/www.vita.sk\/?s={search_term_string}"},"query-input":{"@type":"PropertyValueSpecification","valueRequired":true,"valueName":"search_term_string"}}],"inLanguage":"en-US"},{"email":"admin@vita.sk","logo":"https:\/\/www.vita.sk\/img\/vita_logo.png ","address":{"type":"PostalAddress","streetAddress":"Tom\u00e1\u0161ikova 50\/A","addressLocality":"Bratislava","postalCode":"83104","addressCountry":{"name":"SK","type":"Country"}},"contactPoint":{"type":"ContactPoint","telephone":"+421 907 375\u00a0543","Email":"admin@vita.sk","contactType":"customer service"},"sameAs":["https:\/\/www.facebook.com\/VitaAcademySK\/","https:\/\/www.linkedin.com\/company\/vita-academy\/"]}]}},"acf":[],"_links":{"self":[{"href":"https:\/\/www.vita.sk\/en\/wp-json\/wp\/v2\/product\/22393","targetHints":{"allow":["GET"]}}],"collection":[{"href":"https:\/\/www.vita.sk\/en\/wp-json\/wp\/v2\/product"}],"about":[{"href":"https:\/\/www.vita.sk\/en\/wp-json\/wp\/v2\/types\/product"}],"author":[{"embeddable":true,"href":"https:\/\/www.vita.sk\/en\/wp-json\/wp\/v2\/users\/4"}],"replies":[{"embeddable":true,"href":"https:\/\/www.vita.sk\/en\/wp-json\/wp\/v2\/comments?post=22393"}],"wp:featuredmedia":[{"embeddable":true,"href":"https:\/\/www.vita.sk\/en\/wp-json\/wp\/v2\/media\/23670"}],"wp:attachment":[{"href":"https:\/\/www.vita.sk\/en\/wp-json\/wp\/v2\/media?parent=22393"}],"wp:term":[{"taxonomy":"product_brand","embeddable":true,"href":"https:\/\/www.vita.sk\/en\/wp-json\/wp\/v2\/product_brand?post=22393"},{"taxonomy":"product_cat","embeddable":true,"href":"https:\/\/www.vita.sk\/en\/wp-json\/wp\/v2\/product_cat?post=22393"},{"taxonomy":"product_tag","embeddable":true,"href":"https:\/\/www.vita.sk\/en\/wp-json\/wp\/v2\/product_tag?post=22393"}],"curies":[{"name":"wp","href":"https:\/\/api.w.org\/{rel}","templated":true}]}}