{"id":22395,"date":"2024-10-25T14:50:44","date_gmt":"2024-10-25T12:50:44","guid":{"rendered":"https:\/\/www.vita.sk\/?post_type=product&#038;p=22395"},"modified":"2025-05-14T14:28:35","modified_gmt":"2025-05-14T12:28:35","slug":"online-kurz-streamlit-python","status":"publish","type":"product","link":"https:\/\/www.vita.sk\/en\/online-kurz-streamlit-python\/","title":{"rendered":"Online kurz Framework Streamlit"},"content":{"rendered":"<p>Online kurz Framework Streamlit je pre v\u00e1s ide\u00e1lny, ak sa chcete nau\u010di\u0165, ako r\u00fdchlo vytv\u00e1ra\u0165 interakt\u00edvne webov\u00e9 aplik\u00e1cie v Pythone bez potreby pokro\u010dil\u00fdch znalost\u00ed webov\u00e9ho v\u00fdvoja. <strong>Ide o jedin\u00fd akreditovan\u00fd a certifikovan\u00fd online kurz na Streamlit a Python na Slovensku.<\/strong> V tomto kurze sa obozn\u00e1mite s pou\u017e\u00edvan\u00edm Streamlitu na zobrazovanie d\u00e1t, tvorbu grafov, formul\u00e1rov a filtrov. Streamlit umo\u017en\u00ed pou\u017e\u00edvate\u013eom dynamick\u00fa pr\u00e1cu s va\u0161imi d\u00e1tov\u00fdmi anal\u00fdzami. Nau\u010d\u00edte sa vytv\u00e1ra\u0165 p\u00fatav\u00e9 aplik\u00e1cie, ktor\u00e9 s\u00fa vhodn\u00e9 na prezent\u00e1ciu v\u00fdsledkov alebo anal\u00fdz priamo v prehliada\u010di. Budete tvori\u0165 pou\u017e\u00edvate\u013esk\u00e9 rozhrania s interakt\u00edvnymi prvkami, ako s\u00fa grafy, filtre alebo vstupn\u00e9 polia. Kurz v\u00e1m poskytne praktick\u00e9 zru\u010dnosti na v\u00fdvoj aplik\u00e1ci\u00ed, ktor\u00e9 m\u00f4\u017eu sl\u00fa\u017ei\u0165 na prezent\u00e1ciu d\u00e1tov\u00fdch anal\u00fdz, reportovanie \u010di analytick\u00e9 n\u00e1stroje na mieru. Budete pracova\u0165 na praktick\u00fdch pr\u00edkladoch, ako je anal\u00fdza filmov a anal\u00fdza hrub\u00e9ho dom\u00e1ceho produktu (HDP). Nau\u010d\u00edte sa tie\u017e, ako vytv\u00e1ra\u0165 prisp\u00f4sobite\u013en\u00e9 dashboardy pre dynamick\u00fa anal\u00fdzu a efekt\u00edvnu prezent\u00e1ciu d\u00e1t pre r\u00f4zne potreby. \u010cere\u0161ni\u010dkou na torte bud\u00fa odpor\u00fa\u010dania (best practices) pre pr\u00e1cu s grafmi a vizualiz\u00e1ciami, ktor\u00e9 odpor\u00fa\u010dame dodr\u017eiava\u0165. Ak sa chcete skuto\u010dne nau\u010di\u0165 tvori\u0165 modern\u00e9 aplik\u00e1cie a pracova\u0165 ako web developer alebo UX\/UI \u0161pecialista, tak toto je ide\u00e1lny vstupn\u00fd online kurz pre v\u00e1s.<\/p>\n","protected":false},"excerpt":{"rendered":"<p>Online kurz Framework Streamlit je pre v\u00e1s ide\u00e1lny, ak sa chcete nau\u010di\u0165, ako r\u00fdchlo vytv\u00e1ra\u0165 interakt\u00edvne webov\u00e9 aplik\u00e1cie v Pythone bez potreby pokro\u010dil\u00fdch znalost\u00ed webov\u00e9ho v\u00fdvoja. Ide o jedin\u00fd akreditovan\u00fd a certifikovan\u00fd online kurz na Streamlit a Python na Slovensku.","protected":false},"author":4,"featured_media":23642,"comment_status":"closed","ping_status":"closed","template":"","meta":{"_acf_changed":false},"product_brand":[],"product_cat":[99,106],"product_tag":[212,324,482],"class_list":{"0":"post-22395","1":"product","2":"type-product","3":"status-publish","4":"has-post-thumbnail","6":"product_cat-online-kurzy-programovacie-jazyky","7":"product_cat-online-kurzy-python","8":"product_tag-python","9":"product_tag-ux-ui","10":"product_tag-tvorba-webstranok","12":"first","13":"instock","14":"sale","15":"sold-individually","16":"taxable","17":"shipping-taxable","18":"purchasable","19":"product-type-simple"},"yoast_head":"<!-- This site is optimized with the Yoast SEO Premium plugin v25.0 (Yoast SEO v25.0) - https:\/\/yoast.com\/wordpress\/plugins\/seo\/ -->\n<title>Online kurz Framework Streamlit | VITA<\/title>\n<meta name=\"description\" content=\"V online kurze Streamlit v Pythone sa nau\u010d\u00edte vytv\u00e1ra\u0165 interakt\u00edvne d\u00e1tov\u00e9 aplik\u00e1cie vo frameworku Streamlit pre efekt\u00edvnu prezent\u00e1ciu d\u00e1t. \u2705\" \/>\n<meta name=\"robots\" content=\"index, follow, max-snippet:-1, max-image-preview:large, max-video-preview:-1\" \/>\n<link rel=\"canonical\" href=\"https:\/\/www.vita.sk\/online-kurz-streamlit-python\/\" \/>\n<meta property=\"og:locale\" content=\"en_US\" \/>\n<meta property=\"og:type\" content=\"article\" \/>\n<meta property=\"og:title\" content=\"Online kurz Framework Streamlit\" \/>\n<meta property=\"og:description\" content=\"V online kurze Streamlit v Pythone sa nau\u010d\u00edte vytv\u00e1ra\u0165 interakt\u00edvne d\u00e1tov\u00e9 aplik\u00e1cie vo frameworku Streamlit pre efekt\u00edvnu prezent\u00e1ciu d\u00e1t. \u2705\" \/>\n<meta property=\"og:url\" content=\"https:\/\/www.vita.sk\/online-kurz-streamlit-python\/\" \/>\n<meta property=\"og:site_name\" content=\"VITA\" \/>\n<meta property=\"article:publisher\" content=\"https:\/\/www.facebook.com\/VitaAcademySK\" \/>\n<meta property=\"article:modified_time\" content=\"2025-05-14T12:28:35+00:00\" \/>\n<meta property=\"og:image\" content=\"https:\/\/www.vita.sk\/wp-content\/uploads\/2025\/01\/kurz_streamlit.png\" \/>\n\t<meta property=\"og:image:width\" content=\"360\" \/>\n\t<meta property=\"og:image:height\" content=\"360\" \/>\n\t<meta property=\"og:image:type\" content=\"image\/png\" \/>\n<meta name=\"twitter:card\" content=\"summary_large_image\" \/>\n<meta name=\"twitter:label1\" content=\"Est. reading time\" \/>\n\t<meta name=\"twitter:data1\" content=\"2 minutes\" \/>\n<script type=\"application\/ld+json\" class=\"yoast-schema-graph\">{\n\t    \"@context\": \"https:\/\/schema.org\",\n\t    \"@graph\": [\n\t        {\n\t            \"@type\": \"WebPage\",\n\t            \"@id\": \"https:\/\/www.vita.sk\/online-kurz-streamlit-python\/\",\n\t            \"url\": \"https:\/\/www.vita.sk\/online-kurz-streamlit-python\/\",\n\t            \"name\": \"Online kurz Framework Streamlit | VITA\",\n\t            \"isPartOf\": {\n\t                \"@id\": \"https:\/\/www.vita.sk\/#website\"\n\t            },\n\t            \"primaryImageOfPage\": {\n\t                \"@id\": \"https:\/\/www.vita.sk\/online-kurz-streamlit-python\/#primaryimage\"\n\t            },\n\t            \"image\": {\n\t                \"@id\": \"https:\/\/www.vita.sk\/online-kurz-streamlit-python\/#primaryimage\"\n\t            },\n\t            \"thumbnailUrl\": \"https:\/\/www.vita.sk\/wp-content\/uploads\/2025\/01\/kurz_streamlit.png\",\n\t            \"datePublished\": \"2024-10-25T12:50:44+00:00\",\n\t            \"dateModified\": \"2025-05-14T12:28:35+00:00\",\n\t            \"description\": \"V online kurze Streamlit v Pythone sa nau\u010d\u00edte vytv\u00e1ra\u0165 interakt\u00edvne d\u00e1tov\u00e9 aplik\u00e1cie vo frameworku Streamlit pre efekt\u00edvnu prezent\u00e1ciu d\u00e1t. \u2705\",\n\t            \"breadcrumb\": {\n\t                \"@id\": \"https:\/\/www.vita.sk\/online-kurz-streamlit-python\/#breadcrumb\"\n\t            },\n\t            \"inLanguage\": \"en-US\",\n\t            \"potentialAction\": [\n\t                {\n\t                    \"@type\": \"ReadAction\",\n\t                    \"target\": [\n\t                        \"https:\/\/www.vita.sk\/online-kurz-streamlit-python\/\"\n\t                    ]\n\t                }\n\t            ]\n\t        },\n\t        {\n\t            \"@type\": \"ImageObject\",\n\t            \"inLanguage\": \"en-US\",\n\t            \"@id\": \"https:\/\/www.vita.sk\/online-kurz-streamlit-python\/#primaryimage\",\n\t            \"url\": \"https:\/\/www.vita.sk\/wp-content\/uploads\/2025\/01\/kurz_streamlit.png\",\n\t            \"contentUrl\": \"https:\/\/www.vita.sk\/wp-content\/uploads\/2025\/01\/kurz_streamlit.png\",\n\t            \"width\": 360,\n\t            \"height\": 360,\n\t            \"caption\": \"online kurz Framework Streamlit\"\n\t        },\n\t        {\n\t            \"@type\": \"BreadcrumbList\",\n\t            \"@id\": \"https:\/\/www.vita.sk\/online-kurz-streamlit-python\/#breadcrumb\",\n\t            \"itemListElement\": [\n\t                {\n\t                    \"@type\": \"ListItem\",\n\t                    \"position\": 1,\n\t                    \"name\": \"VITA Academy\",\n\t                    \"item\": \"https:\/\/www.vita.sk\/en\/\"\n\t                },\n\t                {\n\t                    \"@type\": \"ListItem\",\n\t                    \"position\": 2,\n\t                    \"name\": \"Shop\",\n\t                    \"item\": \"https:\/\/www.vita.sk\/shop\/\"\n\t                },\n\t                {\n\t                    \"@type\": \"ListItem\",\n\t                    \"position\": 3,\n\t                    \"name\": \"Programovacie Jazyky\",\n\t                    \"item\": \"https:\/\/www.vita.sk\/online-kurzy-programovacie-jazyky\/\"\n\t                },\n\t                {\n\t                    \"@type\": \"ListItem\",\n\t                    \"position\": 4,\n\t                    \"name\": \"Python\",\n\t                    \"item\": \"https:\/\/www.vita.sk\/online-kurzy-python\/\"\n\t                },\n\t                {\n\t                    \"@type\": \"ListItem\",\n\t                    \"position\": 5,\n\t                    \"name\": \"Online kurz Framework Streamlit\"\n\t                }\n\t            ]\n\t        },\n\t        {\n\t            \"@type\": \"WebSite\",\n\t            \"@id\": \"https:\/\/www.vita.sk\/#website\",\n\t            \"url\": \"https:\/\/www.vita.sk\/\",\n\t            \"name\": \"VITA\",\n\t            \"description\": \"\",\n\t            \"publisher\": {\n\t                \"@id\": \"https:\/\/www.vita.sk\/#organization\"\n\t            },\n\t            \"potentialAction\": [\n\t                {\n\t                    \"@type\": \"SearchAction\",\n\t                    \"target\": {\n\t                        \"@type\": \"EntryPoint\",\n\t                        \"urlTemplate\": \"https:\/\/www.vita.sk\/?s={search_term_string}\"\n\t                    },\n\t                    \"query-input\": {\n\t                        \"@type\": \"PropertyValueSpecification\",\n\t                        \"valueRequired\": true,\n\t                        \"valueName\": \"search_term_string\"\n\t                    }\n\t                }\n\t            ],\n\t            \"inLanguage\": \"en-US\"\n\t        },\n\t        {\n\t            \"email\": \"admin@vita.sk\",\n\t            \"logo\": \"https:\/\/www.vita.sk\/img\/vita_logo.png \",\n\t            \"address\": {\n\t                \"type\": \"PostalAddress\",\n\t                \"streetAddress\": \"Tom\u00e1\u0161ikova 50\/A\",\n\t                \"addressLocality\": \"Bratislava\",\n\t                \"postalCode\": \"83104\",\n\t                \"addressCountry\": {\n\t                    \"name\": \"SK\",\n\t                    \"type\": \"Country\"\n\t                }\n\t            },\n\t            \"contactPoint\": {\n\t                \"type\": \"ContactPoint\",\n\t                \"telephone\": \"+421 907 375\u00a0543\",\n\t                \"Email\": \"admin@vita.sk\",\n\t                \"contactType\": \"customer service\"\n\t            },\n\t            \"sameAs\": [\n\t                \"https:\/\/www.facebook.com\/VitaAcademySK\/\",\n\t                \"https:\/\/www.linkedin.com\/company\/vita-academy\/\"\n\t            ]\n\t        }\n\t    ]\n\t}<\/script>\n<!-- \/ Yoast SEO Premium plugin. -->","yoast_head_json":{"title":"Online kurz Framework Streamlit | VITA","description":"V online kurze Streamlit v Pythone sa nau\u010d\u00edte vytv\u00e1ra\u0165 interakt\u00edvne d\u00e1tov\u00e9 aplik\u00e1cie vo frameworku Streamlit pre efekt\u00edvnu prezent\u00e1ciu d\u00e1t. \u2705","robots":{"index":"index","follow":"follow","max-snippet":"max-snippet:-1","max-image-preview":"max-image-preview:large","max-video-preview":"max-video-preview:-1"},"canonical":"https:\/\/www.vita.sk\/online-kurz-streamlit-python\/","og_locale":"en_US","og_type":"article","og_title":"Online kurz Framework Streamlit","og_description":"V online kurze Streamlit v Pythone sa nau\u010d\u00edte vytv\u00e1ra\u0165 interakt\u00edvne d\u00e1tov\u00e9 aplik\u00e1cie vo frameworku Streamlit pre efekt\u00edvnu prezent\u00e1ciu d\u00e1t. \u2705","og_url":"https:\/\/www.vita.sk\/online-kurz-streamlit-python\/","og_site_name":"VITA","article_publisher":"https:\/\/www.facebook.com\/VitaAcademySK","article_modified_time":"2025-05-14T12:28:35+00:00","og_image":[{"width":360,"height":360,"url":"https:\/\/www.vita.sk\/wp-content\/uploads\/2025\/01\/kurz_streamlit.png","type":"image\/png"}],"twitter_card":"summary_large_image","twitter_misc":{"Est. reading time":"2 minutes"},"schema":{"@context":"https:\/\/schema.org","@graph":[{"@type":"WebPage","@id":"https:\/\/www.vita.sk\/online-kurz-streamlit-python\/","url":"https:\/\/www.vita.sk\/online-kurz-streamlit-python\/","name":"Online kurz Framework Streamlit | VITA","isPartOf":{"@id":"https:\/\/www.vita.sk\/#website"},"primaryImageOfPage":{"@id":"https:\/\/www.vita.sk\/online-kurz-streamlit-python\/#primaryimage"},"image":{"@id":"https:\/\/www.vita.sk\/online-kurz-streamlit-python\/#primaryimage"},"thumbnailUrl":"https:\/\/www.vita.sk\/wp-content\/uploads\/2025\/01\/kurz_streamlit.png","datePublished":"2024-10-25T12:50:44+00:00","dateModified":"2025-05-14T12:28:35+00:00","description":"V online kurze Streamlit v Pythone sa nau\u010d\u00edte vytv\u00e1ra\u0165 interakt\u00edvne d\u00e1tov\u00e9 aplik\u00e1cie vo frameworku Streamlit pre efekt\u00edvnu prezent\u00e1ciu d\u00e1t. \u2705","breadcrumb":{"@id":"https:\/\/www.vita.sk\/online-kurz-streamlit-python\/#breadcrumb"},"inLanguage":"en-US","potentialAction":[{"@type":"ReadAction","target":["https:\/\/www.vita.sk\/online-kurz-streamlit-python\/"]}]},{"@type":"ImageObject","inLanguage":"en-US","@id":"https:\/\/www.vita.sk\/online-kurz-streamlit-python\/#primaryimage","url":"https:\/\/www.vita.sk\/wp-content\/uploads\/2025\/01\/kurz_streamlit.png","contentUrl":"https:\/\/www.vita.sk\/wp-content\/uploads\/2025\/01\/kurz_streamlit.png","width":360,"height":360,"caption":"online kurz Framework Streamlit"},{"@type":"BreadcrumbList","@id":"https:\/\/www.vita.sk\/online-kurz-streamlit-python\/#breadcrumb","itemListElement":[{"@type":"ListItem","position":1,"name":"VITA Academy","item":"https:\/\/www.vita.sk\/en\/"},{"@type":"ListItem","position":2,"name":"Shop","item":"https:\/\/www.vita.sk\/shop\/"},{"@type":"ListItem","position":3,"name":"Programovacie Jazyky","item":"https:\/\/www.vita.sk\/online-kurzy-programovacie-jazyky\/"},{"@type":"ListItem","position":4,"name":"Python","item":"https:\/\/www.vita.sk\/online-kurzy-python\/"},{"@type":"ListItem","position":5,"name":"Online kurz Framework Streamlit"}]},{"@type":"WebSite","@id":"https:\/\/www.vita.sk\/#website","url":"https:\/\/www.vita.sk\/","name":"VITA","description":"","publisher":{"@id":"https:\/\/www.vita.sk\/#organization"},"potentialAction":[{"@type":"SearchAction","target":{"@type":"EntryPoint","urlTemplate":"https:\/\/www.vita.sk\/?s={search_term_string}"},"query-input":{"@type":"PropertyValueSpecification","valueRequired":true,"valueName":"search_term_string"}}],"inLanguage":"en-US"},{"email":"admin@vita.sk","logo":"https:\/\/www.vita.sk\/img\/vita_logo.png ","address":{"type":"PostalAddress","streetAddress":"Tom\u00e1\u0161ikova 50\/A","addressLocality":"Bratislava","postalCode":"83104","addressCountry":{"name":"SK","type":"Country"}},"contactPoint":{"type":"ContactPoint","telephone":"+421 907 375\u00a0543","Email":"admin@vita.sk","contactType":"customer service"},"sameAs":["https:\/\/www.facebook.com\/VitaAcademySK\/","https:\/\/www.linkedin.com\/company\/vita-academy\/"]}]}},"acf":[],"_links":{"self":[{"href":"https:\/\/www.vita.sk\/en\/wp-json\/wp\/v2\/product\/22395","targetHints":{"allow":["GET"]}}],"collection":[{"href":"https:\/\/www.vita.sk\/en\/wp-json\/wp\/v2\/product"}],"about":[{"href":"https:\/\/www.vita.sk\/en\/wp-json\/wp\/v2\/types\/product"}],"author":[{"embeddable":true,"href":"https:\/\/www.vita.sk\/en\/wp-json\/wp\/v2\/users\/4"}],"replies":[{"embeddable":true,"href":"https:\/\/www.vita.sk\/en\/wp-json\/wp\/v2\/comments?post=22395"}],"wp:featuredmedia":[{"embeddable":true,"href":"https:\/\/www.vita.sk\/en\/wp-json\/wp\/v2\/media\/23642"}],"wp:attachment":[{"href":"https:\/\/www.vita.sk\/en\/wp-json\/wp\/v2\/media?parent=22395"}],"wp:term":[{"taxonomy":"product_brand","embeddable":true,"href":"https:\/\/www.vita.sk\/en\/wp-json\/wp\/v2\/product_brand?post=22395"},{"taxonomy":"product_cat","embeddable":true,"href":"https:\/\/www.vita.sk\/en\/wp-json\/wp\/v2\/product_cat?post=22395"},{"taxonomy":"product_tag","embeddable":true,"href":"https:\/\/www.vita.sk\/en\/wp-json\/wp\/v2\/product_tag?post=22395"}],"curies":[{"name":"wp","href":"https:\/\/api.w.org\/{rel}","templated":true}]}}