{"id":22995,"date":"2024-12-01T16:42:31","date_gmt":"2024-12-01T15:42:31","guid":{"rendered":"https:\/\/www.vita.sk\/?post_type=product&#038;p=22995"},"modified":"2025-12-07T18:54:34","modified_gmt":"2025-12-07T17:54:34","slug":"online-kurz-podnikanie-a-eshop-ii-mierne-pokrocily","status":"publish","type":"product","link":"https:\/\/www.vita.sk\/en\/online-kurz-podnikanie-a-eshop-ii-mierne-pokrocily\/","title":{"rendered":"Online kurz Podnikanie a Eshop II. Mierne Pokro\u010dil\u00fd"},"content":{"rendered":"<p>Online kurz Podnikanie a Eshop II. Mierne Pokro\u010dil\u00fd je pre v\u00e1s ide\u00e1lny, ak sa chcete nau\u010di\u0165 automatizova\u0165 podnikov\u00e9 procesy, efekt\u00edvne riadi\u0165 projekty a z\u00edska\u0165 pokro\u010dil\u00e9 zru\u010dnosti v spr\u00e1ve eshopu. <strong>Ide o akreditovan\u00fd a certifikovan\u00fd kurz na Podnikanie a WordPress WooCommerce.<\/strong> V tomto kurze sa zameriate na automatiz\u00e1ciu podnikania a firemn\u00fdch procesov. Nau\u010d\u00edte sa identifikova\u0165 a vyu\u017e\u00edva\u0165 obchodn\u00e9 udalosti vo va\u0161om podnikan\u00ed, modelova\u0165 podnikov\u00e9 procesy s pou\u017eit\u00edm br\u00e1n a analyzova\u0165 vzory procesov, ako s\u00fa objedn\u00e1vky, evidencia z\u00e1kazok \u010di reklam\u00e1cie tovaru. Osvoj\u00edte si z\u00e1klady projektov\u00e9ho mana\u017ementu, vr\u00e1tane \u00faloh mana\u017e\u00e9ra, projektov\u00fdch rol\u00ed a zd\u00f4vodnenia projektov pod\u013ea metodiky PRINCE2. Dozviete sa, ako pripravi\u0165 projekt pred jeho za\u010dat\u00edm a ako strategicky riadi\u0165 projekty vo firme. Kurz v\u00e1s obozn\u00e1mi s riaden\u00edm riz\u00edk a incident mana\u017ementom v praxi. Pochop\u00edte, \u010do je riziko a ako ho mana\u017eova\u0165, ako sledova\u0165 dostupnos\u0165 slu\u017eieb a efekt\u00edvne rie\u0161i\u0165 incidenty. Z\u00edskate praktick\u00e9 podnikate\u013esk\u00e9 tipy a triky z praxe, ktor\u00e9 v\u00e1m uk\u00e1\u017eu, ako zar\u00e1ba\u0165 alebo podnika\u0165 ako market\u00e9r \u010di mana\u017e\u00e9r. Tieto poznatky s\u00fa rozdelen\u00e9 do dvoch \u010dast\u00ed, aby ste ich mohli \u013eah\u0161ie aplikova\u0165 vo svojom podnikan\u00ed. V oblasti spr\u00e1vy eshopu sa nau\u010d\u00edte, ako exportova\u0165 a importova\u0165 produkty vo WooCommerce, kategorizova\u0165 n\u00e1klady a ur\u010dova\u0165 mar\u017eu pre financie firmy a eshopu. Kurz v\u00e1m poskytne \u00favod do mana\u017e\u00e9rskeho \u00fa\u010dtovn\u00edctva, spracovania v\u00e4\u010d\u0161\u00edch d\u00e1t, na\u010d\u00edtania d\u00e1t z webu alebo Finstatu a r\u00fdchlej anal\u00fdzy d\u00e1t pomocou AI v Microsoft Excel. Nau\u010d\u00edte sa tie\u017e vytv\u00e1ra\u0165 a spravova\u0165 \u010dasov\u00e9 v\u00fdkazy (time sheets) v Microsoft Excel. Absolvovan\u00edm tohto kurzu z\u00edskate pokro\u010dil\u00e9 znalosti a praktick\u00e9 zru\u010dnosti potrebn\u00e9 na efekt\u00edvne riadenie v\u00e1\u0161ho eshopu a podnikania, \u010do v\u00e1m poskytne konkuren\u010dn\u00fa v\u00fdhodu na trhu. Ak sa chcete skuto\u010dne nau\u010di\u0165 automatizova\u0165 a optimalizova\u0165 svoje podnikanie, tento online kurz je pre v\u00e1s ide\u00e1lnou vo\u013ebou.<\/p>\n","protected":false},"excerpt":{"rendered":"<p>Online kurz Podnikanie a Eshop II. Mierne Pokro\u010dil\u00fd v\u00e1s nau\u010d\u00ed efekt\u00edvne riadi\u0165, optimalizova\u0165 a \u0161k\u00e1lova\u0165 podnikanie s d\u00f4razom na predaj, marketing, logistiku, financie a prev\u00e1dzku eshopu. Kurz rozv\u00edja va\u0161e existuj\u00face znalosti a priprav\u00ed v\u00e1s na profesion\u00e1lne rozhodovanie v online podnikan\u00ed aj v konkuren\u010dnom prostred\u00ed.","protected":false},"author":4,"featured_media":4436,"comment_status":"open","ping_status":"closed","template":"","meta":{"_acf_changed":false},"product_brand":[],"product_cat":[465,70,73],"product_tag":[183],"class_list":{"0":"post-22995","1":"product","2":"type-product","3":"status-publish","4":"has-post-thumbnail","6":"product_cat-podnikanie-a-eshop","7":"product_cat-online-kurzy-marketing-reklama-a-pravo","8":"product_cat-bez-kategorie","9":"product_tag-marketing","11":"first","12":"instock","13":"sale","14":"sold-individually","15":"taxable","16":"shipping-taxable","17":"purchasable","18":"product-type-simple"},"yoast_head":"<!-- This site is optimized with the Yoast SEO Premium plugin v25.0 (Yoast SEO v25.0) - https:\/\/yoast.com\/wordpress\/plugins\/seo\/ -->\n<title>Online kurz Podnikanie a Eshop 2026 | VITA<\/title>\n<meta name=\"description\" content=\"V online kurze Podnikanie a Eshop sa nau\u010d\u00edte, ako \u00faspe\u0161ne podnika\u0165 a ako va\u0161e podnikanie posun\u00fa\u0165 \u010do naj\u010falej a efekt\u00edvne spravova\u0165 eshop. \u2705\" \/>\n<meta name=\"robots\" content=\"index, follow, max-snippet:-1, max-image-preview:large, max-video-preview:-1\" \/>\n<link rel=\"canonical\" href=\"https:\/\/www.vita.sk\/online-kurz-podnikanie-a-eshop-ii-mierne-pokrocily\/\" \/>\n<meta property=\"og:locale\" content=\"en_US\" \/>\n<meta property=\"og:type\" content=\"article\" \/>\n<meta property=\"og:title\" content=\"Online kurz Podnikanie a Eshop II. Mierne Pokro\u010dil\u00fd\" \/>\n<meta property=\"og:description\" content=\"V online kurze Podnikanie a Eshop sa nau\u010d\u00edte, ako \u00faspe\u0161ne podnika\u0165 a ako va\u0161e podnikanie posun\u00fa\u0165 \u010do naj\u010falej a efekt\u00edvne spravova\u0165 eshop. \u2705\" \/>\n<meta property=\"og:url\" content=\"https:\/\/www.vita.sk\/online-kurz-podnikanie-a-eshop-ii-mierne-pokrocily\/\" \/>\n<meta property=\"og:site_name\" content=\"VITA\" \/>\n<meta property=\"article:publisher\" content=\"https:\/\/www.facebook.com\/VitaAcademySK\" \/>\n<meta property=\"article:modified_time\" content=\"2025-12-07T17:54:34+00:00\" \/>\n<meta property=\"og:image\" content=\"https:\/\/www.vita.sk\/wp-content\/uploads\/2020\/11\/kurz_Podnikanie.png\" \/>\n\t<meta property=\"og:image:width\" content=\"360\" \/>\n\t<meta property=\"og:image:height\" content=\"360\" \/>\n\t<meta property=\"og:image:type\" content=\"image\/png\" \/>\n<meta name=\"twitter:card\" content=\"summary_large_image\" \/>\n<meta name=\"twitter:label1\" content=\"Est. reading time\" \/>\n\t<meta name=\"twitter:data1\" content=\"2 minutes\" \/>\n<script type=\"application\/ld+json\" class=\"yoast-schema-graph\">{\n\t    \"@context\": \"https:\/\/schema.org\",\n\t    \"@graph\": [\n\t        {\n\t            \"@type\": \"WebPage\",\n\t            \"@id\": \"https:\/\/www.vita.sk\/online-kurz-podnikanie-a-eshop-ii-mierne-pokrocily\/\",\n\t            \"url\": \"https:\/\/www.vita.sk\/online-kurz-podnikanie-a-eshop-ii-mierne-pokrocily\/\",\n\t            \"name\": \"Online kurz Podnikanie a Eshop {Y} | VITA\",\n\t            \"isPartOf\": {\n\t                \"@id\": \"https:\/\/www.vita.sk\/#website\"\n\t            },\n\t            \"primaryImageOfPage\": {\n\t                \"@id\": \"https:\/\/www.vita.sk\/online-kurz-podnikanie-a-eshop-ii-mierne-pokrocily\/#primaryimage\"\n\t            },\n\t            \"image\": {\n\t                \"@id\": \"https:\/\/www.vita.sk\/online-kurz-podnikanie-a-eshop-ii-mierne-pokrocily\/#primaryimage\"\n\t            },\n\t            \"thumbnailUrl\": \"https:\/\/www.vita.sk\/wp-content\/uploads\/2020\/11\/kurz_Podnikanie.png\",\n\t            \"datePublished\": \"2024-12-01T15:42:31+00:00\",\n\t            \"dateModified\": \"2025-12-07T17:54:34+00:00\",\n\t            \"description\": \"V online kurze Podnikanie a Eshop sa nau\u010d\u00edte, ako \u00faspe\u0161ne podnika\u0165 a ako va\u0161e podnikanie posun\u00fa\u0165 \u010do naj\u010falej a efekt\u00edvne spravova\u0165 eshop. \u2705\",\n\t            \"breadcrumb\": {\n\t                \"@id\": \"https:\/\/www.vita.sk\/online-kurz-podnikanie-a-eshop-ii-mierne-pokrocily\/#breadcrumb\"\n\t            },\n\t            \"inLanguage\": \"en-US\",\n\t            \"potentialAction\": [\n\t                {\n\t                    \"@type\": \"ReadAction\",\n\t                    \"target\": [\n\t                        \"https:\/\/www.vita.sk\/online-kurz-podnikanie-a-eshop-ii-mierne-pokrocily\/\"\n\t                    ]\n\t                }\n\t            ]\n\t        },\n\t        {\n\t            \"@type\": \"ImageObject\",\n\t            \"inLanguage\": \"en-US\",\n\t            \"@id\": \"https:\/\/www.vita.sk\/online-kurz-podnikanie-a-eshop-ii-mierne-pokrocily\/#primaryimage\",\n\t            \"url\": \"https:\/\/www.vita.sk\/wp-content\/uploads\/2020\/11\/kurz_Podnikanie.png\",\n\t            \"contentUrl\": \"https:\/\/www.vita.sk\/wp-content\/uploads\/2020\/11\/kurz_Podnikanie.png\",\n\t            \"width\": 360,\n\t            \"height\": 360,\n\t            \"caption\": \"Online kurz Podnikanie\"\n\t        },\n\t        {\n\t            \"@type\": \"BreadcrumbList\",\n\t            \"@id\": \"https:\/\/www.vita.sk\/online-kurz-podnikanie-a-eshop-ii-mierne-pokrocily\/#breadcrumb\",\n\t            \"itemListElement\": [\n\t                {\n\t                    \"@type\": \"ListItem\",\n\t                    \"position\": 1,\n\t                    \"name\": \"VITA Academy\",\n\t                    \"item\": \"https:\/\/www.vita.sk\/en\/\"\n\t                },\n\t                {\n\t                    \"@type\": \"ListItem\",\n\t                    \"position\": 2,\n\t                    \"name\": \"Shop\",\n\t                    \"item\": \"https:\/\/www.vita.sk\/shop\/\"\n\t                },\n\t                {\n\t                    \"@type\": \"ListItem\",\n\t                    \"position\": 3,\n\t                    \"name\": \"Marketing, Reklama a Pr\u00e1vo\",\n\t                    \"item\": \"https:\/\/www.vita.sk\/online-kurzy-marketing-reklama-a-pravo\/\"\n\t                },\n\t                {\n\t                    \"@type\": \"ListItem\",\n\t                    \"position\": 4,\n\t                    \"name\": \"Online kurz Podnikanie a Eshop II. Mierne Pokro\u010dil\u00fd\"\n\t                }\n\t            ]\n\t        },\n\t        {\n\t            \"@type\": \"WebSite\",\n\t            \"@id\": \"https:\/\/www.vita.sk\/#website\",\n\t            \"url\": \"https:\/\/www.vita.sk\/\",\n\t            \"name\": \"VITA\",\n\t            \"description\": \"\",\n\t            \"publisher\": {\n\t                \"@id\": \"https:\/\/www.vita.sk\/#organization\"\n\t            },\n\t            \"potentialAction\": [\n\t                {\n\t                    \"@type\": \"SearchAction\",\n\t                    \"target\": {\n\t                        \"@type\": \"EntryPoint\",\n\t                        \"urlTemplate\": \"https:\/\/www.vita.sk\/?s={search_term_string}\"\n\t                    },\n\t                    \"query-input\": {\n\t                        \"@type\": \"PropertyValueSpecification\",\n\t                        \"valueRequired\": true,\n\t                        \"valueName\": \"search_term_string\"\n\t                    }\n\t                }\n\t            ],\n\t            \"inLanguage\": \"en-US\"\n\t        },\n\t        {\n\t            \"email\": \"admin@vita.sk\",\n\t            \"logo\": \"https:\/\/www.vita.sk\/img\/vita_logo.png \",\n\t            \"address\": {\n\t                \"type\": \"PostalAddress\",\n\t                \"streetAddress\": \"Tom\u00e1\u0161ikova 50\/A\",\n\t                \"addressLocality\": \"Bratislava\",\n\t                \"postalCode\": \"83104\",\n\t                \"addressCountry\": {\n\t                    \"name\": \"SK\",\n\t                    \"type\": \"Country\"\n\t                }\n\t            },\n\t            \"contactPoint\": {\n\t                \"type\": \"ContactPoint\",\n\t                \"telephone\": \"+421 907 375\u00a0543\",\n\t                \"Email\": \"admin@vita.sk\",\n\t                \"contactType\": \"customer service\"\n\t            },\n\t            \"sameAs\": [\n\t                \"https:\/\/www.facebook.com\/VitaAcademySK\/\",\n\t                \"https:\/\/www.linkedin.com\/company\/vita-academy\/\"\n\t            ]\n\t        }\n\t    ]\n\t}<\/script>\n<!-- \/ Yoast SEO Premium plugin. -->","yoast_head_json":{"title":"Online kurz Podnikanie a Eshop 2026 | VITA","description":"V online kurze Podnikanie a Eshop sa nau\u010d\u00edte, ako \u00faspe\u0161ne podnika\u0165 a ako va\u0161e podnikanie posun\u00fa\u0165 \u010do naj\u010falej a efekt\u00edvne spravova\u0165 eshop. \u2705","robots":{"index":"index","follow":"follow","max-snippet":"max-snippet:-1","max-image-preview":"max-image-preview:large","max-video-preview":"max-video-preview:-1"},"canonical":"https:\/\/www.vita.sk\/online-kurz-podnikanie-a-eshop-ii-mierne-pokrocily\/","og_locale":"en_US","og_type":"article","og_title":"Online kurz Podnikanie a Eshop II. Mierne Pokro\u010dil\u00fd","og_description":"V online kurze Podnikanie a Eshop sa nau\u010d\u00edte, ako \u00faspe\u0161ne podnika\u0165 a ako va\u0161e podnikanie posun\u00fa\u0165 \u010do naj\u010falej a efekt\u00edvne spravova\u0165 eshop. \u2705","og_url":"https:\/\/www.vita.sk\/online-kurz-podnikanie-a-eshop-ii-mierne-pokrocily\/","og_site_name":"VITA","article_publisher":"https:\/\/www.facebook.com\/VitaAcademySK","article_modified_time":"2025-12-07T17:54:34+00:00","og_image":[{"width":360,"height":360,"url":"https:\/\/www.vita.sk\/wp-content\/uploads\/2020\/11\/kurz_Podnikanie.png","type":"image\/png"}],"twitter_card":"summary_large_image","twitter_misc":{"Est. reading time":"2 minutes"},"schema":{"@context":"https:\/\/schema.org","@graph":[{"@type":"WebPage","@id":"https:\/\/www.vita.sk\/online-kurz-podnikanie-a-eshop-ii-mierne-pokrocily\/","url":"https:\/\/www.vita.sk\/online-kurz-podnikanie-a-eshop-ii-mierne-pokrocily\/","name":"Online kurz Podnikanie a Eshop {Y} | VITA","isPartOf":{"@id":"https:\/\/www.vita.sk\/#website"},"primaryImageOfPage":{"@id":"https:\/\/www.vita.sk\/online-kurz-podnikanie-a-eshop-ii-mierne-pokrocily\/#primaryimage"},"image":{"@id":"https:\/\/www.vita.sk\/online-kurz-podnikanie-a-eshop-ii-mierne-pokrocily\/#primaryimage"},"thumbnailUrl":"https:\/\/www.vita.sk\/wp-content\/uploads\/2020\/11\/kurz_Podnikanie.png","datePublished":"2024-12-01T15:42:31+00:00","dateModified":"2025-12-07T17:54:34+00:00","description":"V online kurze Podnikanie a Eshop sa nau\u010d\u00edte, ako \u00faspe\u0161ne podnika\u0165 a ako va\u0161e podnikanie posun\u00fa\u0165 \u010do naj\u010falej a efekt\u00edvne spravova\u0165 eshop. \u2705","breadcrumb":{"@id":"https:\/\/www.vita.sk\/online-kurz-podnikanie-a-eshop-ii-mierne-pokrocily\/#breadcrumb"},"inLanguage":"en-US","potentialAction":[{"@type":"ReadAction","target":["https:\/\/www.vita.sk\/online-kurz-podnikanie-a-eshop-ii-mierne-pokrocily\/"]}]},{"@type":"ImageObject","inLanguage":"en-US","@id":"https:\/\/www.vita.sk\/online-kurz-podnikanie-a-eshop-ii-mierne-pokrocily\/#primaryimage","url":"https:\/\/www.vita.sk\/wp-content\/uploads\/2020\/11\/kurz_Podnikanie.png","contentUrl":"https:\/\/www.vita.sk\/wp-content\/uploads\/2020\/11\/kurz_Podnikanie.png","width":360,"height":360,"caption":"Online kurz Podnikanie"},{"@type":"BreadcrumbList","@id":"https:\/\/www.vita.sk\/online-kurz-podnikanie-a-eshop-ii-mierne-pokrocily\/#breadcrumb","itemListElement":[{"@type":"ListItem","position":1,"name":"VITA Academy","item":"https:\/\/www.vita.sk\/en\/"},{"@type":"ListItem","position":2,"name":"Shop","item":"https:\/\/www.vita.sk\/shop\/"},{"@type":"ListItem","position":3,"name":"Marketing, Reklama a Pr\u00e1vo","item":"https:\/\/www.vita.sk\/online-kurzy-marketing-reklama-a-pravo\/"},{"@type":"ListItem","position":4,"name":"Online kurz Podnikanie a Eshop II. Mierne Pokro\u010dil\u00fd"}]},{"@type":"WebSite","@id":"https:\/\/www.vita.sk\/#website","url":"https:\/\/www.vita.sk\/","name":"VITA","description":"","publisher":{"@id":"https:\/\/www.vita.sk\/#organization"},"potentialAction":[{"@type":"SearchAction","target":{"@type":"EntryPoint","urlTemplate":"https:\/\/www.vita.sk\/?s={search_term_string}"},"query-input":{"@type":"PropertyValueSpecification","valueRequired":true,"valueName":"search_term_string"}}],"inLanguage":"en-US"},{"email":"admin@vita.sk","logo":"https:\/\/www.vita.sk\/img\/vita_logo.png ","address":{"type":"PostalAddress","streetAddress":"Tom\u00e1\u0161ikova 50\/A","addressLocality":"Bratislava","postalCode":"83104","addressCountry":{"name":"SK","type":"Country"}},"contactPoint":{"type":"ContactPoint","telephone":"+421 907 375\u00a0543","Email":"admin@vita.sk","contactType":"customer service"},"sameAs":["https:\/\/www.facebook.com\/VitaAcademySK\/","https:\/\/www.linkedin.com\/company\/vita-academy\/"]}]}},"acf":[],"_links":{"self":[{"href":"https:\/\/www.vita.sk\/en\/wp-json\/wp\/v2\/product\/22995","targetHints":{"allow":["GET"]}}],"collection":[{"href":"https:\/\/www.vita.sk\/en\/wp-json\/wp\/v2\/product"}],"about":[{"href":"https:\/\/www.vita.sk\/en\/wp-json\/wp\/v2\/types\/product"}],"author":[{"embeddable":true,"href":"https:\/\/www.vita.sk\/en\/wp-json\/wp\/v2\/users\/4"}],"replies":[{"embeddable":true,"href":"https:\/\/www.vita.sk\/en\/wp-json\/wp\/v2\/comments?post=22995"}],"wp:featuredmedia":[{"embeddable":true,"href":"https:\/\/www.vita.sk\/en\/wp-json\/wp\/v2\/media\/4436"}],"wp:attachment":[{"href":"https:\/\/www.vita.sk\/en\/wp-json\/wp\/v2\/media?parent=22995"}],"wp:term":[{"taxonomy":"product_brand","embeddable":true,"href":"https:\/\/www.vita.sk\/en\/wp-json\/wp\/v2\/product_brand?post=22995"},{"taxonomy":"product_cat","embeddable":true,"href":"https:\/\/www.vita.sk\/en\/wp-json\/wp\/v2\/product_cat?post=22995"},{"taxonomy":"product_tag","embeddable":true,"href":"https:\/\/www.vita.sk\/en\/wp-json\/wp\/v2\/product_tag?post=22995"}],"curies":[{"name":"wp","href":"https:\/\/api.w.org\/{rel}","templated":true}]}}