{"id":23106,"date":"2024-12-10T15:46:06","date_gmt":"2024-12-10T14:46:06","guid":{"rendered":"https:\/\/www.vita.sk\/?post_type=product&#038;p=23106"},"modified":"2024-12-23T19:12:33","modified_gmt":"2024-12-23T18:12:33","slug":"online-kurz-microsoft-excel-financne-a-uctovnicke-funkcie","status":"publish","type":"product","link":"https:\/\/www.vita.sk\/en\/online-kurz-microsoft-excel-financne-a-uctovnicke-funkcie\/","title":{"rendered":"Online kurz Microsoft Excel &#8211; Finan\u010dn\u00e9 a \u00da\u010dtovn\u00edcke Funkcie"},"content":{"rendered":"<p>Online kurz Microsoft Excel \u2013 Finan\u010dn\u00e9 a \u00da\u010dtovn\u00edcke Funkcie je pre v\u00e1s ide\u00e1lny, ak sa chcete nau\u010di\u0165 spracov\u00e1va\u0165 komplexn\u00e9 finan\u010dn\u00e9 a \u00fa\u010dtovn\u00e9 v\u00fdpo\u010dty v prostred\u00ed Microsoft Excel. <strong>Ide o akreditovan\u00fd a certifikovan\u00fd kurz na Microsoft Excel \u2013 Finan\u010dn\u00e9 a \u00da\u010dtovn\u00edcke Funkcie. <\/strong>Kurz v\u00e1s prevedie z\u00e1kladmi finan\u010dn\u00fdch a \u00fa\u010dtovn\u00fdch funkci\u00ed, nau\u010d\u00edte sa efekt\u00edvne pracova\u0165 s d\u00e1tami, vytv\u00e1ra\u0165 tabu\u013eky a pou\u017e\u00edva\u0165 pokro\u010dil\u00e9 n\u00e1stroje na anal\u00fdzu \u00fadajov. Spozn\u00e1te princ\u00edpy pr\u00e1ce s h\u00e1rkami a pracovn\u00fdmi zo\u0161itmi, vr\u00e1tane tvorby datab\u00e1zov\u00fdch tabuliek a manipul\u00e1cie s ve\u013ek\u00fdm objemom d\u00e1t. Okrem toho sa nau\u010d\u00edte, ako z\u00edskava\u0165 a spracov\u00e1va\u0165 finan\u010dn\u00e9 \u00fadaje z online zdrojov, ako s\u00fa Finstat a Register \u00fa\u010dtovn\u00fdch z\u00e1vierok (RUZ), a efekt\u00edvne pou\u017e\u00edva\u0165 n\u00e1stroj Microsoft Power Query. Po\u010das kurzu zvl\u00e1dnete pou\u017e\u00edvanie k\u013e\u00fa\u010dov\u00fdch finan\u010dn\u00fdch a \u00fa\u010dtovn\u00fdch funkci\u00ed, ako s\u00fa PV, FV, NPV, PMT, SLN, DB a DDB, ktor\u00e9 s\u00fa z\u00e1kladom pre v\u00fdpo\u010dty s\u00favisiace s invest\u00edciami, odpisovan\u00edm a finan\u010dn\u00fdmi tokmi. Obozn\u00e1mite sa tie\u017e s rie\u0161en\u00edm \u00faloh pomocou n\u00e1stroja H\u013eadanie Rie\u0161enia (Goal Seek), \u010do v\u00e1m umo\u017en\u00ed optimalizova\u0165 finan\u010dn\u00e9 rozhodnutia a analyzova\u0165 r\u00f4zne scen\u00e1re. Kurz zah\u0155\u0148a aj pr\u00e1cu so \u0161tatistick\u00fdmi funkciami, ako s\u00fa STDEV.S, VAR.P, PERCENTIL a CORREL, ktor\u00e9 v\u00e1m pom\u00f4\u017eu vykon\u00e1va\u0165 anal\u00fdzu riz\u00edk a kvantifikova\u0165 finan\u010dn\u00e9 \u00fadaje. V z\u00e1vere\u010dn\u00fdch projektoch sa nau\u010d\u00edte spracov\u00e1va\u0165 \u00fa\u010dtovn\u00e9 s\u00favahy, vytv\u00e1ra\u0165 fakt\u00fary a analyzova\u0165 polo\u017eky produktov. Praktick\u00e9 \u00falohy a projekty v\u00e1m umo\u017enia pochopi\u0165, ako aplikova\u0165 tieto znalosti v re\u00e1lnom svete, \u010di u\u017e ide o firemn\u00e9 financie, \u00fa\u010dtovn\u00edctvo alebo anal\u00fdzu invest\u00edci\u00ed. Po absolvovan\u00ed kurzu budete ma\u0165 sol\u00eddny z\u00e1klad pre pr\u00e1cu s finan\u010dn\u00fdmi a \u00fa\u010dtovn\u00fdmi \u00fadajmi v Microsoft Excel, \u010do v\u00fdrazne zlep\u0161\u00ed va\u0161u efektivitu a odborn\u00e9 schopnosti. Ak h\u013ead\u00e1te ide\u00e1lny sp\u00f4sob, ako zvl\u00e1dnu\u0165 finan\u010dn\u00e9 a \u00fa\u010dtovn\u00e9 funkcie v Exceli, tento kurz je ur\u010den\u00fd pr\u00e1ve pre v\u00e1s.<\/p>\n","protected":false},"excerpt":{"rendered":"<p>Online kurz Microsoft Excel \u2013 Finan\u010dn\u00e9 a \u00da\u010dtovn\u00edcke Funkcie je pre v\u00e1s ide\u00e1lny, ak sa chcete nau\u010di\u0165 spracov\u00e1va\u0165 komplexn\u00e9 finan\u010dn\u00e9 a \u00fa\u010dtovn\u00e9 v\u00fdpo\u010dty v prostred\u00ed Microsoft Excel. Ide o akreditovan\u00fd a certifikovan\u00fd kurz na Microsoft Excel \u2013 Finan\u010dn\u00e9 a \u00da\u010dtovn\u00edcke Funkcie.","protected":false},"author":4,"featured_media":520,"comment_status":"open","ping_status":"closed","template":"","meta":{"_acf_changed":false},"product_brand":[],"product_cat":[67,587,66,73],"product_tag":[187,198],"class_list":{"0":"post-23106","1":"product","2":"type-product","3":"status-publish","4":"has-post-thumbnail","6":"product_cat-online-kurzy-microsoft-excel","7":"product_cat-online-kurzy-financie-uctovnictvo","8":"product_cat-online-kurzy-kancelarske-baliky","9":"product_cat-bez-kategorie","10":"product_tag-kancelarske-baliky","11":"product_tag-excel","13":"first","14":"instock","15":"sale","16":"sold-individually","17":"taxable","18":"shipping-taxable","19":"purchasable","20":"product-type-simple"},"yoast_head":"<!-- This site is optimized with the Yoast SEO Premium plugin v25.0 (Yoast SEO v25.0) - https:\/\/yoast.com\/wordpress\/plugins\/seo\/ -->\n<title>Online kurz Microsoft Excel Finan\u010dn\u00e9 \u00da\u010dtovn\u00e9 Funkcie  | VITA<\/title>\n<meta name=\"description\" content=\"V online kurze Microsoft Excel \u2013 Finan\u010dn\u00e9 a \u00da\u010dtovn\u00edcke Funkcie sa nau\u010d\u00edte pou\u017e\u00edva\u0165 funkcie na anal\u00fdzu finan\u010dn\u00fdch \u00fadajov a \u00fa\u010dtovn\u00edctva. \u2705\" \/>\n<meta name=\"robots\" content=\"index, follow, max-snippet:-1, max-image-preview:large, max-video-preview:-1\" \/>\n<link rel=\"canonical\" href=\"https:\/\/www.vita.sk\/online-kurz-microsoft-excel-financne-a-uctovnicke-funkcie\/\" \/>\n<meta property=\"og:locale\" content=\"en_US\" \/>\n<meta property=\"og:type\" content=\"article\" \/>\n<meta property=\"og:title\" content=\"Online kurz Microsoft Excel - Finan\u010dn\u00e9 a \u00da\u010dtovn\u00edcke Funkcie\" \/>\n<meta property=\"og:description\" content=\"V online kurze Microsoft Excel \u2013 Finan\u010dn\u00e9 a \u00da\u010dtovn\u00edcke Funkcie sa nau\u010d\u00edte pou\u017e\u00edva\u0165 funkcie na anal\u00fdzu finan\u010dn\u00fdch \u00fadajov a \u00fa\u010dtovn\u00edctva. \u2705\" \/>\n<meta property=\"og:url\" content=\"https:\/\/www.vita.sk\/online-kurz-microsoft-excel-financne-a-uctovnicke-funkcie\/\" \/>\n<meta property=\"og:site_name\" content=\"VITA\" \/>\n<meta property=\"article:publisher\" content=\"https:\/\/www.facebook.com\/VitaAcademySK\" \/>\n<meta property=\"article:modified_time\" content=\"2024-12-23T18:12:33+00:00\" \/>\n<meta property=\"og:image\" content=\"https:\/\/www.vita.sk\/wp-content\/uploads\/2018\/10\/excel-1.png\" \/>\n\t<meta property=\"og:image:width\" content=\"360\" \/>\n\t<meta property=\"og:image:height\" content=\"360\" \/>\n\t<meta property=\"og:image:type\" content=\"image\/png\" \/>\n<meta name=\"twitter:card\" content=\"summary_large_image\" \/>\n<meta name=\"twitter:label1\" content=\"Est. reading time\" \/>\n\t<meta name=\"twitter:data1\" content=\"2 minutes\" \/>\n<script type=\"application\/ld+json\" class=\"yoast-schema-graph\">{\n\t    \"@context\": \"https:\/\/schema.org\",\n\t    \"@graph\": [\n\t        {\n\t            \"@type\": \"WebPage\",\n\t            \"@id\": \"https:\/\/www.vita.sk\/online-kurz-microsoft-excel-financne-a-uctovnicke-funkcie\/\",\n\t            \"url\": \"https:\/\/www.vita.sk\/online-kurz-microsoft-excel-financne-a-uctovnicke-funkcie\/\",\n\t            \"name\": \"Online kurz Microsoft Excel Finan\u010dn\u00e9 \u00da\u010dtovn\u00e9 Funkcie 2024 | VITA\",\n\t            \"isPartOf\": {\n\t                \"@id\": \"https:\/\/www.vita.sk\/#website\"\n\t            },\n\t            \"primaryImageOfPage\": {\n\t                \"@id\": \"https:\/\/www.vita.sk\/online-kurz-microsoft-excel-financne-a-uctovnicke-funkcie\/#primaryimage\"\n\t            },\n\t            \"image\": {\n\t                \"@id\": \"https:\/\/www.vita.sk\/online-kurz-microsoft-excel-financne-a-uctovnicke-funkcie\/#primaryimage\"\n\t            },\n\t            \"thumbnailUrl\": \"https:\/\/www.vita.sk\/wp-content\/uploads\/2018\/10\/excel-1.png\",\n\t            \"datePublished\": \"2024-12-10T14:46:06+00:00\",\n\t            \"dateModified\": \"2024-12-23T18:12:33+00:00\",\n\t            \"description\": \"V online kurze Microsoft Excel \u2013 Finan\u010dn\u00e9 a \u00da\u010dtovn\u00edcke Funkcie sa nau\u010d\u00edte pou\u017e\u00edva\u0165 funkcie na anal\u00fdzu finan\u010dn\u00fdch \u00fadajov a \u00fa\u010dtovn\u00edctva. \u2705\",\n\t            \"breadcrumb\": {\n\t                \"@id\": \"https:\/\/www.vita.sk\/online-kurz-microsoft-excel-financne-a-uctovnicke-funkcie\/#breadcrumb\"\n\t            },\n\t            \"inLanguage\": \"en-US\",\n\t            \"potentialAction\": [\n\t                {\n\t                    \"@type\": \"ReadAction\",\n\t                    \"target\": [\n\t                        \"https:\/\/www.vita.sk\/online-kurz-microsoft-excel-financne-a-uctovnicke-funkcie\/\"\n\t                    ]\n\t                }\n\t            ]\n\t        },\n\t        {\n\t            \"@type\": \"ImageObject\",\n\t            \"inLanguage\": \"en-US\",\n\t            \"@id\": \"https:\/\/www.vita.sk\/online-kurz-microsoft-excel-financne-a-uctovnicke-funkcie\/#primaryimage\",\n\t            \"url\": \"https:\/\/www.vita.sk\/wp-content\/uploads\/2018\/10\/excel-1.png\",\n\t            \"contentUrl\": \"https:\/\/www.vita.sk\/wp-content\/uploads\/2018\/10\/excel-1.png\",\n\t            \"width\": 360,\n\t            \"height\": 360,\n\t            \"caption\": \"Online kurz Excel\"\n\t        },\n\t        {\n\t            \"@type\": \"BreadcrumbList\",\n\t            \"@id\": \"https:\/\/www.vita.sk\/online-kurz-microsoft-excel-financne-a-uctovnicke-funkcie\/#breadcrumb\",\n\t            \"itemListElement\": [\n\t                {\n\t                    \"@type\": \"ListItem\",\n\t                    \"position\": 1,\n\t                    \"name\": \"VITA Academy\",\n\t                    \"item\": \"https:\/\/www.vita.sk\/en\/\"\n\t                },\n\t                {\n\t                    \"@type\": \"ListItem\",\n\t                    \"position\": 2,\n\t                    \"name\": \"Shop\",\n\t                    \"item\": \"https:\/\/www.vita.sk\/shop\/\"\n\t                },\n\t                {\n\t                    \"@type\": \"ListItem\",\n\t                    \"position\": 3,\n\t                    \"name\": \"Kancel\u00e1rske Bal\u00edky\",\n\t                    \"item\": \"https:\/\/www.vita.sk\/online-kurzy-kancelarske-baliky\/\"\n\t                },\n\t                {\n\t                    \"@type\": \"ListItem\",\n\t                    \"position\": 4,\n\t                    \"name\": \"Microsoft Excel\",\n\t                    \"item\": \"https:\/\/www.vita.sk\/online-kurzy-microsoft-excel\/\"\n\t                },\n\t                {\n\t                    \"@type\": \"ListItem\",\n\t                    \"position\": 5,\n\t                    \"name\": \"Online kurz Microsoft Excel &#8211; Finan\u010dn\u00e9 a \u00da\u010dtovn\u00edcke Funkcie\"\n\t                }\n\t            ]\n\t        },\n\t        {\n\t            \"@type\": \"WebSite\",\n\t            \"@id\": \"https:\/\/www.vita.sk\/#website\",\n\t            \"url\": \"https:\/\/www.vita.sk\/\",\n\t            \"name\": \"VITA\",\n\t            \"description\": \"\",\n\t            \"publisher\": {\n\t                \"@id\": \"https:\/\/www.vita.sk\/#organization\"\n\t            },\n\t            \"potentialAction\": [\n\t                {\n\t                    \"@type\": \"SearchAction\",\n\t                    \"target\": {\n\t                        \"@type\": \"EntryPoint\",\n\t                        \"urlTemplate\": \"https:\/\/www.vita.sk\/?s={search_term_string}\"\n\t                    },\n\t                    \"query-input\": {\n\t                        \"@type\": \"PropertyValueSpecification\",\n\t                        \"valueRequired\": true,\n\t                        \"valueName\": \"search_term_string\"\n\t                    }\n\t                }\n\t            ],\n\t            \"inLanguage\": \"en-US\"\n\t        },\n\t        {\n\t            \"email\": \"admin@vita.sk\",\n\t            \"logo\": \"https:\/\/www.vita.sk\/img\/vita_logo.png \",\n\t            \"address\": {\n\t                \"type\": \"PostalAddress\",\n\t                \"streetAddress\": \"Tom\u00e1\u0161ikova 50\/A\",\n\t                \"addressLocality\": \"Bratislava\",\n\t                \"postalCode\": \"83104\",\n\t                \"addressCountry\": {\n\t                    \"name\": \"SK\",\n\t                    \"type\": \"Country\"\n\t                }\n\t            },\n\t            \"contactPoint\": {\n\t                \"type\": \"ContactPoint\",\n\t                \"telephone\": \"+421 907 375\u00a0543\",\n\t                \"Email\": \"admin@vita.sk\",\n\t                \"contactType\": \"customer service\"\n\t            },\n\t            \"sameAs\": [\n\t                \"https:\/\/www.facebook.com\/VitaAcademySK\/\",\n\t                \"https:\/\/www.linkedin.com\/company\/vita-academy\/\"\n\t            ]\n\t        }\n\t    ]\n\t}<\/script>\n<!-- \/ Yoast SEO Premium plugin. -->","yoast_head_json":{"title":"Online kurz Microsoft Excel Finan\u010dn\u00e9 \u00da\u010dtovn\u00e9 Funkcie  | VITA","description":"V online kurze Microsoft Excel \u2013 Finan\u010dn\u00e9 a \u00da\u010dtovn\u00edcke Funkcie sa nau\u010d\u00edte pou\u017e\u00edva\u0165 funkcie na anal\u00fdzu finan\u010dn\u00fdch \u00fadajov a \u00fa\u010dtovn\u00edctva. \u2705","robots":{"index":"index","follow":"follow","max-snippet":"max-snippet:-1","max-image-preview":"max-image-preview:large","max-video-preview":"max-video-preview:-1"},"canonical":"https:\/\/www.vita.sk\/online-kurz-microsoft-excel-financne-a-uctovnicke-funkcie\/","og_locale":"en_US","og_type":"article","og_title":"Online kurz Microsoft Excel - Finan\u010dn\u00e9 a \u00da\u010dtovn\u00edcke Funkcie","og_description":"V online kurze Microsoft Excel \u2013 Finan\u010dn\u00e9 a \u00da\u010dtovn\u00edcke Funkcie sa nau\u010d\u00edte pou\u017e\u00edva\u0165 funkcie na anal\u00fdzu finan\u010dn\u00fdch \u00fadajov a \u00fa\u010dtovn\u00edctva. \u2705","og_url":"https:\/\/www.vita.sk\/online-kurz-microsoft-excel-financne-a-uctovnicke-funkcie\/","og_site_name":"VITA","article_publisher":"https:\/\/www.facebook.com\/VitaAcademySK","article_modified_time":"2024-12-23T18:12:33+00:00","og_image":[{"width":360,"height":360,"url":"https:\/\/www.vita.sk\/wp-content\/uploads\/2018\/10\/excel-1.png","type":"image\/png"}],"twitter_card":"summary_large_image","twitter_misc":{"Est. reading time":"2 minutes"},"schema":{"@context":"https:\/\/schema.org","@graph":[{"@type":"WebPage","@id":"https:\/\/www.vita.sk\/online-kurz-microsoft-excel-financne-a-uctovnicke-funkcie\/","url":"https:\/\/www.vita.sk\/online-kurz-microsoft-excel-financne-a-uctovnicke-funkcie\/","name":"Online kurz Microsoft Excel Finan\u010dn\u00e9 \u00da\u010dtovn\u00e9 Funkcie 2024 | VITA","isPartOf":{"@id":"https:\/\/www.vita.sk\/#website"},"primaryImageOfPage":{"@id":"https:\/\/www.vita.sk\/online-kurz-microsoft-excel-financne-a-uctovnicke-funkcie\/#primaryimage"},"image":{"@id":"https:\/\/www.vita.sk\/online-kurz-microsoft-excel-financne-a-uctovnicke-funkcie\/#primaryimage"},"thumbnailUrl":"https:\/\/www.vita.sk\/wp-content\/uploads\/2018\/10\/excel-1.png","datePublished":"2024-12-10T14:46:06+00:00","dateModified":"2024-12-23T18:12:33+00:00","description":"V online kurze Microsoft Excel \u2013 Finan\u010dn\u00e9 a \u00da\u010dtovn\u00edcke Funkcie sa nau\u010d\u00edte pou\u017e\u00edva\u0165 funkcie na anal\u00fdzu finan\u010dn\u00fdch \u00fadajov a \u00fa\u010dtovn\u00edctva. \u2705","breadcrumb":{"@id":"https:\/\/www.vita.sk\/online-kurz-microsoft-excel-financne-a-uctovnicke-funkcie\/#breadcrumb"},"inLanguage":"en-US","potentialAction":[{"@type":"ReadAction","target":["https:\/\/www.vita.sk\/online-kurz-microsoft-excel-financne-a-uctovnicke-funkcie\/"]}]},{"@type":"ImageObject","inLanguage":"en-US","@id":"https:\/\/www.vita.sk\/online-kurz-microsoft-excel-financne-a-uctovnicke-funkcie\/#primaryimage","url":"https:\/\/www.vita.sk\/wp-content\/uploads\/2018\/10\/excel-1.png","contentUrl":"https:\/\/www.vita.sk\/wp-content\/uploads\/2018\/10\/excel-1.png","width":360,"height":360,"caption":"Online kurz Excel"},{"@type":"BreadcrumbList","@id":"https:\/\/www.vita.sk\/online-kurz-microsoft-excel-financne-a-uctovnicke-funkcie\/#breadcrumb","itemListElement":[{"@type":"ListItem","position":1,"name":"VITA Academy","item":"https:\/\/www.vita.sk\/en\/"},{"@type":"ListItem","position":2,"name":"Shop","item":"https:\/\/www.vita.sk\/shop\/"},{"@type":"ListItem","position":3,"name":"Kancel\u00e1rske Bal\u00edky","item":"https:\/\/www.vita.sk\/online-kurzy-kancelarske-baliky\/"},{"@type":"ListItem","position":4,"name":"Microsoft Excel","item":"https:\/\/www.vita.sk\/online-kurzy-microsoft-excel\/"},{"@type":"ListItem","position":5,"name":"Online kurz Microsoft Excel &#8211; Finan\u010dn\u00e9 a \u00da\u010dtovn\u00edcke Funkcie"}]},{"@type":"WebSite","@id":"https:\/\/www.vita.sk\/#website","url":"https:\/\/www.vita.sk\/","name":"VITA","description":"","publisher":{"@id":"https:\/\/www.vita.sk\/#organization"},"potentialAction":[{"@type":"SearchAction","target":{"@type":"EntryPoint","urlTemplate":"https:\/\/www.vita.sk\/?s={search_term_string}"},"query-input":{"@type":"PropertyValueSpecification","valueRequired":true,"valueName":"search_term_string"}}],"inLanguage":"en-US"},{"email":"admin@vita.sk","logo":"https:\/\/www.vita.sk\/img\/vita_logo.png ","address":{"type":"PostalAddress","streetAddress":"Tom\u00e1\u0161ikova 50\/A","addressLocality":"Bratislava","postalCode":"83104","addressCountry":{"name":"SK","type":"Country"}},"contactPoint":{"type":"ContactPoint","telephone":"+421 907 375\u00a0543","Email":"admin@vita.sk","contactType":"customer service"},"sameAs":["https:\/\/www.facebook.com\/VitaAcademySK\/","https:\/\/www.linkedin.com\/company\/vita-academy\/"]}]}},"acf":[],"_links":{"self":[{"href":"https:\/\/www.vita.sk\/en\/wp-json\/wp\/v2\/product\/23106","targetHints":{"allow":["GET"]}}],"collection":[{"href":"https:\/\/www.vita.sk\/en\/wp-json\/wp\/v2\/product"}],"about":[{"href":"https:\/\/www.vita.sk\/en\/wp-json\/wp\/v2\/types\/product"}],"author":[{"embeddable":true,"href":"https:\/\/www.vita.sk\/en\/wp-json\/wp\/v2\/users\/4"}],"replies":[{"embeddable":true,"href":"https:\/\/www.vita.sk\/en\/wp-json\/wp\/v2\/comments?post=23106"}],"wp:featuredmedia":[{"embeddable":true,"href":"https:\/\/www.vita.sk\/en\/wp-json\/wp\/v2\/media\/520"}],"wp:attachment":[{"href":"https:\/\/www.vita.sk\/en\/wp-json\/wp\/v2\/media?parent=23106"}],"wp:term":[{"taxonomy":"product_brand","embeddable":true,"href":"https:\/\/www.vita.sk\/en\/wp-json\/wp\/v2\/product_brand?post=23106"},{"taxonomy":"product_cat","embeddable":true,"href":"https:\/\/www.vita.sk\/en\/wp-json\/wp\/v2\/product_cat?post=23106"},{"taxonomy":"product_tag","embeddable":true,"href":"https:\/\/www.vita.sk\/en\/wp-json\/wp\/v2\/product_tag?post=23106"}],"curies":[{"name":"wp","href":"https:\/\/api.w.org\/{rel}","templated":true}]}}