{"id":23577,"date":"2025-01-24T10:29:30","date_gmt":"2025-01-24T09:29:30","guid":{"rendered":"https:\/\/www.vita.sk\/?post_type=product&#038;p=23577"},"modified":"2026-01-14T08:13:52","modified_gmt":"2026-01-14T07:13:52","slug":"online-kurz-pisanie-zaverecnych-prac-bba-mba-dba-mpa-dpa-msc-dsc-edb","status":"publish","type":"product","link":"https:\/\/www.vita.sk\/en\/online-kurz-pisanie-zaverecnych-prac-bba-mba-dba-mpa-dpa-msc-dsc-edb\/","title":{"rendered":"Online kurz P\u00edsanie z\u00e1vere\u010dn\u00fdch pr\u00e1c pre vzdel\u00e1vacie programy BBA, MBA, DBA, MPA, DPA, BSc., MSc., DSc., LLM, EdD"},"content":{"rendered":"<p>Online kurz P\u00edsanie z\u00e1vere\u010dn\u00fdch pr\u00e1c pre vzdel\u00e1vacie programy je pre v\u00e1s d\u00f4le\u017eit\u00fd, ak chcete vypracova\u0165 a nap\u00edsa\u0165 z\u00e1vere\u010dn\u00fa pr\u00e1cu pre programy BBA, MBA, DBA, MPA, DPA, BSc, MSc, DSc., LLM alebo EdD. Tento kurz v\u00e1m poskytne podrobn\u00e9 inform\u00e1cie a praktick\u00e9 n\u00e1stroje, ktor\u00e9 v\u00e1m pom\u00f4\u017eu pri tvorbe z\u00e1vere\u010dnej pr\u00e1ce, od v\u00fdberu t\u00e9my a\u017e po fin\u00e1lne \u00fapravy a form\u00e1tovanie. Nau\u010d\u00edte sa, ako za\u010da\u0165 p\u00edsa\u0165 z\u00e1vere\u010dn\u00fa pr\u00e1cu, ako spr\u00e1vne nastavi\u0165 \u0161trukt\u00faru a obsah, a ako ur\u010di\u0165 ciele pr\u00e1ce, \u010di u\u017e prim\u00e1rne alebo parci\u00e1lne. Budete vedie\u0165, ako pristupova\u0165 k v\u00fdskumn\u00fdm probl\u00e9mom a projektom, ako definova\u0165 strat\u00e9gie a taktiky a ako efekt\u00edvne vyu\u017e\u00edva\u0165 n\u00e1stroje ako KPI, KRI a SWOT anal\u00fdzu pri p\u00edsan\u00ed va\u0161ej pr\u00e1ce. Kurz zah\u0155\u0148a aj uk\u00e1\u017eky zo sp\u00e4tnej v\u00e4zby na vzorov\u00fa pr\u00e1cu, \u010do v\u00e1m pom\u00f4\u017ee pochopi\u0165, na \u010do si d\u00e1va\u0165 pozor. \u010ealej sa zameriate na pou\u017e\u00edvanie noriem a v\u00fdskumn\u00fdch met\u00f3d. Dozviete sa, \u010do je ISO 690 a APA, a ak\u00e9 s\u00fa medzi nimi rozdiely, aby ste vedeli, kedy a ak\u00fa normu pou\u017ei\u0165. Prejdete r\u00f4znymi v\u00fdskumn\u00fdmi met\u00f3dami a technikami, ktor\u00e9 s\u00fa relevantn\u00e9 pre p\u00edsanie z\u00e1vere\u010dn\u00fdch pr\u00e1c, a nau\u010d\u00edte sa rozli\u0161ova\u0165 medzi prieskumom a v\u00fdskumom. Zameriate sa aj na tvorbu kvalitn\u00fdch hypot\u00e9z a pou\u017e\u00edvanie vhodn\u00fdch n\u00e1strojov na anal\u00fdzu d\u00e1t, ako s\u00fa dotazn\u00edky, testy preferenci\u00ed \u010di 5-sekundov\u00fd test. Kurz v\u00e1m tie\u017e uk\u00e1\u017ee, ako vyu\u017ei\u0165 \u0161tatistick\u00e9 met\u00f3dy a testy pri anal\u00fdze d\u00e1t v z\u00e1vere\u010dn\u00fdch pr\u00e1cach. Nau\u010d\u00edte sa, ako spr\u00e1vne vybra\u0165 a aplikova\u0165 \u0161tatistick\u00e9 met\u00f3dy, aby ste zlep\u0161ili kvalitu va\u0161ej pr\u00e1ce. V \u010fal\u0161ej \u010dasti kurzu sa zameriate na projektov\u00e9 riadenie, konkr\u00e9tne na Ganttove diagramy a projektov\u00e9 pl\u00e1ny, ktor\u00e9 s\u00fa d\u00f4le\u017eitou s\u00fa\u010das\u0165ou z\u00e1vere\u010dn\u00fdch pr\u00e1c. Nau\u010d\u00edte sa, ako tieto n\u00e1stroje pou\u017e\u00edva\u0165 a vytvori\u0165 efekt\u00edvny prieskum a projektov\u00fd pl\u00e1n, ktor\u00fd v\u00e1m pom\u00f4\u017ee riadi\u0165 priebeh pr\u00e1ce a dosiahnu\u0165 stanoven\u00e9 ciele. Kurz v\u00e1m tie\u017e pom\u00f4\u017ee lep\u0161ie pochopi\u0165, \u010do je v\u00fdskumn\u00fd probl\u00e9m a ako ho spr\u00e1vne definova\u0165 v kontexte z\u00e1vere\u010dnej pr\u00e1ce. Dozviete sa, \u010do je vedeck\u00fd plur\u00e1l, ak\u00e9 \u010dasy sa pou\u017e\u00edvaj\u00fa v akademickom p\u00edsan\u00ed a ak\u00fd je optim\u00e1lny po\u010det str\u00e1n pre jednotliv\u00e9 \u010dasti pr\u00e1ce. Tento kurz je navrhnut\u00fd tak, aby v\u00e1m pomohol zvl\u00e1dnu\u0165 cel\u00fd proces p\u00edsania z\u00e1vere\u010dnej pr\u00e1ce, od za\u010diatku a\u017e po fin\u00e1lnu verziu, s d\u00f4razom na spr\u00e1vnos\u0165, \u0161trukt\u00faru a vedeck\u00fa kvalitu. V\u00fdstupom bude nap\u00edsan\u00e1 z\u00e1vere\u010dn\u00e1 pr\u00e1ca vo forme pr\u00edpadovej \u0161t\u00fadie pre pr\u00edslu\u0161n\u00fd vzdel\u00e1vac\u00ed program. K z\u00e1vere\u010dnej pr\u00e1ci dostanete priebe\u017en\u00fd feedback po nap\u00edsan\u00ed aspo\u0148 50 % rozsahu pr\u00e1ce a konci z\u00e1vere\u010dn\u00fd celkov\u00fd feedback.<\/p>\n","protected":false},"excerpt":{"rendered":"<p>Online kurz P\u00edsanie z\u00e1vere\u010dn\u00fdch pr\u00e1c pre vzdel\u00e1vacie programy je pre v\u00e1s d\u00f4le\u017eit\u00fd, ak chcete vypracova\u0165 a nap\u00edsa\u0165 z\u00e1vere\u010dn\u00fa pr\u00e1cu pre programy BBA, MBA, DBA, MPA, DPA, BSc, MSc, DSc. , LLM alebo EdD.","protected":false},"author":4,"featured_media":4282,"comment_status":"open","ping_status":"closed","template":"","meta":{"_acf_changed":false},"product_brand":[],"product_cat":[632,73],"product_tag":[637,639,640,665],"class_list":{"0":"post-23577","1":"product","2":"type-product","3":"status-publish","4":"has-post-thumbnail","6":"product_cat-online-kurzy-pracovne-pozicie-mba-dba-mpa-msc","7":"product_cat-bez-kategorie","8":"product_tag-mba","9":"product_tag-bba","10":"product_tag-msc","11":"product_tag-mpa","13":"first","14":"instock","15":"sale","16":"sold-individually","17":"taxable","18":"shipping-taxable","19":"purchasable","20":"product-type-simple"},"yoast_head":"<!-- This site is optimized with the Yoast SEO Premium plugin v25.0 (Yoast SEO v25.0) - https:\/\/yoast.com\/wordpress\/plugins\/seo\/ -->\n<title>Online kurz P\u00edsanie z\u00e1vere\u010dn\u00fdch pr\u00e1c programy 2026 | VITA<\/title>\n<meta name=\"description\" content=\"V online kurze P\u00edsanie z\u00e1vere\u010dn\u00fdch pr\u00e1c pre vzdel\u00e1vacie programy sa nau\u010d\u00edte form\u00e1tova\u0165 a upravova\u0165 dokumenty pre z\u00e1vere\u010dn\u00e9 pr\u00e1ce. \u2705\" \/>\n<meta name=\"robots\" content=\"index, follow, max-snippet:-1, max-image-preview:large, max-video-preview:-1\" \/>\n<link rel=\"canonical\" href=\"https:\/\/www.vita.sk\/online-kurz-pisanie-zaverecnych-prac-bba-mba-dba-mpa-dpa-msc-dsc-edb\/\" \/>\n<meta property=\"og:locale\" content=\"en_US\" \/>\n<meta property=\"og:type\" content=\"article\" \/>\n<meta property=\"og:title\" content=\"Online kurz P\u00edsanie z\u00e1vere\u010dn\u00fdch pr\u00e1c pre vzdel\u00e1vacie programy BBA, MBA, DBA, MPA, DPA, BSc., MSc., DSc., LLM, EdD\" \/>\n<meta property=\"og:description\" content=\"V online kurze P\u00edsanie z\u00e1vere\u010dn\u00fdch pr\u00e1c pre vzdel\u00e1vacie programy sa nau\u010d\u00edte form\u00e1tova\u0165 a upravova\u0165 dokumenty pre z\u00e1vere\u010dn\u00e9 pr\u00e1ce. \u2705\" \/>\n<meta property=\"og:url\" content=\"https:\/\/www.vita.sk\/online-kurz-pisanie-zaverecnych-prac-bba-mba-dba-mpa-dpa-msc-dsc-edb\/\" \/>\n<meta property=\"og:site_name\" content=\"VITA\" \/>\n<meta property=\"article:publisher\" content=\"https:\/\/www.facebook.com\/VitaAcademySK\" \/>\n<meta property=\"article:modified_time\" content=\"2026-01-14T07:13:52+00:00\" \/>\n<meta property=\"og:image\" content=\"https:\/\/www.vita.sk\/wp-content\/uploads\/2020\/11\/kurz-Tvorba-bakalarskych-a-diplomovych-prac.png\" \/>\n\t<meta property=\"og:image:width\" content=\"360\" \/>\n\t<meta property=\"og:image:height\" content=\"360\" \/>\n\t<meta property=\"og:image:type\" content=\"image\/png\" \/>\n<meta name=\"twitter:card\" content=\"summary_large_image\" \/>\n<meta name=\"twitter:label1\" content=\"Est. reading time\" \/>\n\t<meta name=\"twitter:data1\" content=\"3 minutes\" \/>\n<script type=\"application\/ld+json\" class=\"yoast-schema-graph\">{\n\t    \"@context\": \"https:\/\/schema.org\",\n\t    \"@graph\": [\n\t        {\n\t            \"@type\": \"WebPage\",\n\t            \"@id\": \"https:\/\/www.vita.sk\/online-kurz-pisanie-zaverecnych-prac-bba-mba-dba-mpa-dpa-msc-dsc-edb\/\",\n\t            \"url\": \"https:\/\/www.vita.sk\/online-kurz-pisanie-zaverecnych-prac-bba-mba-dba-mpa-dpa-msc-dsc-edb\/\",\n\t            \"name\": \"Online kurz P\u00edsanie z\u00e1vere\u010dn\u00fdch pr\u00e1c programy {Y} | VITA\",\n\t            \"isPartOf\": {\n\t                \"@id\": \"https:\/\/www.vita.sk\/#website\"\n\t            },\n\t            \"primaryImageOfPage\": {\n\t                \"@id\": \"https:\/\/www.vita.sk\/online-kurz-pisanie-zaverecnych-prac-bba-mba-dba-mpa-dpa-msc-dsc-edb\/#primaryimage\"\n\t            },\n\t            \"image\": {\n\t                \"@id\": \"https:\/\/www.vita.sk\/online-kurz-pisanie-zaverecnych-prac-bba-mba-dba-mpa-dpa-msc-dsc-edb\/#primaryimage\"\n\t            },\n\t            \"thumbnailUrl\": \"https:\/\/www.vita.sk\/wp-content\/uploads\/2020\/11\/kurz-Tvorba-bakalarskych-a-diplomovych-prac.png\",\n\t            \"datePublished\": \"2025-01-24T09:29:30+00:00\",\n\t            \"dateModified\": \"2026-01-14T07:13:52+00:00\",\n\t            \"description\": \"V online kurze P\u00edsanie z\u00e1vere\u010dn\u00fdch pr\u00e1c pre vzdel\u00e1vacie programy sa nau\u010d\u00edte form\u00e1tova\u0165 a upravova\u0165 dokumenty pre z\u00e1vere\u010dn\u00e9 pr\u00e1ce. \u2705\",\n\t            \"breadcrumb\": {\n\t                \"@id\": \"https:\/\/www.vita.sk\/online-kurz-pisanie-zaverecnych-prac-bba-mba-dba-mpa-dpa-msc-dsc-edb\/#breadcrumb\"\n\t            },\n\t            \"inLanguage\": \"en-US\",\n\t            \"potentialAction\": [\n\t                {\n\t                    \"@type\": \"ReadAction\",\n\t                    \"target\": [\n\t                        \"https:\/\/www.vita.sk\/online-kurz-pisanie-zaverecnych-prac-bba-mba-dba-mpa-dpa-msc-dsc-edb\/\"\n\t                    ]\n\t                }\n\t            ]\n\t        },\n\t        {\n\t            \"@type\": \"ImageObject\",\n\t            \"inLanguage\": \"en-US\",\n\t            \"@id\": \"https:\/\/www.vita.sk\/online-kurz-pisanie-zaverecnych-prac-bba-mba-dba-mpa-dpa-msc-dsc-edb\/#primaryimage\",\n\t            \"url\": \"https:\/\/www.vita.sk\/wp-content\/uploads\/2020\/11\/kurz-Tvorba-bakalarskych-a-diplomovych-prac.png\",\n\t            \"contentUrl\": \"https:\/\/www.vita.sk\/wp-content\/uploads\/2020\/11\/kurz-Tvorba-bakalarskych-a-diplomovych-prac.png\",\n\t            \"width\": 360,\n\t            \"height\": 360,\n\t            \"caption\": \"Online kurz Tvorba Bakal\u00e1rskych a Diplomov\u00fdch Pr\u00e1c\"\n\t        },\n\t        {\n\t            \"@type\": \"BreadcrumbList\",\n\t            \"@id\": \"https:\/\/www.vita.sk\/online-kurz-pisanie-zaverecnych-prac-bba-mba-dba-mpa-dpa-msc-dsc-edb\/#breadcrumb\",\n\t            \"itemListElement\": [\n\t                {\n\t                    \"@type\": \"ListItem\",\n\t                    \"position\": 1,\n\t                    \"name\": \"VITA Academy\",\n\t                    \"item\": \"https:\/\/www.vita.sk\/en\/\"\n\t                },\n\t                {\n\t                    \"@type\": \"ListItem\",\n\t                    \"position\": 2,\n\t                    \"name\": \"Shop\",\n\t                    \"item\": \"https:\/\/www.vita.sk\/shop\/\"\n\t                },\n\t                {\n\t                    \"@type\": \"ListItem\",\n\t                    \"position\": 3,\n\t                    \"name\": \"Online Profesijn\u00e9 Tituly MBA, DBA, MPA, MSc.\",\n\t                    \"item\": \"https:\/\/www.vita.sk\/online-kurzy-pracovne-pozicie-mba-dba-mpa-msc\/\"\n\t                },\n\t                {\n\t                    \"@type\": \"ListItem\",\n\t                    \"position\": 4,\n\t                    \"name\": \"Online kurz P\u00edsanie z\u00e1vere\u010dn\u00fdch pr\u00e1c pre vzdel\u00e1vacie programy BBA, MBA, DBA, MPA, DPA, BSc., MSc., DSc., LLM, EdD\"\n\t                }\n\t            ]\n\t        },\n\t        {\n\t            \"@type\": \"WebSite\",\n\t            \"@id\": \"https:\/\/www.vita.sk\/#website\",\n\t            \"url\": \"https:\/\/www.vita.sk\/\",\n\t            \"name\": \"VITA\",\n\t            \"description\": \"\",\n\t            \"publisher\": {\n\t                \"@id\": \"https:\/\/www.vita.sk\/#organization\"\n\t            },\n\t            \"potentialAction\": [\n\t                {\n\t                    \"@type\": \"SearchAction\",\n\t                    \"target\": {\n\t                        \"@type\": \"EntryPoint\",\n\t                        \"urlTemplate\": \"https:\/\/www.vita.sk\/?s={search_term_string}\"\n\t                    },\n\t                    \"query-input\": {\n\t                        \"@type\": \"PropertyValueSpecification\",\n\t                        \"valueRequired\": true,\n\t                        \"valueName\": \"search_term_string\"\n\t                    }\n\t                }\n\t            ],\n\t            \"inLanguage\": \"en-US\"\n\t        },\n\t        {\n\t            \"email\": \"admin@vita.sk\",\n\t            \"logo\": \"https:\/\/www.vita.sk\/img\/vita_logo.png \",\n\t            \"address\": {\n\t                \"type\": \"PostalAddress\",\n\t                \"streetAddress\": \"Tom\u00e1\u0161ikova 50\/A\",\n\t                \"addressLocality\": \"Bratislava\",\n\t                \"postalCode\": \"83104\",\n\t                \"addressCountry\": {\n\t                    \"name\": \"SK\",\n\t                    \"type\": \"Country\"\n\t                }\n\t            },\n\t            \"contactPoint\": {\n\t                \"type\": \"ContactPoint\",\n\t                \"telephone\": \"+421 907 375\u00a0543\",\n\t                \"Email\": \"admin@vita.sk\",\n\t                \"contactType\": \"customer service\"\n\t            },\n\t            \"sameAs\": [\n\t                \"https:\/\/www.facebook.com\/VitaAcademySK\/\",\n\t                \"https:\/\/www.linkedin.com\/company\/vita-academy\/\"\n\t            ]\n\t        }\n\t    ]\n\t}<\/script>\n<!-- \/ Yoast SEO Premium plugin. -->","yoast_head_json":{"title":"Online kurz P\u00edsanie z\u00e1vere\u010dn\u00fdch pr\u00e1c programy 2026 | VITA","description":"V online kurze P\u00edsanie z\u00e1vere\u010dn\u00fdch pr\u00e1c pre vzdel\u00e1vacie programy sa nau\u010d\u00edte form\u00e1tova\u0165 a upravova\u0165 dokumenty pre z\u00e1vere\u010dn\u00e9 pr\u00e1ce. \u2705","robots":{"index":"index","follow":"follow","max-snippet":"max-snippet:-1","max-image-preview":"max-image-preview:large","max-video-preview":"max-video-preview:-1"},"canonical":"https:\/\/www.vita.sk\/online-kurz-pisanie-zaverecnych-prac-bba-mba-dba-mpa-dpa-msc-dsc-edb\/","og_locale":"en_US","og_type":"article","og_title":"Online kurz P\u00edsanie z\u00e1vere\u010dn\u00fdch pr\u00e1c pre vzdel\u00e1vacie programy BBA, MBA, DBA, MPA, DPA, BSc., MSc., DSc., LLM, EdD","og_description":"V online kurze P\u00edsanie z\u00e1vere\u010dn\u00fdch pr\u00e1c pre vzdel\u00e1vacie programy sa nau\u010d\u00edte form\u00e1tova\u0165 a upravova\u0165 dokumenty pre z\u00e1vere\u010dn\u00e9 pr\u00e1ce. \u2705","og_url":"https:\/\/www.vita.sk\/online-kurz-pisanie-zaverecnych-prac-bba-mba-dba-mpa-dpa-msc-dsc-edb\/","og_site_name":"VITA","article_publisher":"https:\/\/www.facebook.com\/VitaAcademySK","article_modified_time":"2026-01-14T07:13:52+00:00","og_image":[{"width":360,"height":360,"url":"https:\/\/www.vita.sk\/wp-content\/uploads\/2020\/11\/kurz-Tvorba-bakalarskych-a-diplomovych-prac.png","type":"image\/png"}],"twitter_card":"summary_large_image","twitter_misc":{"Est. reading time":"3 minutes"},"schema":{"@context":"https:\/\/schema.org","@graph":[{"@type":"WebPage","@id":"https:\/\/www.vita.sk\/online-kurz-pisanie-zaverecnych-prac-bba-mba-dba-mpa-dpa-msc-dsc-edb\/","url":"https:\/\/www.vita.sk\/online-kurz-pisanie-zaverecnych-prac-bba-mba-dba-mpa-dpa-msc-dsc-edb\/","name":"Online kurz P\u00edsanie z\u00e1vere\u010dn\u00fdch pr\u00e1c programy {Y} | VITA","isPartOf":{"@id":"https:\/\/www.vita.sk\/#website"},"primaryImageOfPage":{"@id":"https:\/\/www.vita.sk\/online-kurz-pisanie-zaverecnych-prac-bba-mba-dba-mpa-dpa-msc-dsc-edb\/#primaryimage"},"image":{"@id":"https:\/\/www.vita.sk\/online-kurz-pisanie-zaverecnych-prac-bba-mba-dba-mpa-dpa-msc-dsc-edb\/#primaryimage"},"thumbnailUrl":"https:\/\/www.vita.sk\/wp-content\/uploads\/2020\/11\/kurz-Tvorba-bakalarskych-a-diplomovych-prac.png","datePublished":"2025-01-24T09:29:30+00:00","dateModified":"2026-01-14T07:13:52+00:00","description":"V online kurze P\u00edsanie z\u00e1vere\u010dn\u00fdch pr\u00e1c pre vzdel\u00e1vacie programy sa nau\u010d\u00edte form\u00e1tova\u0165 a upravova\u0165 dokumenty pre z\u00e1vere\u010dn\u00e9 pr\u00e1ce. \u2705","breadcrumb":{"@id":"https:\/\/www.vita.sk\/online-kurz-pisanie-zaverecnych-prac-bba-mba-dba-mpa-dpa-msc-dsc-edb\/#breadcrumb"},"inLanguage":"en-US","potentialAction":[{"@type":"ReadAction","target":["https:\/\/www.vita.sk\/online-kurz-pisanie-zaverecnych-prac-bba-mba-dba-mpa-dpa-msc-dsc-edb\/"]}]},{"@type":"ImageObject","inLanguage":"en-US","@id":"https:\/\/www.vita.sk\/online-kurz-pisanie-zaverecnych-prac-bba-mba-dba-mpa-dpa-msc-dsc-edb\/#primaryimage","url":"https:\/\/www.vita.sk\/wp-content\/uploads\/2020\/11\/kurz-Tvorba-bakalarskych-a-diplomovych-prac.png","contentUrl":"https:\/\/www.vita.sk\/wp-content\/uploads\/2020\/11\/kurz-Tvorba-bakalarskych-a-diplomovych-prac.png","width":360,"height":360,"caption":"Online kurz Tvorba Bakal\u00e1rskych a Diplomov\u00fdch Pr\u00e1c"},{"@type":"BreadcrumbList","@id":"https:\/\/www.vita.sk\/online-kurz-pisanie-zaverecnych-prac-bba-mba-dba-mpa-dpa-msc-dsc-edb\/#breadcrumb","itemListElement":[{"@type":"ListItem","position":1,"name":"VITA Academy","item":"https:\/\/www.vita.sk\/en\/"},{"@type":"ListItem","position":2,"name":"Shop","item":"https:\/\/www.vita.sk\/shop\/"},{"@type":"ListItem","position":3,"name":"Online Profesijn\u00e9 Tituly MBA, DBA, MPA, MSc.","item":"https:\/\/www.vita.sk\/online-kurzy-pracovne-pozicie-mba-dba-mpa-msc\/"},{"@type":"ListItem","position":4,"name":"Online kurz P\u00edsanie z\u00e1vere\u010dn\u00fdch pr\u00e1c pre vzdel\u00e1vacie programy BBA, MBA, DBA, MPA, DPA, BSc., MSc., DSc., LLM, EdD"}]},{"@type":"WebSite","@id":"https:\/\/www.vita.sk\/#website","url":"https:\/\/www.vita.sk\/","name":"VITA","description":"","publisher":{"@id":"https:\/\/www.vita.sk\/#organization"},"potentialAction":[{"@type":"SearchAction","target":{"@type":"EntryPoint","urlTemplate":"https:\/\/www.vita.sk\/?s={search_term_string}"},"query-input":{"@type":"PropertyValueSpecification","valueRequired":true,"valueName":"search_term_string"}}],"inLanguage":"en-US"},{"email":"admin@vita.sk","logo":"https:\/\/www.vita.sk\/img\/vita_logo.png ","address":{"type":"PostalAddress","streetAddress":"Tom\u00e1\u0161ikova 50\/A","addressLocality":"Bratislava","postalCode":"83104","addressCountry":{"name":"SK","type":"Country"}},"contactPoint":{"type":"ContactPoint","telephone":"+421 907 375\u00a0543","Email":"admin@vita.sk","contactType":"customer service"},"sameAs":["https:\/\/www.facebook.com\/VitaAcademySK\/","https:\/\/www.linkedin.com\/company\/vita-academy\/"]}]}},"acf":[],"_links":{"self":[{"href":"https:\/\/www.vita.sk\/en\/wp-json\/wp\/v2\/product\/23577","targetHints":{"allow":["GET"]}}],"collection":[{"href":"https:\/\/www.vita.sk\/en\/wp-json\/wp\/v2\/product"}],"about":[{"href":"https:\/\/www.vita.sk\/en\/wp-json\/wp\/v2\/types\/product"}],"author":[{"embeddable":true,"href":"https:\/\/www.vita.sk\/en\/wp-json\/wp\/v2\/users\/4"}],"replies":[{"embeddable":true,"href":"https:\/\/www.vita.sk\/en\/wp-json\/wp\/v2\/comments?post=23577"}],"wp:featuredmedia":[{"embeddable":true,"href":"https:\/\/www.vita.sk\/en\/wp-json\/wp\/v2\/media\/4282"}],"wp:attachment":[{"href":"https:\/\/www.vita.sk\/en\/wp-json\/wp\/v2\/media?parent=23577"}],"wp:term":[{"taxonomy":"product_brand","embeddable":true,"href":"https:\/\/www.vita.sk\/en\/wp-json\/wp\/v2\/product_brand?post=23577"},{"taxonomy":"product_cat","embeddable":true,"href":"https:\/\/www.vita.sk\/en\/wp-json\/wp\/v2\/product_cat?post=23577"},{"taxonomy":"product_tag","embeddable":true,"href":"https:\/\/www.vita.sk\/en\/wp-json\/wp\/v2\/product_tag?post=23577"}],"curies":[{"name":"wp","href":"https:\/\/api.w.org\/{rel}","templated":true}]}}