{"id":24369,"date":"2025-03-09T09:26:26","date_gmt":"2025-03-09T08:26:26","guid":{"rendered":"https:\/\/www.vita.sk\/?post_type=product&#038;p=24369"},"modified":"2026-01-20T11:17:40","modified_gmt":"2026-01-20T10:17:40","slug":"online-kurz-chatgpt-ai-ii-mierne-pokrocily","status":"publish","type":"product","link":"https:\/\/www.vita.sk\/en\/online-kurz-chatgpt-ai-ii-mierne-pokrocily\/","title":{"rendered":"Online kurz ChatGPT AI II. Mierne Pokro\u010dil\u00fd"},"content":{"rendered":"<p>Online kurz ChatGPT AI II. Mierne Pokro\u010dil\u00fd pre v\u00e1s ide\u00e1lny, ak sa chcete nau\u010di\u0165, ako vyu\u017e\u00edva\u0165 pokro\u010dilej\u0161ie funkcie a novinky v ChatGPT a aplikova\u0165 ich na r\u00f4zne re\u00e1lne projekty. <strong>Ide o akreditovan\u00fd a certifikovan\u00fd online kurz na ChatGPT a AI.<\/strong> V tomto kurze sa obozn\u00e1mite s najnov\u0161\u00edmi vychyt\u00e1vkami a funkciami, ktor\u00e9 boli pridan\u00e9 do OpenAI ChatGPT. Nau\u010d\u00edte sa, ako vyu\u017ei\u0165 nov\u00e9 mo\u017enosti a optimalizova\u0165 pr\u00e1cu s t\u00fdmto n\u00e1strojom. Tento kurz sa zameriava na prisp\u00f4sobenie ChatGPT pod\u013ea va\u0161ich preferenci\u00ed a potreby, \u010d\u00edm z\u00edskate mo\u017enos\u0165 vyu\u017e\u00edva\u0165 jeho potenci\u00e1l naplno. Prv\u00e1 \u010das\u0165 kurzu sa venuje novink\u00e1m, ktor\u00e9 boli implementovan\u00e9 do ChatGPT. Tieto novinky v\u00e1m umo\u017enia e\u0161te efekt\u00edvnej\u0161ie komunikova\u0165 s t\u00fdmto AI n\u00e1strojom a vyu\u017e\u00edva\u0165 jeho pokro\u010dil\u00e9 funkcie na generovanie textov, odpoved\u00ed \u010di analytick\u00fdch v\u00fdsledkov. V tejto \u010dasti sa dozviete, ako sa vysporiada\u0165 s nov\u00fdmi pr\u00edstupmi a technol\u00f3giami, ktor\u00e9 s\u00fa s\u00fa\u010das\u0165ou ChatGPT. N\u00e1sledne sa kurz zameriava na pou\u017e\u00edvate\u013esk\u00e9 rozhranie a jeho prisp\u00f4sobenie. Nau\u010d\u00edte sa, ako nastavi\u0165 ChatGPT tak, aby vyhovoval va\u0161im \u0161pecifick\u00fdm potreb\u00e1m, a to od zmien vzh\u013eadu a\u017e po funk\u010dn\u00e9 nastavenia. Tieto zru\u010dnosti v\u00e1m umo\u017enia u\u0161etri\u0165 \u010das pri pr\u00e1ci a prisp\u00f4sobi\u0165 n\u00e1stroj pod\u013ea konkr\u00e9tnych po\u017eiadaviek. V \u010fal\u0161ej \u010dasti sa pozrieme na tipy a triky, ktor\u00e9 v\u00e1m pom\u00f4\u017eu vy\u0165a\u017ei\u0165 maximum z ChatGPT a jeho schopnost\u00ed. Nau\u010d\u00edte sa, ako efekt\u00edvne vyu\u017e\u00edva\u0165 r\u00f4zne pokro\u010dil\u00e9 techniky a funkcie na zjednodu\u0161enie pr\u00e1ce s textom a anal\u00fdzou d\u00e1t, \u010d\u00edm sa va\u0161a produktivita zv\u00fd\u0161i. Kurz tie\u017e obsahuje podrobn\u00fd n\u00e1vod na pr\u00e1cu s n\u00e1strojom Pl\u00e1tno (Canvas), ktor\u00fd sa vyu\u017e\u00edva na vizualiz\u00e1ciu a manipul\u00e1ciu s textom a d\u00e1tami. Tento n\u00e1stroj je ide\u00e1lny pre vytv\u00e1ranie komplexn\u00fdch projektov, kde je potrebn\u00e9 pracova\u0165 s r\u00f4znymi typmi inform\u00e1ci\u00ed a prezentova\u0165 ich v preh\u013eadnej forme. Na z\u00e1ver sa kurz zameriava na konkr\u00e9tne AI projekty v ChatGPT. Nau\u010d\u00edte sa, ako vytv\u00e1ra\u0165 a spravova\u0165 AI projekty, \u010do v\u00e1m umo\u017en\u00ed aplikova\u0165 nadobudnut\u00e9 vedomosti na konkr\u00e9tne \u00falohy a \u00fapravy v ChatGPT. Tieto projekty v\u00e1m pom\u00f4\u017eu lep\u0161ie pochopi\u0165, ako vyu\u017ei\u0165 n\u00e1stroj pri r\u00f4znych \u00faloh\u00e1ch, od anal\u00fdzy textov po tvorbu automatizovan\u00fdch rie\u0161en\u00ed. Ak sa chcete skuto\u010dne nau\u010di\u0165 pokro\u010dilej\u0161ie pou\u017e\u00edva\u0165 ChatGPT, tak toto je ide\u00e1lny online kurz pre v\u00e1s.<\/p>\n","protected":false},"excerpt":{"rendered":"<p>Online kurz ChatGPT AI II. Mierne Pokro\u010dil\u00fd v\u00e1s nau\u010d\u00ed efekt\u00edvne vyu\u017e\u00edva\u0165 pokro\u010dil\u00e9 funkcie ChatGPT, prisp\u00f4sobova\u0165 jeho spr\u00e1vanie, pracova\u0165 s n\u00e1strojmi ako Canvas a realizova\u0165 vlastn\u00e9 AI projekty v praxi.","protected":false},"author":4,"featured_media":17463,"comment_status":"open","ping_status":"closed","template":"","meta":{"_acf_changed":false},"product_brand":[],"product_cat":[717,588,73],"product_tag":[197,589,609],"class_list":{"0":"post-24369","1":"product","2":"type-product","3":"status-publish","4":"has-post-thumbnail","6":"product_cat-online-kurzy-chagpt-dalle-sora","7":"product_cat-online-kurzy-umela-inteligencia-ai","8":"product_cat-bez-kategorie","9":"product_tag-baliky-kurzov-a-predplatne","10":"product_tag-umela-inteligencia","11":"product_tag-ai","13":"first","14":"instock","15":"sale","16":"sold-individually","17":"taxable","18":"shipping-taxable","19":"purchasable","20":"product-type-simple"},"yoast_head":"<!-- This site is optimized with the Yoast SEO Premium plugin v25.0 (Yoast SEO v25.0) - https:\/\/yoast.com\/wordpress\/plugins\/seo\/ -->\n<title>Online kurz ChatGPT AI II. Mierne Pokro\u010dil\u00fd 2026 | VITA<\/title>\n<meta name=\"description\" content=\"V online kurze ChatGPT sa nau\u010d\u00edte, ako vyu\u017e\u00edva\u0165 umel\u00fa inteligenciu AI pre tvorbu textov, pl\u00e1novanie a automatiz\u00e1ciu \u00faloh. \u2705\" \/>\n<meta name=\"robots\" content=\"index, follow, max-snippet:-1, max-image-preview:large, max-video-preview:-1\" \/>\n<link rel=\"canonical\" href=\"https:\/\/www.vita.sk\/online-kurz-chatgpt-ai-ii-mierne-pokrocily\/\" \/>\n<meta property=\"og:locale\" content=\"en_US\" \/>\n<meta property=\"og:type\" content=\"article\" \/>\n<meta property=\"og:title\" content=\"Online kurz ChatGPT AI II. Mierne Pokro\u010dil\u00fd\" \/>\n<meta property=\"og:description\" content=\"V online kurze ChatGPT sa nau\u010d\u00edte, ako vyu\u017e\u00edva\u0165 umel\u00fa inteligenciu AI pre tvorbu textov, pl\u00e1novanie a automatiz\u00e1ciu \u00faloh. \u2705\" \/>\n<meta property=\"og:url\" content=\"https:\/\/www.vita.sk\/online-kurz-chatgpt-ai-ii-mierne-pokrocily\/\" \/>\n<meta property=\"og:site_name\" content=\"VITA\" \/>\n<meta property=\"article:publisher\" content=\"https:\/\/www.facebook.com\/VitaAcademySK\" \/>\n<meta property=\"article:modified_time\" content=\"2026-01-20T10:17:40+00:00\" \/>\n<meta property=\"og:image\" content=\"https:\/\/www.vita.sk\/wp-content\/uploads\/2024\/01\/kurz-ChatGPT-2.png\" \/>\n\t<meta property=\"og:image:width\" content=\"360\" \/>\n\t<meta property=\"og:image:height\" content=\"360\" \/>\n\t<meta property=\"og:image:type\" content=\"image\/png\" \/>\n<meta name=\"twitter:card\" content=\"summary_large_image\" \/>\n<meta name=\"twitter:label1\" content=\"Est. reading time\" \/>\n\t<meta name=\"twitter:data1\" content=\"3 minutes\" \/>\n<script type=\"application\/ld+json\" class=\"yoast-schema-graph\">{\n\t    \"@context\": \"https:\/\/schema.org\",\n\t    \"@graph\": [\n\t        {\n\t            \"@type\": \"WebPage\",\n\t            \"@id\": \"https:\/\/www.vita.sk\/online-kurz-chatgpt-ai-ii-mierne-pokrocily\/\",\n\t            \"url\": \"https:\/\/www.vita.sk\/online-kurz-chatgpt-ai-ii-mierne-pokrocily\/\",\n\t            \"name\": \"Online kurz ChatGPT AI II. Mierne Pokro\u010dil\u00fd {Y} | VITA\",\n\t            \"isPartOf\": {\n\t                \"@id\": \"https:\/\/www.vita.sk\/#website\"\n\t            },\n\t            \"primaryImageOfPage\": {\n\t                \"@id\": \"https:\/\/www.vita.sk\/online-kurz-chatgpt-ai-ii-mierne-pokrocily\/#primaryimage\"\n\t            },\n\t            \"image\": {\n\t                \"@id\": \"https:\/\/www.vita.sk\/online-kurz-chatgpt-ai-ii-mierne-pokrocily\/#primaryimage\"\n\t            },\n\t            \"thumbnailUrl\": \"https:\/\/www.vita.sk\/wp-content\/uploads\/2024\/01\/kurz-ChatGPT-2.png\",\n\t            \"datePublished\": \"2025-03-09T08:26:26+00:00\",\n\t            \"dateModified\": \"2026-01-20T10:17:40+00:00\",\n\t            \"description\": \"V online kurze ChatGPT sa nau\u010d\u00edte, ako vyu\u017e\u00edva\u0165 umel\u00fa inteligenciu AI pre tvorbu textov, pl\u00e1novanie a automatiz\u00e1ciu \u00faloh. \u2705\",\n\t            \"breadcrumb\": {\n\t                \"@id\": \"https:\/\/www.vita.sk\/online-kurz-chatgpt-ai-ii-mierne-pokrocily\/#breadcrumb\"\n\t            },\n\t            \"inLanguage\": \"en-US\",\n\t            \"potentialAction\": [\n\t                {\n\t                    \"@type\": \"ReadAction\",\n\t                    \"target\": [\n\t                        \"https:\/\/www.vita.sk\/online-kurz-chatgpt-ai-ii-mierne-pokrocily\/\"\n\t                    ]\n\t                }\n\t            ]\n\t        },\n\t        {\n\t            \"@type\": \"ImageObject\",\n\t            \"inLanguage\": \"en-US\",\n\t            \"@id\": \"https:\/\/www.vita.sk\/online-kurz-chatgpt-ai-ii-mierne-pokrocily\/#primaryimage\",\n\t            \"url\": \"https:\/\/www.vita.sk\/wp-content\/uploads\/2024\/01\/kurz-ChatGPT-2.png\",\n\t            \"contentUrl\": \"https:\/\/www.vita.sk\/wp-content\/uploads\/2024\/01\/kurz-ChatGPT-2.png\",\n\t            \"width\": 360,\n\t            \"height\": 360,\n\t            \"caption\": \"online kurz ChatGPT\"\n\t        },\n\t        {\n\t            \"@type\": \"BreadcrumbList\",\n\t            \"@id\": \"https:\/\/www.vita.sk\/online-kurz-chatgpt-ai-ii-mierne-pokrocily\/#breadcrumb\",\n\t            \"itemListElement\": [\n\t                {\n\t                    \"@type\": \"ListItem\",\n\t                    \"position\": 1,\n\t                    \"name\": \"VITA Academy\",\n\t                    \"item\": \"https:\/\/www.vita.sk\/en\/\"\n\t                },\n\t                {\n\t                    \"@type\": \"ListItem\",\n\t                    \"position\": 2,\n\t                    \"name\": \"Shop\",\n\t                    \"item\": \"https:\/\/www.vita.sk\/shop\/\"\n\t                },\n\t                {\n\t                    \"@type\": \"ListItem\",\n\t                    \"position\": 3,\n\t                    \"name\": \"Umel\u00e1 Inteligencia AI\",\n\t                    \"item\": \"https:\/\/www.vita.sk\/online-kurzy-umela-inteligencia-ai\/\"\n\t                },\n\t                {\n\t                    \"@type\": \"ListItem\",\n\t                    \"position\": 4,\n\t                    \"name\": \"ChatGPT, DALL-E a SORA\",\n\t                    \"item\": \"https:\/\/www.vita.sk\/online-kurzy-chagpt-dalle-sora\/\"\n\t                },\n\t                {\n\t                    \"@type\": \"ListItem\",\n\t                    \"position\": 5,\n\t                    \"name\": \"Online kurz ChatGPT AI II. Mierne Pokro\u010dil\u00fd\"\n\t                }\n\t            ]\n\t        },\n\t        {\n\t            \"@type\": \"WebSite\",\n\t            \"@id\": \"https:\/\/www.vita.sk\/#website\",\n\t            \"url\": \"https:\/\/www.vita.sk\/\",\n\t            \"name\": \"VITA\",\n\t            \"description\": \"\",\n\t            \"publisher\": {\n\t                \"@id\": \"https:\/\/www.vita.sk\/#organization\"\n\t            },\n\t            \"potentialAction\": [\n\t                {\n\t                    \"@type\": \"SearchAction\",\n\t                    \"target\": {\n\t                        \"@type\": \"EntryPoint\",\n\t                        \"urlTemplate\": \"https:\/\/www.vita.sk\/?s={search_term_string}\"\n\t                    },\n\t                    \"query-input\": {\n\t                        \"@type\": \"PropertyValueSpecification\",\n\t                        \"valueRequired\": true,\n\t                        \"valueName\": \"search_term_string\"\n\t                    }\n\t                }\n\t            ],\n\t            \"inLanguage\": \"en-US\"\n\t        },\n\t        {\n\t            \"email\": \"admin@vita.sk\",\n\t            \"logo\": \"https:\/\/www.vita.sk\/img\/vita_logo.png \",\n\t            \"address\": {\n\t                \"type\": \"PostalAddress\",\n\t                \"streetAddress\": \"Tom\u00e1\u0161ikova 50\/A\",\n\t                \"addressLocality\": \"Bratislava\",\n\t                \"postalCode\": \"83104\",\n\t                \"addressCountry\": {\n\t                    \"name\": \"SK\",\n\t                    \"type\": \"Country\"\n\t                }\n\t            },\n\t            \"contactPoint\": {\n\t                \"type\": \"ContactPoint\",\n\t                \"telephone\": \"+421 907 375\u00a0543\",\n\t                \"Email\": \"admin@vita.sk\",\n\t                \"contactType\": \"customer service\"\n\t            },\n\t            \"sameAs\": [\n\t                \"https:\/\/www.facebook.com\/VitaAcademySK\/\",\n\t                \"https:\/\/www.linkedin.com\/company\/vita-academy\/\"\n\t            ]\n\t        }\n\t    ]\n\t}<\/script>\n<!-- \/ Yoast SEO Premium plugin. -->","yoast_head_json":{"title":"Online kurz ChatGPT AI II. Mierne Pokro\u010dil\u00fd 2026 | VITA","description":"V online kurze ChatGPT sa nau\u010d\u00edte, ako vyu\u017e\u00edva\u0165 umel\u00fa inteligenciu AI pre tvorbu textov, pl\u00e1novanie a automatiz\u00e1ciu \u00faloh. \u2705","robots":{"index":"index","follow":"follow","max-snippet":"max-snippet:-1","max-image-preview":"max-image-preview:large","max-video-preview":"max-video-preview:-1"},"canonical":"https:\/\/www.vita.sk\/online-kurz-chatgpt-ai-ii-mierne-pokrocily\/","og_locale":"en_US","og_type":"article","og_title":"Online kurz ChatGPT AI II. Mierne Pokro\u010dil\u00fd","og_description":"V online kurze ChatGPT sa nau\u010d\u00edte, ako vyu\u017e\u00edva\u0165 umel\u00fa inteligenciu AI pre tvorbu textov, pl\u00e1novanie a automatiz\u00e1ciu \u00faloh. \u2705","og_url":"https:\/\/www.vita.sk\/online-kurz-chatgpt-ai-ii-mierne-pokrocily\/","og_site_name":"VITA","article_publisher":"https:\/\/www.facebook.com\/VitaAcademySK","article_modified_time":"2026-01-20T10:17:40+00:00","og_image":[{"width":360,"height":360,"url":"https:\/\/www.vita.sk\/wp-content\/uploads\/2024\/01\/kurz-ChatGPT-2.png","type":"image\/png"}],"twitter_card":"summary_large_image","twitter_misc":{"Est. reading time":"3 minutes"},"schema":{"@context":"https:\/\/schema.org","@graph":[{"@type":"WebPage","@id":"https:\/\/www.vita.sk\/online-kurz-chatgpt-ai-ii-mierne-pokrocily\/","url":"https:\/\/www.vita.sk\/online-kurz-chatgpt-ai-ii-mierne-pokrocily\/","name":"Online kurz ChatGPT AI II. Mierne Pokro\u010dil\u00fd {Y} | VITA","isPartOf":{"@id":"https:\/\/www.vita.sk\/#website"},"primaryImageOfPage":{"@id":"https:\/\/www.vita.sk\/online-kurz-chatgpt-ai-ii-mierne-pokrocily\/#primaryimage"},"image":{"@id":"https:\/\/www.vita.sk\/online-kurz-chatgpt-ai-ii-mierne-pokrocily\/#primaryimage"},"thumbnailUrl":"https:\/\/www.vita.sk\/wp-content\/uploads\/2024\/01\/kurz-ChatGPT-2.png","datePublished":"2025-03-09T08:26:26+00:00","dateModified":"2026-01-20T10:17:40+00:00","description":"V online kurze ChatGPT sa nau\u010d\u00edte, ako vyu\u017e\u00edva\u0165 umel\u00fa inteligenciu AI pre tvorbu textov, pl\u00e1novanie a automatiz\u00e1ciu \u00faloh. \u2705","breadcrumb":{"@id":"https:\/\/www.vita.sk\/online-kurz-chatgpt-ai-ii-mierne-pokrocily\/#breadcrumb"},"inLanguage":"en-US","potentialAction":[{"@type":"ReadAction","target":["https:\/\/www.vita.sk\/online-kurz-chatgpt-ai-ii-mierne-pokrocily\/"]}]},{"@type":"ImageObject","inLanguage":"en-US","@id":"https:\/\/www.vita.sk\/online-kurz-chatgpt-ai-ii-mierne-pokrocily\/#primaryimage","url":"https:\/\/www.vita.sk\/wp-content\/uploads\/2024\/01\/kurz-ChatGPT-2.png","contentUrl":"https:\/\/www.vita.sk\/wp-content\/uploads\/2024\/01\/kurz-ChatGPT-2.png","width":360,"height":360,"caption":"online kurz ChatGPT"},{"@type":"BreadcrumbList","@id":"https:\/\/www.vita.sk\/online-kurz-chatgpt-ai-ii-mierne-pokrocily\/#breadcrumb","itemListElement":[{"@type":"ListItem","position":1,"name":"VITA Academy","item":"https:\/\/www.vita.sk\/en\/"},{"@type":"ListItem","position":2,"name":"Shop","item":"https:\/\/www.vita.sk\/shop\/"},{"@type":"ListItem","position":3,"name":"Umel\u00e1 Inteligencia AI","item":"https:\/\/www.vita.sk\/online-kurzy-umela-inteligencia-ai\/"},{"@type":"ListItem","position":4,"name":"ChatGPT, DALL-E a SORA","item":"https:\/\/www.vita.sk\/online-kurzy-chagpt-dalle-sora\/"},{"@type":"ListItem","position":5,"name":"Online kurz ChatGPT AI II. Mierne Pokro\u010dil\u00fd"}]},{"@type":"WebSite","@id":"https:\/\/www.vita.sk\/#website","url":"https:\/\/www.vita.sk\/","name":"VITA","description":"","publisher":{"@id":"https:\/\/www.vita.sk\/#organization"},"potentialAction":[{"@type":"SearchAction","target":{"@type":"EntryPoint","urlTemplate":"https:\/\/www.vita.sk\/?s={search_term_string}"},"query-input":{"@type":"PropertyValueSpecification","valueRequired":true,"valueName":"search_term_string"}}],"inLanguage":"en-US"},{"email":"admin@vita.sk","logo":"https:\/\/www.vita.sk\/img\/vita_logo.png ","address":{"type":"PostalAddress","streetAddress":"Tom\u00e1\u0161ikova 50\/A","addressLocality":"Bratislava","postalCode":"83104","addressCountry":{"name":"SK","type":"Country"}},"contactPoint":{"type":"ContactPoint","telephone":"+421 907 375\u00a0543","Email":"admin@vita.sk","contactType":"customer service"},"sameAs":["https:\/\/www.facebook.com\/VitaAcademySK\/","https:\/\/www.linkedin.com\/company\/vita-academy\/"]}]}},"acf":[],"_links":{"self":[{"href":"https:\/\/www.vita.sk\/en\/wp-json\/wp\/v2\/product\/24369","targetHints":{"allow":["GET"]}}],"collection":[{"href":"https:\/\/www.vita.sk\/en\/wp-json\/wp\/v2\/product"}],"about":[{"href":"https:\/\/www.vita.sk\/en\/wp-json\/wp\/v2\/types\/product"}],"author":[{"embeddable":true,"href":"https:\/\/www.vita.sk\/en\/wp-json\/wp\/v2\/users\/4"}],"replies":[{"embeddable":true,"href":"https:\/\/www.vita.sk\/en\/wp-json\/wp\/v2\/comments?post=24369"}],"wp:featuredmedia":[{"embeddable":true,"href":"https:\/\/www.vita.sk\/en\/wp-json\/wp\/v2\/media\/17463"}],"wp:attachment":[{"href":"https:\/\/www.vita.sk\/en\/wp-json\/wp\/v2\/media?parent=24369"}],"wp:term":[{"taxonomy":"product_brand","embeddable":true,"href":"https:\/\/www.vita.sk\/en\/wp-json\/wp\/v2\/product_brand?post=24369"},{"taxonomy":"product_cat","embeddable":true,"href":"https:\/\/www.vita.sk\/en\/wp-json\/wp\/v2\/product_cat?post=24369"},{"taxonomy":"product_tag","embeddable":true,"href":"https:\/\/www.vita.sk\/en\/wp-json\/wp\/v2\/product_tag?post=24369"}],"curies":[{"name":"wp","href":"https:\/\/api.w.org\/{rel}","templated":true}]}}