{"id":24373,"date":"2025-03-09T11:20:46","date_gmt":"2025-03-09T10:20:46","guid":{"rendered":"https:\/\/www.vita.sk\/?post_type=product&#038;p=24373"},"modified":"2025-05-27T09:48:04","modified_gmt":"2025-05-27T07:48:04","slug":"online-kurz-julia-ii-mierne-pokrocily","status":"publish","type":"product","link":"https:\/\/www.vita.sk\/en\/online-kurz-julia-ii-mierne-pokrocily\/","title":{"rendered":"Online kurz Julia II. Mierne Pokro\u010dil\u00fd"},"content":{"rendered":"<p data-start=\"0\" data-end=\"234\">Online kurz Julia II. Mierne Pokro\u010dil\u00fd pre v\u00e1s ide\u00e1lny, ak sa chcete nau\u010di\u0165 pokro\u010dil\u00e9 techniky programovania v jazyku Julia a z\u00edska\u0165 siln\u00e9 z\u00e1klady pre aplikovanie Julia v praxi. <strong>Ide o certifikovan\u00fd kurz na Julia.<\/strong> V tomto kurze sa zameriavame na efekt\u00edvnu pr\u00e1cu s pokro\u010dil\u00fdmi n\u00e1strojmi a technikami jazyka Julia. Za\u010dneme s preh\u013eadom modulov a submodulov v jazyku Julia, \u010do v\u00e1m umo\u017en\u00ed lep\u0161ie organizova\u0165 a spravova\u0165 v\u00e1\u0161 k\u00f3d. Nau\u010d\u00edte sa, ako spr\u00e1vne vyu\u017e\u00edva\u0165 moduly na zjednodu\u0161enie k\u00f3du a zv\u00fd\u0161enie jeho modularity, \u010do vedie k lep\u0161ej \u00fadr\u017ebe a opakovate\u013enosti va\u0161ich projektov. \u010ealej sa budeme venova\u0165 pr\u00e1ci s v\u00fdstupmi. Nau\u010d\u00edte sa pou\u017e\u00edva\u0165 funkcie ako show a info, ktor\u00e9 v\u00e1m umo\u017enia efekt\u00edvne pracova\u0165 s v\u00fdstupn\u00fdmi d\u00e1tami a udr\u017eiava\u0165 preh\u013eadnos\u0165 va\u0161ich v\u00fdsledkov v komplexnej\u0161\u00edch programoch. Tieto techniky s\u00fa nevyhnutn\u00e9 pre spr\u00e1vne debugovanie a prezent\u00e1ciu d\u00e1t. Z\u00e1rove\u0148 sa zameriame na pr\u00e1cu s v\u00fdnimkami a chybami. Nau\u010d\u00edte sa, ako spr\u00e1vne zachyt\u00e1va\u0165 a rie\u0161i\u0165 chyby v Julia, \u010do v\u00e1m pom\u00f4\u017ee p\u00edsa\u0165 robustnej\u0161\u00ed a odolnej\u0161\u00ed k\u00f3d. Pr\u00e1ca s v\u00fdnimkami je k\u013e\u00fa\u010dov\u00e1 pre v\u00fdvoj aplik\u00e1ci\u00ed, ktor\u00e9 musia by\u0165 schopn\u00e9 vyrovna\u0165 sa s nepredv\u00eddate\u013en\u00fdmi situ\u00e1ciami bez zlyhania. V kurze sa dozviete aj o pr\u00e1ci s d\u00e1tumami a \u010dasmi v jazyku Julia. Nau\u010d\u00edte sa efekt\u00edvne manipulova\u0165 s \u010dasov\u00fdmi \u00fadajmi, \u010do je nevyhnutn\u00e9 pre r\u00f4zne aplik\u00e1cie, ako je spracovanie historick\u00fdch d\u00e1t, v\u00fdpo\u010dty \u010dasov\u00fdch intervalov alebo pr\u00e1ca s logmi. \u010eal\u0161ou d\u00f4le\u017eitou t\u00e9mou je pr\u00e1ca so s\u00fabormi. Kurz v\u00e1s nau\u010d\u00ed, ako \u010d\u00edta\u0165 a zapisova\u0165 \u00fadaje do s\u00faborov, ako aj spravova\u0165 s\u00faborov\u00e9 oper\u00e1cie v jazyku Julia, \u010do je nevyhnutn\u00e9 pre aplik\u00e1cie, ktor\u00e9 vy\u017eaduj\u00fa manipul\u00e1ciu s ve\u013ek\u00fdmi mno\u017estvami d\u00e1t alebo interakciu so s\u00faborov\u00fdmi syst\u00e9mami. Ako bonus sa pozrieme na makr\u00e1 a HPC (High Performance Computing) v jazyku Julia. Tieto techniky v\u00e1m umo\u017enia vytv\u00e1ra\u0165 efekt\u00edvne programy, ktor\u00e9 m\u00f4\u017eu vyu\u017ei\u0165 pln\u00fd potenci\u00e1l v\u00fdpo\u010dtovej kapacity v\u00e1\u0161ho po\u010d\u00edta\u010da alebo servera, \u010d\u00edm zr\u00fdchlite svoje v\u00fdpo\u010dty a optimalizujete v\u00fdkon aplik\u00e1ci\u00ed. Ak sa chcete posun\u00fa\u0165 v programovan\u00ed v jazyku Julia, tak toto je ide\u00e1lny online kurz pre v\u00e1s.<\/p>\n<p>&nbsp;<\/p>\n<p>&nbsp;<\/p>\n","protected":false},"excerpt":{"rendered":"<p>Online kurz Julia II. Mierne Pokro\u010dil\u00fd pre v\u00e1s ide\u00e1lny, ak sa chcete nau\u010di\u0165 pokro\u010dil\u00e9 techniky programovania v jazyku Julia a z\u00edska\u0165 siln\u00e9 z\u00e1klady pre aplikovanie Julia v praxi. Ide o certifikovan\u00fd kurz na Julia. V tomto kurze sa zameriavame na efekt\u00edvnu pr\u00e1cu s pokro\u010dil\u00fdmi n\u00e1strojmi a technikami jazyka Julia.","protected":false},"author":4,"featured_media":23596,"comment_status":"open","ping_status":"closed","template":"","meta":{"_acf_changed":false},"product_brand":[],"product_cat":[715,99,73],"product_tag":[189],"class_list":{"0":"post-24373","1":"product","2":"type-product","3":"status-publish","4":"has-post-thumbnail","6":"product_cat-online-kurzy-julia","7":"product_cat-online-kurzy-programovacie-jazyky","8":"product_cat-bez-kategorie","9":"product_tag-programovacie-jazyky","11":"first","12":"instock","13":"sale","14":"sold-individually","15":"taxable","16":"shipping-taxable","17":"purchasable","18":"product-type-simple"},"yoast_head":"<!-- This site is optimized with the Yoast SEO Premium plugin v25.0 (Yoast SEO v25.0) - https:\/\/yoast.com\/wordpress\/plugins\/seo\/ -->\n<title>Online kurz Julia II. Mierne Pokro\u010dil\u00fd 2026 | VITA<\/title>\n<meta name=\"description\" content=\"V online kurze Julia sa nau\u010d\u00edte pokro\u010dilej\u0161ie techniky jazyka Julia. Nau\u010d\u00edme v\u00e1s pracova\u0165 s d\u00e1tumami, s\u00fabormi a makrami. \u2705\" \/>\n<meta name=\"robots\" content=\"index, follow, max-snippet:-1, max-image-preview:large, max-video-preview:-1\" \/>\n<link rel=\"canonical\" href=\"https:\/\/www.vita.sk\/online-kurz-julia-ii-mierne-pokrocily\/\" \/>\n<meta property=\"og:locale\" content=\"en_US\" \/>\n<meta property=\"og:type\" content=\"article\" \/>\n<meta property=\"og:title\" content=\"Online kurz Julia II. Mierne Pokro\u010dil\u00fd\" \/>\n<meta property=\"og:description\" content=\"V online kurze Julia sa nau\u010d\u00edte pokro\u010dilej\u0161ie techniky jazyka Julia. Nau\u010d\u00edme v\u00e1s pracova\u0165 s d\u00e1tumami, s\u00fabormi a makrami. \u2705\" \/>\n<meta property=\"og:url\" content=\"https:\/\/www.vita.sk\/online-kurz-julia-ii-mierne-pokrocily\/\" \/>\n<meta property=\"og:site_name\" content=\"VITA\" \/>\n<meta property=\"article:publisher\" content=\"https:\/\/www.facebook.com\/VitaAcademySK\" \/>\n<meta property=\"article:modified_time\" content=\"2025-05-27T07:48:04+00:00\" \/>\n<meta property=\"og:image\" content=\"https:\/\/www.vita.sk\/wp-content\/uploads\/2025\/01\/kurz_julia.png\" \/>\n\t<meta property=\"og:image:width\" content=\"360\" \/>\n\t<meta property=\"og:image:height\" content=\"360\" \/>\n\t<meta property=\"og:image:type\" content=\"image\/png\" \/>\n<meta name=\"twitter:card\" content=\"summary_large_image\" \/>\n<meta name=\"twitter:label1\" content=\"Est. reading time\" \/>\n\t<meta name=\"twitter:data1\" content=\"2 minutes\" \/>\n<script type=\"application\/ld+json\" class=\"yoast-schema-graph\">{\n\t    \"@context\": \"https:\/\/schema.org\",\n\t    \"@graph\": [\n\t        {\n\t            \"@type\": \"WebPage\",\n\t            \"@id\": \"https:\/\/www.vita.sk\/online-kurz-julia-ii-mierne-pokrocily\/\",\n\t            \"url\": \"https:\/\/www.vita.sk\/online-kurz-julia-ii-mierne-pokrocily\/\",\n\t            \"name\": \"Online kurz Julia II. Mierne Pokro\u010dil\u00fd {Y} | VITA\",\n\t            \"isPartOf\": {\n\t                \"@id\": \"https:\/\/www.vita.sk\/#website\"\n\t            },\n\t            \"primaryImageOfPage\": {\n\t                \"@id\": \"https:\/\/www.vita.sk\/online-kurz-julia-ii-mierne-pokrocily\/#primaryimage\"\n\t            },\n\t            \"image\": {\n\t                \"@id\": \"https:\/\/www.vita.sk\/online-kurz-julia-ii-mierne-pokrocily\/#primaryimage\"\n\t            },\n\t            \"thumbnailUrl\": \"https:\/\/www.vita.sk\/wp-content\/uploads\/2025\/01\/kurz_julia.png\",\n\t            \"datePublished\": \"2025-03-09T10:20:46+00:00\",\n\t            \"dateModified\": \"2025-05-27T07:48:04+00:00\",\n\t            \"description\": \"V online kurze Julia sa nau\u010d\u00edte pokro\u010dilej\u0161ie techniky jazyka Julia. Nau\u010d\u00edme v\u00e1s pracova\u0165 s d\u00e1tumami, s\u00fabormi a makrami. \u2705\",\n\t            \"breadcrumb\": {\n\t                \"@id\": \"https:\/\/www.vita.sk\/online-kurz-julia-ii-mierne-pokrocily\/#breadcrumb\"\n\t            },\n\t            \"inLanguage\": \"en-US\",\n\t            \"potentialAction\": [\n\t                {\n\t                    \"@type\": \"ReadAction\",\n\t                    \"target\": [\n\t                        \"https:\/\/www.vita.sk\/online-kurz-julia-ii-mierne-pokrocily\/\"\n\t                    ]\n\t                }\n\t            ]\n\t        },\n\t        {\n\t            \"@type\": \"ImageObject\",\n\t            \"inLanguage\": \"en-US\",\n\t            \"@id\": \"https:\/\/www.vita.sk\/online-kurz-julia-ii-mierne-pokrocily\/#primaryimage\",\n\t            \"url\": \"https:\/\/www.vita.sk\/wp-content\/uploads\/2025\/01\/kurz_julia.png\",\n\t            \"contentUrl\": \"https:\/\/www.vita.sk\/wp-content\/uploads\/2025\/01\/kurz_julia.png\",\n\t            \"width\": 360,\n\t            \"height\": 360,\n\t            \"caption\": \"online kurz julia\"\n\t        },\n\t        {\n\t            \"@type\": \"BreadcrumbList\",\n\t            \"@id\": \"https:\/\/www.vita.sk\/online-kurz-julia-ii-mierne-pokrocily\/#breadcrumb\",\n\t            \"itemListElement\": [\n\t                {\n\t                    \"@type\": \"ListItem\",\n\t                    \"position\": 1,\n\t                    \"name\": \"VITA Academy\",\n\t                    \"item\": \"https:\/\/www.vita.sk\/en\/\"\n\t                },\n\t                {\n\t                    \"@type\": \"ListItem\",\n\t                    \"position\": 2,\n\t                    \"name\": \"Shop\",\n\t                    \"item\": \"https:\/\/www.vita.sk\/shop\/\"\n\t                },\n\t                {\n\t                    \"@type\": \"ListItem\",\n\t                    \"position\": 3,\n\t                    \"name\": \"Programovacie Jazyky\",\n\t                    \"item\": \"https:\/\/www.vita.sk\/online-kurzy-programovacie-jazyky\/\"\n\t                },\n\t                {\n\t                    \"@type\": \"ListItem\",\n\t                    \"position\": 4,\n\t                    \"name\": \"Julia\",\n\t                    \"item\": \"https:\/\/www.vita.sk\/julia\/\"\n\t                },\n\t                {\n\t                    \"@type\": \"ListItem\",\n\t                    \"position\": 5,\n\t                    \"name\": \"Online kurz Julia II. Mierne Pokro\u010dil\u00fd\"\n\t                }\n\t            ]\n\t        },\n\t        {\n\t            \"@type\": \"WebSite\",\n\t            \"@id\": \"https:\/\/www.vita.sk\/#website\",\n\t            \"url\": \"https:\/\/www.vita.sk\/\",\n\t            \"name\": \"VITA\",\n\t            \"description\": \"\",\n\t            \"publisher\": {\n\t                \"@id\": \"https:\/\/www.vita.sk\/#organization\"\n\t            },\n\t            \"potentialAction\": [\n\t                {\n\t                    \"@type\": \"SearchAction\",\n\t                    \"target\": {\n\t                        \"@type\": \"EntryPoint\",\n\t                        \"urlTemplate\": \"https:\/\/www.vita.sk\/?s={search_term_string}\"\n\t                    },\n\t                    \"query-input\": {\n\t                        \"@type\": \"PropertyValueSpecification\",\n\t                        \"valueRequired\": true,\n\t                        \"valueName\": \"search_term_string\"\n\t                    }\n\t                }\n\t            ],\n\t            \"inLanguage\": \"en-US\"\n\t        },\n\t        {\n\t            \"email\": \"admin@vita.sk\",\n\t            \"logo\": \"https:\/\/www.vita.sk\/img\/vita_logo.png \",\n\t            \"address\": {\n\t                \"type\": \"PostalAddress\",\n\t                \"streetAddress\": \"Tom\u00e1\u0161ikova 50\/A\",\n\t                \"addressLocality\": \"Bratislava\",\n\t                \"postalCode\": \"83104\",\n\t                \"addressCountry\": {\n\t                    \"name\": \"SK\",\n\t                    \"type\": \"Country\"\n\t                }\n\t            },\n\t            \"contactPoint\": {\n\t                \"type\": \"ContactPoint\",\n\t                \"telephone\": \"+421 907 375\u00a0543\",\n\t                \"Email\": \"admin@vita.sk\",\n\t                \"contactType\": \"customer service\"\n\t            },\n\t            \"sameAs\": [\n\t                \"https:\/\/www.facebook.com\/VitaAcademySK\/\",\n\t                \"https:\/\/www.linkedin.com\/company\/vita-academy\/\"\n\t            ]\n\t        }\n\t    ]\n\t}<\/script>\n<!-- \/ Yoast SEO Premium plugin. -->","yoast_head_json":{"title":"Online kurz Julia II. Mierne Pokro\u010dil\u00fd 2026 | VITA","description":"V online kurze Julia sa nau\u010d\u00edte pokro\u010dilej\u0161ie techniky jazyka Julia. Nau\u010d\u00edme v\u00e1s pracova\u0165 s d\u00e1tumami, s\u00fabormi a makrami. \u2705","robots":{"index":"index","follow":"follow","max-snippet":"max-snippet:-1","max-image-preview":"max-image-preview:large","max-video-preview":"max-video-preview:-1"},"canonical":"https:\/\/www.vita.sk\/online-kurz-julia-ii-mierne-pokrocily\/","og_locale":"en_US","og_type":"article","og_title":"Online kurz Julia II. Mierne Pokro\u010dil\u00fd","og_description":"V online kurze Julia sa nau\u010d\u00edte pokro\u010dilej\u0161ie techniky jazyka Julia. Nau\u010d\u00edme v\u00e1s pracova\u0165 s d\u00e1tumami, s\u00fabormi a makrami. \u2705","og_url":"https:\/\/www.vita.sk\/online-kurz-julia-ii-mierne-pokrocily\/","og_site_name":"VITA","article_publisher":"https:\/\/www.facebook.com\/VitaAcademySK","article_modified_time":"2025-05-27T07:48:04+00:00","og_image":[{"width":360,"height":360,"url":"https:\/\/www.vita.sk\/wp-content\/uploads\/2025\/01\/kurz_julia.png","type":"image\/png"}],"twitter_card":"summary_large_image","twitter_misc":{"Est. reading time":"2 minutes"},"schema":{"@context":"https:\/\/schema.org","@graph":[{"@type":"WebPage","@id":"https:\/\/www.vita.sk\/online-kurz-julia-ii-mierne-pokrocily\/","url":"https:\/\/www.vita.sk\/online-kurz-julia-ii-mierne-pokrocily\/","name":"Online kurz Julia II. Mierne Pokro\u010dil\u00fd {Y} | VITA","isPartOf":{"@id":"https:\/\/www.vita.sk\/#website"},"primaryImageOfPage":{"@id":"https:\/\/www.vita.sk\/online-kurz-julia-ii-mierne-pokrocily\/#primaryimage"},"image":{"@id":"https:\/\/www.vita.sk\/online-kurz-julia-ii-mierne-pokrocily\/#primaryimage"},"thumbnailUrl":"https:\/\/www.vita.sk\/wp-content\/uploads\/2025\/01\/kurz_julia.png","datePublished":"2025-03-09T10:20:46+00:00","dateModified":"2025-05-27T07:48:04+00:00","description":"V online kurze Julia sa nau\u010d\u00edte pokro\u010dilej\u0161ie techniky jazyka Julia. Nau\u010d\u00edme v\u00e1s pracova\u0165 s d\u00e1tumami, s\u00fabormi a makrami. \u2705","breadcrumb":{"@id":"https:\/\/www.vita.sk\/online-kurz-julia-ii-mierne-pokrocily\/#breadcrumb"},"inLanguage":"en-US","potentialAction":[{"@type":"ReadAction","target":["https:\/\/www.vita.sk\/online-kurz-julia-ii-mierne-pokrocily\/"]}]},{"@type":"ImageObject","inLanguage":"en-US","@id":"https:\/\/www.vita.sk\/online-kurz-julia-ii-mierne-pokrocily\/#primaryimage","url":"https:\/\/www.vita.sk\/wp-content\/uploads\/2025\/01\/kurz_julia.png","contentUrl":"https:\/\/www.vita.sk\/wp-content\/uploads\/2025\/01\/kurz_julia.png","width":360,"height":360,"caption":"online kurz julia"},{"@type":"BreadcrumbList","@id":"https:\/\/www.vita.sk\/online-kurz-julia-ii-mierne-pokrocily\/#breadcrumb","itemListElement":[{"@type":"ListItem","position":1,"name":"VITA Academy","item":"https:\/\/www.vita.sk\/en\/"},{"@type":"ListItem","position":2,"name":"Shop","item":"https:\/\/www.vita.sk\/shop\/"},{"@type":"ListItem","position":3,"name":"Programovacie Jazyky","item":"https:\/\/www.vita.sk\/online-kurzy-programovacie-jazyky\/"},{"@type":"ListItem","position":4,"name":"Julia","item":"https:\/\/www.vita.sk\/julia\/"},{"@type":"ListItem","position":5,"name":"Online kurz Julia II. Mierne Pokro\u010dil\u00fd"}]},{"@type":"WebSite","@id":"https:\/\/www.vita.sk\/#website","url":"https:\/\/www.vita.sk\/","name":"VITA","description":"","publisher":{"@id":"https:\/\/www.vita.sk\/#organization"},"potentialAction":[{"@type":"SearchAction","target":{"@type":"EntryPoint","urlTemplate":"https:\/\/www.vita.sk\/?s={search_term_string}"},"query-input":{"@type":"PropertyValueSpecification","valueRequired":true,"valueName":"search_term_string"}}],"inLanguage":"en-US"},{"email":"admin@vita.sk","logo":"https:\/\/www.vita.sk\/img\/vita_logo.png ","address":{"type":"PostalAddress","streetAddress":"Tom\u00e1\u0161ikova 50\/A","addressLocality":"Bratislava","postalCode":"83104","addressCountry":{"name":"SK","type":"Country"}},"contactPoint":{"type":"ContactPoint","telephone":"+421 907 375\u00a0543","Email":"admin@vita.sk","contactType":"customer service"},"sameAs":["https:\/\/www.facebook.com\/VitaAcademySK\/","https:\/\/www.linkedin.com\/company\/vita-academy\/"]}]}},"acf":[],"_links":{"self":[{"href":"https:\/\/www.vita.sk\/en\/wp-json\/wp\/v2\/product\/24373","targetHints":{"allow":["GET"]}}],"collection":[{"href":"https:\/\/www.vita.sk\/en\/wp-json\/wp\/v2\/product"}],"about":[{"href":"https:\/\/www.vita.sk\/en\/wp-json\/wp\/v2\/types\/product"}],"author":[{"embeddable":true,"href":"https:\/\/www.vita.sk\/en\/wp-json\/wp\/v2\/users\/4"}],"replies":[{"embeddable":true,"href":"https:\/\/www.vita.sk\/en\/wp-json\/wp\/v2\/comments?post=24373"}],"wp:featuredmedia":[{"embeddable":true,"href":"https:\/\/www.vita.sk\/en\/wp-json\/wp\/v2\/media\/23596"}],"wp:attachment":[{"href":"https:\/\/www.vita.sk\/en\/wp-json\/wp\/v2\/media?parent=24373"}],"wp:term":[{"taxonomy":"product_brand","embeddable":true,"href":"https:\/\/www.vita.sk\/en\/wp-json\/wp\/v2\/product_brand?post=24373"},{"taxonomy":"product_cat","embeddable":true,"href":"https:\/\/www.vita.sk\/en\/wp-json\/wp\/v2\/product_cat?post=24373"},{"taxonomy":"product_tag","embeddable":true,"href":"https:\/\/www.vita.sk\/en\/wp-json\/wp\/v2\/product_tag?post=24373"}],"curies":[{"name":"wp","href":"https:\/\/api.w.org\/{rel}","templated":true}]}}