{"id":24650,"date":"2025-03-26T12:49:34","date_gmt":"2025-03-26T11:49:34","guid":{"rendered":"https:\/\/www.vita.sk\/?post_type=product&#038;p=24650"},"modified":"2025-03-26T13:24:09","modified_gmt":"2025-03-26T12:24:09","slug":"online-kurz-python-standardna-kniznica","status":"publish","type":"product","link":"https:\/\/www.vita.sk\/en\/online-kurz-python-standardna-kniznica\/","title":{"rendered":"Online kurz Python \u0160tandardn\u00e1 Kni\u017enica"},"content":{"rendered":"<p>Online kurz Python \u0160tandardn\u00e1 Kni\u017enica pre v\u00e1s ide\u00e1lny, ak sa chcete nau\u010di\u0165 vyu\u017e\u00edva\u0165 \u0161irok\u00fa paletu n\u00e1strojov, ktor\u00e9 poskytuje Python \u0161tandardn\u00e1 kni\u017enica. <strong>Ide o akreditovan\u00fd a certifikovan\u00fd online kurz na Python<\/strong>, ktor\u00fd sa zameriava na konkr\u00e9tne techniky a praktick\u00e9 aplik\u00e1cie \u0161tandardnej kni\u017enice. Obozn\u00e1mi v\u00e1s s r\u00f4znymi modulmi a bal\u00ed\u010dkami, ktor\u00e9 s\u00fa z\u00e1kladom efekt\u00edvneho programovania v Pythone.\u00a0 Dozviete sa, ako spr\u00e1vne za\u010da\u0165 pracova\u0165 s modulmi a bal\u00ed\u010dkami v Pythone, \u010do v\u00e1m umo\u017en\u00ed spravova\u0165 r\u00f4zne kni\u017enice a efekt\u00edvne ich pou\u017e\u00edva\u0165 vo svojich projektoch. Nau\u010d\u00edte sa, ako sa orientova\u0165 v z\u00e1kladn\u00fdch bal\u00ed\u010dkoch a ich nastaveniach, \u010d\u00edm si u\u013eah\u010d\u00edte implement\u00e1ciu pokro\u010dil\u00fdch funkci\u00ed do va\u0161ich aplik\u00e1ci\u00ed. \u010eal\u0161ou d\u00f4le\u017eitou oblas\u0165ou, ktor\u00fa pokryjeme, s\u00fa d\u00e1tumy, \u010dasy a n\u00e1hodn\u00e9 \u010d\u00edsla. Vyu\u017eijete modul datetime na pr\u00e1cu s d\u00e1tumami a \u010dasmi, \u010do je nevyhnutn\u00e9 pre aplik\u00e1cie, ktor\u00e9 potrebuj\u00fa \u010dasov\u00e9 zna\u010dky alebo v\u00fdpo\u010dty zalo\u017een\u00e9 na d\u00e1tumoch. Taktie\u017e sa nau\u010d\u00edte pou\u017e\u00edva\u0165 modul random, ktor\u00fd v\u00e1m pom\u00f4\u017ee generova\u0165 n\u00e1hodn\u00e9 hodnoty, \u010do je u\u017eito\u010dn\u00e9 pri tvorbe simul\u00e1ci\u00ed alebo testovac\u00edch d\u00e1t. \u010ealej sa zameriame na pr\u00e1cu s d\u00e1tami a s\u00fabormi. Nau\u010d\u00edte sa vyu\u017e\u00edva\u0165 moduly ako os, shutil, pathlib, csv a json, ktor\u00e9 v\u00e1m umo\u017enia efekt\u00edvne manipulova\u0165 so s\u00fabormi a prie\u010dinkami. Budete schopn\u00ed spravova\u0165 cesty s\u00faborov, kop\u00edrova\u0165 a pres\u00fava\u0165 s\u00fabory a pr\u00e1cu s form\u00e1tmi ako CSV a JSON na \u010d\u00edtanie a z\u00e1pis d\u00e1t. Modul collections je \u010fal\u0161ou k\u013e\u00fa\u010dovou oblas\u0165ou kurzu, kde sa obozn\u00e1mite s r\u00f4znymi d\u00e1tov\u00fdmi \u0161trukt\u00farami ako NamedTuple, Counter a Deque. Tieto \u0161trukt\u00fary v\u00e1m umo\u017enia efekt\u00edvnej\u0161ie spravova\u0165 a manipulova\u0165 s kolekciami \u00fadajov, \u010do v\u00fdrazne zlep\u0161\u00ed v\u00fdkon a \u010ditate\u013enos\u0165 v\u00e1\u0161ho k\u00f3du. Po absolvovan\u00ed kurzu budete schopn\u00ed efekt\u00edvne vyu\u017e\u00edva\u0165 Python \u0160tandardn\u00fa Kni\u017enicu na pr\u00e1cu s d\u00e1tami, \u010dasmi, n\u00e1hodn\u00fdmi \u010d\u00edslami a kolekciami. Z\u00edskate praktick\u00e9 zru\u010dnosti, ktor\u00e9 v\u00e1m umo\u017enia vyu\u017ei\u0165 silu Pythona pri spracovan\u00ed s\u00faborov a d\u00e1t, generovan\u00ed n\u00e1hodn\u00fdch \u010d\u00edsel a efekt\u00edvnom vyu\u017e\u00edvan\u00ed r\u00f4znych d\u00e1tov\u00fdch \u0161trukt\u00far pre va\u0161u aplik\u00e1ciu. Ak sa chcete skuto\u010dne nau\u010di\u0165 \u0160tandardn\u00fa Kni\u017enicu, tak toto je ide\u00e1lny vstupn\u00fd online kurz pre v\u00e1s.<\/p>\n","protected":false},"excerpt":{"rendered":"<p>Online kurz Python \u0160tandardn\u00e1 Kni\u017enica pre v\u00e1s ide\u00e1lny, ak sa chcete nau\u010di\u0165 vyu\u017e\u00edva\u0165 \u0161irok\u00fa paletu n\u00e1strojov, ktor\u00e9 poskytuje Python \u0161tandardn\u00e1 kni\u017enica. Ide o akreditovan\u00fd a certifikovan\u00fd online kurz na Python, ktor\u00fd sa zameriava na konkr\u00e9tne techniky a praktick\u00e9 aplik\u00e1cie \u0161tandardnej kni\u017enice. Obozn\u00e1mi v\u00e1s s r\u00f4znymi modulmi a bal\u00ed\u010dkami, ktor\u00e9 s\u00fa z\u00e1kladom efekt\u00edvneho programovania v Pythone.","protected":false},"author":4,"featured_media":23624,"comment_status":"closed","ping_status":"closed","template":"","meta":{"_acf_changed":false},"product_brand":[],"product_cat":[99,106],"product_tag":[212],"class_list":{"0":"post-24650","1":"product","2":"type-product","3":"status-publish","4":"has-post-thumbnail","6":"product_cat-online-kurzy-programovacie-jazyky","7":"product_cat-online-kurzy-python","8":"product_tag-python","10":"first","11":"instock","12":"sale","13":"sold-individually","14":"taxable","15":"shipping-taxable","16":"purchasable","17":"product-type-simple"},"yoast_head":"<!-- This site is optimized with the Yoast SEO Premium plugin v25.0 (Yoast SEO v25.0) - https:\/\/yoast.com\/wordpress\/plugins\/seo\/ -->\n<title>Online kurz Python \u0160tandardn\u00e1 Kni\u017enica | VITA<\/title>\n<meta name=\"description\" content=\"V online kurze Python \u0160tandardn\u00e1 Kni\u017enica sa nau\u010d\u00edte efekt\u00edvne vyu\u017e\u00edva\u0165 moduly a funkcie \u0161tandardnej kni\u017enice Pythonu. \u2705.\" \/>\n<meta name=\"robots\" content=\"index, follow, max-snippet:-1, max-image-preview:large, max-video-preview:-1\" \/>\n<link rel=\"canonical\" href=\"https:\/\/www.vita.sk\/online-kurz-python-standardna-kniznica\/\" \/>\n<meta property=\"og:locale\" content=\"en_US\" \/>\n<meta property=\"og:type\" content=\"article\" \/>\n<meta property=\"og:title\" content=\"Online kurz Python \u0160tandardn\u00e1 Kni\u017enica\" \/>\n<meta property=\"og:description\" content=\"V online kurze Python \u0160tandardn\u00e1 Kni\u017enica sa nau\u010d\u00edte efekt\u00edvne vyu\u017e\u00edva\u0165 moduly a funkcie \u0161tandardnej kni\u017enice Pythonu. \u2705.\" \/>\n<meta property=\"og:url\" content=\"https:\/\/www.vita.sk\/online-kurz-python-standardna-kniznica\/\" \/>\n<meta property=\"og:site_name\" content=\"VITA\" \/>\n<meta property=\"article:publisher\" content=\"https:\/\/www.facebook.com\/VitaAcademySK\" \/>\n<meta property=\"article:modified_time\" content=\"2025-03-26T12:24:09+00:00\" \/>\n<meta property=\"og:image\" content=\"https:\/\/www.vita.sk\/wp-content\/uploads\/2025\/01\/kurz_python_standardna_kniznica.png\" \/>\n\t<meta property=\"og:image:width\" content=\"360\" \/>\n\t<meta property=\"og:image:height\" content=\"360\" \/>\n\t<meta property=\"og:image:type\" content=\"image\/png\" \/>\n<meta name=\"twitter:card\" content=\"summary_large_image\" \/>\n<meta name=\"twitter:label1\" content=\"Est. reading time\" \/>\n\t<meta name=\"twitter:data1\" content=\"2 minutes\" \/>\n<script type=\"application\/ld+json\" class=\"yoast-schema-graph\">{\n\t    \"@context\": \"https:\/\/schema.org\",\n\t    \"@graph\": [\n\t        {\n\t            \"@type\": \"WebPage\",\n\t            \"@id\": \"https:\/\/www.vita.sk\/online-kurz-python-standardna-kniznica\/\",\n\t            \"url\": \"https:\/\/www.vita.sk\/online-kurz-python-standardna-kniznica\/\",\n\t            \"name\": \"Online kurz Python \u0160tandardn\u00e1 Kni\u017enica | VITA\",\n\t            \"isPartOf\": {\n\t                \"@id\": \"https:\/\/www.vita.sk\/#website\"\n\t            },\n\t            \"primaryImageOfPage\": {\n\t                \"@id\": \"https:\/\/www.vita.sk\/online-kurz-python-standardna-kniznica\/#primaryimage\"\n\t            },\n\t            \"image\": {\n\t                \"@id\": \"https:\/\/www.vita.sk\/online-kurz-python-standardna-kniznica\/#primaryimage\"\n\t            },\n\t            \"thumbnailUrl\": \"https:\/\/www.vita.sk\/wp-content\/uploads\/2025\/01\/kurz_python_standardna_kniznica.png\",\n\t            \"datePublished\": \"2025-03-26T11:49:34+00:00\",\n\t            \"dateModified\": \"2025-03-26T12:24:09+00:00\",\n\t            \"description\": \"V online kurze Python \u0160tandardn\u00e1 Kni\u017enica sa nau\u010d\u00edte efekt\u00edvne vyu\u017e\u00edva\u0165 moduly a funkcie \u0161tandardnej kni\u017enice Pythonu. \u2705.\",\n\t            \"breadcrumb\": {\n\t                \"@id\": \"https:\/\/www.vita.sk\/online-kurz-python-standardna-kniznica\/#breadcrumb\"\n\t            },\n\t            \"inLanguage\": \"en-US\",\n\t            \"potentialAction\": [\n\t                {\n\t                    \"@type\": \"ReadAction\",\n\t                    \"target\": [\n\t                        \"https:\/\/www.vita.sk\/online-kurz-python-standardna-kniznica\/\"\n\t                    ]\n\t                }\n\t            ]\n\t        },\n\t        {\n\t            \"@type\": \"ImageObject\",\n\t            \"inLanguage\": \"en-US\",\n\t            \"@id\": \"https:\/\/www.vita.sk\/online-kurz-python-standardna-kniznica\/#primaryimage\",\n\t            \"url\": \"https:\/\/www.vita.sk\/wp-content\/uploads\/2025\/01\/kurz_python_standardna_kniznica.png\",\n\t            \"contentUrl\": \"https:\/\/www.vita.sk\/wp-content\/uploads\/2025\/01\/kurz_python_standardna_kniznica.png\",\n\t            \"width\": 360,\n\t            \"height\": 360,\n\t            \"caption\": \"online kurz python \u0161tandardn\u00e1 kni\u017enica\"\n\t        },\n\t        {\n\t            \"@type\": \"BreadcrumbList\",\n\t            \"@id\": \"https:\/\/www.vita.sk\/online-kurz-python-standardna-kniznica\/#breadcrumb\",\n\t            \"itemListElement\": [\n\t                {\n\t                    \"@type\": \"ListItem\",\n\t                    \"position\": 1,\n\t                    \"name\": \"VITA Academy\",\n\t                    \"item\": \"https:\/\/www.vita.sk\/en\/\"\n\t                },\n\t                {\n\t                    \"@type\": \"ListItem\",\n\t                    \"position\": 2,\n\t                    \"name\": \"Shop\",\n\t                    \"item\": \"https:\/\/www.vita.sk\/shop\/\"\n\t                },\n\t                {\n\t                    \"@type\": \"ListItem\",\n\t                    \"position\": 3,\n\t                    \"name\": \"Programovacie Jazyky\",\n\t                    \"item\": \"https:\/\/www.vita.sk\/online-kurzy-programovacie-jazyky\/\"\n\t                },\n\t                {\n\t                    \"@type\": \"ListItem\",\n\t                    \"position\": 4,\n\t                    \"name\": \"Python\",\n\t                    \"item\": \"https:\/\/www.vita.sk\/online-kurzy-python\/\"\n\t                },\n\t                {\n\t                    \"@type\": \"ListItem\",\n\t                    \"position\": 5,\n\t                    \"name\": \"Online kurz Python \u0160tandardn\u00e1 Kni\u017enica\"\n\t                }\n\t            ]\n\t        },\n\t        {\n\t            \"@type\": \"WebSite\",\n\t            \"@id\": \"https:\/\/www.vita.sk\/#website\",\n\t            \"url\": \"https:\/\/www.vita.sk\/\",\n\t            \"name\": \"VITA\",\n\t            \"description\": \"\",\n\t            \"publisher\": {\n\t                \"@id\": \"https:\/\/www.vita.sk\/#organization\"\n\t            },\n\t            \"potentialAction\": [\n\t                {\n\t                    \"@type\": \"SearchAction\",\n\t                    \"target\": {\n\t                        \"@type\": \"EntryPoint\",\n\t                        \"urlTemplate\": \"https:\/\/www.vita.sk\/?s={search_term_string}\"\n\t                    },\n\t                    \"query-input\": {\n\t                        \"@type\": \"PropertyValueSpecification\",\n\t                        \"valueRequired\": true,\n\t                        \"valueName\": \"search_term_string\"\n\t                    }\n\t                }\n\t            ],\n\t            \"inLanguage\": \"en-US\"\n\t        },\n\t        {\n\t            \"email\": \"admin@vita.sk\",\n\t            \"logo\": \"https:\/\/www.vita.sk\/img\/vita_logo.png \",\n\t            \"address\": {\n\t                \"type\": \"PostalAddress\",\n\t                \"streetAddress\": \"Tom\u00e1\u0161ikova 50\/A\",\n\t                \"addressLocality\": \"Bratislava\",\n\t                \"postalCode\": \"83104\",\n\t                \"addressCountry\": {\n\t                    \"name\": \"SK\",\n\t                    \"type\": \"Country\"\n\t                }\n\t            },\n\t            \"contactPoint\": {\n\t                \"type\": \"ContactPoint\",\n\t                \"telephone\": \"+421 907 375\u00a0543\",\n\t                \"Email\": \"admin@vita.sk\",\n\t                \"contactType\": \"customer service\"\n\t            },\n\t            \"sameAs\": [\n\t                \"https:\/\/www.facebook.com\/VitaAcademySK\/\",\n\t                \"https:\/\/www.linkedin.com\/company\/vita-academy\/\"\n\t            ]\n\t        }\n\t    ]\n\t}<\/script>\n<!-- \/ Yoast SEO Premium plugin. -->","yoast_head_json":{"title":"Online kurz Python \u0160tandardn\u00e1 Kni\u017enica | VITA","description":"V online kurze Python \u0160tandardn\u00e1 Kni\u017enica sa nau\u010d\u00edte efekt\u00edvne vyu\u017e\u00edva\u0165 moduly a funkcie \u0161tandardnej kni\u017enice Pythonu. \u2705.","robots":{"index":"index","follow":"follow","max-snippet":"max-snippet:-1","max-image-preview":"max-image-preview:large","max-video-preview":"max-video-preview:-1"},"canonical":"https:\/\/www.vita.sk\/online-kurz-python-standardna-kniznica\/","og_locale":"en_US","og_type":"article","og_title":"Online kurz Python \u0160tandardn\u00e1 Kni\u017enica","og_description":"V online kurze Python \u0160tandardn\u00e1 Kni\u017enica sa nau\u010d\u00edte efekt\u00edvne vyu\u017e\u00edva\u0165 moduly a funkcie \u0161tandardnej kni\u017enice Pythonu. \u2705.","og_url":"https:\/\/www.vita.sk\/online-kurz-python-standardna-kniznica\/","og_site_name":"VITA","article_publisher":"https:\/\/www.facebook.com\/VitaAcademySK","article_modified_time":"2025-03-26T12:24:09+00:00","og_image":[{"width":360,"height":360,"url":"https:\/\/www.vita.sk\/wp-content\/uploads\/2025\/01\/kurz_python_standardna_kniznica.png","type":"image\/png"}],"twitter_card":"summary_large_image","twitter_misc":{"Est. reading time":"2 minutes"},"schema":{"@context":"https:\/\/schema.org","@graph":[{"@type":"WebPage","@id":"https:\/\/www.vita.sk\/online-kurz-python-standardna-kniznica\/","url":"https:\/\/www.vita.sk\/online-kurz-python-standardna-kniznica\/","name":"Online kurz Python \u0160tandardn\u00e1 Kni\u017enica | VITA","isPartOf":{"@id":"https:\/\/www.vita.sk\/#website"},"primaryImageOfPage":{"@id":"https:\/\/www.vita.sk\/online-kurz-python-standardna-kniznica\/#primaryimage"},"image":{"@id":"https:\/\/www.vita.sk\/online-kurz-python-standardna-kniznica\/#primaryimage"},"thumbnailUrl":"https:\/\/www.vita.sk\/wp-content\/uploads\/2025\/01\/kurz_python_standardna_kniznica.png","datePublished":"2025-03-26T11:49:34+00:00","dateModified":"2025-03-26T12:24:09+00:00","description":"V online kurze Python \u0160tandardn\u00e1 Kni\u017enica sa nau\u010d\u00edte efekt\u00edvne vyu\u017e\u00edva\u0165 moduly a funkcie \u0161tandardnej kni\u017enice Pythonu. \u2705.","breadcrumb":{"@id":"https:\/\/www.vita.sk\/online-kurz-python-standardna-kniznica\/#breadcrumb"},"inLanguage":"en-US","potentialAction":[{"@type":"ReadAction","target":["https:\/\/www.vita.sk\/online-kurz-python-standardna-kniznica\/"]}]},{"@type":"ImageObject","inLanguage":"en-US","@id":"https:\/\/www.vita.sk\/online-kurz-python-standardna-kniznica\/#primaryimage","url":"https:\/\/www.vita.sk\/wp-content\/uploads\/2025\/01\/kurz_python_standardna_kniznica.png","contentUrl":"https:\/\/www.vita.sk\/wp-content\/uploads\/2025\/01\/kurz_python_standardna_kniznica.png","width":360,"height":360,"caption":"online kurz python \u0161tandardn\u00e1 kni\u017enica"},{"@type":"BreadcrumbList","@id":"https:\/\/www.vita.sk\/online-kurz-python-standardna-kniznica\/#breadcrumb","itemListElement":[{"@type":"ListItem","position":1,"name":"VITA Academy","item":"https:\/\/www.vita.sk\/en\/"},{"@type":"ListItem","position":2,"name":"Shop","item":"https:\/\/www.vita.sk\/shop\/"},{"@type":"ListItem","position":3,"name":"Programovacie Jazyky","item":"https:\/\/www.vita.sk\/online-kurzy-programovacie-jazyky\/"},{"@type":"ListItem","position":4,"name":"Python","item":"https:\/\/www.vita.sk\/online-kurzy-python\/"},{"@type":"ListItem","position":5,"name":"Online kurz Python \u0160tandardn\u00e1 Kni\u017enica"}]},{"@type":"WebSite","@id":"https:\/\/www.vita.sk\/#website","url":"https:\/\/www.vita.sk\/","name":"VITA","description":"","publisher":{"@id":"https:\/\/www.vita.sk\/#organization"},"potentialAction":[{"@type":"SearchAction","target":{"@type":"EntryPoint","urlTemplate":"https:\/\/www.vita.sk\/?s={search_term_string}"},"query-input":{"@type":"PropertyValueSpecification","valueRequired":true,"valueName":"search_term_string"}}],"inLanguage":"en-US"},{"email":"admin@vita.sk","logo":"https:\/\/www.vita.sk\/img\/vita_logo.png ","address":{"type":"PostalAddress","streetAddress":"Tom\u00e1\u0161ikova 50\/A","addressLocality":"Bratislava","postalCode":"83104","addressCountry":{"name":"SK","type":"Country"}},"contactPoint":{"type":"ContactPoint","telephone":"+421 907 375\u00a0543","Email":"admin@vita.sk","contactType":"customer service"},"sameAs":["https:\/\/www.facebook.com\/VitaAcademySK\/","https:\/\/www.linkedin.com\/company\/vita-academy\/"]}]}},"acf":[],"_links":{"self":[{"href":"https:\/\/www.vita.sk\/en\/wp-json\/wp\/v2\/product\/24650","targetHints":{"allow":["GET"]}}],"collection":[{"href":"https:\/\/www.vita.sk\/en\/wp-json\/wp\/v2\/product"}],"about":[{"href":"https:\/\/www.vita.sk\/en\/wp-json\/wp\/v2\/types\/product"}],"author":[{"embeddable":true,"href":"https:\/\/www.vita.sk\/en\/wp-json\/wp\/v2\/users\/4"}],"replies":[{"embeddable":true,"href":"https:\/\/www.vita.sk\/en\/wp-json\/wp\/v2\/comments?post=24650"}],"wp:featuredmedia":[{"embeddable":true,"href":"https:\/\/www.vita.sk\/en\/wp-json\/wp\/v2\/media\/23624"}],"wp:attachment":[{"href":"https:\/\/www.vita.sk\/en\/wp-json\/wp\/v2\/media?parent=24650"}],"wp:term":[{"taxonomy":"product_brand","embeddable":true,"href":"https:\/\/www.vita.sk\/en\/wp-json\/wp\/v2\/product_brand?post=24650"},{"taxonomy":"product_cat","embeddable":true,"href":"https:\/\/www.vita.sk\/en\/wp-json\/wp\/v2\/product_cat?post=24650"},{"taxonomy":"product_tag","embeddable":true,"href":"https:\/\/www.vita.sk\/en\/wp-json\/wp\/v2\/product_tag?post=24650"}],"curies":[{"name":"wp","href":"https:\/\/api.w.org\/{rel}","templated":true}]}}