{"id":25015,"date":"2025-04-10T19:40:10","date_gmt":"2025-04-10T17:40:10","guid":{"rendered":"https:\/\/www.vita.sk\/?post_type=product&#038;p=25015"},"modified":"2025-09-10T15:59:28","modified_gmt":"2025-09-10T13:59:28","slug":"online-kurz-neuronove-siete-python-keras-a-tensorflow","status":"publish","type":"product","link":"https:\/\/www.vita.sk\/en\/online-kurz-neuronove-siete-python-keras-a-tensorflow\/","title":{"rendered":"Online kurz Neur\u00f3nov\u00e9 Siete Python Keras a TensorFlow"},"content":{"rendered":"<p>Online kurz Neur\u00f3nov\u00e9 Siete Python Keras a TensorFlow pre v\u00e1s ide\u00e1lny, ak sa chcete nau\u010di\u0165 budova\u0165 a tr\u00e9nova\u0165 neur\u00f3nov\u00e9 siete v jednom z najpou\u017e\u00edvanej\u0161\u00edch programovac\u00edch jazykov pre umel\u00fa inteligenciu \u2013 Pythone. <strong>Ide o akreditovan\u00fd a certifikovan\u00fd online kurz na neur\u00f3nov\u00e9 siete Python Keras a TensorFlow<\/strong>. Kurz v\u00e1s prevedie z\u00e1kladmi umelej inteligencie so zameran\u00edm na neur\u00f3nov\u00e9 siete, od in\u0161tal\u00e1cie potrebn\u00fdch n\u00e1strojov a\u017e po implement\u00e1ciu vlastn\u00fdch modelov. Z\u00edskate preh\u013ead o kni\u017eniciach Keras a TensorFlow, ktor\u00e9 s\u00fa \u0161tandardom vo v\u00fdvoji AI a strojov\u00e9ho u\u010denia. Nau\u010d\u00edte sa, ako funguje architekt\u00fara neur\u00f3nov\u00fdch siet\u00ed, ako nastavi\u0165 model, definova\u0165 vrstvy, aktivova\u0165 funkcie a tr\u00e9nova\u0165 sie\u0165 na re\u00e1lnych d\u00e1tach. Praktick\u00fa \u010das\u0165 kurzu tvor\u00ed ukladanie a na\u010d\u00edtanie modelov, aby ste mohli svoje neur\u00f3nov\u00e9 siete op\u00e4tovne pou\u017ei\u0165 bez op\u00e4tovn\u00e9ho tr\u00e9novania. V kurze sa pracuje aj s r\u00f4znymi form\u00e1tmi s\u00faborov a d\u00e1tovou manipul\u00e1ciou cez moduly os, shutil, pathlib, csv a json, ktor\u00e9 v\u00e1m pom\u00f4\u017eu organizova\u0165 projekty a experimenty. V z\u00e1vere si vytvor\u00edte vlastn\u00fd model neur\u00f3novej siete, ktor\u00fd m\u00f4\u017eete \u010falej optimalizova\u0165 a vyhodnocova\u0165 pod\u013ea v\u00fdsledkov. Kurz je ide\u00e1lny pre v\u0161etk\u00fdch, ktor\u00ed chc\u00fa prenikn\u00fa\u0165 do sveta umelej inteligencie a vyu\u017ei\u0165 silu neur\u00f3nov\u00fdch siet\u00ed vo svojich vlastn\u00fdch IT alebo d\u00e1tov\u00fdch projektoch. Nau\u010d\u00edte sa techniky, ktor\u00e9 s\u00fa vyu\u017e\u00edvan\u00e9 v aplik\u00e1ci\u00e1ch rozpozn\u00e1vania obrazu, spracovania prirodzen\u00e9ho jazyka \u010di predik\u010dn\u00e9ho modelovania. Ak sa chcete skuto\u010dne nau\u010di\u0165 neur\u00f3nov\u00e9 siete, tak toto je ide\u00e1lny vstupn\u00fd online kurz pre v\u00e1s.<\/p>\n","protected":false},"excerpt":{"rendered":"<p>Online kurz Neur\u00f3nov\u00e9 Siete Python Keras a TensorFlow pre v\u00e1s ide\u00e1lny, ak sa chcete nau\u010di\u0165 budova\u0165 a tr\u00e9nova\u0165 neur\u00f3nov\u00e9 siete v jednom z najpou\u017e\u00edvanej\u0161\u00edch programovac\u00edch jazykov pre umel\u00fa inteligenciu \u2013 Pythone. Ide o akreditovan\u00fd a certifikovan\u00fd online kurz na neur\u00f3nov\u00e9 siete Python Keras a TensorFlow.","protected":false},"author":4,"featured_media":23606,"comment_status":"closed","ping_status":"closed","template":"","meta":{"_acf_changed":false},"product_brand":[],"product_cat":[99,106,588],"product_tag":[212],"class_list":{"0":"post-25015","1":"product","2":"type-product","3":"status-publish","4":"has-post-thumbnail","6":"product_cat-online-kurzy-programovacie-jazyky","7":"product_cat-online-kurzy-python","8":"product_cat-online-kurzy-umela-inteligencia-ai","9":"product_tag-python","11":"first","12":"instock","13":"sale","14":"sold-individually","15":"taxable","16":"shipping-taxable","17":"purchasable","18":"product-type-simple"},"yoast_head":"<!-- This site is optimized with the Yoast SEO Premium plugin v25.0 (Yoast SEO v25.0) - https:\/\/yoast.com\/wordpress\/plugins\/seo\/ -->\n<title>Online kurz Neur\u00f3nov\u00e9 Siete Python Keras a TensorFlow | VITA<\/title>\n<meta name=\"description\" content=\"V online kurze Neur\u00f3nov\u00e9 Siete Python Keras a TensorFlow sa nau\u010d\u00edte vytv\u00e1ra\u0165 a tr\u00e9nova\u0165 neur\u00f3nov\u00e9 siete s n\u00e1strojmi strojov\u00e9ho u\u010denia. \u2705.\" \/>\n<meta name=\"robots\" content=\"index, follow, max-snippet:-1, max-image-preview:large, max-video-preview:-1\" \/>\n<link rel=\"canonical\" href=\"https:\/\/www.vita.sk\/online-kurz-neuronove-siete-python-keras-a-tensorflow\/\" \/>\n<meta property=\"og:locale\" content=\"en_US\" \/>\n<meta property=\"og:type\" content=\"article\" \/>\n<meta property=\"og:title\" content=\"Online kurz Neur\u00f3nov\u00e9 Siete Python Keras a TensorFlow\" \/>\n<meta property=\"og:description\" content=\"V online kurze Neur\u00f3nov\u00e9 Siete Python Keras a TensorFlow sa nau\u010d\u00edte vytv\u00e1ra\u0165 a tr\u00e9nova\u0165 neur\u00f3nov\u00e9 siete s n\u00e1strojmi strojov\u00e9ho u\u010denia. \u2705.\" \/>\n<meta property=\"og:url\" content=\"https:\/\/www.vita.sk\/online-kurz-neuronove-siete-python-keras-a-tensorflow\/\" \/>\n<meta property=\"og:site_name\" content=\"VITA\" \/>\n<meta property=\"article:publisher\" content=\"https:\/\/www.facebook.com\/VitaAcademySK\" \/>\n<meta property=\"article:modified_time\" content=\"2025-09-10T13:59:28+00:00\" \/>\n<meta property=\"og:image\" content=\"https:\/\/www.vita.sk\/wp-content\/uploads\/2025\/01\/kurz_neuronove_siete.png\" \/>\n\t<meta property=\"og:image:width\" content=\"360\" \/>\n\t<meta property=\"og:image:height\" content=\"360\" \/>\n\t<meta property=\"og:image:type\" content=\"image\/png\" \/>\n<meta name=\"twitter:card\" content=\"summary_large_image\" \/>\n<meta name=\"twitter:label1\" content=\"Est. reading time\" \/>\n\t<meta name=\"twitter:data1\" content=\"2 minutes\" \/>\n<script type=\"application\/ld+json\" class=\"yoast-schema-graph\">{\n\t    \"@context\": \"https:\/\/schema.org\",\n\t    \"@graph\": [\n\t        {\n\t            \"@type\": \"WebPage\",\n\t            \"@id\": \"https:\/\/www.vita.sk\/online-kurz-neuronove-siete-python-keras-a-tensorflow\/\",\n\t            \"url\": \"https:\/\/www.vita.sk\/online-kurz-neuronove-siete-python-keras-a-tensorflow\/\",\n\t            \"name\": \"Online kurz Neur\u00f3nov\u00e9 Siete Python Keras a TensorFlow | VITA\",\n\t            \"isPartOf\": {\n\t                \"@id\": \"https:\/\/www.vita.sk\/#website\"\n\t            },\n\t            \"primaryImageOfPage\": {\n\t                \"@id\": \"https:\/\/www.vita.sk\/online-kurz-neuronove-siete-python-keras-a-tensorflow\/#primaryimage\"\n\t            },\n\t            \"image\": {\n\t                \"@id\": \"https:\/\/www.vita.sk\/online-kurz-neuronove-siete-python-keras-a-tensorflow\/#primaryimage\"\n\t            },\n\t            \"thumbnailUrl\": \"https:\/\/www.vita.sk\/wp-content\/uploads\/2025\/01\/kurz_neuronove_siete.png\",\n\t            \"datePublished\": \"2025-04-10T17:40:10+00:00\",\n\t            \"dateModified\": \"2025-09-10T13:59:28+00:00\",\n\t            \"description\": \"V online kurze Neur\u00f3nov\u00e9 Siete Python Keras a TensorFlow sa nau\u010d\u00edte vytv\u00e1ra\u0165 a tr\u00e9nova\u0165 neur\u00f3nov\u00e9 siete s n\u00e1strojmi strojov\u00e9ho u\u010denia. \u2705.\",\n\t            \"breadcrumb\": {\n\t                \"@id\": \"https:\/\/www.vita.sk\/online-kurz-neuronove-siete-python-keras-a-tensorflow\/#breadcrumb\"\n\t            },\n\t            \"inLanguage\": \"en-US\",\n\t            \"potentialAction\": [\n\t                {\n\t                    \"@type\": \"ReadAction\",\n\t                    \"target\": [\n\t                        \"https:\/\/www.vita.sk\/online-kurz-neuronove-siete-python-keras-a-tensorflow\/\"\n\t                    ]\n\t                }\n\t            ]\n\t        },\n\t        {\n\t            \"@type\": \"ImageObject\",\n\t            \"inLanguage\": \"en-US\",\n\t            \"@id\": \"https:\/\/www.vita.sk\/online-kurz-neuronove-siete-python-keras-a-tensorflow\/#primaryimage\",\n\t            \"url\": \"https:\/\/www.vita.sk\/wp-content\/uploads\/2025\/01\/kurz_neuronove_siete.png\",\n\t            \"contentUrl\": \"https:\/\/www.vita.sk\/wp-content\/uploads\/2025\/01\/kurz_neuronove_siete.png\",\n\t            \"width\": 360,\n\t            \"height\": 360,\n\t            \"caption\": \"online kurz neuronov\u00e9 siete\"\n\t        },\n\t        {\n\t            \"@type\": \"BreadcrumbList\",\n\t            \"@id\": \"https:\/\/www.vita.sk\/online-kurz-neuronove-siete-python-keras-a-tensorflow\/#breadcrumb\",\n\t            \"itemListElement\": [\n\t                {\n\t                    \"@type\": \"ListItem\",\n\t                    \"position\": 1,\n\t                    \"name\": \"VITA Academy\",\n\t                    \"item\": \"https:\/\/www.vita.sk\/en\/\"\n\t                },\n\t                {\n\t                    \"@type\": \"ListItem\",\n\t                    \"position\": 2,\n\t                    \"name\": \"Shop\",\n\t                    \"item\": \"https:\/\/www.vita.sk\/shop\/\"\n\t                },\n\t                {\n\t                    \"@type\": \"ListItem\",\n\t                    \"position\": 3,\n\t                    \"name\": \"Programovacie Jazyky\",\n\t                    \"item\": \"https:\/\/www.vita.sk\/online-kurzy-programovacie-jazyky\/\"\n\t                },\n\t                {\n\t                    \"@type\": \"ListItem\",\n\t                    \"position\": 4,\n\t                    \"name\": \"Python\",\n\t                    \"item\": \"https:\/\/www.vita.sk\/online-kurzy-python\/\"\n\t                },\n\t                {\n\t                    \"@type\": \"ListItem\",\n\t                    \"position\": 5,\n\t                    \"name\": \"Online kurz Neur\u00f3nov\u00e9 Siete Python Keras a TensorFlow\"\n\t                }\n\t            ]\n\t        },\n\t        {\n\t            \"@type\": \"WebSite\",\n\t            \"@id\": \"https:\/\/www.vita.sk\/#website\",\n\t            \"url\": \"https:\/\/www.vita.sk\/\",\n\t            \"name\": \"VITA\",\n\t            \"description\": \"\",\n\t            \"publisher\": {\n\t                \"@id\": \"https:\/\/www.vita.sk\/#organization\"\n\t            },\n\t            \"potentialAction\": [\n\t                {\n\t                    \"@type\": \"SearchAction\",\n\t                    \"target\": {\n\t                        \"@type\": \"EntryPoint\",\n\t                        \"urlTemplate\": \"https:\/\/www.vita.sk\/?s={search_term_string}\"\n\t                    },\n\t                    \"query-input\": {\n\t                        \"@type\": \"PropertyValueSpecification\",\n\t                        \"valueRequired\": true,\n\t                        \"valueName\": \"search_term_string\"\n\t                    }\n\t                }\n\t            ],\n\t            \"inLanguage\": \"en-US\"\n\t        },\n\t        {\n\t            \"email\": \"admin@vita.sk\",\n\t            \"logo\": \"https:\/\/www.vita.sk\/img\/vita_logo.png \",\n\t            \"address\": {\n\t                \"type\": \"PostalAddress\",\n\t                \"streetAddress\": \"Tom\u00e1\u0161ikova 50\/A\",\n\t                \"addressLocality\": \"Bratislava\",\n\t                \"postalCode\": \"83104\",\n\t                \"addressCountry\": {\n\t                    \"name\": \"SK\",\n\t                    \"type\": \"Country\"\n\t                }\n\t            },\n\t            \"contactPoint\": {\n\t                \"type\": \"ContactPoint\",\n\t                \"telephone\": \"+421 907 375\u00a0543\",\n\t                \"Email\": \"admin@vita.sk\",\n\t                \"contactType\": \"customer service\"\n\t            },\n\t            \"sameAs\": [\n\t                \"https:\/\/www.facebook.com\/VitaAcademySK\/\",\n\t                \"https:\/\/www.linkedin.com\/company\/vita-academy\/\"\n\t            ]\n\t        }\n\t    ]\n\t}<\/script>\n<!-- \/ Yoast SEO Premium plugin. -->","yoast_head_json":{"title":"Online kurz Neur\u00f3nov\u00e9 Siete Python Keras a TensorFlow | VITA","description":"V online kurze Neur\u00f3nov\u00e9 Siete Python Keras a TensorFlow sa nau\u010d\u00edte vytv\u00e1ra\u0165 a tr\u00e9nova\u0165 neur\u00f3nov\u00e9 siete s n\u00e1strojmi strojov\u00e9ho u\u010denia. \u2705.","robots":{"index":"index","follow":"follow","max-snippet":"max-snippet:-1","max-image-preview":"max-image-preview:large","max-video-preview":"max-video-preview:-1"},"canonical":"https:\/\/www.vita.sk\/online-kurz-neuronove-siete-python-keras-a-tensorflow\/","og_locale":"en_US","og_type":"article","og_title":"Online kurz Neur\u00f3nov\u00e9 Siete Python Keras a TensorFlow","og_description":"V online kurze Neur\u00f3nov\u00e9 Siete Python Keras a TensorFlow sa nau\u010d\u00edte vytv\u00e1ra\u0165 a tr\u00e9nova\u0165 neur\u00f3nov\u00e9 siete s n\u00e1strojmi strojov\u00e9ho u\u010denia. \u2705.","og_url":"https:\/\/www.vita.sk\/online-kurz-neuronove-siete-python-keras-a-tensorflow\/","og_site_name":"VITA","article_publisher":"https:\/\/www.facebook.com\/VitaAcademySK","article_modified_time":"2025-09-10T13:59:28+00:00","og_image":[{"width":360,"height":360,"url":"https:\/\/www.vita.sk\/wp-content\/uploads\/2025\/01\/kurz_neuronove_siete.png","type":"image\/png"}],"twitter_card":"summary_large_image","twitter_misc":{"Est. reading time":"2 minutes"},"schema":{"@context":"https:\/\/schema.org","@graph":[{"@type":"WebPage","@id":"https:\/\/www.vita.sk\/online-kurz-neuronove-siete-python-keras-a-tensorflow\/","url":"https:\/\/www.vita.sk\/online-kurz-neuronove-siete-python-keras-a-tensorflow\/","name":"Online kurz Neur\u00f3nov\u00e9 Siete Python Keras a TensorFlow | VITA","isPartOf":{"@id":"https:\/\/www.vita.sk\/#website"},"primaryImageOfPage":{"@id":"https:\/\/www.vita.sk\/online-kurz-neuronove-siete-python-keras-a-tensorflow\/#primaryimage"},"image":{"@id":"https:\/\/www.vita.sk\/online-kurz-neuronove-siete-python-keras-a-tensorflow\/#primaryimage"},"thumbnailUrl":"https:\/\/www.vita.sk\/wp-content\/uploads\/2025\/01\/kurz_neuronove_siete.png","datePublished":"2025-04-10T17:40:10+00:00","dateModified":"2025-09-10T13:59:28+00:00","description":"V online kurze Neur\u00f3nov\u00e9 Siete Python Keras a TensorFlow sa nau\u010d\u00edte vytv\u00e1ra\u0165 a tr\u00e9nova\u0165 neur\u00f3nov\u00e9 siete s n\u00e1strojmi strojov\u00e9ho u\u010denia. \u2705.","breadcrumb":{"@id":"https:\/\/www.vita.sk\/online-kurz-neuronove-siete-python-keras-a-tensorflow\/#breadcrumb"},"inLanguage":"en-US","potentialAction":[{"@type":"ReadAction","target":["https:\/\/www.vita.sk\/online-kurz-neuronove-siete-python-keras-a-tensorflow\/"]}]},{"@type":"ImageObject","inLanguage":"en-US","@id":"https:\/\/www.vita.sk\/online-kurz-neuronove-siete-python-keras-a-tensorflow\/#primaryimage","url":"https:\/\/www.vita.sk\/wp-content\/uploads\/2025\/01\/kurz_neuronove_siete.png","contentUrl":"https:\/\/www.vita.sk\/wp-content\/uploads\/2025\/01\/kurz_neuronove_siete.png","width":360,"height":360,"caption":"online kurz neuronov\u00e9 siete"},{"@type":"BreadcrumbList","@id":"https:\/\/www.vita.sk\/online-kurz-neuronove-siete-python-keras-a-tensorflow\/#breadcrumb","itemListElement":[{"@type":"ListItem","position":1,"name":"VITA Academy","item":"https:\/\/www.vita.sk\/en\/"},{"@type":"ListItem","position":2,"name":"Shop","item":"https:\/\/www.vita.sk\/shop\/"},{"@type":"ListItem","position":3,"name":"Programovacie Jazyky","item":"https:\/\/www.vita.sk\/online-kurzy-programovacie-jazyky\/"},{"@type":"ListItem","position":4,"name":"Python","item":"https:\/\/www.vita.sk\/online-kurzy-python\/"},{"@type":"ListItem","position":5,"name":"Online kurz Neur\u00f3nov\u00e9 Siete Python Keras a TensorFlow"}]},{"@type":"WebSite","@id":"https:\/\/www.vita.sk\/#website","url":"https:\/\/www.vita.sk\/","name":"VITA","description":"","publisher":{"@id":"https:\/\/www.vita.sk\/#organization"},"potentialAction":[{"@type":"SearchAction","target":{"@type":"EntryPoint","urlTemplate":"https:\/\/www.vita.sk\/?s={search_term_string}"},"query-input":{"@type":"PropertyValueSpecification","valueRequired":true,"valueName":"search_term_string"}}],"inLanguage":"en-US"},{"email":"admin@vita.sk","logo":"https:\/\/www.vita.sk\/img\/vita_logo.png ","address":{"type":"PostalAddress","streetAddress":"Tom\u00e1\u0161ikova 50\/A","addressLocality":"Bratislava","postalCode":"83104","addressCountry":{"name":"SK","type":"Country"}},"contactPoint":{"type":"ContactPoint","telephone":"+421 907 375\u00a0543","Email":"admin@vita.sk","contactType":"customer service"},"sameAs":["https:\/\/www.facebook.com\/VitaAcademySK\/","https:\/\/www.linkedin.com\/company\/vita-academy\/"]}]}},"acf":[],"_links":{"self":[{"href":"https:\/\/www.vita.sk\/en\/wp-json\/wp\/v2\/product\/25015","targetHints":{"allow":["GET"]}}],"collection":[{"href":"https:\/\/www.vita.sk\/en\/wp-json\/wp\/v2\/product"}],"about":[{"href":"https:\/\/www.vita.sk\/en\/wp-json\/wp\/v2\/types\/product"}],"author":[{"embeddable":true,"href":"https:\/\/www.vita.sk\/en\/wp-json\/wp\/v2\/users\/4"}],"replies":[{"embeddable":true,"href":"https:\/\/www.vita.sk\/en\/wp-json\/wp\/v2\/comments?post=25015"}],"wp:featuredmedia":[{"embeddable":true,"href":"https:\/\/www.vita.sk\/en\/wp-json\/wp\/v2\/media\/23606"}],"wp:attachment":[{"href":"https:\/\/www.vita.sk\/en\/wp-json\/wp\/v2\/media?parent=25015"}],"wp:term":[{"taxonomy":"product_brand","embeddable":true,"href":"https:\/\/www.vita.sk\/en\/wp-json\/wp\/v2\/product_brand?post=25015"},{"taxonomy":"product_cat","embeddable":true,"href":"https:\/\/www.vita.sk\/en\/wp-json\/wp\/v2\/product_cat?post=25015"},{"taxonomy":"product_tag","embeddable":true,"href":"https:\/\/www.vita.sk\/en\/wp-json\/wp\/v2\/product_tag?post=25015"}],"curies":[{"name":"wp","href":"https:\/\/api.w.org\/{rel}","templated":true}]}}