{"id":25018,"date":"2025-04-10T20:05:13","date_gmt":"2025-04-10T18:05:13","guid":{"rendered":"https:\/\/www.vita.sk\/?post_type=product&#038;p=25018"},"modified":"2025-04-10T20:19:10","modified_gmt":"2025-04-10T18:19:10","slug":"online-kurz-robot-framework-python","status":"publish","type":"product","link":"https:\/\/www.vita.sk\/en\/online-kurz-robot-framework-python\/","title":{"rendered":"Online kurz Robot Framework Python"},"content":{"rendered":"<p>Online kurz Robot Framework Python pre v\u00e1s ide\u00e1lny, ak sa chcete nau\u010di\u0165 vytv\u00e1ra\u0165 a sp\u00fa\u0161\u0165a\u0165 automatizovan\u00e9 testy softv\u00e9ru pomocou popul\u00e1rneho open-source n\u00e1stroja Robot Framework v kombin\u00e1cii s jazykom Python.<strong> Ide o akreditovan\u00fd a certifikovan\u00fd online kurz na Robot Framework Python.<\/strong> V \u00favode kurzu sa zozn\u00e1mite so z\u00e1kladmi testovania softv\u00e9ru v jazyku Python, pri\u010dom sa postupne prepracujete k aplikovan\u00e9mu pou\u017e\u00edvaniu testovacej automatiza\u010dnej platformy Robot Framework. Nau\u010d\u00edte sa, ako sp\u00fa\u0161\u0165a\u0165 testy priamo v prostred\u00ed JetBrains PyCharm, ako navrhova\u0165 a organizova\u0165 testovacie skripty a ako vyu\u017e\u00edva\u0165 syntax typu keyword-driven, ktorou je Robot Framework zn\u00e1my. Osvoj\u00edte si pr\u00e1cu so \u0161trukt\u00farou testovac\u00edch s\u00faborov, vytv\u00e1ranie testovac\u00edch pr\u00edpadov, vyu\u017eitie r\u00f4znych kni\u017en\u00edc a nastavenie vlastn\u00e9ho testovacieho prostredia. Kurz sa zameriava aj na pr\u00e1cu so s\u00fabormi a \u00fadajmi, \u010do je k\u013e\u00fa\u010dov\u00e1 schopnos\u0165 pri testovan\u00ed aplik\u00e1ci\u00ed, ktor\u00e9 sprac\u00favaj\u00fa vstupy z r\u00f4znych zdrojov. V\u010faka praktick\u00fdm uk\u00e1\u017ekam sa nau\u010d\u00edte pracova\u0165 s modulmi os, shutil, pathlib, csv a json, ktor\u00e9 umo\u017e\u0148uj\u00fa manipul\u00e1ciu so syst\u00e9mov\u00fdmi s\u00fabormi, generovanie testovac\u00edch d\u00e1t, \u010d\u00edtanie a z\u00e1pis do form\u00e1tov vhodn\u00fdch pre ukladanie v\u00fdsledkov testov \u010di konfigur\u00e1ciu testovac\u00edch scen\u00e1rov. V priebehu kurzu z\u00edskate jasn\u00fd preh\u013ead o tom, ako nastavi\u0165 a riadi\u0165 efekt\u00edvne testovanie, automatizova\u0165 opakuj\u00face sa \u010dinnosti a roz\u0161\u00edri\u0165 va\u0161e znalosti Pythonu o siln\u00e9 a prakticky pou\u017eite\u013en\u00e9 n\u00e1stroje v oblasti testovania softv\u00e9ru. Tento kurz je ide\u00e1lnym v\u00fdchodiskov\u00fdm bodom pre t\u00fdch, ktor\u00ed chc\u00fa vst\u00fapi\u0165 do sveta testovania, za\u010da\u0165 automatizova\u0165 testy a z\u00e1rove\u0148 si upevni\u0165 z\u00e1klady pr\u00e1ce s Pythonom a jeho \u0161tandardnou kni\u017enicou. Vhodn\u00fd je aj pre QA \u0161pecialistov, ktor\u00ed chc\u00fa roz\u0161\u00edri\u0165 svoje kompetencie o testovanie backendu, REST API a d\u00e1tov\u00fdch oper\u00e1ci\u00ed pomocou robotick\u00fdch testovac\u00edch skriptov. Ak sa chcete skuto\u010dne nau\u010di\u0165 Robot Framework, tak toto je ide\u00e1lny vstupn\u00fd online kurz pre v\u00e1s.<\/p>\n","protected":false},"excerpt":{"rendered":"<p>Online kurz Robot Framework Python pre v\u00e1s ide\u00e1lny, ak sa chcete nau\u010di\u0165 vytv\u00e1ra\u0165 a sp\u00fa\u0161\u0165a\u0165 automatizovan\u00e9 testy softv\u00e9ru pomocou popul\u00e1rneho open-source n\u00e1stroja Robot Framework v kombin\u00e1cii s jazykom Python. Ide o akreditovan\u00fd a certifikovan\u00fd online kurz na Robot Framework Python.","protected":false},"author":4,"featured_media":23626,"comment_status":"closed","ping_status":"closed","template":"","meta":{"_acf_changed":false},"product_brand":[],"product_cat":[99,106,130],"product_tag":[212,226],"class_list":{"0":"post-25018","1":"product","2":"type-product","3":"status-publish","4":"has-post-thumbnail","6":"product_cat-online-kurzy-programovacie-jazyky","7":"product_cat-online-kurzy-python","8":"product_cat-online-kurzy-testovanie-softveru-programovanie","9":"product_tag-python","10":"product_tag-testovanie-softveru","12":"first","13":"instock","14":"sale","15":"sold-individually","16":"taxable","17":"shipping-taxable","18":"purchasable","19":"product-type-simple"},"yoast_head":"<!-- This site is optimized with the Yoast SEO Premium plugin v25.0 (Yoast SEO v25.0) - https:\/\/yoast.com\/wordpress\/plugins\/seo\/ -->\n<title>Online kurz Robot Framework Python | VITA<\/title>\n<meta name=\"description\" content=\"V online kurze Robot Framework Python sa nau\u010d\u00edte automatizova\u0165 testovanie softv\u00e9ru pomocou n\u00e1stroja Robot Framework v kombin\u00e1cii s Python. \u2705\" \/>\n<meta name=\"robots\" content=\"index, follow, max-snippet:-1, max-image-preview:large, max-video-preview:-1\" \/>\n<link rel=\"canonical\" href=\"https:\/\/www.vita.sk\/online-kurz-robot-framework-python\/\" \/>\n<meta property=\"og:locale\" content=\"en_US\" \/>\n<meta property=\"og:type\" content=\"article\" \/>\n<meta property=\"og:title\" content=\"Online kurz Robot Framework Python\" \/>\n<meta property=\"og:description\" content=\"V online kurze Robot Framework Python sa nau\u010d\u00edte automatizova\u0165 testovanie softv\u00e9ru pomocou n\u00e1stroja Robot Framework v kombin\u00e1cii s Python. \u2705\" \/>\n<meta property=\"og:url\" content=\"https:\/\/www.vita.sk\/online-kurz-robot-framework-python\/\" \/>\n<meta property=\"og:site_name\" content=\"VITA\" \/>\n<meta property=\"article:publisher\" content=\"https:\/\/www.facebook.com\/VitaAcademySK\" \/>\n<meta property=\"article:modified_time\" content=\"2025-04-10T18:19:10+00:00\" \/>\n<meta property=\"og:image\" content=\"https:\/\/www.vita.sk\/wp-content\/uploads\/2025\/01\/kurz_robot_framework.png\" \/>\n\t<meta property=\"og:image:width\" content=\"360\" \/>\n\t<meta property=\"og:image:height\" content=\"360\" \/>\n\t<meta property=\"og:image:type\" content=\"image\/png\" \/>\n<meta name=\"twitter:card\" content=\"summary_large_image\" \/>\n<meta name=\"twitter:label1\" content=\"Est. reading time\" \/>\n\t<meta name=\"twitter:data1\" content=\"2 minutes\" \/>\n<script type=\"application\/ld+json\" class=\"yoast-schema-graph\">{\n\t    \"@context\": \"https:\/\/schema.org\",\n\t    \"@graph\": [\n\t        {\n\t            \"@type\": \"WebPage\",\n\t            \"@id\": \"https:\/\/www.vita.sk\/online-kurz-robot-framework-python\/\",\n\t            \"url\": \"https:\/\/www.vita.sk\/online-kurz-robot-framework-python\/\",\n\t            \"name\": \"Online kurz Robot Framework Python | VITA\",\n\t            \"isPartOf\": {\n\t                \"@id\": \"https:\/\/www.vita.sk\/#website\"\n\t            },\n\t            \"primaryImageOfPage\": {\n\t                \"@id\": \"https:\/\/www.vita.sk\/online-kurz-robot-framework-python\/#primaryimage\"\n\t            },\n\t            \"image\": {\n\t                \"@id\": \"https:\/\/www.vita.sk\/online-kurz-robot-framework-python\/#primaryimage\"\n\t            },\n\t            \"thumbnailUrl\": \"https:\/\/www.vita.sk\/wp-content\/uploads\/2025\/01\/kurz_robot_framework.png\",\n\t            \"datePublished\": \"2025-04-10T18:05:13+00:00\",\n\t            \"dateModified\": \"2025-04-10T18:19:10+00:00\",\n\t            \"description\": \"V online kurze Robot Framework Python sa nau\u010d\u00edte automatizova\u0165 testovanie softv\u00e9ru pomocou n\u00e1stroja Robot Framework v kombin\u00e1cii s Python. \u2705\",\n\t            \"breadcrumb\": {\n\t                \"@id\": \"https:\/\/www.vita.sk\/online-kurz-robot-framework-python\/#breadcrumb\"\n\t            },\n\t            \"inLanguage\": \"en-US\",\n\t            \"potentialAction\": [\n\t                {\n\t                    \"@type\": \"ReadAction\",\n\t                    \"target\": [\n\t                        \"https:\/\/www.vita.sk\/online-kurz-robot-framework-python\/\"\n\t                    ]\n\t                }\n\t            ]\n\t        },\n\t        {\n\t            \"@type\": \"ImageObject\",\n\t            \"inLanguage\": \"en-US\",\n\t            \"@id\": \"https:\/\/www.vita.sk\/online-kurz-robot-framework-python\/#primaryimage\",\n\t            \"url\": \"https:\/\/www.vita.sk\/wp-content\/uploads\/2025\/01\/kurz_robot_framework.png\",\n\t            \"contentUrl\": \"https:\/\/www.vita.sk\/wp-content\/uploads\/2025\/01\/kurz_robot_framework.png\",\n\t            \"width\": 360,\n\t            \"height\": 360,\n\t            \"caption\": \"online kurz robot framework\"\n\t        },\n\t        {\n\t            \"@type\": \"BreadcrumbList\",\n\t            \"@id\": \"https:\/\/www.vita.sk\/online-kurz-robot-framework-python\/#breadcrumb\",\n\t            \"itemListElement\": [\n\t                {\n\t                    \"@type\": \"ListItem\",\n\t                    \"position\": 1,\n\t                    \"name\": \"VITA Academy\",\n\t                    \"item\": \"https:\/\/www.vita.sk\/en\/\"\n\t                },\n\t                {\n\t                    \"@type\": \"ListItem\",\n\t                    \"position\": 2,\n\t                    \"name\": \"Shop\",\n\t                    \"item\": \"https:\/\/www.vita.sk\/shop\/\"\n\t                },\n\t                {\n\t                    \"@type\": \"ListItem\",\n\t                    \"position\": 3,\n\t                    \"name\": \"Programovacie Jazyky\",\n\t                    \"item\": \"https:\/\/www.vita.sk\/online-kurzy-programovacie-jazyky\/\"\n\t                },\n\t                {\n\t                    \"@type\": \"ListItem\",\n\t                    \"position\": 4,\n\t                    \"name\": \"Testovanie softv\u00e9ru\",\n\t                    \"item\": \"https:\/\/www.vita.sk\/online-kurzy-testovanie-softveru-programovanie\/\"\n\t                },\n\t                {\n\t                    \"@type\": \"ListItem\",\n\t                    \"position\": 5,\n\t                    \"name\": \"Online kurz Robot Framework Python\"\n\t                }\n\t            ]\n\t        },\n\t        {\n\t            \"@type\": \"WebSite\",\n\t            \"@id\": \"https:\/\/www.vita.sk\/#website\",\n\t            \"url\": \"https:\/\/www.vita.sk\/\",\n\t            \"name\": \"VITA\",\n\t            \"description\": \"\",\n\t            \"publisher\": {\n\t                \"@id\": \"https:\/\/www.vita.sk\/#organization\"\n\t            },\n\t            \"potentialAction\": [\n\t                {\n\t                    \"@type\": \"SearchAction\",\n\t                    \"target\": {\n\t                        \"@type\": \"EntryPoint\",\n\t                        \"urlTemplate\": \"https:\/\/www.vita.sk\/?s={search_term_string}\"\n\t                    },\n\t                    \"query-input\": {\n\t                        \"@type\": \"PropertyValueSpecification\",\n\t                        \"valueRequired\": true,\n\t                        \"valueName\": \"search_term_string\"\n\t                    }\n\t                }\n\t            ],\n\t            \"inLanguage\": \"en-US\"\n\t        },\n\t        {\n\t            \"email\": \"admin@vita.sk\",\n\t            \"logo\": \"https:\/\/www.vita.sk\/img\/vita_logo.png \",\n\t            \"address\": {\n\t                \"type\": \"PostalAddress\",\n\t                \"streetAddress\": \"Tom\u00e1\u0161ikova 50\/A\",\n\t                \"addressLocality\": \"Bratislava\",\n\t                \"postalCode\": \"83104\",\n\t                \"addressCountry\": {\n\t                    \"name\": \"SK\",\n\t                    \"type\": \"Country\"\n\t                }\n\t            },\n\t            \"contactPoint\": {\n\t                \"type\": \"ContactPoint\",\n\t                \"telephone\": \"+421 907 375\u00a0543\",\n\t                \"Email\": \"admin@vita.sk\",\n\t                \"contactType\": \"customer service\"\n\t            },\n\t            \"sameAs\": [\n\t                \"https:\/\/www.facebook.com\/VitaAcademySK\/\",\n\t                \"https:\/\/www.linkedin.com\/company\/vita-academy\/\"\n\t            ]\n\t        }\n\t    ]\n\t}<\/script>\n<!-- \/ Yoast SEO Premium plugin. -->","yoast_head_json":{"title":"Online kurz Robot Framework Python | VITA","description":"V online kurze Robot Framework Python sa nau\u010d\u00edte automatizova\u0165 testovanie softv\u00e9ru pomocou n\u00e1stroja Robot Framework v kombin\u00e1cii s Python. \u2705","robots":{"index":"index","follow":"follow","max-snippet":"max-snippet:-1","max-image-preview":"max-image-preview:large","max-video-preview":"max-video-preview:-1"},"canonical":"https:\/\/www.vita.sk\/online-kurz-robot-framework-python\/","og_locale":"en_US","og_type":"article","og_title":"Online kurz Robot Framework Python","og_description":"V online kurze Robot Framework Python sa nau\u010d\u00edte automatizova\u0165 testovanie softv\u00e9ru pomocou n\u00e1stroja Robot Framework v kombin\u00e1cii s Python. \u2705","og_url":"https:\/\/www.vita.sk\/online-kurz-robot-framework-python\/","og_site_name":"VITA","article_publisher":"https:\/\/www.facebook.com\/VitaAcademySK","article_modified_time":"2025-04-10T18:19:10+00:00","og_image":[{"width":360,"height":360,"url":"https:\/\/www.vita.sk\/wp-content\/uploads\/2025\/01\/kurz_robot_framework.png","type":"image\/png"}],"twitter_card":"summary_large_image","twitter_misc":{"Est. reading time":"2 minutes"},"schema":{"@context":"https:\/\/schema.org","@graph":[{"@type":"WebPage","@id":"https:\/\/www.vita.sk\/online-kurz-robot-framework-python\/","url":"https:\/\/www.vita.sk\/online-kurz-robot-framework-python\/","name":"Online kurz Robot Framework Python | VITA","isPartOf":{"@id":"https:\/\/www.vita.sk\/#website"},"primaryImageOfPage":{"@id":"https:\/\/www.vita.sk\/online-kurz-robot-framework-python\/#primaryimage"},"image":{"@id":"https:\/\/www.vita.sk\/online-kurz-robot-framework-python\/#primaryimage"},"thumbnailUrl":"https:\/\/www.vita.sk\/wp-content\/uploads\/2025\/01\/kurz_robot_framework.png","datePublished":"2025-04-10T18:05:13+00:00","dateModified":"2025-04-10T18:19:10+00:00","description":"V online kurze Robot Framework Python sa nau\u010d\u00edte automatizova\u0165 testovanie softv\u00e9ru pomocou n\u00e1stroja Robot Framework v kombin\u00e1cii s Python. \u2705","breadcrumb":{"@id":"https:\/\/www.vita.sk\/online-kurz-robot-framework-python\/#breadcrumb"},"inLanguage":"en-US","potentialAction":[{"@type":"ReadAction","target":["https:\/\/www.vita.sk\/online-kurz-robot-framework-python\/"]}]},{"@type":"ImageObject","inLanguage":"en-US","@id":"https:\/\/www.vita.sk\/online-kurz-robot-framework-python\/#primaryimage","url":"https:\/\/www.vita.sk\/wp-content\/uploads\/2025\/01\/kurz_robot_framework.png","contentUrl":"https:\/\/www.vita.sk\/wp-content\/uploads\/2025\/01\/kurz_robot_framework.png","width":360,"height":360,"caption":"online kurz robot framework"},{"@type":"BreadcrumbList","@id":"https:\/\/www.vita.sk\/online-kurz-robot-framework-python\/#breadcrumb","itemListElement":[{"@type":"ListItem","position":1,"name":"VITA Academy","item":"https:\/\/www.vita.sk\/en\/"},{"@type":"ListItem","position":2,"name":"Shop","item":"https:\/\/www.vita.sk\/shop\/"},{"@type":"ListItem","position":3,"name":"Programovacie Jazyky","item":"https:\/\/www.vita.sk\/online-kurzy-programovacie-jazyky\/"},{"@type":"ListItem","position":4,"name":"Testovanie softv\u00e9ru","item":"https:\/\/www.vita.sk\/online-kurzy-testovanie-softveru-programovanie\/"},{"@type":"ListItem","position":5,"name":"Online kurz Robot Framework Python"}]},{"@type":"WebSite","@id":"https:\/\/www.vita.sk\/#website","url":"https:\/\/www.vita.sk\/","name":"VITA","description":"","publisher":{"@id":"https:\/\/www.vita.sk\/#organization"},"potentialAction":[{"@type":"SearchAction","target":{"@type":"EntryPoint","urlTemplate":"https:\/\/www.vita.sk\/?s={search_term_string}"},"query-input":{"@type":"PropertyValueSpecification","valueRequired":true,"valueName":"search_term_string"}}],"inLanguage":"en-US"},{"email":"admin@vita.sk","logo":"https:\/\/www.vita.sk\/img\/vita_logo.png ","address":{"type":"PostalAddress","streetAddress":"Tom\u00e1\u0161ikova 50\/A","addressLocality":"Bratislava","postalCode":"83104","addressCountry":{"name":"SK","type":"Country"}},"contactPoint":{"type":"ContactPoint","telephone":"+421 907 375\u00a0543","Email":"admin@vita.sk","contactType":"customer service"},"sameAs":["https:\/\/www.facebook.com\/VitaAcademySK\/","https:\/\/www.linkedin.com\/company\/vita-academy\/"]}]}},"acf":[],"_links":{"self":[{"href":"https:\/\/www.vita.sk\/en\/wp-json\/wp\/v2\/product\/25018","targetHints":{"allow":["GET"]}}],"collection":[{"href":"https:\/\/www.vita.sk\/en\/wp-json\/wp\/v2\/product"}],"about":[{"href":"https:\/\/www.vita.sk\/en\/wp-json\/wp\/v2\/types\/product"}],"author":[{"embeddable":true,"href":"https:\/\/www.vita.sk\/en\/wp-json\/wp\/v2\/users\/4"}],"replies":[{"embeddable":true,"href":"https:\/\/www.vita.sk\/en\/wp-json\/wp\/v2\/comments?post=25018"}],"wp:featuredmedia":[{"embeddable":true,"href":"https:\/\/www.vita.sk\/en\/wp-json\/wp\/v2\/media\/23626"}],"wp:attachment":[{"href":"https:\/\/www.vita.sk\/en\/wp-json\/wp\/v2\/media?parent=25018"}],"wp:term":[{"taxonomy":"product_brand","embeddable":true,"href":"https:\/\/www.vita.sk\/en\/wp-json\/wp\/v2\/product_brand?post=25018"},{"taxonomy":"product_cat","embeddable":true,"href":"https:\/\/www.vita.sk\/en\/wp-json\/wp\/v2\/product_cat?post=25018"},{"taxonomy":"product_tag","embeddable":true,"href":"https:\/\/www.vita.sk\/en\/wp-json\/wp\/v2\/product_tag?post=25018"}],"curies":[{"name":"wp","href":"https:\/\/api.w.org\/{rel}","templated":true}]}}