{"id":25915,"date":"2025-05-17T16:33:41","date_gmt":"2025-05-17T14:33:41","guid":{"rendered":"https:\/\/www.vita.sk\/?post_type=product&#038;p=25915"},"modified":"2026-04-20T10:58:18","modified_gmt":"2026-04-20T08:58:18","slug":"online-kurz-jazyk-markdown-a-tvorba-dokumentacie","status":"publish","type":"product","link":"https:\/\/www.vita.sk\/en\/online-kurz-jazyk-markdown-a-tvorba-dokumentacie\/","title":{"rendered":"Online kurz Jazyk Markdown a Tvorba Dokument\u00e1cie"},"content":{"rendered":"<p data-start=\"0\" data-end=\"287\">Online kurz Jazyk Markdown a Tvorba Dokument\u00e1cie pre v\u00e1s ide\u00e1lny, ak sa chcete nau\u010di\u0165 efekt\u00edvne p\u00edsa\u0165 technick\u00fa dokument\u00e1ciu, upravova\u0165 README s\u00fabory a vytv\u00e1ra\u0165 vizu\u00e1lne \u010dist\u00e9 pozn\u00e1mky \u010di wiki pre va\u0161e projekty. <strong>Ide o akreditovan\u00fd a certifikovan\u00fd online kurz na Jazyk Markdown a GitHub.<\/strong> Kurz v\u00e1s krok za krokom nau\u010d\u00ed z\u00e1kladom zna\u010dkovacieho jazyka Markdown, ktor\u00fd je mimoriadne popul\u00e1rny v prostred\u00ed GitHubu, v\u00fdvoja softv\u00e9ru, technick\u00fdch \u010dl\u00e1nkov a open-source projektov. Z\u00edskate praktick\u00e9 zru\u010dnosti pri p\u00edsan\u00ed README.md s\u00faborov, vytv\u00e1ran\u00ed nadpisov, zv\u00fdraz\u0148ovan\u00ed textu, pou\u017e\u00edvan\u00ed odr\u00e1\u017eok, vkladan\u00ed obr\u00e1zkov, odkazov a ikoniek pomocou Emojis. Zist\u00edte, ako efekt\u00edvne upravova\u0165 dokument\u00e1ciu priamo v GitHube a ako vytv\u00e1ra\u0165 esteticky upraven\u00e9 a funk\u010dn\u00e9 s\u00fabory pre v\u00fdvojov\u00e9 projekty. Pokro\u010dilej\u0161ia \u010das\u0165 kurzu v\u00e1s prevedie tvorbou tabuliek v Markdown, navig\u00e1ciou cez GitHub Wiki, ako aj publikovan\u00edm statick\u00fdch str\u00e1nok cez GitHub Pages. Osvoj\u00edte si \u0161trukt\u00farovan\u00fd sp\u00f4sob organiz\u00e1cie inform\u00e1ci\u00ed a nau\u010d\u00edte sa prezentova\u0165 dokument\u00e1ciu \u010ditate\u013en\u00fdm a profesion\u00e1lnym sp\u00f4sobom. Prejdete si aj pr\u00e1cu so \u0161abl\u00f3nami (Templates), GitHub Issues a analytick\u00fdmi n\u00e1strojmi ako Insights, ktor\u00e9 v\u00e1m pom\u00f4\u017eu pri organiz\u00e1cii pr\u00e1ce v t\u00edmoch a zlep\u0161ia sledovanie sp\u00e4tnej v\u00e4zby. Na z\u00e1ver sa nau\u010d\u00edte pou\u017e\u00edva\u0165 ve\u013ek\u00e9 s\u00fabory (LFS) a z\u00edskate prax s re\u00e1lnymi pr\u00edkladmi, ktor\u00e9 m\u00f4\u017eete uplatni\u0165 pri v\u00fdvoji softv\u00e9ru, spr\u00e1ve repozit\u00e1rov, p\u00edsan\u00ed dokument\u00e1cie k open-source projektom \u010di pri intern\u00fdch technick\u00fdch projektoch v spolo\u010dnosti. Tento kurz je vhodn\u00ed pre v\u00fdvoj\u00e1rov, technick\u00fdch dokumentaristov, \u0161tudentov IT a ka\u017ed\u00e9ho, kto chce vytv\u00e1ra\u0165 zrozumite\u013en\u00fa, profesion\u00e1lnu a dobre \u0161trukt\u00farovan\u00fa dokument\u00e1ciu. Ak sa chcete skuto\u010dne nau\u010di\u0165 pou\u017e\u00edva\u0165 jazyk Markdown, tak toto je ide\u00e1lny online kurz pre v\u00e1s.<\/p>\n","protected":false},"excerpt":{"rendered":"<p>Online kurz Jazyk Markdown a Tvorba Dokument\u00e1cie pre v\u00e1s ide\u00e1lny, ak sa chcete nau\u010di\u0165 efekt\u00edvne p\u00edsa\u0165 technick\u00fa dokument\u00e1ciu, upravova\u0165 README s\u00fabory a vytv\u00e1ra\u0165 vizu\u00e1lne \u010dist\u00e9 pozn\u00e1mky \u010di wiki pre va\u0161e projekty. Ide o akreditovan\u00fd a certifikovan\u00fd online kurz na Jazyk Markdown a GitHub.","protected":false},"author":4,"featured_media":4545,"comment_status":"open","ping_status":"closed","template":"","meta":{"_acf_changed":false},"product_brand":[],"product_cat":[99],"product_tag":[189,325],"class_list":{"0":"post-25915","1":"product","2":"type-product","3":"status-publish","4":"has-post-thumbnail","6":"product_cat-online-kurzy-programovacie-jazyky","7":"product_tag-programovacie-jazyky","8":"product_tag-git","10":"first","11":"instock","12":"sale","13":"sold-individually","14":"taxable","15":"shipping-taxable","16":"purchasable","17":"product-type-simple"},"yoast_head":"<!-- This site is optimized with the Yoast SEO Premium plugin v25.0 (Yoast SEO v25.0) - https:\/\/yoast.com\/wordpress\/plugins\/seo\/ -->\n<title>Online kurz Jazyk Markdown a Tvorba Dokument\u00e1cie 2026 | VITA<\/title>\n<meta name=\"description\" content=\"V online kurze Jazyk Markdown a Tvorba Dokument\u00e1cie sa nau\u010d\u00edte p\u00edsa\u0165 preh\u013eadn\u00e9 technick\u00e9 texty, dokument\u00e1cie a z\u00e1pisy pomocou jazyka Markdown. \u2705\" \/>\n<meta name=\"robots\" content=\"index, follow, max-snippet:-1, max-image-preview:large, max-video-preview:-1\" \/>\n<link rel=\"canonical\" href=\"https:\/\/www.vita.sk\/online-kurz-jazyk-markdown-a-tvorba-dokumentacie\/\" \/>\n<meta property=\"og:locale\" content=\"en_US\" \/>\n<meta property=\"og:type\" content=\"article\" \/>\n<meta property=\"og:title\" content=\"Online kurz Jazyk Markdown a Tvorba Dokument\u00e1cie\" \/>\n<meta property=\"og:description\" content=\"V online kurze Jazyk Markdown a Tvorba Dokument\u00e1cie sa nau\u010d\u00edte p\u00edsa\u0165 preh\u013eadn\u00e9 technick\u00e9 texty, dokument\u00e1cie a z\u00e1pisy pomocou jazyka Markdown. \u2705\" \/>\n<meta property=\"og:url\" content=\"https:\/\/www.vita.sk\/online-kurz-jazyk-markdown-a-tvorba-dokumentacie\/\" \/>\n<meta property=\"og:site_name\" content=\"VITA\" \/>\n<meta property=\"article:publisher\" content=\"https:\/\/www.facebook.com\/VitaAcademySK\" \/>\n<meta property=\"article:modified_time\" content=\"2026-04-20T08:58:18+00:00\" \/>\n<meta property=\"og:image\" content=\"https:\/\/www.vita.sk\/wp-content\/uploads\/2020\/11\/kurz-git.png\" \/>\n\t<meta property=\"og:image:width\" content=\"360\" \/>\n\t<meta property=\"og:image:height\" content=\"360\" \/>\n\t<meta property=\"og:image:type\" content=\"image\/png\" \/>\n<meta name=\"twitter:card\" content=\"summary_large_image\" \/>\n<meta name=\"twitter:label1\" content=\"Est. reading time\" \/>\n\t<meta name=\"twitter:data1\" content=\"2 minutes\" \/>\n<script type=\"application\/ld+json\" class=\"yoast-schema-graph\">{\n\t    \"@context\": \"https:\/\/schema.org\",\n\t    \"@graph\": [\n\t        {\n\t            \"@type\": \"WebPage\",\n\t            \"@id\": \"https:\/\/www.vita.sk\/online-kurz-jazyk-markdown-a-tvorba-dokumentacie\/\",\n\t            \"url\": \"https:\/\/www.vita.sk\/online-kurz-jazyk-markdown-a-tvorba-dokumentacie\/\",\n\t            \"name\": \"Online kurz Jazyk Markdown a Tvorba Dokument\u00e1cie {Y} | VITA\",\n\t            \"isPartOf\": {\n\t                \"@id\": \"https:\/\/www.vita.sk\/#website\"\n\t            },\n\t            \"primaryImageOfPage\": {\n\t                \"@id\": \"https:\/\/www.vita.sk\/online-kurz-jazyk-markdown-a-tvorba-dokumentacie\/#primaryimage\"\n\t            },\n\t            \"image\": {\n\t                \"@id\": \"https:\/\/www.vita.sk\/online-kurz-jazyk-markdown-a-tvorba-dokumentacie\/#primaryimage\"\n\t            },\n\t            \"thumbnailUrl\": \"https:\/\/www.vita.sk\/wp-content\/uploads\/2020\/11\/kurz-git.png\",\n\t            \"datePublished\": \"2025-05-17T14:33:41+00:00\",\n\t            \"dateModified\": \"2026-04-20T08:58:18+00:00\",\n\t            \"description\": \"V online kurze Jazyk Markdown a Tvorba Dokument\u00e1cie sa nau\u010d\u00edte p\u00edsa\u0165 preh\u013eadn\u00e9 technick\u00e9 texty, dokument\u00e1cie a z\u00e1pisy pomocou jazyka Markdown. \u2705\",\n\t            \"breadcrumb\": {\n\t                \"@id\": \"https:\/\/www.vita.sk\/online-kurz-jazyk-markdown-a-tvorba-dokumentacie\/#breadcrumb\"\n\t            },\n\t            \"inLanguage\": \"en-US\",\n\t            \"potentialAction\": [\n\t                {\n\t                    \"@type\": \"ReadAction\",\n\t                    \"target\": [\n\t                        \"https:\/\/www.vita.sk\/online-kurz-jazyk-markdown-a-tvorba-dokumentacie\/\"\n\t                    ]\n\t                }\n\t            ]\n\t        },\n\t        {\n\t            \"@type\": \"ImageObject\",\n\t            \"inLanguage\": \"en-US\",\n\t            \"@id\": \"https:\/\/www.vita.sk\/online-kurz-jazyk-markdown-a-tvorba-dokumentacie\/#primaryimage\",\n\t            \"url\": \"https:\/\/www.vita.sk\/wp-content\/uploads\/2020\/11\/kurz-git.png\",\n\t            \"contentUrl\": \"https:\/\/www.vita.sk\/wp-content\/uploads\/2020\/11\/kurz-git.png\",\n\t            \"width\": 360,\n\t            \"height\": 360,\n\t            \"caption\": \"Online kurz Git\"\n\t        },\n\t        {\n\t            \"@type\": \"BreadcrumbList\",\n\t            \"@id\": \"https:\/\/www.vita.sk\/online-kurz-jazyk-markdown-a-tvorba-dokumentacie\/#breadcrumb\",\n\t            \"itemListElement\": [\n\t                {\n\t                    \"@type\": \"ListItem\",\n\t                    \"position\": 1,\n\t                    \"name\": \"VITA Academy\",\n\t                    \"item\": \"https:\/\/www.vita.sk\/en\/\"\n\t                },\n\t                {\n\t                    \"@type\": \"ListItem\",\n\t                    \"position\": 2,\n\t                    \"name\": \"Shop\",\n\t                    \"item\": \"https:\/\/www.vita.sk\/shop\/\"\n\t                },\n\t                {\n\t                    \"@type\": \"ListItem\",\n\t                    \"position\": 3,\n\t                    \"name\": \"Programovacie Jazyky\",\n\t                    \"item\": \"https:\/\/www.vita.sk\/online-kurzy-programovacie-jazyky\/\"\n\t                },\n\t                {\n\t                    \"@type\": \"ListItem\",\n\t                    \"position\": 4,\n\t                    \"name\": \"Online kurz Jazyk Markdown a Tvorba Dokument\u00e1cie\"\n\t                }\n\t            ]\n\t        },\n\t        {\n\t            \"@type\": \"WebSite\",\n\t            \"@id\": \"https:\/\/www.vita.sk\/#website\",\n\t            \"url\": \"https:\/\/www.vita.sk\/\",\n\t            \"name\": \"VITA\",\n\t            \"description\": \"\",\n\t            \"publisher\": {\n\t                \"@id\": \"https:\/\/www.vita.sk\/#organization\"\n\t            },\n\t            \"potentialAction\": [\n\t                {\n\t                    \"@type\": \"SearchAction\",\n\t                    \"target\": {\n\t                        \"@type\": \"EntryPoint\",\n\t                        \"urlTemplate\": \"https:\/\/www.vita.sk\/?s={search_term_string}\"\n\t                    },\n\t                    \"query-input\": {\n\t                        \"@type\": \"PropertyValueSpecification\",\n\t                        \"valueRequired\": true,\n\t                        \"valueName\": \"search_term_string\"\n\t                    }\n\t                }\n\t            ],\n\t            \"inLanguage\": \"en-US\"\n\t        },\n\t        {\n\t            \"email\": \"admin@vita.sk\",\n\t            \"logo\": \"https:\/\/www.vita.sk\/img\/vita_logo.png \",\n\t            \"address\": {\n\t                \"type\": \"PostalAddress\",\n\t                \"streetAddress\": \"Tom\u00e1\u0161ikova 50\/A\",\n\t                \"addressLocality\": \"Bratislava\",\n\t                \"postalCode\": \"83104\",\n\t                \"addressCountry\": {\n\t                    \"name\": \"SK\",\n\t                    \"type\": \"Country\"\n\t                }\n\t            },\n\t            \"contactPoint\": {\n\t                \"type\": \"ContactPoint\",\n\t                \"telephone\": \"+421 907 375\u00a0543\",\n\t                \"Email\": \"admin@vita.sk\",\n\t                \"contactType\": \"customer service\"\n\t            },\n\t            \"sameAs\": [\n\t                \"https:\/\/www.facebook.com\/VitaAcademySK\/\",\n\t                \"https:\/\/www.linkedin.com\/company\/vita-academy\/\"\n\t            ]\n\t        }\n\t    ]\n\t}<\/script>\n<!-- \/ Yoast SEO Premium plugin. -->","yoast_head_json":{"title":"Online kurz Jazyk Markdown a Tvorba Dokument\u00e1cie 2026 | VITA","description":"V online kurze Jazyk Markdown a Tvorba Dokument\u00e1cie sa nau\u010d\u00edte p\u00edsa\u0165 preh\u013eadn\u00e9 technick\u00e9 texty, dokument\u00e1cie a z\u00e1pisy pomocou jazyka Markdown. \u2705","robots":{"index":"index","follow":"follow","max-snippet":"max-snippet:-1","max-image-preview":"max-image-preview:large","max-video-preview":"max-video-preview:-1"},"canonical":"https:\/\/www.vita.sk\/online-kurz-jazyk-markdown-a-tvorba-dokumentacie\/","og_locale":"en_US","og_type":"article","og_title":"Online kurz Jazyk Markdown a Tvorba Dokument\u00e1cie","og_description":"V online kurze Jazyk Markdown a Tvorba Dokument\u00e1cie sa nau\u010d\u00edte p\u00edsa\u0165 preh\u013eadn\u00e9 technick\u00e9 texty, dokument\u00e1cie a z\u00e1pisy pomocou jazyka Markdown. \u2705","og_url":"https:\/\/www.vita.sk\/online-kurz-jazyk-markdown-a-tvorba-dokumentacie\/","og_site_name":"VITA","article_publisher":"https:\/\/www.facebook.com\/VitaAcademySK","article_modified_time":"2026-04-20T08:58:18+00:00","og_image":[{"width":360,"height":360,"url":"https:\/\/www.vita.sk\/wp-content\/uploads\/2020\/11\/kurz-git.png","type":"image\/png"}],"twitter_card":"summary_large_image","twitter_misc":{"Est. reading time":"2 minutes"},"schema":{"@context":"https:\/\/schema.org","@graph":[{"@type":"WebPage","@id":"https:\/\/www.vita.sk\/online-kurz-jazyk-markdown-a-tvorba-dokumentacie\/","url":"https:\/\/www.vita.sk\/online-kurz-jazyk-markdown-a-tvorba-dokumentacie\/","name":"Online kurz Jazyk Markdown a Tvorba Dokument\u00e1cie {Y} | VITA","isPartOf":{"@id":"https:\/\/www.vita.sk\/#website"},"primaryImageOfPage":{"@id":"https:\/\/www.vita.sk\/online-kurz-jazyk-markdown-a-tvorba-dokumentacie\/#primaryimage"},"image":{"@id":"https:\/\/www.vita.sk\/online-kurz-jazyk-markdown-a-tvorba-dokumentacie\/#primaryimage"},"thumbnailUrl":"https:\/\/www.vita.sk\/wp-content\/uploads\/2020\/11\/kurz-git.png","datePublished":"2025-05-17T14:33:41+00:00","dateModified":"2026-04-20T08:58:18+00:00","description":"V online kurze Jazyk Markdown a Tvorba Dokument\u00e1cie sa nau\u010d\u00edte p\u00edsa\u0165 preh\u013eadn\u00e9 technick\u00e9 texty, dokument\u00e1cie a z\u00e1pisy pomocou jazyka Markdown. \u2705","breadcrumb":{"@id":"https:\/\/www.vita.sk\/online-kurz-jazyk-markdown-a-tvorba-dokumentacie\/#breadcrumb"},"inLanguage":"en-US","potentialAction":[{"@type":"ReadAction","target":["https:\/\/www.vita.sk\/online-kurz-jazyk-markdown-a-tvorba-dokumentacie\/"]}]},{"@type":"ImageObject","inLanguage":"en-US","@id":"https:\/\/www.vita.sk\/online-kurz-jazyk-markdown-a-tvorba-dokumentacie\/#primaryimage","url":"https:\/\/www.vita.sk\/wp-content\/uploads\/2020\/11\/kurz-git.png","contentUrl":"https:\/\/www.vita.sk\/wp-content\/uploads\/2020\/11\/kurz-git.png","width":360,"height":360,"caption":"Online kurz Git"},{"@type":"BreadcrumbList","@id":"https:\/\/www.vita.sk\/online-kurz-jazyk-markdown-a-tvorba-dokumentacie\/#breadcrumb","itemListElement":[{"@type":"ListItem","position":1,"name":"VITA Academy","item":"https:\/\/www.vita.sk\/en\/"},{"@type":"ListItem","position":2,"name":"Shop","item":"https:\/\/www.vita.sk\/shop\/"},{"@type":"ListItem","position":3,"name":"Programovacie Jazyky","item":"https:\/\/www.vita.sk\/online-kurzy-programovacie-jazyky\/"},{"@type":"ListItem","position":4,"name":"Online kurz Jazyk Markdown a Tvorba Dokument\u00e1cie"}]},{"@type":"WebSite","@id":"https:\/\/www.vita.sk\/#website","url":"https:\/\/www.vita.sk\/","name":"VITA","description":"","publisher":{"@id":"https:\/\/www.vita.sk\/#organization"},"potentialAction":[{"@type":"SearchAction","target":{"@type":"EntryPoint","urlTemplate":"https:\/\/www.vita.sk\/?s={search_term_string}"},"query-input":{"@type":"PropertyValueSpecification","valueRequired":true,"valueName":"search_term_string"}}],"inLanguage":"en-US"},{"email":"admin@vita.sk","logo":"https:\/\/www.vita.sk\/img\/vita_logo.png ","address":{"type":"PostalAddress","streetAddress":"Tom\u00e1\u0161ikova 50\/A","addressLocality":"Bratislava","postalCode":"83104","addressCountry":{"name":"SK","type":"Country"}},"contactPoint":{"type":"ContactPoint","telephone":"+421 907 375\u00a0543","Email":"admin@vita.sk","contactType":"customer service"},"sameAs":["https:\/\/www.facebook.com\/VitaAcademySK\/","https:\/\/www.linkedin.com\/company\/vita-academy\/"]}]}},"acf":[],"_links":{"self":[{"href":"https:\/\/www.vita.sk\/en\/wp-json\/wp\/v2\/product\/25915","targetHints":{"allow":["GET"]}}],"collection":[{"href":"https:\/\/www.vita.sk\/en\/wp-json\/wp\/v2\/product"}],"about":[{"href":"https:\/\/www.vita.sk\/en\/wp-json\/wp\/v2\/types\/product"}],"author":[{"embeddable":true,"href":"https:\/\/www.vita.sk\/en\/wp-json\/wp\/v2\/users\/4"}],"replies":[{"embeddable":true,"href":"https:\/\/www.vita.sk\/en\/wp-json\/wp\/v2\/comments?post=25915"}],"wp:featuredmedia":[{"embeddable":true,"href":"https:\/\/www.vita.sk\/en\/wp-json\/wp\/v2\/media\/4545"}],"wp:attachment":[{"href":"https:\/\/www.vita.sk\/en\/wp-json\/wp\/v2\/media?parent=25915"}],"wp:term":[{"taxonomy":"product_brand","embeddable":true,"href":"https:\/\/www.vita.sk\/en\/wp-json\/wp\/v2\/product_brand?post=25915"},{"taxonomy":"product_cat","embeddable":true,"href":"https:\/\/www.vita.sk\/en\/wp-json\/wp\/v2\/product_cat?post=25915"},{"taxonomy":"product_tag","embeddable":true,"href":"https:\/\/www.vita.sk\/en\/wp-json\/wp\/v2\/product_tag?post=25915"}],"curies":[{"name":"wp","href":"https:\/\/api.w.org\/{rel}","templated":true}]}}