{"id":27543,"date":"2025-07-28T16:59:53","date_gmt":"2025-07-28T14:59:53","guid":{"rendered":"https:\/\/www.vita.sk\/?post_type=product&#038;p=27543"},"modified":"2025-10-08T09:56:09","modified_gmt":"2025-10-08T07:56:09","slug":"online-kurz-autocad-ii-mierne-pokrocily","status":"publish","type":"product","link":"https:\/\/www.vita.sk\/en\/online-kurz-autocad-ii-mierne-pokrocily\/","title":{"rendered":"Online kurz AutoCAD II. Mierne Pokro\u010dil\u00fd"},"content":{"rendered":"<p>Online kurz AutoCAD II. Mierne Pokro\u010dil\u00fd je pre v\u00e1s ide\u00e1lny, ak sa chcete nau\u010di\u0165 pracova\u0165 efekt\u00edvnej\u0161ie, prec\u00edznej\u0161ie a profesion\u00e1lnej\u0161ie s kresliacim prostred\u00edm AutoCAD. <strong>Ide o akreditovan\u00fd a certifikovan\u00fd online kurz AutoCAD.<\/strong>\u00a0 V kurze sa zameriame na pokro\u010dilej\u0161ie techniky pr\u00e1ce s pou\u017e\u00edvate\u013esk\u00fdm rozhran\u00edm AutoCAD a AutoCAD LT. Nau\u010d\u00edte sa prisp\u00f4sobi\u0165 pracovn\u00e9 prostredie pod\u013ea va\u0161ich potrieb, ovl\u00e1da\u0165 Ribbon, meni\u0165 a nastavova\u0165 prostredie kreslenia a pou\u017e\u00edva\u0165 pr\u00edkazy ako Sketch a Limits, ktor\u00e9 umo\u017e\u0148uj\u00fa efekt\u00edvne vymedzi\u0165 oblas\u0165 kreslenia a optimalizova\u0165 proces n\u00e1vrhu. D\u00f4le\u017eitou \u010das\u0165ou kurzu je preh\u013abenie pr\u00e1ce s vlastnos\u0165ami objektov (Properties). Z\u00edskate zru\u010dnosti v tom, ako vyh\u013ead\u00e1va\u0165 a upravova\u0165 objekty pod\u013ea ich vlastnost\u00ed pomocou n\u00e1strojov ako List a QSelect, \u010do v\u00fdrazne zefekt\u00edvni manipul\u00e1ciu so zlo\u017eitej\u0161\u00edmi v\u00fdkresmi. V \u010fal\u0161ej f\u00e1ze kurzu sa nau\u010d\u00edte efekt\u00edvne pou\u017e\u00edva\u0165 skupiny (Groups) a zoskupova\u0165 objekty tak, aby ste mohli pracova\u0165 s cel\u00fdmi zostavami naraz. Ovl\u00e1dnete pr\u00edkazy GROUP, UNGROUP, GROUPEDIT, CLASSICGROUP a PICKSTYLE, ktor\u00e9 v\u00e1m umo\u017enia tvori\u0165 logick\u00e9 celky a upravova\u0165 ich pod\u013ea potreby \u2013 \u010do je nevyhnutn\u00e9 najm\u00e4 pri v\u00e4\u010d\u0161\u00edch v\u00fdkresoch alebo technickej dokument\u00e1cii. Kurz sa venuje aj pr\u00e1ci so schr\u00e1nkou (Clipboard), kde sa nau\u010d\u00edte vyu\u017e\u00edva\u0165 paste, paste special, vklada\u0165 obr\u00e1zky, tabu\u013eky alebo OLE objekty z in\u00fdch programov. Tieto zru\u010dnosti s\u00fa mimoriadne u\u017eito\u010dn\u00e9 pri tvorbe dokument\u00e1cie, technick\u00fdch spr\u00e1v \u010di spolupr\u00e1ci s in\u00fdmi softv\u00e9rmi, ako je Microsoft Excel \u010di Word. S\u00fa\u010das\u0165ou kurzu je aj profesion\u00e1lne spracovan\u00e1 pr\u00edru\u010dka vo form\u00e1te PDF so 72 stranami, ktor\u00e1 obsahuje preh\u013eadn\u00e9 n\u00e1vody, pr\u00edklady a vizualiz\u00e1cie, ktor\u00e9 m\u00f4\u017eete vyu\u017e\u00edva\u0165 aj po skon\u010den\u00ed kurzu ako referen\u010dn\u00fd materi\u00e1l pri re\u00e1lnych projektoch. Tento kurz je v\u00fdborn\u00fdm pokra\u010dovan\u00edm pre v\u0161etk\u00fdch, ktor\u00ed u\u017e ovl\u00e1daj\u00fa z\u00e1klady AutoCADu a chc\u00fa si roz\u0161\u00edri\u0165 vedomosti v oblastiach, ktor\u00e9 sa priamo vyu\u017e\u00edvaj\u00fa v praxi v oblasti technick\u00e9ho kreslenia, stroj\u00e1rstva, architekt\u00fary, elektrotechniky alebo projektovania. Ak sa chcete skuto\u010dne nau\u010di\u0165 pou\u017e\u00edva\u0165 AutoCAD, tak toto je ide\u00e1lny online kurz pre v\u00e1s.<\/p>\n<p>&nbsp;<\/p>\n","protected":false},"excerpt":{"rendered":"<p>Online kurz AutoCAD II. Mierne Pokro\u010dil\u00fd v\u00e1s nau\u010d\u00ed pracova\u0165 s vlastnos\u0165ami objektov, skupinami a pokro\u010dil\u00fdmi pr\u00edkazmi ako QSelect, GROUP \u010di OLE objekty. Zdokonal\u00edte sa v pou\u017e\u00edvate\u013eskom rozhran\u00ed, pr\u00e1ci so schr\u00e1nkou a efekt\u00edvnej organiz\u00e1cii v\u00fdkresov.","protected":false},"author":4,"featured_media":493,"comment_status":"open","ping_status":"closed","template":"","meta":{"_acf_changed":false},"product_brand":[],"product_cat":[56,63,73],"product_tag":[194],"class_list":{"0":"post-27543","1":"product","2":"type-product","3":"status-publish","4":"has-post-thumbnail","6":"product_cat-online-kurzy-grafika-a-dizajn","7":"product_cat-online-kurzy-autocad","8":"product_cat-bez-kategorie","9":"product_tag-grafika-a-dizajn","11":"first","12":"instock","13":"sale","14":"sold-individually","15":"taxable","16":"shipping-taxable","17":"purchasable","18":"product-type-simple"},"yoast_head":"<!-- This site is optimized with the Yoast SEO Premium plugin v25.0 (Yoast SEO v25.0) - https:\/\/yoast.com\/wordpress\/plugins\/seo\/ -->\n<title>Online kurz AutoCAD II. Mierne Pokro\u010dil\u00fd 2026 | VITA<\/title>\n<meta name=\"description\" content=\"V online kurze AutoCAD pre mierne pokro\u010dil\u00fd si preh\u013abite znalosti pr\u00e1ce s vlastnos\u0165ami, v\u00fdkresmi a skupinami v technickom kreslen\u00ed. \u2705\" \/>\n<meta name=\"robots\" content=\"index, follow, max-snippet:-1, max-image-preview:large, max-video-preview:-1\" \/>\n<link rel=\"canonical\" href=\"https:\/\/www.vita.sk\/online-kurz-autocad-ii-mierne-pokrocily\/\" \/>\n<meta property=\"og:locale\" content=\"en_US\" \/>\n<meta property=\"og:type\" content=\"article\" \/>\n<meta property=\"og:title\" content=\"Online kurz AutoCAD II. Mierne Pokro\u010dil\u00fd\" \/>\n<meta property=\"og:description\" content=\"V online kurze AutoCAD pre mierne pokro\u010dil\u00fd si preh\u013abite znalosti pr\u00e1ce s vlastnos\u0165ami, v\u00fdkresmi a skupinami v technickom kreslen\u00ed. \u2705\" \/>\n<meta property=\"og:url\" content=\"https:\/\/www.vita.sk\/online-kurz-autocad-ii-mierne-pokrocily\/\" \/>\n<meta property=\"og:site_name\" content=\"VITA\" \/>\n<meta property=\"article:publisher\" content=\"https:\/\/www.facebook.com\/VitaAcademySK\" \/>\n<meta property=\"article:modified_time\" content=\"2025-10-08T07:56:09+00:00\" \/>\n<meta property=\"og:image\" content=\"https:\/\/www.vita.sk\/wp-content\/uploads\/2018\/10\/AutoCAD-Mechanical.png\" \/>\n\t<meta property=\"og:image:width\" content=\"360\" \/>\n\t<meta property=\"og:image:height\" content=\"360\" \/>\n\t<meta property=\"og:image:type\" content=\"image\/png\" \/>\n<meta name=\"twitter:card\" content=\"summary_large_image\" \/>\n<meta name=\"twitter:label1\" content=\"Est. reading time\" \/>\n\t<meta name=\"twitter:data1\" content=\"2 minutes\" \/>\n<script type=\"application\/ld+json\" class=\"yoast-schema-graph\">{\n\t    \"@context\": \"https:\/\/schema.org\",\n\t    \"@graph\": [\n\t        {\n\t            \"@type\": \"WebPage\",\n\t            \"@id\": \"https:\/\/www.vita.sk\/online-kurz-autocad-ii-mierne-pokrocily\/\",\n\t            \"url\": \"https:\/\/www.vita.sk\/online-kurz-autocad-ii-mierne-pokrocily\/\",\n\t            \"name\": \"Online kurz AutoCAD II. Mierne Pokro\u010dil\u00fd {Y} | VITA\",\n\t            \"isPartOf\": {\n\t                \"@id\": \"https:\/\/www.vita.sk\/#website\"\n\t            },\n\t            \"primaryImageOfPage\": {\n\t                \"@id\": \"https:\/\/www.vita.sk\/online-kurz-autocad-ii-mierne-pokrocily\/#primaryimage\"\n\t            },\n\t            \"image\": {\n\t                \"@id\": \"https:\/\/www.vita.sk\/online-kurz-autocad-ii-mierne-pokrocily\/#primaryimage\"\n\t            },\n\t            \"thumbnailUrl\": \"https:\/\/www.vita.sk\/wp-content\/uploads\/2018\/10\/AutoCAD-Mechanical.png\",\n\t            \"datePublished\": \"2025-07-28T14:59:53+00:00\",\n\t            \"dateModified\": \"2025-10-08T07:56:09+00:00\",\n\t            \"description\": \"V online kurze AutoCAD pre mierne pokro\u010dil\u00fd si preh\u013abite znalosti pr\u00e1ce s vlastnos\u0165ami, v\u00fdkresmi a skupinami v technickom kreslen\u00ed. \u2705\",\n\t            \"breadcrumb\": {\n\t                \"@id\": \"https:\/\/www.vita.sk\/online-kurz-autocad-ii-mierne-pokrocily\/#breadcrumb\"\n\t            },\n\t            \"inLanguage\": \"en-US\",\n\t            \"potentialAction\": [\n\t                {\n\t                    \"@type\": \"ReadAction\",\n\t                    \"target\": [\n\t                        \"https:\/\/www.vita.sk\/online-kurz-autocad-ii-mierne-pokrocily\/\"\n\t                    ]\n\t                }\n\t            ]\n\t        },\n\t        {\n\t            \"@type\": \"ImageObject\",\n\t            \"inLanguage\": \"en-US\",\n\t            \"@id\": \"https:\/\/www.vita.sk\/online-kurz-autocad-ii-mierne-pokrocily\/#primaryimage\",\n\t            \"url\": \"https:\/\/www.vita.sk\/wp-content\/uploads\/2018\/10\/AutoCAD-Mechanical.png\",\n\t            \"contentUrl\": \"https:\/\/www.vita.sk\/wp-content\/uploads\/2018\/10\/AutoCAD-Mechanical.png\",\n\t            \"width\": 360,\n\t            \"height\": 360,\n\t            \"caption\": \"Online kurz AutoCAD Mechanical\"\n\t        },\n\t        {\n\t            \"@type\": \"BreadcrumbList\",\n\t            \"@id\": \"https:\/\/www.vita.sk\/online-kurz-autocad-ii-mierne-pokrocily\/#breadcrumb\",\n\t            \"itemListElement\": [\n\t                {\n\t                    \"@type\": \"ListItem\",\n\t                    \"position\": 1,\n\t                    \"name\": \"VITA Academy\",\n\t                    \"item\": \"https:\/\/www.vita.sk\/en\/\"\n\t                },\n\t                {\n\t                    \"@type\": \"ListItem\",\n\t                    \"position\": 2,\n\t                    \"name\": \"Shop\",\n\t                    \"item\": \"https:\/\/www.vita.sk\/shop\/\"\n\t                },\n\t                {\n\t                    \"@type\": \"ListItem\",\n\t                    \"position\": 3,\n\t                    \"name\": \"Grafika a Dizajn\",\n\t                    \"item\": \"https:\/\/www.vita.sk\/online-kurzy-grafika-a-dizajn\/\"\n\t                },\n\t                {\n\t                    \"@type\": \"ListItem\",\n\t                    \"position\": 4,\n\t                    \"name\": \"AutoCAD\",\n\t                    \"item\": \"https:\/\/www.vita.sk\/online-kurzy-autocad\/\"\n\t                },\n\t                {\n\t                    \"@type\": \"ListItem\",\n\t                    \"position\": 5,\n\t                    \"name\": \"Online kurz AutoCAD II. Mierne Pokro\u010dil\u00fd\"\n\t                }\n\t            ]\n\t        },\n\t        {\n\t            \"@type\": \"WebSite\",\n\t            \"@id\": \"https:\/\/www.vita.sk\/#website\",\n\t            \"url\": \"https:\/\/www.vita.sk\/\",\n\t            \"name\": \"VITA\",\n\t            \"description\": \"\",\n\t            \"publisher\": {\n\t                \"@id\": \"https:\/\/www.vita.sk\/#organization\"\n\t            },\n\t            \"potentialAction\": [\n\t                {\n\t                    \"@type\": \"SearchAction\",\n\t                    \"target\": {\n\t                        \"@type\": \"EntryPoint\",\n\t                        \"urlTemplate\": \"https:\/\/www.vita.sk\/?s={search_term_string}\"\n\t                    },\n\t                    \"query-input\": {\n\t                        \"@type\": \"PropertyValueSpecification\",\n\t                        \"valueRequired\": true,\n\t                        \"valueName\": \"search_term_string\"\n\t                    }\n\t                }\n\t            ],\n\t            \"inLanguage\": \"en-US\"\n\t        },\n\t        {\n\t            \"email\": \"admin@vita.sk\",\n\t            \"logo\": \"https:\/\/www.vita.sk\/img\/vita_logo.png \",\n\t            \"address\": {\n\t                \"type\": \"PostalAddress\",\n\t                \"streetAddress\": \"Tom\u00e1\u0161ikova 50\/A\",\n\t                \"addressLocality\": \"Bratislava\",\n\t                \"postalCode\": \"83104\",\n\t                \"addressCountry\": {\n\t                    \"name\": \"SK\",\n\t                    \"type\": \"Country\"\n\t                }\n\t            },\n\t            \"contactPoint\": {\n\t                \"type\": \"ContactPoint\",\n\t                \"telephone\": \"+421 907 375\u00a0543\",\n\t                \"Email\": \"admin@vita.sk\",\n\t                \"contactType\": \"customer service\"\n\t            },\n\t            \"sameAs\": [\n\t                \"https:\/\/www.facebook.com\/VitaAcademySK\/\",\n\t                \"https:\/\/www.linkedin.com\/company\/vita-academy\/\"\n\t            ]\n\t        }\n\t    ]\n\t}<\/script>\n<!-- \/ Yoast SEO Premium plugin. -->","yoast_head_json":{"title":"Online kurz AutoCAD II. Mierne Pokro\u010dil\u00fd 2026 | VITA","description":"V online kurze AutoCAD pre mierne pokro\u010dil\u00fd si preh\u013abite znalosti pr\u00e1ce s vlastnos\u0165ami, v\u00fdkresmi a skupinami v technickom kreslen\u00ed. \u2705","robots":{"index":"index","follow":"follow","max-snippet":"max-snippet:-1","max-image-preview":"max-image-preview:large","max-video-preview":"max-video-preview:-1"},"canonical":"https:\/\/www.vita.sk\/online-kurz-autocad-ii-mierne-pokrocily\/","og_locale":"en_US","og_type":"article","og_title":"Online kurz AutoCAD II. Mierne Pokro\u010dil\u00fd","og_description":"V online kurze AutoCAD pre mierne pokro\u010dil\u00fd si preh\u013abite znalosti pr\u00e1ce s vlastnos\u0165ami, v\u00fdkresmi a skupinami v technickom kreslen\u00ed. \u2705","og_url":"https:\/\/www.vita.sk\/online-kurz-autocad-ii-mierne-pokrocily\/","og_site_name":"VITA","article_publisher":"https:\/\/www.facebook.com\/VitaAcademySK","article_modified_time":"2025-10-08T07:56:09+00:00","og_image":[{"width":360,"height":360,"url":"https:\/\/www.vita.sk\/wp-content\/uploads\/2018\/10\/AutoCAD-Mechanical.png","type":"image\/png"}],"twitter_card":"summary_large_image","twitter_misc":{"Est. reading time":"2 minutes"},"schema":{"@context":"https:\/\/schema.org","@graph":[{"@type":"WebPage","@id":"https:\/\/www.vita.sk\/online-kurz-autocad-ii-mierne-pokrocily\/","url":"https:\/\/www.vita.sk\/online-kurz-autocad-ii-mierne-pokrocily\/","name":"Online kurz AutoCAD II. Mierne Pokro\u010dil\u00fd {Y} | VITA","isPartOf":{"@id":"https:\/\/www.vita.sk\/#website"},"primaryImageOfPage":{"@id":"https:\/\/www.vita.sk\/online-kurz-autocad-ii-mierne-pokrocily\/#primaryimage"},"image":{"@id":"https:\/\/www.vita.sk\/online-kurz-autocad-ii-mierne-pokrocily\/#primaryimage"},"thumbnailUrl":"https:\/\/www.vita.sk\/wp-content\/uploads\/2018\/10\/AutoCAD-Mechanical.png","datePublished":"2025-07-28T14:59:53+00:00","dateModified":"2025-10-08T07:56:09+00:00","description":"V online kurze AutoCAD pre mierne pokro\u010dil\u00fd si preh\u013abite znalosti pr\u00e1ce s vlastnos\u0165ami, v\u00fdkresmi a skupinami v technickom kreslen\u00ed. \u2705","breadcrumb":{"@id":"https:\/\/www.vita.sk\/online-kurz-autocad-ii-mierne-pokrocily\/#breadcrumb"},"inLanguage":"en-US","potentialAction":[{"@type":"ReadAction","target":["https:\/\/www.vita.sk\/online-kurz-autocad-ii-mierne-pokrocily\/"]}]},{"@type":"ImageObject","inLanguage":"en-US","@id":"https:\/\/www.vita.sk\/online-kurz-autocad-ii-mierne-pokrocily\/#primaryimage","url":"https:\/\/www.vita.sk\/wp-content\/uploads\/2018\/10\/AutoCAD-Mechanical.png","contentUrl":"https:\/\/www.vita.sk\/wp-content\/uploads\/2018\/10\/AutoCAD-Mechanical.png","width":360,"height":360,"caption":"Online kurz AutoCAD Mechanical"},{"@type":"BreadcrumbList","@id":"https:\/\/www.vita.sk\/online-kurz-autocad-ii-mierne-pokrocily\/#breadcrumb","itemListElement":[{"@type":"ListItem","position":1,"name":"VITA Academy","item":"https:\/\/www.vita.sk\/en\/"},{"@type":"ListItem","position":2,"name":"Shop","item":"https:\/\/www.vita.sk\/shop\/"},{"@type":"ListItem","position":3,"name":"Grafika a Dizajn","item":"https:\/\/www.vita.sk\/online-kurzy-grafika-a-dizajn\/"},{"@type":"ListItem","position":4,"name":"AutoCAD","item":"https:\/\/www.vita.sk\/online-kurzy-autocad\/"},{"@type":"ListItem","position":5,"name":"Online kurz AutoCAD II. Mierne Pokro\u010dil\u00fd"}]},{"@type":"WebSite","@id":"https:\/\/www.vita.sk\/#website","url":"https:\/\/www.vita.sk\/","name":"VITA","description":"","publisher":{"@id":"https:\/\/www.vita.sk\/#organization"},"potentialAction":[{"@type":"SearchAction","target":{"@type":"EntryPoint","urlTemplate":"https:\/\/www.vita.sk\/?s={search_term_string}"},"query-input":{"@type":"PropertyValueSpecification","valueRequired":true,"valueName":"search_term_string"}}],"inLanguage":"en-US"},{"email":"admin@vita.sk","logo":"https:\/\/www.vita.sk\/img\/vita_logo.png ","address":{"type":"PostalAddress","streetAddress":"Tom\u00e1\u0161ikova 50\/A","addressLocality":"Bratislava","postalCode":"83104","addressCountry":{"name":"SK","type":"Country"}},"contactPoint":{"type":"ContactPoint","telephone":"+421 907 375\u00a0543","Email":"admin@vita.sk","contactType":"customer service"},"sameAs":["https:\/\/www.facebook.com\/VitaAcademySK\/","https:\/\/www.linkedin.com\/company\/vita-academy\/"]}]}},"acf":[],"_links":{"self":[{"href":"https:\/\/www.vita.sk\/en\/wp-json\/wp\/v2\/product\/27543","targetHints":{"allow":["GET"]}}],"collection":[{"href":"https:\/\/www.vita.sk\/en\/wp-json\/wp\/v2\/product"}],"about":[{"href":"https:\/\/www.vita.sk\/en\/wp-json\/wp\/v2\/types\/product"}],"author":[{"embeddable":true,"href":"https:\/\/www.vita.sk\/en\/wp-json\/wp\/v2\/users\/4"}],"replies":[{"embeddable":true,"href":"https:\/\/www.vita.sk\/en\/wp-json\/wp\/v2\/comments?post=27543"}],"wp:featuredmedia":[{"embeddable":true,"href":"https:\/\/www.vita.sk\/en\/wp-json\/wp\/v2\/media\/493"}],"wp:attachment":[{"href":"https:\/\/www.vita.sk\/en\/wp-json\/wp\/v2\/media?parent=27543"}],"wp:term":[{"taxonomy":"product_brand","embeddable":true,"href":"https:\/\/www.vita.sk\/en\/wp-json\/wp\/v2\/product_brand?post=27543"},{"taxonomy":"product_cat","embeddable":true,"href":"https:\/\/www.vita.sk\/en\/wp-json\/wp\/v2\/product_cat?post=27543"},{"taxonomy":"product_tag","embeddable":true,"href":"https:\/\/www.vita.sk\/en\/wp-json\/wp\/v2\/product_tag?post=27543"}],"curies":[{"name":"wp","href":"https:\/\/api.w.org\/{rel}","templated":true}]}}