{"id":30574,"date":"2025-10-25T17:37:15","date_gmt":"2025-10-25T15:37:15","guid":{"rendered":"https:\/\/www.vita.sk\/?post_type=product&#038;p=30574"},"modified":"2026-03-02T14:48:59","modified_gmt":"2026-03-02T13:48:59","slug":"online-kurz-ako-vytvorit-vlastne-portfolio-projektov-a-prac","status":"publish","type":"product","link":"https:\/\/www.vita.sk\/en\/online-kurz-ako-vytvorit-vlastne-portfolio-projektov-a-prac\/","title":{"rendered":"Online kurz Ako Vytvori\u0165 Vlastn\u00e9 Portf\u00f3lio Projektov a Pr\u00e1c"},"content":{"rendered":"<p>Online kurz Ako Vytvori\u0165 Vlastn\u00e9 Portf\u00f3lio Projektov a Pr\u00e1c je pre v\u00e1s ide\u00e1lny, ak sa chcete nau\u010di\u0165 profesion\u00e1lne prezentova\u0165 svoje projekty a vybudova\u0165 si kvalitn\u00e9 online portf\u00f3lio na platforme GitHub. <strong>Ide o akreditovan\u00fd a certifikovan\u00fd kurz<\/strong>. V tomto kurze sa nau\u010d\u00edte navrhn\u00fa\u0165 strat\u00e9giu vlastn\u00e9ho portf\u00f3lia, \u0161trukt\u00farova\u0165 projekty a prezentova\u0165 ich tak, aby p\u00f4sobili profesion\u00e1lne a preh\u013eadne pre zamestn\u00e1vate\u013eov alebo klientov. Osvoj\u00edte si zalo\u017eenie a spr\u00e1vne nastavenie GitHub profilu, organiz\u00e1ciu repozit\u00e1rov a publikovanie projektov v s\u00falade s best practices. Detailne pochop\u00edte v\u00fdznam s\u00faboru README.md a nau\u010d\u00edte sa pou\u017e\u00edva\u0165 jazyk Markdown na profesion\u00e1lne form\u00e1tovanie textu, nadpisov, zoznamov, tabuliek, odkazov a obr\u00e1zkov. Z\u00edskate schopnos\u0165 vytv\u00e1ra\u0165 vizu\u00e1lne atrakt\u00edvny a \u0161trukt\u00farovan\u00fd obsah vr\u00e1tane pou\u017eitia emoji a preh\u013eadn\u00fdch sekci\u00ed. Nau\u010d\u00edte sa implementova\u0165 pokro\u010dil\u00e9 prvky Markdown, vytv\u00e1ra\u0165 projektov\u00fa dokument\u00e1ciu, budova\u0165 vlastn\u00fa Wiki a publikova\u0165 portf\u00f3lio prostredn\u00edctvom GitHub Pages ako verejne dostupn\u00fa webov\u00fa prezent\u00e1ciu. Kurz v\u00e1s nau\u010d\u00ed efekt\u00edvne riadi\u0165 projekty pomocou GitHub Issues, pl\u00e1nova\u0165 \u00falohy, sledova\u0165 progres a vyu\u017e\u00edva\u0165 n\u00e1stroje Insights na anal\u00fdzu aktivity a \u0161tatist\u00edk repozit\u00e1ra. Osvoj\u00edte si tvorbu a pou\u017e\u00edvanie vlastn\u00fdch Templates pre jednotn\u00fa a profesion\u00e1lnu dokument\u00e1ciu projektov. Z\u00edskate tak komplexn\u00fd syst\u00e9m na prezent\u00e1ciu svojej pr\u00e1ce, riadenie \u00faloh a budovanie osobnej zna\u010dky v online priestore. Ak sa chcete skuto\u010dne nau\u010di\u0165 vytvori\u0165 profesion\u00e1lne portf\u00f3lio projektov a sta\u0165 sa konkurencieschopn\u00fdm uch\u00e1dza\u010dom o pr\u00e1cu alebo freelancerom, tak toto je ide\u00e1lny online kurz pre v\u00e1s.<\/p>\n","protected":false},"excerpt":{"rendered":"<p>Online kurz Ako Vytvori\u0165 Vlastn\u00e9 Portf\u00f3lio Projektov a Pr\u00e1c v\u00e1s nau\u010d\u00ed vytvori\u0165 profesion\u00e1lne online portf\u00f3lio na GitHub, spr\u00e1vne ho form\u00e1tova\u0165 pomocou Markdown a efekt\u00edvne prezentova\u0165 svoje projekty.","protected":false},"author":4,"featured_media":4545,"comment_status":"open","ping_status":"closed","template":"","meta":{"_acf_changed":false},"product_brand":[],"product_cat":[56,84,70,99,114],"product_tag":[189,766,183],"class_list":{"0":"post-30574","1":"product","2":"type-product","3":"status-publish","4":"has-post-thumbnail","6":"product_cat-online-kurzy-grafika-a-dizajn","7":"product_cat-online-kurzy-manazerske-kurzy-soft-skills","8":"product_cat-online-kurzy-marketing-reklama-a-pravo","9":"product_cat-online-kurzy-programovacie-jazyky","10":"product_cat-online-kurzy-tvorba-web-stranok","11":"product_tag-programovacie-jazyky","12":"product_tag-github","13":"product_tag-marketing","15":"first","16":"instock","17":"sale","18":"sold-individually","19":"taxable","20":"shipping-taxable","21":"purchasable","22":"product-type-simple"},"yoast_head":"<!-- This site is optimized with the Yoast SEO Premium plugin v25.0 (Yoast SEO v25.0) - https:\/\/yoast.com\/wordpress\/plugins\/seo\/ -->\n<title>Online kurz Ako Vytvori\u0165 Vlastn\u00e9 Portf\u00f3lio Projektov a Pr\u00e1c 2026 | VITA<\/title>\n<meta name=\"description\" content=\"V online kurze Ako Vytvori\u0165 Vlastn\u00e9 Portf\u00f3lio Projektov a Pr\u00e1c sa nau\u010d\u00edte zostavi\u0165 profesion\u00e1lne portf\u00f3lio, ktor\u00e9 zaujme klientov aj zamestn\u00e1vate\u013eov. \u2705\" \/>\n<meta name=\"robots\" content=\"index, follow, max-snippet:-1, max-image-preview:large, max-video-preview:-1\" \/>\n<link rel=\"canonical\" href=\"https:\/\/www.vita.sk\/online-kurz-ako-vytvorit-vlastne-portfolio-projektov-a-prac\/\" \/>\n<meta property=\"og:locale\" content=\"en_US\" \/>\n<meta property=\"og:type\" content=\"article\" \/>\n<meta property=\"og:title\" content=\"Online kurz Ako Vytvori\u0165 Vlastn\u00e9 Portf\u00f3lio Projektov a Pr\u00e1c\" \/>\n<meta property=\"og:description\" content=\"V online kurze Ako Vytvori\u0165 Vlastn\u00e9 Portf\u00f3lio Projektov a Pr\u00e1c sa nau\u010d\u00edte zostavi\u0165 profesion\u00e1lne portf\u00f3lio, ktor\u00e9 zaujme klientov aj zamestn\u00e1vate\u013eov. \u2705\" \/>\n<meta property=\"og:url\" content=\"https:\/\/www.vita.sk\/online-kurz-ako-vytvorit-vlastne-portfolio-projektov-a-prac\/\" \/>\n<meta property=\"og:site_name\" content=\"VITA\" \/>\n<meta property=\"article:publisher\" content=\"https:\/\/www.facebook.com\/VitaAcademySK\" \/>\n<meta property=\"article:modified_time\" content=\"2026-03-02T13:48:59+00:00\" \/>\n<meta property=\"og:image\" content=\"https:\/\/www.vita.sk\/wp-content\/uploads\/2020\/11\/kurz-git.png\" \/>\n\t<meta property=\"og:image:width\" content=\"360\" \/>\n\t<meta property=\"og:image:height\" content=\"360\" \/>\n\t<meta property=\"og:image:type\" content=\"image\/png\" \/>\n<meta name=\"twitter:card\" content=\"summary_large_image\" \/>\n<meta name=\"twitter:label1\" content=\"Est. reading time\" \/>\n\t<meta name=\"twitter:data1\" content=\"2 minutes\" \/>\n<script type=\"application\/ld+json\" class=\"yoast-schema-graph\">{\n\t    \"@context\": \"https:\/\/schema.org\",\n\t    \"@graph\": [\n\t        {\n\t            \"@type\": \"WebPage\",\n\t            \"@id\": \"https:\/\/www.vita.sk\/online-kurz-ako-vytvorit-vlastne-portfolio-projektov-a-prac\/\",\n\t            \"url\": \"https:\/\/www.vita.sk\/online-kurz-ako-vytvorit-vlastne-portfolio-projektov-a-prac\/\",\n\t            \"name\": \"Online kurz Ako Vytvori\u0165 Vlastn\u00e9 Portf\u00f3lio Projektov a Pr\u00e1c {Y} | VITA\",\n\t            \"isPartOf\": {\n\t                \"@id\": \"https:\/\/www.vita.sk\/#website\"\n\t            },\n\t            \"primaryImageOfPage\": {\n\t                \"@id\": \"https:\/\/www.vita.sk\/online-kurz-ako-vytvorit-vlastne-portfolio-projektov-a-prac\/#primaryimage\"\n\t            },\n\t            \"image\": {\n\t                \"@id\": \"https:\/\/www.vita.sk\/online-kurz-ako-vytvorit-vlastne-portfolio-projektov-a-prac\/#primaryimage\"\n\t            },\n\t            \"thumbnailUrl\": \"https:\/\/www.vita.sk\/wp-content\/uploads\/2020\/11\/kurz-git.png\",\n\t            \"datePublished\": \"2025-10-25T15:37:15+00:00\",\n\t            \"dateModified\": \"2026-03-02T13:48:59+00:00\",\n\t            \"description\": \"V online kurze Ako Vytvori\u0165 Vlastn\u00e9 Portf\u00f3lio Projektov a Pr\u00e1c sa nau\u010d\u00edte zostavi\u0165 profesion\u00e1lne portf\u00f3lio, ktor\u00e9 zaujme klientov aj zamestn\u00e1vate\u013eov. \u2705\",\n\t            \"breadcrumb\": {\n\t                \"@id\": \"https:\/\/www.vita.sk\/online-kurz-ako-vytvorit-vlastne-portfolio-projektov-a-prac\/#breadcrumb\"\n\t            },\n\t            \"inLanguage\": \"en-US\",\n\t            \"potentialAction\": [\n\t                {\n\t                    \"@type\": \"ReadAction\",\n\t                    \"target\": [\n\t                        \"https:\/\/www.vita.sk\/online-kurz-ako-vytvorit-vlastne-portfolio-projektov-a-prac\/\"\n\t                    ]\n\t                }\n\t            ]\n\t        },\n\t        {\n\t            \"@type\": \"ImageObject\",\n\t            \"inLanguage\": \"en-US\",\n\t            \"@id\": \"https:\/\/www.vita.sk\/online-kurz-ako-vytvorit-vlastne-portfolio-projektov-a-prac\/#primaryimage\",\n\t            \"url\": \"https:\/\/www.vita.sk\/wp-content\/uploads\/2020\/11\/kurz-git.png\",\n\t            \"contentUrl\": \"https:\/\/www.vita.sk\/wp-content\/uploads\/2020\/11\/kurz-git.png\",\n\t            \"width\": 360,\n\t            \"height\": 360,\n\t            \"caption\": \"Online kurz Git\"\n\t        },\n\t        {\n\t            \"@type\": \"BreadcrumbList\",\n\t            \"@id\": \"https:\/\/www.vita.sk\/online-kurz-ako-vytvorit-vlastne-portfolio-projektov-a-prac\/#breadcrumb\",\n\t            \"itemListElement\": [\n\t                {\n\t                    \"@type\": \"ListItem\",\n\t                    \"position\": 1,\n\t                    \"name\": \"VITA Academy\",\n\t                    \"item\": \"https:\/\/www.vita.sk\/en\/\"\n\t                },\n\t                {\n\t                    \"@type\": \"ListItem\",\n\t                    \"position\": 2,\n\t                    \"name\": \"Shop\",\n\t                    \"item\": \"https:\/\/www.vita.sk\/shop\/\"\n\t                },\n\t                {\n\t                    \"@type\": \"ListItem\",\n\t                    \"position\": 3,\n\t                    \"name\": \"Marketing, Reklama a Pr\u00e1vo\",\n\t                    \"item\": \"https:\/\/www.vita.sk\/online-kurzy-marketing-reklama-a-pravo\/\"\n\t                },\n\t                {\n\t                    \"@type\": \"ListItem\",\n\t                    \"position\": 4,\n\t                    \"name\": \"Online kurz Ako Vytvori\u0165 Vlastn\u00e9 Portf\u00f3lio Projektov a Pr\u00e1c\"\n\t                }\n\t            ]\n\t        },\n\t        {\n\t            \"@type\": \"WebSite\",\n\t            \"@id\": \"https:\/\/www.vita.sk\/#website\",\n\t            \"url\": \"https:\/\/www.vita.sk\/\",\n\t            \"name\": \"VITA\",\n\t            \"description\": \"\",\n\t            \"publisher\": {\n\t                \"@id\": \"https:\/\/www.vita.sk\/#organization\"\n\t            },\n\t            \"potentialAction\": [\n\t                {\n\t                    \"@type\": \"SearchAction\",\n\t                    \"target\": {\n\t                        \"@type\": \"EntryPoint\",\n\t                        \"urlTemplate\": \"https:\/\/www.vita.sk\/?s={search_term_string}\"\n\t                    },\n\t                    \"query-input\": {\n\t                        \"@type\": \"PropertyValueSpecification\",\n\t                        \"valueRequired\": true,\n\t                        \"valueName\": \"search_term_string\"\n\t                    }\n\t                }\n\t            ],\n\t            \"inLanguage\": \"en-US\"\n\t        },\n\t        {\n\t            \"email\": \"admin@vita.sk\",\n\t            \"logo\": \"https:\/\/www.vita.sk\/img\/vita_logo.png \",\n\t            \"address\": {\n\t                \"type\": \"PostalAddress\",\n\t                \"streetAddress\": \"Tom\u00e1\u0161ikova 50\/A\",\n\t                \"addressLocality\": \"Bratislava\",\n\t                \"postalCode\": \"83104\",\n\t                \"addressCountry\": {\n\t                    \"name\": \"SK\",\n\t                    \"type\": \"Country\"\n\t                }\n\t            },\n\t            \"contactPoint\": {\n\t                \"type\": \"ContactPoint\",\n\t                \"telephone\": \"+421 907 375\u00a0543\",\n\t                \"Email\": \"admin@vita.sk\",\n\t                \"contactType\": \"customer service\"\n\t            },\n\t            \"sameAs\": [\n\t                \"https:\/\/www.facebook.com\/VitaAcademySK\/\",\n\t                \"https:\/\/www.linkedin.com\/company\/vita-academy\/\"\n\t            ]\n\t        }\n\t    ]\n\t}<\/script>\n<!-- \/ Yoast SEO Premium plugin. -->","yoast_head_json":{"title":"Online kurz Ako Vytvori\u0165 Vlastn\u00e9 Portf\u00f3lio Projektov a Pr\u00e1c 2026 | VITA","description":"V online kurze Ako Vytvori\u0165 Vlastn\u00e9 Portf\u00f3lio Projektov a Pr\u00e1c sa nau\u010d\u00edte zostavi\u0165 profesion\u00e1lne portf\u00f3lio, ktor\u00e9 zaujme klientov aj zamestn\u00e1vate\u013eov. \u2705","robots":{"index":"index","follow":"follow","max-snippet":"max-snippet:-1","max-image-preview":"max-image-preview:large","max-video-preview":"max-video-preview:-1"},"canonical":"https:\/\/www.vita.sk\/online-kurz-ako-vytvorit-vlastne-portfolio-projektov-a-prac\/","og_locale":"en_US","og_type":"article","og_title":"Online kurz Ako Vytvori\u0165 Vlastn\u00e9 Portf\u00f3lio Projektov a Pr\u00e1c","og_description":"V online kurze Ako Vytvori\u0165 Vlastn\u00e9 Portf\u00f3lio Projektov a Pr\u00e1c sa nau\u010d\u00edte zostavi\u0165 profesion\u00e1lne portf\u00f3lio, ktor\u00e9 zaujme klientov aj zamestn\u00e1vate\u013eov. \u2705","og_url":"https:\/\/www.vita.sk\/online-kurz-ako-vytvorit-vlastne-portfolio-projektov-a-prac\/","og_site_name":"VITA","article_publisher":"https:\/\/www.facebook.com\/VitaAcademySK","article_modified_time":"2026-03-02T13:48:59+00:00","og_image":[{"width":360,"height":360,"url":"https:\/\/www.vita.sk\/wp-content\/uploads\/2020\/11\/kurz-git.png","type":"image\/png"}],"twitter_card":"summary_large_image","twitter_misc":{"Est. reading time":"2 minutes"},"schema":{"@context":"https:\/\/schema.org","@graph":[{"@type":"WebPage","@id":"https:\/\/www.vita.sk\/online-kurz-ako-vytvorit-vlastne-portfolio-projektov-a-prac\/","url":"https:\/\/www.vita.sk\/online-kurz-ako-vytvorit-vlastne-portfolio-projektov-a-prac\/","name":"Online kurz Ako Vytvori\u0165 Vlastn\u00e9 Portf\u00f3lio Projektov a Pr\u00e1c {Y} | VITA","isPartOf":{"@id":"https:\/\/www.vita.sk\/#website"},"primaryImageOfPage":{"@id":"https:\/\/www.vita.sk\/online-kurz-ako-vytvorit-vlastne-portfolio-projektov-a-prac\/#primaryimage"},"image":{"@id":"https:\/\/www.vita.sk\/online-kurz-ako-vytvorit-vlastne-portfolio-projektov-a-prac\/#primaryimage"},"thumbnailUrl":"https:\/\/www.vita.sk\/wp-content\/uploads\/2020\/11\/kurz-git.png","datePublished":"2025-10-25T15:37:15+00:00","dateModified":"2026-03-02T13:48:59+00:00","description":"V online kurze Ako Vytvori\u0165 Vlastn\u00e9 Portf\u00f3lio Projektov a Pr\u00e1c sa nau\u010d\u00edte zostavi\u0165 profesion\u00e1lne portf\u00f3lio, ktor\u00e9 zaujme klientov aj zamestn\u00e1vate\u013eov. \u2705","breadcrumb":{"@id":"https:\/\/www.vita.sk\/online-kurz-ako-vytvorit-vlastne-portfolio-projektov-a-prac\/#breadcrumb"},"inLanguage":"en-US","potentialAction":[{"@type":"ReadAction","target":["https:\/\/www.vita.sk\/online-kurz-ako-vytvorit-vlastne-portfolio-projektov-a-prac\/"]}]},{"@type":"ImageObject","inLanguage":"en-US","@id":"https:\/\/www.vita.sk\/online-kurz-ako-vytvorit-vlastne-portfolio-projektov-a-prac\/#primaryimage","url":"https:\/\/www.vita.sk\/wp-content\/uploads\/2020\/11\/kurz-git.png","contentUrl":"https:\/\/www.vita.sk\/wp-content\/uploads\/2020\/11\/kurz-git.png","width":360,"height":360,"caption":"Online kurz Git"},{"@type":"BreadcrumbList","@id":"https:\/\/www.vita.sk\/online-kurz-ako-vytvorit-vlastne-portfolio-projektov-a-prac\/#breadcrumb","itemListElement":[{"@type":"ListItem","position":1,"name":"VITA Academy","item":"https:\/\/www.vita.sk\/en\/"},{"@type":"ListItem","position":2,"name":"Shop","item":"https:\/\/www.vita.sk\/shop\/"},{"@type":"ListItem","position":3,"name":"Marketing, Reklama a Pr\u00e1vo","item":"https:\/\/www.vita.sk\/online-kurzy-marketing-reklama-a-pravo\/"},{"@type":"ListItem","position":4,"name":"Online kurz Ako Vytvori\u0165 Vlastn\u00e9 Portf\u00f3lio Projektov a Pr\u00e1c"}]},{"@type":"WebSite","@id":"https:\/\/www.vita.sk\/#website","url":"https:\/\/www.vita.sk\/","name":"VITA","description":"","publisher":{"@id":"https:\/\/www.vita.sk\/#organization"},"potentialAction":[{"@type":"SearchAction","target":{"@type":"EntryPoint","urlTemplate":"https:\/\/www.vita.sk\/?s={search_term_string}"},"query-input":{"@type":"PropertyValueSpecification","valueRequired":true,"valueName":"search_term_string"}}],"inLanguage":"en-US"},{"email":"admin@vita.sk","logo":"https:\/\/www.vita.sk\/img\/vita_logo.png ","address":{"type":"PostalAddress","streetAddress":"Tom\u00e1\u0161ikova 50\/A","addressLocality":"Bratislava","postalCode":"83104","addressCountry":{"name":"SK","type":"Country"}},"contactPoint":{"type":"ContactPoint","telephone":"+421 907 375\u00a0543","Email":"admin@vita.sk","contactType":"customer service"},"sameAs":["https:\/\/www.facebook.com\/VitaAcademySK\/","https:\/\/www.linkedin.com\/company\/vita-academy\/"]}]}},"acf":[],"_links":{"self":[{"href":"https:\/\/www.vita.sk\/en\/wp-json\/wp\/v2\/product\/30574","targetHints":{"allow":["GET"]}}],"collection":[{"href":"https:\/\/www.vita.sk\/en\/wp-json\/wp\/v2\/product"}],"about":[{"href":"https:\/\/www.vita.sk\/en\/wp-json\/wp\/v2\/types\/product"}],"author":[{"embeddable":true,"href":"https:\/\/www.vita.sk\/en\/wp-json\/wp\/v2\/users\/4"}],"replies":[{"embeddable":true,"href":"https:\/\/www.vita.sk\/en\/wp-json\/wp\/v2\/comments?post=30574"}],"wp:featuredmedia":[{"embeddable":true,"href":"https:\/\/www.vita.sk\/en\/wp-json\/wp\/v2\/media\/4545"}],"wp:attachment":[{"href":"https:\/\/www.vita.sk\/en\/wp-json\/wp\/v2\/media?parent=30574"}],"wp:term":[{"taxonomy":"product_brand","embeddable":true,"href":"https:\/\/www.vita.sk\/en\/wp-json\/wp\/v2\/product_brand?post=30574"},{"taxonomy":"product_cat","embeddable":true,"href":"https:\/\/www.vita.sk\/en\/wp-json\/wp\/v2\/product_cat?post=30574"},{"taxonomy":"product_tag","embeddable":true,"href":"https:\/\/www.vita.sk\/en\/wp-json\/wp\/v2\/product_tag?post=30574"}],"curies":[{"name":"wp","href":"https:\/\/api.w.org\/{rel}","templated":true}]}}