{"id":31615,"date":"2025-12-03T11:32:16","date_gmt":"2025-12-03T10:32:16","guid":{"rendered":"https:\/\/www.vita.sk\/?post_type=product&#038;p=31615"},"modified":"2026-01-20T11:14:07","modified_gmt":"2026-01-20T10:14:07","slug":"online-kurz-ai-prompt-engineering-i-zaciatocnik","status":"publish","type":"product","link":"https:\/\/www.vita.sk\/en\/online-kurz-ai-prompt-engineering-i-zaciatocnik\/","title":{"rendered":"Online kurz Prompt Engineering AI I. Za\u010diato\u010dn\u00edk"},"content":{"rendered":"<p>Online kurz Prompt Engineering AI I. Za\u010diato\u010dn\u00edk je pre v\u00e1s ide\u00e1lny, ak sa chcete nau\u010di\u0165 efekt\u00edvne pracova\u0165 s generat\u00edvnou umelou inteligenciou, formulova\u0165 presn\u00e9 a optimalizovan\u00e9 prompty a vytv\u00e1ra\u0165 profesion\u00e1lne textov\u00e9, vizu\u00e1lne a prezenta\u010dn\u00e9 v\u00fdstupy pomocou AI n\u00e1strojov. <strong>Ide o certifikovan\u00fd kurz na Prompt Engineering a AI.<\/strong> Zameriavame sa na spr\u00e1vnu tvorbu dopytov, pochopenie fungovania jazykov\u00fdch modelov a aplik\u00e1ciu metod\u00edk, ktor\u00e9 zvy\u0161uj\u00fa kvalitu, presnos\u0165 a stabilitu v\u00fdstupov generovan\u00fdch umelou inteligenciou. Nau\u010d\u00edme sa analyzova\u0165 \u0161trukt\u00faru promptov, pou\u017e\u00edva\u0165 osved\u010den\u00e9 frameworky a pracova\u0165 s promptov\u00fdmi strat\u00e9giami tak, aby AI produkovala hodnotn\u00e9, konzistentn\u00e9 a kontrolovate\u013en\u00e9 v\u00fdstupy. Osvoj\u00edme si n\u00e1stroje pre prompt engineering vr\u00e1tane Lakera AI a vybudujeme schopnos\u0165 tvori\u0165 syst\u00e9mov\u00e9 in\u0161trukcie, rolov\u00e9 prompty, viacstup\u0148ov\u00e9 prompty aj \u0161pecifick\u00e9 pracovn\u00e9 scen\u00e1re. Kurz zah\u0155\u0148a aj \u00favod do n\u00e1strojov Gemini od Google, kde sa zameriavame na rozdiely medzi generat\u00edvnou AI, strojov\u00fdm u\u010den\u00edm a ve\u013ek\u00fdmi jazykov\u00fdmi modelmi. Nau\u010d\u00edme sa, ako pracova\u0165 s n\u00e1strojmi Gemini, Copilot, Claude, Perplexity a \u010fal\u0161\u00edmi platformami. Osvoj\u00edme si princ\u00edpy pr\u00e1ce s AI chatbotmi, pochop\u00edme limity modelov, tokeniz\u00e1ciu, kontextov\u00e9 okn\u00e1 a pravidl\u00e1 pre optim\u00e1lne spracovanie vstupov a v\u00fdstupov. Pozornos\u0165 venujeme aj OpenAI ChatGPT, kde sa nau\u010d\u00edme spr\u00e1vne formulova\u0165 syst\u00e9mov\u00e9, u\u017e\u00edvate\u013esk\u00e9 a expertn\u00e9 prompty, definova\u0165 Tone of Voice, pou\u017e\u00edva\u0165 doplnky a roz\u0161\u00edrenia a tvori\u0165 obsah pod\u013ea po\u017eadovan\u00fdch \u0161t\u00fdlov a form\u00e1tov. \u010eal\u0161ia \u010das\u0165 kurzu sa zameriava na tvorbu prezent\u00e1ci\u00ed, dokumentov a vzdel\u00e1vac\u00edch materi\u00e1lov s pou\u017eit\u00edm n\u00e1strojov umelej inteligencie. Analyzujeme mo\u017enosti Gamma AI, ktor\u00e1 umo\u017e\u0148uje premenu textov\u00e9ho zadania na prezent\u00e1cie a vizu\u00e1lne v\u00fdstupy. Praktick\u00fdm sp\u00f4sobom uk\u00e1\u017eeme, ako AI zr\u00fdch\u013euje tvorbu vzdel\u00e1vac\u00edch podkladov, osnov, n\u00e1vrhov a profesion\u00e1lnych prezent\u00e1ci\u00ed. \u010ealej sa venujeme oblasti Google AI Overview (SEO, AEO, GEO), kde pochop\u00edme, ako AI vpl\u00fdva na vyh\u013ead\u00e1vanie, ak\u00e9 zmeny prin\u00e1\u0161a do SEO praxe a ako tieto princ\u00edpy vyu\u017ei\u0165 v marketingu a pri tvorbe obsahu. Osvoj\u00edme si aj princ\u00edpy odpor\u00fa\u010dan\u00ed, kontextov\u00e9ho vyh\u013ead\u00e1vania a AI riaden\u00fdch v\u00fdsledkov vyh\u013ead\u00e1vania. Ak sa chcete skuto\u010dne nau\u010di\u0165 ovl\u00e1da\u0165 prompt engineering a sta\u0165 sa tvorcom kvalitn\u00fdch, presn\u00fdch a profesion\u00e1lnych AI v\u00fdstupov, tak toto je ide\u00e1lny online kurz pre v\u00e1s.<\/p>\n","protected":false},"excerpt":{"rendered":"<p>Online kurz Prompt Engineering AI I. Za\u010diato\u010dn\u00edk v\u00e1s nau\u010d\u00ed vytv\u00e1ra\u0165 presn\u00e9, efekt\u00edvne a optimalizovan\u00e9 prompty pre generat\u00edvnu umel\u00fa inteligenciu vr\u00e1tane n\u00e1strojov ChatGPT, Gemini, Copilot, Claude a Perplexity. Z\u00edskate z\u00e1kladn\u00e9 zru\u010dnosti na formulovanie dopytov, \u00fapravu v\u00fdstupov AI a aplik\u00e1ciu promptovac\u00edch techn\u00edk v praxi.","protected":false},"author":4,"featured_media":4356,"comment_status":"open","ping_status":"closed","template":"","meta":{"_acf_changed":false},"product_brand":[],"product_cat":[471,49,588,73],"product_tag":[589,609],"class_list":{"0":"post-31615","1":"product","2":"type-product","3":"status-publish","4":"has-post-thumbnail","6":"product_cat-umela-inteligencia","7":"product_cat-online-kurzy-databazy-statistika-analytika","8":"product_cat-online-kurzy-umela-inteligencia-ai","9":"product_cat-bez-kategorie","10":"product_tag-umela-inteligencia","11":"product_tag-ai","13":"first","14":"instock","15":"sale","16":"sold-individually","17":"taxable","18":"shipping-taxable","19":"purchasable","20":"product-type-simple"},"yoast_head":"<!-- This site is optimized with the Yoast SEO Premium plugin v25.0 (Yoast SEO v25.0) - https:\/\/yoast.com\/wordpress\/plugins\/seo\/ -->\n<title>Online kurz Prompt Engineering AI I. Za\u010diato\u010dn\u00edk 2026 | VITA<\/title>\n<meta name=\"description\" content=\"V online kurze AI Prompt Engineering I. Za\u010diato\u010dn\u00edk sa nau\u010d\u00edte vytv\u00e1ra\u0165 presn\u00e9 a \u00fa\u010dinn\u00e9 pr\u00edkazy pre AI n\u00e1stroje a zlep\u0161ova\u0165 kvalitu odpoved\u00ed. \u2705\" \/>\n<meta name=\"robots\" content=\"index, follow, max-snippet:-1, max-image-preview:large, max-video-preview:-1\" \/>\n<link rel=\"canonical\" href=\"https:\/\/www.vita.sk\/online-kurz-ai-prompt-engineering-i-zaciatocnik\/\" \/>\n<meta property=\"og:locale\" content=\"en_US\" \/>\n<meta property=\"og:type\" content=\"article\" \/>\n<meta property=\"og:title\" content=\"Online kurz Prompt Engineering AI I. Za\u010diato\u010dn\u00edk\" \/>\n<meta property=\"og:description\" content=\"V online kurze AI Prompt Engineering I. Za\u010diato\u010dn\u00edk sa nau\u010d\u00edte vytv\u00e1ra\u0165 presn\u00e9 a \u00fa\u010dinn\u00e9 pr\u00edkazy pre AI n\u00e1stroje a zlep\u0161ova\u0165 kvalitu odpoved\u00ed. \u2705\" \/>\n<meta property=\"og:url\" content=\"https:\/\/www.vita.sk\/online-kurz-ai-prompt-engineering-i-zaciatocnik\/\" \/>\n<meta property=\"og:site_name\" content=\"VITA\" \/>\n<meta property=\"article:publisher\" content=\"https:\/\/www.facebook.com\/VitaAcademySK\" \/>\n<meta property=\"article:modified_time\" content=\"2026-01-20T10:14:07+00:00\" \/>\n<meta property=\"og:image\" content=\"https:\/\/www.vita.sk\/wp-content\/uploads\/2020\/11\/kurz_Efektivne-ucenie-a-vzdelavanie.png\" \/>\n\t<meta property=\"og:image:width\" content=\"360\" \/>\n\t<meta property=\"og:image:height\" content=\"360\" \/>\n\t<meta property=\"og:image:type\" content=\"image\/png\" \/>\n<meta name=\"twitter:card\" content=\"summary_large_image\" \/>\n<meta name=\"twitter:label1\" content=\"Est. reading time\" \/>\n\t<meta name=\"twitter:data1\" content=\"2 minutes\" \/>\n<script type=\"application\/ld+json\" class=\"yoast-schema-graph\">{\n\t    \"@context\": \"https:\/\/schema.org\",\n\t    \"@graph\": [\n\t        {\n\t            \"@type\": \"WebPage\",\n\t            \"@id\": \"https:\/\/www.vita.sk\/online-kurz-ai-prompt-engineering-i-zaciatocnik\/\",\n\t            \"url\": \"https:\/\/www.vita.sk\/online-kurz-ai-prompt-engineering-i-zaciatocnik\/\",\n\t            \"name\": \"Online kurz Prompt Engineering AI I. Za\u010diato\u010dn\u00edk {Y} | VITA\",\n\t            \"isPartOf\": {\n\t                \"@id\": \"https:\/\/www.vita.sk\/#website\"\n\t            },\n\t            \"primaryImageOfPage\": {\n\t                \"@id\": \"https:\/\/www.vita.sk\/online-kurz-ai-prompt-engineering-i-zaciatocnik\/#primaryimage\"\n\t            },\n\t            \"image\": {\n\t                \"@id\": \"https:\/\/www.vita.sk\/online-kurz-ai-prompt-engineering-i-zaciatocnik\/#primaryimage\"\n\t            },\n\t            \"thumbnailUrl\": \"https:\/\/www.vita.sk\/wp-content\/uploads\/2020\/11\/kurz_Efektivne-ucenie-a-vzdelavanie.png\",\n\t            \"datePublished\": \"2025-12-03T10:32:16+00:00\",\n\t            \"dateModified\": \"2026-01-20T10:14:07+00:00\",\n\t            \"description\": \"V online kurze AI Prompt Engineering I. Za\u010diato\u010dn\u00edk sa nau\u010d\u00edte vytv\u00e1ra\u0165 presn\u00e9 a \u00fa\u010dinn\u00e9 pr\u00edkazy pre AI n\u00e1stroje a zlep\u0161ova\u0165 kvalitu odpoved\u00ed. \u2705\",\n\t            \"breadcrumb\": {\n\t                \"@id\": \"https:\/\/www.vita.sk\/online-kurz-ai-prompt-engineering-i-zaciatocnik\/#breadcrumb\"\n\t            },\n\t            \"inLanguage\": \"en-US\",\n\t            \"potentialAction\": [\n\t                {\n\t                    \"@type\": \"ReadAction\",\n\t                    \"target\": [\n\t                        \"https:\/\/www.vita.sk\/online-kurz-ai-prompt-engineering-i-zaciatocnik\/\"\n\t                    ]\n\t                }\n\t            ]\n\t        },\n\t        {\n\t            \"@type\": \"ImageObject\",\n\t            \"inLanguage\": \"en-US\",\n\t            \"@id\": \"https:\/\/www.vita.sk\/online-kurz-ai-prompt-engineering-i-zaciatocnik\/#primaryimage\",\n\t            \"url\": \"https:\/\/www.vita.sk\/wp-content\/uploads\/2020\/11\/kurz_Efektivne-ucenie-a-vzdelavanie.png\",\n\t            \"contentUrl\": \"https:\/\/www.vita.sk\/wp-content\/uploads\/2020\/11\/kurz_Efektivne-ucenie-a-vzdelavanie.png\",\n\t            \"width\": 360,\n\t            \"height\": 360,\n\t            \"caption\": \"Online kurz Efekt\u00edvne U\u010denie a Vzdel\u00e1vanie\"\n\t        },\n\t        {\n\t            \"@type\": \"BreadcrumbList\",\n\t            \"@id\": \"https:\/\/www.vita.sk\/online-kurz-ai-prompt-engineering-i-zaciatocnik\/#breadcrumb\",\n\t            \"itemListElement\": [\n\t                {\n\t                    \"@type\": \"ListItem\",\n\t                    \"position\": 1,\n\t                    \"name\": \"VITA Academy\",\n\t                    \"item\": \"https:\/\/www.vita.sk\/en\/\"\n\t                },\n\t                {\n\t                    \"@type\": \"ListItem\",\n\t                    \"position\": 2,\n\t                    \"name\": \"Shop\",\n\t                    \"item\": \"https:\/\/www.vita.sk\/shop\/\"\n\t                },\n\t                {\n\t                    \"@type\": \"ListItem\",\n\t                    \"position\": 3,\n\t                    \"name\": \"Umel\u00e1 Inteligencia AI\",\n\t                    \"item\": \"https:\/\/www.vita.sk\/online-kurzy-umela-inteligencia-ai\/\"\n\t                },\n\t                {\n\t                    \"@type\": \"ListItem\",\n\t                    \"position\": 4,\n\t                    \"name\": \"Online kurz Prompt Engineering AI I. Za\u010diato\u010dn\u00edk\"\n\t                }\n\t            ]\n\t        },\n\t        {\n\t            \"@type\": \"WebSite\",\n\t            \"@id\": \"https:\/\/www.vita.sk\/#website\",\n\t            \"url\": \"https:\/\/www.vita.sk\/\",\n\t            \"name\": \"VITA\",\n\t            \"description\": \"\",\n\t            \"publisher\": {\n\t                \"@id\": \"https:\/\/www.vita.sk\/#organization\"\n\t            },\n\t            \"potentialAction\": [\n\t                {\n\t                    \"@type\": \"SearchAction\",\n\t                    \"target\": {\n\t                        \"@type\": \"EntryPoint\",\n\t                        \"urlTemplate\": \"https:\/\/www.vita.sk\/?s={search_term_string}\"\n\t                    },\n\t                    \"query-input\": {\n\t                        \"@type\": \"PropertyValueSpecification\",\n\t                        \"valueRequired\": true,\n\t                        \"valueName\": \"search_term_string\"\n\t                    }\n\t                }\n\t            ],\n\t            \"inLanguage\": \"en-US\"\n\t        },\n\t        {\n\t            \"email\": \"admin@vita.sk\",\n\t            \"logo\": \"https:\/\/www.vita.sk\/img\/vita_logo.png \",\n\t            \"address\": {\n\t                \"type\": \"PostalAddress\",\n\t                \"streetAddress\": \"Tom\u00e1\u0161ikova 50\/A\",\n\t                \"addressLocality\": \"Bratislava\",\n\t                \"postalCode\": \"83104\",\n\t                \"addressCountry\": {\n\t                    \"name\": \"SK\",\n\t                    \"type\": \"Country\"\n\t                }\n\t            },\n\t            \"contactPoint\": {\n\t                \"type\": \"ContactPoint\",\n\t                \"telephone\": \"+421 907 375\u00a0543\",\n\t                \"Email\": \"admin@vita.sk\",\n\t                \"contactType\": \"customer service\"\n\t            },\n\t            \"sameAs\": [\n\t                \"https:\/\/www.facebook.com\/VitaAcademySK\/\",\n\t                \"https:\/\/www.linkedin.com\/company\/vita-academy\/\"\n\t            ]\n\t        }\n\t    ]\n\t}<\/script>\n<!-- \/ Yoast SEO Premium plugin. -->","yoast_head_json":{"title":"Online kurz Prompt Engineering AI I. Za\u010diato\u010dn\u00edk 2026 | VITA","description":"V online kurze AI Prompt Engineering I. Za\u010diato\u010dn\u00edk sa nau\u010d\u00edte vytv\u00e1ra\u0165 presn\u00e9 a \u00fa\u010dinn\u00e9 pr\u00edkazy pre AI n\u00e1stroje a zlep\u0161ova\u0165 kvalitu odpoved\u00ed. \u2705","robots":{"index":"index","follow":"follow","max-snippet":"max-snippet:-1","max-image-preview":"max-image-preview:large","max-video-preview":"max-video-preview:-1"},"canonical":"https:\/\/www.vita.sk\/online-kurz-ai-prompt-engineering-i-zaciatocnik\/","og_locale":"en_US","og_type":"article","og_title":"Online kurz Prompt Engineering AI I. Za\u010diato\u010dn\u00edk","og_description":"V online kurze AI Prompt Engineering I. Za\u010diato\u010dn\u00edk sa nau\u010d\u00edte vytv\u00e1ra\u0165 presn\u00e9 a \u00fa\u010dinn\u00e9 pr\u00edkazy pre AI n\u00e1stroje a zlep\u0161ova\u0165 kvalitu odpoved\u00ed. \u2705","og_url":"https:\/\/www.vita.sk\/online-kurz-ai-prompt-engineering-i-zaciatocnik\/","og_site_name":"VITA","article_publisher":"https:\/\/www.facebook.com\/VitaAcademySK","article_modified_time":"2026-01-20T10:14:07+00:00","og_image":[{"width":360,"height":360,"url":"https:\/\/www.vita.sk\/wp-content\/uploads\/2020\/11\/kurz_Efektivne-ucenie-a-vzdelavanie.png","type":"image\/png"}],"twitter_card":"summary_large_image","twitter_misc":{"Est. reading time":"2 minutes"},"schema":{"@context":"https:\/\/schema.org","@graph":[{"@type":"WebPage","@id":"https:\/\/www.vita.sk\/online-kurz-ai-prompt-engineering-i-zaciatocnik\/","url":"https:\/\/www.vita.sk\/online-kurz-ai-prompt-engineering-i-zaciatocnik\/","name":"Online kurz Prompt Engineering AI I. Za\u010diato\u010dn\u00edk {Y} | VITA","isPartOf":{"@id":"https:\/\/www.vita.sk\/#website"},"primaryImageOfPage":{"@id":"https:\/\/www.vita.sk\/online-kurz-ai-prompt-engineering-i-zaciatocnik\/#primaryimage"},"image":{"@id":"https:\/\/www.vita.sk\/online-kurz-ai-prompt-engineering-i-zaciatocnik\/#primaryimage"},"thumbnailUrl":"https:\/\/www.vita.sk\/wp-content\/uploads\/2020\/11\/kurz_Efektivne-ucenie-a-vzdelavanie.png","datePublished":"2025-12-03T10:32:16+00:00","dateModified":"2026-01-20T10:14:07+00:00","description":"V online kurze AI Prompt Engineering I. Za\u010diato\u010dn\u00edk sa nau\u010d\u00edte vytv\u00e1ra\u0165 presn\u00e9 a \u00fa\u010dinn\u00e9 pr\u00edkazy pre AI n\u00e1stroje a zlep\u0161ova\u0165 kvalitu odpoved\u00ed. \u2705","breadcrumb":{"@id":"https:\/\/www.vita.sk\/online-kurz-ai-prompt-engineering-i-zaciatocnik\/#breadcrumb"},"inLanguage":"en-US","potentialAction":[{"@type":"ReadAction","target":["https:\/\/www.vita.sk\/online-kurz-ai-prompt-engineering-i-zaciatocnik\/"]}]},{"@type":"ImageObject","inLanguage":"en-US","@id":"https:\/\/www.vita.sk\/online-kurz-ai-prompt-engineering-i-zaciatocnik\/#primaryimage","url":"https:\/\/www.vita.sk\/wp-content\/uploads\/2020\/11\/kurz_Efektivne-ucenie-a-vzdelavanie.png","contentUrl":"https:\/\/www.vita.sk\/wp-content\/uploads\/2020\/11\/kurz_Efektivne-ucenie-a-vzdelavanie.png","width":360,"height":360,"caption":"Online kurz Efekt\u00edvne U\u010denie a Vzdel\u00e1vanie"},{"@type":"BreadcrumbList","@id":"https:\/\/www.vita.sk\/online-kurz-ai-prompt-engineering-i-zaciatocnik\/#breadcrumb","itemListElement":[{"@type":"ListItem","position":1,"name":"VITA Academy","item":"https:\/\/www.vita.sk\/en\/"},{"@type":"ListItem","position":2,"name":"Shop","item":"https:\/\/www.vita.sk\/shop\/"},{"@type":"ListItem","position":3,"name":"Umel\u00e1 Inteligencia AI","item":"https:\/\/www.vita.sk\/online-kurzy-umela-inteligencia-ai\/"},{"@type":"ListItem","position":4,"name":"Online kurz Prompt Engineering AI I. Za\u010diato\u010dn\u00edk"}]},{"@type":"WebSite","@id":"https:\/\/www.vita.sk\/#website","url":"https:\/\/www.vita.sk\/","name":"VITA","description":"","publisher":{"@id":"https:\/\/www.vita.sk\/#organization"},"potentialAction":[{"@type":"SearchAction","target":{"@type":"EntryPoint","urlTemplate":"https:\/\/www.vita.sk\/?s={search_term_string}"},"query-input":{"@type":"PropertyValueSpecification","valueRequired":true,"valueName":"search_term_string"}}],"inLanguage":"en-US"},{"email":"admin@vita.sk","logo":"https:\/\/www.vita.sk\/img\/vita_logo.png ","address":{"type":"PostalAddress","streetAddress":"Tom\u00e1\u0161ikova 50\/A","addressLocality":"Bratislava","postalCode":"83104","addressCountry":{"name":"SK","type":"Country"}},"contactPoint":{"type":"ContactPoint","telephone":"+421 907 375\u00a0543","Email":"admin@vita.sk","contactType":"customer service"},"sameAs":["https:\/\/www.facebook.com\/VitaAcademySK\/","https:\/\/www.linkedin.com\/company\/vita-academy\/"]}]}},"acf":[],"_links":{"self":[{"href":"https:\/\/www.vita.sk\/en\/wp-json\/wp\/v2\/product\/31615","targetHints":{"allow":["GET"]}}],"collection":[{"href":"https:\/\/www.vita.sk\/en\/wp-json\/wp\/v2\/product"}],"about":[{"href":"https:\/\/www.vita.sk\/en\/wp-json\/wp\/v2\/types\/product"}],"author":[{"embeddable":true,"href":"https:\/\/www.vita.sk\/en\/wp-json\/wp\/v2\/users\/4"}],"replies":[{"embeddable":true,"href":"https:\/\/www.vita.sk\/en\/wp-json\/wp\/v2\/comments?post=31615"}],"wp:featuredmedia":[{"embeddable":true,"href":"https:\/\/www.vita.sk\/en\/wp-json\/wp\/v2\/media\/4356"}],"wp:attachment":[{"href":"https:\/\/www.vita.sk\/en\/wp-json\/wp\/v2\/media?parent=31615"}],"wp:term":[{"taxonomy":"product_brand","embeddable":true,"href":"https:\/\/www.vita.sk\/en\/wp-json\/wp\/v2\/product_brand?post=31615"},{"taxonomy":"product_cat","embeddable":true,"href":"https:\/\/www.vita.sk\/en\/wp-json\/wp\/v2\/product_cat?post=31615"},{"taxonomy":"product_tag","embeddable":true,"href":"https:\/\/www.vita.sk\/en\/wp-json\/wp\/v2\/product_tag?post=31615"}],"curies":[{"name":"wp","href":"https:\/\/api.w.org\/{rel}","templated":true}]}}