{"id":31698,"date":"2025-12-07T20:29:41","date_gmt":"2025-12-07T19:29:41","guid":{"rendered":"https:\/\/www.vita.sk\/?post_type=product&#038;p=31698"},"modified":"2025-12-07T21:17:52","modified_gmt":"2025-12-07T20:17:52","slug":"online-kurz-informacna-architektura-webu-a-seo","status":"publish","type":"product","link":"https:\/\/www.vita.sk\/en\/online-kurz-informacna-architektura-webu-a-seo\/","title":{"rendered":"Online kurz Informa\u010dn\u00e1 Architekt\u00fara Webu (WIA) a SEO"},"content":{"rendered":"<p>Online kurz Informa\u010dn\u00e1 Architekt\u00fara Webu (WIA) a SEO je pre v\u00e1s ide\u00e1lny, ak sa chcete nau\u010di\u0165 navrhova\u0165 preh\u013eadn\u00fa \u0161trukt\u00faru webu, optimalizova\u0165 jeho architekt\u00faru pre pou\u017e\u00edvate\u013eov aj vyh\u013ead\u00e1va\u010de a porozumie\u0165 tomu, ako technick\u00fd stav webu ovplyv\u0148uje jeho vidite\u013enos\u0165 vo v\u00fdsledkoch vyh\u013ead\u00e1vania. <strong>Ide o akreditovan\u00fd a certifikovan\u00fd kurz na Informa\u010dn\u00fa Architekt\u00faru Webu (WIA) a SEO<\/strong>. V tomto kurze sa nau\u010d\u00edte, ako efekt\u00edvne pl\u00e1nova\u0165 a riadi\u0165 v\u00fdvoj webu pomocou n\u00e1strojov modernej informa\u010dnej architekt\u00fary, mapovania obsahu a vizualiza\u010dn\u00fdch techn\u00edk, ako je XMind. Z\u00edskate preh\u013ead o tom, ako funguje SEO, na \u010do sl\u00fa\u017ei a ako spr\u00e1vne implementova\u0165 jeho z\u00e1kladn\u00e9 aj pokro\u010dil\u00e9 princ\u00edpy. Kurz v\u00e1m poskytne systematick\u00fd poh\u013ead na pr\u00e1cu s URL adresami, UTM parametrami, dopytmi a \u010fal\u0161\u00edmi prvkami, ktor\u00e9 ovplyv\u0148uj\u00fa meranie kampan\u00ed a orient\u00e1ciu pou\u017e\u00edvate\u013eov na webe. Obozn\u00e1mite sa s hodnoten\u00edm technick\u00e9ho v\u00fdkonu webu pomocou n\u00e1strojov Gtmetrix a Pingdom a nau\u010d\u00edte sa monitorova\u0165 dostupnos\u0165 webu, odha\u013eova\u0165 kritick\u00e9 technick\u00e9 chyby, interpretova\u0165 reporty a navrhova\u0165 optimaliz\u00e1cie pre r\u00fdchlos\u0165, stabilitu aj celkov\u00fa pou\u017e\u00edvate\u013esk\u00fa sk\u00fasenos\u0165. Osvoj\u00edte si princ\u00edpy fazetovej klasifik\u00e1cie, porozumiete jej vyu\u017eitiu pri kategoriz\u00e1cii obsahu a nau\u010d\u00edte sa aplikova\u0165 spr\u00e1vne postupy pri n\u00e1vrhu navig\u00e1cie a informa\u010dn\u00fdch \u0161trukt\u00far. V \u010fal\u0161ej \u010dasti kurzu sa podrobne zameriame na indexovanie webov\u00fdch str\u00e1nok, pr\u00e1cu s mapami webu Sitemap.xml a naj\u010dastej\u0161ie probl\u00e9my, ktor\u00e9 br\u00e1nia spr\u00e1vnemu indexovaniu obsahu. Nau\u010d\u00edte sa vyu\u017e\u00edva\u0165 Google Search Console na identifik\u00e1ciu, rie\u0161enie a prevenciu indexa\u010dn\u00fdch ch\u00fdb. Pochop\u00edte, ako vyh\u013ead\u00e1va\u010de spracov\u00e1vaj\u00fa obsah, ak\u00e9 sign\u00e1ly hodnotia a ktor\u00e9 prvky maj\u00fa z\u00e1sadn\u00fd vplyv na SEO v\u00fdkonnos\u0165. Kurz v\u00e1m poskytne praktick\u00e9 n\u00e1vody, ako vytv\u00e1ra\u0165 a optimalizova\u0165 Sitemap.xml, kontrolova\u0165 stav index\u00e1cie a zabezpe\u010di\u0165 efekt\u00edvne prepojenie webov\u00fdch podstr\u00e1nok. S\u00fa\u010das\u0165ou kurzu je aj rozsiahly modul venovan\u00fd modernej umelej inteligencii vo vyh\u013ead\u00e1van\u00ed. Nau\u010d\u00edte sa, \u010do predstavuje Google AI Overview, ako funguj\u00fa koncepty SEO, AEO a GEO, v \u010dom sa odli\u0161uj\u00fa a ako ich prakticky vyu\u017ei\u0165 pri optimaliz\u00e1cii webu pre nov\u00e9 typy v\u00fdsledkov vyh\u013ead\u00e1vania. T\u00e1to \u010das\u0165 kurzu v\u00e1m umo\u017en\u00ed pochopi\u0165, ako sa men\u00ed spr\u00e1vanie pou\u017e\u00edvate\u013eov a ak\u00e9 po\u017eiadavky kladie modern\u00e9 vyh\u013ead\u00e1vanie na technick\u00fa aj obsahov\u00fa kvalitu webu. Osvoj\u00edte si cel\u00fd proces od n\u00e1vrhu \u0161trukt\u00fary webu a\u017e po jeho technick\u00fa a obsahov\u00fa optimaliz\u00e1ciu a nau\u010d\u00edte sa kriticky hodnoti\u0165 v\u00fdkonnos\u0165, navig\u00e1ciu, kategoriz\u00e1ciu aj index\u00e1ciu webu. Z\u00edskan\u00e9 vedomosti v\u00e1m umo\u017enia navrhova\u0165 weby, ktor\u00e9 s\u00fa preh\u013eadn\u00e9, r\u00fdchle, spr\u00e1vne zaindexovan\u00e9 a pripraven\u00e9 konkurova\u0165 v organickom vyh\u013ead\u00e1van\u00ed. Ak sa chcete skuto\u010dne nau\u010di\u0165 navrhova\u0165 informa\u010dn\u00fa architekt\u00faru webu, tak toto je ide\u00e1lny vstupn\u00fd online kurz pre v\u00e1s.<\/p>\n","protected":false},"excerpt":{"rendered":"<p>Online kurz Informa\u010dn\u00e1 Architekt\u00fara Webu (WIA) a SEO v\u00e1s nau\u010d\u00ed navrhova\u0165 preh\u013eadn\u00fa \u0161trukt\u00faru webu, optimalizova\u0165 technick\u00e9 aj obsahov\u00e9 prvky a zlep\u0161i\u0165 vidite\u013enos\u0165 str\u00e1nok vo vyh\u013ead\u00e1va\u010doch. Z\u00edskate praktick\u00e9 zru\u010dnosti v pl\u00e1novan\u00ed webu, pr\u00e1ci s URL, indexovan\u00edm, Sitemap. xml, SEO auditom a modern\u00fdmi AI n\u00e1strojmi.","protected":false},"author":4,"featured_media":31699,"comment_status":"open","ping_status":"closed","template":"","meta":{"_acf_changed":false},"product_brand":[],"product_cat":[70,71,73],"product_tag":[183],"class_list":{"0":"post-31698","1":"product","2":"type-product","3":"status-publish","4":"has-post-thumbnail","6":"product_cat-online-kurzy-marketing-reklama-a-pravo","7":"product_cat-online-kurzy-seo-optimalizacia-pre-vyhladavace","8":"product_cat-bez-kategorie","9":"product_tag-marketing","11":"first","12":"instock","13":"sale","14":"sold-individually","15":"taxable","16":"shipping-taxable","17":"purchasable","18":"product-type-simple"},"yoast_head":"<!-- This site is optimized with the Yoast SEO Premium plugin v25.0 (Yoast SEO v25.0) - https:\/\/yoast.com\/wordpress\/plugins\/seo\/ -->\n<title>Online kurz Informa\u010dn\u00e1 Architekt\u00fara Webu a SEO 2026 | VITA<\/title>\n<meta name=\"description\" content=\"V online kurze Informa\u010dn\u00e1 Architekt\u00fara Webu a SEO sa nau\u010d\u00edte pokro\u010dil\u00e9 techniky na zlep\u0161enie vidite\u013enosti v\u00e1\u0161ho webu alebo eshopu. \u2705\" \/>\n<meta name=\"robots\" content=\"index, follow, max-snippet:-1, max-image-preview:large, max-video-preview:-1\" \/>\n<link rel=\"canonical\" href=\"https:\/\/www.vita.sk\/online-kurz-informacna-architektura-webu-a-seo\/\" \/>\n<meta property=\"og:locale\" content=\"en_US\" \/>\n<meta property=\"og:type\" content=\"article\" \/>\n<meta property=\"og:title\" content=\"Online kurz Informa\u010dn\u00e1 Architekt\u00fara Webu (WIA) a SEO\" \/>\n<meta property=\"og:description\" content=\"V online kurze Informa\u010dn\u00e1 Architekt\u00fara Webu a SEO sa nau\u010d\u00edte pokro\u010dil\u00e9 techniky na zlep\u0161enie vidite\u013enosti v\u00e1\u0161ho webu alebo eshopu. \u2705\" \/>\n<meta property=\"og:url\" content=\"https:\/\/www.vita.sk\/online-kurz-informacna-architektura-webu-a-seo\/\" \/>\n<meta property=\"og:site_name\" content=\"VITA\" \/>\n<meta property=\"article:publisher\" content=\"https:\/\/www.facebook.com\/VitaAcademySK\" \/>\n<meta property=\"article:modified_time\" content=\"2025-12-07T20:17:52+00:00\" \/>\n<meta property=\"og:image\" content=\"https:\/\/www.vita.sk\/wp-content\/uploads\/2025\/12\/online-kurz-informacna-architektura-webu-a-seo.png\" \/>\n\t<meta property=\"og:image:width\" content=\"300\" \/>\n\t<meta property=\"og:image:height\" content=\"300\" \/>\n\t<meta property=\"og:image:type\" content=\"image\/png\" \/>\n<meta name=\"twitter:card\" content=\"summary_large_image\" \/>\n<meta name=\"twitter:label1\" content=\"Est. reading time\" \/>\n\t<meta name=\"twitter:data1\" content=\"3 minutes\" \/>\n<script type=\"application\/ld+json\" class=\"yoast-schema-graph\">{\n\t    \"@context\": \"https:\/\/schema.org\",\n\t    \"@graph\": [\n\t        {\n\t            \"@type\": \"WebPage\",\n\t            \"@id\": \"https:\/\/www.vita.sk\/online-kurz-informacna-architektura-webu-a-seo\/\",\n\t            \"url\": \"https:\/\/www.vita.sk\/online-kurz-informacna-architektura-webu-a-seo\/\",\n\t            \"name\": \"Online kurz Informa\u010dn\u00e1 Architekt\u00fara Webu a SEO {Y} | VITA\",\n\t            \"isPartOf\": {\n\t                \"@id\": \"https:\/\/www.vita.sk\/#website\"\n\t            },\n\t            \"primaryImageOfPage\": {\n\t                \"@id\": \"https:\/\/www.vita.sk\/online-kurz-informacna-architektura-webu-a-seo\/#primaryimage\"\n\t            },\n\t            \"image\": {\n\t                \"@id\": \"https:\/\/www.vita.sk\/online-kurz-informacna-architektura-webu-a-seo\/#primaryimage\"\n\t            },\n\t            \"thumbnailUrl\": \"https:\/\/www.vita.sk\/wp-content\/uploads\/2025\/12\/online-kurz-informacna-architektura-webu-a-seo.png\",\n\t            \"datePublished\": \"2025-12-07T19:29:41+00:00\",\n\t            \"dateModified\": \"2025-12-07T20:17:52+00:00\",\n\t            \"description\": \"V online kurze Informa\u010dn\u00e1 Architekt\u00fara Webu a SEO sa nau\u010d\u00edte pokro\u010dil\u00e9 techniky na zlep\u0161enie vidite\u013enosti v\u00e1\u0161ho webu alebo eshopu. \u2705\",\n\t            \"breadcrumb\": {\n\t                \"@id\": \"https:\/\/www.vita.sk\/online-kurz-informacna-architektura-webu-a-seo\/#breadcrumb\"\n\t            },\n\t            \"inLanguage\": \"en-US\",\n\t            \"potentialAction\": [\n\t                {\n\t                    \"@type\": \"ReadAction\",\n\t                    \"target\": [\n\t                        \"https:\/\/www.vita.sk\/online-kurz-informacna-architektura-webu-a-seo\/\"\n\t                    ]\n\t                }\n\t            ]\n\t        },\n\t        {\n\t            \"@type\": \"ImageObject\",\n\t            \"inLanguage\": \"en-US\",\n\t            \"@id\": \"https:\/\/www.vita.sk\/online-kurz-informacna-architektura-webu-a-seo\/#primaryimage\",\n\t            \"url\": \"https:\/\/www.vita.sk\/wp-content\/uploads\/2025\/12\/online-kurz-informacna-architektura-webu-a-seo.png\",\n\t            \"contentUrl\": \"https:\/\/www.vita.sk\/wp-content\/uploads\/2025\/12\/online-kurz-informacna-architektura-webu-a-seo.png\",\n\t            \"width\": 300,\n\t            \"height\": 300,\n\t            \"caption\": \"online kurz Informa\u010dn\u00e1 Architekt\u00fara Webu a SEO\"\n\t        },\n\t        {\n\t            \"@type\": \"BreadcrumbList\",\n\t            \"@id\": \"https:\/\/www.vita.sk\/online-kurz-informacna-architektura-webu-a-seo\/#breadcrumb\",\n\t            \"itemListElement\": [\n\t                {\n\t                    \"@type\": \"ListItem\",\n\t                    \"position\": 1,\n\t                    \"name\": \"VITA Academy\",\n\t                    \"item\": \"https:\/\/www.vita.sk\/en\/\"\n\t                },\n\t                {\n\t                    \"@type\": \"ListItem\",\n\t                    \"position\": 2,\n\t                    \"name\": \"Shop\",\n\t                    \"item\": \"https:\/\/www.vita.sk\/shop\/\"\n\t                },\n\t                {\n\t                    \"@type\": \"ListItem\",\n\t                    \"position\": 3,\n\t                    \"name\": \"Marketing, Reklama a Pr\u00e1vo\",\n\t                    \"item\": \"https:\/\/www.vita.sk\/online-kurzy-marketing-reklama-a-pravo\/\"\n\t                },\n\t                {\n\t                    \"@type\": \"ListItem\",\n\t                    \"position\": 4,\n\t                    \"name\": \"SEO - Optimaliz\u00e1cia pre Vyh\u013ead\u00e1va\u010de\",\n\t                    \"item\": \"https:\/\/www.vita.sk\/online-kurzy-seo-optimalizacia-pre-vyhladavace\/\"\n\t                },\n\t                {\n\t                    \"@type\": \"ListItem\",\n\t                    \"position\": 5,\n\t                    \"name\": \"Online kurz Informa\u010dn\u00e1 Architekt\u00fara Webu (WIA) a SEO\"\n\t                }\n\t            ]\n\t        },\n\t        {\n\t            \"@type\": \"WebSite\",\n\t            \"@id\": \"https:\/\/www.vita.sk\/#website\",\n\t            \"url\": \"https:\/\/www.vita.sk\/\",\n\t            \"name\": \"VITA\",\n\t            \"description\": \"\",\n\t            \"publisher\": {\n\t                \"@id\": \"https:\/\/www.vita.sk\/#organization\"\n\t            },\n\t            \"potentialAction\": [\n\t                {\n\t                    \"@type\": \"SearchAction\",\n\t                    \"target\": {\n\t                        \"@type\": \"EntryPoint\",\n\t                        \"urlTemplate\": \"https:\/\/www.vita.sk\/?s={search_term_string}\"\n\t                    },\n\t                    \"query-input\": {\n\t                        \"@type\": \"PropertyValueSpecification\",\n\t                        \"valueRequired\": true,\n\t                        \"valueName\": \"search_term_string\"\n\t                    }\n\t                }\n\t            ],\n\t            \"inLanguage\": \"en-US\"\n\t        },\n\t        {\n\t            \"email\": \"admin@vita.sk\",\n\t            \"logo\": \"https:\/\/www.vita.sk\/img\/vita_logo.png \",\n\t            \"address\": {\n\t                \"type\": \"PostalAddress\",\n\t                \"streetAddress\": \"Tom\u00e1\u0161ikova 50\/A\",\n\t                \"addressLocality\": \"Bratislava\",\n\t                \"postalCode\": \"83104\",\n\t                \"addressCountry\": {\n\t                    \"name\": \"SK\",\n\t                    \"type\": \"Country\"\n\t                }\n\t            },\n\t            \"contactPoint\": {\n\t                \"type\": \"ContactPoint\",\n\t                \"telephone\": \"+421 907 375\u00a0543\",\n\t                \"Email\": \"admin@vita.sk\",\n\t                \"contactType\": \"customer service\"\n\t            },\n\t            \"sameAs\": [\n\t                \"https:\/\/www.facebook.com\/VitaAcademySK\/\",\n\t                \"https:\/\/www.linkedin.com\/company\/vita-academy\/\"\n\t            ]\n\t        }\n\t    ]\n\t}<\/script>\n<!-- \/ Yoast SEO Premium plugin. -->","yoast_head_json":{"title":"Online kurz Informa\u010dn\u00e1 Architekt\u00fara Webu a SEO 2026 | VITA","description":"V online kurze Informa\u010dn\u00e1 Architekt\u00fara Webu a SEO sa nau\u010d\u00edte pokro\u010dil\u00e9 techniky na zlep\u0161enie vidite\u013enosti v\u00e1\u0161ho webu alebo eshopu. \u2705","robots":{"index":"index","follow":"follow","max-snippet":"max-snippet:-1","max-image-preview":"max-image-preview:large","max-video-preview":"max-video-preview:-1"},"canonical":"https:\/\/www.vita.sk\/online-kurz-informacna-architektura-webu-a-seo\/","og_locale":"en_US","og_type":"article","og_title":"Online kurz Informa\u010dn\u00e1 Architekt\u00fara Webu (WIA) a SEO","og_description":"V online kurze Informa\u010dn\u00e1 Architekt\u00fara Webu a SEO sa nau\u010d\u00edte pokro\u010dil\u00e9 techniky na zlep\u0161enie vidite\u013enosti v\u00e1\u0161ho webu alebo eshopu. \u2705","og_url":"https:\/\/www.vita.sk\/online-kurz-informacna-architektura-webu-a-seo\/","og_site_name":"VITA","article_publisher":"https:\/\/www.facebook.com\/VitaAcademySK","article_modified_time":"2025-12-07T20:17:52+00:00","og_image":[{"width":300,"height":300,"url":"https:\/\/www.vita.sk\/wp-content\/uploads\/2025\/12\/online-kurz-informacna-architektura-webu-a-seo.png","type":"image\/png"}],"twitter_card":"summary_large_image","twitter_misc":{"Est. reading time":"3 minutes"},"schema":{"@context":"https:\/\/schema.org","@graph":[{"@type":"WebPage","@id":"https:\/\/www.vita.sk\/online-kurz-informacna-architektura-webu-a-seo\/","url":"https:\/\/www.vita.sk\/online-kurz-informacna-architektura-webu-a-seo\/","name":"Online kurz Informa\u010dn\u00e1 Architekt\u00fara Webu a SEO {Y} | VITA","isPartOf":{"@id":"https:\/\/www.vita.sk\/#website"},"primaryImageOfPage":{"@id":"https:\/\/www.vita.sk\/online-kurz-informacna-architektura-webu-a-seo\/#primaryimage"},"image":{"@id":"https:\/\/www.vita.sk\/online-kurz-informacna-architektura-webu-a-seo\/#primaryimage"},"thumbnailUrl":"https:\/\/www.vita.sk\/wp-content\/uploads\/2025\/12\/online-kurz-informacna-architektura-webu-a-seo.png","datePublished":"2025-12-07T19:29:41+00:00","dateModified":"2025-12-07T20:17:52+00:00","description":"V online kurze Informa\u010dn\u00e1 Architekt\u00fara Webu a SEO sa nau\u010d\u00edte pokro\u010dil\u00e9 techniky na zlep\u0161enie vidite\u013enosti v\u00e1\u0161ho webu alebo eshopu. \u2705","breadcrumb":{"@id":"https:\/\/www.vita.sk\/online-kurz-informacna-architektura-webu-a-seo\/#breadcrumb"},"inLanguage":"en-US","potentialAction":[{"@type":"ReadAction","target":["https:\/\/www.vita.sk\/online-kurz-informacna-architektura-webu-a-seo\/"]}]},{"@type":"ImageObject","inLanguage":"en-US","@id":"https:\/\/www.vita.sk\/online-kurz-informacna-architektura-webu-a-seo\/#primaryimage","url":"https:\/\/www.vita.sk\/wp-content\/uploads\/2025\/12\/online-kurz-informacna-architektura-webu-a-seo.png","contentUrl":"https:\/\/www.vita.sk\/wp-content\/uploads\/2025\/12\/online-kurz-informacna-architektura-webu-a-seo.png","width":300,"height":300,"caption":"online kurz Informa\u010dn\u00e1 Architekt\u00fara Webu a SEO"},{"@type":"BreadcrumbList","@id":"https:\/\/www.vita.sk\/online-kurz-informacna-architektura-webu-a-seo\/#breadcrumb","itemListElement":[{"@type":"ListItem","position":1,"name":"VITA Academy","item":"https:\/\/www.vita.sk\/en\/"},{"@type":"ListItem","position":2,"name":"Shop","item":"https:\/\/www.vita.sk\/shop\/"},{"@type":"ListItem","position":3,"name":"Marketing, Reklama a Pr\u00e1vo","item":"https:\/\/www.vita.sk\/online-kurzy-marketing-reklama-a-pravo\/"},{"@type":"ListItem","position":4,"name":"SEO - Optimaliz\u00e1cia pre Vyh\u013ead\u00e1va\u010de","item":"https:\/\/www.vita.sk\/online-kurzy-seo-optimalizacia-pre-vyhladavace\/"},{"@type":"ListItem","position":5,"name":"Online kurz Informa\u010dn\u00e1 Architekt\u00fara Webu (WIA) a SEO"}]},{"@type":"WebSite","@id":"https:\/\/www.vita.sk\/#website","url":"https:\/\/www.vita.sk\/","name":"VITA","description":"","publisher":{"@id":"https:\/\/www.vita.sk\/#organization"},"potentialAction":[{"@type":"SearchAction","target":{"@type":"EntryPoint","urlTemplate":"https:\/\/www.vita.sk\/?s={search_term_string}"},"query-input":{"@type":"PropertyValueSpecification","valueRequired":true,"valueName":"search_term_string"}}],"inLanguage":"en-US"},{"email":"admin@vita.sk","logo":"https:\/\/www.vita.sk\/img\/vita_logo.png ","address":{"type":"PostalAddress","streetAddress":"Tom\u00e1\u0161ikova 50\/A","addressLocality":"Bratislava","postalCode":"83104","addressCountry":{"name":"SK","type":"Country"}},"contactPoint":{"type":"ContactPoint","telephone":"+421 907 375\u00a0543","Email":"admin@vita.sk","contactType":"customer service"},"sameAs":["https:\/\/www.facebook.com\/VitaAcademySK\/","https:\/\/www.linkedin.com\/company\/vita-academy\/"]}]}},"acf":[],"_links":{"self":[{"href":"https:\/\/www.vita.sk\/en\/wp-json\/wp\/v2\/product\/31698","targetHints":{"allow":["GET"]}}],"collection":[{"href":"https:\/\/www.vita.sk\/en\/wp-json\/wp\/v2\/product"}],"about":[{"href":"https:\/\/www.vita.sk\/en\/wp-json\/wp\/v2\/types\/product"}],"author":[{"embeddable":true,"href":"https:\/\/www.vita.sk\/en\/wp-json\/wp\/v2\/users\/4"}],"replies":[{"embeddable":true,"href":"https:\/\/www.vita.sk\/en\/wp-json\/wp\/v2\/comments?post=31698"}],"wp:featuredmedia":[{"embeddable":true,"href":"https:\/\/www.vita.sk\/en\/wp-json\/wp\/v2\/media\/31699"}],"wp:attachment":[{"href":"https:\/\/www.vita.sk\/en\/wp-json\/wp\/v2\/media?parent=31698"}],"wp:term":[{"taxonomy":"product_brand","embeddable":true,"href":"https:\/\/www.vita.sk\/en\/wp-json\/wp\/v2\/product_brand?post=31698"},{"taxonomy":"product_cat","embeddable":true,"href":"https:\/\/www.vita.sk\/en\/wp-json\/wp\/v2\/product_cat?post=31698"},{"taxonomy":"product_tag","embeddable":true,"href":"https:\/\/www.vita.sk\/en\/wp-json\/wp\/v2\/product_tag?post=31698"}],"curies":[{"name":"wp","href":"https:\/\/api.w.org\/{rel}","templated":true}]}}