{"id":31729,"date":"2025-12-10T11:15:08","date_gmt":"2025-12-10T10:15:08","guid":{"rendered":"https:\/\/www.vita.sk\/?post_type=product&#038;p=31729"},"modified":"2026-04-04T14:52:11","modified_gmt":"2026-04-04T12:52:11","slug":"online-kurz-lektor-lektorka-vo-vzdelavani-dospelych-akreditovany","status":"publish","type":"product","link":"https:\/\/www.vita.sk\/en\/online-kurz-lektor-lektorka-vo-vzdelavani-dospelych-akreditovany\/","title":{"rendered":"Online kurz Akreditovan\u00fd Lektor \/ Lektorka vo vzdel\u00e1van\u00ed dospel\u00fdch"},"content":{"rendered":"<p>Online kurz Akreditovan\u00fd Lektor \/ Lektorka vo vzdel\u00e1van\u00ed dospel\u00fdch je pre v\u00e1s ide\u00e1lny, ak sa chcete nau\u010di\u0165 pripravova\u0165, vies\u0165 a vyhodnocova\u0165 vzdel\u00e1vanie dospel\u00fdch tak, aby bolo zrozumite\u013en\u00e9, motivuj\u00face a metodicky spr\u00e1vne. <strong>Ide o akreditovan\u00fd a certifikovan\u00fd kurz na Lektor \/ Lektorka vo vzdel\u00e1van\u00ed dospel\u00fdch<\/strong>. Online kurz pokr\u00fdva andragogick\u00e9 princ\u00edpy, profesijn\u00e9 kompetencie lektora a legislat\u00edvny r\u00e1mec v\u00fdkonu tejto \u010dinnosti. S\u00fa\u010das\u0165ou kurzu s\u00fa aj prezenta\u010dn\u00e9 zru\u010dnosti, kde si osvoj\u00edte tvorbu profesion\u00e1lnych prezent\u00e1ci\u00ed v n\u00e1stroji Microsoft PowerPoint. Tento akreditovan\u00fd kurz je d\u00f4le\u017eit\u00fd, <strong>ak sa chcete certifikova\u0165 ako lektor alebo potrebujete z\u00edska\u0165 lektorsk\u00e9 opr\u00e1vnenie\/potvrdenie pre svoju pr\u00e1cu \u010di biznis. <\/strong><strong>Kurz je odpor\u00fa\u010dan\u00fd pre z\u00e1ujemcov o lektorsk\u00e9 opr\u00e1vnenia<\/strong> v r\u00f4znych oblasti \u017eivota a podnikania (BOZP, pedik\u00e9r\/manik\u00e9r, kozmetika, IT, elektro a technol\u00f3gie, marketing a biznis, vzdel\u00e1vanie a pod.). Po absolvovan\u00ed kurzu z\u00edskate certifik\u00e1t o absolvovan\u00ed. Je mo\u017en\u00e9 si n\u00e1sledne priplati\u0165 (od 150 Eur s DPH) aj za<strong> akreditovan\u00e9 osved\u010denie M\u0160 SR<\/strong>. Ak sa chcete skuto\u010dne nau\u010di\u0165 pripravova\u0165 a vies\u0165 vzdel\u00e1vanie dospel\u00fdch a sta\u0165 sa lektorom alebo lektorkou s pevn\u00fdmi metodick\u00fdmi z\u00e1kladmi, tak toto je ide\u00e1lny online kurz pre v\u00e1s. Vzdel\u00e1vac\u00ed program a odborn\u00e9 t\u00e9my s\u00fa realizovan\u00e9 di\u0161tan\u010dnou (e-learningovou) formou na vzdel\u00e1vacej platforme VITA, ktor\u00e1 umo\u017e\u0148uje priebe\u017en\u00e9 testovanie, evidenciu aktivity \u00fa\u010dastn\u00edka a kontrolu plnenia jednotliv\u00fdch tematick\u00fdch celkov. Program m\u00e1 rozsah 100 vyu\u010dovac\u00edch hod\u00edn a jeho s\u00fa\u010das\u0165ou je 26-hodinov\u00e1 prezen\u010dn\u00e1 \u010das\u0165 realizovan\u00e1 v prostred\u00ed Microsoft Teams. \u00da\u010dastn\u00edci po\u010das kurzu vytvoria vlastn\u00fa prezent\u00e1ciu na vybran\u00fa odborn\u00fa t\u00e9mu, zapracuj\u00fa z\u00edskan\u00fa sp\u00e4tn\u00fa v\u00e4zbu a n\u00e1sledne realizuj\u00fa modelov\u00fa vzdel\u00e1vaciu aktivitu v online \u017eivej forme. Overovanie vzdel\u00e1vac\u00edch v\u00fdstupov pozost\u00e1va z priebe\u017en\u00fdch testov po jednotliv\u00fdch odborn\u00fdch t\u00e9mach, z\u00e1vere\u010dn\u00e9ho online testu v trvan\u00ed 40 min\u00fat a praktickej \u010dasti. Podmienkou \u00faspe\u0161n\u00e9ho absolvovania teoretickej \u010dasti je dosiahnutie minim\u00e1lne 80 % \u00faspe\u0161nosti. Praktick\u00e1 \u010das\u0165 spo\u010d\u00edva v realiz\u00e1cii modelov\u00e9ho prezentovania v online \u017eivej forme a spracovan\u00ed sp\u00e4tnej v\u00e4zby.<\/p>\n","protected":false},"excerpt":{"rendered":"<p>Online kurz Akreditovan\u00fd Lektor \/ Lektorka vo vzdel\u00e1van\u00ed dospel\u00fdch (Akreditovan\u00fd Kurz Lektor) v\u00e1s nau\u010d\u00ed systematicky pripravova\u0165, vies\u0165 a hodnoti\u0165 vzdel\u00e1vacie aktivity v s\u00falade s profesion\u00e1lnymi \u0161tandardmi pr\u00e1ce lektora. Ide o komplexn\u00fd z\u00e1klad pre ka\u017ed\u00e9ho, kto chce vytv\u00e1ra\u0165 kvalitn\u00e9 \u0161koliace programy a kurzy a s\u00fa\u010dasne efekt\u00edvne pracova\u0165 so skupinou \u00fa\u010dastn\u00edkov kurzu.","protected":false},"author":4,"featured_media":4168,"comment_status":"open","ping_status":"closed","template":"","meta":{"_acf_changed":false},"product_brand":[],"product_cat":[129,84,135,73],"product_tag":[191],"class_list":{"0":"post-31729","1":"product","2":"type-product","3":"status-publish","4":"has-post-thumbnail","6":"product_cat-online-kurzy-microsoft-powerpoint","7":"product_cat-online-kurzy-manazerske-kurzy-soft-skills","8":"product_cat-online-kurzy-lektorske-zrucnosti","9":"product_cat-bez-kategorie","10":"product_tag-manazerske-kurzy","12":"first","13":"instock","14":"sale","15":"sold-individually","16":"taxable","17":"shipping-taxable","18":"purchasable","19":"product-type-simple"},"yoast_head":"<!-- This site is optimized with the Yoast SEO Premium plugin v25.0 (Yoast SEO v25.0) - https:\/\/yoast.com\/wordpress\/plugins\/seo\/ -->\n<title>Online kurz Akreditovan\u00fd Lektor \/ Lektorka 2026 | VITA<\/title>\n<meta name=\"description\" content=\"V akreditovanom online kurze Lektor \/ Lektorka sa nau\u010d\u00edte v\u0161etko, \u010do by mal spr\u00e1vny lektor vedie\u0165. Kurz je pr\u00edpravou na z\u00edskanie akreditovan\u00e9ho osved\u010denia lektora. \u2705\" \/>\n<meta name=\"robots\" content=\"index, follow, max-snippet:-1, max-image-preview:large, max-video-preview:-1\" \/>\n<link rel=\"canonical\" href=\"https:\/\/www.vita.sk\/online-kurz-lektor-lektorka-vo-vzdelavani-dospelych-akreditovany\/\" \/>\n<meta property=\"og:locale\" content=\"en_US\" \/>\n<meta property=\"og:type\" content=\"article\" \/>\n<meta property=\"og:title\" content=\"Online kurz Akreditovan\u00fd Lektor \/ Lektorka vo vzdel\u00e1van\u00ed dospel\u00fdch\" \/>\n<meta property=\"og:description\" content=\"V akreditovanom online kurze Lektor \/ Lektorka sa nau\u010d\u00edte v\u0161etko, \u010do by mal spr\u00e1vny lektor vedie\u0165. Kurz je pr\u00edpravou na z\u00edskanie akreditovan\u00e9ho osved\u010denia lektora. \u2705\" \/>\n<meta property=\"og:url\" content=\"https:\/\/www.vita.sk\/online-kurz-lektor-lektorka-vo-vzdelavani-dospelych-akreditovany\/\" \/>\n<meta property=\"og:site_name\" content=\"VITA\" \/>\n<meta property=\"article:publisher\" content=\"https:\/\/www.facebook.com\/VitaAcademySK\" \/>\n<meta property=\"article:modified_time\" content=\"2026-04-04T12:52:11+00:00\" \/>\n<meta property=\"og:image\" content=\"https:\/\/www.vita.sk\/wp-content\/uploads\/2020\/11\/kurz-lektor.png\" \/>\n\t<meta property=\"og:image:width\" content=\"360\" \/>\n\t<meta property=\"og:image:height\" content=\"360\" \/>\n\t<meta property=\"og:image:type\" content=\"image\/png\" \/>\n<meta name=\"twitter:card\" content=\"summary_large_image\" \/>\n<meta name=\"twitter:label1\" content=\"Est. reading time\" \/>\n\t<meta name=\"twitter:data1\" content=\"2 minutes\" \/>\n<script type=\"application\/ld+json\" class=\"yoast-schema-graph\">{\n\t    \"@context\": \"https:\/\/schema.org\",\n\t    \"@graph\": [\n\t        {\n\t            \"@type\": \"WebPage\",\n\t            \"@id\": \"https:\/\/www.vita.sk\/online-kurz-lektor-lektorka-vo-vzdelavani-dospelych-akreditovany\/\",\n\t            \"url\": \"https:\/\/www.vita.sk\/online-kurz-lektor-lektorka-vo-vzdelavani-dospelych-akreditovany\/\",\n\t            \"name\": \"Online kurz Akreditovan\u00fd Lektor \/ Lektorka {Y} | VITA\",\n\t            \"isPartOf\": {\n\t                \"@id\": \"https:\/\/www.vita.sk\/#website\"\n\t            },\n\t            \"primaryImageOfPage\": {\n\t                \"@id\": \"https:\/\/www.vita.sk\/online-kurz-lektor-lektorka-vo-vzdelavani-dospelych-akreditovany\/#primaryimage\"\n\t            },\n\t            \"image\": {\n\t                \"@id\": \"https:\/\/www.vita.sk\/online-kurz-lektor-lektorka-vo-vzdelavani-dospelych-akreditovany\/#primaryimage\"\n\t            },\n\t            \"thumbnailUrl\": \"https:\/\/www.vita.sk\/wp-content\/uploads\/2020\/11\/kurz-lektor.png\",\n\t            \"datePublished\": \"2025-12-10T10:15:08+00:00\",\n\t            \"dateModified\": \"2026-04-04T12:52:11+00:00\",\n\t            \"description\": \"V akreditovanom online kurze Lektor \/ Lektorka sa nau\u010d\u00edte v\u0161etko, \u010do by mal spr\u00e1vny lektor vedie\u0165. Kurz je pr\u00edpravou na z\u00edskanie akreditovan\u00e9ho osved\u010denia lektora. \u2705\",\n\t            \"breadcrumb\": {\n\t                \"@id\": \"https:\/\/www.vita.sk\/online-kurz-lektor-lektorka-vo-vzdelavani-dospelych-akreditovany\/#breadcrumb\"\n\t            },\n\t            \"inLanguage\": \"en-US\",\n\t            \"potentialAction\": [\n\t                {\n\t                    \"@type\": \"ReadAction\",\n\t                    \"target\": [\n\t                        \"https:\/\/www.vita.sk\/online-kurz-lektor-lektorka-vo-vzdelavani-dospelych-akreditovany\/\"\n\t                    ]\n\t                }\n\t            ]\n\t        },\n\t        {\n\t            \"@type\": \"ImageObject\",\n\t            \"inLanguage\": \"en-US\",\n\t            \"@id\": \"https:\/\/www.vita.sk\/online-kurz-lektor-lektorka-vo-vzdelavani-dospelych-akreditovany\/#primaryimage\",\n\t            \"url\": \"https:\/\/www.vita.sk\/wp-content\/uploads\/2020\/11\/kurz-lektor.png\",\n\t            \"contentUrl\": \"https:\/\/www.vita.sk\/wp-content\/uploads\/2020\/11\/kurz-lektor.png\",\n\t            \"width\": 360,\n\t            \"height\": 360,\n\t            \"caption\": \"Online kurz Lektor\"\n\t        },\n\t        {\n\t            \"@type\": \"BreadcrumbList\",\n\t            \"@id\": \"https:\/\/www.vita.sk\/online-kurz-lektor-lektorka-vo-vzdelavani-dospelych-akreditovany\/#breadcrumb\",\n\t            \"itemListElement\": [\n\t                {\n\t                    \"@type\": \"ListItem\",\n\t                    \"position\": 1,\n\t                    \"name\": \"VITA Academy\",\n\t                    \"item\": \"https:\/\/www.vita.sk\/en\/\"\n\t                },\n\t                {\n\t                    \"@type\": \"ListItem\",\n\t                    \"position\": 2,\n\t                    \"name\": \"Shop\",\n\t                    \"item\": \"https:\/\/www.vita.sk\/shop\/\"\n\t                },\n\t                {\n\t                    \"@type\": \"ListItem\",\n\t                    \"position\": 3,\n\t                    \"name\": \"Mana\u017e\u00e9rske a Soft Skills Kurzy\",\n\t                    \"item\": \"https:\/\/www.vita.sk\/online-kurzy-manazerske-kurzy-soft-skills\/\"\n\t                },\n\t                {\n\t                    \"@type\": \"ListItem\",\n\t                    \"position\": 4,\n\t                    \"name\": \"Lektorsk\u00e9 zru\u010dnosti\",\n\t                    \"item\": \"https:\/\/www.vita.sk\/online-kurzy-lektorske-zrucnosti\/\"\n\t                },\n\t                {\n\t                    \"@type\": \"ListItem\",\n\t                    \"position\": 5,\n\t                    \"name\": \"Online kurz Akreditovan\u00fd Lektor \/ Lektorka vo vzdel\u00e1van\u00ed dospel\u00fdch\"\n\t                }\n\t            ]\n\t        },\n\t        {\n\t            \"@type\": \"WebSite\",\n\t            \"@id\": \"https:\/\/www.vita.sk\/#website\",\n\t            \"url\": \"https:\/\/www.vita.sk\/\",\n\t            \"name\": \"VITA\",\n\t            \"description\": \"\",\n\t            \"publisher\": {\n\t                \"@id\": \"https:\/\/www.vita.sk\/#organization\"\n\t            },\n\t            \"potentialAction\": [\n\t                {\n\t                    \"@type\": \"SearchAction\",\n\t                    \"target\": {\n\t                        \"@type\": \"EntryPoint\",\n\t                        \"urlTemplate\": \"https:\/\/www.vita.sk\/?s={search_term_string}\"\n\t                    },\n\t                    \"query-input\": {\n\t                        \"@type\": \"PropertyValueSpecification\",\n\t                        \"valueRequired\": true,\n\t                        \"valueName\": \"search_term_string\"\n\t                    }\n\t                }\n\t            ],\n\t            \"inLanguage\": \"en-US\"\n\t        },\n\t        {\n\t            \"email\": \"admin@vita.sk\",\n\t            \"logo\": \"https:\/\/www.vita.sk\/img\/vita_logo.png \",\n\t            \"address\": {\n\t                \"type\": \"PostalAddress\",\n\t                \"streetAddress\": \"Tom\u00e1\u0161ikova 50\/A\",\n\t                \"addressLocality\": \"Bratislava\",\n\t                \"postalCode\": \"83104\",\n\t                \"addressCountry\": {\n\t                    \"name\": \"SK\",\n\t                    \"type\": \"Country\"\n\t                }\n\t            },\n\t            \"contactPoint\": {\n\t                \"type\": \"ContactPoint\",\n\t                \"telephone\": \"+421 907 375\u00a0543\",\n\t                \"Email\": \"admin@vita.sk\",\n\t                \"contactType\": \"customer service\"\n\t            },\n\t            \"sameAs\": [\n\t                \"https:\/\/www.facebook.com\/VitaAcademySK\/\",\n\t                \"https:\/\/www.linkedin.com\/company\/vita-academy\/\"\n\t            ]\n\t        }\n\t    ]\n\t}<\/script>\n<!-- \/ Yoast SEO Premium plugin. -->","yoast_head_json":{"title":"Online kurz Akreditovan\u00fd Lektor \/ Lektorka 2026 | VITA","description":"V akreditovanom online kurze Lektor \/ Lektorka sa nau\u010d\u00edte v\u0161etko, \u010do by mal spr\u00e1vny lektor vedie\u0165. Kurz je pr\u00edpravou na z\u00edskanie akreditovan\u00e9ho osved\u010denia lektora. \u2705","robots":{"index":"index","follow":"follow","max-snippet":"max-snippet:-1","max-image-preview":"max-image-preview:large","max-video-preview":"max-video-preview:-1"},"canonical":"https:\/\/www.vita.sk\/online-kurz-lektor-lektorka-vo-vzdelavani-dospelych-akreditovany\/","og_locale":"en_US","og_type":"article","og_title":"Online kurz Akreditovan\u00fd Lektor \/ Lektorka vo vzdel\u00e1van\u00ed dospel\u00fdch","og_description":"V akreditovanom online kurze Lektor \/ Lektorka sa nau\u010d\u00edte v\u0161etko, \u010do by mal spr\u00e1vny lektor vedie\u0165. Kurz je pr\u00edpravou na z\u00edskanie akreditovan\u00e9ho osved\u010denia lektora. \u2705","og_url":"https:\/\/www.vita.sk\/online-kurz-lektor-lektorka-vo-vzdelavani-dospelych-akreditovany\/","og_site_name":"VITA","article_publisher":"https:\/\/www.facebook.com\/VitaAcademySK","article_modified_time":"2026-04-04T12:52:11+00:00","og_image":[{"width":360,"height":360,"url":"https:\/\/www.vita.sk\/wp-content\/uploads\/2020\/11\/kurz-lektor.png","type":"image\/png"}],"twitter_card":"summary_large_image","twitter_misc":{"Est. reading time":"2 minutes"},"schema":{"@context":"https:\/\/schema.org","@graph":[{"@type":"WebPage","@id":"https:\/\/www.vita.sk\/online-kurz-lektor-lektorka-vo-vzdelavani-dospelych-akreditovany\/","url":"https:\/\/www.vita.sk\/online-kurz-lektor-lektorka-vo-vzdelavani-dospelych-akreditovany\/","name":"Online kurz Akreditovan\u00fd Lektor \/ Lektorka {Y} | VITA","isPartOf":{"@id":"https:\/\/www.vita.sk\/#website"},"primaryImageOfPage":{"@id":"https:\/\/www.vita.sk\/online-kurz-lektor-lektorka-vo-vzdelavani-dospelych-akreditovany\/#primaryimage"},"image":{"@id":"https:\/\/www.vita.sk\/online-kurz-lektor-lektorka-vo-vzdelavani-dospelych-akreditovany\/#primaryimage"},"thumbnailUrl":"https:\/\/www.vita.sk\/wp-content\/uploads\/2020\/11\/kurz-lektor.png","datePublished":"2025-12-10T10:15:08+00:00","dateModified":"2026-04-04T12:52:11+00:00","description":"V akreditovanom online kurze Lektor \/ Lektorka sa nau\u010d\u00edte v\u0161etko, \u010do by mal spr\u00e1vny lektor vedie\u0165. Kurz je pr\u00edpravou na z\u00edskanie akreditovan\u00e9ho osved\u010denia lektora. \u2705","breadcrumb":{"@id":"https:\/\/www.vita.sk\/online-kurz-lektor-lektorka-vo-vzdelavani-dospelych-akreditovany\/#breadcrumb"},"inLanguage":"en-US","potentialAction":[{"@type":"ReadAction","target":["https:\/\/www.vita.sk\/online-kurz-lektor-lektorka-vo-vzdelavani-dospelych-akreditovany\/"]}]},{"@type":"ImageObject","inLanguage":"en-US","@id":"https:\/\/www.vita.sk\/online-kurz-lektor-lektorka-vo-vzdelavani-dospelych-akreditovany\/#primaryimage","url":"https:\/\/www.vita.sk\/wp-content\/uploads\/2020\/11\/kurz-lektor.png","contentUrl":"https:\/\/www.vita.sk\/wp-content\/uploads\/2020\/11\/kurz-lektor.png","width":360,"height":360,"caption":"Online kurz Lektor"},{"@type":"BreadcrumbList","@id":"https:\/\/www.vita.sk\/online-kurz-lektor-lektorka-vo-vzdelavani-dospelych-akreditovany\/#breadcrumb","itemListElement":[{"@type":"ListItem","position":1,"name":"VITA Academy","item":"https:\/\/www.vita.sk\/en\/"},{"@type":"ListItem","position":2,"name":"Shop","item":"https:\/\/www.vita.sk\/shop\/"},{"@type":"ListItem","position":3,"name":"Mana\u017e\u00e9rske a Soft Skills Kurzy","item":"https:\/\/www.vita.sk\/online-kurzy-manazerske-kurzy-soft-skills\/"},{"@type":"ListItem","position":4,"name":"Lektorsk\u00e9 zru\u010dnosti","item":"https:\/\/www.vita.sk\/online-kurzy-lektorske-zrucnosti\/"},{"@type":"ListItem","position":5,"name":"Online kurz Akreditovan\u00fd Lektor \/ Lektorka vo vzdel\u00e1van\u00ed dospel\u00fdch"}]},{"@type":"WebSite","@id":"https:\/\/www.vita.sk\/#website","url":"https:\/\/www.vita.sk\/","name":"VITA","description":"","publisher":{"@id":"https:\/\/www.vita.sk\/#organization"},"potentialAction":[{"@type":"SearchAction","target":{"@type":"EntryPoint","urlTemplate":"https:\/\/www.vita.sk\/?s={search_term_string}"},"query-input":{"@type":"PropertyValueSpecification","valueRequired":true,"valueName":"search_term_string"}}],"inLanguage":"en-US"},{"email":"admin@vita.sk","logo":"https:\/\/www.vita.sk\/img\/vita_logo.png ","address":{"type":"PostalAddress","streetAddress":"Tom\u00e1\u0161ikova 50\/A","addressLocality":"Bratislava","postalCode":"83104","addressCountry":{"name":"SK","type":"Country"}},"contactPoint":{"type":"ContactPoint","telephone":"+421 907 375\u00a0543","Email":"admin@vita.sk","contactType":"customer service"},"sameAs":["https:\/\/www.facebook.com\/VitaAcademySK\/","https:\/\/www.linkedin.com\/company\/vita-academy\/"]}]}},"acf":[],"_links":{"self":[{"href":"https:\/\/www.vita.sk\/en\/wp-json\/wp\/v2\/product\/31729","targetHints":{"allow":["GET"]}}],"collection":[{"href":"https:\/\/www.vita.sk\/en\/wp-json\/wp\/v2\/product"}],"about":[{"href":"https:\/\/www.vita.sk\/en\/wp-json\/wp\/v2\/types\/product"}],"author":[{"embeddable":true,"href":"https:\/\/www.vita.sk\/en\/wp-json\/wp\/v2\/users\/4"}],"replies":[{"embeddable":true,"href":"https:\/\/www.vita.sk\/en\/wp-json\/wp\/v2\/comments?post=31729"}],"wp:featuredmedia":[{"embeddable":true,"href":"https:\/\/www.vita.sk\/en\/wp-json\/wp\/v2\/media\/4168"}],"wp:attachment":[{"href":"https:\/\/www.vita.sk\/en\/wp-json\/wp\/v2\/media?parent=31729"}],"wp:term":[{"taxonomy":"product_brand","embeddable":true,"href":"https:\/\/www.vita.sk\/en\/wp-json\/wp\/v2\/product_brand?post=31729"},{"taxonomy":"product_cat","embeddable":true,"href":"https:\/\/www.vita.sk\/en\/wp-json\/wp\/v2\/product_cat?post=31729"},{"taxonomy":"product_tag","embeddable":true,"href":"https:\/\/www.vita.sk\/en\/wp-json\/wp\/v2\/product_tag?post=31729"}],"curies":[{"name":"wp","href":"https:\/\/api.w.org\/{rel}","templated":true}]}}