{"id":33816,"date":"2026-03-11T13:32:54","date_gmt":"2026-03-11T12:32:54","guid":{"rendered":"https:\/\/www.vita.sk\/?post_type=product&#038;p=33816"},"modified":"2026-04-16T20:54:28","modified_gmt":"2026-04-16T18:54:28","slug":"online-kurz-publikacna-cinnost-a-vedecke-pisanie","status":"publish","type":"product","link":"https:\/\/www.vita.sk\/en\/online-kurz-publikacna-cinnost-a-vedecke-pisanie\/","title":{"rendered":"Online kurz Publika\u010dn\u00e1 \u010cinnos\u0165 a Vedeck\u00e9 P\u00edsanie: Ako P\u00edsa\u0165 Odborn\u00e9 \u010cl\u00e1nky"},"content":{"rendered":"<p>Online kurz Publika\u010dn\u00e1 \u010cinnos\u0165 a Vedeck\u00e9 P\u00edsanie: Ako P\u00edsa\u0165 Odborn\u00e9 \u010cl\u00e1nky je pre v\u00e1s ide\u00e1lny, ak sa chcete nau\u010di\u0165 systematicky pracova\u0165 s vedeckou literat\u00farou, spr\u00e1vne citova\u0165 zdroje a vytv\u00e1ra\u0165 kvalitn\u00e9 odborn\u00e9 a akademick\u00e9 texty. <strong>Ide o akreditovan\u00fd a certifikovan\u00fd kurz<\/strong>. V tomto kurze sa nau\u010d\u00edte efekt\u00edvne pracova\u0165 s vedeck\u00fdmi datab\u00e1zami ako Scopus a Web of Science a identifikova\u0165 relevantn\u00e9 zdroje pre va\u0161u v\u00fdskumn\u00fa pr\u00e1cu. Pochop\u00edte v\u00fdznam identifik\u00e1torov ako DOI, ISSN a ISBN a nau\u010d\u00edte sa ich spr\u00e1vne pou\u017e\u00edva\u0165 pri citovan\u00ed a publikovan\u00ed. Osvoj\u00edte si princ\u00edpy systematickej liter\u00e1rnej re\u0161er\u0161e vr\u00e1tane metodiky PRISMA a nau\u010d\u00edte sa analyzova\u0165 vedeck\u00e9 zdroje pomocou n\u00e1stroja VOSviewer. Nau\u010d\u00edte sa pracova\u0165 s cita\u010dn\u00fdmi normami ISO 690 a APA a spravova\u0165 bibliografiu pomocou n\u00e1stroja Zotero. Z\u00edskate preh\u013ead o v\u00fdskumn\u00fdch met\u00f3dach a nau\u010d\u00edte sa vybra\u0165 vhodn\u00fa metodol\u00f3giu pre vedeck\u00fd \u010dl\u00e1nok alebo z\u00e1vere\u010dn\u00fa pr\u00e1cu. Pochop\u00edte rozdiel medzi prieskumom a v\u00fdskumom a nau\u010d\u00edte sa formulova\u0165 kvalitn\u00e9 a testovate\u013en\u00e9 hypot\u00e9zy. Nau\u010d\u00edte sa analyzova\u0165 d\u00e1ta pomocou vhodn\u00fdch n\u00e1strojov a aplikova\u0165 \u0161tatistick\u00e9 met\u00f3dy a testy pod\u013ea typu v\u00fdskumu. Zvl\u00e1dnete definovanie v\u00fdskumn\u00e9ho probl\u00e9mu, orient\u00e1ciu v typoch v\u00fdskumov a pou\u017e\u00edvanie spr\u00e1vneho vedeck\u00e9ho jazyka vr\u00e1tane vedeck\u00e9ho plur\u00e1lu a gramatick\u00fdch pravidiel. Nau\u010d\u00edte sa spr\u00e1vne \u0161trukturova\u0165 odborn\u00fd text a vytv\u00e1ra\u0165 kvalitn\u00e9 abstrakty pre vedeck\u00e9 \u010dl\u00e1nky a z\u00e1vere\u010dn\u00e9 pr\u00e1ce. Z\u00edskate schopnos\u0165 systematicky spracova\u0165 v\u00fdskum od zberu zdrojov a\u017e po fin\u00e1lny odborn\u00fd v\u00fdstup. ak sa chcete skuto\u010dne nau\u010di\u0165 p\u00edsa\u0165 odborn\u00e9 \u010dl\u00e1nky a sta\u0165 sa autorom kvalitn\u00fdch vedeck\u00fdch publik\u00e1ci\u00ed, tak toto je ide\u00e1lny vstupn\u00fd online kurz pre v\u00e1s.<\/p>\n","protected":false},"excerpt":{"rendered":"<p>Nau\u010d\u00edme v\u00e1s pracova\u0165 s vedeck\u00fdmi zdrojmi, spr\u00e1vne citova\u0165 pod\u013ea ISO 690 a APA, formulova\u0165 hypot\u00e9zy a vytv\u00e1ra\u0165 kvalitn\u00e9 odborn\u00e9 a akademick\u00e9 \u010dl\u00e1nky.","protected":false},"author":4,"featured_media":4282,"comment_status":"open","ping_status":"closed","template":"","meta":{"_acf_changed":false},"product_brand":[],"product_cat":[632,84,73],"product_tag":[191,734],"class_list":{"0":"post-33816","1":"product","2":"type-product","3":"status-publish","4":"has-post-thumbnail","6":"product_cat-online-kurzy-pracovne-pozicie-mba-dba-mpa-msc","7":"product_cat-online-kurzy-manazerske-kurzy-soft-skills","8":"product_cat-bez-kategorie","9":"product_tag-manazerske-kurzy","10":"product_tag-titul-edd","12":"first","13":"instock","14":"sale","15":"sold-individually","16":"taxable","17":"shipping-taxable","18":"purchasable","19":"product-type-simple"},"yoast_head":"<!-- This site is optimized with the Yoast SEO Premium plugin v25.0 (Yoast SEO v25.0) - https:\/\/yoast.com\/wordpress\/plugins\/seo\/ -->\n<title>Online kurz Publika\u010dn\u00e1 \u010cinnos\u0165 a Vedeck\u00e9 P\u00edsanie 2026 | VITA<\/title>\n<meta name=\"description\" content=\"V online kurze Publika\u010dn\u00e1 \u010dinnos\u0165 a vedeck\u00e9 p\u00edsanie sa nau\u010d\u00edte pracova\u0165 s datab\u00e1zami Scopus a Web of Science a pripravova\u0165 kvalitn\u00e9 vedeck\u00e9 \u010dl\u00e1nky. \u2705\" \/>\n<meta name=\"robots\" content=\"index, follow, max-snippet:-1, max-image-preview:large, max-video-preview:-1\" \/>\n<link rel=\"canonical\" href=\"https:\/\/www.vita.sk\/online-kurz-publikacna-cinnost-a-vedecke-pisanie\/\" \/>\n<meta property=\"og:locale\" content=\"en_US\" \/>\n<meta property=\"og:type\" content=\"article\" \/>\n<meta property=\"og:title\" content=\"Online kurz Publika\u010dn\u00e1 \u010cinnos\u0165 a Vedeck\u00e9 P\u00edsanie: Ako P\u00edsa\u0165 Odborn\u00e9 \u010cl\u00e1nky\" \/>\n<meta property=\"og:description\" content=\"V online kurze Publika\u010dn\u00e1 \u010dinnos\u0165 a vedeck\u00e9 p\u00edsanie sa nau\u010d\u00edte pracova\u0165 s datab\u00e1zami Scopus a Web of Science a pripravova\u0165 kvalitn\u00e9 vedeck\u00e9 \u010dl\u00e1nky. \u2705\" \/>\n<meta property=\"og:url\" content=\"https:\/\/www.vita.sk\/online-kurz-publikacna-cinnost-a-vedecke-pisanie\/\" \/>\n<meta property=\"og:site_name\" content=\"VITA\" \/>\n<meta property=\"article:publisher\" content=\"https:\/\/www.facebook.com\/VitaAcademySK\" \/>\n<meta property=\"article:modified_time\" content=\"2026-04-16T18:54:28+00:00\" \/>\n<meta property=\"og:image\" content=\"https:\/\/www.vita.sk\/wp-content\/uploads\/2020\/11\/kurz-Tvorba-bakalarskych-a-diplomovych-prac.png\" \/>\n\t<meta property=\"og:image:width\" content=\"360\" \/>\n\t<meta property=\"og:image:height\" content=\"360\" \/>\n\t<meta property=\"og:image:type\" content=\"image\/png\" \/>\n<meta name=\"twitter:card\" content=\"summary_large_image\" \/>\n<meta name=\"twitter:label1\" content=\"Est. reading time\" \/>\n\t<meta name=\"twitter:data1\" content=\"2 minutes\" \/>\n<script type=\"application\/ld+json\" class=\"yoast-schema-graph\">{\n\t    \"@context\": \"https:\/\/schema.org\",\n\t    \"@graph\": [\n\t        {\n\t            \"@type\": \"WebPage\",\n\t            \"@id\": \"https:\/\/www.vita.sk\/online-kurz-publikacna-cinnost-a-vedecke-pisanie\/\",\n\t            \"url\": \"https:\/\/www.vita.sk\/online-kurz-publikacna-cinnost-a-vedecke-pisanie\/\",\n\t            \"name\": \"Online kurz Publika\u010dn\u00e1 \u010cinnos\u0165 a Vedeck\u00e9 P\u00edsanie {Y} | VITA\",\n\t            \"isPartOf\": {\n\t                \"@id\": \"https:\/\/www.vita.sk\/#website\"\n\t            },\n\t            \"primaryImageOfPage\": {\n\t                \"@id\": \"https:\/\/www.vita.sk\/online-kurz-publikacna-cinnost-a-vedecke-pisanie\/#primaryimage\"\n\t            },\n\t            \"image\": {\n\t                \"@id\": \"https:\/\/www.vita.sk\/online-kurz-publikacna-cinnost-a-vedecke-pisanie\/#primaryimage\"\n\t            },\n\t            \"thumbnailUrl\": \"https:\/\/www.vita.sk\/wp-content\/uploads\/2020\/11\/kurz-Tvorba-bakalarskych-a-diplomovych-prac.png\",\n\t            \"datePublished\": \"2026-03-11T12:32:54+00:00\",\n\t            \"dateModified\": \"2026-04-16T18:54:28+00:00\",\n\t            \"description\": \"V online kurze Publika\u010dn\u00e1 \u010dinnos\u0165 a vedeck\u00e9 p\u00edsanie sa nau\u010d\u00edte pracova\u0165 s datab\u00e1zami Scopus a Web of Science a pripravova\u0165 kvalitn\u00e9 vedeck\u00e9 \u010dl\u00e1nky. \u2705\",\n\t            \"breadcrumb\": {\n\t                \"@id\": \"https:\/\/www.vita.sk\/online-kurz-publikacna-cinnost-a-vedecke-pisanie\/#breadcrumb\"\n\t            },\n\t            \"inLanguage\": \"en-US\",\n\t            \"potentialAction\": [\n\t                {\n\t                    \"@type\": \"ReadAction\",\n\t                    \"target\": [\n\t                        \"https:\/\/www.vita.sk\/online-kurz-publikacna-cinnost-a-vedecke-pisanie\/\"\n\t                    ]\n\t                }\n\t            ]\n\t        },\n\t        {\n\t            \"@type\": \"ImageObject\",\n\t            \"inLanguage\": \"en-US\",\n\t            \"@id\": \"https:\/\/www.vita.sk\/online-kurz-publikacna-cinnost-a-vedecke-pisanie\/#primaryimage\",\n\t            \"url\": \"https:\/\/www.vita.sk\/wp-content\/uploads\/2020\/11\/kurz-Tvorba-bakalarskych-a-diplomovych-prac.png\",\n\t            \"contentUrl\": \"https:\/\/www.vita.sk\/wp-content\/uploads\/2020\/11\/kurz-Tvorba-bakalarskych-a-diplomovych-prac.png\",\n\t            \"width\": 360,\n\t            \"height\": 360,\n\t            \"caption\": \"Online kurz Tvorba Bakal\u00e1rskych a Diplomov\u00fdch Pr\u00e1c\"\n\t        },\n\t        {\n\t            \"@type\": \"BreadcrumbList\",\n\t            \"@id\": \"https:\/\/www.vita.sk\/online-kurz-publikacna-cinnost-a-vedecke-pisanie\/#breadcrumb\",\n\t            \"itemListElement\": [\n\t                {\n\t                    \"@type\": \"ListItem\",\n\t                    \"position\": 1,\n\t                    \"name\": \"VITA Academy\",\n\t                    \"item\": \"https:\/\/www.vita.sk\/en\/\"\n\t                },\n\t                {\n\t                    \"@type\": \"ListItem\",\n\t                    \"position\": 2,\n\t                    \"name\": \"Shop\",\n\t                    \"item\": \"https:\/\/www.vita.sk\/shop\/\"\n\t                },\n\t                {\n\t                    \"@type\": \"ListItem\",\n\t                    \"position\": 3,\n\t                    \"name\": \"Online Profesijn\u00e9 Tituly MBA, DBA, MPA, MSc.\",\n\t                    \"item\": \"https:\/\/www.vita.sk\/online-kurzy-pracovne-pozicie-mba-dba-mpa-msc\/\"\n\t                },\n\t                {\n\t                    \"@type\": \"ListItem\",\n\t                    \"position\": 4,\n\t                    \"name\": \"Online kurz Publika\u010dn\u00e1 \u010cinnos\u0165 a Vedeck\u00e9 P\u00edsanie: Ako P\u00edsa\u0165 Odborn\u00e9 \u010cl\u00e1nky\"\n\t                }\n\t            ]\n\t        },\n\t        {\n\t            \"@type\": \"WebSite\",\n\t            \"@id\": \"https:\/\/www.vita.sk\/#website\",\n\t            \"url\": \"https:\/\/www.vita.sk\/\",\n\t            \"name\": \"VITA\",\n\t            \"description\": \"\",\n\t            \"publisher\": {\n\t                \"@id\": \"https:\/\/www.vita.sk\/#organization\"\n\t            },\n\t            \"potentialAction\": [\n\t                {\n\t                    \"@type\": \"SearchAction\",\n\t                    \"target\": {\n\t                        \"@type\": \"EntryPoint\",\n\t                        \"urlTemplate\": \"https:\/\/www.vita.sk\/?s={search_term_string}\"\n\t                    },\n\t                    \"query-input\": {\n\t                        \"@type\": \"PropertyValueSpecification\",\n\t                        \"valueRequired\": true,\n\t                        \"valueName\": \"search_term_string\"\n\t                    }\n\t                }\n\t            ],\n\t            \"inLanguage\": \"en-US\"\n\t        },\n\t        {\n\t            \"email\": \"admin@vita.sk\",\n\t            \"logo\": \"https:\/\/www.vita.sk\/img\/vita_logo.png \",\n\t            \"address\": {\n\t                \"type\": \"PostalAddress\",\n\t                \"streetAddress\": \"Tom\u00e1\u0161ikova 50\/A\",\n\t                \"addressLocality\": \"Bratislava\",\n\t                \"postalCode\": \"83104\",\n\t                \"addressCountry\": {\n\t                    \"name\": \"SK\",\n\t                    \"type\": \"Country\"\n\t                }\n\t            },\n\t            \"contactPoint\": {\n\t                \"type\": \"ContactPoint\",\n\t                \"telephone\": \"+421 907 375\u00a0543\",\n\t                \"Email\": \"admin@vita.sk\",\n\t                \"contactType\": \"customer service\"\n\t            },\n\t            \"sameAs\": [\n\t                \"https:\/\/www.facebook.com\/VitaAcademySK\/\",\n\t                \"https:\/\/www.linkedin.com\/company\/vita-academy\/\"\n\t            ]\n\t        }\n\t    ]\n\t}<\/script>\n<!-- \/ Yoast SEO Premium plugin. -->","yoast_head_json":{"title":"Online kurz Publika\u010dn\u00e1 \u010cinnos\u0165 a Vedeck\u00e9 P\u00edsanie 2026 | VITA","description":"V online kurze Publika\u010dn\u00e1 \u010dinnos\u0165 a vedeck\u00e9 p\u00edsanie sa nau\u010d\u00edte pracova\u0165 s datab\u00e1zami Scopus a Web of Science a pripravova\u0165 kvalitn\u00e9 vedeck\u00e9 \u010dl\u00e1nky. \u2705","robots":{"index":"index","follow":"follow","max-snippet":"max-snippet:-1","max-image-preview":"max-image-preview:large","max-video-preview":"max-video-preview:-1"},"canonical":"https:\/\/www.vita.sk\/online-kurz-publikacna-cinnost-a-vedecke-pisanie\/","og_locale":"en_US","og_type":"article","og_title":"Online kurz Publika\u010dn\u00e1 \u010cinnos\u0165 a Vedeck\u00e9 P\u00edsanie: Ako P\u00edsa\u0165 Odborn\u00e9 \u010cl\u00e1nky","og_description":"V online kurze Publika\u010dn\u00e1 \u010dinnos\u0165 a vedeck\u00e9 p\u00edsanie sa nau\u010d\u00edte pracova\u0165 s datab\u00e1zami Scopus a Web of Science a pripravova\u0165 kvalitn\u00e9 vedeck\u00e9 \u010dl\u00e1nky. \u2705","og_url":"https:\/\/www.vita.sk\/online-kurz-publikacna-cinnost-a-vedecke-pisanie\/","og_site_name":"VITA","article_publisher":"https:\/\/www.facebook.com\/VitaAcademySK","article_modified_time":"2026-04-16T18:54:28+00:00","og_image":[{"width":360,"height":360,"url":"https:\/\/www.vita.sk\/wp-content\/uploads\/2020\/11\/kurz-Tvorba-bakalarskych-a-diplomovych-prac.png","type":"image\/png"}],"twitter_card":"summary_large_image","twitter_misc":{"Est. reading time":"2 minutes"},"schema":{"@context":"https:\/\/schema.org","@graph":[{"@type":"WebPage","@id":"https:\/\/www.vita.sk\/online-kurz-publikacna-cinnost-a-vedecke-pisanie\/","url":"https:\/\/www.vita.sk\/online-kurz-publikacna-cinnost-a-vedecke-pisanie\/","name":"Online kurz Publika\u010dn\u00e1 \u010cinnos\u0165 a Vedeck\u00e9 P\u00edsanie {Y} | VITA","isPartOf":{"@id":"https:\/\/www.vita.sk\/#website"},"primaryImageOfPage":{"@id":"https:\/\/www.vita.sk\/online-kurz-publikacna-cinnost-a-vedecke-pisanie\/#primaryimage"},"image":{"@id":"https:\/\/www.vita.sk\/online-kurz-publikacna-cinnost-a-vedecke-pisanie\/#primaryimage"},"thumbnailUrl":"https:\/\/www.vita.sk\/wp-content\/uploads\/2020\/11\/kurz-Tvorba-bakalarskych-a-diplomovych-prac.png","datePublished":"2026-03-11T12:32:54+00:00","dateModified":"2026-04-16T18:54:28+00:00","description":"V online kurze Publika\u010dn\u00e1 \u010dinnos\u0165 a vedeck\u00e9 p\u00edsanie sa nau\u010d\u00edte pracova\u0165 s datab\u00e1zami Scopus a Web of Science a pripravova\u0165 kvalitn\u00e9 vedeck\u00e9 \u010dl\u00e1nky. \u2705","breadcrumb":{"@id":"https:\/\/www.vita.sk\/online-kurz-publikacna-cinnost-a-vedecke-pisanie\/#breadcrumb"},"inLanguage":"en-US","potentialAction":[{"@type":"ReadAction","target":["https:\/\/www.vita.sk\/online-kurz-publikacna-cinnost-a-vedecke-pisanie\/"]}]},{"@type":"ImageObject","inLanguage":"en-US","@id":"https:\/\/www.vita.sk\/online-kurz-publikacna-cinnost-a-vedecke-pisanie\/#primaryimage","url":"https:\/\/www.vita.sk\/wp-content\/uploads\/2020\/11\/kurz-Tvorba-bakalarskych-a-diplomovych-prac.png","contentUrl":"https:\/\/www.vita.sk\/wp-content\/uploads\/2020\/11\/kurz-Tvorba-bakalarskych-a-diplomovych-prac.png","width":360,"height":360,"caption":"Online kurz Tvorba Bakal\u00e1rskych a Diplomov\u00fdch Pr\u00e1c"},{"@type":"BreadcrumbList","@id":"https:\/\/www.vita.sk\/online-kurz-publikacna-cinnost-a-vedecke-pisanie\/#breadcrumb","itemListElement":[{"@type":"ListItem","position":1,"name":"VITA Academy","item":"https:\/\/www.vita.sk\/en\/"},{"@type":"ListItem","position":2,"name":"Shop","item":"https:\/\/www.vita.sk\/shop\/"},{"@type":"ListItem","position":3,"name":"Online Profesijn\u00e9 Tituly MBA, DBA, MPA, MSc.","item":"https:\/\/www.vita.sk\/online-kurzy-pracovne-pozicie-mba-dba-mpa-msc\/"},{"@type":"ListItem","position":4,"name":"Online kurz Publika\u010dn\u00e1 \u010cinnos\u0165 a Vedeck\u00e9 P\u00edsanie: Ako P\u00edsa\u0165 Odborn\u00e9 \u010cl\u00e1nky"}]},{"@type":"WebSite","@id":"https:\/\/www.vita.sk\/#website","url":"https:\/\/www.vita.sk\/","name":"VITA","description":"","publisher":{"@id":"https:\/\/www.vita.sk\/#organization"},"potentialAction":[{"@type":"SearchAction","target":{"@type":"EntryPoint","urlTemplate":"https:\/\/www.vita.sk\/?s={search_term_string}"},"query-input":{"@type":"PropertyValueSpecification","valueRequired":true,"valueName":"search_term_string"}}],"inLanguage":"en-US"},{"email":"admin@vita.sk","logo":"https:\/\/www.vita.sk\/img\/vita_logo.png ","address":{"type":"PostalAddress","streetAddress":"Tom\u00e1\u0161ikova 50\/A","addressLocality":"Bratislava","postalCode":"83104","addressCountry":{"name":"SK","type":"Country"}},"contactPoint":{"type":"ContactPoint","telephone":"+421 907 375\u00a0543","Email":"admin@vita.sk","contactType":"customer service"},"sameAs":["https:\/\/www.facebook.com\/VitaAcademySK\/","https:\/\/www.linkedin.com\/company\/vita-academy\/"]}]}},"acf":[],"_links":{"self":[{"href":"https:\/\/www.vita.sk\/en\/wp-json\/wp\/v2\/product\/33816","targetHints":{"allow":["GET"]}}],"collection":[{"href":"https:\/\/www.vita.sk\/en\/wp-json\/wp\/v2\/product"}],"about":[{"href":"https:\/\/www.vita.sk\/en\/wp-json\/wp\/v2\/types\/product"}],"author":[{"embeddable":true,"href":"https:\/\/www.vita.sk\/en\/wp-json\/wp\/v2\/users\/4"}],"replies":[{"embeddable":true,"href":"https:\/\/www.vita.sk\/en\/wp-json\/wp\/v2\/comments?post=33816"}],"wp:featuredmedia":[{"embeddable":true,"href":"https:\/\/www.vita.sk\/en\/wp-json\/wp\/v2\/media\/4282"}],"wp:attachment":[{"href":"https:\/\/www.vita.sk\/en\/wp-json\/wp\/v2\/media?parent=33816"}],"wp:term":[{"taxonomy":"product_brand","embeddable":true,"href":"https:\/\/www.vita.sk\/en\/wp-json\/wp\/v2\/product_brand?post=33816"},{"taxonomy":"product_cat","embeddable":true,"href":"https:\/\/www.vita.sk\/en\/wp-json\/wp\/v2\/product_cat?post=33816"},{"taxonomy":"product_tag","embeddable":true,"href":"https:\/\/www.vita.sk\/en\/wp-json\/wp\/v2\/product_tag?post=33816"}],"curies":[{"name":"wp","href":"https:\/\/api.w.org\/{rel}","templated":true}]}}