{"id":33948,"date":"2026-03-18T13:54:37","date_gmt":"2026-03-18T12:54:37","guid":{"rendered":"https:\/\/www.vita.sk\/?post_type=product&#038;p=33948"},"modified":"2026-03-19T14:20:24","modified_gmt":"2026-03-19T13:20:24","slug":"online-kurz-program-specialista-informacnej-a-kybernetickej-bezpecnosti","status":"publish","type":"product","link":"https:\/\/www.vita.sk\/en\/online-kurz-program-specialista-informacnej-a-kybernetickej-bezpecnosti\/","title":{"rendered":"Program \u0160pecialista Informa\u010dnej a Kybernetickej Bezpe\u010dnosti"},"content":{"rendered":"<p>Online vzdel\u00e1vac\u00ed program \u0160pecialista Informa\u010dnej a Kybernetickej Bezpe\u010dnosti (IT Bezpe\u010dnosti) je pre v\u00e1s ide\u00e1lny, ak sa chcete uplatni\u0165 v oblasti kybernetickej bezpe\u010dnosti, ochrany IT syst\u00e9mov alebo ako bezpe\u010dnostn\u00fd \u0161pecialista. <strong>Ide o vzdel\u00e1vac\u00ed program online modulov \/ kurzov ur\u010den\u00fd na preplatenie \u00daradom pr\u00e1ce (Projekt Zru\u010dnosti pre trh pr\u00e1ce).<\/strong> Osvoj\u00edte si princ\u00edpy ochrany informa\u010dn\u00fdch syst\u00e9mov a identifik\u00e1cie bezpe\u010dnostn\u00fdch riz\u00edk. Nau\u010d\u00edte sa pracova\u0165 s n\u00e1strojmi pre penetra\u010dn\u00e9 testovanie v prostred\u00ed Linux Kali a identifikova\u0165 zranite\u013enosti syst\u00e9mov. Z\u00edskate schopnos\u0165 analyzova\u0165 sie\u0165ov\u00fa komunik\u00e1ciu a rie\u0161i\u0165 probl\u00e9my pomocou n\u00e1stroja Wireshark. Osvoj\u00edte si princ\u00edpy fungovania po\u010d\u00edta\u010dov\u00fdch siet\u00ed a ich zabezpe\u010denia. Program v\u00e1m pom\u00f4\u017ee pochopi\u0165 met\u00f3dy testovania bezpe\u010dnosti, analyzova\u0165 sie\u0165ov\u00fa prev\u00e1dzku a identifikova\u0165 slab\u00e9 miesta v IT infra\u0161trukt\u00fare. Z\u00edskan\u00e9 vedomosti a zru\u010dnosti vyu\u017eijete pri ochrane syst\u00e9mov, detekcii hrozieb a zvy\u0161ovan\u00ed bezpe\u010dnosti v praxi. <strong>\u00darad pr\u00e1ce v\u00e1m preplat\u00ed cel\u00fd program online kurzov.\u00a0<\/strong><\/p>\n","protected":false},"excerpt":{"rendered":"<p>Program \u0160pecialista Informa\u010dnej a Kybernetickej Bezpe\u010dnosti je pre v\u00e1s ide\u00e1lny, ak sa chcete nau\u010di\u0165 pracova\u0165 so syst\u00e9mom Linux a Microsoft Windows alebo nakonfigurova\u0165 si opera\u010dn\u00fd syst\u00e9m pod\u013ea svojich preferenci\u00ed. Ide o <strong>Program online kurzov ur\u010den\u00fd na Preplatenie \u00daradom pr\u00e1ce<\/strong>\u00a0(<strong>Projekt Zru\u010dnosti pre trh pr\u00e1ce<\/strong>).","protected":false},"author":27,"featured_media":4172,"comment_status":"open","ping_status":"closed","template":"","meta":{"_acf_changed":false},"product_brand":[],"product_cat":[817,615],"product_tag":[196,197,199],"class_list":{"0":"post-33948","1":"product","2":"type-product","3":"status-publish","4":"has-post-thumbnail","6":"product_cat-online-vzdelavacie-kurzy-urad-prace-upsvar-zrucnosti-pre-trh-prace","7":"product_cat-online-kurzy-urad-prace-zrucnosti-pre-trh-prace","8":"product_tag-operacne-systemy","9":"product_tag-baliky-kurzov-a-predplatne","10":"product_tag-linux-unix","12":"first","13":"instock","14":"sold-individually","15":"taxable","16":"shipping-taxable","17":"purchasable","18":"product-type-simple"},"yoast_head":"<!-- This site is optimized with the Yoast SEO Premium plugin v25.0 (Yoast SEO v25.0) - https:\/\/yoast.com\/wordpress\/plugins\/seo\/ -->\n<title>Program \u0160pecialista Informa\u010dnej a Kybernetickej Bezpe\u010dnosti 2026 | VITA<\/title>\n<meta name=\"description\" content=\"V online kurze \u0160pecialista Informa\u010dnej a Kybernetickej Bezpe\u010dnosti sa nau\u010d\u00edte penetra\u010dn\u00e9 testovanie, anal\u00fdzu siet\u00ed a pr\u00e1cu s n\u00e1strojom Wireshark. \u2705\" \/>\n<meta name=\"robots\" content=\"index, follow, max-snippet:-1, max-image-preview:large, max-video-preview:-1\" \/>\n<link rel=\"canonical\" href=\"https:\/\/www.vita.sk\/online-kurz-program-specialista-informacnej-a-kybernetickej-bezpecnosti\/\" \/>\n<meta property=\"og:locale\" content=\"en_US\" \/>\n<meta property=\"og:type\" content=\"article\" \/>\n<meta property=\"og:title\" content=\"Program \u0160pecialista Informa\u010dnej a Kybernetickej Bezpe\u010dnosti\" \/>\n<meta property=\"og:description\" content=\"V online kurze \u0160pecialista Informa\u010dnej a Kybernetickej Bezpe\u010dnosti sa nau\u010d\u00edte penetra\u010dn\u00e9 testovanie, anal\u00fdzu siet\u00ed a pr\u00e1cu s n\u00e1strojom Wireshark. \u2705\" \/>\n<meta property=\"og:url\" content=\"https:\/\/www.vita.sk\/online-kurz-program-specialista-informacnej-a-kybernetickej-bezpecnosti\/\" \/>\n<meta property=\"og:site_name\" content=\"VITA\" \/>\n<meta property=\"article:publisher\" content=\"https:\/\/www.facebook.com\/VitaAcademySK\" \/>\n<meta property=\"article:modified_time\" content=\"2026-03-19T13:20:24+00:00\" \/>\n<meta property=\"og:image\" content=\"https:\/\/www.vita.sk\/wp-content\/uploads\/2020\/11\/kurz-linux.png\" \/>\n\t<meta property=\"og:image:width\" content=\"360\" \/>\n\t<meta property=\"og:image:height\" content=\"360\" \/>\n\t<meta property=\"og:image:type\" content=\"image\/png\" \/>\n<meta name=\"twitter:card\" content=\"summary_large_image\" \/>\n<meta name=\"twitter:label1\" content=\"Est. reading time\" \/>\n\t<meta name=\"twitter:data1\" content=\"1 minute\" \/>\n<script type=\"application\/ld+json\" class=\"yoast-schema-graph\">{\n\t    \"@context\": \"https:\/\/schema.org\",\n\t    \"@graph\": [\n\t        {\n\t            \"@type\": \"WebPage\",\n\t            \"@id\": \"https:\/\/www.vita.sk\/online-kurz-program-specialista-informacnej-a-kybernetickej-bezpecnosti\/\",\n\t            \"url\": \"https:\/\/www.vita.sk\/online-kurz-program-specialista-informacnej-a-kybernetickej-bezpecnosti\/\",\n\t            \"name\": \"Program \u0160pecialista Informa\u010dnej a Kybernetickej Bezpe\u010dnosti {Y} | VITA\",\n\t            \"isPartOf\": {\n\t                \"@id\": \"https:\/\/www.vita.sk\/#website\"\n\t            },\n\t            \"primaryImageOfPage\": {\n\t                \"@id\": \"https:\/\/www.vita.sk\/online-kurz-program-specialista-informacnej-a-kybernetickej-bezpecnosti\/#primaryimage\"\n\t            },\n\t            \"image\": {\n\t                \"@id\": \"https:\/\/www.vita.sk\/online-kurz-program-specialista-informacnej-a-kybernetickej-bezpecnosti\/#primaryimage\"\n\t            },\n\t            \"thumbnailUrl\": \"https:\/\/www.vita.sk\/wp-content\/uploads\/2020\/11\/kurz-linux.png\",\n\t            \"datePublished\": \"2026-03-18T12:54:37+00:00\",\n\t            \"dateModified\": \"2026-03-19T13:20:24+00:00\",\n\t            \"description\": \"V online kurze \u0160pecialista Informa\u010dnej a Kybernetickej Bezpe\u010dnosti sa nau\u010d\u00edte penetra\u010dn\u00e9 testovanie, anal\u00fdzu siet\u00ed a pr\u00e1cu s n\u00e1strojom Wireshark. \u2705\",\n\t            \"breadcrumb\": {\n\t                \"@id\": \"https:\/\/www.vita.sk\/online-kurz-program-specialista-informacnej-a-kybernetickej-bezpecnosti\/#breadcrumb\"\n\t            },\n\t            \"inLanguage\": \"en-US\",\n\t            \"potentialAction\": [\n\t                {\n\t                    \"@type\": \"ReadAction\",\n\t                    \"target\": [\n\t                        \"https:\/\/www.vita.sk\/online-kurz-program-specialista-informacnej-a-kybernetickej-bezpecnosti\/\"\n\t                    ]\n\t                }\n\t            ]\n\t        },\n\t        {\n\t            \"@type\": \"ImageObject\",\n\t            \"inLanguage\": \"en-US\",\n\t            \"@id\": \"https:\/\/www.vita.sk\/online-kurz-program-specialista-informacnej-a-kybernetickej-bezpecnosti\/#primaryimage\",\n\t            \"url\": \"https:\/\/www.vita.sk\/wp-content\/uploads\/2020\/11\/kurz-linux.png\",\n\t            \"contentUrl\": \"https:\/\/www.vita.sk\/wp-content\/uploads\/2020\/11\/kurz-linux.png\",\n\t            \"width\": 360,\n\t            \"height\": 360,\n\t            \"caption\": \"Online kurz Linux\"\n\t        },\n\t        {\n\t            \"@type\": \"BreadcrumbList\",\n\t            \"@id\": \"https:\/\/www.vita.sk\/online-kurz-program-specialista-informacnej-a-kybernetickej-bezpecnosti\/#breadcrumb\",\n\t            \"itemListElement\": [\n\t                {\n\t                    \"@type\": \"ListItem\",\n\t                    \"position\": 1,\n\t                    \"name\": \"VITA Academy\",\n\t                    \"item\": \"https:\/\/www.vita.sk\/en\/\"\n\t                },\n\t                {\n\t                    \"@type\": \"ListItem\",\n\t                    \"position\": 2,\n\t                    \"name\": \"Shop\",\n\t                    \"item\": \"https:\/\/www.vita.sk\/shop\/\"\n\t                },\n\t                {\n\t                    \"@type\": \"ListItem\",\n\t                    \"position\": 3,\n\t                    \"name\": \"Online Programy pre \u00darad Pr\u00e1ce (\u00daPSVaR) \u2013 Zru\u010dnosti pre Trh Pr\u00e1ce\",\n\t                    \"item\": \"https:\/\/www.vita.sk\/online-vzdelavacie-kurzy-urad-prace-upsvar-zrucnosti-pre-trh-prace\/\"\n\t                },\n\t                {\n\t                    \"@type\": \"ListItem\",\n\t                    \"position\": 4,\n\t                    \"name\": \"Program \u0160pecialista Informa\u010dnej a Kybernetickej Bezpe\u010dnosti\"\n\t                }\n\t            ]\n\t        },\n\t        {\n\t            \"@type\": \"WebSite\",\n\t            \"@id\": \"https:\/\/www.vita.sk\/#website\",\n\t            \"url\": \"https:\/\/www.vita.sk\/\",\n\t            \"name\": \"VITA\",\n\t            \"description\": \"\",\n\t            \"publisher\": {\n\t                \"@id\": \"https:\/\/www.vita.sk\/#organization\"\n\t            },\n\t            \"potentialAction\": [\n\t                {\n\t                    \"@type\": \"SearchAction\",\n\t                    \"target\": {\n\t                        \"@type\": \"EntryPoint\",\n\t                        \"urlTemplate\": \"https:\/\/www.vita.sk\/?s={search_term_string}\"\n\t                    },\n\t                    \"query-input\": {\n\t                        \"@type\": \"PropertyValueSpecification\",\n\t                        \"valueRequired\": true,\n\t                        \"valueName\": \"search_term_string\"\n\t                    }\n\t                }\n\t            ],\n\t            \"inLanguage\": \"en-US\"\n\t        },\n\t        {\n\t            \"email\": \"admin@vita.sk\",\n\t            \"logo\": \"https:\/\/www.vita.sk\/img\/vita_logo.png \",\n\t            \"address\": {\n\t                \"type\": \"PostalAddress\",\n\t                \"streetAddress\": \"Tom\u00e1\u0161ikova 50\/A\",\n\t                \"addressLocality\": \"Bratislava\",\n\t                \"postalCode\": \"83104\",\n\t                \"addressCountry\": {\n\t                    \"name\": \"SK\",\n\t                    \"type\": \"Country\"\n\t                }\n\t            },\n\t            \"contactPoint\": {\n\t                \"type\": \"ContactPoint\",\n\t                \"telephone\": \"+421 907 375\u00a0543\",\n\t                \"Email\": \"admin@vita.sk\",\n\t                \"contactType\": \"customer service\"\n\t            },\n\t            \"sameAs\": [\n\t                \"https:\/\/www.facebook.com\/VitaAcademySK\/\",\n\t                \"https:\/\/www.linkedin.com\/company\/vita-academy\/\"\n\t            ]\n\t        }\n\t    ]\n\t}<\/script>\n<!-- \/ Yoast SEO Premium plugin. -->","yoast_head_json":{"title":"Program \u0160pecialista Informa\u010dnej a Kybernetickej Bezpe\u010dnosti 2026 | VITA","description":"V online kurze \u0160pecialista Informa\u010dnej a Kybernetickej Bezpe\u010dnosti sa nau\u010d\u00edte penetra\u010dn\u00e9 testovanie, anal\u00fdzu siet\u00ed a pr\u00e1cu s n\u00e1strojom Wireshark. \u2705","robots":{"index":"index","follow":"follow","max-snippet":"max-snippet:-1","max-image-preview":"max-image-preview:large","max-video-preview":"max-video-preview:-1"},"canonical":"https:\/\/www.vita.sk\/online-kurz-program-specialista-informacnej-a-kybernetickej-bezpecnosti\/","og_locale":"en_US","og_type":"article","og_title":"Program \u0160pecialista Informa\u010dnej a Kybernetickej Bezpe\u010dnosti","og_description":"V online kurze \u0160pecialista Informa\u010dnej a Kybernetickej Bezpe\u010dnosti sa nau\u010d\u00edte penetra\u010dn\u00e9 testovanie, anal\u00fdzu siet\u00ed a pr\u00e1cu s n\u00e1strojom Wireshark. \u2705","og_url":"https:\/\/www.vita.sk\/online-kurz-program-specialista-informacnej-a-kybernetickej-bezpecnosti\/","og_site_name":"VITA","article_publisher":"https:\/\/www.facebook.com\/VitaAcademySK","article_modified_time":"2026-03-19T13:20:24+00:00","og_image":[{"width":360,"height":360,"url":"https:\/\/www.vita.sk\/wp-content\/uploads\/2020\/11\/kurz-linux.png","type":"image\/png"}],"twitter_card":"summary_large_image","twitter_misc":{"Est. reading time":"1 minute"},"schema":{"@context":"https:\/\/schema.org","@graph":[{"@type":"WebPage","@id":"https:\/\/www.vita.sk\/online-kurz-program-specialista-informacnej-a-kybernetickej-bezpecnosti\/","url":"https:\/\/www.vita.sk\/online-kurz-program-specialista-informacnej-a-kybernetickej-bezpecnosti\/","name":"Program \u0160pecialista Informa\u010dnej a Kybernetickej Bezpe\u010dnosti {Y} | VITA","isPartOf":{"@id":"https:\/\/www.vita.sk\/#website"},"primaryImageOfPage":{"@id":"https:\/\/www.vita.sk\/online-kurz-program-specialista-informacnej-a-kybernetickej-bezpecnosti\/#primaryimage"},"image":{"@id":"https:\/\/www.vita.sk\/online-kurz-program-specialista-informacnej-a-kybernetickej-bezpecnosti\/#primaryimage"},"thumbnailUrl":"https:\/\/www.vita.sk\/wp-content\/uploads\/2020\/11\/kurz-linux.png","datePublished":"2026-03-18T12:54:37+00:00","dateModified":"2026-03-19T13:20:24+00:00","description":"V online kurze \u0160pecialista Informa\u010dnej a Kybernetickej Bezpe\u010dnosti sa nau\u010d\u00edte penetra\u010dn\u00e9 testovanie, anal\u00fdzu siet\u00ed a pr\u00e1cu s n\u00e1strojom Wireshark. \u2705","breadcrumb":{"@id":"https:\/\/www.vita.sk\/online-kurz-program-specialista-informacnej-a-kybernetickej-bezpecnosti\/#breadcrumb"},"inLanguage":"en-US","potentialAction":[{"@type":"ReadAction","target":["https:\/\/www.vita.sk\/online-kurz-program-specialista-informacnej-a-kybernetickej-bezpecnosti\/"]}]},{"@type":"ImageObject","inLanguage":"en-US","@id":"https:\/\/www.vita.sk\/online-kurz-program-specialista-informacnej-a-kybernetickej-bezpecnosti\/#primaryimage","url":"https:\/\/www.vita.sk\/wp-content\/uploads\/2020\/11\/kurz-linux.png","contentUrl":"https:\/\/www.vita.sk\/wp-content\/uploads\/2020\/11\/kurz-linux.png","width":360,"height":360,"caption":"Online kurz Linux"},{"@type":"BreadcrumbList","@id":"https:\/\/www.vita.sk\/online-kurz-program-specialista-informacnej-a-kybernetickej-bezpecnosti\/#breadcrumb","itemListElement":[{"@type":"ListItem","position":1,"name":"VITA Academy","item":"https:\/\/www.vita.sk\/en\/"},{"@type":"ListItem","position":2,"name":"Shop","item":"https:\/\/www.vita.sk\/shop\/"},{"@type":"ListItem","position":3,"name":"Online Programy pre \u00darad Pr\u00e1ce (\u00daPSVaR) \u2013 Zru\u010dnosti pre Trh Pr\u00e1ce","item":"https:\/\/www.vita.sk\/online-vzdelavacie-kurzy-urad-prace-upsvar-zrucnosti-pre-trh-prace\/"},{"@type":"ListItem","position":4,"name":"Program \u0160pecialista Informa\u010dnej a Kybernetickej Bezpe\u010dnosti"}]},{"@type":"WebSite","@id":"https:\/\/www.vita.sk\/#website","url":"https:\/\/www.vita.sk\/","name":"VITA","description":"","publisher":{"@id":"https:\/\/www.vita.sk\/#organization"},"potentialAction":[{"@type":"SearchAction","target":{"@type":"EntryPoint","urlTemplate":"https:\/\/www.vita.sk\/?s={search_term_string}"},"query-input":{"@type":"PropertyValueSpecification","valueRequired":true,"valueName":"search_term_string"}}],"inLanguage":"en-US"},{"email":"admin@vita.sk","logo":"https:\/\/www.vita.sk\/img\/vita_logo.png ","address":{"type":"PostalAddress","streetAddress":"Tom\u00e1\u0161ikova 50\/A","addressLocality":"Bratislava","postalCode":"83104","addressCountry":{"name":"SK","type":"Country"}},"contactPoint":{"type":"ContactPoint","telephone":"+421 907 375\u00a0543","Email":"admin@vita.sk","contactType":"customer service"},"sameAs":["https:\/\/www.facebook.com\/VitaAcademySK\/","https:\/\/www.linkedin.com\/company\/vita-academy\/"]}]}},"acf":[],"_links":{"self":[{"href":"https:\/\/www.vita.sk\/en\/wp-json\/wp\/v2\/product\/33948","targetHints":{"allow":["GET"]}}],"collection":[{"href":"https:\/\/www.vita.sk\/en\/wp-json\/wp\/v2\/product"}],"about":[{"href":"https:\/\/www.vita.sk\/en\/wp-json\/wp\/v2\/types\/product"}],"author":[{"embeddable":true,"href":"https:\/\/www.vita.sk\/en\/wp-json\/wp\/v2\/users\/27"}],"replies":[{"embeddable":true,"href":"https:\/\/www.vita.sk\/en\/wp-json\/wp\/v2\/comments?post=33948"}],"wp:featuredmedia":[{"embeddable":true,"href":"https:\/\/www.vita.sk\/en\/wp-json\/wp\/v2\/media\/4172"}],"wp:attachment":[{"href":"https:\/\/www.vita.sk\/en\/wp-json\/wp\/v2\/media?parent=33948"}],"wp:term":[{"taxonomy":"product_brand","embeddable":true,"href":"https:\/\/www.vita.sk\/en\/wp-json\/wp\/v2\/product_brand?post=33948"},{"taxonomy":"product_cat","embeddable":true,"href":"https:\/\/www.vita.sk\/en\/wp-json\/wp\/v2\/product_cat?post=33948"},{"taxonomy":"product_tag","embeddable":true,"href":"https:\/\/www.vita.sk\/en\/wp-json\/wp\/v2\/product_tag?post=33948"}],"curies":[{"name":"wp","href":"https:\/\/api.w.org\/{rel}","templated":true}]}}