{"id":33965,"date":"2026-03-19T12:02:11","date_gmt":"2026-03-19T11:02:11","guid":{"rendered":"https:\/\/www.vita.sk\/?post_type=product&#038;p=33965"},"modified":"2026-03-19T14:53:24","modified_gmt":"2026-03-19T13:53:24","slug":"online-kurz-program-specialista-podnikovej-strategie-planovania","status":"publish","type":"product","link":"https:\/\/www.vita.sk\/en\/online-kurz-program-specialista-podnikovej-strategie-planovania\/","title":{"rendered":"Program \u0160pecialista Podnikovej Strat\u00e9gie, Pl\u00e1novania a Investovania"},"content":{"rendered":"<p>Online vzdel\u00e1vac\u00ed program \u0160pecialista podnikovej strat\u00e9gie, pl\u00e1novania a investovania je pre v\u00e1s ide\u00e1lny, ak sa chcete uplatni\u0165 v oblasti riadenia podniku, strategick\u00e9ho pl\u00e1novania alebo finan\u010dn\u00e9ho rozhodovania. <strong>Ide o vzdel\u00e1vac\u00ed program online modulov \/ kurzov ur\u010den\u00fd na preplatenie \u00daradom pr\u00e1ce (Projekt Zru\u010dnosti pre trh pr\u00e1ce).<\/strong> Osvoj\u00edte si princ\u00edpy riadenia projektov, tvorby strat\u00e9gi\u00ed a finan\u010dn\u00e9ho pl\u00e1novania. Nau\u010d\u00edte sa pl\u00e1nova\u0165 a riadi\u0165 projekty, stanovova\u0165 ciele a kontrolova\u0165 ich plnenie. Z\u00edskate preh\u013ead o finan\u010dnom mana\u017emente, pr\u00e1ci s rozpo\u010dtami a hodnoten\u00ed invest\u00edci\u00ed. Osvoj\u00edte si princ\u00edpy marketingovej strat\u00e9gie a nau\u010d\u00edte sa analyzova\u0165 trh a navrhova\u0165 strategick\u00e9 smerovanie organiz\u00e1cie. Z\u00edskate schopnos\u0165 pracova\u0165 so \u0161tatistick\u00fdmi \u00fadajmi, analyzova\u0165 d\u00e1ta a podporova\u0165 rozhodovanie na z\u00e1klade d\u00e1t. Program v\u00e1m pom\u00f4\u017ee z\u00edska\u0165 praktick\u00e9 vedomosti a zru\u010dnosti vyu\u017eite\u013en\u00e9 pri strategickom riaden\u00ed, pl\u00e1novan\u00ed a investovan\u00ed v r\u00f4znych oblastiach praxe. <strong>\u00darad pr\u00e1ce v\u00e1m preplat\u00ed cel\u00fd program online kurzov.\u00a0<\/strong><\/p>\n","protected":false},"excerpt":{"rendered":"<p>Online vzdel\u00e1vac\u00ed program \u0160pecialista podnikovej strat\u00e9gie, pl\u00e1novania a investovania je pre v\u00e1s ide\u00e1lny, ak sa chcete uplatni\u0165 v oblasti riadenia podniku, strategick\u00e9ho pl\u00e1novania alebo finan\u010dn\u00e9ho rozhodovania. Ide o vzdel\u00e1vac\u00ed program online modulov \/ kurzov ur\u010den\u00fd na preplatenie \u00daradom pr\u00e1ce (Projekt Zru\u010dnosti pre trh pr\u00e1ce). Osvoj\u00edte si princ\u00edpy riadenia projektov, tvorby strat\u00e9gi\u00ed a finan\u010dn\u00e9ho pl\u00e1novania.","protected":false},"author":27,"featured_media":9902,"comment_status":"closed","ping_status":"closed","template":"","meta":{"_acf_changed":false},"product_brand":[],"product_cat":[817,615],"product_tag":[197,444,187],"class_list":{"0":"post-33965","1":"product","2":"type-product","3":"status-publish","4":"has-post-thumbnail","6":"product_cat-online-vzdelavacie-kurzy-urad-prace-upsvar-zrucnosti-pre-trh-prace","7":"product_cat-online-kurzy-urad-prace-zrucnosti-pre-trh-prace","8":"product_tag-baliky-kurzov-a-predplatne","9":"product_tag-projektovy-management","10":"product_tag-kancelarske-baliky","12":"first","13":"instock","14":"sold-individually","15":"taxable","16":"shipping-taxable","17":"purchasable","18":"product-type-simple"},"yoast_head":"<!-- This site is optimized with the Yoast SEO Premium plugin v25.0 (Yoast SEO v25.0) - https:\/\/yoast.com\/wordpress\/plugins\/seo\/ -->\n<title>Program \u0160pecialista Podnikovej Strat\u00e9gie, Pl\u00e1novania a Investovania 2026 | VITA<\/title>\n<meta name=\"description\" content=\"V online kurze \u0160pecialista podnikovej strat\u00e9gie, pl\u00e1novania a investovania sa nau\u010d\u00edte riadi\u0165 projekty, pracova\u0165 s financiami a vytv\u00e1ra\u0165 strat\u00e9gie. \u2705\" \/>\n<meta name=\"robots\" content=\"index, follow, max-snippet:-1, max-image-preview:large, max-video-preview:-1\" \/>\n<link rel=\"canonical\" href=\"https:\/\/www.vita.sk\/online-kurz-program-specialista-podnikovej-strategie-planovania\/\" \/>\n<meta property=\"og:locale\" content=\"en_US\" \/>\n<meta property=\"og:type\" content=\"article\" \/>\n<meta property=\"og:title\" content=\"Program \u0160pecialista Podnikovej Strat\u00e9gie, Pl\u00e1novania a Investovania\" \/>\n<meta property=\"og:description\" content=\"V online kurze \u0160pecialista podnikovej strat\u00e9gie, pl\u00e1novania a investovania sa nau\u010d\u00edte riadi\u0165 projekty, pracova\u0165 s financiami a vytv\u00e1ra\u0165 strat\u00e9gie. \u2705\" \/>\n<meta property=\"og:url\" content=\"https:\/\/www.vita.sk\/online-kurz-program-specialista-podnikovej-strategie-planovania\/\" \/>\n<meta property=\"og:site_name\" content=\"VITA\" \/>\n<meta property=\"article:publisher\" content=\"https:\/\/www.facebook.com\/VitaAcademySK\" \/>\n<meta property=\"article:modified_time\" content=\"2026-03-19T13:53:24+00:00\" \/>\n<meta property=\"og:image\" content=\"https:\/\/www.vita.sk\/wp-content\/uploads\/2022\/05\/online-kurz-Projektovy-Management.png\" \/>\n\t<meta property=\"og:image:width\" content=\"360\" \/>\n\t<meta property=\"og:image:height\" content=\"360\" \/>\n\t<meta property=\"og:image:type\" content=\"image\/png\" \/>\n<meta name=\"twitter:card\" content=\"summary_large_image\" \/>\n<meta name=\"twitter:label1\" content=\"Est. reading time\" \/>\n\t<meta name=\"twitter:data1\" content=\"1 minute\" \/>\n<script type=\"application\/ld+json\" class=\"yoast-schema-graph\">{\n\t    \"@context\": \"https:\/\/schema.org\",\n\t    \"@graph\": [\n\t        {\n\t            \"@type\": \"WebPage\",\n\t            \"@id\": \"https:\/\/www.vita.sk\/online-kurz-program-specialista-podnikovej-strategie-planovania\/\",\n\t            \"url\": \"https:\/\/www.vita.sk\/online-kurz-program-specialista-podnikovej-strategie-planovania\/\",\n\t            \"name\": \"Program \u0160pecialista Podnikovej Strat\u00e9gie, Pl\u00e1novania a Investovania {Y} | VITA\",\n\t            \"isPartOf\": {\n\t                \"@id\": \"https:\/\/www.vita.sk\/#website\"\n\t            },\n\t            \"primaryImageOfPage\": {\n\t                \"@id\": \"https:\/\/www.vita.sk\/online-kurz-program-specialista-podnikovej-strategie-planovania\/#primaryimage\"\n\t            },\n\t            \"image\": {\n\t                \"@id\": \"https:\/\/www.vita.sk\/online-kurz-program-specialista-podnikovej-strategie-planovania\/#primaryimage\"\n\t            },\n\t            \"thumbnailUrl\": \"https:\/\/www.vita.sk\/wp-content\/uploads\/2022\/05\/online-kurz-Projektovy-Management.png\",\n\t            \"datePublished\": \"2026-03-19T11:02:11+00:00\",\n\t            \"dateModified\": \"2026-03-19T13:53:24+00:00\",\n\t            \"description\": \"V online kurze \u0160pecialista podnikovej strat\u00e9gie, pl\u00e1novania a investovania sa nau\u010d\u00edte riadi\u0165 projekty, pracova\u0165 s financiami a vytv\u00e1ra\u0165 strat\u00e9gie. \u2705\",\n\t            \"breadcrumb\": {\n\t                \"@id\": \"https:\/\/www.vita.sk\/online-kurz-program-specialista-podnikovej-strategie-planovania\/#breadcrumb\"\n\t            },\n\t            \"inLanguage\": \"en-US\",\n\t            \"potentialAction\": [\n\t                {\n\t                    \"@type\": \"ReadAction\",\n\t                    \"target\": [\n\t                        \"https:\/\/www.vita.sk\/online-kurz-program-specialista-podnikovej-strategie-planovania\/\"\n\t                    ]\n\t                }\n\t            ]\n\t        },\n\t        {\n\t            \"@type\": \"ImageObject\",\n\t            \"inLanguage\": \"en-US\",\n\t            \"@id\": \"https:\/\/www.vita.sk\/online-kurz-program-specialista-podnikovej-strategie-planovania\/#primaryimage\",\n\t            \"url\": \"https:\/\/www.vita.sk\/wp-content\/uploads\/2022\/05\/online-kurz-Projektovy-Management.png\",\n\t            \"contentUrl\": \"https:\/\/www.vita.sk\/wp-content\/uploads\/2022\/05\/online-kurz-Projektovy-Management.png\",\n\t            \"width\": 360,\n\t            \"height\": 360\n\t        },\n\t        {\n\t            \"@type\": \"BreadcrumbList\",\n\t            \"@id\": \"https:\/\/www.vita.sk\/online-kurz-program-specialista-podnikovej-strategie-planovania\/#breadcrumb\",\n\t            \"itemListElement\": [\n\t                {\n\t                    \"@type\": \"ListItem\",\n\t                    \"position\": 1,\n\t                    \"name\": \"VITA Academy\",\n\t                    \"item\": \"https:\/\/www.vita.sk\/en\/\"\n\t                },\n\t                {\n\t                    \"@type\": \"ListItem\",\n\t                    \"position\": 2,\n\t                    \"name\": \"Shop\",\n\t                    \"item\": \"https:\/\/www.vita.sk\/shop\/\"\n\t                },\n\t                {\n\t                    \"@type\": \"ListItem\",\n\t                    \"position\": 3,\n\t                    \"name\": \"Online Programy pre \u00darad Pr\u00e1ce (\u00daPSVaR) \u2013 Zru\u010dnosti pre Trh Pr\u00e1ce\",\n\t                    \"item\": \"https:\/\/www.vita.sk\/online-vzdelavacie-kurzy-urad-prace-upsvar-zrucnosti-pre-trh-prace\/\"\n\t                },\n\t                {\n\t                    \"@type\": \"ListItem\",\n\t                    \"position\": 4,\n\t                    \"name\": \"Program \u0160pecialista Podnikovej Strat\u00e9gie, Pl\u00e1novania a Investovania\"\n\t                }\n\t            ]\n\t        },\n\t        {\n\t            \"@type\": \"WebSite\",\n\t            \"@id\": \"https:\/\/www.vita.sk\/#website\",\n\t            \"url\": \"https:\/\/www.vita.sk\/\",\n\t            \"name\": \"VITA\",\n\t            \"description\": \"\",\n\t            \"publisher\": {\n\t                \"@id\": \"https:\/\/www.vita.sk\/#organization\"\n\t            },\n\t            \"potentialAction\": [\n\t                {\n\t                    \"@type\": \"SearchAction\",\n\t                    \"target\": {\n\t                        \"@type\": \"EntryPoint\",\n\t                        \"urlTemplate\": \"https:\/\/www.vita.sk\/?s={search_term_string}\"\n\t                    },\n\t                    \"query-input\": {\n\t                        \"@type\": \"PropertyValueSpecification\",\n\t                        \"valueRequired\": true,\n\t                        \"valueName\": \"search_term_string\"\n\t                    }\n\t                }\n\t            ],\n\t            \"inLanguage\": \"en-US\"\n\t        },\n\t        {\n\t            \"email\": \"admin@vita.sk\",\n\t            \"logo\": \"https:\/\/www.vita.sk\/img\/vita_logo.png \",\n\t            \"address\": {\n\t                \"type\": \"PostalAddress\",\n\t                \"streetAddress\": \"Tom\u00e1\u0161ikova 50\/A\",\n\t                \"addressLocality\": \"Bratislava\",\n\t                \"postalCode\": \"83104\",\n\t                \"addressCountry\": {\n\t                    \"name\": \"SK\",\n\t                    \"type\": \"Country\"\n\t                }\n\t            },\n\t            \"contactPoint\": {\n\t                \"type\": \"ContactPoint\",\n\t                \"telephone\": \"+421 907 375\u00a0543\",\n\t                \"Email\": \"admin@vita.sk\",\n\t                \"contactType\": \"customer service\"\n\t            },\n\t            \"sameAs\": [\n\t                \"https:\/\/www.facebook.com\/VitaAcademySK\/\",\n\t                \"https:\/\/www.linkedin.com\/company\/vita-academy\/\"\n\t            ]\n\t        }\n\t    ]\n\t}<\/script>\n<!-- \/ Yoast SEO Premium plugin. -->","yoast_head_json":{"title":"Program \u0160pecialista Podnikovej Strat\u00e9gie, Pl\u00e1novania a Investovania 2026 | VITA","description":"V online kurze \u0160pecialista podnikovej strat\u00e9gie, pl\u00e1novania a investovania sa nau\u010d\u00edte riadi\u0165 projekty, pracova\u0165 s financiami a vytv\u00e1ra\u0165 strat\u00e9gie. \u2705","robots":{"index":"index","follow":"follow","max-snippet":"max-snippet:-1","max-image-preview":"max-image-preview:large","max-video-preview":"max-video-preview:-1"},"canonical":"https:\/\/www.vita.sk\/online-kurz-program-specialista-podnikovej-strategie-planovania\/","og_locale":"en_US","og_type":"article","og_title":"Program \u0160pecialista Podnikovej Strat\u00e9gie, Pl\u00e1novania a Investovania","og_description":"V online kurze \u0160pecialista podnikovej strat\u00e9gie, pl\u00e1novania a investovania sa nau\u010d\u00edte riadi\u0165 projekty, pracova\u0165 s financiami a vytv\u00e1ra\u0165 strat\u00e9gie. \u2705","og_url":"https:\/\/www.vita.sk\/online-kurz-program-specialista-podnikovej-strategie-planovania\/","og_site_name":"VITA","article_publisher":"https:\/\/www.facebook.com\/VitaAcademySK","article_modified_time":"2026-03-19T13:53:24+00:00","og_image":[{"width":360,"height":360,"url":"https:\/\/www.vita.sk\/wp-content\/uploads\/2022\/05\/online-kurz-Projektovy-Management.png","type":"image\/png"}],"twitter_card":"summary_large_image","twitter_misc":{"Est. reading time":"1 minute"},"schema":{"@context":"https:\/\/schema.org","@graph":[{"@type":"WebPage","@id":"https:\/\/www.vita.sk\/online-kurz-program-specialista-podnikovej-strategie-planovania\/","url":"https:\/\/www.vita.sk\/online-kurz-program-specialista-podnikovej-strategie-planovania\/","name":"Program \u0160pecialista Podnikovej Strat\u00e9gie, Pl\u00e1novania a Investovania {Y} | VITA","isPartOf":{"@id":"https:\/\/www.vita.sk\/#website"},"primaryImageOfPage":{"@id":"https:\/\/www.vita.sk\/online-kurz-program-specialista-podnikovej-strategie-planovania\/#primaryimage"},"image":{"@id":"https:\/\/www.vita.sk\/online-kurz-program-specialista-podnikovej-strategie-planovania\/#primaryimage"},"thumbnailUrl":"https:\/\/www.vita.sk\/wp-content\/uploads\/2022\/05\/online-kurz-Projektovy-Management.png","datePublished":"2026-03-19T11:02:11+00:00","dateModified":"2026-03-19T13:53:24+00:00","description":"V online kurze \u0160pecialista podnikovej strat\u00e9gie, pl\u00e1novania a investovania sa nau\u010d\u00edte riadi\u0165 projekty, pracova\u0165 s financiami a vytv\u00e1ra\u0165 strat\u00e9gie. \u2705","breadcrumb":{"@id":"https:\/\/www.vita.sk\/online-kurz-program-specialista-podnikovej-strategie-planovania\/#breadcrumb"},"inLanguage":"en-US","potentialAction":[{"@type":"ReadAction","target":["https:\/\/www.vita.sk\/online-kurz-program-specialista-podnikovej-strategie-planovania\/"]}]},{"@type":"ImageObject","inLanguage":"en-US","@id":"https:\/\/www.vita.sk\/online-kurz-program-specialista-podnikovej-strategie-planovania\/#primaryimage","url":"https:\/\/www.vita.sk\/wp-content\/uploads\/2022\/05\/online-kurz-Projektovy-Management.png","contentUrl":"https:\/\/www.vita.sk\/wp-content\/uploads\/2022\/05\/online-kurz-Projektovy-Management.png","width":360,"height":360},{"@type":"BreadcrumbList","@id":"https:\/\/www.vita.sk\/online-kurz-program-specialista-podnikovej-strategie-planovania\/#breadcrumb","itemListElement":[{"@type":"ListItem","position":1,"name":"VITA Academy","item":"https:\/\/www.vita.sk\/en\/"},{"@type":"ListItem","position":2,"name":"Shop","item":"https:\/\/www.vita.sk\/shop\/"},{"@type":"ListItem","position":3,"name":"Online Programy pre \u00darad Pr\u00e1ce (\u00daPSVaR) \u2013 Zru\u010dnosti pre Trh Pr\u00e1ce","item":"https:\/\/www.vita.sk\/online-vzdelavacie-kurzy-urad-prace-upsvar-zrucnosti-pre-trh-prace\/"},{"@type":"ListItem","position":4,"name":"Program \u0160pecialista Podnikovej Strat\u00e9gie, Pl\u00e1novania a Investovania"}]},{"@type":"WebSite","@id":"https:\/\/www.vita.sk\/#website","url":"https:\/\/www.vita.sk\/","name":"VITA","description":"","publisher":{"@id":"https:\/\/www.vita.sk\/#organization"},"potentialAction":[{"@type":"SearchAction","target":{"@type":"EntryPoint","urlTemplate":"https:\/\/www.vita.sk\/?s={search_term_string}"},"query-input":{"@type":"PropertyValueSpecification","valueRequired":true,"valueName":"search_term_string"}}],"inLanguage":"en-US"},{"email":"admin@vita.sk","logo":"https:\/\/www.vita.sk\/img\/vita_logo.png ","address":{"type":"PostalAddress","streetAddress":"Tom\u00e1\u0161ikova 50\/A","addressLocality":"Bratislava","postalCode":"83104","addressCountry":{"name":"SK","type":"Country"}},"contactPoint":{"type":"ContactPoint","telephone":"+421 907 375\u00a0543","Email":"admin@vita.sk","contactType":"customer service"},"sameAs":["https:\/\/www.facebook.com\/VitaAcademySK\/","https:\/\/www.linkedin.com\/company\/vita-academy\/"]}]}},"acf":[],"_links":{"self":[{"href":"https:\/\/www.vita.sk\/en\/wp-json\/wp\/v2\/product\/33965","targetHints":{"allow":["GET"]}}],"collection":[{"href":"https:\/\/www.vita.sk\/en\/wp-json\/wp\/v2\/product"}],"about":[{"href":"https:\/\/www.vita.sk\/en\/wp-json\/wp\/v2\/types\/product"}],"author":[{"embeddable":true,"href":"https:\/\/www.vita.sk\/en\/wp-json\/wp\/v2\/users\/27"}],"replies":[{"embeddable":true,"href":"https:\/\/www.vita.sk\/en\/wp-json\/wp\/v2\/comments?post=33965"}],"wp:featuredmedia":[{"embeddable":true,"href":"https:\/\/www.vita.sk\/en\/wp-json\/wp\/v2\/media\/9902"}],"wp:attachment":[{"href":"https:\/\/www.vita.sk\/en\/wp-json\/wp\/v2\/media?parent=33965"}],"wp:term":[{"taxonomy":"product_brand","embeddable":true,"href":"https:\/\/www.vita.sk\/en\/wp-json\/wp\/v2\/product_brand?post=33965"},{"taxonomy":"product_cat","embeddable":true,"href":"https:\/\/www.vita.sk\/en\/wp-json\/wp\/v2\/product_cat?post=33965"},{"taxonomy":"product_tag","embeddable":true,"href":"https:\/\/www.vita.sk\/en\/wp-json\/wp\/v2\/product_tag?post=33965"}],"curies":[{"name":"wp","href":"https:\/\/api.w.org\/{rel}","templated":true}]}}