{"id":34008,"date":"2026-03-21T11:56:03","date_gmt":"2026-03-21T10:56:03","guid":{"rendered":"https:\/\/www.vita.sk\/?post_type=product&#038;p=34008"},"modified":"2026-05-03T20:36:55","modified_gmt":"2026-05-03T18:36:55","slug":"online-kurz-google-notebooklm-ai-i-zaciatocnik","status":"publish","type":"product","link":"https:\/\/www.vita.sk\/en\/online-kurz-google-notebooklm-ai-i-zaciatocnik\/","title":{"rendered":"Online kurz Google NotebookLM AI I. Za\u010diato\u010dn\u00edk"},"content":{"rendered":"<p>Online kurz Google NotebookLM AI I. Za\u010diato\u010dn\u00edk je pre v\u00e1s ide\u00e1lny, ak sa chcete nau\u010di\u0165 efekt\u00edvne pracova\u0165 s n\u00e1strojmi umelej inteligencie pri tvorbe textov, anal\u00fdze inform\u00e1ci\u00ed a p\u00edsan\u00ed odborn\u00fdch \u010dl\u00e1nkov. <strong>Ide o certifikovan\u00fd kurz na Google NotebookLM\u00a0 a umel\u00fa inteligenciu (AI)<\/strong>. V kurze sa nau\u010d\u00edte pracova\u0165 s n\u00e1strojom Google NotebookLM AI a pochop\u00edte, ako vyu\u017e\u00edva\u0165 umel\u00fa inteligenciu (AI) a strojov\u00e9 u\u010denie (ML) pri spracovan\u00ed inform\u00e1ci\u00ed a tvorbe obsahu. Z\u00edskate preh\u013ead o najpou\u017e\u00edvanej\u0161\u00edch AI n\u00e1strojoch a chatovac\u00edch platform\u00e1ch a nau\u010d\u00edte sa, ako ich efekt\u00edvne vyu\u017e\u00edva\u0165 v praxi. D\u00f4le\u017eitou s\u00fa\u010das\u0165ou kurzu je prompt engineering, kde sa nau\u010d\u00edte vytv\u00e1ra\u0165 presn\u00e9 a efekt\u00edvne dopyty (AI Queries) pre AI n\u00e1stroje. Osvoj\u00edte si princ\u00edpy tvorby promptov, ich optimaliz\u00e1cie a testovania, vr\u00e1tane pr\u00e1ce s n\u00e1strojom Lakera AI, ktor\u00fd sl\u00fa\u017ei na tr\u00e9ning a overovanie kvality promptov. Nau\u010d\u00edte sa, ako formulova\u0165 zadania tak, aby ste z\u00edskali relevantn\u00e9, presn\u00e9 a pou\u017eite\u013en\u00e9 v\u00fdstupy pre odborn\u00e9 texty a anal\u00fdzy. Kurz v\u00e1s nau\u010d\u00ed prakticky vyu\u017e\u00edva\u0165 Google NotebookLM pri pr\u00e1ci s textami, webov\u00fdmi str\u00e1nkami a odborn\u00fdmi \u010dl\u00e1nkami. Nau\u010d\u00edte sa organizova\u0165 zdroje, sumarizova\u0165 inform\u00e1cie, analyzova\u0165 obsah a vytv\u00e1ra\u0165 kvalitn\u00e9 texty na z\u00e1klade spracovan\u00fdch d\u00e1t. Z\u00edskate schopnos\u0165 efekt\u00edvne kombinova\u0165 viacero zdrojov a vyu\u017e\u00edva\u0165 AI ako pomocn\u00edka pri p\u00edsan\u00ed odborn\u00fdch \u010dl\u00e1nkov, anal\u00fdz alebo \u0161t\u00fadi\u00ed. S\u00fa\u010das\u0165ou kurzu je aj preh\u013ead pr\u00e1vnych a legislat\u00edvnych aspektov pou\u017e\u00edvania AI n\u00e1strojov. Dozviete sa, ako pracova\u0165 s obsahom generovan\u00fdm AI z poh\u013eadu autorsk\u00e9ho pr\u00e1va, etiky a zodpovedn\u00e9ho pou\u017e\u00edvania technol\u00f3gi\u00ed. Pochop\u00edte rizik\u00e1 spojen\u00e9 s vyu\u017e\u00edvan\u00edm AI a nau\u010d\u00edte sa, ako ich minimalizova\u0165 pri tvorbe odborn\u00e9ho obsahu. Po absolvovan\u00ed kurzu budete schopn\u00ed efekt\u00edvne vyu\u017e\u00edva\u0165 Google NotebookLM a \u010fal\u0161ie AI n\u00e1stroje pri tvorbe textov, anal\u00fdze inform\u00e1ci\u00ed a p\u00edsan\u00ed odborn\u00fdch \u010dl\u00e1nkov. Ak sa chcete skuto\u010dne nau\u010di\u0165 pracova\u0165 s umelou inteligenciou a Google NotebookLM sta\u0165, tak toto je ide\u00e1lny online kurz pre v\u00e1s.<\/p>\n","protected":false},"excerpt":{"rendered":"<p data-start=\"0\" data-end=\"316\">Online kurz Google NotebookLM AI I. Za\u010diato\u010dn\u00edk v\u00e1s nau\u010d\u00ed pracova\u0165 s n\u00e1strojom NotebookLM, vytv\u00e1ra\u0165 efekt\u00edvne AI dopyty, analyzova\u0165 texty a vyu\u017e\u00edva\u0165 umel\u00fa inteligenciu pri tvorbe odborn\u00e9ho obsahu.","protected":false},"author":4,"featured_media":34009,"comment_status":"open","ping_status":"closed","template":"","meta":{"_acf_changed":false},"product_brand":[],"product_cat":[471,588,73],"product_tag":[527,589,609],"class_list":{"0":"post-34008","1":"product","2":"type-product","3":"status-publish","4":"has-post-thumbnail","6":"product_cat-umela-inteligencia","7":"product_cat-online-kurzy-umela-inteligencia-ai","8":"product_cat-bez-kategorie","9":"product_tag-google","10":"product_tag-umela-inteligencia","11":"product_tag-ai","13":"first","14":"instock","15":"sale","16":"sold-individually","17":"taxable","18":"shipping-taxable","19":"purchasable","20":"product-type-simple"},"yoast_head":"<!-- This site is optimized with the Yoast SEO Premium plugin v25.0 (Yoast SEO v25.0) - https:\/\/yoast.com\/wordpress\/plugins\/seo\/ -->\n<title>Online kurz Google NotebookLM AI I. Za\u010diato\u010dn\u00edk 2026 | VITA<\/title>\n<meta name=\"description\" content=\"V online kurze Google NotebookLM I. Za\u010diato\u010dn\u00edk sa nau\u010d\u00edte pracova\u0165 s NotebookLM, vytv\u00e1ra\u0165 kvalitn\u00e9 v\u00fdstupy a vyu\u017e\u00edva\u0165 AI pri ka\u017edodenn\u00fdch \u00faloh\u00e1ch. \u2705\" \/>\n<meta name=\"robots\" content=\"index, follow, max-snippet:-1, max-image-preview:large, max-video-preview:-1\" \/>\n<link rel=\"canonical\" href=\"https:\/\/www.vita.sk\/online-kurz-google-notebooklm-ai-i-zaciatocnik\/\" \/>\n<meta property=\"og:locale\" content=\"en_US\" \/>\n<meta property=\"og:type\" content=\"article\" \/>\n<meta property=\"og:title\" content=\"Online kurz Google NotebookLM AI I. Za\u010diato\u010dn\u00edk\" \/>\n<meta property=\"og:description\" content=\"V online kurze Google NotebookLM I. Za\u010diato\u010dn\u00edk sa nau\u010d\u00edte pracova\u0165 s NotebookLM, vytv\u00e1ra\u0165 kvalitn\u00e9 v\u00fdstupy a vyu\u017e\u00edva\u0165 AI pri ka\u017edodenn\u00fdch \u00faloh\u00e1ch. \u2705\" \/>\n<meta property=\"og:url\" content=\"https:\/\/www.vita.sk\/online-kurz-google-notebooklm-ai-i-zaciatocnik\/\" \/>\n<meta property=\"og:site_name\" content=\"VITA\" \/>\n<meta property=\"article:publisher\" content=\"https:\/\/www.facebook.com\/VitaAcademySK\" \/>\n<meta property=\"article:modified_time\" content=\"2026-05-03T18:36:55+00:00\" \/>\n<meta property=\"og:image\" content=\"https:\/\/www.vita.sk\/wp-content\/uploads\/2026\/03\/online-kurz-notebooklm_logo.png\" \/>\n\t<meta property=\"og:image:width\" content=\"360\" \/>\n\t<meta property=\"og:image:height\" content=\"360\" \/>\n\t<meta property=\"og:image:type\" content=\"image\/png\" \/>\n<meta name=\"twitter:card\" content=\"summary_large_image\" \/>\n<meta name=\"twitter:label1\" content=\"Est. reading time\" \/>\n\t<meta name=\"twitter:data1\" content=\"2 minutes\" \/>\n<script type=\"application\/ld+json\" class=\"yoast-schema-graph\">{\n\t    \"@context\": \"https:\/\/schema.org\",\n\t    \"@graph\": [\n\t        {\n\t            \"@type\": \"WebPage\",\n\t            \"@id\": \"https:\/\/www.vita.sk\/online-kurz-google-notebooklm-ai-i-zaciatocnik\/\",\n\t            \"url\": \"https:\/\/www.vita.sk\/online-kurz-google-notebooklm-ai-i-zaciatocnik\/\",\n\t            \"name\": \"Online kurz Google NotebookLM AI I. Za\u010diato\u010dn\u00edk {Y} | VITA\",\n\t            \"isPartOf\": {\n\t                \"@id\": \"https:\/\/www.vita.sk\/#website\"\n\t            },\n\t            \"primaryImageOfPage\": {\n\t                \"@id\": \"https:\/\/www.vita.sk\/online-kurz-google-notebooklm-ai-i-zaciatocnik\/#primaryimage\"\n\t            },\n\t            \"image\": {\n\t                \"@id\": \"https:\/\/www.vita.sk\/online-kurz-google-notebooklm-ai-i-zaciatocnik\/#primaryimage\"\n\t            },\n\t            \"thumbnailUrl\": \"https:\/\/www.vita.sk\/wp-content\/uploads\/2026\/03\/online-kurz-notebooklm_logo.png\",\n\t            \"datePublished\": \"2026-03-21T10:56:03+00:00\",\n\t            \"dateModified\": \"2026-05-03T18:36:55+00:00\",\n\t            \"description\": \"V online kurze Google NotebookLM I. Za\u010diato\u010dn\u00edk sa nau\u010d\u00edte pracova\u0165 s NotebookLM, vytv\u00e1ra\u0165 kvalitn\u00e9 v\u00fdstupy a vyu\u017e\u00edva\u0165 AI pri ka\u017edodenn\u00fdch \u00faloh\u00e1ch. \u2705\",\n\t            \"breadcrumb\": {\n\t                \"@id\": \"https:\/\/www.vita.sk\/online-kurz-google-notebooklm-ai-i-zaciatocnik\/#breadcrumb\"\n\t            },\n\t            \"inLanguage\": \"en-US\",\n\t            \"potentialAction\": [\n\t                {\n\t                    \"@type\": \"ReadAction\",\n\t                    \"target\": [\n\t                        \"https:\/\/www.vita.sk\/online-kurz-google-notebooklm-ai-i-zaciatocnik\/\"\n\t                    ]\n\t                }\n\t            ]\n\t        },\n\t        {\n\t            \"@type\": \"ImageObject\",\n\t            \"inLanguage\": \"en-US\",\n\t            \"@id\": \"https:\/\/www.vita.sk\/online-kurz-google-notebooklm-ai-i-zaciatocnik\/#primaryimage\",\n\t            \"url\": \"https:\/\/www.vita.sk\/wp-content\/uploads\/2026\/03\/online-kurz-notebooklm_logo.png\",\n\t            \"contentUrl\": \"https:\/\/www.vita.sk\/wp-content\/uploads\/2026\/03\/online-kurz-notebooklm_logo.png\",\n\t            \"width\": 360,\n\t            \"height\": 360,\n\t            \"caption\": \"online kurz NotebookLM logo\"\n\t        },\n\t        {\n\t            \"@type\": \"BreadcrumbList\",\n\t            \"@id\": \"https:\/\/www.vita.sk\/online-kurz-google-notebooklm-ai-i-zaciatocnik\/#breadcrumb\",\n\t            \"itemListElement\": [\n\t                {\n\t                    \"@type\": \"ListItem\",\n\t                    \"position\": 1,\n\t                    \"name\": \"VITA Academy\",\n\t                    \"item\": \"https:\/\/www.vita.sk\/en\/\"\n\t                },\n\t                {\n\t                    \"@type\": \"ListItem\",\n\t                    \"position\": 2,\n\t                    \"name\": \"Shop\",\n\t                    \"item\": \"https:\/\/www.vita.sk\/shop\/\"\n\t                },\n\t                {\n\t                    \"@type\": \"ListItem\",\n\t                    \"position\": 3,\n\t                    \"name\": \"Umel\u00e1 Inteligencia AI\",\n\t                    \"item\": \"https:\/\/www.vita.sk\/online-kurzy-umela-inteligencia-ai\/\"\n\t                },\n\t                {\n\t                    \"@type\": \"ListItem\",\n\t                    \"position\": 4,\n\t                    \"name\": \"Online kurz Google NotebookLM AI I. Za\u010diato\u010dn\u00edk\"\n\t                }\n\t            ]\n\t        },\n\t        {\n\t            \"@type\": \"WebSite\",\n\t            \"@id\": \"https:\/\/www.vita.sk\/#website\",\n\t            \"url\": \"https:\/\/www.vita.sk\/\",\n\t            \"name\": \"VITA\",\n\t            \"description\": \"\",\n\t            \"publisher\": {\n\t                \"@id\": \"https:\/\/www.vita.sk\/#organization\"\n\t            },\n\t            \"potentialAction\": [\n\t                {\n\t                    \"@type\": \"SearchAction\",\n\t                    \"target\": {\n\t                        \"@type\": \"EntryPoint\",\n\t                        \"urlTemplate\": \"https:\/\/www.vita.sk\/?s={search_term_string}\"\n\t                    },\n\t                    \"query-input\": {\n\t                        \"@type\": \"PropertyValueSpecification\",\n\t                        \"valueRequired\": true,\n\t                        \"valueName\": \"search_term_string\"\n\t                    }\n\t                }\n\t            ],\n\t            \"inLanguage\": \"en-US\"\n\t        },\n\t        {\n\t            \"email\": \"admin@vita.sk\",\n\t            \"logo\": \"https:\/\/www.vita.sk\/img\/vita_logo.png \",\n\t            \"address\": {\n\t                \"type\": \"PostalAddress\",\n\t                \"streetAddress\": \"Tom\u00e1\u0161ikova 50\/A\",\n\t                \"addressLocality\": \"Bratislava\",\n\t                \"postalCode\": \"83104\",\n\t                \"addressCountry\": {\n\t                    \"name\": \"SK\",\n\t                    \"type\": \"Country\"\n\t                }\n\t            },\n\t            \"contactPoint\": {\n\t                \"type\": \"ContactPoint\",\n\t                \"telephone\": \"+421 907 375\u00a0543\",\n\t                \"Email\": \"admin@vita.sk\",\n\t                \"contactType\": \"customer service\"\n\t            },\n\t            \"sameAs\": [\n\t                \"https:\/\/www.facebook.com\/VitaAcademySK\/\",\n\t                \"https:\/\/www.linkedin.com\/company\/vita-academy\/\"\n\t            ]\n\t        }\n\t    ]\n\t}<\/script>\n<!-- \/ Yoast SEO Premium plugin. -->","yoast_head_json":{"title":"Online kurz Google NotebookLM AI I. Za\u010diato\u010dn\u00edk 2026 | VITA","description":"V online kurze Google NotebookLM I. Za\u010diato\u010dn\u00edk sa nau\u010d\u00edte pracova\u0165 s NotebookLM, vytv\u00e1ra\u0165 kvalitn\u00e9 v\u00fdstupy a vyu\u017e\u00edva\u0165 AI pri ka\u017edodenn\u00fdch \u00faloh\u00e1ch. \u2705","robots":{"index":"index","follow":"follow","max-snippet":"max-snippet:-1","max-image-preview":"max-image-preview:large","max-video-preview":"max-video-preview:-1"},"canonical":"https:\/\/www.vita.sk\/online-kurz-google-notebooklm-ai-i-zaciatocnik\/","og_locale":"en_US","og_type":"article","og_title":"Online kurz Google NotebookLM AI I. Za\u010diato\u010dn\u00edk","og_description":"V online kurze Google NotebookLM I. Za\u010diato\u010dn\u00edk sa nau\u010d\u00edte pracova\u0165 s NotebookLM, vytv\u00e1ra\u0165 kvalitn\u00e9 v\u00fdstupy a vyu\u017e\u00edva\u0165 AI pri ka\u017edodenn\u00fdch \u00faloh\u00e1ch. \u2705","og_url":"https:\/\/www.vita.sk\/online-kurz-google-notebooklm-ai-i-zaciatocnik\/","og_site_name":"VITA","article_publisher":"https:\/\/www.facebook.com\/VitaAcademySK","article_modified_time":"2026-05-03T18:36:55+00:00","og_image":[{"width":360,"height":360,"url":"https:\/\/www.vita.sk\/wp-content\/uploads\/2026\/03\/online-kurz-notebooklm_logo.png","type":"image\/png"}],"twitter_card":"summary_large_image","twitter_misc":{"Est. reading time":"2 minutes"},"schema":{"@context":"https:\/\/schema.org","@graph":[{"@type":"WebPage","@id":"https:\/\/www.vita.sk\/online-kurz-google-notebooklm-ai-i-zaciatocnik\/","url":"https:\/\/www.vita.sk\/online-kurz-google-notebooklm-ai-i-zaciatocnik\/","name":"Online kurz Google NotebookLM AI I. Za\u010diato\u010dn\u00edk {Y} | VITA","isPartOf":{"@id":"https:\/\/www.vita.sk\/#website"},"primaryImageOfPage":{"@id":"https:\/\/www.vita.sk\/online-kurz-google-notebooklm-ai-i-zaciatocnik\/#primaryimage"},"image":{"@id":"https:\/\/www.vita.sk\/online-kurz-google-notebooklm-ai-i-zaciatocnik\/#primaryimage"},"thumbnailUrl":"https:\/\/www.vita.sk\/wp-content\/uploads\/2026\/03\/online-kurz-notebooklm_logo.png","datePublished":"2026-03-21T10:56:03+00:00","dateModified":"2026-05-03T18:36:55+00:00","description":"V online kurze Google NotebookLM I. Za\u010diato\u010dn\u00edk sa nau\u010d\u00edte pracova\u0165 s NotebookLM, vytv\u00e1ra\u0165 kvalitn\u00e9 v\u00fdstupy a vyu\u017e\u00edva\u0165 AI pri ka\u017edodenn\u00fdch \u00faloh\u00e1ch. \u2705","breadcrumb":{"@id":"https:\/\/www.vita.sk\/online-kurz-google-notebooklm-ai-i-zaciatocnik\/#breadcrumb"},"inLanguage":"en-US","potentialAction":[{"@type":"ReadAction","target":["https:\/\/www.vita.sk\/online-kurz-google-notebooklm-ai-i-zaciatocnik\/"]}]},{"@type":"ImageObject","inLanguage":"en-US","@id":"https:\/\/www.vita.sk\/online-kurz-google-notebooklm-ai-i-zaciatocnik\/#primaryimage","url":"https:\/\/www.vita.sk\/wp-content\/uploads\/2026\/03\/online-kurz-notebooklm_logo.png","contentUrl":"https:\/\/www.vita.sk\/wp-content\/uploads\/2026\/03\/online-kurz-notebooklm_logo.png","width":360,"height":360,"caption":"online kurz NotebookLM logo"},{"@type":"BreadcrumbList","@id":"https:\/\/www.vita.sk\/online-kurz-google-notebooklm-ai-i-zaciatocnik\/#breadcrumb","itemListElement":[{"@type":"ListItem","position":1,"name":"VITA Academy","item":"https:\/\/www.vita.sk\/en\/"},{"@type":"ListItem","position":2,"name":"Shop","item":"https:\/\/www.vita.sk\/shop\/"},{"@type":"ListItem","position":3,"name":"Umel\u00e1 Inteligencia AI","item":"https:\/\/www.vita.sk\/online-kurzy-umela-inteligencia-ai\/"},{"@type":"ListItem","position":4,"name":"Online kurz Google NotebookLM AI I. Za\u010diato\u010dn\u00edk"}]},{"@type":"WebSite","@id":"https:\/\/www.vita.sk\/#website","url":"https:\/\/www.vita.sk\/","name":"VITA","description":"","publisher":{"@id":"https:\/\/www.vita.sk\/#organization"},"potentialAction":[{"@type":"SearchAction","target":{"@type":"EntryPoint","urlTemplate":"https:\/\/www.vita.sk\/?s={search_term_string}"},"query-input":{"@type":"PropertyValueSpecification","valueRequired":true,"valueName":"search_term_string"}}],"inLanguage":"en-US"},{"email":"admin@vita.sk","logo":"https:\/\/www.vita.sk\/img\/vita_logo.png ","address":{"type":"PostalAddress","streetAddress":"Tom\u00e1\u0161ikova 50\/A","addressLocality":"Bratislava","postalCode":"83104","addressCountry":{"name":"SK","type":"Country"}},"contactPoint":{"type":"ContactPoint","telephone":"+421 907 375\u00a0543","Email":"admin@vita.sk","contactType":"customer service"},"sameAs":["https:\/\/www.facebook.com\/VitaAcademySK\/","https:\/\/www.linkedin.com\/company\/vita-academy\/"]}]}},"acf":[],"_links":{"self":[{"href":"https:\/\/www.vita.sk\/en\/wp-json\/wp\/v2\/product\/34008","targetHints":{"allow":["GET"]}}],"collection":[{"href":"https:\/\/www.vita.sk\/en\/wp-json\/wp\/v2\/product"}],"about":[{"href":"https:\/\/www.vita.sk\/en\/wp-json\/wp\/v2\/types\/product"}],"author":[{"embeddable":true,"href":"https:\/\/www.vita.sk\/en\/wp-json\/wp\/v2\/users\/4"}],"replies":[{"embeddable":true,"href":"https:\/\/www.vita.sk\/en\/wp-json\/wp\/v2\/comments?post=34008"}],"wp:featuredmedia":[{"embeddable":true,"href":"https:\/\/www.vita.sk\/en\/wp-json\/wp\/v2\/media\/34009"}],"wp:attachment":[{"href":"https:\/\/www.vita.sk\/en\/wp-json\/wp\/v2\/media?parent=34008"}],"wp:term":[{"taxonomy":"product_brand","embeddable":true,"href":"https:\/\/www.vita.sk\/en\/wp-json\/wp\/v2\/product_brand?post=34008"},{"taxonomy":"product_cat","embeddable":true,"href":"https:\/\/www.vita.sk\/en\/wp-json\/wp\/v2\/product_cat?post=34008"},{"taxonomy":"product_tag","embeddable":true,"href":"https:\/\/www.vita.sk\/en\/wp-json\/wp\/v2\/product_tag?post=34008"}],"curies":[{"name":"wp","href":"https:\/\/api.w.org\/{rel}","templated":true}]}}