{"id":3898,"date":"2021-03-05T14:09:27","date_gmt":"2021-03-05T13:09:27","guid":{"rendered":"https:\/\/www.vita.sk\/?post_type=product&#038;p=3898"},"modified":"2024-04-18T08:25:44","modified_gmt":"2024-04-18T06:25:44","slug":"online-kurz-togaf-foundation","status":"publish","type":"product","link":"https:\/\/www.vita.sk\/en\/online-kurz-togaf-foundation\/","title":{"rendered":"Online kurz TOGAF Foundation"},"content":{"rendered":"<p>Online kurz TOGAF Foundation v\u00e1s nau\u010d\u00ed pracova\u0165 s najpou\u017e\u00edvanej\u0161\u00edm r\u00e1mcom pre podnikov\u00fa architekt\u00faru, ktor\u00fd poskytuje pr\u00edstup pre navrhovanie, pl\u00e1novanie, implement\u00e1ciu a riadenie architekt\u00fary podnikov\u00fdch informa\u010dn\u00fdch technol\u00f3gi\u00ed. <strong>Ide o jedin\u00fd akreditovan\u00fd a certifikovan\u00fd kurz na TOGAF na Slovensku.<\/strong><br \/>\nTOGAF Foundation je dizajn na vysokej \u00farovni. Typicky je pomocou neho architekt\u00fara modelovan\u00e1 na \u0161tyroch \u00farovniach: business, aplika\u010dn\u00e9, d\u00e1tov\u00e9 a technologick\u00e9. TOGAF je silne z\u00e1visl\u00fd na modulariz\u00e1cii, \u0161tandardiz\u00e1ciu a u\u017e existuj\u00facich, osved\u010den\u00fdch technol\u00f3gi\u00e1ch a produktoch. Absolventi TOGAF Foundation z\u00edskaj\u00fa cenn\u00e9 inform\u00e1cie a mana\u017e\u00e9rske zhrnutie, ako navrhn\u00fa\u0165, implementova\u0165 \u010di optimalizova\u0165 flexibiln\u00e9 a predov\u0161etk\u00fdm dostupn\u00e9 slu\u017eby Enterprise architekt\u00fary (EA). Ak sa chcete skuto\u010dne nau\u010di\u0165 pou\u017e\u00edva\u0165 TOAGF, tak toto je ide\u00e1lny online kurz pre v\u00e1s.<\/p>\n","protected":false},"excerpt":{"rendered":"<p>Online kurz TOGAF Foundation v\u00e1s nau\u010d\u00ed pracova\u0165 s najpou\u017e\u00edvanej\u0161\u00edm r\u00e1mcom pre podnikov\u00fa architekt\u00faru, ktor\u00fd poskytuje pr\u00edstup pre navrhovanie, pl\u00e1novanie, implement\u00e1ciu a riadenie architekt\u00fary podnikov\u00fdch informa\u010dn\u00fdch technol\u00f3gi\u00ed. Ide o jedin\u00fd akreditovan\u00fd a certifikovan\u00fd kurz na TOGAF na Slovensku. TOGAF Foundation je dizajn na vysokej \u00farovni.","protected":false},"author":27,"featured_media":4456,"comment_status":"open","ping_status":"closed","template":"","meta":{"_acf_changed":false},"product_brand":[],"product_cat":[84,45,99,73,406],"product_tag":[182,191],"class_list":{"0":"post-3898","1":"product","2":"type-product","3":"status-publish","4":"has-post-thumbnail","6":"product_cat-online-kurzy-manazerske-kurzy-soft-skills","7":"product_cat-online-kurzy-certifikacne-skusky","8":"product_cat-online-kurzy-programovacie-jazyky","9":"product_cat-bez-kategorie","10":"product_cat-online-kurzy-togaf","11":"product_tag-vip","12":"product_tag-manazerske-kurzy","14":"first","15":"instock","16":"sale","17":"sold-individually","18":"taxable","19":"shipping-taxable","20":"purchasable","21":"product-type-simple"},"yoast_head":"<!-- This site is optimized with the Yoast SEO Premium plugin v25.0 (Yoast SEO v25.0) - https:\/\/yoast.com\/wordpress\/plugins\/seo\/ -->\n<title>Online kurz TOGAF Foundation  | VITA<\/title>\n<meta name=\"description\" content=\"V online kurze TOGAF Foundation \u0165a nau\u010d\u00edme, ako navrhn\u00fa\u0165, implementova\u0165 \u010di optimalizova\u0165 flexibiln\u00e9 slu\u017eby enterprise architekt\u00fary (EA).\" \/>\n<meta name=\"robots\" content=\"index, follow, max-snippet:-1, max-image-preview:large, max-video-preview:-1\" \/>\n<link rel=\"canonical\" href=\"https:\/\/www.vita.sk\/online-kurz-togaf-foundation\/\" \/>\n<meta property=\"og:locale\" content=\"en_US\" \/>\n<meta property=\"og:type\" content=\"article\" \/>\n<meta property=\"og:title\" content=\"Online kurz TOGAF Foundation\" \/>\n<meta property=\"og:description\" content=\"V online kurze TOGAF Foundation \u0165a nau\u010d\u00edme, ako navrhn\u00fa\u0165, implementova\u0165 \u010di optimalizova\u0165 flexibiln\u00e9 slu\u017eby enterprise architekt\u00fary (EA).\" \/>\n<meta property=\"og:url\" content=\"https:\/\/www.vita.sk\/online-kurz-togaf-foundation\/\" \/>\n<meta property=\"og:site_name\" content=\"VITA\" \/>\n<meta property=\"article:publisher\" content=\"https:\/\/www.facebook.com\/VitaAcademySK\" \/>\n<meta property=\"article:modified_time\" content=\"2024-04-18T06:25:44+00:00\" \/>\n<meta property=\"og:image\" content=\"https:\/\/www.vita.sk\/wp-content\/uploads\/2020\/11\/kurz_TOGAF.png\" \/>\n\t<meta property=\"og:image:width\" content=\"360\" \/>\n\t<meta property=\"og:image:height\" content=\"360\" \/>\n\t<meta property=\"og:image:type\" content=\"image\/png\" \/>\n<meta name=\"twitter:card\" content=\"summary_large_image\" \/>\n<meta name=\"twitter:label1\" content=\"Est. reading time\" \/>\n\t<meta name=\"twitter:data1\" content=\"1 minute\" \/>\n<script type=\"application\/ld+json\" class=\"yoast-schema-graph\">{\n\t    \"@context\": \"https:\/\/schema.org\",\n\t    \"@graph\": [\n\t        {\n\t            \"@type\": \"WebPage\",\n\t            \"@id\": \"https:\/\/www.vita.sk\/online-kurz-togaf-foundation\/\",\n\t            \"url\": \"https:\/\/www.vita.sk\/online-kurz-togaf-foundation\/\",\n\t            \"name\": \"Online kurz TOGAF Foundation 2023 | VITA\",\n\t            \"isPartOf\": {\n\t                \"@id\": \"https:\/\/www.vita.sk\/#website\"\n\t            },\n\t            \"primaryImageOfPage\": {\n\t                \"@id\": \"https:\/\/www.vita.sk\/online-kurz-togaf-foundation\/#primaryimage\"\n\t            },\n\t            \"image\": {\n\t                \"@id\": \"https:\/\/www.vita.sk\/online-kurz-togaf-foundation\/#primaryimage\"\n\t            },\n\t            \"thumbnailUrl\": \"https:\/\/www.vita.sk\/wp-content\/uploads\/2020\/11\/kurz_TOGAF.png\",\n\t            \"datePublished\": \"2021-03-05T13:09:27+00:00\",\n\t            \"dateModified\": \"2024-04-18T06:25:44+00:00\",\n\t            \"description\": \"V online kurze TOGAF Foundation \u0165a nau\u010d\u00edme, ako navrhn\u00fa\u0165, implementova\u0165 \u010di optimalizova\u0165 flexibiln\u00e9 slu\u017eby enterprise architekt\u00fary (EA).\",\n\t            \"breadcrumb\": {\n\t                \"@id\": \"https:\/\/www.vita.sk\/online-kurz-togaf-foundation\/#breadcrumb\"\n\t            },\n\t            \"inLanguage\": \"en-US\",\n\t            \"potentialAction\": [\n\t                {\n\t                    \"@type\": \"ReadAction\",\n\t                    \"target\": [\n\t                        \"https:\/\/www.vita.sk\/online-kurz-togaf-foundation\/\"\n\t                    ]\n\t                }\n\t            ]\n\t        },\n\t        {\n\t            \"@type\": \"ImageObject\",\n\t            \"inLanguage\": \"en-US\",\n\t            \"@id\": \"https:\/\/www.vita.sk\/online-kurz-togaf-foundation\/#primaryimage\",\n\t            \"url\": \"https:\/\/www.vita.sk\/wp-content\/uploads\/2020\/11\/kurz_TOGAF.png\",\n\t            \"contentUrl\": \"https:\/\/www.vita.sk\/wp-content\/uploads\/2020\/11\/kurz_TOGAF.png\",\n\t            \"width\": 360,\n\t            \"height\": 360,\n\t            \"caption\": \"Online kurz TOGAF Foundation\"\n\t        },\n\t        {\n\t            \"@type\": \"BreadcrumbList\",\n\t            \"@id\": \"https:\/\/www.vita.sk\/online-kurz-togaf-foundation\/#breadcrumb\",\n\t            \"itemListElement\": [\n\t                {\n\t                    \"@type\": \"ListItem\",\n\t                    \"position\": 1,\n\t                    \"name\": \"VITA Academy\",\n\t                    \"item\": \"https:\/\/www.vita.sk\/en\/\"\n\t                },\n\t                {\n\t                    \"@type\": \"ListItem\",\n\t                    \"position\": 2,\n\t                    \"name\": \"Shop\",\n\t                    \"item\": \"https:\/\/www.vita.sk\/shop\/\"\n\t                },\n\t                {\n\t                    \"@type\": \"ListItem\",\n\t                    \"position\": 3,\n\t                    \"name\": \"Programovacie Jazyky\",\n\t                    \"item\": \"https:\/\/www.vita.sk\/online-kurzy-programovacie-jazyky\/\"\n\t                },\n\t                {\n\t                    \"@type\": \"ListItem\",\n\t                    \"position\": 4,\n\t                    \"name\": \"TOGAF\",\n\t                    \"item\": \"https:\/\/www.vita.sk\/online-kurzy-togaf\/\"\n\t                },\n\t                {\n\t                    \"@type\": \"ListItem\",\n\t                    \"position\": 5,\n\t                    \"name\": \"Online kurz TOGAF Foundation\"\n\t                }\n\t            ]\n\t        },\n\t        {\n\t            \"@type\": \"WebSite\",\n\t            \"@id\": \"https:\/\/www.vita.sk\/#website\",\n\t            \"url\": \"https:\/\/www.vita.sk\/\",\n\t            \"name\": \"VITA\",\n\t            \"description\": \"\",\n\t            \"publisher\": {\n\t                \"@id\": \"https:\/\/www.vita.sk\/#organization\"\n\t            },\n\t            \"potentialAction\": [\n\t                {\n\t                    \"@type\": \"SearchAction\",\n\t                    \"target\": {\n\t                        \"@type\": \"EntryPoint\",\n\t                        \"urlTemplate\": \"https:\/\/www.vita.sk\/?s={search_term_string}\"\n\t                    },\n\t                    \"query-input\": {\n\t                        \"@type\": \"PropertyValueSpecification\",\n\t                        \"valueRequired\": true,\n\t                        \"valueName\": \"search_term_string\"\n\t                    }\n\t                }\n\t            ],\n\t            \"inLanguage\": \"en-US\"\n\t        },\n\t        {\n\t            \"email\": \"admin@vita.sk\",\n\t            \"logo\": \"https:\/\/www.vita.sk\/img\/vita_logo.png \",\n\t            \"address\": {\n\t                \"type\": \"PostalAddress\",\n\t                \"streetAddress\": \"Tom\u00e1\u0161ikova 50\/A\",\n\t                \"addressLocality\": \"Bratislava\",\n\t                \"postalCode\": \"83104\",\n\t                \"addressCountry\": {\n\t                    \"name\": \"SK\",\n\t                    \"type\": \"Country\"\n\t                }\n\t            },\n\t            \"contactPoint\": {\n\t                \"type\": \"ContactPoint\",\n\t                \"telephone\": \"+421 907 375\u00a0543\",\n\t                \"Email\": \"admin@vita.sk\",\n\t                \"contactType\": \"customer service\"\n\t            },\n\t            \"sameAs\": [\n\t                \"https:\/\/www.facebook.com\/VitaAcademySK\/\",\n\t                \"https:\/\/www.linkedin.com\/company\/vita-academy\/\"\n\t            ]\n\t        }\n\t    ]\n\t}<\/script>\n<!-- \/ Yoast SEO Premium plugin. -->","yoast_head_json":{"title":"Online kurz TOGAF Foundation  | VITA","description":"V online kurze TOGAF Foundation \u0165a nau\u010d\u00edme, ako navrhn\u00fa\u0165, implementova\u0165 \u010di optimalizova\u0165 flexibiln\u00e9 slu\u017eby enterprise architekt\u00fary (EA).","robots":{"index":"index","follow":"follow","max-snippet":"max-snippet:-1","max-image-preview":"max-image-preview:large","max-video-preview":"max-video-preview:-1"},"canonical":"https:\/\/www.vita.sk\/online-kurz-togaf-foundation\/","og_locale":"en_US","og_type":"article","og_title":"Online kurz TOGAF Foundation","og_description":"V online kurze TOGAF Foundation \u0165a nau\u010d\u00edme, ako navrhn\u00fa\u0165, implementova\u0165 \u010di optimalizova\u0165 flexibiln\u00e9 slu\u017eby enterprise architekt\u00fary (EA).","og_url":"https:\/\/www.vita.sk\/online-kurz-togaf-foundation\/","og_site_name":"VITA","article_publisher":"https:\/\/www.facebook.com\/VitaAcademySK","article_modified_time":"2024-04-18T06:25:44+00:00","og_image":[{"width":360,"height":360,"url":"https:\/\/www.vita.sk\/wp-content\/uploads\/2020\/11\/kurz_TOGAF.png","type":"image\/png"}],"twitter_card":"summary_large_image","twitter_misc":{"Est. reading time":"1 minute"},"schema":{"@context":"https:\/\/schema.org","@graph":[{"@type":"WebPage","@id":"https:\/\/www.vita.sk\/online-kurz-togaf-foundation\/","url":"https:\/\/www.vita.sk\/online-kurz-togaf-foundation\/","name":"Online kurz TOGAF Foundation 2023 | VITA","isPartOf":{"@id":"https:\/\/www.vita.sk\/#website"},"primaryImageOfPage":{"@id":"https:\/\/www.vita.sk\/online-kurz-togaf-foundation\/#primaryimage"},"image":{"@id":"https:\/\/www.vita.sk\/online-kurz-togaf-foundation\/#primaryimage"},"thumbnailUrl":"https:\/\/www.vita.sk\/wp-content\/uploads\/2020\/11\/kurz_TOGAF.png","datePublished":"2021-03-05T13:09:27+00:00","dateModified":"2024-04-18T06:25:44+00:00","description":"V online kurze TOGAF Foundation \u0165a nau\u010d\u00edme, ako navrhn\u00fa\u0165, implementova\u0165 \u010di optimalizova\u0165 flexibiln\u00e9 slu\u017eby enterprise architekt\u00fary (EA).","breadcrumb":{"@id":"https:\/\/www.vita.sk\/online-kurz-togaf-foundation\/#breadcrumb"},"inLanguage":"en-US","potentialAction":[{"@type":"ReadAction","target":["https:\/\/www.vita.sk\/online-kurz-togaf-foundation\/"]}]},{"@type":"ImageObject","inLanguage":"en-US","@id":"https:\/\/www.vita.sk\/online-kurz-togaf-foundation\/#primaryimage","url":"https:\/\/www.vita.sk\/wp-content\/uploads\/2020\/11\/kurz_TOGAF.png","contentUrl":"https:\/\/www.vita.sk\/wp-content\/uploads\/2020\/11\/kurz_TOGAF.png","width":360,"height":360,"caption":"Online kurz TOGAF Foundation"},{"@type":"BreadcrumbList","@id":"https:\/\/www.vita.sk\/online-kurz-togaf-foundation\/#breadcrumb","itemListElement":[{"@type":"ListItem","position":1,"name":"VITA Academy","item":"https:\/\/www.vita.sk\/en\/"},{"@type":"ListItem","position":2,"name":"Shop","item":"https:\/\/www.vita.sk\/shop\/"},{"@type":"ListItem","position":3,"name":"Programovacie Jazyky","item":"https:\/\/www.vita.sk\/online-kurzy-programovacie-jazyky\/"},{"@type":"ListItem","position":4,"name":"TOGAF","item":"https:\/\/www.vita.sk\/online-kurzy-togaf\/"},{"@type":"ListItem","position":5,"name":"Online kurz TOGAF Foundation"}]},{"@type":"WebSite","@id":"https:\/\/www.vita.sk\/#website","url":"https:\/\/www.vita.sk\/","name":"VITA","description":"","publisher":{"@id":"https:\/\/www.vita.sk\/#organization"},"potentialAction":[{"@type":"SearchAction","target":{"@type":"EntryPoint","urlTemplate":"https:\/\/www.vita.sk\/?s={search_term_string}"},"query-input":{"@type":"PropertyValueSpecification","valueRequired":true,"valueName":"search_term_string"}}],"inLanguage":"en-US"},{"email":"admin@vita.sk","logo":"https:\/\/www.vita.sk\/img\/vita_logo.png ","address":{"type":"PostalAddress","streetAddress":"Tom\u00e1\u0161ikova 50\/A","addressLocality":"Bratislava","postalCode":"83104","addressCountry":{"name":"SK","type":"Country"}},"contactPoint":{"type":"ContactPoint","telephone":"+421 907 375\u00a0543","Email":"admin@vita.sk","contactType":"customer service"},"sameAs":["https:\/\/www.facebook.com\/VitaAcademySK\/","https:\/\/www.linkedin.com\/company\/vita-academy\/"]}]}},"acf":[],"_links":{"self":[{"href":"https:\/\/www.vita.sk\/en\/wp-json\/wp\/v2\/product\/3898","targetHints":{"allow":["GET"]}}],"collection":[{"href":"https:\/\/www.vita.sk\/en\/wp-json\/wp\/v2\/product"}],"about":[{"href":"https:\/\/www.vita.sk\/en\/wp-json\/wp\/v2\/types\/product"}],"author":[{"embeddable":true,"href":"https:\/\/www.vita.sk\/en\/wp-json\/wp\/v2\/users\/27"}],"replies":[{"embeddable":true,"href":"https:\/\/www.vita.sk\/en\/wp-json\/wp\/v2\/comments?post=3898"}],"wp:featuredmedia":[{"embeddable":true,"href":"https:\/\/www.vita.sk\/en\/wp-json\/wp\/v2\/media\/4456"}],"wp:attachment":[{"href":"https:\/\/www.vita.sk\/en\/wp-json\/wp\/v2\/media?parent=3898"}],"wp:term":[{"taxonomy":"product_brand","embeddable":true,"href":"https:\/\/www.vita.sk\/en\/wp-json\/wp\/v2\/product_brand?post=3898"},{"taxonomy":"product_cat","embeddable":true,"href":"https:\/\/www.vita.sk\/en\/wp-json\/wp\/v2\/product_cat?post=3898"},{"taxonomy":"product_tag","embeddable":true,"href":"https:\/\/www.vita.sk\/en\/wp-json\/wp\/v2\/product_tag?post=3898"}],"curies":[{"name":"wp","href":"https:\/\/api.w.org\/{rel}","templated":true}]}}