{"id":3915,"date":"2021-04-06T09:30:55","date_gmt":"2021-04-06T07:30:55","guid":{"rendered":"https:\/\/www.vita.sk\/?post_type=product&#038;p=3915"},"modified":"2025-07-31T09:20:54","modified_gmt":"2025-07-31T07:20:54","slug":"online-kurz-adobe-illustrator-ii-mierne-pokrocily","status":"publish","type":"product","link":"https:\/\/www.vita.sk\/en\/online-kurz-adobe-illustrator-ii-mierne-pokrocily\/","title":{"rendered":"Online kurz Adobe Illustrator II. Mierne Pokro\u010dil\u00fd"},"content":{"rendered":"<p>Online kurz Adobe Illustrator II. Mierne Pokro\u010dil\u00fd je ur\u010den\u00fd pre v\u00e1s, ak m\u00e1te sk\u00fasenosti s Adobe Illustrator alebo ste absolvovali online kurz Adobe Illustrator I. Za\u010diato\u010dn\u00edk. <strong>Ide o jedin\u00fd akreditovan\u00fd a certifikovan\u00fd kurz na Adobe Illustrator na Slovensku.<\/strong> Osvoj\u00edte si tvorbu textu a pokro\u010dil\u00e9 vyu\u017e\u00edvanie vrstiev. Kresli\u0165 s perspekt\u00edvou sa stane pre v\u00e1s hra\u010dkou. Nau\u010d\u00edme v\u00e1s pracova\u0165 s prel\u00ednan\u00edm farieb a tvarov. Nau\u010d\u00edte sa vytv\u00e1ra\u0165 a upravova\u0165 vektorov\u00e9 tvary a objekty pomocou n\u00e1strojov ako Pen Tool, Shape Tool a \u010fal\u0161\u00edch. Uk\u00e1\u017eeme si textov\u00e9 efekty a \u00fapravy, ako s\u00fa krivky textu. Nau\u010d\u00edte sa pou\u017e\u00edva\u0165 efekty a filtre, z\u00e1rove\u0148 si roz\u0161\u00edrite svoje schopnosti v pr\u00e1ci s vrstvami.<\/p>\n","protected":false},"excerpt":{"rendered":"<p>Online kurz Adobe Illustrator II. Mierne Pokro\u010dil\u00fd je ur\u010den\u00fd pre v\u00e1s, ak m\u00e1te sk\u00fasenosti s Adobe Illustrator alebo ste absolvovali online kurz Adobe Illustrator I. Za\u010diato\u010dn\u00edk. Ide o jedin\u00fd akreditovan\u00fd a certifikovan\u00fd kurz na Adobe Illustrator na Slovensku. Osvoj\u00edte si tvorbu textu a pokro\u010dil\u00e9 vyu\u017e\u00edvanie vrstiev. Kresli\u0165 s perspekt\u00edvou sa stane pre v\u00e1s hra\u010dkou.","protected":false},"author":4,"featured_media":481,"comment_status":"open","ping_status":"closed","template":"","meta":{"_acf_changed":false},"product_brand":[],"product_cat":[59,56],"product_tag":[194],"class_list":{"0":"post-3915","1":"product","2":"type-product","3":"status-publish","4":"has-post-thumbnail","6":"product_cat-online-kurzy-adobe-illustrator","7":"product_cat-online-kurzy-grafika-a-dizajn","8":"product_tag-grafika-a-dizajn","10":"first","11":"instock","12":"sale","13":"sold-individually","14":"taxable","15":"shipping-taxable","16":"purchasable","17":"product-type-simple"},"yoast_head":"<!-- This site is optimized with the Yoast SEO Premium plugin v25.0 (Yoast SEO v25.0) - https:\/\/yoast.com\/wordpress\/plugins\/seo\/ -->\n<title>Online kurz Adobe Illustrator II. Mierne Pokro\u010dil\u00fd 2026 | VITA<\/title>\n<meta name=\"description\" content=\"V kurze Adobe Illustrator pre mierne pokro\u010dil\u00fdch \u0165a nau\u010d\u00edme tvori\u0165 text, kresli\u0165 s perspekt\u00edvou a pokro\u010dilo vyu\u017e\u00edva\u0165 vrstvy.\" \/>\n<meta name=\"robots\" content=\"index, follow, max-snippet:-1, max-image-preview:large, max-video-preview:-1\" \/>\n<link rel=\"canonical\" href=\"https:\/\/www.vita.sk\/online-kurz-adobe-illustrator-ii-mierne-pokrocily\/\" \/>\n<meta property=\"og:locale\" content=\"en_US\" \/>\n<meta property=\"og:type\" content=\"article\" \/>\n<meta property=\"og:title\" content=\"Online kurz Adobe Illustrator II. Mierne Pokro\u010dil\u00fd\" \/>\n<meta property=\"og:description\" content=\"V kurze Adobe Illustrator pre mierne pokro\u010dil\u00fdch \u0165a nau\u010d\u00edme tvori\u0165 text, kresli\u0165 s perspekt\u00edvou a pokro\u010dilo vyu\u017e\u00edva\u0165 vrstvy.\" \/>\n<meta property=\"og:url\" content=\"https:\/\/www.vita.sk\/online-kurz-adobe-illustrator-ii-mierne-pokrocily\/\" \/>\n<meta property=\"og:site_name\" content=\"VITA\" \/>\n<meta property=\"article:publisher\" content=\"https:\/\/www.facebook.com\/VitaAcademySK\" \/>\n<meta property=\"article:modified_time\" content=\"2025-07-31T07:20:54+00:00\" \/>\n<meta property=\"og:image\" content=\"https:\/\/www.vita.sk\/wp-content\/uploads\/2018\/10\/adobe-illustrator.png\" \/>\n\t<meta property=\"og:image:width\" content=\"360\" \/>\n\t<meta property=\"og:image:height\" content=\"360\" \/>\n\t<meta property=\"og:image:type\" content=\"image\/png\" \/>\n<meta name=\"twitter:card\" content=\"summary_large_image\" \/>\n<meta name=\"twitter:label1\" content=\"Est. reading time\" \/>\n\t<meta name=\"twitter:data1\" content=\"1 minute\" \/>\n<script type=\"application\/ld+json\" class=\"yoast-schema-graph\">{\n\t    \"@context\": \"https:\/\/schema.org\",\n\t    \"@graph\": [\n\t        {\n\t            \"@type\": \"WebPage\",\n\t            \"@id\": \"https:\/\/www.vita.sk\/online-kurz-adobe-illustrator-ii-mierne-pokrocily\/\",\n\t            \"url\": \"https:\/\/www.vita.sk\/online-kurz-adobe-illustrator-ii-mierne-pokrocily\/\",\n\t            \"name\": \"Online kurz Adobe Illustrator II. Mierne Pokro\u010dil\u00fd {Y} | VITA\",\n\t            \"isPartOf\": {\n\t                \"@id\": \"https:\/\/www.vita.sk\/#website\"\n\t            },\n\t            \"primaryImageOfPage\": {\n\t                \"@id\": \"https:\/\/www.vita.sk\/online-kurz-adobe-illustrator-ii-mierne-pokrocily\/#primaryimage\"\n\t            },\n\t            \"image\": {\n\t                \"@id\": \"https:\/\/www.vita.sk\/online-kurz-adobe-illustrator-ii-mierne-pokrocily\/#primaryimage\"\n\t            },\n\t            \"thumbnailUrl\": \"https:\/\/www.vita.sk\/wp-content\/uploads\/2018\/10\/adobe-illustrator.png\",\n\t            \"datePublished\": \"2021-04-06T07:30:55+00:00\",\n\t            \"dateModified\": \"2025-07-31T07:20:54+00:00\",\n\t            \"description\": \"V kurze Adobe Illustrator pre mierne pokro\u010dil\u00fdch \u0165a nau\u010d\u00edme tvori\u0165 text, kresli\u0165 s perspekt\u00edvou a pokro\u010dilo vyu\u017e\u00edva\u0165 vrstvy.\",\n\t            \"breadcrumb\": {\n\t                \"@id\": \"https:\/\/www.vita.sk\/online-kurz-adobe-illustrator-ii-mierne-pokrocily\/#breadcrumb\"\n\t            },\n\t            \"inLanguage\": \"en-US\",\n\t            \"potentialAction\": [\n\t                {\n\t                    \"@type\": \"ReadAction\",\n\t                    \"target\": [\n\t                        \"https:\/\/www.vita.sk\/online-kurz-adobe-illustrator-ii-mierne-pokrocily\/\"\n\t                    ]\n\t                }\n\t            ]\n\t        },\n\t        {\n\t            \"@type\": \"ImageObject\",\n\t            \"inLanguage\": \"en-US\",\n\t            \"@id\": \"https:\/\/www.vita.sk\/online-kurz-adobe-illustrator-ii-mierne-pokrocily\/#primaryimage\",\n\t            \"url\": \"https:\/\/www.vita.sk\/wp-content\/uploads\/2018\/10\/adobe-illustrator.png\",\n\t            \"contentUrl\": \"https:\/\/www.vita.sk\/wp-content\/uploads\/2018\/10\/adobe-illustrator.png\",\n\t            \"width\": 360,\n\t            \"height\": 360,\n\t            \"caption\": \"Online kurz Adobe Illustrator\"\n\t        },\n\t        {\n\t            \"@type\": \"BreadcrumbList\",\n\t            \"@id\": \"https:\/\/www.vita.sk\/online-kurz-adobe-illustrator-ii-mierne-pokrocily\/#breadcrumb\",\n\t            \"itemListElement\": [\n\t                {\n\t                    \"@type\": \"ListItem\",\n\t                    \"position\": 1,\n\t                    \"name\": \"VITA Academy\",\n\t                    \"item\": \"https:\/\/www.vita.sk\/en\/\"\n\t                },\n\t                {\n\t                    \"@type\": \"ListItem\",\n\t                    \"position\": 2,\n\t                    \"name\": \"Shop\",\n\t                    \"item\": \"https:\/\/www.vita.sk\/shop\/\"\n\t                },\n\t                {\n\t                    \"@type\": \"ListItem\",\n\t                    \"position\": 3,\n\t                    \"name\": \"Grafika a Dizajn\",\n\t                    \"item\": \"https:\/\/www.vita.sk\/online-kurzy-grafika-a-dizajn\/\"\n\t                },\n\t                {\n\t                    \"@type\": \"ListItem\",\n\t                    \"position\": 4,\n\t                    \"name\": \"Adobe Illustrator\",\n\t                    \"item\": \"https:\/\/www.vita.sk\/online-kurzy-adobe-illustrator\/\"\n\t                },\n\t                {\n\t                    \"@type\": \"ListItem\",\n\t                    \"position\": 5,\n\t                    \"name\": \"Online kurz Adobe Illustrator II. Mierne Pokro\u010dil\u00fd\"\n\t                }\n\t            ]\n\t        },\n\t        {\n\t            \"@type\": \"WebSite\",\n\t            \"@id\": \"https:\/\/www.vita.sk\/#website\",\n\t            \"url\": \"https:\/\/www.vita.sk\/\",\n\t            \"name\": \"VITA\",\n\t            \"description\": \"\",\n\t            \"publisher\": {\n\t                \"@id\": \"https:\/\/www.vita.sk\/#organization\"\n\t            },\n\t            \"potentialAction\": [\n\t                {\n\t                    \"@type\": \"SearchAction\",\n\t                    \"target\": {\n\t                        \"@type\": \"EntryPoint\",\n\t                        \"urlTemplate\": \"https:\/\/www.vita.sk\/?s={search_term_string}\"\n\t                    },\n\t                    \"query-input\": {\n\t                        \"@type\": \"PropertyValueSpecification\",\n\t                        \"valueRequired\": true,\n\t                        \"valueName\": \"search_term_string\"\n\t                    }\n\t                }\n\t            ],\n\t            \"inLanguage\": \"en-US\"\n\t        },\n\t        {\n\t            \"email\": \"admin@vita.sk\",\n\t            \"logo\": \"https:\/\/www.vita.sk\/img\/vita_logo.png \",\n\t            \"address\": {\n\t                \"type\": \"PostalAddress\",\n\t                \"streetAddress\": \"Tom\u00e1\u0161ikova 50\/A\",\n\t                \"addressLocality\": \"Bratislava\",\n\t                \"postalCode\": \"83104\",\n\t                \"addressCountry\": {\n\t                    \"name\": \"SK\",\n\t                    \"type\": \"Country\"\n\t                }\n\t            },\n\t            \"contactPoint\": {\n\t                \"type\": \"ContactPoint\",\n\t                \"telephone\": \"+421 907 375\u00a0543\",\n\t                \"Email\": \"admin@vita.sk\",\n\t                \"contactType\": \"customer service\"\n\t            },\n\t            \"sameAs\": [\n\t                \"https:\/\/www.facebook.com\/VitaAcademySK\/\",\n\t                \"https:\/\/www.linkedin.com\/company\/vita-academy\/\"\n\t            ]\n\t        }\n\t    ]\n\t}<\/script>\n<!-- \/ Yoast SEO Premium plugin. -->","yoast_head_json":{"title":"Online kurz Adobe Illustrator II. Mierne Pokro\u010dil\u00fd 2026 | VITA","description":"V kurze Adobe Illustrator pre mierne pokro\u010dil\u00fdch \u0165a nau\u010d\u00edme tvori\u0165 text, kresli\u0165 s perspekt\u00edvou a pokro\u010dilo vyu\u017e\u00edva\u0165 vrstvy.","robots":{"index":"index","follow":"follow","max-snippet":"max-snippet:-1","max-image-preview":"max-image-preview:large","max-video-preview":"max-video-preview:-1"},"canonical":"https:\/\/www.vita.sk\/online-kurz-adobe-illustrator-ii-mierne-pokrocily\/","og_locale":"en_US","og_type":"article","og_title":"Online kurz Adobe Illustrator II. Mierne Pokro\u010dil\u00fd","og_description":"V kurze Adobe Illustrator pre mierne pokro\u010dil\u00fdch \u0165a nau\u010d\u00edme tvori\u0165 text, kresli\u0165 s perspekt\u00edvou a pokro\u010dilo vyu\u017e\u00edva\u0165 vrstvy.","og_url":"https:\/\/www.vita.sk\/online-kurz-adobe-illustrator-ii-mierne-pokrocily\/","og_site_name":"VITA","article_publisher":"https:\/\/www.facebook.com\/VitaAcademySK","article_modified_time":"2025-07-31T07:20:54+00:00","og_image":[{"width":360,"height":360,"url":"https:\/\/www.vita.sk\/wp-content\/uploads\/2018\/10\/adobe-illustrator.png","type":"image\/png"}],"twitter_card":"summary_large_image","twitter_misc":{"Est. reading time":"1 minute"},"schema":{"@context":"https:\/\/schema.org","@graph":[{"@type":"WebPage","@id":"https:\/\/www.vita.sk\/online-kurz-adobe-illustrator-ii-mierne-pokrocily\/","url":"https:\/\/www.vita.sk\/online-kurz-adobe-illustrator-ii-mierne-pokrocily\/","name":"Online kurz Adobe Illustrator II. Mierne Pokro\u010dil\u00fd {Y} | VITA","isPartOf":{"@id":"https:\/\/www.vita.sk\/#website"},"primaryImageOfPage":{"@id":"https:\/\/www.vita.sk\/online-kurz-adobe-illustrator-ii-mierne-pokrocily\/#primaryimage"},"image":{"@id":"https:\/\/www.vita.sk\/online-kurz-adobe-illustrator-ii-mierne-pokrocily\/#primaryimage"},"thumbnailUrl":"https:\/\/www.vita.sk\/wp-content\/uploads\/2018\/10\/adobe-illustrator.png","datePublished":"2021-04-06T07:30:55+00:00","dateModified":"2025-07-31T07:20:54+00:00","description":"V kurze Adobe Illustrator pre mierne pokro\u010dil\u00fdch \u0165a nau\u010d\u00edme tvori\u0165 text, kresli\u0165 s perspekt\u00edvou a pokro\u010dilo vyu\u017e\u00edva\u0165 vrstvy.","breadcrumb":{"@id":"https:\/\/www.vita.sk\/online-kurz-adobe-illustrator-ii-mierne-pokrocily\/#breadcrumb"},"inLanguage":"en-US","potentialAction":[{"@type":"ReadAction","target":["https:\/\/www.vita.sk\/online-kurz-adobe-illustrator-ii-mierne-pokrocily\/"]}]},{"@type":"ImageObject","inLanguage":"en-US","@id":"https:\/\/www.vita.sk\/online-kurz-adobe-illustrator-ii-mierne-pokrocily\/#primaryimage","url":"https:\/\/www.vita.sk\/wp-content\/uploads\/2018\/10\/adobe-illustrator.png","contentUrl":"https:\/\/www.vita.sk\/wp-content\/uploads\/2018\/10\/adobe-illustrator.png","width":360,"height":360,"caption":"Online kurz Adobe Illustrator"},{"@type":"BreadcrumbList","@id":"https:\/\/www.vita.sk\/online-kurz-adobe-illustrator-ii-mierne-pokrocily\/#breadcrumb","itemListElement":[{"@type":"ListItem","position":1,"name":"VITA Academy","item":"https:\/\/www.vita.sk\/en\/"},{"@type":"ListItem","position":2,"name":"Shop","item":"https:\/\/www.vita.sk\/shop\/"},{"@type":"ListItem","position":3,"name":"Grafika a Dizajn","item":"https:\/\/www.vita.sk\/online-kurzy-grafika-a-dizajn\/"},{"@type":"ListItem","position":4,"name":"Adobe Illustrator","item":"https:\/\/www.vita.sk\/online-kurzy-adobe-illustrator\/"},{"@type":"ListItem","position":5,"name":"Online kurz Adobe Illustrator II. Mierne Pokro\u010dil\u00fd"}]},{"@type":"WebSite","@id":"https:\/\/www.vita.sk\/#website","url":"https:\/\/www.vita.sk\/","name":"VITA","description":"","publisher":{"@id":"https:\/\/www.vita.sk\/#organization"},"potentialAction":[{"@type":"SearchAction","target":{"@type":"EntryPoint","urlTemplate":"https:\/\/www.vita.sk\/?s={search_term_string}"},"query-input":{"@type":"PropertyValueSpecification","valueRequired":true,"valueName":"search_term_string"}}],"inLanguage":"en-US"},{"email":"admin@vita.sk","logo":"https:\/\/www.vita.sk\/img\/vita_logo.png ","address":{"type":"PostalAddress","streetAddress":"Tom\u00e1\u0161ikova 50\/A","addressLocality":"Bratislava","postalCode":"83104","addressCountry":{"name":"SK","type":"Country"}},"contactPoint":{"type":"ContactPoint","telephone":"+421 907 375\u00a0543","Email":"admin@vita.sk","contactType":"customer service"},"sameAs":["https:\/\/www.facebook.com\/VitaAcademySK\/","https:\/\/www.linkedin.com\/company\/vita-academy\/"]}]}},"acf":[],"_links":{"self":[{"href":"https:\/\/www.vita.sk\/en\/wp-json\/wp\/v2\/product\/3915","targetHints":{"allow":["GET"]}}],"collection":[{"href":"https:\/\/www.vita.sk\/en\/wp-json\/wp\/v2\/product"}],"about":[{"href":"https:\/\/www.vita.sk\/en\/wp-json\/wp\/v2\/types\/product"}],"author":[{"embeddable":true,"href":"https:\/\/www.vita.sk\/en\/wp-json\/wp\/v2\/users\/4"}],"replies":[{"embeddable":true,"href":"https:\/\/www.vita.sk\/en\/wp-json\/wp\/v2\/comments?post=3915"}],"wp:featuredmedia":[{"embeddable":true,"href":"https:\/\/www.vita.sk\/en\/wp-json\/wp\/v2\/media\/481"}],"wp:attachment":[{"href":"https:\/\/www.vita.sk\/en\/wp-json\/wp\/v2\/media?parent=3915"}],"wp:term":[{"taxonomy":"product_brand","embeddable":true,"href":"https:\/\/www.vita.sk\/en\/wp-json\/wp\/v2\/product_brand?post=3915"},{"taxonomy":"product_cat","embeddable":true,"href":"https:\/\/www.vita.sk\/en\/wp-json\/wp\/v2\/product_cat?post=3915"},{"taxonomy":"product_tag","embeddable":true,"href":"https:\/\/www.vita.sk\/en\/wp-json\/wp\/v2\/product_tag?post=3915"}],"curies":[{"name":"wp","href":"https:\/\/api.w.org\/{rel}","templated":true}]}}