{"id":3918,"date":"2020-11-16T17:18:20","date_gmt":"2020-11-16T16:18:20","guid":{"rendered":"https:\/\/www.vita.sk\/?post_type=product&#038;p=3918"},"modified":"2024-06-06T13:29:33","modified_gmt":"2024-06-06T11:29:33","slug":"online-kurz-adobe-photoshop-iv-web-designer","status":"publish","type":"product","link":"https:\/\/www.vita.sk\/en\/online-kurz-adobe-photoshop-iv-web-designer\/","title":{"rendered":"Online kurz Adobe Photoshop IV. Web Designer"},"content":{"rendered":"<p>Online kurz Adobe Photoshop IV. Web Designer je ur\u010den\u00fd pre v\u00e1s, ak m\u00e1te mierne pokro\u010dil\u00e9 sk\u00fasenosti s Adobe Photoshopom. <strong>Ide o jedin\u00fd akreditovan\u00fd a certifikovan\u00fd kurz na Adobe Photoshop na Slovensku.<\/strong> Nau\u010d\u00edme v\u00e1s princ\u00edpy a koncepty informa\u010dn\u00e9ho designu. Osvoj\u00edte si pr\u00edstupnos\u0165 a psychol\u00f3giu designu. Ako absolvent kurzu Adobe Photoshop IV. Web Designer zvl\u00e1dnete navrhova\u0165 vlastn\u00fd design pre r\u00f4zne zariadenia. Ak sa chcete skuto\u010dne nau\u010di\u0165 pou\u017e\u00edva\u0165 Adobe Photoshop, tak toto je ide\u00e1lny online kurz pre v\u00e1s.<\/p>\n","protected":false},"excerpt":{"rendered":"<p>Online kurz Adobe Photoshop IV. Web Designer je ur\u010den\u00fd pre v\u00e1s, ak m\u00e1te mierne pokro\u010dil\u00e9 sk\u00fasenosti s Adobe Photoshopom. Ide o jedin\u00fd akreditovan\u00fd a certifikovan\u00fd kurz na Adobe Photoshop na Slovensku. Nau\u010d\u00edme v\u00e1s princ\u00edpy a koncepty informa\u010dn\u00e9ho designu. Osvoj\u00edte si pr\u00edstupnos\u0165 a psychol\u00f3giu designu. Ako absolvent kurzu Adobe Photoshop IV.","protected":false},"author":4,"featured_media":486,"comment_status":"open","ping_status":"closed","template":"","meta":{"_acf_changed":false},"product_brand":[],"product_cat":[56,61],"product_tag":[194],"class_list":{"0":"post-3918","1":"product","2":"type-product","3":"status-publish","4":"has-post-thumbnail","6":"product_cat-online-kurzy-grafika-a-dizajn","7":"product_cat-online-kurzy-adobe-photoshop","8":"product_tag-grafika-a-dizajn","10":"first","11":"instock","12":"sale","13":"sold-individually","14":"taxable","15":"shipping-taxable","16":"purchasable","17":"product-type-simple"},"yoast_head":"<!-- This site is optimized with the Yoast SEO Premium plugin v25.0 (Yoast SEO v25.0) - https:\/\/yoast.com\/wordpress\/plugins\/seo\/ -->\n<title>Online kurz Adobe Photoshop IV. Web Designer  | VITA<\/title>\n<meta name=\"description\" content=\"V online kurze Adobe Photoshop IV. Web Designer \u0165a nau\u010d\u00edme princ\u00edpy a koncepty informa\u010dn\u00e9ho designu. Osvoj\u00ed\u0161 si pr\u00edstupnos\u0165 a psychol\u00f3giu designu.\" \/>\n<meta name=\"robots\" content=\"index, follow, max-snippet:-1, max-image-preview:large, max-video-preview:-1\" \/>\n<link rel=\"canonical\" href=\"https:\/\/www.vita.sk\/online-kurz-adobe-photoshop-iv-web-designer\/\" \/>\n<meta property=\"og:locale\" content=\"en_US\" \/>\n<meta property=\"og:type\" content=\"article\" \/>\n<meta property=\"og:title\" content=\"Online kurz Adobe Photoshop IV. Web Designer\" \/>\n<meta property=\"og:description\" content=\"V online kurze Adobe Photoshop IV. Web Designer \u0165a nau\u010d\u00edme princ\u00edpy a koncepty informa\u010dn\u00e9ho designu. Osvoj\u00ed\u0161 si pr\u00edstupnos\u0165 a psychol\u00f3giu designu.\" \/>\n<meta property=\"og:url\" content=\"https:\/\/www.vita.sk\/online-kurz-adobe-photoshop-iv-web-designer\/\" \/>\n<meta property=\"og:site_name\" content=\"VITA\" \/>\n<meta property=\"article:publisher\" content=\"https:\/\/www.facebook.com\/VitaAcademySK\" \/>\n<meta property=\"article:modified_time\" content=\"2024-06-06T11:29:33+00:00\" \/>\n<meta property=\"og:image\" content=\"https:\/\/www.vita.sk\/wp-content\/uploads\/2018\/10\/adobe-photoshop.png\" \/>\n\t<meta property=\"og:image:width\" content=\"360\" \/>\n\t<meta property=\"og:image:height\" content=\"360\" \/>\n\t<meta property=\"og:image:type\" content=\"image\/png\" \/>\n<meta name=\"twitter:card\" content=\"summary_large_image\" \/>\n<meta name=\"twitter:label1\" content=\"Est. reading time\" \/>\n\t<meta name=\"twitter:data1\" content=\"1 minute\" \/>\n<script type=\"application\/ld+json\" class=\"yoast-schema-graph\">{\n\t    \"@context\": \"https:\/\/schema.org\",\n\t    \"@graph\": [\n\t        {\n\t            \"@type\": \"WebPage\",\n\t            \"@id\": \"https:\/\/www.vita.sk\/online-kurz-adobe-photoshop-iv-web-designer\/\",\n\t            \"url\": \"https:\/\/www.vita.sk\/online-kurz-adobe-photoshop-iv-web-designer\/\",\n\t            \"name\": \"Online kurz Adobe Photoshop IV. Web Designer 2024 | VITA\",\n\t            \"isPartOf\": {\n\t                \"@id\": \"https:\/\/www.vita.sk\/#website\"\n\t            },\n\t            \"primaryImageOfPage\": {\n\t                \"@id\": \"https:\/\/www.vita.sk\/online-kurz-adobe-photoshop-iv-web-designer\/#primaryimage\"\n\t            },\n\t            \"image\": {\n\t                \"@id\": \"https:\/\/www.vita.sk\/online-kurz-adobe-photoshop-iv-web-designer\/#primaryimage\"\n\t            },\n\t            \"thumbnailUrl\": \"https:\/\/www.vita.sk\/wp-content\/uploads\/2018\/10\/adobe-photoshop.png\",\n\t            \"datePublished\": \"2020-11-16T16:18:20+00:00\",\n\t            \"dateModified\": \"2024-06-06T11:29:33+00:00\",\n\t            \"description\": \"V online kurze Adobe Photoshop IV. Web Designer \u0165a nau\u010d\u00edme princ\u00edpy a koncepty informa\u010dn\u00e9ho designu. Osvoj\u00ed\u0161 si pr\u00edstupnos\u0165 a psychol\u00f3giu designu.\",\n\t            \"breadcrumb\": {\n\t                \"@id\": \"https:\/\/www.vita.sk\/online-kurz-adobe-photoshop-iv-web-designer\/#breadcrumb\"\n\t            },\n\t            \"inLanguage\": \"en-US\",\n\t            \"potentialAction\": [\n\t                {\n\t                    \"@type\": \"ReadAction\",\n\t                    \"target\": [\n\t                        \"https:\/\/www.vita.sk\/online-kurz-adobe-photoshop-iv-web-designer\/\"\n\t                    ]\n\t                }\n\t            ]\n\t        },\n\t        {\n\t            \"@type\": \"ImageObject\",\n\t            \"inLanguage\": \"en-US\",\n\t            \"@id\": \"https:\/\/www.vita.sk\/online-kurz-adobe-photoshop-iv-web-designer\/#primaryimage\",\n\t            \"url\": \"https:\/\/www.vita.sk\/wp-content\/uploads\/2018\/10\/adobe-photoshop.png\",\n\t            \"contentUrl\": \"https:\/\/www.vita.sk\/wp-content\/uploads\/2018\/10\/adobe-photoshop.png\",\n\t            \"width\": 360,\n\t            \"height\": 360,\n\t            \"caption\": \"Online kurz Adobe Photoshop\"\n\t        },\n\t        {\n\t            \"@type\": \"BreadcrumbList\",\n\t            \"@id\": \"https:\/\/www.vita.sk\/online-kurz-adobe-photoshop-iv-web-designer\/#breadcrumb\",\n\t            \"itemListElement\": [\n\t                {\n\t                    \"@type\": \"ListItem\",\n\t                    \"position\": 1,\n\t                    \"name\": \"VITA Academy\",\n\t                    \"item\": \"https:\/\/www.vita.sk\/en\/\"\n\t                },\n\t                {\n\t                    \"@type\": \"ListItem\",\n\t                    \"position\": 2,\n\t                    \"name\": \"Shop\",\n\t                    \"item\": \"https:\/\/www.vita.sk\/shop\/\"\n\t                },\n\t                {\n\t                    \"@type\": \"ListItem\",\n\t                    \"position\": 3,\n\t                    \"name\": \"Grafika a Dizajn\",\n\t                    \"item\": \"https:\/\/www.vita.sk\/online-kurzy-grafika-a-dizajn\/\"\n\t                },\n\t                {\n\t                    \"@type\": \"ListItem\",\n\t                    \"position\": 4,\n\t                    \"name\": \"Adobe Photoshop\",\n\t                    \"item\": \"https:\/\/www.vita.sk\/online-kurzy-adobe-photoshop\/\"\n\t                },\n\t                {\n\t                    \"@type\": \"ListItem\",\n\t                    \"position\": 5,\n\t                    \"name\": \"Online kurz Adobe Photoshop IV. Web Designer\"\n\t                }\n\t            ]\n\t        },\n\t        {\n\t            \"@type\": \"WebSite\",\n\t            \"@id\": \"https:\/\/www.vita.sk\/#website\",\n\t            \"url\": \"https:\/\/www.vita.sk\/\",\n\t            \"name\": \"VITA\",\n\t            \"description\": \"\",\n\t            \"publisher\": {\n\t                \"@id\": \"https:\/\/www.vita.sk\/#organization\"\n\t            },\n\t            \"potentialAction\": [\n\t                {\n\t                    \"@type\": \"SearchAction\",\n\t                    \"target\": {\n\t                        \"@type\": \"EntryPoint\",\n\t                        \"urlTemplate\": \"https:\/\/www.vita.sk\/?s={search_term_string}\"\n\t                    },\n\t                    \"query-input\": {\n\t                        \"@type\": \"PropertyValueSpecification\",\n\t                        \"valueRequired\": true,\n\t                        \"valueName\": \"search_term_string\"\n\t                    }\n\t                }\n\t            ],\n\t            \"inLanguage\": \"en-US\"\n\t        },\n\t        {\n\t            \"email\": \"admin@vita.sk\",\n\t            \"logo\": \"https:\/\/www.vita.sk\/img\/vita_logo.png \",\n\t            \"address\": {\n\t                \"type\": \"PostalAddress\",\n\t                \"streetAddress\": \"Tom\u00e1\u0161ikova 50\/A\",\n\t                \"addressLocality\": \"Bratislava\",\n\t                \"postalCode\": \"83104\",\n\t                \"addressCountry\": {\n\t                    \"name\": \"SK\",\n\t                    \"type\": \"Country\"\n\t                }\n\t            },\n\t            \"contactPoint\": {\n\t                \"type\": \"ContactPoint\",\n\t                \"telephone\": \"+421 907 375\u00a0543\",\n\t                \"Email\": \"admin@vita.sk\",\n\t                \"contactType\": \"customer service\"\n\t            },\n\t            \"sameAs\": [\n\t                \"https:\/\/www.facebook.com\/VitaAcademySK\/\",\n\t                \"https:\/\/www.linkedin.com\/company\/vita-academy\/\"\n\t            ]\n\t        }\n\t    ]\n\t}<\/script>\n<!-- \/ Yoast SEO Premium plugin. -->","yoast_head_json":{"title":"Online kurz Adobe Photoshop IV. Web Designer  | VITA","description":"V online kurze Adobe Photoshop IV. Web Designer \u0165a nau\u010d\u00edme princ\u00edpy a koncepty informa\u010dn\u00e9ho designu. Osvoj\u00ed\u0161 si pr\u00edstupnos\u0165 a psychol\u00f3giu designu.","robots":{"index":"index","follow":"follow","max-snippet":"max-snippet:-1","max-image-preview":"max-image-preview:large","max-video-preview":"max-video-preview:-1"},"canonical":"https:\/\/www.vita.sk\/online-kurz-adobe-photoshop-iv-web-designer\/","og_locale":"en_US","og_type":"article","og_title":"Online kurz Adobe Photoshop IV. Web Designer","og_description":"V online kurze Adobe Photoshop IV. Web Designer \u0165a nau\u010d\u00edme princ\u00edpy a koncepty informa\u010dn\u00e9ho designu. Osvoj\u00ed\u0161 si pr\u00edstupnos\u0165 a psychol\u00f3giu designu.","og_url":"https:\/\/www.vita.sk\/online-kurz-adobe-photoshop-iv-web-designer\/","og_site_name":"VITA","article_publisher":"https:\/\/www.facebook.com\/VitaAcademySK","article_modified_time":"2024-06-06T11:29:33+00:00","og_image":[{"width":360,"height":360,"url":"https:\/\/www.vita.sk\/wp-content\/uploads\/2018\/10\/adobe-photoshop.png","type":"image\/png"}],"twitter_card":"summary_large_image","twitter_misc":{"Est. reading time":"1 minute"},"schema":{"@context":"https:\/\/schema.org","@graph":[{"@type":"WebPage","@id":"https:\/\/www.vita.sk\/online-kurz-adobe-photoshop-iv-web-designer\/","url":"https:\/\/www.vita.sk\/online-kurz-adobe-photoshop-iv-web-designer\/","name":"Online kurz Adobe Photoshop IV. Web Designer 2024 | VITA","isPartOf":{"@id":"https:\/\/www.vita.sk\/#website"},"primaryImageOfPage":{"@id":"https:\/\/www.vita.sk\/online-kurz-adobe-photoshop-iv-web-designer\/#primaryimage"},"image":{"@id":"https:\/\/www.vita.sk\/online-kurz-adobe-photoshop-iv-web-designer\/#primaryimage"},"thumbnailUrl":"https:\/\/www.vita.sk\/wp-content\/uploads\/2018\/10\/adobe-photoshop.png","datePublished":"2020-11-16T16:18:20+00:00","dateModified":"2024-06-06T11:29:33+00:00","description":"V online kurze Adobe Photoshop IV. Web Designer \u0165a nau\u010d\u00edme princ\u00edpy a koncepty informa\u010dn\u00e9ho designu. Osvoj\u00ed\u0161 si pr\u00edstupnos\u0165 a psychol\u00f3giu designu.","breadcrumb":{"@id":"https:\/\/www.vita.sk\/online-kurz-adobe-photoshop-iv-web-designer\/#breadcrumb"},"inLanguage":"en-US","potentialAction":[{"@type":"ReadAction","target":["https:\/\/www.vita.sk\/online-kurz-adobe-photoshop-iv-web-designer\/"]}]},{"@type":"ImageObject","inLanguage":"en-US","@id":"https:\/\/www.vita.sk\/online-kurz-adobe-photoshop-iv-web-designer\/#primaryimage","url":"https:\/\/www.vita.sk\/wp-content\/uploads\/2018\/10\/adobe-photoshop.png","contentUrl":"https:\/\/www.vita.sk\/wp-content\/uploads\/2018\/10\/adobe-photoshop.png","width":360,"height":360,"caption":"Online kurz Adobe Photoshop"},{"@type":"BreadcrumbList","@id":"https:\/\/www.vita.sk\/online-kurz-adobe-photoshop-iv-web-designer\/#breadcrumb","itemListElement":[{"@type":"ListItem","position":1,"name":"VITA Academy","item":"https:\/\/www.vita.sk\/en\/"},{"@type":"ListItem","position":2,"name":"Shop","item":"https:\/\/www.vita.sk\/shop\/"},{"@type":"ListItem","position":3,"name":"Grafika a Dizajn","item":"https:\/\/www.vita.sk\/online-kurzy-grafika-a-dizajn\/"},{"@type":"ListItem","position":4,"name":"Adobe Photoshop","item":"https:\/\/www.vita.sk\/online-kurzy-adobe-photoshop\/"},{"@type":"ListItem","position":5,"name":"Online kurz Adobe Photoshop IV. Web Designer"}]},{"@type":"WebSite","@id":"https:\/\/www.vita.sk\/#website","url":"https:\/\/www.vita.sk\/","name":"VITA","description":"","publisher":{"@id":"https:\/\/www.vita.sk\/#organization"},"potentialAction":[{"@type":"SearchAction","target":{"@type":"EntryPoint","urlTemplate":"https:\/\/www.vita.sk\/?s={search_term_string}"},"query-input":{"@type":"PropertyValueSpecification","valueRequired":true,"valueName":"search_term_string"}}],"inLanguage":"en-US"},{"email":"admin@vita.sk","logo":"https:\/\/www.vita.sk\/img\/vita_logo.png ","address":{"type":"PostalAddress","streetAddress":"Tom\u00e1\u0161ikova 50\/A","addressLocality":"Bratislava","postalCode":"83104","addressCountry":{"name":"SK","type":"Country"}},"contactPoint":{"type":"ContactPoint","telephone":"+421 907 375\u00a0543","Email":"admin@vita.sk","contactType":"customer service"},"sameAs":["https:\/\/www.facebook.com\/VitaAcademySK\/","https:\/\/www.linkedin.com\/company\/vita-academy\/"]}]}},"acf":[],"_links":{"self":[{"href":"https:\/\/www.vita.sk\/en\/wp-json\/wp\/v2\/product\/3918","targetHints":{"allow":["GET"]}}],"collection":[{"href":"https:\/\/www.vita.sk\/en\/wp-json\/wp\/v2\/product"}],"about":[{"href":"https:\/\/www.vita.sk\/en\/wp-json\/wp\/v2\/types\/product"}],"author":[{"embeddable":true,"href":"https:\/\/www.vita.sk\/en\/wp-json\/wp\/v2\/users\/4"}],"replies":[{"embeddable":true,"href":"https:\/\/www.vita.sk\/en\/wp-json\/wp\/v2\/comments?post=3918"}],"wp:featuredmedia":[{"embeddable":true,"href":"https:\/\/www.vita.sk\/en\/wp-json\/wp\/v2\/media\/486"}],"wp:attachment":[{"href":"https:\/\/www.vita.sk\/en\/wp-json\/wp\/v2\/media?parent=3918"}],"wp:term":[{"taxonomy":"product_brand","embeddable":true,"href":"https:\/\/www.vita.sk\/en\/wp-json\/wp\/v2\/product_brand?post=3918"},{"taxonomy":"product_cat","embeddable":true,"href":"https:\/\/www.vita.sk\/en\/wp-json\/wp\/v2\/product_cat?post=3918"},{"taxonomy":"product_tag","embeddable":true,"href":"https:\/\/www.vita.sk\/en\/wp-json\/wp\/v2\/product_tag?post=3918"}],"curies":[{"name":"wp","href":"https:\/\/api.w.org\/{rel}","templated":true}]}}