{"id":3985,"date":"2021-03-18T17:49:50","date_gmt":"2021-03-18T16:49:50","guid":{"rendered":"https:\/\/www.vita.sk\/?post_type=product&#038;p=3985"},"modified":"2024-06-06T11:50:06","modified_gmt":"2024-06-06T09:50:06","slug":"online-kurz-priprava-na-certifikaciu-oceb-bpmn","status":"publish","type":"product","link":"https:\/\/www.vita.sk\/en\/online-kurz-priprava-na-certifikaciu-oceb-bpmn\/","title":{"rendered":"Online kurz Pr\u00edprava na Certifik\u00e1ciu OCEB BPMN"},"content":{"rendered":"<p>Online kurz je Pr\u00edprava na Certifik\u00e1ciu OCEB BPMN veden\u00fd ako pr\u00edprava na zlo\u017eenie uveden\u00e9 certifika\u010dnej sk\u00fa\u0161ky, obsah kurzu teda zodpoved\u00e1 po\u017eiadavk\u00e1m OMG na t\u00fato sk\u00fa\u0161ku. V priebehu kurzu si osvoj\u00edte k\u013e\u00fa\u010dov\u00e9 discipl\u00edny procesn\u00e9ho riadenia a ich s\u00favislosti. Zozn\u00e1mi v\u00e1s s osved\u010den\u00fdmi best practice postupmi, met\u00f3dami a technikami BPM. Osvoj\u00edte si najpou\u017e\u00edvanej\u0161ie met\u00f3dy modelovania procesov s d\u00f4razom na spr\u00e1vne pochopenie a praktick\u00e9 vyu\u017eitie not\u00e1cie BPMN. Zozn\u00e1mite sa tie\u017e so sk\u00fasenos\u0165ami z praxe procesn\u00e9ho riadenia a automatiz\u00e1cie procesov aj s najnov\u0161\u00edmi trendmi v tejto oblasti.<\/p>\n","protected":false},"excerpt":{"rendered":"<p>Online kurz je Pr\u00edprava na Certifik\u00e1ciu OCEB BPMN veden\u00fd ako pr\u00edprava na zlo\u017eenie uveden\u00e9 certifika\u010dnej sk\u00fa\u0161ky, obsah kurzu teda zodpoved\u00e1 po\u017eiadavk\u00e1m OMG na t\u00fato sk\u00fa\u0161ku. V priebehu kurzu si osvoj\u00edte k\u013e\u00fa\u010dov\u00e9 discipl\u00edny procesn\u00e9ho riadenia a ich s\u00favislosti. Zozn\u00e1mi v\u00e1s s osved\u010den\u00fdmi best practice postupmi, met\u00f3dami a technikami BPM.","protected":false},"author":4,"featured_media":4779,"comment_status":"open","ping_status":"closed","template":"","meta":{"_acf_changed":false},"product_brand":[],"product_cat":[45,49,73,354],"product_tag":[182,188,190],"class_list":{"0":"post-3985","1":"product","2":"type-product","3":"status-publish","4":"has-post-thumbnail","6":"product_cat-online-kurzy-certifikacne-skusky","7":"product_cat-online-kurzy-databazy-statistika-analytika","8":"product_cat-bez-kategorie","9":"product_cat-online-kurzy-bpmn","10":"product_tag-vip","11":"product_tag-databazy-a-analytika","12":"product_tag-certifikacne-skusky","14":"first","15":"instock","16":"sale","17":"sold-individually","18":"taxable","19":"shipping-taxable","20":"purchasable","21":"product-type-simple"},"yoast_head":"<!-- This site is optimized with the Yoast SEO Premium plugin v25.0 (Yoast SEO v25.0) - https:\/\/yoast.com\/wordpress\/plugins\/seo\/ -->\n<title>Online kurz Pr\u00edprava na Certifik\u00e1ciu OCEB BPMN  | VITA<\/title>\n<meta name=\"description\" content=\"V online kurze Pr\u00edprava na Certifik\u00e1ciu OCEB BPMN \u0165a nau\u010d\u00edme met\u00f3dy modelovania procesov s d\u00f4razom na spr\u00e1vne pochopenie a praktick\u00e9 vyu\u017eitie not\u00e1cie BPMN.\" \/>\n<meta name=\"robots\" content=\"index, follow, max-snippet:-1, max-image-preview:large, max-video-preview:-1\" \/>\n<link rel=\"canonical\" href=\"https:\/\/www.vita.sk\/online-kurz-priprava-na-certifikaciu-oceb-bpmn\/\" \/>\n<meta property=\"og:locale\" content=\"en_US\" \/>\n<meta property=\"og:type\" content=\"article\" \/>\n<meta property=\"og:title\" content=\"Online kurz Pr\u00edprava na Certifik\u00e1ciu OCEB BPMN\" \/>\n<meta property=\"og:description\" content=\"V online kurze Pr\u00edprava na Certifik\u00e1ciu OCEB BPMN \u0165a nau\u010d\u00edme met\u00f3dy modelovania procesov s d\u00f4razom na spr\u00e1vne pochopenie a praktick\u00e9 vyu\u017eitie not\u00e1cie BPMN.\" \/>\n<meta property=\"og:url\" content=\"https:\/\/www.vita.sk\/online-kurz-priprava-na-certifikaciu-oceb-bpmn\/\" \/>\n<meta property=\"og:site_name\" content=\"VITA\" \/>\n<meta property=\"article:publisher\" content=\"https:\/\/www.facebook.com\/VitaAcademySK\" \/>\n<meta property=\"article:modified_time\" content=\"2024-06-06T09:50:06+00:00\" \/>\n<meta property=\"og:image\" content=\"https:\/\/www.vita.sk\/wp-content\/uploads\/2020\/12\/kurz-Priprava-na-Certifikaciu-OCEB-BPMN.png\" \/>\n\t<meta property=\"og:image:width\" content=\"360\" \/>\n\t<meta property=\"og:image:height\" content=\"360\" \/>\n\t<meta property=\"og:image:type\" content=\"image\/png\" \/>\n<meta name=\"twitter:card\" content=\"summary_large_image\" \/>\n<meta name=\"twitter:label1\" content=\"Est. reading time\" \/>\n\t<meta name=\"twitter:data1\" content=\"1 minute\" \/>\n<script type=\"application\/ld+json\" class=\"yoast-schema-graph\">{\n\t    \"@context\": \"https:\/\/schema.org\",\n\t    \"@graph\": [\n\t        {\n\t            \"@type\": \"WebPage\",\n\t            \"@id\": \"https:\/\/www.vita.sk\/online-kurz-priprava-na-certifikaciu-oceb-bpmn\/\",\n\t            \"url\": \"https:\/\/www.vita.sk\/online-kurz-priprava-na-certifikaciu-oceb-bpmn\/\",\n\t            \"name\": \"Online kurz Pr\u00edprava na Certifik\u00e1ciu OCEB BPMN 2023 | VITA\",\n\t            \"isPartOf\": {\n\t                \"@id\": \"https:\/\/www.vita.sk\/#website\"\n\t            },\n\t            \"primaryImageOfPage\": {\n\t                \"@id\": \"https:\/\/www.vita.sk\/online-kurz-priprava-na-certifikaciu-oceb-bpmn\/#primaryimage\"\n\t            },\n\t            \"image\": {\n\t                \"@id\": \"https:\/\/www.vita.sk\/online-kurz-priprava-na-certifikaciu-oceb-bpmn\/#primaryimage\"\n\t            },\n\t            \"thumbnailUrl\": \"https:\/\/www.vita.sk\/wp-content\/uploads\/2020\/12\/kurz-Priprava-na-Certifikaciu-OCEB-BPMN.png\",\n\t            \"datePublished\": \"2021-03-18T16:49:50+00:00\",\n\t            \"dateModified\": \"2024-06-06T09:50:06+00:00\",\n\t            \"description\": \"V online kurze Pr\u00edprava na Certifik\u00e1ciu OCEB BPMN \u0165a nau\u010d\u00edme met\u00f3dy modelovania procesov s d\u00f4razom na spr\u00e1vne pochopenie a praktick\u00e9 vyu\u017eitie not\u00e1cie BPMN.\",\n\t            \"breadcrumb\": {\n\t                \"@id\": \"https:\/\/www.vita.sk\/online-kurz-priprava-na-certifikaciu-oceb-bpmn\/#breadcrumb\"\n\t            },\n\t            \"inLanguage\": \"en-US\",\n\t            \"potentialAction\": [\n\t                {\n\t                    \"@type\": \"ReadAction\",\n\t                    \"target\": [\n\t                        \"https:\/\/www.vita.sk\/online-kurz-priprava-na-certifikaciu-oceb-bpmn\/\"\n\t                    ]\n\t                }\n\t            ]\n\t        },\n\t        {\n\t            \"@type\": \"ImageObject\",\n\t            \"inLanguage\": \"en-US\",\n\t            \"@id\": \"https:\/\/www.vita.sk\/online-kurz-priprava-na-certifikaciu-oceb-bpmn\/#primaryimage\",\n\t            \"url\": \"https:\/\/www.vita.sk\/wp-content\/uploads\/2020\/12\/kurz-Priprava-na-Certifikaciu-OCEB-BPMN.png\",\n\t            \"contentUrl\": \"https:\/\/www.vita.sk\/wp-content\/uploads\/2020\/12\/kurz-Priprava-na-Certifikaciu-OCEB-BPMN.png\",\n\t            \"width\": 360,\n\t            \"height\": 360,\n\t            \"caption\": \"Online kurz Pr\u00edprava na Certifik\u00e1ciu OCEB BPMN\"\n\t        },\n\t        {\n\t            \"@type\": \"BreadcrumbList\",\n\t            \"@id\": \"https:\/\/www.vita.sk\/online-kurz-priprava-na-certifikaciu-oceb-bpmn\/#breadcrumb\",\n\t            \"itemListElement\": [\n\t                {\n\t                    \"@type\": \"ListItem\",\n\t                    \"position\": 1,\n\t                    \"name\": \"VITA Academy\",\n\t                    \"item\": \"https:\/\/www.vita.sk\/en\/\"\n\t                },\n\t                {\n\t                    \"@type\": \"ListItem\",\n\t                    \"position\": 2,\n\t                    \"name\": \"Shop\",\n\t                    \"item\": \"https:\/\/www.vita.sk\/shop\/\"\n\t                },\n\t                {\n\t                    \"@type\": \"ListItem\",\n\t                    \"position\": 3,\n\t                    \"name\": \"Programovacie Jazyky\",\n\t                    \"item\": \"https:\/\/www.vita.sk\/online-kurzy-programovacie-jazyky\/\"\n\t                },\n\t                {\n\t                    \"@type\": \"ListItem\",\n\t                    \"position\": 4,\n\t                    \"name\": \"BPMN\",\n\t                    \"item\": \"https:\/\/www.vita.sk\/online-kurzy-bpmn\/\"\n\t                },\n\t                {\n\t                    \"@type\": \"ListItem\",\n\t                    \"position\": 5,\n\t                    \"name\": \"Online kurz Pr\u00edprava na Certifik\u00e1ciu OCEB BPMN\"\n\t                }\n\t            ]\n\t        },\n\t        {\n\t            \"@type\": \"WebSite\",\n\t            \"@id\": \"https:\/\/www.vita.sk\/#website\",\n\t            \"url\": \"https:\/\/www.vita.sk\/\",\n\t            \"name\": \"VITA\",\n\t            \"description\": \"\",\n\t            \"publisher\": {\n\t                \"@id\": \"https:\/\/www.vita.sk\/#organization\"\n\t            },\n\t            \"potentialAction\": [\n\t                {\n\t                    \"@type\": \"SearchAction\",\n\t                    \"target\": {\n\t                        \"@type\": \"EntryPoint\",\n\t                        \"urlTemplate\": \"https:\/\/www.vita.sk\/?s={search_term_string}\"\n\t                    },\n\t                    \"query-input\": {\n\t                        \"@type\": \"PropertyValueSpecification\",\n\t                        \"valueRequired\": true,\n\t                        \"valueName\": \"search_term_string\"\n\t                    }\n\t                }\n\t            ],\n\t            \"inLanguage\": \"en-US\"\n\t        },\n\t        {\n\t            \"email\": \"admin@vita.sk\",\n\t            \"logo\": \"https:\/\/www.vita.sk\/img\/vita_logo.png \",\n\t            \"address\": {\n\t                \"type\": \"PostalAddress\",\n\t                \"streetAddress\": \"Tom\u00e1\u0161ikova 50\/A\",\n\t                \"addressLocality\": \"Bratislava\",\n\t                \"postalCode\": \"83104\",\n\t                \"addressCountry\": {\n\t                    \"name\": \"SK\",\n\t                    \"type\": \"Country\"\n\t                }\n\t            },\n\t            \"contactPoint\": {\n\t                \"type\": \"ContactPoint\",\n\t                \"telephone\": \"+421 907 375\u00a0543\",\n\t                \"Email\": \"admin@vita.sk\",\n\t                \"contactType\": \"customer service\"\n\t            },\n\t            \"sameAs\": [\n\t                \"https:\/\/www.facebook.com\/VitaAcademySK\/\",\n\t                \"https:\/\/www.linkedin.com\/company\/vita-academy\/\"\n\t            ]\n\t        }\n\t    ]\n\t}<\/script>\n<!-- \/ Yoast SEO Premium plugin. -->","yoast_head_json":{"title":"Online kurz Pr\u00edprava na Certifik\u00e1ciu OCEB BPMN  | VITA","description":"V online kurze Pr\u00edprava na Certifik\u00e1ciu OCEB BPMN \u0165a nau\u010d\u00edme met\u00f3dy modelovania procesov s d\u00f4razom na spr\u00e1vne pochopenie a praktick\u00e9 vyu\u017eitie not\u00e1cie BPMN.","robots":{"index":"index","follow":"follow","max-snippet":"max-snippet:-1","max-image-preview":"max-image-preview:large","max-video-preview":"max-video-preview:-1"},"canonical":"https:\/\/www.vita.sk\/online-kurz-priprava-na-certifikaciu-oceb-bpmn\/","og_locale":"en_US","og_type":"article","og_title":"Online kurz Pr\u00edprava na Certifik\u00e1ciu OCEB BPMN","og_description":"V online kurze Pr\u00edprava na Certifik\u00e1ciu OCEB BPMN \u0165a nau\u010d\u00edme met\u00f3dy modelovania procesov s d\u00f4razom na spr\u00e1vne pochopenie a praktick\u00e9 vyu\u017eitie not\u00e1cie BPMN.","og_url":"https:\/\/www.vita.sk\/online-kurz-priprava-na-certifikaciu-oceb-bpmn\/","og_site_name":"VITA","article_publisher":"https:\/\/www.facebook.com\/VitaAcademySK","article_modified_time":"2024-06-06T09:50:06+00:00","og_image":[{"width":360,"height":360,"url":"https:\/\/www.vita.sk\/wp-content\/uploads\/2020\/12\/kurz-Priprava-na-Certifikaciu-OCEB-BPMN.png","type":"image\/png"}],"twitter_card":"summary_large_image","twitter_misc":{"Est. reading time":"1 minute"},"schema":{"@context":"https:\/\/schema.org","@graph":[{"@type":"WebPage","@id":"https:\/\/www.vita.sk\/online-kurz-priprava-na-certifikaciu-oceb-bpmn\/","url":"https:\/\/www.vita.sk\/online-kurz-priprava-na-certifikaciu-oceb-bpmn\/","name":"Online kurz Pr\u00edprava na Certifik\u00e1ciu OCEB BPMN 2023 | VITA","isPartOf":{"@id":"https:\/\/www.vita.sk\/#website"},"primaryImageOfPage":{"@id":"https:\/\/www.vita.sk\/online-kurz-priprava-na-certifikaciu-oceb-bpmn\/#primaryimage"},"image":{"@id":"https:\/\/www.vita.sk\/online-kurz-priprava-na-certifikaciu-oceb-bpmn\/#primaryimage"},"thumbnailUrl":"https:\/\/www.vita.sk\/wp-content\/uploads\/2020\/12\/kurz-Priprava-na-Certifikaciu-OCEB-BPMN.png","datePublished":"2021-03-18T16:49:50+00:00","dateModified":"2024-06-06T09:50:06+00:00","description":"V online kurze Pr\u00edprava na Certifik\u00e1ciu OCEB BPMN \u0165a nau\u010d\u00edme met\u00f3dy modelovania procesov s d\u00f4razom na spr\u00e1vne pochopenie a praktick\u00e9 vyu\u017eitie not\u00e1cie BPMN.","breadcrumb":{"@id":"https:\/\/www.vita.sk\/online-kurz-priprava-na-certifikaciu-oceb-bpmn\/#breadcrumb"},"inLanguage":"en-US","potentialAction":[{"@type":"ReadAction","target":["https:\/\/www.vita.sk\/online-kurz-priprava-na-certifikaciu-oceb-bpmn\/"]}]},{"@type":"ImageObject","inLanguage":"en-US","@id":"https:\/\/www.vita.sk\/online-kurz-priprava-na-certifikaciu-oceb-bpmn\/#primaryimage","url":"https:\/\/www.vita.sk\/wp-content\/uploads\/2020\/12\/kurz-Priprava-na-Certifikaciu-OCEB-BPMN.png","contentUrl":"https:\/\/www.vita.sk\/wp-content\/uploads\/2020\/12\/kurz-Priprava-na-Certifikaciu-OCEB-BPMN.png","width":360,"height":360,"caption":"Online kurz Pr\u00edprava na Certifik\u00e1ciu OCEB BPMN"},{"@type":"BreadcrumbList","@id":"https:\/\/www.vita.sk\/online-kurz-priprava-na-certifikaciu-oceb-bpmn\/#breadcrumb","itemListElement":[{"@type":"ListItem","position":1,"name":"VITA Academy","item":"https:\/\/www.vita.sk\/en\/"},{"@type":"ListItem","position":2,"name":"Shop","item":"https:\/\/www.vita.sk\/shop\/"},{"@type":"ListItem","position":3,"name":"Programovacie Jazyky","item":"https:\/\/www.vita.sk\/online-kurzy-programovacie-jazyky\/"},{"@type":"ListItem","position":4,"name":"BPMN","item":"https:\/\/www.vita.sk\/online-kurzy-bpmn\/"},{"@type":"ListItem","position":5,"name":"Online kurz Pr\u00edprava na Certifik\u00e1ciu OCEB BPMN"}]},{"@type":"WebSite","@id":"https:\/\/www.vita.sk\/#website","url":"https:\/\/www.vita.sk\/","name":"VITA","description":"","publisher":{"@id":"https:\/\/www.vita.sk\/#organization"},"potentialAction":[{"@type":"SearchAction","target":{"@type":"EntryPoint","urlTemplate":"https:\/\/www.vita.sk\/?s={search_term_string}"},"query-input":{"@type":"PropertyValueSpecification","valueRequired":true,"valueName":"search_term_string"}}],"inLanguage":"en-US"},{"email":"admin@vita.sk","logo":"https:\/\/www.vita.sk\/img\/vita_logo.png ","address":{"type":"PostalAddress","streetAddress":"Tom\u00e1\u0161ikova 50\/A","addressLocality":"Bratislava","postalCode":"83104","addressCountry":{"name":"SK","type":"Country"}},"contactPoint":{"type":"ContactPoint","telephone":"+421 907 375\u00a0543","Email":"admin@vita.sk","contactType":"customer service"},"sameAs":["https:\/\/www.facebook.com\/VitaAcademySK\/","https:\/\/www.linkedin.com\/company\/vita-academy\/"]}]}},"acf":[],"_links":{"self":[{"href":"https:\/\/www.vita.sk\/en\/wp-json\/wp\/v2\/product\/3985","targetHints":{"allow":["GET"]}}],"collection":[{"href":"https:\/\/www.vita.sk\/en\/wp-json\/wp\/v2\/product"}],"about":[{"href":"https:\/\/www.vita.sk\/en\/wp-json\/wp\/v2\/types\/product"}],"author":[{"embeddable":true,"href":"https:\/\/www.vita.sk\/en\/wp-json\/wp\/v2\/users\/4"}],"replies":[{"embeddable":true,"href":"https:\/\/www.vita.sk\/en\/wp-json\/wp\/v2\/comments?post=3985"}],"wp:featuredmedia":[{"embeddable":true,"href":"https:\/\/www.vita.sk\/en\/wp-json\/wp\/v2\/media\/4779"}],"wp:attachment":[{"href":"https:\/\/www.vita.sk\/en\/wp-json\/wp\/v2\/media?parent=3985"}],"wp:term":[{"taxonomy":"product_brand","embeddable":true,"href":"https:\/\/www.vita.sk\/en\/wp-json\/wp\/v2\/product_brand?post=3985"},{"taxonomy":"product_cat","embeddable":true,"href":"https:\/\/www.vita.sk\/en\/wp-json\/wp\/v2\/product_cat?post=3985"},{"taxonomy":"product_tag","embeddable":true,"href":"https:\/\/www.vita.sk\/en\/wp-json\/wp\/v2\/product_tag?post=3985"}],"curies":[{"name":"wp","href":"https:\/\/api.w.org\/{rel}","templated":true}]}}