{"id":3986,"date":"2021-05-19T16:40:52","date_gmt":"2021-05-19T14:40:52","guid":{"rendered":"https:\/\/www.vita.sk\/?post_type=product&#038;p=3986"},"modified":"2026-01-29T14:03:02","modified_gmt":"2026-01-29T13:03:02","slug":"online-kurz-praca-s-pc-a-windows-i-zaciatocnik","status":"publish","type":"product","link":"https:\/\/www.vita.sk\/en\/online-kurz-praca-s-pc-a-windows-i-zaciatocnik\/","title":{"rendered":"Online kurz Pr\u00e1ca s PC a Windows I. Za\u010diato\u010dn\u00edk"},"content":{"rendered":"<p>Online kurz Pr\u00e1ca s PC a Windows I. Za\u010diato\u010dn\u00edk je pre v\u00e1s ide\u00e1lny, ak sa chcete nau\u010di\u0165 spr\u00e1vne a sebavedome pou\u017e\u00edva\u0165 po\u010d\u00edta\u010d a opera\u010dn\u00fd syst\u00e9m Microsoft Windows v be\u017enej praxi. <strong>Ide o akreditovan\u00fd a certifikovan\u00fd kurz na Pr\u00e1ca s PC a Windows<\/strong>. Zameriavame sa na pochopenie z\u00e1kladov fungovania po\u010d\u00edta\u010da, opera\u010dn\u00e9ho syst\u00e9mu Windows a jeho syst\u00e9mov\u00fdch inform\u00e1ci\u00ed vr\u00e1tane v\u00fdkonu, farieb a pr\u00edstupnosti. Nau\u010d\u00edme sa pracova\u0165 s n\u00e1strojmi ako DirectX a dxdiag, orientova\u0165 sa v syst\u00e9mov\u00fdch inform\u00e1ci\u00e1ch a rie\u0161i\u0165 z\u00e1kladn\u00e9 nastavenia syst\u00e9mu. Vysvetl\u00edme si mern\u00e9 jednotky, \u010d\u00edseln\u00e9 s\u00fastavy a ich vz\u0165ah k v\u00fdkonu po\u010d\u00edta\u010da a spotrebe energie, vr\u00e1tane praktick\u00e9ho vyu\u017eitia syst\u00e9movej kalkula\u010dky. Osvoj\u00edme si spr\u00e1vne spustenie po\u010d\u00edta\u010da, priebeh \u0161tartu syst\u00e9mu Windows a z\u00e1kladn\u00fa orient\u00e1ciu v pracovnom prostred\u00ed. Nau\u010d\u00edme sa pracova\u0165 s prie\u010dinkami, ikonami, zobrazeniami, v\u00fdberom s\u00faborov a jednoduch\u00fdm textov\u00fdm editorom. Z\u00edskame istotu v pr\u00e1ci s dokumentmi v Microsoft Worde, vr\u00e1tane \u00faprav textu, hlavi\u010dky, p\u00e4ty a z\u00e1kladnej typografie. Venujeme sa pr\u00e1ci s obr\u00e1zkami, sn\u00edmkami obrazovky a n\u00e1strojmi ako Skic\u00e1r, PrintScreen a Greenshot. Nau\u010d\u00edme sa bezpe\u010dne s\u0165ahova\u0165 s\u00fabory z internetu a pracova\u0165 s arch\u00edvmi, vr\u00e1tane kompresie d\u00e1t a ochrany s\u00faborov heslom pomocou ZIP a WinRAR. Zameriavame sa na spr\u00e1vu \u00falo\u017eiska, \u010distenie disku, pr\u00e1cu s do\u010dasn\u00fdmi s\u00fabormi, form\u00e1tovanie diskov a spr\u00e1vne pou\u017e\u00edvanie Ko\u0161a. S\u00fa\u010das\u0165ou obsahu je aj porovnanie ovl\u00e1dania Windows a macOS, aby sme rozumeli rozdielom medzi syst\u00e9mami. Venujeme sa bezpe\u010dnej pr\u00e1ci s internetom, emailom, soci\u00e1lnymi sie\u0165ami a z\u00e1kladn\u00fdm princ\u00edpom digit\u00e1lnej bezpe\u010dnosti. Po absolvovan\u00ed kurzu budeme schopn\u00ed samostatne pou\u017e\u00edva\u0165 po\u010d\u00edta\u010d, spravova\u0165 s\u00fabory, pracova\u0165 s dokumentmi a bezpe\u010dne fungova\u0165 v online prostred\u00ed. Ak sa chcete skuto\u010dne nau\u010di\u0165 pracova\u0165 s po\u010d\u00edta\u010dom a opera\u010dn\u00fdm syst\u00e9mom Windows a sta\u0165 sa sebavedom\u00fdm pou\u017e\u00edvate\u013eom PC, tak toto je ide\u00e1lny vstupn\u00fd online kurz pre v\u00e1s.<\/p>\n","protected":false},"excerpt":{"rendered":"<p>Online kurz Pr\u00e1ca s PC a Windows I. Za\u010diato\u010dn\u00edk je ur\u010den\u00fd pre za\u010diato\u010dn\u00edkov, ktor\u00ed sa chc\u00fa nau\u010di\u0165 z\u00e1kladn\u00fa obsluhu po\u010d\u00edta\u010da, pr\u00e1cu so syst\u00e9mom Windows, s\u00fabormi, dokumentmi a bezpe\u010dn\u00e9 pou\u017e\u00edvanie internetu.","protected":false},"author":4,"featured_media":388,"comment_status":"open","ping_status":"closed","template":"","meta":{"_acf_changed":false},"product_brand":[],"product_cat":[98,66,73],"product_tag":[187],"class_list":{"0":"post-3986","1":"product","2":"type-product","3":"status-publish","4":"has-post-thumbnail","6":"product_cat-online-kurzy-microsoft-windows","7":"product_cat-online-kurzy-kancelarske-baliky","8":"product_cat-bez-kategorie","9":"product_tag-kancelarske-baliky","11":"first","12":"instock","13":"sale","14":"sold-individually","15":"taxable","16":"shipping-taxable","17":"purchasable","18":"product-type-simple"},"yoast_head":"<!-- This site is optimized with the Yoast SEO Premium plugin v25.0 (Yoast SEO v25.0) - https:\/\/yoast.com\/wordpress\/plugins\/seo\/ -->\n<title>Online kurz Pr\u00e1ca s PC a Windows I. Za\u010diato\u010dn\u00edk 2026 | VITA<\/title>\n<meta name=\"description\" content=\"V online kurze Pr\u00e1ca s PC a Windows pre za\u010diato\u010dn\u00edkov v\u00e1s nau\u010d\u00edme pracova\u0165 s po\u010d\u00edta\u010dom, s\u00fabormi a postara\u0165 sa o svoj osobn\u00fd po\u010d\u00edta\u010d alebo notebook. \u2705\" \/>\n<meta name=\"robots\" content=\"index, follow, max-snippet:-1, max-image-preview:large, max-video-preview:-1\" \/>\n<link rel=\"canonical\" href=\"https:\/\/www.vita.sk\/online-kurz-praca-s-pc-a-windows-i-zaciatocnik\/\" \/>\n<meta property=\"og:locale\" content=\"en_US\" \/>\n<meta property=\"og:type\" content=\"article\" \/>\n<meta property=\"og:title\" content=\"Online kurz Pr\u00e1ca s PC a Windows I. Za\u010diato\u010dn\u00edk\" \/>\n<meta property=\"og:description\" content=\"V online kurze Pr\u00e1ca s PC a Windows pre za\u010diato\u010dn\u00edkov v\u00e1s nau\u010d\u00edme pracova\u0165 s po\u010d\u00edta\u010dom, s\u00fabormi a postara\u0165 sa o svoj osobn\u00fd po\u010d\u00edta\u010d alebo notebook. \u2705\" \/>\n<meta property=\"og:url\" content=\"https:\/\/www.vita.sk\/online-kurz-praca-s-pc-a-windows-i-zaciatocnik\/\" \/>\n<meta property=\"og:site_name\" content=\"VITA\" \/>\n<meta property=\"article:publisher\" content=\"https:\/\/www.facebook.com\/VitaAcademySK\" \/>\n<meta property=\"article:modified_time\" content=\"2026-01-29T13:03:02+00:00\" \/>\n<meta property=\"og:image\" content=\"https:\/\/www.vita.sk\/wp-content\/uploads\/2018\/09\/Windows.png\" \/>\n\t<meta property=\"og:image:width\" content=\"360\" \/>\n\t<meta property=\"og:image:height\" content=\"360\" \/>\n\t<meta property=\"og:image:type\" content=\"image\/png\" \/>\n<meta name=\"twitter:card\" content=\"summary_large_image\" \/>\n<meta name=\"twitter:label1\" content=\"Est. reading time\" \/>\n\t<meta name=\"twitter:data1\" content=\"2 minutes\" \/>\n<script type=\"application\/ld+json\" class=\"yoast-schema-graph\">{\n\t    \"@context\": \"https:\/\/schema.org\",\n\t    \"@graph\": [\n\t        {\n\t            \"@type\": \"WebPage\",\n\t            \"@id\": \"https:\/\/www.vita.sk\/online-kurz-praca-s-pc-a-windows-i-zaciatocnik\/\",\n\t            \"url\": \"https:\/\/www.vita.sk\/online-kurz-praca-s-pc-a-windows-i-zaciatocnik\/\",\n\t            \"name\": \"Online kurz Pr\u00e1ca s PC a Windows I. Za\u010diato\u010dn\u00edk {Y} | VITA\",\n\t            \"isPartOf\": {\n\t                \"@id\": \"https:\/\/www.vita.sk\/#website\"\n\t            },\n\t            \"primaryImageOfPage\": {\n\t                \"@id\": \"https:\/\/www.vita.sk\/online-kurz-praca-s-pc-a-windows-i-zaciatocnik\/#primaryimage\"\n\t            },\n\t            \"image\": {\n\t                \"@id\": \"https:\/\/www.vita.sk\/online-kurz-praca-s-pc-a-windows-i-zaciatocnik\/#primaryimage\"\n\t            },\n\t            \"thumbnailUrl\": \"https:\/\/www.vita.sk\/wp-content\/uploads\/2018\/09\/Windows.png\",\n\t            \"datePublished\": \"2021-05-19T14:40:52+00:00\",\n\t            \"dateModified\": \"2026-01-29T13:03:02+00:00\",\n\t            \"description\": \"V online kurze Pr\u00e1ca s PC a Windows pre za\u010diato\u010dn\u00edkov v\u00e1s nau\u010d\u00edme pracova\u0165 s po\u010d\u00edta\u010dom, s\u00fabormi a postara\u0165 sa o svoj osobn\u00fd po\u010d\u00edta\u010d alebo notebook. \u2705\",\n\t            \"breadcrumb\": {\n\t                \"@id\": \"https:\/\/www.vita.sk\/online-kurz-praca-s-pc-a-windows-i-zaciatocnik\/#breadcrumb\"\n\t            },\n\t            \"inLanguage\": \"en-US\",\n\t            \"potentialAction\": [\n\t                {\n\t                    \"@type\": \"ReadAction\",\n\t                    \"target\": [\n\t                        \"https:\/\/www.vita.sk\/online-kurz-praca-s-pc-a-windows-i-zaciatocnik\/\"\n\t                    ]\n\t                }\n\t            ]\n\t        },\n\t        {\n\t            \"@type\": \"ImageObject\",\n\t            \"inLanguage\": \"en-US\",\n\t            \"@id\": \"https:\/\/www.vita.sk\/online-kurz-praca-s-pc-a-windows-i-zaciatocnik\/#primaryimage\",\n\t            \"url\": \"https:\/\/www.vita.sk\/wp-content\/uploads\/2018\/09\/Windows.png\",\n\t            \"contentUrl\": \"https:\/\/www.vita.sk\/wp-content\/uploads\/2018\/09\/Windows.png\",\n\t            \"width\": 360,\n\t            \"height\": 360,\n\t            \"caption\": \"Online kurz Windows\"\n\t        },\n\t        {\n\t            \"@type\": \"BreadcrumbList\",\n\t            \"@id\": \"https:\/\/www.vita.sk\/online-kurz-praca-s-pc-a-windows-i-zaciatocnik\/#breadcrumb\",\n\t            \"itemListElement\": [\n\t                {\n\t                    \"@type\": \"ListItem\",\n\t                    \"position\": 1,\n\t                    \"name\": \"VITA Academy\",\n\t                    \"item\": \"https:\/\/www.vita.sk\/en\/\"\n\t                },\n\t                {\n\t                    \"@type\": \"ListItem\",\n\t                    \"position\": 2,\n\t                    \"name\": \"Shop\",\n\t                    \"item\": \"https:\/\/www.vita.sk\/shop\/\"\n\t                },\n\t                {\n\t                    \"@type\": \"ListItem\",\n\t                    \"position\": 3,\n\t                    \"name\": \"Kancel\u00e1rske Bal\u00edky\",\n\t                    \"item\": \"https:\/\/www.vita.sk\/online-kurzy-kancelarske-baliky\/\"\n\t                },\n\t                {\n\t                    \"@type\": \"ListItem\",\n\t                    \"position\": 4,\n\t                    \"name\": \"Online kurz Pr\u00e1ca s PC a Windows I. Za\u010diato\u010dn\u00edk\"\n\t                }\n\t            ]\n\t        },\n\t        {\n\t            \"@type\": \"WebSite\",\n\t            \"@id\": \"https:\/\/www.vita.sk\/#website\",\n\t            \"url\": \"https:\/\/www.vita.sk\/\",\n\t            \"name\": \"VITA\",\n\t            \"description\": \"\",\n\t            \"publisher\": {\n\t                \"@id\": \"https:\/\/www.vita.sk\/#organization\"\n\t            },\n\t            \"potentialAction\": [\n\t                {\n\t                    \"@type\": \"SearchAction\",\n\t                    \"target\": {\n\t                        \"@type\": \"EntryPoint\",\n\t                        \"urlTemplate\": \"https:\/\/www.vita.sk\/?s={search_term_string}\"\n\t                    },\n\t                    \"query-input\": {\n\t                        \"@type\": \"PropertyValueSpecification\",\n\t                        \"valueRequired\": true,\n\t                        \"valueName\": \"search_term_string\"\n\t                    }\n\t                }\n\t            ],\n\t            \"inLanguage\": \"en-US\"\n\t        },\n\t        {\n\t            \"email\": \"admin@vita.sk\",\n\t            \"logo\": \"https:\/\/www.vita.sk\/img\/vita_logo.png \",\n\t            \"address\": {\n\t                \"type\": \"PostalAddress\",\n\t                \"streetAddress\": \"Tom\u00e1\u0161ikova 50\/A\",\n\t                \"addressLocality\": \"Bratislava\",\n\t                \"postalCode\": \"83104\",\n\t                \"addressCountry\": {\n\t                    \"name\": \"SK\",\n\t                    \"type\": \"Country\"\n\t                }\n\t            },\n\t            \"contactPoint\": {\n\t                \"type\": \"ContactPoint\",\n\t                \"telephone\": \"+421 907 375\u00a0543\",\n\t                \"Email\": \"admin@vita.sk\",\n\t                \"contactType\": \"customer service\"\n\t            },\n\t            \"sameAs\": [\n\t                \"https:\/\/www.facebook.com\/VitaAcademySK\/\",\n\t                \"https:\/\/www.linkedin.com\/company\/vita-academy\/\"\n\t            ]\n\t        }\n\t    ]\n\t}<\/script>\n<!-- \/ Yoast SEO Premium plugin. -->","yoast_head_json":{"title":"Online kurz Pr\u00e1ca s PC a Windows I. Za\u010diato\u010dn\u00edk 2026 | VITA","description":"V online kurze Pr\u00e1ca s PC a Windows pre za\u010diato\u010dn\u00edkov v\u00e1s nau\u010d\u00edme pracova\u0165 s po\u010d\u00edta\u010dom, s\u00fabormi a postara\u0165 sa o svoj osobn\u00fd po\u010d\u00edta\u010d alebo notebook. \u2705","robots":{"index":"index","follow":"follow","max-snippet":"max-snippet:-1","max-image-preview":"max-image-preview:large","max-video-preview":"max-video-preview:-1"},"canonical":"https:\/\/www.vita.sk\/online-kurz-praca-s-pc-a-windows-i-zaciatocnik\/","og_locale":"en_US","og_type":"article","og_title":"Online kurz Pr\u00e1ca s PC a Windows I. Za\u010diato\u010dn\u00edk","og_description":"V online kurze Pr\u00e1ca s PC a Windows pre za\u010diato\u010dn\u00edkov v\u00e1s nau\u010d\u00edme pracova\u0165 s po\u010d\u00edta\u010dom, s\u00fabormi a postara\u0165 sa o svoj osobn\u00fd po\u010d\u00edta\u010d alebo notebook. \u2705","og_url":"https:\/\/www.vita.sk\/online-kurz-praca-s-pc-a-windows-i-zaciatocnik\/","og_site_name":"VITA","article_publisher":"https:\/\/www.facebook.com\/VitaAcademySK","article_modified_time":"2026-01-29T13:03:02+00:00","og_image":[{"width":360,"height":360,"url":"https:\/\/www.vita.sk\/wp-content\/uploads\/2018\/09\/Windows.png","type":"image\/png"}],"twitter_card":"summary_large_image","twitter_misc":{"Est. reading time":"2 minutes"},"schema":{"@context":"https:\/\/schema.org","@graph":[{"@type":"WebPage","@id":"https:\/\/www.vita.sk\/online-kurz-praca-s-pc-a-windows-i-zaciatocnik\/","url":"https:\/\/www.vita.sk\/online-kurz-praca-s-pc-a-windows-i-zaciatocnik\/","name":"Online kurz Pr\u00e1ca s PC a Windows I. Za\u010diato\u010dn\u00edk {Y} | VITA","isPartOf":{"@id":"https:\/\/www.vita.sk\/#website"},"primaryImageOfPage":{"@id":"https:\/\/www.vita.sk\/online-kurz-praca-s-pc-a-windows-i-zaciatocnik\/#primaryimage"},"image":{"@id":"https:\/\/www.vita.sk\/online-kurz-praca-s-pc-a-windows-i-zaciatocnik\/#primaryimage"},"thumbnailUrl":"https:\/\/www.vita.sk\/wp-content\/uploads\/2018\/09\/Windows.png","datePublished":"2021-05-19T14:40:52+00:00","dateModified":"2026-01-29T13:03:02+00:00","description":"V online kurze Pr\u00e1ca s PC a Windows pre za\u010diato\u010dn\u00edkov v\u00e1s nau\u010d\u00edme pracova\u0165 s po\u010d\u00edta\u010dom, s\u00fabormi a postara\u0165 sa o svoj osobn\u00fd po\u010d\u00edta\u010d alebo notebook. \u2705","breadcrumb":{"@id":"https:\/\/www.vita.sk\/online-kurz-praca-s-pc-a-windows-i-zaciatocnik\/#breadcrumb"},"inLanguage":"en-US","potentialAction":[{"@type":"ReadAction","target":["https:\/\/www.vita.sk\/online-kurz-praca-s-pc-a-windows-i-zaciatocnik\/"]}]},{"@type":"ImageObject","inLanguage":"en-US","@id":"https:\/\/www.vita.sk\/online-kurz-praca-s-pc-a-windows-i-zaciatocnik\/#primaryimage","url":"https:\/\/www.vita.sk\/wp-content\/uploads\/2018\/09\/Windows.png","contentUrl":"https:\/\/www.vita.sk\/wp-content\/uploads\/2018\/09\/Windows.png","width":360,"height":360,"caption":"Online kurz Windows"},{"@type":"BreadcrumbList","@id":"https:\/\/www.vita.sk\/online-kurz-praca-s-pc-a-windows-i-zaciatocnik\/#breadcrumb","itemListElement":[{"@type":"ListItem","position":1,"name":"VITA Academy","item":"https:\/\/www.vita.sk\/en\/"},{"@type":"ListItem","position":2,"name":"Shop","item":"https:\/\/www.vita.sk\/shop\/"},{"@type":"ListItem","position":3,"name":"Kancel\u00e1rske Bal\u00edky","item":"https:\/\/www.vita.sk\/online-kurzy-kancelarske-baliky\/"},{"@type":"ListItem","position":4,"name":"Online kurz Pr\u00e1ca s PC a Windows I. Za\u010diato\u010dn\u00edk"}]},{"@type":"WebSite","@id":"https:\/\/www.vita.sk\/#website","url":"https:\/\/www.vita.sk\/","name":"VITA","description":"","publisher":{"@id":"https:\/\/www.vita.sk\/#organization"},"potentialAction":[{"@type":"SearchAction","target":{"@type":"EntryPoint","urlTemplate":"https:\/\/www.vita.sk\/?s={search_term_string}"},"query-input":{"@type":"PropertyValueSpecification","valueRequired":true,"valueName":"search_term_string"}}],"inLanguage":"en-US"},{"email":"admin@vita.sk","logo":"https:\/\/www.vita.sk\/img\/vita_logo.png ","address":{"type":"PostalAddress","streetAddress":"Tom\u00e1\u0161ikova 50\/A","addressLocality":"Bratislava","postalCode":"83104","addressCountry":{"name":"SK","type":"Country"}},"contactPoint":{"type":"ContactPoint","telephone":"+421 907 375\u00a0543","Email":"admin@vita.sk","contactType":"customer service"},"sameAs":["https:\/\/www.facebook.com\/VitaAcademySK\/","https:\/\/www.linkedin.com\/company\/vita-academy\/"]}]}},"acf":[],"_links":{"self":[{"href":"https:\/\/www.vita.sk\/en\/wp-json\/wp\/v2\/product\/3986","targetHints":{"allow":["GET"]}}],"collection":[{"href":"https:\/\/www.vita.sk\/en\/wp-json\/wp\/v2\/product"}],"about":[{"href":"https:\/\/www.vita.sk\/en\/wp-json\/wp\/v2\/types\/product"}],"author":[{"embeddable":true,"href":"https:\/\/www.vita.sk\/en\/wp-json\/wp\/v2\/users\/4"}],"replies":[{"embeddable":true,"href":"https:\/\/www.vita.sk\/en\/wp-json\/wp\/v2\/comments?post=3986"}],"wp:featuredmedia":[{"embeddable":true,"href":"https:\/\/www.vita.sk\/en\/wp-json\/wp\/v2\/media\/388"}],"wp:attachment":[{"href":"https:\/\/www.vita.sk\/en\/wp-json\/wp\/v2\/media?parent=3986"}],"wp:term":[{"taxonomy":"product_brand","embeddable":true,"href":"https:\/\/www.vita.sk\/en\/wp-json\/wp\/v2\/product_brand?post=3986"},{"taxonomy":"product_cat","embeddable":true,"href":"https:\/\/www.vita.sk\/en\/wp-json\/wp\/v2\/product_cat?post=3986"},{"taxonomy":"product_tag","embeddable":true,"href":"https:\/\/www.vita.sk\/en\/wp-json\/wp\/v2\/product_tag?post=3986"}],"curies":[{"name":"wp","href":"https:\/\/api.w.org\/{rel}","templated":true}]}}