{"id":3991,"date":"2021-03-16T14:21:07","date_gmt":"2021-03-16T13:21:07","guid":{"rendered":"https:\/\/www.vita.sk\/?post_type=product&#038;p=3991"},"modified":"2024-06-07T13:24:08","modified_gmt":"2024-06-07T11:24:08","slug":"online-kurz-myslienkove-mapy-i-zaciatocnik","status":"publish","type":"product","link":"https:\/\/www.vita.sk\/en\/online-kurz-myslienkove-mapy-i-zaciatocnik\/","title":{"rendered":"Online kurz My\u0161lienkov\u00e9 Mapy I. Za\u010diato\u010dn\u00edk"},"content":{"rendered":"<p>Online kurz My\u0161lienkov\u00e9 Mapy I. Za\u010diato\u010dn\u00edk je pre v\u00e1s skvelou vo\u013ebou, ak sa chcete venova\u0165 tvorbe my\u0161lienkov\u00fdch m\u00e1p a vyu\u017e\u00edva\u0165 ich na zefekt\u00edvnenie procesov. Podrobne sa budeme venova\u0165 tejto filozofii a princ\u00edpom na ak\u00fdch pracuje n\u00e1\u0161 mozog. Nau\u010d\u00edme v\u00e1s, ako efekt\u00edvne rie\u0161i\u0165 probl\u00e9my pomocou my\u0161lienkov\u00fdch m\u00e1p a ako ich vyu\u017e\u00edva\u0165 v ka\u017edodennom \u017eivote. Ako absolvent online kurzu My\u0161lienkov\u00e9 Mapy I. Za\u010diato\u010dn\u00edk zvl\u00e1dnete k procesom pristupova\u0165 kreat\u00edvne a zn\u00e1zor\u0148ova\u0165 ich cez my\u0161lienkov\u00e9 mapy.<\/p>\n","protected":false},"excerpt":{"rendered":"<p>Online kurz My\u0161lienkov\u00e9 Mapy I. Za\u010diato\u010dn\u00edk je pre v\u00e1s skvelou vo\u013ebou, ak sa chcete venova\u0165 tvorbe my\u0161lienkov\u00fdch m\u00e1p a vyu\u017e\u00edva\u0165 ich na zefekt\u00edvnenie procesov. Podrobne sa budeme venova\u0165 tejto filozofii a princ\u00edpom na ak\u00fdch pracuje n\u00e1\u0161 mozog. Nau\u010d\u00edme v\u00e1s, ako efekt\u00edvne rie\u0161i\u0165 probl\u00e9my pomocou my\u0161lienkov\u00fdch m\u00e1p a ako ich vyu\u017e\u00edva\u0165 v ka\u017edodennom \u017eivote.","protected":false},"author":4,"featured_media":4200,"comment_status":"open","ping_status":"closed","template":"","meta":{"_acf_changed":false},"product_brand":[],"product_cat":[84,73],"product_tag":[191],"class_list":{"0":"post-3991","1":"product","2":"type-product","3":"status-publish","4":"has-post-thumbnail","6":"product_cat-online-kurzy-manazerske-kurzy-soft-skills","7":"product_cat-bez-kategorie","8":"product_tag-manazerske-kurzy","10":"first","11":"instock","12":"sale","13":"sold-individually","14":"taxable","15":"shipping-taxable","16":"purchasable","17":"product-type-simple"},"yoast_head":"<!-- This site is optimized with the Yoast SEO Premium plugin v25.0 (Yoast SEO v25.0) - https:\/\/yoast.com\/wordpress\/plugins\/seo\/ -->\n<title>Online kurz My\u0161lienkov\u00e9 Mapy I. Za\u010diato\u010dn\u00edk  | VITA<\/title>\n<meta name=\"description\" content=\"V online kurze My\u0161lienkov\u00e9 mapy pre za\u010diato\u010dn\u00edkov \u0165a nau\u010d\u00edme, ako efekt\u00edvne rie\u0161i\u0165 probl\u00e9my pomocou my\u0161lienkov\u00fdch m\u00e1p a ako ich vyu\u017e\u00edva\u0165 v ka\u017edodennom \u017eivote.\" \/>\n<meta name=\"robots\" content=\"index, follow, max-snippet:-1, max-image-preview:large, max-video-preview:-1\" \/>\n<link rel=\"canonical\" href=\"https:\/\/www.vita.sk\/online-kurz-myslienkove-mapy-i-zaciatocnik\/\" \/>\n<meta property=\"og:locale\" content=\"en_US\" \/>\n<meta property=\"og:type\" content=\"article\" \/>\n<meta property=\"og:title\" content=\"Online kurz My\u0161lienkov\u00e9 Mapy I. Za\u010diato\u010dn\u00edk\" \/>\n<meta property=\"og:description\" content=\"V online kurze My\u0161lienkov\u00e9 mapy pre za\u010diato\u010dn\u00edkov \u0165a nau\u010d\u00edme, ako efekt\u00edvne rie\u0161i\u0165 probl\u00e9my pomocou my\u0161lienkov\u00fdch m\u00e1p a ako ich vyu\u017e\u00edva\u0165 v ka\u017edodennom \u017eivote.\" \/>\n<meta property=\"og:url\" content=\"https:\/\/www.vita.sk\/online-kurz-myslienkove-mapy-i-zaciatocnik\/\" \/>\n<meta property=\"og:site_name\" content=\"VITA\" \/>\n<meta property=\"article:publisher\" content=\"https:\/\/www.facebook.com\/VitaAcademySK\" \/>\n<meta property=\"article:modified_time\" content=\"2024-06-07T11:24:08+00:00\" \/>\n<meta property=\"og:image\" content=\"https:\/\/www.vita.sk\/wp-content\/uploads\/2020\/11\/kurz-Myslienkove-mapy.png\" \/>\n\t<meta property=\"og:image:width\" content=\"360\" \/>\n\t<meta property=\"og:image:height\" content=\"360\" \/>\n\t<meta property=\"og:image:type\" content=\"image\/png\" \/>\n<meta name=\"twitter:card\" content=\"summary_large_image\" \/>\n<meta name=\"twitter:label1\" content=\"Est. reading time\" \/>\n\t<meta name=\"twitter:data1\" content=\"1 minute\" \/>\n<script type=\"application\/ld+json\" class=\"yoast-schema-graph\">{\n\t    \"@context\": \"https:\/\/schema.org\",\n\t    \"@graph\": [\n\t        {\n\t            \"@type\": \"WebPage\",\n\t            \"@id\": \"https:\/\/www.vita.sk\/online-kurz-myslienkove-mapy-i-zaciatocnik\/\",\n\t            \"url\": \"https:\/\/www.vita.sk\/online-kurz-myslienkove-mapy-i-zaciatocnik\/\",\n\t            \"name\": \"Online kurz My\u0161lienkov\u00e9 Mapy I. Za\u010diato\u010dn\u00edk 2023 | VITA\",\n\t            \"isPartOf\": {\n\t                \"@id\": \"https:\/\/www.vita.sk\/#website\"\n\t            },\n\t            \"primaryImageOfPage\": {\n\t                \"@id\": \"https:\/\/www.vita.sk\/online-kurz-myslienkove-mapy-i-zaciatocnik\/#primaryimage\"\n\t            },\n\t            \"image\": {\n\t                \"@id\": \"https:\/\/www.vita.sk\/online-kurz-myslienkove-mapy-i-zaciatocnik\/#primaryimage\"\n\t            },\n\t            \"thumbnailUrl\": \"https:\/\/www.vita.sk\/wp-content\/uploads\/2020\/11\/kurz-Myslienkove-mapy.png\",\n\t            \"datePublished\": \"2021-03-16T13:21:07+00:00\",\n\t            \"dateModified\": \"2024-06-07T11:24:08+00:00\",\n\t            \"description\": \"V online kurze My\u0161lienkov\u00e9 mapy pre za\u010diato\u010dn\u00edkov \u0165a nau\u010d\u00edme, ako efekt\u00edvne rie\u0161i\u0165 probl\u00e9my pomocou my\u0161lienkov\u00fdch m\u00e1p a ako ich vyu\u017e\u00edva\u0165 v ka\u017edodennom \u017eivote.\",\n\t            \"breadcrumb\": {\n\t                \"@id\": \"https:\/\/www.vita.sk\/online-kurz-myslienkove-mapy-i-zaciatocnik\/#breadcrumb\"\n\t            },\n\t            \"inLanguage\": \"en-US\",\n\t            \"potentialAction\": [\n\t                {\n\t                    \"@type\": \"ReadAction\",\n\t                    \"target\": [\n\t                        \"https:\/\/www.vita.sk\/online-kurz-myslienkove-mapy-i-zaciatocnik\/\"\n\t                    ]\n\t                }\n\t            ]\n\t        },\n\t        {\n\t            \"@type\": \"ImageObject\",\n\t            \"inLanguage\": \"en-US\",\n\t            \"@id\": \"https:\/\/www.vita.sk\/online-kurz-myslienkove-mapy-i-zaciatocnik\/#primaryimage\",\n\t            \"url\": \"https:\/\/www.vita.sk\/wp-content\/uploads\/2020\/11\/kurz-Myslienkove-mapy.png\",\n\t            \"contentUrl\": \"https:\/\/www.vita.sk\/wp-content\/uploads\/2020\/11\/kurz-Myslienkove-mapy.png\",\n\t            \"width\": 360,\n\t            \"height\": 360,\n\t            \"caption\": \"Online kurz My\u0161lienkov\u00e9 Mapy\"\n\t        },\n\t        {\n\t            \"@type\": \"BreadcrumbList\",\n\t            \"@id\": \"https:\/\/www.vita.sk\/online-kurz-myslienkove-mapy-i-zaciatocnik\/#breadcrumb\",\n\t            \"itemListElement\": [\n\t                {\n\t                    \"@type\": \"ListItem\",\n\t                    \"position\": 1,\n\t                    \"name\": \"VITA Academy\",\n\t                    \"item\": \"https:\/\/www.vita.sk\/en\/\"\n\t                },\n\t                {\n\t                    \"@type\": \"ListItem\",\n\t                    \"position\": 2,\n\t                    \"name\": \"Shop\",\n\t                    \"item\": \"https:\/\/www.vita.sk\/shop\/\"\n\t                },\n\t                {\n\t                    \"@type\": \"ListItem\",\n\t                    \"position\": 3,\n\t                    \"name\": \"Mana\u017e\u00e9rske a Soft Skills Kurzy\",\n\t                    \"item\": \"https:\/\/www.vita.sk\/online-kurzy-manazerske-kurzy-soft-skills\/\"\n\t                },\n\t                {\n\t                    \"@type\": \"ListItem\",\n\t                    \"position\": 4,\n\t                    \"name\": \"Online kurz My\u0161lienkov\u00e9 Mapy I. Za\u010diato\u010dn\u00edk\"\n\t                }\n\t            ]\n\t        },\n\t        {\n\t            \"@type\": \"WebSite\",\n\t            \"@id\": \"https:\/\/www.vita.sk\/#website\",\n\t            \"url\": \"https:\/\/www.vita.sk\/\",\n\t            \"name\": \"VITA\",\n\t            \"description\": \"\",\n\t            \"publisher\": {\n\t                \"@id\": \"https:\/\/www.vita.sk\/#organization\"\n\t            },\n\t            \"potentialAction\": [\n\t                {\n\t                    \"@type\": \"SearchAction\",\n\t                    \"target\": {\n\t                        \"@type\": \"EntryPoint\",\n\t                        \"urlTemplate\": \"https:\/\/www.vita.sk\/?s={search_term_string}\"\n\t                    },\n\t                    \"query-input\": {\n\t                        \"@type\": \"PropertyValueSpecification\",\n\t                        \"valueRequired\": true,\n\t                        \"valueName\": \"search_term_string\"\n\t                    }\n\t                }\n\t            ],\n\t            \"inLanguage\": \"en-US\"\n\t        },\n\t        {\n\t            \"email\": \"admin@vita.sk\",\n\t            \"logo\": \"https:\/\/www.vita.sk\/img\/vita_logo.png \",\n\t            \"address\": {\n\t                \"type\": \"PostalAddress\",\n\t                \"streetAddress\": \"Tom\u00e1\u0161ikova 50\/A\",\n\t                \"addressLocality\": \"Bratislava\",\n\t                \"postalCode\": \"83104\",\n\t                \"addressCountry\": {\n\t                    \"name\": \"SK\",\n\t                    \"type\": \"Country\"\n\t                }\n\t            },\n\t            \"contactPoint\": {\n\t                \"type\": \"ContactPoint\",\n\t                \"telephone\": \"+421 907 375\u00a0543\",\n\t                \"Email\": \"admin@vita.sk\",\n\t                \"contactType\": \"customer service\"\n\t            },\n\t            \"sameAs\": [\n\t                \"https:\/\/www.facebook.com\/VitaAcademySK\/\",\n\t                \"https:\/\/www.linkedin.com\/company\/vita-academy\/\"\n\t            ]\n\t        }\n\t    ]\n\t}<\/script>\n<!-- \/ Yoast SEO Premium plugin. -->","yoast_head_json":{"title":"Online kurz My\u0161lienkov\u00e9 Mapy I. Za\u010diato\u010dn\u00edk  | VITA","description":"V online kurze My\u0161lienkov\u00e9 mapy pre za\u010diato\u010dn\u00edkov \u0165a nau\u010d\u00edme, ako efekt\u00edvne rie\u0161i\u0165 probl\u00e9my pomocou my\u0161lienkov\u00fdch m\u00e1p a ako ich vyu\u017e\u00edva\u0165 v ka\u017edodennom \u017eivote.","robots":{"index":"index","follow":"follow","max-snippet":"max-snippet:-1","max-image-preview":"max-image-preview:large","max-video-preview":"max-video-preview:-1"},"canonical":"https:\/\/www.vita.sk\/online-kurz-myslienkove-mapy-i-zaciatocnik\/","og_locale":"en_US","og_type":"article","og_title":"Online kurz My\u0161lienkov\u00e9 Mapy I. Za\u010diato\u010dn\u00edk","og_description":"V online kurze My\u0161lienkov\u00e9 mapy pre za\u010diato\u010dn\u00edkov \u0165a nau\u010d\u00edme, ako efekt\u00edvne rie\u0161i\u0165 probl\u00e9my pomocou my\u0161lienkov\u00fdch m\u00e1p a ako ich vyu\u017e\u00edva\u0165 v ka\u017edodennom \u017eivote.","og_url":"https:\/\/www.vita.sk\/online-kurz-myslienkove-mapy-i-zaciatocnik\/","og_site_name":"VITA","article_publisher":"https:\/\/www.facebook.com\/VitaAcademySK","article_modified_time":"2024-06-07T11:24:08+00:00","og_image":[{"width":360,"height":360,"url":"https:\/\/www.vita.sk\/wp-content\/uploads\/2020\/11\/kurz-Myslienkove-mapy.png","type":"image\/png"}],"twitter_card":"summary_large_image","twitter_misc":{"Est. reading time":"1 minute"},"schema":{"@context":"https:\/\/schema.org","@graph":[{"@type":"WebPage","@id":"https:\/\/www.vita.sk\/online-kurz-myslienkove-mapy-i-zaciatocnik\/","url":"https:\/\/www.vita.sk\/online-kurz-myslienkove-mapy-i-zaciatocnik\/","name":"Online kurz My\u0161lienkov\u00e9 Mapy I. Za\u010diato\u010dn\u00edk 2023 | VITA","isPartOf":{"@id":"https:\/\/www.vita.sk\/#website"},"primaryImageOfPage":{"@id":"https:\/\/www.vita.sk\/online-kurz-myslienkove-mapy-i-zaciatocnik\/#primaryimage"},"image":{"@id":"https:\/\/www.vita.sk\/online-kurz-myslienkove-mapy-i-zaciatocnik\/#primaryimage"},"thumbnailUrl":"https:\/\/www.vita.sk\/wp-content\/uploads\/2020\/11\/kurz-Myslienkove-mapy.png","datePublished":"2021-03-16T13:21:07+00:00","dateModified":"2024-06-07T11:24:08+00:00","description":"V online kurze My\u0161lienkov\u00e9 mapy pre za\u010diato\u010dn\u00edkov \u0165a nau\u010d\u00edme, ako efekt\u00edvne rie\u0161i\u0165 probl\u00e9my pomocou my\u0161lienkov\u00fdch m\u00e1p a ako ich vyu\u017e\u00edva\u0165 v ka\u017edodennom \u017eivote.","breadcrumb":{"@id":"https:\/\/www.vita.sk\/online-kurz-myslienkove-mapy-i-zaciatocnik\/#breadcrumb"},"inLanguage":"en-US","potentialAction":[{"@type":"ReadAction","target":["https:\/\/www.vita.sk\/online-kurz-myslienkove-mapy-i-zaciatocnik\/"]}]},{"@type":"ImageObject","inLanguage":"en-US","@id":"https:\/\/www.vita.sk\/online-kurz-myslienkove-mapy-i-zaciatocnik\/#primaryimage","url":"https:\/\/www.vita.sk\/wp-content\/uploads\/2020\/11\/kurz-Myslienkove-mapy.png","contentUrl":"https:\/\/www.vita.sk\/wp-content\/uploads\/2020\/11\/kurz-Myslienkove-mapy.png","width":360,"height":360,"caption":"Online kurz My\u0161lienkov\u00e9 Mapy"},{"@type":"BreadcrumbList","@id":"https:\/\/www.vita.sk\/online-kurz-myslienkove-mapy-i-zaciatocnik\/#breadcrumb","itemListElement":[{"@type":"ListItem","position":1,"name":"VITA Academy","item":"https:\/\/www.vita.sk\/en\/"},{"@type":"ListItem","position":2,"name":"Shop","item":"https:\/\/www.vita.sk\/shop\/"},{"@type":"ListItem","position":3,"name":"Mana\u017e\u00e9rske a Soft Skills Kurzy","item":"https:\/\/www.vita.sk\/online-kurzy-manazerske-kurzy-soft-skills\/"},{"@type":"ListItem","position":4,"name":"Online kurz My\u0161lienkov\u00e9 Mapy I. Za\u010diato\u010dn\u00edk"}]},{"@type":"WebSite","@id":"https:\/\/www.vita.sk\/#website","url":"https:\/\/www.vita.sk\/","name":"VITA","description":"","publisher":{"@id":"https:\/\/www.vita.sk\/#organization"},"potentialAction":[{"@type":"SearchAction","target":{"@type":"EntryPoint","urlTemplate":"https:\/\/www.vita.sk\/?s={search_term_string}"},"query-input":{"@type":"PropertyValueSpecification","valueRequired":true,"valueName":"search_term_string"}}],"inLanguage":"en-US"},{"email":"admin@vita.sk","logo":"https:\/\/www.vita.sk\/img\/vita_logo.png ","address":{"type":"PostalAddress","streetAddress":"Tom\u00e1\u0161ikova 50\/A","addressLocality":"Bratislava","postalCode":"83104","addressCountry":{"name":"SK","type":"Country"}},"contactPoint":{"type":"ContactPoint","telephone":"+421 907 375\u00a0543","Email":"admin@vita.sk","contactType":"customer service"},"sameAs":["https:\/\/www.facebook.com\/VitaAcademySK\/","https:\/\/www.linkedin.com\/company\/vita-academy\/"]}]}},"acf":[],"_links":{"self":[{"href":"https:\/\/www.vita.sk\/en\/wp-json\/wp\/v2\/product\/3991","targetHints":{"allow":["GET"]}}],"collection":[{"href":"https:\/\/www.vita.sk\/en\/wp-json\/wp\/v2\/product"}],"about":[{"href":"https:\/\/www.vita.sk\/en\/wp-json\/wp\/v2\/types\/product"}],"author":[{"embeddable":true,"href":"https:\/\/www.vita.sk\/en\/wp-json\/wp\/v2\/users\/4"}],"replies":[{"embeddable":true,"href":"https:\/\/www.vita.sk\/en\/wp-json\/wp\/v2\/comments?post=3991"}],"wp:featuredmedia":[{"embeddable":true,"href":"https:\/\/www.vita.sk\/en\/wp-json\/wp\/v2\/media\/4200"}],"wp:attachment":[{"href":"https:\/\/www.vita.sk\/en\/wp-json\/wp\/v2\/media?parent=3991"}],"wp:term":[{"taxonomy":"product_brand","embeddable":true,"href":"https:\/\/www.vita.sk\/en\/wp-json\/wp\/v2\/product_brand?post=3991"},{"taxonomy":"product_cat","embeddable":true,"href":"https:\/\/www.vita.sk\/en\/wp-json\/wp\/v2\/product_cat?post=3991"},{"taxonomy":"product_tag","embeddable":true,"href":"https:\/\/www.vita.sk\/en\/wp-json\/wp\/v2\/product_tag?post=3991"}],"curies":[{"name":"wp","href":"https:\/\/api.w.org\/{rel}","templated":true}]}}