{"id":3992,"date":"2021-05-19T18:56:24","date_gmt":"2021-05-19T16:56:24","guid":{"rendered":"https:\/\/www.vita.sk\/?post_type=product&#038;p=3992"},"modified":"2026-02-05T11:38:20","modified_gmt":"2026-02-05T10:38:20","slug":"online-kurz-node-js","status":"publish","type":"product","link":"https:\/\/www.vita.sk\/en\/online-kurz-node-js\/","title":{"rendered":"Online kurz Node.JS"},"content":{"rendered":"<p>Online kurz Node.JS je pre v\u00e1s ide\u00e1lny, ak sa chcete nau\u010di\u0165 vytv\u00e1ra\u0165 modern\u00e9 serverov\u00e9 a webov\u00e9 aplik\u00e1cie v JavaScript ekosyst\u00e9me pomocou platformy Node.js. <strong>Ide o akreditovan\u00fd a certifikovan\u00fd kurz na Node.JS<\/strong>. Zameriavame sa na pochopenie fungovania Node.js a jeho postavenia v modernom v\u00fdvoji aplik\u00e1ci\u00ed. Osvoj\u00edme si \u00falohu spr\u00e1vcu bal\u00ed\u010dkov NPM a jeho v\u00fdznam pri pr\u00e1ci s kni\u017enicami a z\u00e1vislos\u0165ami. Nau\u010d\u00edme sa pou\u017e\u00edva\u0165 TypeScript ako roz\u0161\u00edrenie JavaScriptu pre bezpe\u010dnej\u0161\u00ed a preh\u013eadnej\u0161\u00ed k\u00f3d. Z\u00edskame preh\u013ead o n\u00e1strojoch Angular CLI a z\u00e1kladn\u00fdch NG pr\u00edkazoch pri tvorbe a spr\u00e1ve aplik\u00e1ci\u00ed. Venujeme sa vytv\u00e1raniu projektovej \u0161trukt\u00fary a generovaniu \u00favodnej aplik\u00e1cie. Nau\u010d\u00edme sa in\u0161talova\u0165 a pou\u017e\u00edva\u0165 kni\u017enicu jQuery v projekte a pochopi\u0165 jej vyu\u017eitie. Osvoj\u00edme si pr\u00e1cu s v\u00fdvojov\u00fdmi n\u00e1strojmi a doplnkami, ktor\u00e9 zefekt\u00edv\u0148uj\u00fa v\u00fdvoj. Zameriame sa na pou\u017e\u00edvanie Emmet pluginu na r\u00fdchle generovanie a \u00fapravu HTML zna\u010diek. Z\u00edskame systematick\u00fd poh\u013ead na organiz\u00e1ciu k\u00f3du a z\u00e1kladn\u00e9 princ\u00edpy pr\u00e1ce s JavaScript n\u00e1strojmi. Ak sa chcete skuto\u010dne nau\u010di\u0165 vyv\u00edja\u0165 aplik\u00e1cie v Node.js a sta\u0165 sa junior JavaScript backend v\u00fdvoj\u00e1rom, tak toto je ide\u00e1lny online kurz pre v\u00e1s.<\/p>\n","protected":false},"excerpt":{"rendered":"<p>Online kurz Node. JS je ur\u010den\u00fd pre za\u010diato\u010dn\u00edkov, ktor\u00ed sa chc\u00fa nau\u010di\u0165 z\u00e1klady v\u00fdvoja aplik\u00e1ci\u00ed v Node. js, pr\u00e1cu s NPM, TypeScriptom a modern\u00fdmi JavaScript n\u00e1strojmi.","protected":false},"author":27,"featured_media":4205,"comment_status":"open","ping_status":"closed","template":"","meta":{"_acf_changed":false},"product_brand":[],"product_cat":[114,73],"product_tag":[193],"class_list":{"0":"post-3992","1":"product","2":"type-product","3":"status-publish","4":"has-post-thumbnail","6":"product_cat-online-kurzy-tvorba-web-stranok","7":"product_cat-bez-kategorie","8":"product_tag-tvorba-web-stranok","10":"first","11":"instock","12":"sale","13":"sold-individually","14":"taxable","15":"shipping-taxable","16":"purchasable","17":"product-type-simple"},"yoast_head":"<!-- This site is optimized with the Yoast SEO Premium plugin v25.0 (Yoast SEO v25.0) - https:\/\/yoast.com\/wordpress\/plugins\/seo\/ -->\n<title>Online kurz Node.JS 2026 | VITA<\/title>\n<meta name=\"description\" content=\"V online kurze Node.JS sa dozvie\u0161 v\u0161etko o platforme Node.JS postavenej na JavaScripte. Nau\u010d\u00edme \u0165a, ako ho spr\u00e1vne in\u0161talova\u0165 \u010di vytv\u00e1ra\u0165 http server.\" \/>\n<meta name=\"robots\" content=\"index, follow, max-snippet:-1, max-image-preview:large, max-video-preview:-1\" \/>\n<link rel=\"canonical\" href=\"https:\/\/www.vita.sk\/online-kurz-node-js\/\" \/>\n<meta property=\"og:locale\" content=\"en_US\" \/>\n<meta property=\"og:type\" content=\"article\" \/>\n<meta property=\"og:title\" content=\"Online kurz Node.JS\" \/>\n<meta property=\"og:description\" content=\"V online kurze Node.JS sa dozvie\u0161 v\u0161etko o platforme Node.JS postavenej na JavaScripte. Nau\u010d\u00edme \u0165a, ako ho spr\u00e1vne in\u0161talova\u0165 \u010di vytv\u00e1ra\u0165 http server.\" \/>\n<meta property=\"og:url\" content=\"https:\/\/www.vita.sk\/online-kurz-node-js\/\" \/>\n<meta property=\"og:site_name\" content=\"VITA\" \/>\n<meta property=\"article:publisher\" content=\"https:\/\/www.facebook.com\/VitaAcademySK\" \/>\n<meta property=\"article:modified_time\" content=\"2026-02-05T10:38:20+00:00\" \/>\n<meta property=\"og:image\" content=\"https:\/\/www.vita.sk\/wp-content\/uploads\/2020\/11\/kurz-Node_js-e1606396406936.png\" \/>\n\t<meta property=\"og:image:width\" content=\"165\" \/>\n\t<meta property=\"og:image:height\" content=\"164\" \/>\n\t<meta property=\"og:image:type\" content=\"image\/png\" \/>\n<meta name=\"twitter:card\" content=\"summary_large_image\" \/>\n<meta name=\"twitter:label1\" content=\"Est. reading time\" \/>\n\t<meta name=\"twitter:data1\" content=\"2 minutes\" \/>\n<script type=\"application\/ld+json\" class=\"yoast-schema-graph\">{\n\t    \"@context\": \"https:\/\/schema.org\",\n\t    \"@graph\": [\n\t        {\n\t            \"@type\": \"WebPage\",\n\t            \"@id\": \"https:\/\/www.vita.sk\/online-kurz-node-js\/\",\n\t            \"url\": \"https:\/\/www.vita.sk\/online-kurz-node-js\/\",\n\t            \"name\": \"Online kurz Node.JS {Y} | VITA\",\n\t            \"isPartOf\": {\n\t                \"@id\": \"https:\/\/www.vita.sk\/#website\"\n\t            },\n\t            \"primaryImageOfPage\": {\n\t                \"@id\": \"https:\/\/www.vita.sk\/online-kurz-node-js\/#primaryimage\"\n\t            },\n\t            \"image\": {\n\t                \"@id\": \"https:\/\/www.vita.sk\/online-kurz-node-js\/#primaryimage\"\n\t            },\n\t            \"thumbnailUrl\": \"https:\/\/www.vita.sk\/wp-content\/uploads\/2020\/11\/kurz-Node_js-e1606396406936.png\",\n\t            \"datePublished\": \"2021-05-19T16:56:24+00:00\",\n\t            \"dateModified\": \"2026-02-05T10:38:20+00:00\",\n\t            \"description\": \"V online kurze Node.JS sa dozvie\u0161 v\u0161etko o platforme Node.JS postavenej na JavaScripte. Nau\u010d\u00edme \u0165a, ako ho spr\u00e1vne in\u0161talova\u0165 \u010di vytv\u00e1ra\u0165 http server.\",\n\t            \"breadcrumb\": {\n\t                \"@id\": \"https:\/\/www.vita.sk\/online-kurz-node-js\/#breadcrumb\"\n\t            },\n\t            \"inLanguage\": \"en-US\",\n\t            \"potentialAction\": [\n\t                {\n\t                    \"@type\": \"ReadAction\",\n\t                    \"target\": [\n\t                        \"https:\/\/www.vita.sk\/online-kurz-node-js\/\"\n\t                    ]\n\t                }\n\t            ]\n\t        },\n\t        {\n\t            \"@type\": \"ImageObject\",\n\t            \"inLanguage\": \"en-US\",\n\t            \"@id\": \"https:\/\/www.vita.sk\/online-kurz-node-js\/#primaryimage\",\n\t            \"url\": \"https:\/\/www.vita.sk\/wp-content\/uploads\/2020\/11\/kurz-Node_js-e1606396406936.png\",\n\t            \"contentUrl\": \"https:\/\/www.vita.sk\/wp-content\/uploads\/2020\/11\/kurz-Node_js-e1606396406936.png\",\n\t            \"width\": 165,\n\t            \"height\": 164,\n\t            \"caption\": \"Online kurz Node.JS\"\n\t        },\n\t        {\n\t            \"@type\": \"BreadcrumbList\",\n\t            \"@id\": \"https:\/\/www.vita.sk\/online-kurz-node-js\/#breadcrumb\",\n\t            \"itemListElement\": [\n\t                {\n\t                    \"@type\": \"ListItem\",\n\t                    \"position\": 1,\n\t                    \"name\": \"VITA Academy\",\n\t                    \"item\": \"https:\/\/www.vita.sk\/en\/\"\n\t                },\n\t                {\n\t                    \"@type\": \"ListItem\",\n\t                    \"position\": 2,\n\t                    \"name\": \"Shop\",\n\t                    \"item\": \"https:\/\/www.vita.sk\/shop\/\"\n\t                },\n\t                {\n\t                    \"@type\": \"ListItem\",\n\t                    \"position\": 3,\n\t                    \"name\": \"Tvorba Web Str\u00e1nok\",\n\t                    \"item\": \"https:\/\/www.vita.sk\/online-kurzy-tvorba-web-stranok\/\"\n\t                },\n\t                {\n\t                    \"@type\": \"ListItem\",\n\t                    \"position\": 4,\n\t                    \"name\": \"Online kurz Node.JS\"\n\t                }\n\t            ]\n\t        },\n\t        {\n\t            \"@type\": \"WebSite\",\n\t            \"@id\": \"https:\/\/www.vita.sk\/#website\",\n\t            \"url\": \"https:\/\/www.vita.sk\/\",\n\t            \"name\": \"VITA\",\n\t            \"description\": \"\",\n\t            \"publisher\": {\n\t                \"@id\": \"https:\/\/www.vita.sk\/#organization\"\n\t            },\n\t            \"potentialAction\": [\n\t                {\n\t                    \"@type\": \"SearchAction\",\n\t                    \"target\": {\n\t                        \"@type\": \"EntryPoint\",\n\t                        \"urlTemplate\": \"https:\/\/www.vita.sk\/?s={search_term_string}\"\n\t                    },\n\t                    \"query-input\": {\n\t                        \"@type\": \"PropertyValueSpecification\",\n\t                        \"valueRequired\": true,\n\t                        \"valueName\": \"search_term_string\"\n\t                    }\n\t                }\n\t            ],\n\t            \"inLanguage\": \"en-US\"\n\t        },\n\t        {\n\t            \"email\": \"admin@vita.sk\",\n\t            \"logo\": \"https:\/\/www.vita.sk\/img\/vita_logo.png \",\n\t            \"address\": {\n\t                \"type\": \"PostalAddress\",\n\t                \"streetAddress\": \"Tom\u00e1\u0161ikova 50\/A\",\n\t                \"addressLocality\": \"Bratislava\",\n\t                \"postalCode\": \"83104\",\n\t                \"addressCountry\": {\n\t                    \"name\": \"SK\",\n\t                    \"type\": \"Country\"\n\t                }\n\t            },\n\t            \"contactPoint\": {\n\t                \"type\": \"ContactPoint\",\n\t                \"telephone\": \"+421 907 375\u00a0543\",\n\t                \"Email\": \"admin@vita.sk\",\n\t                \"contactType\": \"customer service\"\n\t            },\n\t            \"sameAs\": [\n\t                \"https:\/\/www.facebook.com\/VitaAcademySK\/\",\n\t                \"https:\/\/www.linkedin.com\/company\/vita-academy\/\"\n\t            ]\n\t        }\n\t    ]\n\t}<\/script>\n<!-- \/ Yoast SEO Premium plugin. -->","yoast_head_json":{"title":"Online kurz Node.JS 2026 | VITA","description":"V online kurze Node.JS sa dozvie\u0161 v\u0161etko o platforme Node.JS postavenej na JavaScripte. Nau\u010d\u00edme \u0165a, ako ho spr\u00e1vne in\u0161talova\u0165 \u010di vytv\u00e1ra\u0165 http server.","robots":{"index":"index","follow":"follow","max-snippet":"max-snippet:-1","max-image-preview":"max-image-preview:large","max-video-preview":"max-video-preview:-1"},"canonical":"https:\/\/www.vita.sk\/online-kurz-node-js\/","og_locale":"en_US","og_type":"article","og_title":"Online kurz Node.JS","og_description":"V online kurze Node.JS sa dozvie\u0161 v\u0161etko o platforme Node.JS postavenej na JavaScripte. Nau\u010d\u00edme \u0165a, ako ho spr\u00e1vne in\u0161talova\u0165 \u010di vytv\u00e1ra\u0165 http server.","og_url":"https:\/\/www.vita.sk\/online-kurz-node-js\/","og_site_name":"VITA","article_publisher":"https:\/\/www.facebook.com\/VitaAcademySK","article_modified_time":"2026-02-05T10:38:20+00:00","og_image":[{"width":165,"height":164,"url":"https:\/\/www.vita.sk\/wp-content\/uploads\/2020\/11\/kurz-Node_js-e1606396406936.png","type":"image\/png"}],"twitter_card":"summary_large_image","twitter_misc":{"Est. reading time":"2 minutes"},"schema":{"@context":"https:\/\/schema.org","@graph":[{"@type":"WebPage","@id":"https:\/\/www.vita.sk\/online-kurz-node-js\/","url":"https:\/\/www.vita.sk\/online-kurz-node-js\/","name":"Online kurz Node.JS {Y} | VITA","isPartOf":{"@id":"https:\/\/www.vita.sk\/#website"},"primaryImageOfPage":{"@id":"https:\/\/www.vita.sk\/online-kurz-node-js\/#primaryimage"},"image":{"@id":"https:\/\/www.vita.sk\/online-kurz-node-js\/#primaryimage"},"thumbnailUrl":"https:\/\/www.vita.sk\/wp-content\/uploads\/2020\/11\/kurz-Node_js-e1606396406936.png","datePublished":"2021-05-19T16:56:24+00:00","dateModified":"2026-02-05T10:38:20+00:00","description":"V online kurze Node.JS sa dozvie\u0161 v\u0161etko o platforme Node.JS postavenej na JavaScripte. Nau\u010d\u00edme \u0165a, ako ho spr\u00e1vne in\u0161talova\u0165 \u010di vytv\u00e1ra\u0165 http server.","breadcrumb":{"@id":"https:\/\/www.vita.sk\/online-kurz-node-js\/#breadcrumb"},"inLanguage":"en-US","potentialAction":[{"@type":"ReadAction","target":["https:\/\/www.vita.sk\/online-kurz-node-js\/"]}]},{"@type":"ImageObject","inLanguage":"en-US","@id":"https:\/\/www.vita.sk\/online-kurz-node-js\/#primaryimage","url":"https:\/\/www.vita.sk\/wp-content\/uploads\/2020\/11\/kurz-Node_js-e1606396406936.png","contentUrl":"https:\/\/www.vita.sk\/wp-content\/uploads\/2020\/11\/kurz-Node_js-e1606396406936.png","width":165,"height":164,"caption":"Online kurz Node.JS"},{"@type":"BreadcrumbList","@id":"https:\/\/www.vita.sk\/online-kurz-node-js\/#breadcrumb","itemListElement":[{"@type":"ListItem","position":1,"name":"VITA Academy","item":"https:\/\/www.vita.sk\/en\/"},{"@type":"ListItem","position":2,"name":"Shop","item":"https:\/\/www.vita.sk\/shop\/"},{"@type":"ListItem","position":3,"name":"Tvorba Web Str\u00e1nok","item":"https:\/\/www.vita.sk\/online-kurzy-tvorba-web-stranok\/"},{"@type":"ListItem","position":4,"name":"Online kurz Node.JS"}]},{"@type":"WebSite","@id":"https:\/\/www.vita.sk\/#website","url":"https:\/\/www.vita.sk\/","name":"VITA","description":"","publisher":{"@id":"https:\/\/www.vita.sk\/#organization"},"potentialAction":[{"@type":"SearchAction","target":{"@type":"EntryPoint","urlTemplate":"https:\/\/www.vita.sk\/?s={search_term_string}"},"query-input":{"@type":"PropertyValueSpecification","valueRequired":true,"valueName":"search_term_string"}}],"inLanguage":"en-US"},{"email":"admin@vita.sk","logo":"https:\/\/www.vita.sk\/img\/vita_logo.png ","address":{"type":"PostalAddress","streetAddress":"Tom\u00e1\u0161ikova 50\/A","addressLocality":"Bratislava","postalCode":"83104","addressCountry":{"name":"SK","type":"Country"}},"contactPoint":{"type":"ContactPoint","telephone":"+421 907 375\u00a0543","Email":"admin@vita.sk","contactType":"customer service"},"sameAs":["https:\/\/www.facebook.com\/VitaAcademySK\/","https:\/\/www.linkedin.com\/company\/vita-academy\/"]}]}},"acf":[],"_links":{"self":[{"href":"https:\/\/www.vita.sk\/en\/wp-json\/wp\/v2\/product\/3992","targetHints":{"allow":["GET"]}}],"collection":[{"href":"https:\/\/www.vita.sk\/en\/wp-json\/wp\/v2\/product"}],"about":[{"href":"https:\/\/www.vita.sk\/en\/wp-json\/wp\/v2\/types\/product"}],"author":[{"embeddable":true,"href":"https:\/\/www.vita.sk\/en\/wp-json\/wp\/v2\/users\/27"}],"replies":[{"embeddable":true,"href":"https:\/\/www.vita.sk\/en\/wp-json\/wp\/v2\/comments?post=3992"}],"wp:featuredmedia":[{"embeddable":true,"href":"https:\/\/www.vita.sk\/en\/wp-json\/wp\/v2\/media\/4205"}],"wp:attachment":[{"href":"https:\/\/www.vita.sk\/en\/wp-json\/wp\/v2\/media?parent=3992"}],"wp:term":[{"taxonomy":"product_brand","embeddable":true,"href":"https:\/\/www.vita.sk\/en\/wp-json\/wp\/v2\/product_brand?post=3992"},{"taxonomy":"product_cat","embeddable":true,"href":"https:\/\/www.vita.sk\/en\/wp-json\/wp\/v2\/product_cat?post=3992"},{"taxonomy":"product_tag","embeddable":true,"href":"https:\/\/www.vita.sk\/en\/wp-json\/wp\/v2\/product_tag?post=3992"}],"curies":[{"name":"wp","href":"https:\/\/api.w.org\/{rel}","templated":true}]}}