{"id":4017,"date":"2021-05-18T13:00:38","date_gmt":"2021-05-18T11:00:38","guid":{"rendered":"https:\/\/www.vita.sk\/?post_type=product&#038;p=4017"},"modified":"2026-01-21T18:20:16","modified_gmt":"2026-01-21T17:20:16","slug":"online-kurz-personalistika-a-rozhodovanie","status":"publish","type":"product","link":"https:\/\/www.vita.sk\/en\/online-kurz-personalistika-a-rozhodovanie\/","title":{"rendered":"Online kurz Personalistika a Rozhodovanie"},"content":{"rendered":"<p data-start=\"0\" data-end=\"439\">Online kurz Personalistika a Rozhodovanie je pre v\u00e1s ide\u00e1lny, ak sa chcete nau\u010di\u0165 systematicky riadi\u0165 \u013eudsk\u00e9 zdroje, robi\u0165 kvalifikovan\u00e9 person\u00e1lne rozhodnutia a prep\u00e1ja\u0165 personalistiku s d\u00e1tami, procesmi a strat\u00e9giou organiz\u00e1cie. <strong>Ide o certifikovan\u00fd kurz na Personalistiku a Rozhodovanie<\/strong>. Kurz poskytuje ucelen\u00fd poh\u013ead na modern\u00fa HR prax od z\u00e1kladov personalistiky a\u017e po analytick\u00e9 vyhodnocovanie person\u00e1lnych d\u00e1t. Nau\u010d\u00edte sa, \u010do personalistika v skuto\u010dnosti znamen\u00e1 a ak\u00e1 je re\u00e1lna \u00faloha personalistu v organiz\u00e1cii z poh\u013eadu riadenia \u013eud\u00ed, procesov a rozhodovania. Zameriavame sa na praktick\u00e9 vyu\u017eitie soci\u00e1lnych a profesijn\u00fdch siet\u00ed v personalistike a employer brandingu, pri\u010dom rozv\u00edjame schopnos\u0165 spr\u00e1vne nastavova\u0165 profily, komunik\u00e1ciu a obsah na platform\u00e1ch ako LinkedIn, Facebook, Instagram a Google Firemn\u00fd Profil. Prehlbujeme porozumenie pl\u00e1novania, automatiz\u00e1cie a vyhodnocovania komunik\u00e1cie na soci\u00e1lnych sie\u0165ach, vr\u00e1tane pr\u00e1ce s n\u00e1strojmi na spr\u00e1vu pr\u00edspevkov, anal\u00fdzu konkurencie a efekt\u00edvnu komunik\u00e1ciu so z\u00e1ujemcami a kandid\u00e1tmi. S\u00fa\u010das\u0165ou kurzu je riadenie odborn\u00fdch zru\u010dnost\u00ed a kompetenci\u00ed zamestnancov, identifik\u00e1cia typov \u013eud\u00ed v t\u00edme a pochopenie ich vplyvu na v\u00fdkon, spolupr\u00e1cu a v\u00fdsledky organiz\u00e1cie. Rozv\u00edjame schopnos\u0165 systematicky hodnoti\u0165 kompetencie pomocou checklistov a prep\u00e1ja\u0165 ich s v\u00fdkonom t\u00edmu a individu\u00e1lnym rozvojom zamestnancov. D\u00f4le\u017eitou t\u00e9mou je pracovnopr\u00e1vna legislat\u00edva, kde sa zameriavame na z\u00e1kladn\u00e9 princ\u00edpy Z\u00e1konn\u00edka pr\u00e1ce, rie\u0161enie pracovnopr\u00e1vnych sporov, sledovanie absenci\u00ed, pr\u00e1cu s doch\u00e1dzkou, \u010dasov\u00fdmi v\u00fdkazmi a minim\u00e1lnou mzdou v person\u00e1lnej praxi. Kurz sa venuje aj oblasti sp\u00e4tnej v\u00e4zby, teambuildingu a rozvoja zamestnancov, kde sa u\u010d\u00edme poskytova\u0165 kon\u0161trukt\u00edvnu sp\u00e4tn\u00fa v\u00e4zbu, zvl\u00e1da\u0165 kritiku, pl\u00e1nova\u0165 teambuildingov\u00e9 aktivity a nastavova\u0165 efekt\u00edvne vzdel\u00e1vanie zamestnancov s d\u00f4razom na zvl\u00e1danie stresu a dlhodob\u00fd rozvoj. Rozv\u00edjame projektov\u00e9 myslenie v HR, pochopenie projektov\u00e9ho mana\u017ementu, tvorbu organiza\u010dnej \u0161trukt\u00fary projektov a schopnos\u0165 identifikova\u0165 a riadi\u0165 rizik\u00e1 v person\u00e1lnych a rozvojov\u00fdch projektoch. V\u00fdznamnou s\u00fa\u010das\u0165ou obsahu je pr\u00e1ca s KPI v personalistike a vyhodnocovanie HR d\u00e1t, kde sa zameriavame na pou\u017e\u00edvanie n\u00e1stroja Microsoft Power BI, tvorbu vizualiz\u00e1ci\u00ed, nastavovanie reportov a interpret\u00e1ciu d\u00e1t v oblasti n\u00e1boru, hodnotenia a sp\u00e4tnej v\u00e4zby. Kurz rozv\u00edja schopnos\u0165 robi\u0165 rozhodnutia zalo\u017een\u00e9 na d\u00e1tach a prepoji\u0165 personalistiku s analytick\u00fdm poh\u013eadom na v\u00fdkon, efektivitu a rozvoj \u013eud\u00ed v organiz\u00e1cii. Ak sa chcete nau\u010di\u0165 riadi\u0165 personalistiku moderne, rozhodova\u0165 sa na z\u00e1klade d\u00e1t a procesov a sta\u0165 sa kompetentn\u00fdm HR \u0161pecialistom, tak toto je ide\u00e1lny online kurz pre v\u00e1s.<\/p>\n","protected":false},"excerpt":{"rendered":"<p>Online kurz Personalistika a Rozhodovanie v\u00e1s nau\u010d\u00ed efekt\u00edvne riadi\u0165 \u013eudsk\u00e9 zdroje, robi\u0165 kvalifikovan\u00e9 person\u00e1lne rozhodnutia a pracova\u0165 s HR d\u00e1tami, KPI a n\u00e1strojmi ako Microsoft Power BI.","protected":false},"author":4,"featured_media":4217,"comment_status":"open","ping_status":"closed","template":"","meta":{"_acf_changed":false},"product_brand":[],"product_cat":[464,84,73],"product_tag":[191],"class_list":{"0":"post-4017","1":"product","2":"type-product","3":"status-publish","4":"has-post-thumbnail","6":"product_cat-personalistika-a-rozhodovanie","7":"product_cat-online-kurzy-manazerske-kurzy-soft-skills","8":"product_cat-bez-kategorie","9":"product_tag-manazerske-kurzy","11":"first","12":"instock","13":"sale","14":"sold-individually","15":"taxable","16":"shipping-taxable","17":"purchasable","18":"product-type-simple"},"yoast_head":"<!-- This site is optimized with the Yoast SEO Premium plugin v25.0 (Yoast SEO v25.0) - https:\/\/yoast.com\/wordpress\/plugins\/seo\/ -->\n<title>Online kurz Personalistika a Rozhodovanie 2026 | VITA<\/title>\n<meta name=\"description\" content=\"V online kurze Personalistika a rozhodovanie sa nau\u010d\u00edte efekt\u00edvne riadi\u0165 \u013eudsk\u00e9 zdroje, analyzova\u0165 person\u00e1lne d\u00e1ta a prij\u00edma\u0165 rozhodnutia v HR. \u2705\" \/>\n<meta name=\"robots\" content=\"index, follow, max-snippet:-1, max-image-preview:large, max-video-preview:-1\" \/>\n<link rel=\"canonical\" href=\"https:\/\/www.vita.sk\/online-kurz-personalistika-a-rozhodovanie\/\" \/>\n<meta property=\"og:locale\" content=\"en_US\" \/>\n<meta property=\"og:type\" content=\"article\" \/>\n<meta property=\"og:title\" content=\"Online kurz Personalistika a Rozhodovanie\" \/>\n<meta property=\"og:description\" content=\"V online kurze Personalistika a rozhodovanie sa nau\u010d\u00edte efekt\u00edvne riadi\u0165 \u013eudsk\u00e9 zdroje, analyzova\u0165 person\u00e1lne d\u00e1ta a prij\u00edma\u0165 rozhodnutia v HR. \u2705\" \/>\n<meta property=\"og:url\" content=\"https:\/\/www.vita.sk\/online-kurz-personalistika-a-rozhodovanie\/\" \/>\n<meta property=\"og:site_name\" content=\"VITA\" \/>\n<meta property=\"article:publisher\" content=\"https:\/\/www.facebook.com\/VitaAcademySK\" \/>\n<meta property=\"article:modified_time\" content=\"2026-01-21T17:20:16+00:00\" \/>\n<meta property=\"og:image\" content=\"https:\/\/www.vita.sk\/wp-content\/uploads\/2020\/11\/kurz-Personalistika-a-rozhodovanie.png\" \/>\n\t<meta property=\"og:image:width\" content=\"360\" \/>\n\t<meta property=\"og:image:height\" content=\"360\" \/>\n\t<meta property=\"og:image:type\" content=\"image\/png\" \/>\n<meta name=\"twitter:card\" content=\"summary_large_image\" \/>\n<meta name=\"twitter:label1\" content=\"Est. reading time\" \/>\n\t<meta name=\"twitter:data1\" content=\"3 minutes\" \/>\n<script type=\"application\/ld+json\" class=\"yoast-schema-graph\">{\n\t    \"@context\": \"https:\/\/schema.org\",\n\t    \"@graph\": [\n\t        {\n\t            \"@type\": \"WebPage\",\n\t            \"@id\": \"https:\/\/www.vita.sk\/online-kurz-personalistika-a-rozhodovanie\/\",\n\t            \"url\": \"https:\/\/www.vita.sk\/online-kurz-personalistika-a-rozhodovanie\/\",\n\t            \"name\": \"Online kurz Personalistika a Rozhodovanie {Y} | VITA\",\n\t            \"isPartOf\": {\n\t                \"@id\": \"https:\/\/www.vita.sk\/#website\"\n\t            },\n\t            \"primaryImageOfPage\": {\n\t                \"@id\": \"https:\/\/www.vita.sk\/online-kurz-personalistika-a-rozhodovanie\/#primaryimage\"\n\t            },\n\t            \"image\": {\n\t                \"@id\": \"https:\/\/www.vita.sk\/online-kurz-personalistika-a-rozhodovanie\/#primaryimage\"\n\t            },\n\t            \"thumbnailUrl\": \"https:\/\/www.vita.sk\/wp-content\/uploads\/2020\/11\/kurz-Personalistika-a-rozhodovanie.png\",\n\t            \"datePublished\": \"2021-05-18T11:00:38+00:00\",\n\t            \"dateModified\": \"2026-01-21T17:20:16+00:00\",\n\t            \"description\": \"V online kurze Personalistika a rozhodovanie sa nau\u010d\u00edte efekt\u00edvne riadi\u0165 \u013eudsk\u00e9 zdroje, analyzova\u0165 person\u00e1lne d\u00e1ta a prij\u00edma\u0165 rozhodnutia v HR. \u2705\",\n\t            \"breadcrumb\": {\n\t                \"@id\": \"https:\/\/www.vita.sk\/online-kurz-personalistika-a-rozhodovanie\/#breadcrumb\"\n\t            },\n\t            \"inLanguage\": \"en-US\",\n\t            \"potentialAction\": [\n\t                {\n\t                    \"@type\": \"ReadAction\",\n\t                    \"target\": [\n\t                        \"https:\/\/www.vita.sk\/online-kurz-personalistika-a-rozhodovanie\/\"\n\t                    ]\n\t                }\n\t            ]\n\t        },\n\t        {\n\t            \"@type\": \"ImageObject\",\n\t            \"inLanguage\": \"en-US\",\n\t            \"@id\": \"https:\/\/www.vita.sk\/online-kurz-personalistika-a-rozhodovanie\/#primaryimage\",\n\t            \"url\": \"https:\/\/www.vita.sk\/wp-content\/uploads\/2020\/11\/kurz-Personalistika-a-rozhodovanie.png\",\n\t            \"contentUrl\": \"https:\/\/www.vita.sk\/wp-content\/uploads\/2020\/11\/kurz-Personalistika-a-rozhodovanie.png\",\n\t            \"width\": 360,\n\t            \"height\": 360,\n\t            \"caption\": \"Online kurz Personalistika a Rozhodovanie\"\n\t        },\n\t        {\n\t            \"@type\": \"BreadcrumbList\",\n\t            \"@id\": \"https:\/\/www.vita.sk\/online-kurz-personalistika-a-rozhodovanie\/#breadcrumb\",\n\t            \"itemListElement\": [\n\t                {\n\t                    \"@type\": \"ListItem\",\n\t                    \"position\": 1,\n\t                    \"name\": \"VITA Academy\",\n\t                    \"item\": \"https:\/\/www.vita.sk\/en\/\"\n\t                },\n\t                {\n\t                    \"@type\": \"ListItem\",\n\t                    \"position\": 2,\n\t                    \"name\": \"Shop\",\n\t                    \"item\": \"https:\/\/www.vita.sk\/shop\/\"\n\t                },\n\t                {\n\t                    \"@type\": \"ListItem\",\n\t                    \"position\": 3,\n\t                    \"name\": \"Mana\u017e\u00e9rske a Soft Skills Kurzy\",\n\t                    \"item\": \"https:\/\/www.vita.sk\/online-kurzy-manazerske-kurzy-soft-skills\/\"\n\t                },\n\t                {\n\t                    \"@type\": \"ListItem\",\n\t                    \"position\": 4,\n\t                    \"name\": \"Personalistika a Rozhodovanie\",\n\t                    \"item\": \"https:\/\/www.vita.sk\/personalistika-a-rozhodovanie\/\"\n\t                },\n\t                {\n\t                    \"@type\": \"ListItem\",\n\t                    \"position\": 5,\n\t                    \"name\": \"Online kurz Personalistika a Rozhodovanie\"\n\t                }\n\t            ]\n\t        },\n\t        {\n\t            \"@type\": \"WebSite\",\n\t            \"@id\": \"https:\/\/www.vita.sk\/#website\",\n\t            \"url\": \"https:\/\/www.vita.sk\/\",\n\t            \"name\": \"VITA\",\n\t            \"description\": \"\",\n\t            \"publisher\": {\n\t                \"@id\": \"https:\/\/www.vita.sk\/#organization\"\n\t            },\n\t            \"potentialAction\": [\n\t                {\n\t                    \"@type\": \"SearchAction\",\n\t                    \"target\": {\n\t                        \"@type\": \"EntryPoint\",\n\t                        \"urlTemplate\": \"https:\/\/www.vita.sk\/?s={search_term_string}\"\n\t                    },\n\t                    \"query-input\": {\n\t                        \"@type\": \"PropertyValueSpecification\",\n\t                        \"valueRequired\": true,\n\t                        \"valueName\": \"search_term_string\"\n\t                    }\n\t                }\n\t            ],\n\t            \"inLanguage\": \"en-US\"\n\t        },\n\t        {\n\t            \"email\": \"admin@vita.sk\",\n\t            \"logo\": \"https:\/\/www.vita.sk\/img\/vita_logo.png \",\n\t            \"address\": {\n\t                \"type\": \"PostalAddress\",\n\t                \"streetAddress\": \"Tom\u00e1\u0161ikova 50\/A\",\n\t                \"addressLocality\": \"Bratislava\",\n\t                \"postalCode\": \"83104\",\n\t                \"addressCountry\": {\n\t                    \"name\": \"SK\",\n\t                    \"type\": \"Country\"\n\t                }\n\t            },\n\t            \"contactPoint\": {\n\t                \"type\": \"ContactPoint\",\n\t                \"telephone\": \"+421 907 375\u00a0543\",\n\t                \"Email\": \"admin@vita.sk\",\n\t                \"contactType\": \"customer service\"\n\t            },\n\t            \"sameAs\": [\n\t                \"https:\/\/www.facebook.com\/VitaAcademySK\/\",\n\t                \"https:\/\/www.linkedin.com\/company\/vita-academy\/\"\n\t            ]\n\t        }\n\t    ]\n\t}<\/script>\n<!-- \/ Yoast SEO Premium plugin. -->","yoast_head_json":{"title":"Online kurz Personalistika a Rozhodovanie 2026 | VITA","description":"V online kurze Personalistika a rozhodovanie sa nau\u010d\u00edte efekt\u00edvne riadi\u0165 \u013eudsk\u00e9 zdroje, analyzova\u0165 person\u00e1lne d\u00e1ta a prij\u00edma\u0165 rozhodnutia v HR. \u2705","robots":{"index":"index","follow":"follow","max-snippet":"max-snippet:-1","max-image-preview":"max-image-preview:large","max-video-preview":"max-video-preview:-1"},"canonical":"https:\/\/www.vita.sk\/online-kurz-personalistika-a-rozhodovanie\/","og_locale":"en_US","og_type":"article","og_title":"Online kurz Personalistika a Rozhodovanie","og_description":"V online kurze Personalistika a rozhodovanie sa nau\u010d\u00edte efekt\u00edvne riadi\u0165 \u013eudsk\u00e9 zdroje, analyzova\u0165 person\u00e1lne d\u00e1ta a prij\u00edma\u0165 rozhodnutia v HR. \u2705","og_url":"https:\/\/www.vita.sk\/online-kurz-personalistika-a-rozhodovanie\/","og_site_name":"VITA","article_publisher":"https:\/\/www.facebook.com\/VitaAcademySK","article_modified_time":"2026-01-21T17:20:16+00:00","og_image":[{"width":360,"height":360,"url":"https:\/\/www.vita.sk\/wp-content\/uploads\/2020\/11\/kurz-Personalistika-a-rozhodovanie.png","type":"image\/png"}],"twitter_card":"summary_large_image","twitter_misc":{"Est. reading time":"3 minutes"},"schema":{"@context":"https:\/\/schema.org","@graph":[{"@type":"WebPage","@id":"https:\/\/www.vita.sk\/online-kurz-personalistika-a-rozhodovanie\/","url":"https:\/\/www.vita.sk\/online-kurz-personalistika-a-rozhodovanie\/","name":"Online kurz Personalistika a Rozhodovanie {Y} | VITA","isPartOf":{"@id":"https:\/\/www.vita.sk\/#website"},"primaryImageOfPage":{"@id":"https:\/\/www.vita.sk\/online-kurz-personalistika-a-rozhodovanie\/#primaryimage"},"image":{"@id":"https:\/\/www.vita.sk\/online-kurz-personalistika-a-rozhodovanie\/#primaryimage"},"thumbnailUrl":"https:\/\/www.vita.sk\/wp-content\/uploads\/2020\/11\/kurz-Personalistika-a-rozhodovanie.png","datePublished":"2021-05-18T11:00:38+00:00","dateModified":"2026-01-21T17:20:16+00:00","description":"V online kurze Personalistika a rozhodovanie sa nau\u010d\u00edte efekt\u00edvne riadi\u0165 \u013eudsk\u00e9 zdroje, analyzova\u0165 person\u00e1lne d\u00e1ta a prij\u00edma\u0165 rozhodnutia v HR. \u2705","breadcrumb":{"@id":"https:\/\/www.vita.sk\/online-kurz-personalistika-a-rozhodovanie\/#breadcrumb"},"inLanguage":"en-US","potentialAction":[{"@type":"ReadAction","target":["https:\/\/www.vita.sk\/online-kurz-personalistika-a-rozhodovanie\/"]}]},{"@type":"ImageObject","inLanguage":"en-US","@id":"https:\/\/www.vita.sk\/online-kurz-personalistika-a-rozhodovanie\/#primaryimage","url":"https:\/\/www.vita.sk\/wp-content\/uploads\/2020\/11\/kurz-Personalistika-a-rozhodovanie.png","contentUrl":"https:\/\/www.vita.sk\/wp-content\/uploads\/2020\/11\/kurz-Personalistika-a-rozhodovanie.png","width":360,"height":360,"caption":"Online kurz Personalistika a Rozhodovanie"},{"@type":"BreadcrumbList","@id":"https:\/\/www.vita.sk\/online-kurz-personalistika-a-rozhodovanie\/#breadcrumb","itemListElement":[{"@type":"ListItem","position":1,"name":"VITA Academy","item":"https:\/\/www.vita.sk\/en\/"},{"@type":"ListItem","position":2,"name":"Shop","item":"https:\/\/www.vita.sk\/shop\/"},{"@type":"ListItem","position":3,"name":"Mana\u017e\u00e9rske a Soft Skills Kurzy","item":"https:\/\/www.vita.sk\/online-kurzy-manazerske-kurzy-soft-skills\/"},{"@type":"ListItem","position":4,"name":"Personalistika a Rozhodovanie","item":"https:\/\/www.vita.sk\/personalistika-a-rozhodovanie\/"},{"@type":"ListItem","position":5,"name":"Online kurz Personalistika a Rozhodovanie"}]},{"@type":"WebSite","@id":"https:\/\/www.vita.sk\/#website","url":"https:\/\/www.vita.sk\/","name":"VITA","description":"","publisher":{"@id":"https:\/\/www.vita.sk\/#organization"},"potentialAction":[{"@type":"SearchAction","target":{"@type":"EntryPoint","urlTemplate":"https:\/\/www.vita.sk\/?s={search_term_string}"},"query-input":{"@type":"PropertyValueSpecification","valueRequired":true,"valueName":"search_term_string"}}],"inLanguage":"en-US"},{"email":"admin@vita.sk","logo":"https:\/\/www.vita.sk\/img\/vita_logo.png ","address":{"type":"PostalAddress","streetAddress":"Tom\u00e1\u0161ikova 50\/A","addressLocality":"Bratislava","postalCode":"83104","addressCountry":{"name":"SK","type":"Country"}},"contactPoint":{"type":"ContactPoint","telephone":"+421 907 375\u00a0543","Email":"admin@vita.sk","contactType":"customer service"},"sameAs":["https:\/\/www.facebook.com\/VitaAcademySK\/","https:\/\/www.linkedin.com\/company\/vita-academy\/"]}]}},"acf":[],"_links":{"self":[{"href":"https:\/\/www.vita.sk\/en\/wp-json\/wp\/v2\/product\/4017","targetHints":{"allow":["GET"]}}],"collection":[{"href":"https:\/\/www.vita.sk\/en\/wp-json\/wp\/v2\/product"}],"about":[{"href":"https:\/\/www.vita.sk\/en\/wp-json\/wp\/v2\/types\/product"}],"author":[{"embeddable":true,"href":"https:\/\/www.vita.sk\/en\/wp-json\/wp\/v2\/users\/4"}],"replies":[{"embeddable":true,"href":"https:\/\/www.vita.sk\/en\/wp-json\/wp\/v2\/comments?post=4017"}],"wp:featuredmedia":[{"embeddable":true,"href":"https:\/\/www.vita.sk\/en\/wp-json\/wp\/v2\/media\/4217"}],"wp:attachment":[{"href":"https:\/\/www.vita.sk\/en\/wp-json\/wp\/v2\/media?parent=4017"}],"wp:term":[{"taxonomy":"product_brand","embeddable":true,"href":"https:\/\/www.vita.sk\/en\/wp-json\/wp\/v2\/product_brand?post=4017"},{"taxonomy":"product_cat","embeddable":true,"href":"https:\/\/www.vita.sk\/en\/wp-json\/wp\/v2\/product_cat?post=4017"},{"taxonomy":"product_tag","embeddable":true,"href":"https:\/\/www.vita.sk\/en\/wp-json\/wp\/v2\/product_tag?post=4017"}],"curies":[{"name":"wp","href":"https:\/\/api.w.org\/{rel}","templated":true}]}}