{"id":413,"date":"2021-05-01T10:11:00","date_gmt":"2021-05-01T08:11:00","guid":{"rendered":"http:\/\/vita.sk.vps202.nameserver.sk\/?post_type=product&#038;p=413"},"modified":"2025-04-29T14:22:05","modified_gmt":"2025-04-29T12:22:05","slug":"online-kurz-bpmn-modelovanie-procesov-i-zaciatocnik","status":"publish","type":"product","link":"https:\/\/www.vita.sk\/en\/online-kurz-bpmn-modelovanie-procesov-i-zaciatocnik\/","title":{"rendered":"Online kurz BPMN Modelovanie Procesov I. Za\u010diato\u010dn\u00edk"},"content":{"rendered":"<p>Online kurz BPMN Modelovanie Procesov I. Za\u010diato\u010dn\u00edk je pre v\u00e1s ide\u00e1lny, ak sa chcete nau\u010di\u0165 efekt\u00edvne modelova\u0165 podnikov\u00e9 procesy pomocou BPMN. <strong>Ide o jedin\u00fd online kurz na BPMN Modelovanie Procesov na Slovensku.<\/strong> Prevedieme v\u00e1s z\u00e1kladmi a n\u00e1strojmi potrebn\u00fdmi na vytv\u00e1ranie preh\u013eadn\u00fdch a funk\u010dn\u00fdch diagramov procesov. V kurze sa nau\u010d\u00edte z\u00e1klady procesn\u00e9ho mana\u017ementu, ako aj to, \u010do BPMN predstavuje a ak\u00e9 s\u00fa jeho \u0161pecifik\u00e1cie a \u0161trukt\u00fara. Z\u00edskate preh\u013ead o procesn\u00fdch map\u00e1ch a ich aplik\u00e1ci\u00e1ch v praxi. Nau\u010d\u00edte sa modelova\u0165 r\u00f4zne druhy procesov a osvoj\u00edte si princ\u00edpy, ktor\u00e9 s\u00fa potrebn\u00e9 pre ich spr\u00e1vne zobrazenie v BPMN. Kurz v\u00e1s prevedie aj preh\u013eadom n\u00e1strojov na modelovanie procesov, pri\u010dom sa zameriame na n\u00e1stroj Draw.io (Diagrams.net). Nau\u010d\u00edte sa pracova\u0165 s rozhran\u00edm tohto n\u00e1stroja, pou\u017e\u00edva\u0165 vzorkovn\u00edky a spr\u00e1vne nastavi\u0165 dokumenty na efekt\u00edvne modelovanie procesov. Obozn\u00e1mite sa s pojmami HLA (High Level Abstraction) a HLP (High Level Process), ktor\u00e9 s\u00fa d\u00f4le\u017eit\u00e9 pre spr\u00e1vne \u0161trukt\u00farovanie procesov. Kurz tie\u017e pokr\u00fdva z\u00e1klady p\u00e1rov\u00e9ho modelovania procesov a pou\u017e\u00edvanie funkcie \u201eshare\u201c na spolupr\u00e1cu s t\u00edmom. Osvoj\u00edte si modelovanie udalost\u00ed (Events) v BPMN, vr\u00e1tane udalost\u00ed typu zlyhanie, a efekt\u00edvne pou\u017e\u00edvanie v\u00e4zieb a bodov pripojenia. Nau\u010d\u00edte sa pracova\u0165 s br\u00e1nami (Gateways), ktor\u00e9 s\u00fa k\u013e\u00fa\u010dov\u00fdmi prvkami v BPMN na riadenie toku procesu. Tento modul sa zameria na r\u00f4zne typy br\u00e1n a ich praktick\u00e9 vyu\u017eitie v procese. \u010ealej sa obozn\u00e1mite s modelovan\u00edm aktiv\u00edt (Activities), plaveck\u00fdch baz\u00e9nov (Swimpools) a dr\u00e1h (Swimlanes). Nau\u010d\u00edte sa, ako spr\u00e1vne modelova\u0165 procesy, subprocesy a \u00falohy, a ak\u00e9 s\u00fa v\u00fdhody pou\u017e\u00edvania baz\u00e9nov a dr\u00e1h na vizualiz\u00e1ciu r\u00f4znych \u00fa\u010dastn\u00edkov a rol\u00ed v procese. Kurz v\u00e1s tie\u017e nau\u010d\u00ed pracova\u0165 s r\u00f4znymi typmi v\u00e4zieb (relationships) v BPMN, ako aj r\u00f4znymi typmi \u00faloh (tasks), ako s\u00fa pou\u017e\u00edvate\u013esk\u00e9, manu\u00e1lne, slu\u017eobn\u00e9 a biznis \u00falohy. Z\u00edskate tie\u017e znalosti o artefaktoch, ako s\u00fa d\u00e1tov\u00e9 objekty, skupiny a anot\u00e1cie, a nau\u010d\u00edte sa ich pou\u017e\u00edva\u0165 na doplnenie a obohatenie diagramov. V r\u00e1mci kurzu sa nau\u010d\u00edte modelova\u0165 aj r\u00f4zne obchodn\u00e9 procesy a aplikova\u0165 business modely, ako aj pou\u017e\u00edva\u0165 n\u00e1stroje ako MIRO na spolupr\u00e1cu pri modelovan\u00ed procesov. Z\u00edskate preh\u013ead o Smart Templates a o tom, ako vyu\u017e\u00edva\u0165 umel\u00fa inteligenciu v n\u00e1stroji Draw.io na ur\u00fdchlenie tvorby diagramov. Ako bonus budete ma\u0165 pr\u00edstup k \u010fal\u0161\u00edm pr\u00edkladom a vzorov\u00fdm podnikov\u00fdm procesom, ako je \u00fa\u010dtovanie objedn\u00e1vok. Kurz v\u00e1s nau\u010d\u00ed, \u010do s\u00fa to FIFO a LIFO a ako ich aplikova\u0165 v r\u00e1mci modelovania procesov. Nau\u010d\u00edte sa tie\u017e, ako optimalizova\u0165 procesy pomocou KPI a KRI a ako vyu\u017ei\u0165 SWOT anal\u00fdzu na zlep\u0161enie v\u00fdkonnosti procesov. Ak sa chcete skuto\u010dne nau\u010di\u0165 pou\u017e\u00edva\u0165 a modelova\u0165 v BPMN, tak toto je ide\u00e1lny vstupn\u00fd online kurz pre v\u00e1s.<\/p>\n","protected":false},"excerpt":{"rendered":"<p>Online kurz BPMN Modelovanie Procesov I. Za\u010diato\u010dn\u00edk je pre v\u00e1s ide\u00e1lny, ak sa chcete nau\u010di\u0165 efekt\u00edvne modelova\u0165 podnikov\u00e9 procesy pomocou BPMN. Ide o jedin\u00fd online kurz na BPMN Modelovanie Procesov na Slovensku. Prevedieme v\u00e1s z\u00e1kladmi a n\u00e1strojmi potrebn\u00fdmi na vytv\u00e1ranie preh\u013eadn\u00fdch a funk\u010dn\u00fdch diagramov procesov.","protected":false},"author":27,"featured_media":4504,"comment_status":"open","ping_status":"closed","template":"","meta":{"_acf_changed":false},"product_brand":[],"product_cat":[45,99,73,354],"product_tag":[189,582],"class_list":{"0":"post-413","1":"product","2":"type-product","3":"status-publish","4":"has-post-thumbnail","6":"product_cat-online-kurzy-certifikacne-skusky","7":"product_cat-online-kurzy-programovacie-jazyky","8":"product_cat-bez-kategorie","9":"product_cat-online-kurzy-bpmn","10":"product_tag-programovacie-jazyky","11":"product_tag-bpmn","13":"first","14":"instock","15":"sale","16":"sold-individually","17":"taxable","18":"shipping-taxable","19":"purchasable","20":"product-type-simple"},"yoast_head":"<!-- This site is optimized with the Yoast SEO Premium plugin v25.0 (Yoast SEO v25.0) - https:\/\/yoast.com\/wordpress\/plugins\/seo\/ -->\n<title>Online kurz BPMN Modelovanie Procesov I. Za\u010diato\u010dn\u00edk  | VITA<\/title>\n<meta name=\"description\" content=\"V online kurze BPMN modelovanie procesov I. Za\u010diato\u010dn\u00edk sa nau\u010d\u00edte z\u00e1klady modelovania podnikov\u00fdch procesov pomocou jazyka BPMN. \u2705\" \/>\n<meta name=\"robots\" content=\"index, follow, max-snippet:-1, max-image-preview:large, max-video-preview:-1\" \/>\n<link rel=\"canonical\" href=\"https:\/\/www.vita.sk\/online-kurz-bpmn-modelovanie-procesov-i-zaciatocnik\/\" \/>\n<meta property=\"og:locale\" content=\"en_US\" \/>\n<meta property=\"og:type\" content=\"article\" \/>\n<meta property=\"og:title\" content=\"Online kurz BPMN Modelovanie Procesov I. Za\u010diato\u010dn\u00edk\" \/>\n<meta property=\"og:description\" content=\"V online kurze BPMN modelovanie procesov I. Za\u010diato\u010dn\u00edk sa nau\u010d\u00edte z\u00e1klady modelovania podnikov\u00fdch procesov pomocou jazyka BPMN. \u2705\" \/>\n<meta property=\"og:url\" content=\"https:\/\/www.vita.sk\/online-kurz-bpmn-modelovanie-procesov-i-zaciatocnik\/\" \/>\n<meta property=\"og:site_name\" content=\"VITA\" \/>\n<meta property=\"article:publisher\" content=\"https:\/\/www.facebook.com\/VitaAcademySK\" \/>\n<meta property=\"article:modified_time\" content=\"2025-04-29T12:22:05+00:00\" \/>\n<meta property=\"og:image\" content=\"https:\/\/www.vita.sk\/wp-content\/uploads\/2020\/11\/kurz-bpmn.png\" \/>\n\t<meta property=\"og:image:width\" content=\"360\" \/>\n\t<meta property=\"og:image:height\" content=\"360\" \/>\n\t<meta property=\"og:image:type\" content=\"image\/png\" \/>\n<meta name=\"twitter:card\" content=\"summary_large_image\" \/>\n<meta name=\"twitter:label1\" content=\"Est. reading time\" \/>\n\t<meta name=\"twitter:data1\" content=\"3 minutes\" \/>\n<script type=\"application\/ld+json\" class=\"yoast-schema-graph\">{\n\t    \"@context\": \"https:\/\/schema.org\",\n\t    \"@graph\": [\n\t        {\n\t            \"@type\": \"WebPage\",\n\t            \"@id\": \"https:\/\/www.vita.sk\/online-kurz-bpmn-modelovanie-procesov-i-zaciatocnik\/\",\n\t            \"url\": \"https:\/\/www.vita.sk\/online-kurz-bpmn-modelovanie-procesov-i-zaciatocnik\/\",\n\t            \"name\": \"Online kurz BPMN Modelovanie Procesov I. Za\u010diato\u010dn\u00edk 2025 | VITA\",\n\t            \"isPartOf\": {\n\t                \"@id\": \"https:\/\/www.vita.sk\/#website\"\n\t            },\n\t            \"primaryImageOfPage\": {\n\t                \"@id\": \"https:\/\/www.vita.sk\/online-kurz-bpmn-modelovanie-procesov-i-zaciatocnik\/#primaryimage\"\n\t            },\n\t            \"image\": {\n\t                \"@id\": \"https:\/\/www.vita.sk\/online-kurz-bpmn-modelovanie-procesov-i-zaciatocnik\/#primaryimage\"\n\t            },\n\t            \"thumbnailUrl\": \"https:\/\/www.vita.sk\/wp-content\/uploads\/2020\/11\/kurz-bpmn.png\",\n\t            \"datePublished\": \"2021-05-01T08:11:00+00:00\",\n\t            \"dateModified\": \"2025-04-29T12:22:05+00:00\",\n\t            \"description\": \"V online kurze BPMN modelovanie procesov I. Za\u010diato\u010dn\u00edk sa nau\u010d\u00edte z\u00e1klady modelovania podnikov\u00fdch procesov pomocou jazyka BPMN. \u2705\",\n\t            \"breadcrumb\": {\n\t                \"@id\": \"https:\/\/www.vita.sk\/online-kurz-bpmn-modelovanie-procesov-i-zaciatocnik\/#breadcrumb\"\n\t            },\n\t            \"inLanguage\": \"en-US\",\n\t            \"potentialAction\": [\n\t                {\n\t                    \"@type\": \"ReadAction\",\n\t                    \"target\": [\n\t                        \"https:\/\/www.vita.sk\/online-kurz-bpmn-modelovanie-procesov-i-zaciatocnik\/\"\n\t                    ]\n\t                }\n\t            ]\n\t        },\n\t        {\n\t            \"@type\": \"ImageObject\",\n\t            \"inLanguage\": \"en-US\",\n\t            \"@id\": \"https:\/\/www.vita.sk\/online-kurz-bpmn-modelovanie-procesov-i-zaciatocnik\/#primaryimage\",\n\t            \"url\": \"https:\/\/www.vita.sk\/wp-content\/uploads\/2020\/11\/kurz-bpmn.png\",\n\t            \"contentUrl\": \"https:\/\/www.vita.sk\/wp-content\/uploads\/2020\/11\/kurz-bpmn.png\",\n\t            \"width\": 360,\n\t            \"height\": 360,\n\t            \"caption\": \"Online kurz BPMN\"\n\t        },\n\t        {\n\t            \"@type\": \"BreadcrumbList\",\n\t            \"@id\": \"https:\/\/www.vita.sk\/online-kurz-bpmn-modelovanie-procesov-i-zaciatocnik\/#breadcrumb\",\n\t            \"itemListElement\": [\n\t                {\n\t                    \"@type\": \"ListItem\",\n\t                    \"position\": 1,\n\t                    \"name\": \"VITA Academy\",\n\t                    \"item\": \"https:\/\/www.vita.sk\/en\/\"\n\t                },\n\t                {\n\t                    \"@type\": \"ListItem\",\n\t                    \"position\": 2,\n\t                    \"name\": \"Shop\",\n\t                    \"item\": \"https:\/\/www.vita.sk\/shop\/\"\n\t                },\n\t                {\n\t                    \"@type\": \"ListItem\",\n\t                    \"position\": 3,\n\t                    \"name\": \"Programovacie Jazyky\",\n\t                    \"item\": \"https:\/\/www.vita.sk\/online-kurzy-programovacie-jazyky\/\"\n\t                },\n\t                {\n\t                    \"@type\": \"ListItem\",\n\t                    \"position\": 4,\n\t                    \"name\": \"BPMN\",\n\t                    \"item\": \"https:\/\/www.vita.sk\/online-kurzy-bpmn\/\"\n\t                },\n\t                {\n\t                    \"@type\": \"ListItem\",\n\t                    \"position\": 5,\n\t                    \"name\": \"Online kurz BPMN Modelovanie Procesov I. Za\u010diato\u010dn\u00edk\"\n\t                }\n\t            ]\n\t        },\n\t        {\n\t            \"@type\": \"WebSite\",\n\t            \"@id\": \"https:\/\/www.vita.sk\/#website\",\n\t            \"url\": \"https:\/\/www.vita.sk\/\",\n\t            \"name\": \"VITA\",\n\t            \"description\": \"\",\n\t            \"publisher\": {\n\t                \"@id\": \"https:\/\/www.vita.sk\/#organization\"\n\t            },\n\t            \"potentialAction\": [\n\t                {\n\t                    \"@type\": \"SearchAction\",\n\t                    \"target\": {\n\t                        \"@type\": \"EntryPoint\",\n\t                        \"urlTemplate\": \"https:\/\/www.vita.sk\/?s={search_term_string}\"\n\t                    },\n\t                    \"query-input\": {\n\t                        \"@type\": \"PropertyValueSpecification\",\n\t                        \"valueRequired\": true,\n\t                        \"valueName\": \"search_term_string\"\n\t                    }\n\t                }\n\t            ],\n\t            \"inLanguage\": \"en-US\"\n\t        },\n\t        {\n\t            \"email\": \"admin@vita.sk\",\n\t            \"logo\": \"https:\/\/www.vita.sk\/img\/vita_logo.png \",\n\t            \"address\": {\n\t                \"type\": \"PostalAddress\",\n\t                \"streetAddress\": \"Tom\u00e1\u0161ikova 50\/A\",\n\t                \"addressLocality\": \"Bratislava\",\n\t                \"postalCode\": \"83104\",\n\t                \"addressCountry\": {\n\t                    \"name\": \"SK\",\n\t                    \"type\": \"Country\"\n\t                }\n\t            },\n\t            \"contactPoint\": {\n\t                \"type\": \"ContactPoint\",\n\t                \"telephone\": \"+421 907 375\u00a0543\",\n\t                \"Email\": \"admin@vita.sk\",\n\t                \"contactType\": \"customer service\"\n\t            },\n\t            \"sameAs\": [\n\t                \"https:\/\/www.facebook.com\/VitaAcademySK\/\",\n\t                \"https:\/\/www.linkedin.com\/company\/vita-academy\/\"\n\t            ]\n\t        }\n\t    ]\n\t}<\/script>\n<!-- \/ Yoast SEO Premium plugin. -->","yoast_head_json":{"title":"Online kurz BPMN Modelovanie Procesov I. Za\u010diato\u010dn\u00edk  | VITA","description":"V online kurze BPMN modelovanie procesov I. Za\u010diato\u010dn\u00edk sa nau\u010d\u00edte z\u00e1klady modelovania podnikov\u00fdch procesov pomocou jazyka BPMN. \u2705","robots":{"index":"index","follow":"follow","max-snippet":"max-snippet:-1","max-image-preview":"max-image-preview:large","max-video-preview":"max-video-preview:-1"},"canonical":"https:\/\/www.vita.sk\/online-kurz-bpmn-modelovanie-procesov-i-zaciatocnik\/","og_locale":"en_US","og_type":"article","og_title":"Online kurz BPMN Modelovanie Procesov I. Za\u010diato\u010dn\u00edk","og_description":"V online kurze BPMN modelovanie procesov I. Za\u010diato\u010dn\u00edk sa nau\u010d\u00edte z\u00e1klady modelovania podnikov\u00fdch procesov pomocou jazyka BPMN. \u2705","og_url":"https:\/\/www.vita.sk\/online-kurz-bpmn-modelovanie-procesov-i-zaciatocnik\/","og_site_name":"VITA","article_publisher":"https:\/\/www.facebook.com\/VitaAcademySK","article_modified_time":"2025-04-29T12:22:05+00:00","og_image":[{"width":360,"height":360,"url":"https:\/\/www.vita.sk\/wp-content\/uploads\/2020\/11\/kurz-bpmn.png","type":"image\/png"}],"twitter_card":"summary_large_image","twitter_misc":{"Est. reading time":"3 minutes"},"schema":{"@context":"https:\/\/schema.org","@graph":[{"@type":"WebPage","@id":"https:\/\/www.vita.sk\/online-kurz-bpmn-modelovanie-procesov-i-zaciatocnik\/","url":"https:\/\/www.vita.sk\/online-kurz-bpmn-modelovanie-procesov-i-zaciatocnik\/","name":"Online kurz BPMN Modelovanie Procesov I. Za\u010diato\u010dn\u00edk 2025 | VITA","isPartOf":{"@id":"https:\/\/www.vita.sk\/#website"},"primaryImageOfPage":{"@id":"https:\/\/www.vita.sk\/online-kurz-bpmn-modelovanie-procesov-i-zaciatocnik\/#primaryimage"},"image":{"@id":"https:\/\/www.vita.sk\/online-kurz-bpmn-modelovanie-procesov-i-zaciatocnik\/#primaryimage"},"thumbnailUrl":"https:\/\/www.vita.sk\/wp-content\/uploads\/2020\/11\/kurz-bpmn.png","datePublished":"2021-05-01T08:11:00+00:00","dateModified":"2025-04-29T12:22:05+00:00","description":"V online kurze BPMN modelovanie procesov I. Za\u010diato\u010dn\u00edk sa nau\u010d\u00edte z\u00e1klady modelovania podnikov\u00fdch procesov pomocou jazyka BPMN. \u2705","breadcrumb":{"@id":"https:\/\/www.vita.sk\/online-kurz-bpmn-modelovanie-procesov-i-zaciatocnik\/#breadcrumb"},"inLanguage":"en-US","potentialAction":[{"@type":"ReadAction","target":["https:\/\/www.vita.sk\/online-kurz-bpmn-modelovanie-procesov-i-zaciatocnik\/"]}]},{"@type":"ImageObject","inLanguage":"en-US","@id":"https:\/\/www.vita.sk\/online-kurz-bpmn-modelovanie-procesov-i-zaciatocnik\/#primaryimage","url":"https:\/\/www.vita.sk\/wp-content\/uploads\/2020\/11\/kurz-bpmn.png","contentUrl":"https:\/\/www.vita.sk\/wp-content\/uploads\/2020\/11\/kurz-bpmn.png","width":360,"height":360,"caption":"Online kurz BPMN"},{"@type":"BreadcrumbList","@id":"https:\/\/www.vita.sk\/online-kurz-bpmn-modelovanie-procesov-i-zaciatocnik\/#breadcrumb","itemListElement":[{"@type":"ListItem","position":1,"name":"VITA Academy","item":"https:\/\/www.vita.sk\/en\/"},{"@type":"ListItem","position":2,"name":"Shop","item":"https:\/\/www.vita.sk\/shop\/"},{"@type":"ListItem","position":3,"name":"Programovacie Jazyky","item":"https:\/\/www.vita.sk\/online-kurzy-programovacie-jazyky\/"},{"@type":"ListItem","position":4,"name":"BPMN","item":"https:\/\/www.vita.sk\/online-kurzy-bpmn\/"},{"@type":"ListItem","position":5,"name":"Online kurz BPMN Modelovanie Procesov I. Za\u010diato\u010dn\u00edk"}]},{"@type":"WebSite","@id":"https:\/\/www.vita.sk\/#website","url":"https:\/\/www.vita.sk\/","name":"VITA","description":"","publisher":{"@id":"https:\/\/www.vita.sk\/#organization"},"potentialAction":[{"@type":"SearchAction","target":{"@type":"EntryPoint","urlTemplate":"https:\/\/www.vita.sk\/?s={search_term_string}"},"query-input":{"@type":"PropertyValueSpecification","valueRequired":true,"valueName":"search_term_string"}}],"inLanguage":"en-US"},{"email":"admin@vita.sk","logo":"https:\/\/www.vita.sk\/img\/vita_logo.png ","address":{"type":"PostalAddress","streetAddress":"Tom\u00e1\u0161ikova 50\/A","addressLocality":"Bratislava","postalCode":"83104","addressCountry":{"name":"SK","type":"Country"}},"contactPoint":{"type":"ContactPoint","telephone":"+421 907 375\u00a0543","Email":"admin@vita.sk","contactType":"customer service"},"sameAs":["https:\/\/www.facebook.com\/VitaAcademySK\/","https:\/\/www.linkedin.com\/company\/vita-academy\/"]}]}},"acf":[],"_links":{"self":[{"href":"https:\/\/www.vita.sk\/en\/wp-json\/wp\/v2\/product\/413","targetHints":{"allow":["GET"]}}],"collection":[{"href":"https:\/\/www.vita.sk\/en\/wp-json\/wp\/v2\/product"}],"about":[{"href":"https:\/\/www.vita.sk\/en\/wp-json\/wp\/v2\/types\/product"}],"author":[{"embeddable":true,"href":"https:\/\/www.vita.sk\/en\/wp-json\/wp\/v2\/users\/27"}],"replies":[{"embeddable":true,"href":"https:\/\/www.vita.sk\/en\/wp-json\/wp\/v2\/comments?post=413"}],"wp:featuredmedia":[{"embeddable":true,"href":"https:\/\/www.vita.sk\/en\/wp-json\/wp\/v2\/media\/4504"}],"wp:attachment":[{"href":"https:\/\/www.vita.sk\/en\/wp-json\/wp\/v2\/media?parent=413"}],"wp:term":[{"taxonomy":"product_brand","embeddable":true,"href":"https:\/\/www.vita.sk\/en\/wp-json\/wp\/v2\/product_brand?post=413"},{"taxonomy":"product_cat","embeddable":true,"href":"https:\/\/www.vita.sk\/en\/wp-json\/wp\/v2\/product_cat?post=413"},{"taxonomy":"product_tag","embeddable":true,"href":"https:\/\/www.vita.sk\/en\/wp-json\/wp\/v2\/product_tag?post=413"}],"curies":[{"name":"wp","href":"https:\/\/api.w.org\/{rel}","templated":true}]}}