{"id":414,"date":"2021-07-01T10:10:03","date_gmt":"2021-07-01T08:10:03","guid":{"rendered":"http:\/\/vita.sk.vps202.nameserver.sk\/?post_type=product&#038;p=414"},"modified":"2025-04-29T15:49:35","modified_gmt":"2025-04-29T13:49:35","slug":"online-kurz-bpmn-modelovanie-procesov-ii-pokrocily","status":"publish","type":"product","link":"https:\/\/www.vita.sk\/en\/online-kurz-bpmn-modelovanie-procesov-ii-pokrocily\/","title":{"rendered":"Online kurz BPMN Modelovanie Procesov II. Mierne Pokro\u010dil\u00fd"},"content":{"rendered":"<p>Online kurz BPMN Modelovanie Procesov II. Mierne Pokro\u010dil\u00fd je pre v\u00e1s ide\u00e1lny, ak sa chcete nau\u010di\u0165 pokro\u010dil\u00e9 techniky modelovania procesov a efekt\u00edvne ich aplikova\u0165 na re\u00e1lne situ\u00e1cie. <strong>Ide o jedin\u00fd online kurz na BPMN Modelovanie Procesov na Slovensku.<\/strong> Kurz v\u00e1m poskytne hlbok\u00fd preh\u013ead o r\u00f4znych pokro\u010dil\u00fdch n\u00e1strojoch a technik\u00e1ch pou\u017e\u00edvan\u00fdch pri modelovan\u00ed procesov v BPMN, ako aj praktick\u00e9 aplik\u00e1cie na konkr\u00e9tnych procesoch. Za\u010dnete s efekt\u00edvnym vyu\u017e\u00edvan\u00edm tvarov, udalost\u00ed, \u00faloh a br\u00e1n, pri\u010dom sa zameriate na pr\u00e1cu s odkazmi, kontajnermi a \u0161t\u00fdlmi. Nau\u010d\u00edte sa, \u010do je paralelizmus a inkluz\u00edvnos\u0165 v procesoch a ako pou\u017e\u00edva\u0165 d\u00e1tov\u00e9 objekty a kolekcie na zlep\u0161enie efektivity modelovania. Pokro\u010dil\u00fd kurz v\u00e1m uk\u00e1\u017ee, ako spr\u00e1vne pracova\u0165 s baz\u00e9nmi a dr\u00e1hami, a nau\u010d\u00edte sa princ\u00edpy \u010diernej a bielej skrinky. Z\u00edskate aj n\u00e1vod, ako sa vyhn\u00fa\u0165 naj\u010dastej\u0161\u00edm chyb\u00e1m pri modelovan\u00ed procesov a subprocesov. Okrem toho sa obozn\u00e1mite so SWOT anal\u00fdzou, PESTEL anal\u00fdzou a \u010fal\u0161\u00edmi n\u00e1strojmi, ako je 5Ws, ktor\u00e9 s\u00fa d\u00f4le\u017eit\u00e9 pre komplexn\u00fa anal\u00fdzu a modelovanie podnikov\u00fdch procesov. \u010ealej sa zameriate na modelovacie elementy v BPMN, vr\u00e1tane RACI a BPA, a nau\u010d\u00edte sa, ako modelova\u0165 jednoduch\u00e9 a komplexn\u00e9 procesy. Prejdete si aj r\u00f4zne markery pre elementy BPMN, ako aj pokro\u010dil\u00e9 techniky modelovania, ako s\u00fa transakcie, kompenz\u00e1cie a preru\u0161enia v udalostiach. Tieto pokro\u010dil\u00e9 techniky v\u00e1m pom\u00f4\u017eu lep\u0161ie pochopi\u0165, ako spravova\u0165 komplexn\u00e9 procesy v organiz\u00e1cii a ich optimaliz\u00e1ciu. Ako bonus sa kurz zameria na mana\u017ement riz\u00edk a rizikov\u00e9 faktory v procesoch. Nau\u010d\u00edte sa, \u010do je riziko, ako ho identifikova\u0165 a spr\u00e1vne riadi\u0165 v kontexte BPMN modelovania procesov. Tento kurz poskytuje komplexn\u00fd poh\u013ead na pokro\u010dil\u00e9 aspekty BPMN a zlep\u0161\u00ed va\u0161e zru\u010dnosti pri modelovan\u00ed re\u00e1lnych podnikov\u00fdch procesov a optimaliz\u00e1cii procesn\u00e9ho mana\u017ementu. Ak sa chcete skuto\u010dne nau\u010di\u0165 pou\u017e\u00edva\u0165 BPMN, tak toto je ide\u00e1lny online kurz pre v\u00e1s.<\/p>\n<p>&nbsp;<\/p>\n","protected":false},"excerpt":{"rendered":"<p>Online kurz BPMN Modelovanie Procesov II. Mierne Pokro\u010dil\u00fd je pre v\u00e1s ide\u00e1lny, ak sa chcete nau\u010di\u0165 pokro\u010dil\u00e9 techniky modelovania procesov a efekt\u00edvne ich aplikova\u0165 na re\u00e1lne situ\u00e1cie. Ide o jedin\u00fd online kurz na BPMN Modelovanie Procesov na Slovensku.","protected":false},"author":27,"featured_media":411,"comment_status":"open","ping_status":"closed","template":"","meta":{"_acf_changed":false},"product_brand":[],"product_cat":[45,99,73,354],"product_tag":[189],"class_list":{"0":"post-414","1":"product","2":"type-product","3":"status-publish","4":"has-post-thumbnail","6":"product_cat-online-kurzy-certifikacne-skusky","7":"product_cat-online-kurzy-programovacie-jazyky","8":"product_cat-bez-kategorie","9":"product_cat-online-kurzy-bpmn","10":"product_tag-programovacie-jazyky","12":"first","13":"instock","14":"sale","15":"sold-individually","16":"taxable","17":"shipping-taxable","18":"purchasable","19":"product-type-simple"},"yoast_head":"<!-- This site is optimized with the Yoast SEO Premium plugin v25.0 (Yoast SEO v25.0) - https:\/\/yoast.com\/wordpress\/plugins\/seo\/ -->\n<title>Online kurz BPMN Modelovanie II. Mierne Pokro\u010dil\u00fd  | VITA<\/title>\n<meta name=\"description\" content=\"V online kurze BPMN Modelovanie Procesov II. Mierne Pokro\u010dil\u00fd sa nau\u010d\u00edte efekt\u00edvne modelova\u0165 a analyzova\u0165 firemn\u00e9 procesy. \u2705\" \/>\n<meta name=\"robots\" content=\"index, follow, max-snippet:-1, max-image-preview:large, max-video-preview:-1\" \/>\n<link rel=\"canonical\" href=\"https:\/\/www.vita.sk\/online-kurz-bpmn-modelovanie-procesov-ii-pokrocily\/\" \/>\n<meta property=\"og:locale\" content=\"en_US\" \/>\n<meta property=\"og:type\" content=\"article\" \/>\n<meta property=\"og:title\" content=\"Online kurz BPMN Modelovanie Procesov II. Mierne Pokro\u010dil\u00fd\" \/>\n<meta property=\"og:description\" content=\"V online kurze BPMN Modelovanie Procesov II. Mierne Pokro\u010dil\u00fd sa nau\u010d\u00edte efekt\u00edvne modelova\u0165 a analyzova\u0165 firemn\u00e9 procesy. \u2705\" \/>\n<meta property=\"og:url\" content=\"https:\/\/www.vita.sk\/online-kurz-bpmn-modelovanie-procesov-ii-pokrocily\/\" \/>\n<meta property=\"og:site_name\" content=\"VITA\" \/>\n<meta property=\"article:publisher\" content=\"https:\/\/www.facebook.com\/VitaAcademySK\" \/>\n<meta property=\"article:modified_time\" content=\"2025-04-29T13:49:35+00:00\" \/>\n<meta property=\"og:image\" content=\"https:\/\/www.vita.sk\/wp-content\/uploads\/2018\/10\/bpmn.png\" \/>\n\t<meta property=\"og:image:width\" content=\"360\" \/>\n\t<meta property=\"og:image:height\" content=\"360\" \/>\n\t<meta property=\"og:image:type\" content=\"image\/png\" \/>\n<meta name=\"twitter:card\" content=\"summary_large_image\" \/>\n<meta name=\"twitter:label1\" content=\"Est. reading time\" \/>\n\t<meta name=\"twitter:data1\" content=\"2 minutes\" \/>\n<script type=\"application\/ld+json\" class=\"yoast-schema-graph\">{\n\t    \"@context\": \"https:\/\/schema.org\",\n\t    \"@graph\": [\n\t        {\n\t            \"@type\": \"WebPage\",\n\t            \"@id\": \"https:\/\/www.vita.sk\/online-kurz-bpmn-modelovanie-procesov-ii-pokrocily\/\",\n\t            \"url\": \"https:\/\/www.vita.sk\/online-kurz-bpmn-modelovanie-procesov-ii-pokrocily\/\",\n\t            \"name\": \"Online kurz BPMN Modelovanie II. Mierne Pokro\u010dil\u00fd 2025 | VITA\",\n\t            \"isPartOf\": {\n\t                \"@id\": \"https:\/\/www.vita.sk\/#website\"\n\t            },\n\t            \"primaryImageOfPage\": {\n\t                \"@id\": \"https:\/\/www.vita.sk\/online-kurz-bpmn-modelovanie-procesov-ii-pokrocily\/#primaryimage\"\n\t            },\n\t            \"image\": {\n\t                \"@id\": \"https:\/\/www.vita.sk\/online-kurz-bpmn-modelovanie-procesov-ii-pokrocily\/#primaryimage\"\n\t            },\n\t            \"thumbnailUrl\": \"https:\/\/www.vita.sk\/wp-content\/uploads\/2018\/10\/bpmn.png\",\n\t            \"datePublished\": \"2021-07-01T08:10:03+00:00\",\n\t            \"dateModified\": \"2025-04-29T13:49:35+00:00\",\n\t            \"description\": \"V online kurze BPMN Modelovanie Procesov II. Mierne Pokro\u010dil\u00fd sa nau\u010d\u00edte efekt\u00edvne modelova\u0165 a analyzova\u0165 firemn\u00e9 procesy. \u2705\",\n\t            \"breadcrumb\": {\n\t                \"@id\": \"https:\/\/www.vita.sk\/online-kurz-bpmn-modelovanie-procesov-ii-pokrocily\/#breadcrumb\"\n\t            },\n\t            \"inLanguage\": \"en-US\",\n\t            \"potentialAction\": [\n\t                {\n\t                    \"@type\": \"ReadAction\",\n\t                    \"target\": [\n\t                        \"https:\/\/www.vita.sk\/online-kurz-bpmn-modelovanie-procesov-ii-pokrocily\/\"\n\t                    ]\n\t                }\n\t            ]\n\t        },\n\t        {\n\t            \"@type\": \"ImageObject\",\n\t            \"inLanguage\": \"en-US\",\n\t            \"@id\": \"https:\/\/www.vita.sk\/online-kurz-bpmn-modelovanie-procesov-ii-pokrocily\/#primaryimage\",\n\t            \"url\": \"https:\/\/www.vita.sk\/wp-content\/uploads\/2018\/10\/bpmn.png\",\n\t            \"contentUrl\": \"https:\/\/www.vita.sk\/wp-content\/uploads\/2018\/10\/bpmn.png\",\n\t            \"width\": 360,\n\t            \"height\": 360,\n\t            \"caption\": \"Online kurz BPMN\"\n\t        },\n\t        {\n\t            \"@type\": \"BreadcrumbList\",\n\t            \"@id\": \"https:\/\/www.vita.sk\/online-kurz-bpmn-modelovanie-procesov-ii-pokrocily\/#breadcrumb\",\n\t            \"itemListElement\": [\n\t                {\n\t                    \"@type\": \"ListItem\",\n\t                    \"position\": 1,\n\t                    \"name\": \"VITA Academy\",\n\t                    \"item\": \"https:\/\/www.vita.sk\/en\/\"\n\t                },\n\t                {\n\t                    \"@type\": \"ListItem\",\n\t                    \"position\": 2,\n\t                    \"name\": \"Shop\",\n\t                    \"item\": \"https:\/\/www.vita.sk\/shop\/\"\n\t                },\n\t                {\n\t                    \"@type\": \"ListItem\",\n\t                    \"position\": 3,\n\t                    \"name\": \"Programovacie Jazyky\",\n\t                    \"item\": \"https:\/\/www.vita.sk\/online-kurzy-programovacie-jazyky\/\"\n\t                },\n\t                {\n\t                    \"@type\": \"ListItem\",\n\t                    \"position\": 4,\n\t                    \"name\": \"BPMN\",\n\t                    \"item\": \"https:\/\/www.vita.sk\/online-kurzy-bpmn\/\"\n\t                },\n\t                {\n\t                    \"@type\": \"ListItem\",\n\t                    \"position\": 5,\n\t                    \"name\": \"Online kurz BPMN Modelovanie Procesov II. Mierne Pokro\u010dil\u00fd\"\n\t                }\n\t            ]\n\t        },\n\t        {\n\t            \"@type\": \"WebSite\",\n\t            \"@id\": \"https:\/\/www.vita.sk\/#website\",\n\t            \"url\": \"https:\/\/www.vita.sk\/\",\n\t            \"name\": \"VITA\",\n\t            \"description\": \"\",\n\t            \"publisher\": {\n\t                \"@id\": \"https:\/\/www.vita.sk\/#organization\"\n\t            },\n\t            \"potentialAction\": [\n\t                {\n\t                    \"@type\": \"SearchAction\",\n\t                    \"target\": {\n\t                        \"@type\": \"EntryPoint\",\n\t                        \"urlTemplate\": \"https:\/\/www.vita.sk\/?s={search_term_string}\"\n\t                    },\n\t                    \"query-input\": {\n\t                        \"@type\": \"PropertyValueSpecification\",\n\t                        \"valueRequired\": true,\n\t                        \"valueName\": \"search_term_string\"\n\t                    }\n\t                }\n\t            ],\n\t            \"inLanguage\": \"en-US\"\n\t        },\n\t        {\n\t            \"email\": \"admin@vita.sk\",\n\t            \"logo\": \"https:\/\/www.vita.sk\/img\/vita_logo.png \",\n\t            \"address\": {\n\t                \"type\": \"PostalAddress\",\n\t                \"streetAddress\": \"Tom\u00e1\u0161ikova 50\/A\",\n\t                \"addressLocality\": \"Bratislava\",\n\t                \"postalCode\": \"83104\",\n\t                \"addressCountry\": {\n\t                    \"name\": \"SK\",\n\t                    \"type\": \"Country\"\n\t                }\n\t            },\n\t            \"contactPoint\": {\n\t                \"type\": \"ContactPoint\",\n\t                \"telephone\": \"+421 907 375\u00a0543\",\n\t                \"Email\": \"admin@vita.sk\",\n\t                \"contactType\": \"customer service\"\n\t            },\n\t            \"sameAs\": [\n\t                \"https:\/\/www.facebook.com\/VitaAcademySK\/\",\n\t                \"https:\/\/www.linkedin.com\/company\/vita-academy\/\"\n\t            ]\n\t        }\n\t    ]\n\t}<\/script>\n<!-- \/ Yoast SEO Premium plugin. -->","yoast_head_json":{"title":"Online kurz BPMN Modelovanie II. Mierne Pokro\u010dil\u00fd  | VITA","description":"V online kurze BPMN Modelovanie Procesov II. Mierne Pokro\u010dil\u00fd sa nau\u010d\u00edte efekt\u00edvne modelova\u0165 a analyzova\u0165 firemn\u00e9 procesy. \u2705","robots":{"index":"index","follow":"follow","max-snippet":"max-snippet:-1","max-image-preview":"max-image-preview:large","max-video-preview":"max-video-preview:-1"},"canonical":"https:\/\/www.vita.sk\/online-kurz-bpmn-modelovanie-procesov-ii-pokrocily\/","og_locale":"en_US","og_type":"article","og_title":"Online kurz BPMN Modelovanie Procesov II. Mierne Pokro\u010dil\u00fd","og_description":"V online kurze BPMN Modelovanie Procesov II. Mierne Pokro\u010dil\u00fd sa nau\u010d\u00edte efekt\u00edvne modelova\u0165 a analyzova\u0165 firemn\u00e9 procesy. \u2705","og_url":"https:\/\/www.vita.sk\/online-kurz-bpmn-modelovanie-procesov-ii-pokrocily\/","og_site_name":"VITA","article_publisher":"https:\/\/www.facebook.com\/VitaAcademySK","article_modified_time":"2025-04-29T13:49:35+00:00","og_image":[{"width":360,"height":360,"url":"https:\/\/www.vita.sk\/wp-content\/uploads\/2018\/10\/bpmn.png","type":"image\/png"}],"twitter_card":"summary_large_image","twitter_misc":{"Est. reading time":"2 minutes"},"schema":{"@context":"https:\/\/schema.org","@graph":[{"@type":"WebPage","@id":"https:\/\/www.vita.sk\/online-kurz-bpmn-modelovanie-procesov-ii-pokrocily\/","url":"https:\/\/www.vita.sk\/online-kurz-bpmn-modelovanie-procesov-ii-pokrocily\/","name":"Online kurz BPMN Modelovanie II. Mierne Pokro\u010dil\u00fd 2025 | VITA","isPartOf":{"@id":"https:\/\/www.vita.sk\/#website"},"primaryImageOfPage":{"@id":"https:\/\/www.vita.sk\/online-kurz-bpmn-modelovanie-procesov-ii-pokrocily\/#primaryimage"},"image":{"@id":"https:\/\/www.vita.sk\/online-kurz-bpmn-modelovanie-procesov-ii-pokrocily\/#primaryimage"},"thumbnailUrl":"https:\/\/www.vita.sk\/wp-content\/uploads\/2018\/10\/bpmn.png","datePublished":"2021-07-01T08:10:03+00:00","dateModified":"2025-04-29T13:49:35+00:00","description":"V online kurze BPMN Modelovanie Procesov II. Mierne Pokro\u010dil\u00fd sa nau\u010d\u00edte efekt\u00edvne modelova\u0165 a analyzova\u0165 firemn\u00e9 procesy. \u2705","breadcrumb":{"@id":"https:\/\/www.vita.sk\/online-kurz-bpmn-modelovanie-procesov-ii-pokrocily\/#breadcrumb"},"inLanguage":"en-US","potentialAction":[{"@type":"ReadAction","target":["https:\/\/www.vita.sk\/online-kurz-bpmn-modelovanie-procesov-ii-pokrocily\/"]}]},{"@type":"ImageObject","inLanguage":"en-US","@id":"https:\/\/www.vita.sk\/online-kurz-bpmn-modelovanie-procesov-ii-pokrocily\/#primaryimage","url":"https:\/\/www.vita.sk\/wp-content\/uploads\/2018\/10\/bpmn.png","contentUrl":"https:\/\/www.vita.sk\/wp-content\/uploads\/2018\/10\/bpmn.png","width":360,"height":360,"caption":"Online kurz BPMN"},{"@type":"BreadcrumbList","@id":"https:\/\/www.vita.sk\/online-kurz-bpmn-modelovanie-procesov-ii-pokrocily\/#breadcrumb","itemListElement":[{"@type":"ListItem","position":1,"name":"VITA Academy","item":"https:\/\/www.vita.sk\/en\/"},{"@type":"ListItem","position":2,"name":"Shop","item":"https:\/\/www.vita.sk\/shop\/"},{"@type":"ListItem","position":3,"name":"Programovacie Jazyky","item":"https:\/\/www.vita.sk\/online-kurzy-programovacie-jazyky\/"},{"@type":"ListItem","position":4,"name":"BPMN","item":"https:\/\/www.vita.sk\/online-kurzy-bpmn\/"},{"@type":"ListItem","position":5,"name":"Online kurz BPMN Modelovanie Procesov II. Mierne Pokro\u010dil\u00fd"}]},{"@type":"WebSite","@id":"https:\/\/www.vita.sk\/#website","url":"https:\/\/www.vita.sk\/","name":"VITA","description":"","publisher":{"@id":"https:\/\/www.vita.sk\/#organization"},"potentialAction":[{"@type":"SearchAction","target":{"@type":"EntryPoint","urlTemplate":"https:\/\/www.vita.sk\/?s={search_term_string}"},"query-input":{"@type":"PropertyValueSpecification","valueRequired":true,"valueName":"search_term_string"}}],"inLanguage":"en-US"},{"email":"admin@vita.sk","logo":"https:\/\/www.vita.sk\/img\/vita_logo.png ","address":{"type":"PostalAddress","streetAddress":"Tom\u00e1\u0161ikova 50\/A","addressLocality":"Bratislava","postalCode":"83104","addressCountry":{"name":"SK","type":"Country"}},"contactPoint":{"type":"ContactPoint","telephone":"+421 907 375\u00a0543","Email":"admin@vita.sk","contactType":"customer service"},"sameAs":["https:\/\/www.facebook.com\/VitaAcademySK\/","https:\/\/www.linkedin.com\/company\/vita-academy\/"]}]}},"acf":[],"_links":{"self":[{"href":"https:\/\/www.vita.sk\/en\/wp-json\/wp\/v2\/product\/414","targetHints":{"allow":["GET"]}}],"collection":[{"href":"https:\/\/www.vita.sk\/en\/wp-json\/wp\/v2\/product"}],"about":[{"href":"https:\/\/www.vita.sk\/en\/wp-json\/wp\/v2\/types\/product"}],"author":[{"embeddable":true,"href":"https:\/\/www.vita.sk\/en\/wp-json\/wp\/v2\/users\/27"}],"replies":[{"embeddable":true,"href":"https:\/\/www.vita.sk\/en\/wp-json\/wp\/v2\/comments?post=414"}],"wp:featuredmedia":[{"embeddable":true,"href":"https:\/\/www.vita.sk\/en\/wp-json\/wp\/v2\/media\/411"}],"wp:attachment":[{"href":"https:\/\/www.vita.sk\/en\/wp-json\/wp\/v2\/media?parent=414"}],"wp:term":[{"taxonomy":"product_brand","embeddable":true,"href":"https:\/\/www.vita.sk\/en\/wp-json\/wp\/v2\/product_brand?post=414"},{"taxonomy":"product_cat","embeddable":true,"href":"https:\/\/www.vita.sk\/en\/wp-json\/wp\/v2\/product_cat?post=414"},{"taxonomy":"product_tag","embeddable":true,"href":"https:\/\/www.vita.sk\/en\/wp-json\/wp\/v2\/product_tag?post=414"}],"curies":[{"name":"wp","href":"https:\/\/api.w.org\/{rel}","templated":true}]}}