{"id":430,"date":"2021-07-01T11:00:19","date_gmt":"2021-07-01T09:00:19","guid":{"rendered":"http:\/\/vita.sk.vps202.nameserver.sk\/?post_type=product&#038;p=430"},"modified":"2025-09-08T13:26:11","modified_gmt":"2025-09-08T11:26:11","slug":"online-kurz-testovanie-softveru-i-zaciatocnik","status":"publish","type":"product","link":"https:\/\/www.vita.sk\/en\/online-kurz-testovanie-softveru-i-zaciatocnik\/","title":{"rendered":"Online kurz Testovanie Softv\u00e9ru I. Za\u010diato\u010dn\u00edk"},"content":{"rendered":"<p>Online kurz Testovanie Softv\u00e9ru I. Za\u010diato\u010dn\u00edk je pre v\u00e1s ide\u00e1lny, ak sa chcete nau\u010di\u0165 z\u00e1kladn\u00e9 princ\u00edpy a techniky softv\u00e9rov\u00e9ho testovania. <strong>Ide o jedin\u00fd akreditovan\u00fd a certifikovan\u00fd kurz na Testovanie Softv\u00e9ru na Slovensku. <\/strong>Obozn\u00e1mime v\u00e1s s potrebnou te\u00f3riou a r\u00f4znymi \u00farov\u0148ami testovania. V tomto kurze z\u00edskate preh\u013ead o r\u00f4znych typoch testovania, ako s\u00fa manu\u00e1lne testy, automatizovan\u00e9 testy, funk\u010dn\u00e9 a nefunk\u010dn\u00e9 testy. Nau\u010d\u00edte sa, ako efekt\u00edvne vytv\u00e1ra\u0165 testovacie pr\u00edpady, dokumentova\u0165 chyby a pou\u017e\u00edva\u0165 n\u00e1stroje na spr\u00e1vu testovacieho procesu. Uk\u00e1\u017eeme v\u00e1m naj\u010dastej\u0161ie softv\u00e9rov\u00e9 chyby. Nau\u010d\u00edme v\u00e1s testova\u0165 softv\u00e9r a ako spr\u00e1vne vypracova\u0165 n\u00e1vrhy testov. Kurz v\u00e1s tie\u017e obozn\u00e1mi so z\u00e1kladmi pr\u00e1ce v n\u00e1strojoch Selenium IDE a Katalon a s pou\u017e\u00edvan\u00edm n\u00e1strojov na sledovanie ch\u00fdb a riadenie testovac\u00edch \u00faloh. Prejdeme si praktick\u00e9 z\u00e1klady pre efekt\u00edvnu kontrolu kvality softv\u00e9ru a priprav\u00ed v\u00e1s na pokro\u010dilej\u0161ie techniky testovania. Ak sa chcete skuto\u010dne nau\u010di\u0165 testovanie softv\u00e9ru a sta\u0165 sa softv\u00e9rov\u00fdm testerom, tak toto je ide\u00e1lny vstupn\u00fd online kurz pre v\u00e1s.<\/p>\n","protected":false},"excerpt":{"rendered":"<p>Online kurz Testovanie Softv\u00e9ru I. Za\u010diato\u010dn\u00edk je pre v\u00e1s ide\u00e1lny, ak sa chcete nau\u010di\u0165 z\u00e1kladn\u00e9 princ\u00edpy a techniky softv\u00e9rov\u00e9ho testovania. Ide o jedin\u00fd akreditovan\u00fd a certifikovan\u00fd kurz na Testovanie Softv\u00e9ru na Slovensku. Obozn\u00e1mime v\u00e1s s potrebnou te\u00f3riou a r\u00f4znymi \u00farov\u0148ami testovania.","protected":false},"author":4,"featured_media":428,"comment_status":"open","ping_status":"closed","template":"","meta":{"_acf_changed":false},"product_brand":[],"product_cat":[99,73,130],"product_tag":[189,226],"class_list":{"0":"post-430","1":"product","2":"type-product","3":"status-publish","4":"has-post-thumbnail","6":"product_cat-online-kurzy-programovacie-jazyky","7":"product_cat-bez-kategorie","8":"product_cat-online-kurzy-testovanie-softveru-programovanie","9":"product_tag-programovacie-jazyky","10":"product_tag-testovanie-softveru","12":"first","13":"instock","14":"sale","15":"sold-individually","16":"taxable","17":"shipping-taxable","18":"purchasable","19":"product-type-simple"},"yoast_head":"<!-- This site is optimized with the Yoast SEO Premium plugin v25.0 (Yoast SEO v25.0) - https:\/\/yoast.com\/wordpress\/plugins\/seo\/ -->\n<title>Online kurz Testovanie softv\u00e9ru pre za\u010diato\u010dn\u00edkov 2026 | VITA<\/title>\n<meta name=\"description\" content=\"V online kurze Testovanie softv\u00e9ru I. Za\u010diato\u010dn\u00edk sa nau\u010d\u00edte z\u00e1klady testovania softv\u00e9ru, identifik\u00e1cie ch\u00fdb a zlep\u0161enie kvality softv\u00e9ru. \u2705\" \/>\n<meta name=\"robots\" content=\"index, follow, max-snippet:-1, max-image-preview:large, max-video-preview:-1\" \/>\n<link rel=\"canonical\" href=\"https:\/\/www.vita.sk\/online-kurz-testovanie-softveru-i-zaciatocnik\/\" \/>\n<meta property=\"og:locale\" content=\"en_US\" \/>\n<meta property=\"og:type\" content=\"article\" \/>\n<meta property=\"og:title\" content=\"Online kurz Testovanie Softv\u00e9ru I. Za\u010diato\u010dn\u00edk\" \/>\n<meta property=\"og:description\" content=\"V online kurze Testovanie softv\u00e9ru I. Za\u010diato\u010dn\u00edk sa nau\u010d\u00edte z\u00e1klady testovania softv\u00e9ru, identifik\u00e1cie ch\u00fdb a zlep\u0161enie kvality softv\u00e9ru. \u2705\" \/>\n<meta property=\"og:url\" content=\"https:\/\/www.vita.sk\/online-kurz-testovanie-softveru-i-zaciatocnik\/\" \/>\n<meta property=\"og:site_name\" content=\"VITA\" \/>\n<meta property=\"article:publisher\" content=\"https:\/\/www.facebook.com\/VitaAcademySK\" \/>\n<meta property=\"article:modified_time\" content=\"2025-09-08T11:26:11+00:00\" \/>\n<meta property=\"og:image\" content=\"https:\/\/www.vita.sk\/wp-content\/uploads\/2018\/10\/testovanie.png\" \/>\n\t<meta property=\"og:image:width\" content=\"360\" \/>\n\t<meta property=\"og:image:height\" content=\"360\" \/>\n\t<meta property=\"og:image:type\" content=\"image\/png\" \/>\n<meta name=\"twitter:card\" content=\"summary_large_image\" \/>\n<meta name=\"twitter:label1\" content=\"Est. reading time\" \/>\n\t<meta name=\"twitter:data1\" content=\"2 minutes\" \/>\n<script type=\"application\/ld+json\" class=\"yoast-schema-graph\">{\n\t    \"@context\": \"https:\/\/schema.org\",\n\t    \"@graph\": [\n\t        {\n\t            \"@type\": \"WebPage\",\n\t            \"@id\": \"https:\/\/www.vita.sk\/online-kurz-testovanie-softveru-i-zaciatocnik\/\",\n\t            \"url\": \"https:\/\/www.vita.sk\/online-kurz-testovanie-softveru-i-zaciatocnik\/\",\n\t            \"name\": \"Online kurz Testovanie softv\u00e9ru pre za\u010diato\u010dn\u00edkov {Y} | VITA\",\n\t            \"isPartOf\": {\n\t                \"@id\": \"https:\/\/www.vita.sk\/#website\"\n\t            },\n\t            \"primaryImageOfPage\": {\n\t                \"@id\": \"https:\/\/www.vita.sk\/online-kurz-testovanie-softveru-i-zaciatocnik\/#primaryimage\"\n\t            },\n\t            \"image\": {\n\t                \"@id\": \"https:\/\/www.vita.sk\/online-kurz-testovanie-softveru-i-zaciatocnik\/#primaryimage\"\n\t            },\n\t            \"thumbnailUrl\": \"https:\/\/www.vita.sk\/wp-content\/uploads\/2018\/10\/testovanie.png\",\n\t            \"datePublished\": \"2021-07-01T09:00:19+00:00\",\n\t            \"dateModified\": \"2025-09-08T11:26:11+00:00\",\n\t            \"description\": \"V online kurze Testovanie softv\u00e9ru I. Za\u010diato\u010dn\u00edk sa nau\u010d\u00edte z\u00e1klady testovania softv\u00e9ru, identifik\u00e1cie ch\u00fdb a zlep\u0161enie kvality softv\u00e9ru. \u2705\",\n\t            \"breadcrumb\": {\n\t                \"@id\": \"https:\/\/www.vita.sk\/online-kurz-testovanie-softveru-i-zaciatocnik\/#breadcrumb\"\n\t            },\n\t            \"inLanguage\": \"en-US\",\n\t            \"potentialAction\": [\n\t                {\n\t                    \"@type\": \"ReadAction\",\n\t                    \"target\": [\n\t                        \"https:\/\/www.vita.sk\/online-kurz-testovanie-softveru-i-zaciatocnik\/\"\n\t                    ]\n\t                }\n\t            ]\n\t        },\n\t        {\n\t            \"@type\": \"ImageObject\",\n\t            \"inLanguage\": \"en-US\",\n\t            \"@id\": \"https:\/\/www.vita.sk\/online-kurz-testovanie-softveru-i-zaciatocnik\/#primaryimage\",\n\t            \"url\": \"https:\/\/www.vita.sk\/wp-content\/uploads\/2018\/10\/testovanie.png\",\n\t            \"contentUrl\": \"https:\/\/www.vita.sk\/wp-content\/uploads\/2018\/10\/testovanie.png\",\n\t            \"width\": 360,\n\t            \"height\": 360,\n\t            \"caption\": \"Online kurz Testovanie Softv\u00e9ru\"\n\t        },\n\t        {\n\t            \"@type\": \"BreadcrumbList\",\n\t            \"@id\": \"https:\/\/www.vita.sk\/online-kurz-testovanie-softveru-i-zaciatocnik\/#breadcrumb\",\n\t            \"itemListElement\": [\n\t                {\n\t                    \"@type\": \"ListItem\",\n\t                    \"position\": 1,\n\t                    \"name\": \"VITA Academy\",\n\t                    \"item\": \"https:\/\/www.vita.sk\/en\/\"\n\t                },\n\t                {\n\t                    \"@type\": \"ListItem\",\n\t                    \"position\": 2,\n\t                    \"name\": \"Shop\",\n\t                    \"item\": \"https:\/\/www.vita.sk\/shop\/\"\n\t                },\n\t                {\n\t                    \"@type\": \"ListItem\",\n\t                    \"position\": 3,\n\t                    \"name\": \"Programovacie Jazyky\",\n\t                    \"item\": \"https:\/\/www.vita.sk\/online-kurzy-programovacie-jazyky\/\"\n\t                },\n\t                {\n\t                    \"@type\": \"ListItem\",\n\t                    \"position\": 4,\n\t                    \"name\": \"Testovanie softv\u00e9ru\",\n\t                    \"item\": \"https:\/\/www.vita.sk\/online-kurzy-testovanie-softveru-programovanie\/\"\n\t                },\n\t                {\n\t                    \"@type\": \"ListItem\",\n\t                    \"position\": 5,\n\t                    \"name\": \"Online kurz Testovanie Softv\u00e9ru I. Za\u010diato\u010dn\u00edk\"\n\t                }\n\t            ]\n\t        },\n\t        {\n\t            \"@type\": \"WebSite\",\n\t            \"@id\": \"https:\/\/www.vita.sk\/#website\",\n\t            \"url\": \"https:\/\/www.vita.sk\/\",\n\t            \"name\": \"VITA\",\n\t            \"description\": \"\",\n\t            \"publisher\": {\n\t                \"@id\": \"https:\/\/www.vita.sk\/#organization\"\n\t            },\n\t            \"potentialAction\": [\n\t                {\n\t                    \"@type\": \"SearchAction\",\n\t                    \"target\": {\n\t                        \"@type\": \"EntryPoint\",\n\t                        \"urlTemplate\": \"https:\/\/www.vita.sk\/?s={search_term_string}\"\n\t                    },\n\t                    \"query-input\": {\n\t                        \"@type\": \"PropertyValueSpecification\",\n\t                        \"valueRequired\": true,\n\t                        \"valueName\": \"search_term_string\"\n\t                    }\n\t                }\n\t            ],\n\t            \"inLanguage\": \"en-US\"\n\t        },\n\t        {\n\t            \"email\": \"admin@vita.sk\",\n\t            \"logo\": \"https:\/\/www.vita.sk\/img\/vita_logo.png \",\n\t            \"address\": {\n\t                \"type\": \"PostalAddress\",\n\t                \"streetAddress\": \"Tom\u00e1\u0161ikova 50\/A\",\n\t                \"addressLocality\": \"Bratislava\",\n\t                \"postalCode\": \"83104\",\n\t                \"addressCountry\": {\n\t                    \"name\": \"SK\",\n\t                    \"type\": \"Country\"\n\t                }\n\t            },\n\t            \"contactPoint\": {\n\t                \"type\": \"ContactPoint\",\n\t                \"telephone\": \"+421 907 375\u00a0543\",\n\t                \"Email\": \"admin@vita.sk\",\n\t                \"contactType\": \"customer service\"\n\t            },\n\t            \"sameAs\": [\n\t                \"https:\/\/www.facebook.com\/VitaAcademySK\/\",\n\t                \"https:\/\/www.linkedin.com\/company\/vita-academy\/\"\n\t            ]\n\t        }\n\t    ]\n\t}<\/script>\n<!-- \/ Yoast SEO Premium plugin. -->","yoast_head_json":{"title":"Online kurz Testovanie softv\u00e9ru pre za\u010diato\u010dn\u00edkov 2026 | VITA","description":"V online kurze Testovanie softv\u00e9ru I. Za\u010diato\u010dn\u00edk sa nau\u010d\u00edte z\u00e1klady testovania softv\u00e9ru, identifik\u00e1cie ch\u00fdb a zlep\u0161enie kvality softv\u00e9ru. \u2705","robots":{"index":"index","follow":"follow","max-snippet":"max-snippet:-1","max-image-preview":"max-image-preview:large","max-video-preview":"max-video-preview:-1"},"canonical":"https:\/\/www.vita.sk\/online-kurz-testovanie-softveru-i-zaciatocnik\/","og_locale":"en_US","og_type":"article","og_title":"Online kurz Testovanie Softv\u00e9ru I. Za\u010diato\u010dn\u00edk","og_description":"V online kurze Testovanie softv\u00e9ru I. Za\u010diato\u010dn\u00edk sa nau\u010d\u00edte z\u00e1klady testovania softv\u00e9ru, identifik\u00e1cie ch\u00fdb a zlep\u0161enie kvality softv\u00e9ru. \u2705","og_url":"https:\/\/www.vita.sk\/online-kurz-testovanie-softveru-i-zaciatocnik\/","og_site_name":"VITA","article_publisher":"https:\/\/www.facebook.com\/VitaAcademySK","article_modified_time":"2025-09-08T11:26:11+00:00","og_image":[{"width":360,"height":360,"url":"https:\/\/www.vita.sk\/wp-content\/uploads\/2018\/10\/testovanie.png","type":"image\/png"}],"twitter_card":"summary_large_image","twitter_misc":{"Est. reading time":"2 minutes"},"schema":{"@context":"https:\/\/schema.org","@graph":[{"@type":"WebPage","@id":"https:\/\/www.vita.sk\/online-kurz-testovanie-softveru-i-zaciatocnik\/","url":"https:\/\/www.vita.sk\/online-kurz-testovanie-softveru-i-zaciatocnik\/","name":"Online kurz Testovanie softv\u00e9ru pre za\u010diato\u010dn\u00edkov {Y} | VITA","isPartOf":{"@id":"https:\/\/www.vita.sk\/#website"},"primaryImageOfPage":{"@id":"https:\/\/www.vita.sk\/online-kurz-testovanie-softveru-i-zaciatocnik\/#primaryimage"},"image":{"@id":"https:\/\/www.vita.sk\/online-kurz-testovanie-softveru-i-zaciatocnik\/#primaryimage"},"thumbnailUrl":"https:\/\/www.vita.sk\/wp-content\/uploads\/2018\/10\/testovanie.png","datePublished":"2021-07-01T09:00:19+00:00","dateModified":"2025-09-08T11:26:11+00:00","description":"V online kurze Testovanie softv\u00e9ru I. Za\u010diato\u010dn\u00edk sa nau\u010d\u00edte z\u00e1klady testovania softv\u00e9ru, identifik\u00e1cie ch\u00fdb a zlep\u0161enie kvality softv\u00e9ru. \u2705","breadcrumb":{"@id":"https:\/\/www.vita.sk\/online-kurz-testovanie-softveru-i-zaciatocnik\/#breadcrumb"},"inLanguage":"en-US","potentialAction":[{"@type":"ReadAction","target":["https:\/\/www.vita.sk\/online-kurz-testovanie-softveru-i-zaciatocnik\/"]}]},{"@type":"ImageObject","inLanguage":"en-US","@id":"https:\/\/www.vita.sk\/online-kurz-testovanie-softveru-i-zaciatocnik\/#primaryimage","url":"https:\/\/www.vita.sk\/wp-content\/uploads\/2018\/10\/testovanie.png","contentUrl":"https:\/\/www.vita.sk\/wp-content\/uploads\/2018\/10\/testovanie.png","width":360,"height":360,"caption":"Online kurz Testovanie Softv\u00e9ru"},{"@type":"BreadcrumbList","@id":"https:\/\/www.vita.sk\/online-kurz-testovanie-softveru-i-zaciatocnik\/#breadcrumb","itemListElement":[{"@type":"ListItem","position":1,"name":"VITA Academy","item":"https:\/\/www.vita.sk\/en\/"},{"@type":"ListItem","position":2,"name":"Shop","item":"https:\/\/www.vita.sk\/shop\/"},{"@type":"ListItem","position":3,"name":"Programovacie Jazyky","item":"https:\/\/www.vita.sk\/online-kurzy-programovacie-jazyky\/"},{"@type":"ListItem","position":4,"name":"Testovanie softv\u00e9ru","item":"https:\/\/www.vita.sk\/online-kurzy-testovanie-softveru-programovanie\/"},{"@type":"ListItem","position":5,"name":"Online kurz Testovanie Softv\u00e9ru I. Za\u010diato\u010dn\u00edk"}]},{"@type":"WebSite","@id":"https:\/\/www.vita.sk\/#website","url":"https:\/\/www.vita.sk\/","name":"VITA","description":"","publisher":{"@id":"https:\/\/www.vita.sk\/#organization"},"potentialAction":[{"@type":"SearchAction","target":{"@type":"EntryPoint","urlTemplate":"https:\/\/www.vita.sk\/?s={search_term_string}"},"query-input":{"@type":"PropertyValueSpecification","valueRequired":true,"valueName":"search_term_string"}}],"inLanguage":"en-US"},{"email":"admin@vita.sk","logo":"https:\/\/www.vita.sk\/img\/vita_logo.png ","address":{"type":"PostalAddress","streetAddress":"Tom\u00e1\u0161ikova 50\/A","addressLocality":"Bratislava","postalCode":"83104","addressCountry":{"name":"SK","type":"Country"}},"contactPoint":{"type":"ContactPoint","telephone":"+421 907 375\u00a0543","Email":"admin@vita.sk","contactType":"customer service"},"sameAs":["https:\/\/www.facebook.com\/VitaAcademySK\/","https:\/\/www.linkedin.com\/company\/vita-academy\/"]}]}},"acf":[],"_links":{"self":[{"href":"https:\/\/www.vita.sk\/en\/wp-json\/wp\/v2\/product\/430","targetHints":{"allow":["GET"]}}],"collection":[{"href":"https:\/\/www.vita.sk\/en\/wp-json\/wp\/v2\/product"}],"about":[{"href":"https:\/\/www.vita.sk\/en\/wp-json\/wp\/v2\/types\/product"}],"author":[{"embeddable":true,"href":"https:\/\/www.vita.sk\/en\/wp-json\/wp\/v2\/users\/4"}],"replies":[{"embeddable":true,"href":"https:\/\/www.vita.sk\/en\/wp-json\/wp\/v2\/comments?post=430"}],"wp:featuredmedia":[{"embeddable":true,"href":"https:\/\/www.vita.sk\/en\/wp-json\/wp\/v2\/media\/428"}],"wp:attachment":[{"href":"https:\/\/www.vita.sk\/en\/wp-json\/wp\/v2\/media?parent=430"}],"wp:term":[{"taxonomy":"product_brand","embeddable":true,"href":"https:\/\/www.vita.sk\/en\/wp-json\/wp\/v2\/product_brand?post=430"},{"taxonomy":"product_cat","embeddable":true,"href":"https:\/\/www.vita.sk\/en\/wp-json\/wp\/v2\/product_cat?post=430"},{"taxonomy":"product_tag","embeddable":true,"href":"https:\/\/www.vita.sk\/en\/wp-json\/wp\/v2\/product_tag?post=430"}],"curies":[{"name":"wp","href":"https:\/\/api.w.org\/{rel}","templated":true}]}}