{"id":435,"date":"2020-10-01T11:55:09","date_gmt":"2020-10-01T09:55:09","guid":{"rendered":"http:\/\/vita.sk.vps202.nameserver.sk\/?post_type=product&#038;p=435"},"modified":"2026-04-25T12:17:12","modified_gmt":"2026-04-25T10:17:12","slug":"online-kurz-uml-i-zaciatocnik","status":"publish","type":"product","link":"https:\/\/www.vita.sk\/en\/online-kurz-uml-i-zaciatocnik\/","title":{"rendered":"Online kurz UML I. Za\u010diato\u010dn\u00edk"},"content":{"rendered":"<p>Online kurz UML I. Za\u010diato\u010dn\u00edk je pre v\u00e1s ide\u00e1lny, ak sa chcete nau\u010di\u0165 modelova\u0165 softv\u00e9rov\u00e9 syst\u00e9my pomocou \u0161tandardizovan\u00e9ho jazyka UML a pochopi\u0165 princ\u00edpy analytick\u00e9ho a architektonick\u00e9ho n\u00e1vrhu. <strong>Ide o akreditovan\u00fd a certifikovan\u00fd kurz na UML<\/strong>. V tomto kurze sa nau\u010d\u00edte z\u00e1klady jazyka UML, jeho v\u00fdznam v praxi a sp\u00f4sob, ak\u00fdm sa pou\u017e\u00edva pri anal\u00fdze a n\u00e1vrhu informa\u010dn\u00fdch syst\u00e9mov. Z\u00edskate preh\u013ead o pr\u00e1ci analytikov a IKT architektov a pochop\u00edte, ako sa modelovanie vyu\u017e\u00edva pri n\u00e1vrhu softv\u00e9rov\u00fdch rie\u0161en\u00ed. Nau\u010d\u00edte sa pracova\u0165 s n\u00e1strojmi ako Enterprise Architect, StarUML a Microsoft Visio a spr\u00e1vne ich nastavi\u0165 pre tvorbu modelov. Osvoj\u00edte si tvorbu a organiz\u00e1ciu modelov v prostred\u00ed Enterprise Architect a nau\u010d\u00edte sa efekt\u00edvne \u0161trukt\u00farova\u0165 projekty. Kurz sa zameriava na anal\u00fdzu po\u017eiadaviek a modelovanie Use Case diagramov, ktor\u00e9 sl\u00fa\u017eia na popis funkcionality syst\u00e9mu a interakcie pou\u017e\u00edvate\u013eov. Nau\u010d\u00edte sa navrhova\u0165 UML diagramy tried a pochop\u00edte princ\u00edpy objektovo orientovan\u00e9ho programovania vr\u00e1tane dedi\u010dnosti, agreg\u00e1cie a kompoz\u00edcie. Z\u00edskate schopnos\u0165 modelova\u0165 triedy, atrib\u00faty a vz\u0165ahy medzi objektmi v r\u00f4znych n\u00e1strojoch. \u010ealej sa nau\u010d\u00edte modelova\u0165 procesy pomocou diagramov aktiv\u00edt a pochop\u00edte ich vyu\u017eitie pri n\u00e1vrhu workflow a biznis procesov. Kurz pokr\u00fdva aj modelovanie stavov syst\u00e9mu pomocou stavov\u00fdch diagramov, ktor\u00e9 umo\u017e\u0148uj\u00fa analyzova\u0165 spr\u00e1vanie syst\u00e9mu v r\u00f4znych situ\u00e1ci\u00e1ch. Po absolvovan\u00ed kurzu budete schopn\u00ed samostatne vytv\u00e1ra\u0165 UML modely, analyzova\u0165 po\u017eiadavky a navrhova\u0165 \u0161trukt\u00faru softv\u00e9rov\u00fdch syst\u00e9mov. Ak sa chcete skuto\u010dne nau\u010di\u0165 modelova\u0165 syst\u00e9my pomocou UML a sta\u0165 sa analytikom alebo architektom, tak toto je ide\u00e1lny vstupn\u00fd online kurz pre v\u00e1s.<\/p>\n","protected":false},"excerpt":{"rendered":"<p>Nau\u010d\u00edme sa modelova\u0165 softv\u00e9rov\u00e9 syst\u00e9my pomocou UML diagramov a pracova\u0165 s n\u00e1strojmi ako Enterprise Architect, StarUML a Microsoft Visio.","protected":false},"author":4,"featured_media":433,"comment_status":"open","ping_status":"closed","template":"","meta":{"_acf_changed":false},"product_brand":[],"product_cat":[45,99,73,400],"product_tag":[189],"class_list":{"0":"post-435","1":"product","2":"type-product","3":"status-publish","4":"has-post-thumbnail","6":"product_cat-online-kurzy-certifikacne-skusky","7":"product_cat-online-kurzy-programovacie-jazyky","8":"product_cat-bez-kategorie","9":"product_cat-online-kurzy-uml","10":"product_tag-programovacie-jazyky","12":"first","13":"instock","14":"sale","15":"sold-individually","16":"taxable","17":"shipping-taxable","18":"purchasable","19":"product-type-simple"},"yoast_head":"<!-- This site is optimized with the Yoast SEO Premium plugin v25.0 (Yoast SEO v25.0) - https:\/\/yoast.com\/wordpress\/plugins\/seo\/ -->\n<title>Online kurz UML I. Za\u010diato\u010dn\u00edk 2026 | VITA<\/title>\n<meta name=\"description\" content=\"V online kurze UML I. Za\u010diato\u010dn\u00edk sa nau\u010d\u00edte vytv\u00e1ra\u0165 z\u00e1kladn\u00e9 UML diagramy, modelova\u0165 softv\u00e9rov\u00e9 syst\u00e9my a lep\u0161ie porozumie\u0165 n\u00e1vrhu aplik\u00e1ci\u00ed v praxi \u2705\" \/>\n<meta name=\"robots\" content=\"index, follow, max-snippet:-1, max-image-preview:large, max-video-preview:-1\" \/>\n<link rel=\"canonical\" href=\"https:\/\/www.vita.sk\/online-kurz-uml-i-zaciatocnik\/\" \/>\n<meta property=\"og:locale\" content=\"en_US\" \/>\n<meta property=\"og:type\" content=\"article\" \/>\n<meta property=\"og:title\" content=\"Online kurz UML I. Za\u010diato\u010dn\u00edk\" \/>\n<meta property=\"og:description\" content=\"V online kurze UML I. Za\u010diato\u010dn\u00edk sa nau\u010d\u00edte vytv\u00e1ra\u0165 z\u00e1kladn\u00e9 UML diagramy, modelova\u0165 softv\u00e9rov\u00e9 syst\u00e9my a lep\u0161ie porozumie\u0165 n\u00e1vrhu aplik\u00e1ci\u00ed v praxi \u2705\" \/>\n<meta property=\"og:url\" content=\"https:\/\/www.vita.sk\/online-kurz-uml-i-zaciatocnik\/\" \/>\n<meta property=\"og:site_name\" content=\"VITA\" \/>\n<meta property=\"article:publisher\" content=\"https:\/\/www.facebook.com\/VitaAcademySK\" \/>\n<meta property=\"article:modified_time\" content=\"2026-04-25T10:17:12+00:00\" \/>\n<meta property=\"og:image\" content=\"https:\/\/www.vita.sk\/wp-content\/uploads\/2018\/10\/uml.png\" \/>\n\t<meta property=\"og:image:width\" content=\"360\" \/>\n\t<meta property=\"og:image:height\" content=\"360\" \/>\n\t<meta property=\"og:image:type\" content=\"image\/png\" \/>\n<meta name=\"twitter:card\" content=\"summary_large_image\" \/>\n<meta name=\"twitter:label1\" content=\"Est. reading time\" \/>\n\t<meta name=\"twitter:data1\" content=\"2 minutes\" \/>\n<script type=\"application\/ld+json\" class=\"yoast-schema-graph\">{\n\t    \"@context\": \"https:\/\/schema.org\",\n\t    \"@graph\": [\n\t        {\n\t            \"@type\": \"WebPage\",\n\t            \"@id\": \"https:\/\/www.vita.sk\/online-kurz-uml-i-zaciatocnik\/\",\n\t            \"url\": \"https:\/\/www.vita.sk\/online-kurz-uml-i-zaciatocnik\/\",\n\t            \"name\": \"Online kurz UML I. Za\u010diato\u010dn\u00edk {Y} | VITA\",\n\t            \"isPartOf\": {\n\t                \"@id\": \"https:\/\/www.vita.sk\/#website\"\n\t            },\n\t            \"primaryImageOfPage\": {\n\t                \"@id\": \"https:\/\/www.vita.sk\/online-kurz-uml-i-zaciatocnik\/#primaryimage\"\n\t            },\n\t            \"image\": {\n\t                \"@id\": \"https:\/\/www.vita.sk\/online-kurz-uml-i-zaciatocnik\/#primaryimage\"\n\t            },\n\t            \"thumbnailUrl\": \"https:\/\/www.vita.sk\/wp-content\/uploads\/2018\/10\/uml.png\",\n\t            \"datePublished\": \"2020-10-01T09:55:09+00:00\",\n\t            \"dateModified\": \"2026-04-25T10:17:12+00:00\",\n\t            \"description\": \"V online kurze UML I. Za\u010diato\u010dn\u00edk sa nau\u010d\u00edte vytv\u00e1ra\u0165 z\u00e1kladn\u00e9 UML diagramy, modelova\u0165 softv\u00e9rov\u00e9 syst\u00e9my a lep\u0161ie porozumie\u0165 n\u00e1vrhu aplik\u00e1ci\u00ed v praxi \u2705\",\n\t            \"breadcrumb\": {\n\t                \"@id\": \"https:\/\/www.vita.sk\/online-kurz-uml-i-zaciatocnik\/#breadcrumb\"\n\t            },\n\t            \"inLanguage\": \"en-US\",\n\t            \"potentialAction\": [\n\t                {\n\t                    \"@type\": \"ReadAction\",\n\t                    \"target\": [\n\t                        \"https:\/\/www.vita.sk\/online-kurz-uml-i-zaciatocnik\/\"\n\t                    ]\n\t                }\n\t            ]\n\t        },\n\t        {\n\t            \"@type\": \"ImageObject\",\n\t            \"inLanguage\": \"en-US\",\n\t            \"@id\": \"https:\/\/www.vita.sk\/online-kurz-uml-i-zaciatocnik\/#primaryimage\",\n\t            \"url\": \"https:\/\/www.vita.sk\/wp-content\/uploads\/2018\/10\/uml.png\",\n\t            \"contentUrl\": \"https:\/\/www.vita.sk\/wp-content\/uploads\/2018\/10\/uml.png\",\n\t            \"width\": 360,\n\t            \"height\": 360,\n\t            \"caption\": \"Online kurz UML\"\n\t        },\n\t        {\n\t            \"@type\": \"BreadcrumbList\",\n\t            \"@id\": \"https:\/\/www.vita.sk\/online-kurz-uml-i-zaciatocnik\/#breadcrumb\",\n\t            \"itemListElement\": [\n\t                {\n\t                    \"@type\": \"ListItem\",\n\t                    \"position\": 1,\n\t                    \"name\": \"VITA Academy\",\n\t                    \"item\": \"https:\/\/www.vita.sk\/en\/\"\n\t                },\n\t                {\n\t                    \"@type\": \"ListItem\",\n\t                    \"position\": 2,\n\t                    \"name\": \"Shop\",\n\t                    \"item\": \"https:\/\/www.vita.sk\/shop\/\"\n\t                },\n\t                {\n\t                    \"@type\": \"ListItem\",\n\t                    \"position\": 3,\n\t                    \"name\": \"Programovacie Jazyky\",\n\t                    \"item\": \"https:\/\/www.vita.sk\/online-kurzy-programovacie-jazyky\/\"\n\t                },\n\t                {\n\t                    \"@type\": \"ListItem\",\n\t                    \"position\": 4,\n\t                    \"name\": \"UML\",\n\t                    \"item\": \"https:\/\/www.vita.sk\/online-kurzy-uml\/\"\n\t                },\n\t                {\n\t                    \"@type\": \"ListItem\",\n\t                    \"position\": 5,\n\t                    \"name\": \"Online kurz UML I. Za\u010diato\u010dn\u00edk\"\n\t                }\n\t            ]\n\t        },\n\t        {\n\t            \"@type\": \"WebSite\",\n\t            \"@id\": \"https:\/\/www.vita.sk\/#website\",\n\t            \"url\": \"https:\/\/www.vita.sk\/\",\n\t            \"name\": \"VITA\",\n\t            \"description\": \"\",\n\t            \"publisher\": {\n\t                \"@id\": \"https:\/\/www.vita.sk\/#organization\"\n\t            },\n\t            \"potentialAction\": [\n\t                {\n\t                    \"@type\": \"SearchAction\",\n\t                    \"target\": {\n\t                        \"@type\": \"EntryPoint\",\n\t                        \"urlTemplate\": \"https:\/\/www.vita.sk\/?s={search_term_string}\"\n\t                    },\n\t                    \"query-input\": {\n\t                        \"@type\": \"PropertyValueSpecification\",\n\t                        \"valueRequired\": true,\n\t                        \"valueName\": \"search_term_string\"\n\t                    }\n\t                }\n\t            ],\n\t            \"inLanguage\": \"en-US\"\n\t        },\n\t        {\n\t            \"email\": \"admin@vita.sk\",\n\t            \"logo\": \"https:\/\/www.vita.sk\/img\/vita_logo.png \",\n\t            \"address\": {\n\t                \"type\": \"PostalAddress\",\n\t                \"streetAddress\": \"Tom\u00e1\u0161ikova 50\/A\",\n\t                \"addressLocality\": \"Bratislava\",\n\t                \"postalCode\": \"83104\",\n\t                \"addressCountry\": {\n\t                    \"name\": \"SK\",\n\t                    \"type\": \"Country\"\n\t                }\n\t            },\n\t            \"contactPoint\": {\n\t                \"type\": \"ContactPoint\",\n\t                \"telephone\": \"+421 907 375\u00a0543\",\n\t                \"Email\": \"admin@vita.sk\",\n\t                \"contactType\": \"customer service\"\n\t            },\n\t            \"sameAs\": [\n\t                \"https:\/\/www.facebook.com\/VitaAcademySK\/\",\n\t                \"https:\/\/www.linkedin.com\/company\/vita-academy\/\"\n\t            ]\n\t        }\n\t    ]\n\t}<\/script>\n<!-- \/ Yoast SEO Premium plugin. -->","yoast_head_json":{"title":"Online kurz UML I. Za\u010diato\u010dn\u00edk 2026 | VITA","description":"V online kurze UML I. Za\u010diato\u010dn\u00edk sa nau\u010d\u00edte vytv\u00e1ra\u0165 z\u00e1kladn\u00e9 UML diagramy, modelova\u0165 softv\u00e9rov\u00e9 syst\u00e9my a lep\u0161ie porozumie\u0165 n\u00e1vrhu aplik\u00e1ci\u00ed v praxi \u2705","robots":{"index":"index","follow":"follow","max-snippet":"max-snippet:-1","max-image-preview":"max-image-preview:large","max-video-preview":"max-video-preview:-1"},"canonical":"https:\/\/www.vita.sk\/online-kurz-uml-i-zaciatocnik\/","og_locale":"en_US","og_type":"article","og_title":"Online kurz UML I. Za\u010diato\u010dn\u00edk","og_description":"V online kurze UML I. Za\u010diato\u010dn\u00edk sa nau\u010d\u00edte vytv\u00e1ra\u0165 z\u00e1kladn\u00e9 UML diagramy, modelova\u0165 softv\u00e9rov\u00e9 syst\u00e9my a lep\u0161ie porozumie\u0165 n\u00e1vrhu aplik\u00e1ci\u00ed v praxi \u2705","og_url":"https:\/\/www.vita.sk\/online-kurz-uml-i-zaciatocnik\/","og_site_name":"VITA","article_publisher":"https:\/\/www.facebook.com\/VitaAcademySK","article_modified_time":"2026-04-25T10:17:12+00:00","og_image":[{"width":360,"height":360,"url":"https:\/\/www.vita.sk\/wp-content\/uploads\/2018\/10\/uml.png","type":"image\/png"}],"twitter_card":"summary_large_image","twitter_misc":{"Est. reading time":"2 minutes"},"schema":{"@context":"https:\/\/schema.org","@graph":[{"@type":"WebPage","@id":"https:\/\/www.vita.sk\/online-kurz-uml-i-zaciatocnik\/","url":"https:\/\/www.vita.sk\/online-kurz-uml-i-zaciatocnik\/","name":"Online kurz UML I. Za\u010diato\u010dn\u00edk {Y} | VITA","isPartOf":{"@id":"https:\/\/www.vita.sk\/#website"},"primaryImageOfPage":{"@id":"https:\/\/www.vita.sk\/online-kurz-uml-i-zaciatocnik\/#primaryimage"},"image":{"@id":"https:\/\/www.vita.sk\/online-kurz-uml-i-zaciatocnik\/#primaryimage"},"thumbnailUrl":"https:\/\/www.vita.sk\/wp-content\/uploads\/2018\/10\/uml.png","datePublished":"2020-10-01T09:55:09+00:00","dateModified":"2026-04-25T10:17:12+00:00","description":"V online kurze UML I. Za\u010diato\u010dn\u00edk sa nau\u010d\u00edte vytv\u00e1ra\u0165 z\u00e1kladn\u00e9 UML diagramy, modelova\u0165 softv\u00e9rov\u00e9 syst\u00e9my a lep\u0161ie porozumie\u0165 n\u00e1vrhu aplik\u00e1ci\u00ed v praxi \u2705","breadcrumb":{"@id":"https:\/\/www.vita.sk\/online-kurz-uml-i-zaciatocnik\/#breadcrumb"},"inLanguage":"en-US","potentialAction":[{"@type":"ReadAction","target":["https:\/\/www.vita.sk\/online-kurz-uml-i-zaciatocnik\/"]}]},{"@type":"ImageObject","inLanguage":"en-US","@id":"https:\/\/www.vita.sk\/online-kurz-uml-i-zaciatocnik\/#primaryimage","url":"https:\/\/www.vita.sk\/wp-content\/uploads\/2018\/10\/uml.png","contentUrl":"https:\/\/www.vita.sk\/wp-content\/uploads\/2018\/10\/uml.png","width":360,"height":360,"caption":"Online kurz UML"},{"@type":"BreadcrumbList","@id":"https:\/\/www.vita.sk\/online-kurz-uml-i-zaciatocnik\/#breadcrumb","itemListElement":[{"@type":"ListItem","position":1,"name":"VITA Academy","item":"https:\/\/www.vita.sk\/en\/"},{"@type":"ListItem","position":2,"name":"Shop","item":"https:\/\/www.vita.sk\/shop\/"},{"@type":"ListItem","position":3,"name":"Programovacie Jazyky","item":"https:\/\/www.vita.sk\/online-kurzy-programovacie-jazyky\/"},{"@type":"ListItem","position":4,"name":"UML","item":"https:\/\/www.vita.sk\/online-kurzy-uml\/"},{"@type":"ListItem","position":5,"name":"Online kurz UML I. Za\u010diato\u010dn\u00edk"}]},{"@type":"WebSite","@id":"https:\/\/www.vita.sk\/#website","url":"https:\/\/www.vita.sk\/","name":"VITA","description":"","publisher":{"@id":"https:\/\/www.vita.sk\/#organization"},"potentialAction":[{"@type":"SearchAction","target":{"@type":"EntryPoint","urlTemplate":"https:\/\/www.vita.sk\/?s={search_term_string}"},"query-input":{"@type":"PropertyValueSpecification","valueRequired":true,"valueName":"search_term_string"}}],"inLanguage":"en-US"},{"email":"admin@vita.sk","logo":"https:\/\/www.vita.sk\/img\/vita_logo.png ","address":{"type":"PostalAddress","streetAddress":"Tom\u00e1\u0161ikova 50\/A","addressLocality":"Bratislava","postalCode":"83104","addressCountry":{"name":"SK","type":"Country"}},"contactPoint":{"type":"ContactPoint","telephone":"+421 907 375\u00a0543","Email":"admin@vita.sk","contactType":"customer service"},"sameAs":["https:\/\/www.facebook.com\/VitaAcademySK\/","https:\/\/www.linkedin.com\/company\/vita-academy\/"]}]}},"acf":[],"_links":{"self":[{"href":"https:\/\/www.vita.sk\/en\/wp-json\/wp\/v2\/product\/435","targetHints":{"allow":["GET"]}}],"collection":[{"href":"https:\/\/www.vita.sk\/en\/wp-json\/wp\/v2\/product"}],"about":[{"href":"https:\/\/www.vita.sk\/en\/wp-json\/wp\/v2\/types\/product"}],"author":[{"embeddable":true,"href":"https:\/\/www.vita.sk\/en\/wp-json\/wp\/v2\/users\/4"}],"replies":[{"embeddable":true,"href":"https:\/\/www.vita.sk\/en\/wp-json\/wp\/v2\/comments?post=435"}],"wp:featuredmedia":[{"embeddable":true,"href":"https:\/\/www.vita.sk\/en\/wp-json\/wp\/v2\/media\/433"}],"wp:attachment":[{"href":"https:\/\/www.vita.sk\/en\/wp-json\/wp\/v2\/media?parent=435"}],"wp:term":[{"taxonomy":"product_brand","embeddable":true,"href":"https:\/\/www.vita.sk\/en\/wp-json\/wp\/v2\/product_brand?post=435"},{"taxonomy":"product_cat","embeddable":true,"href":"https:\/\/www.vita.sk\/en\/wp-json\/wp\/v2\/product_cat?post=435"},{"taxonomy":"product_tag","embeddable":true,"href":"https:\/\/www.vita.sk\/en\/wp-json\/wp\/v2\/product_tag?post=435"}],"curies":[{"name":"wp","href":"https:\/\/api.w.org\/{rel}","templated":true}]}}