{"id":443,"date":"2021-07-01T12:40:51","date_gmt":"2021-07-01T10:40:51","guid":{"rendered":"http:\/\/vita.sk.vps202.nameserver.sk\/?post_type=product&#038;p=443"},"modified":"2025-11-25T15:08:07","modified_gmt":"2025-11-25T14:08:07","slug":"online-kurz-pocitacove-siete-ii-zaklady-routingu-a-switchingu","status":"publish","type":"product","link":"https:\/\/www.vita.sk\/en\/online-kurz-pocitacove-siete-ii-zaklady-routingu-a-switchingu\/","title":{"rendered":"Online kurz Po\u010d\u00edta\u010dov\u00e9 Siete II. Z\u00e1klady Routingu a Switchingu"},"content":{"rendered":"<p>Online kurz Po\u010d\u00edta\u010dov\u00e9 Siete II. Z\u00e1klady Routingu a Switchingu pre v\u00e1s ide\u00e1lny, ak sa chcete nau\u010di\u0165, ako navrhova\u0165, spravova\u0165 a analyzova\u0165 po\u010d\u00edta\u010dov\u00e9 siete v praxi. <strong>Ide o certifikovan\u00fd online kurz na po\u010d\u00edta\u010dov\u00e9 siete a z\u00e1klady routingu a switchingu.<\/strong> Kurz v\u00e1s prevedie z\u00e1kladmi sie\u0165ov\u00fdch zariaden\u00ed, ich \u00falohami v infra\u0161trukt\u00fare a praktick\u00fdm pou\u017e\u00edvan\u00edm n\u00e1strojov ako Cisco Packet Tracer, Visio, Lucidchart a nmap. Nau\u010d\u00edte sa rozli\u0161ova\u0165 medzi switchom a routerom, analyzova\u0165 sie\u0165ov\u00e9 pripojenia cez PowerShell, rozpozn\u00e1va\u0165 prvky ako firewall, VPN \u010di rozbo\u010dova\u010de, a spr\u00e1vne ich zap\u00e1ja\u0165 do n\u00e1vrhu siete. Z\u00edskate znalosti o modeli OSI a TCP\/IP, nau\u010d\u00edte sa \u010d\u00edta\u0165 v\u00fdstupy z Netstat, analyzova\u0165 pakety vo Wiresharku a porozumie\u0165 komunik\u00e1cii medzi vrstvami. Osvoj\u00edte si vizu\u00e1lne modelovanie siet\u00ed, IP skenovanie, z\u00e1klady routingu a prep\u00ednania vr\u00e1tane konfigur\u00e1cie FTP serverov. D\u00f4le\u017eitou s\u00fa\u010das\u0165ou kurzu je aj pr\u00e1ca s r\u00f4znymi \u010d\u00edseln\u00fdmi s\u00fastavami (bin\u00e1rna, dekadick\u00e1, hexadecim\u00e1lna), v\u00fdpo\u010dty CIDR, subnet masky a hostite\u013eov v sieti. V r\u00e1mci sie\u0165ovej diagnostiky sa nau\u010d\u00edte testova\u0165 spojenia pomocou ICMP, Ping, analyzova\u0165 DNS dotazy cez Nslookup a Dig, sledova\u0165 sie\u0165ov\u00fa prev\u00e1dzku, vykon\u00e1va\u0165 bezpe\u010dnostn\u00e9 skenovanie a pracova\u0165 s protokolmi ako DHCP. Z\u00e1ver kurzu obsahuje bonusov\u00e9 moduly o vytv\u00e1ran\u00ed VLAN, konfigur\u00e1cii routerov cez RS232 a pr\u00e1cu s DNS servermi a WiFi routermi. Ak sa chcete skuto\u010dne nau\u010di\u0165 pracova\u0165 s po\u010d\u00edta\u010dov\u00fdmi sie\u0165ami a rozumie\u0165 im, tak toto je ide\u00e1lny online kurz pre v\u00e1s.<\/p>\n","protected":false},"excerpt":{"rendered":"<p>Online kurz Po\u010d\u00edta\u010dov\u00e9 Siete II. Z\u00e1klady Routingu a Switchingu v\u00e1s nau\u010d\u00ed pracova\u0165 s k\u013e\u00fa\u010dov\u00fdmi sie\u0165ov\u00fdmi prvkami, adresovan\u00edm, subnettingom a protokolmi. Z\u00edskate praktick\u00e9 zru\u010dnosti v n\u00e1vrhu, konfigur\u00e1cii a anal\u00fdze siet\u00ed pomocou n\u00e1strojov ako Cisco Packet Tracer, Wireshark \u010di Visio.","protected":false},"author":4,"featured_media":6254,"comment_status":"open","ping_status":"closed","template":"","meta":{"_acf_changed":false},"product_brand":[],"product_cat":[48,47,73],"product_tag":[205,206],"class_list":{"0":"post-443","1":"product","2":"type-product","3":"status-publish","4":"has-post-thumbnail","6":"product_cat-online-kurzy-pocitacove-siete","7":"product_cat-online-kurzy-cisco-a-siete","8":"product_cat-bez-kategorie","9":"product_tag-cisco-a-siete","10":"product_tag-pocitacove-siete","12":"first","13":"instock","14":"sale","15":"sold-individually","16":"taxable","17":"shipping-taxable","18":"purchasable","19":"product-type-simple"},"yoast_head":"<!-- This site is optimized with the Yoast SEO Premium plugin v25.0 (Yoast SEO v25.0) - https:\/\/yoast.com\/wordpress\/plugins\/seo\/ -->\n<title>Online kurz Z\u00e1klady Routingu a Switchingu 2026 | VITA<\/title>\n<meta name=\"description\" content=\"V online kurze Z\u00e1klady Routingu a Switchingu v\u00e1s nau\u010d\u00edme pracova\u0165 s protokolom TCP\/IP a s IP adresami vr\u00e1tane subnettingu. \u2705\" \/>\n<meta name=\"robots\" content=\"index, follow, max-snippet:-1, max-image-preview:large, max-video-preview:-1\" \/>\n<link rel=\"canonical\" href=\"https:\/\/www.vita.sk\/online-kurz-pocitacove-siete-ii-zaklady-routingu-a-switchingu\/\" \/>\n<meta property=\"og:locale\" content=\"en_US\" \/>\n<meta property=\"og:type\" content=\"article\" \/>\n<meta property=\"og:title\" content=\"Online kurz Po\u010d\u00edta\u010dov\u00e9 Siete II. Z\u00e1klady Routingu a Switchingu\" \/>\n<meta property=\"og:description\" content=\"V online kurze Z\u00e1klady Routingu a Switchingu v\u00e1s nau\u010d\u00edme pracova\u0165 s protokolom TCP\/IP a s IP adresami vr\u00e1tane subnettingu. \u2705\" \/>\n<meta property=\"og:url\" content=\"https:\/\/www.vita.sk\/online-kurz-pocitacove-siete-ii-zaklady-routingu-a-switchingu\/\" \/>\n<meta property=\"og:site_name\" content=\"VITA\" \/>\n<meta property=\"article:publisher\" content=\"https:\/\/www.facebook.com\/VitaAcademySK\" \/>\n<meta property=\"article:modified_time\" content=\"2025-11-25T14:08:07+00:00\" \/>\n<meta property=\"og:image\" content=\"https:\/\/www.vita.sk\/wp-content\/uploads\/2021\/04\/kurz-zaklady-routingu-a-switchingu.png\" \/>\n\t<meta property=\"og:image:width\" content=\"360\" \/>\n\t<meta property=\"og:image:height\" content=\"360\" \/>\n\t<meta property=\"og:image:type\" content=\"image\/png\" \/>\n<meta name=\"twitter:card\" content=\"summary_large_image\" \/>\n<meta name=\"twitter:label1\" content=\"Est. reading time\" \/>\n\t<meta name=\"twitter:data1\" content=\"2 minutes\" \/>\n<script type=\"application\/ld+json\" class=\"yoast-schema-graph\">{\n\t    \"@context\": \"https:\/\/schema.org\",\n\t    \"@graph\": [\n\t        {\n\t            \"@type\": \"WebPage\",\n\t            \"@id\": \"https:\/\/www.vita.sk\/online-kurz-pocitacove-siete-ii-zaklady-routingu-a-switchingu\/\",\n\t            \"url\": \"https:\/\/www.vita.sk\/online-kurz-pocitacove-siete-ii-zaklady-routingu-a-switchingu\/\",\n\t            \"name\": \"Online kurz Z\u00e1klady Routingu a Switchingu {Y} | VITA\",\n\t            \"isPartOf\": {\n\t                \"@id\": \"https:\/\/www.vita.sk\/#website\"\n\t            },\n\t            \"primaryImageOfPage\": {\n\t                \"@id\": \"https:\/\/www.vita.sk\/online-kurz-pocitacove-siete-ii-zaklady-routingu-a-switchingu\/#primaryimage\"\n\t            },\n\t            \"image\": {\n\t                \"@id\": \"https:\/\/www.vita.sk\/online-kurz-pocitacove-siete-ii-zaklady-routingu-a-switchingu\/#primaryimage\"\n\t            },\n\t            \"thumbnailUrl\": \"https:\/\/www.vita.sk\/wp-content\/uploads\/2021\/04\/kurz-zaklady-routingu-a-switchingu.png\",\n\t            \"datePublished\": \"2021-07-01T10:40:51+00:00\",\n\t            \"dateModified\": \"2025-11-25T14:08:07+00:00\",\n\t            \"description\": \"V online kurze Z\u00e1klady Routingu a Switchingu v\u00e1s nau\u010d\u00edme pracova\u0165 s protokolom TCP\/IP a s IP adresami vr\u00e1tane subnettingu. \u2705\",\n\t            \"breadcrumb\": {\n\t                \"@id\": \"https:\/\/www.vita.sk\/online-kurz-pocitacove-siete-ii-zaklady-routingu-a-switchingu\/#breadcrumb\"\n\t            },\n\t            \"inLanguage\": \"en-US\",\n\t            \"potentialAction\": [\n\t                {\n\t                    \"@type\": \"ReadAction\",\n\t                    \"target\": [\n\t                        \"https:\/\/www.vita.sk\/online-kurz-pocitacove-siete-ii-zaklady-routingu-a-switchingu\/\"\n\t                    ]\n\t                }\n\t            ]\n\t        },\n\t        {\n\t            \"@type\": \"ImageObject\",\n\t            \"inLanguage\": \"en-US\",\n\t            \"@id\": \"https:\/\/www.vita.sk\/online-kurz-pocitacove-siete-ii-zaklady-routingu-a-switchingu\/#primaryimage\",\n\t            \"url\": \"https:\/\/www.vita.sk\/wp-content\/uploads\/2021\/04\/kurz-zaklady-routingu-a-switchingu.png\",\n\t            \"contentUrl\": \"https:\/\/www.vita.sk\/wp-content\/uploads\/2021\/04\/kurz-zaklady-routingu-a-switchingu.png\",\n\t            \"width\": 360,\n\t            \"height\": 360,\n\t            \"caption\": \"Online kurz Z\u00e1klady Routingu a Switchingu\"\n\t        },\n\t        {\n\t            \"@type\": \"BreadcrumbList\",\n\t            \"@id\": \"https:\/\/www.vita.sk\/online-kurz-pocitacove-siete-ii-zaklady-routingu-a-switchingu\/#breadcrumb\",\n\t            \"itemListElement\": [\n\t                {\n\t                    \"@type\": \"ListItem\",\n\t                    \"position\": 1,\n\t                    \"name\": \"VITA Academy\",\n\t                    \"item\": \"https:\/\/www.vita.sk\/en\/\"\n\t                },\n\t                {\n\t                    \"@type\": \"ListItem\",\n\t                    \"position\": 2,\n\t                    \"name\": \"Shop\",\n\t                    \"item\": \"https:\/\/www.vita.sk\/shop\/\"\n\t                },\n\t                {\n\t                    \"@type\": \"ListItem\",\n\t                    \"position\": 3,\n\t                    \"name\": \"Po\u010d\u00edta\u010dov\u00e9 Siete a Cisco\",\n\t                    \"item\": \"https:\/\/www.vita.sk\/online-kurzy-cisco-a-siete\/\"\n\t                },\n\t                {\n\t                    \"@type\": \"ListItem\",\n\t                    \"position\": 4,\n\t                    \"name\": \"Po\u010d\u00edta\u010dov\u00e9 Siete\",\n\t                    \"item\": \"https:\/\/www.vita.sk\/online-kurzy-pocitacove-siete\/\"\n\t                },\n\t                {\n\t                    \"@type\": \"ListItem\",\n\t                    \"position\": 5,\n\t                    \"name\": \"Online kurz Po\u010d\u00edta\u010dov\u00e9 Siete II. Z\u00e1klady Routingu a Switchingu\"\n\t                }\n\t            ]\n\t        },\n\t        {\n\t            \"@type\": \"WebSite\",\n\t            \"@id\": \"https:\/\/www.vita.sk\/#website\",\n\t            \"url\": \"https:\/\/www.vita.sk\/\",\n\t            \"name\": \"VITA\",\n\t            \"description\": \"\",\n\t            \"publisher\": {\n\t                \"@id\": \"https:\/\/www.vita.sk\/#organization\"\n\t            },\n\t            \"potentialAction\": [\n\t                {\n\t                    \"@type\": \"SearchAction\",\n\t                    \"target\": {\n\t                        \"@type\": \"EntryPoint\",\n\t                        \"urlTemplate\": \"https:\/\/www.vita.sk\/?s={search_term_string}\"\n\t                    },\n\t                    \"query-input\": {\n\t                        \"@type\": \"PropertyValueSpecification\",\n\t                        \"valueRequired\": true,\n\t                        \"valueName\": \"search_term_string\"\n\t                    }\n\t                }\n\t            ],\n\t            \"inLanguage\": \"en-US\"\n\t        },\n\t        {\n\t            \"email\": \"admin@vita.sk\",\n\t            \"logo\": \"https:\/\/www.vita.sk\/img\/vita_logo.png \",\n\t            \"address\": {\n\t                \"type\": \"PostalAddress\",\n\t                \"streetAddress\": \"Tom\u00e1\u0161ikova 50\/A\",\n\t                \"addressLocality\": \"Bratislava\",\n\t                \"postalCode\": \"83104\",\n\t                \"addressCountry\": {\n\t                    \"name\": \"SK\",\n\t                    \"type\": \"Country\"\n\t                }\n\t            },\n\t            \"contactPoint\": {\n\t                \"type\": \"ContactPoint\",\n\t                \"telephone\": \"+421 907 375\u00a0543\",\n\t                \"Email\": \"admin@vita.sk\",\n\t                \"contactType\": \"customer service\"\n\t            },\n\t            \"sameAs\": [\n\t                \"https:\/\/www.facebook.com\/VitaAcademySK\/\",\n\t                \"https:\/\/www.linkedin.com\/company\/vita-academy\/\"\n\t            ]\n\t        }\n\t    ]\n\t}<\/script>\n<!-- \/ Yoast SEO Premium plugin. -->","yoast_head_json":{"title":"Online kurz Z\u00e1klady Routingu a Switchingu 2026 | VITA","description":"V online kurze Z\u00e1klady Routingu a Switchingu v\u00e1s nau\u010d\u00edme pracova\u0165 s protokolom TCP\/IP a s IP adresami vr\u00e1tane subnettingu. \u2705","robots":{"index":"index","follow":"follow","max-snippet":"max-snippet:-1","max-image-preview":"max-image-preview:large","max-video-preview":"max-video-preview:-1"},"canonical":"https:\/\/www.vita.sk\/online-kurz-pocitacove-siete-ii-zaklady-routingu-a-switchingu\/","og_locale":"en_US","og_type":"article","og_title":"Online kurz Po\u010d\u00edta\u010dov\u00e9 Siete II. Z\u00e1klady Routingu a Switchingu","og_description":"V online kurze Z\u00e1klady Routingu a Switchingu v\u00e1s nau\u010d\u00edme pracova\u0165 s protokolom TCP\/IP a s IP adresami vr\u00e1tane subnettingu. \u2705","og_url":"https:\/\/www.vita.sk\/online-kurz-pocitacove-siete-ii-zaklady-routingu-a-switchingu\/","og_site_name":"VITA","article_publisher":"https:\/\/www.facebook.com\/VitaAcademySK","article_modified_time":"2025-11-25T14:08:07+00:00","og_image":[{"width":360,"height":360,"url":"https:\/\/www.vita.sk\/wp-content\/uploads\/2021\/04\/kurz-zaklady-routingu-a-switchingu.png","type":"image\/png"}],"twitter_card":"summary_large_image","twitter_misc":{"Est. reading time":"2 minutes"},"schema":{"@context":"https:\/\/schema.org","@graph":[{"@type":"WebPage","@id":"https:\/\/www.vita.sk\/online-kurz-pocitacove-siete-ii-zaklady-routingu-a-switchingu\/","url":"https:\/\/www.vita.sk\/online-kurz-pocitacove-siete-ii-zaklady-routingu-a-switchingu\/","name":"Online kurz Z\u00e1klady Routingu a Switchingu {Y} | VITA","isPartOf":{"@id":"https:\/\/www.vita.sk\/#website"},"primaryImageOfPage":{"@id":"https:\/\/www.vita.sk\/online-kurz-pocitacove-siete-ii-zaklady-routingu-a-switchingu\/#primaryimage"},"image":{"@id":"https:\/\/www.vita.sk\/online-kurz-pocitacove-siete-ii-zaklady-routingu-a-switchingu\/#primaryimage"},"thumbnailUrl":"https:\/\/www.vita.sk\/wp-content\/uploads\/2021\/04\/kurz-zaklady-routingu-a-switchingu.png","datePublished":"2021-07-01T10:40:51+00:00","dateModified":"2025-11-25T14:08:07+00:00","description":"V online kurze Z\u00e1klady Routingu a Switchingu v\u00e1s nau\u010d\u00edme pracova\u0165 s protokolom TCP\/IP a s IP adresami vr\u00e1tane subnettingu. \u2705","breadcrumb":{"@id":"https:\/\/www.vita.sk\/online-kurz-pocitacove-siete-ii-zaklady-routingu-a-switchingu\/#breadcrumb"},"inLanguage":"en-US","potentialAction":[{"@type":"ReadAction","target":["https:\/\/www.vita.sk\/online-kurz-pocitacove-siete-ii-zaklady-routingu-a-switchingu\/"]}]},{"@type":"ImageObject","inLanguage":"en-US","@id":"https:\/\/www.vita.sk\/online-kurz-pocitacove-siete-ii-zaklady-routingu-a-switchingu\/#primaryimage","url":"https:\/\/www.vita.sk\/wp-content\/uploads\/2021\/04\/kurz-zaklady-routingu-a-switchingu.png","contentUrl":"https:\/\/www.vita.sk\/wp-content\/uploads\/2021\/04\/kurz-zaklady-routingu-a-switchingu.png","width":360,"height":360,"caption":"Online kurz Z\u00e1klady Routingu a Switchingu"},{"@type":"BreadcrumbList","@id":"https:\/\/www.vita.sk\/online-kurz-pocitacove-siete-ii-zaklady-routingu-a-switchingu\/#breadcrumb","itemListElement":[{"@type":"ListItem","position":1,"name":"VITA Academy","item":"https:\/\/www.vita.sk\/en\/"},{"@type":"ListItem","position":2,"name":"Shop","item":"https:\/\/www.vita.sk\/shop\/"},{"@type":"ListItem","position":3,"name":"Po\u010d\u00edta\u010dov\u00e9 Siete a Cisco","item":"https:\/\/www.vita.sk\/online-kurzy-cisco-a-siete\/"},{"@type":"ListItem","position":4,"name":"Po\u010d\u00edta\u010dov\u00e9 Siete","item":"https:\/\/www.vita.sk\/online-kurzy-pocitacove-siete\/"},{"@type":"ListItem","position":5,"name":"Online kurz Po\u010d\u00edta\u010dov\u00e9 Siete II. Z\u00e1klady Routingu a Switchingu"}]},{"@type":"WebSite","@id":"https:\/\/www.vita.sk\/#website","url":"https:\/\/www.vita.sk\/","name":"VITA","description":"","publisher":{"@id":"https:\/\/www.vita.sk\/#organization"},"potentialAction":[{"@type":"SearchAction","target":{"@type":"EntryPoint","urlTemplate":"https:\/\/www.vita.sk\/?s={search_term_string}"},"query-input":{"@type":"PropertyValueSpecification","valueRequired":true,"valueName":"search_term_string"}}],"inLanguage":"en-US"},{"email":"admin@vita.sk","logo":"https:\/\/www.vita.sk\/img\/vita_logo.png ","address":{"type":"PostalAddress","streetAddress":"Tom\u00e1\u0161ikova 50\/A","addressLocality":"Bratislava","postalCode":"83104","addressCountry":{"name":"SK","type":"Country"}},"contactPoint":{"type":"ContactPoint","telephone":"+421 907 375\u00a0543","Email":"admin@vita.sk","contactType":"customer service"},"sameAs":["https:\/\/www.facebook.com\/VitaAcademySK\/","https:\/\/www.linkedin.com\/company\/vita-academy\/"]}]}},"acf":[],"_links":{"self":[{"href":"https:\/\/www.vita.sk\/en\/wp-json\/wp\/v2\/product\/443","targetHints":{"allow":["GET"]}}],"collection":[{"href":"https:\/\/www.vita.sk\/en\/wp-json\/wp\/v2\/product"}],"about":[{"href":"https:\/\/www.vita.sk\/en\/wp-json\/wp\/v2\/types\/product"}],"author":[{"embeddable":true,"href":"https:\/\/www.vita.sk\/en\/wp-json\/wp\/v2\/users\/4"}],"replies":[{"embeddable":true,"href":"https:\/\/www.vita.sk\/en\/wp-json\/wp\/v2\/comments?post=443"}],"wp:featuredmedia":[{"embeddable":true,"href":"https:\/\/www.vita.sk\/en\/wp-json\/wp\/v2\/media\/6254"}],"wp:attachment":[{"href":"https:\/\/www.vita.sk\/en\/wp-json\/wp\/v2\/media?parent=443"}],"wp:term":[{"taxonomy":"product_brand","embeddable":true,"href":"https:\/\/www.vita.sk\/en\/wp-json\/wp\/v2\/product_brand?post=443"},{"taxonomy":"product_cat","embeddable":true,"href":"https:\/\/www.vita.sk\/en\/wp-json\/wp\/v2\/product_cat?post=443"},{"taxonomy":"product_tag","embeddable":true,"href":"https:\/\/www.vita.sk\/en\/wp-json\/wp\/v2\/product_tag?post=443"}],"curies":[{"name":"wp","href":"https:\/\/api.w.org\/{rel}","templated":true}]}}