{"id":445,"date":"2020-10-01T12:38:21","date_gmt":"2020-10-01T10:38:21","guid":{"rendered":"http:\/\/vita.sk.vps202.nameserver.sk\/?post_type=product&#038;p=445"},"modified":"2024-06-06T12:44:56","modified_gmt":"2024-06-06T10:44:56","slug":"online-kurz-pocitacove-siete-iv-bezpecnosti-wifi-sieti","status":"publish","type":"product","link":"https:\/\/www.vita.sk\/en\/online-kurz-pocitacove-siete-iv-bezpecnosti-wifi-sieti\/","title":{"rendered":"Online kurz Po\u010d\u00edta\u010dov\u00e9 Siete IV. Bezpe\u010dnosti WIFI Siet\u00ed"},"content":{"rendered":"<p>Online kurz Po\u010d\u00edta\u010dov\u00e9 Siete IV. Bezpe\u010dnos\u0165 WIFI Siet\u00ed je vhodn\u00fd pre sk\u00fasenej\u0161\u00edch pou\u017e\u00edvate\u013eov v oblasti po\u010d\u00edta\u010dov\u00fdch siet\u00ed alebo \u013eud\u00ed, ktor\u00ed u\u017e absolvovali online kurz Po\u010d\u00edta\u010dov\u00e9 Siete III. Z\u00e1klady Bezpe\u010dnosti Siet\u00ed. <strong>Ide o jedin\u00fd akreditovan\u00fd a certifikovan\u00fd kurz na Po\u010d\u00edta\u010dov\u00e9 Siete na Slovensku. <\/strong>Na kurze sa dozviete nie\u010do o \u0161tandardoch (802.11, 802.11y), bezdr\u00f4tov\u00fdch pr\u00edstupov\u00fdch bodoch, smerova\u010doch, br\u00e1nach a bezdr\u00f4tov\u00fdch sie\u0165ach OLPC XO. Nau\u010d\u00edte sa pracova\u0165 s ant\u00e9nami a softwarom pre bezdr\u00f4tov\u00e9 siete. Absolventom online kurzu Po\u010d\u00edta\u010dov\u00e9 Siete Bezpe\u010dnos\u0165 WIFI Siet\u00ed nebude robi\u0165 probl\u00e9m ani zabezpe\u010denie \u010di konfigur\u00e1cia IPSec na Cisco smerova\u010doch. Ak sa chcete skuto\u010dne nau\u010di\u0165 pou\u017e\u00edva\u0165 Po\u010d\u00edta\u010dov\u00e9 Siete, tak toto je ide\u00e1lny online kurz pre v\u00e1s.<\/p>\n","protected":false},"excerpt":{"rendered":"<p>Online kurz Po\u010d\u00edta\u010dov\u00e9 Siete IV. Bezpe\u010dnos\u0165 WIFI Siet\u00ed je vhodn\u00fd pre sk\u00fasenej\u0161\u00edch pou\u017e\u00edvate\u013eov v oblasti po\u010d\u00edta\u010dov\u00fdch siet\u00ed alebo \u013eud\u00ed, ktor\u00ed u\u017e absolvovali online kurz Po\u010d\u00edta\u010dov\u00e9 Siete III. Z\u00e1klady Bezpe\u010dnosti Siet\u00ed. Ide o jedin\u00fd akreditovan\u00fd a certifikovan\u00fd kurz na Po\u010d\u00edta\u010dov\u00e9 Siete na Slovensku. Na kurze sa dozviete nie\u010do o \u0161tandardoch (802. 11, 802.","protected":false},"author":4,"featured_media":6256,"comment_status":"open","ping_status":"closed","template":"","meta":{"_acf_changed":false},"product_brand":[],"product_cat":[48,47,73],"product_tag":[205,206],"class_list":{"0":"post-445","1":"product","2":"type-product","3":"status-publish","4":"has-post-thumbnail","6":"product_cat-online-kurzy-pocitacove-siete","7":"product_cat-online-kurzy-cisco-a-siete","8":"product_cat-bez-kategorie","9":"product_tag-cisco-a-siete","10":"product_tag-pocitacove-siete","12":"first","13":"instock","14":"sale","15":"sold-individually","16":"taxable","17":"shipping-taxable","18":"purchasable","19":"product-type-simple"},"yoast_head":"<!-- This site is optimized with the Yoast SEO Premium plugin v25.0 (Yoast SEO v25.0) - https:\/\/yoast.com\/wordpress\/plugins\/seo\/ -->\n<title>Online kurz Bezpe\u010dnos\u0165 WIFI Siet\u00ed  | VITA<\/title>\n<meta name=\"description\" content=\"V online kurz Bezpe\u010dnos\u0165 WIFI Siet\u00ed \u0165a nau\u010d\u00edme \u0161tandardy (802.11, 802.11y), nastavenie bezdr\u00f4tov\u00fdch pr\u00edstupov\u00fdch bodov, smerova\u010dov, br\u00e1n a bezdr\u00f4tov\u00fdch siet\u00ed OLPC XO.\" \/>\n<meta name=\"robots\" content=\"index, follow, max-snippet:-1, max-image-preview:large, max-video-preview:-1\" \/>\n<link rel=\"canonical\" href=\"https:\/\/www.vita.sk\/online-kurz-pocitacove-siete-iv-bezpecnosti-wifi-sieti\/\" \/>\n<meta property=\"og:locale\" content=\"en_US\" \/>\n<meta property=\"og:type\" content=\"article\" \/>\n<meta property=\"og:title\" content=\"Online kurz Po\u010d\u00edta\u010dov\u00e9 Siete IV. Bezpe\u010dnosti WIFI Siet\u00ed\" \/>\n<meta property=\"og:description\" content=\"V online kurz Bezpe\u010dnos\u0165 WIFI Siet\u00ed \u0165a nau\u010d\u00edme \u0161tandardy (802.11, 802.11y), nastavenie bezdr\u00f4tov\u00fdch pr\u00edstupov\u00fdch bodov, smerova\u010dov, br\u00e1n a bezdr\u00f4tov\u00fdch siet\u00ed OLPC XO.\" \/>\n<meta property=\"og:url\" content=\"https:\/\/www.vita.sk\/online-kurz-pocitacove-siete-iv-bezpecnosti-wifi-sieti\/\" \/>\n<meta property=\"og:site_name\" content=\"VITA\" \/>\n<meta property=\"article:publisher\" content=\"https:\/\/www.facebook.com\/VitaAcademySK\" \/>\n<meta property=\"article:modified_time\" content=\"2024-06-06T10:44:56+00:00\" \/>\n<meta property=\"og:image\" content=\"https:\/\/www.vita.sk\/wp-content\/uploads\/2021\/04\/kurz-bezpecnost-wifi-sieti.png\" \/>\n\t<meta property=\"og:image:width\" content=\"360\" \/>\n\t<meta property=\"og:image:height\" content=\"360\" \/>\n\t<meta property=\"og:image:type\" content=\"image\/png\" \/>\n<meta name=\"twitter:card\" content=\"summary_large_image\" \/>\n<meta name=\"twitter:label1\" content=\"Est. reading time\" \/>\n\t<meta name=\"twitter:data1\" content=\"1 minute\" \/>\n<script type=\"application\/ld+json\" class=\"yoast-schema-graph\">{\n\t    \"@context\": \"https:\/\/schema.org\",\n\t    \"@graph\": [\n\t        {\n\t            \"@type\": \"WebPage\",\n\t            \"@id\": \"https:\/\/www.vita.sk\/online-kurz-pocitacove-siete-iv-bezpecnosti-wifi-sieti\/\",\n\t            \"url\": \"https:\/\/www.vita.sk\/online-kurz-pocitacove-siete-iv-bezpecnosti-wifi-sieti\/\",\n\t            \"name\": \"Online kurz Bezpe\u010dnos\u0165 WIFI Siet\u00ed 2024 | VITA\",\n\t            \"isPartOf\": {\n\t                \"@id\": \"https:\/\/www.vita.sk\/#website\"\n\t            },\n\t            \"primaryImageOfPage\": {\n\t                \"@id\": \"https:\/\/www.vita.sk\/online-kurz-pocitacove-siete-iv-bezpecnosti-wifi-sieti\/#primaryimage\"\n\t            },\n\t            \"image\": {\n\t                \"@id\": \"https:\/\/www.vita.sk\/online-kurz-pocitacove-siete-iv-bezpecnosti-wifi-sieti\/#primaryimage\"\n\t            },\n\t            \"thumbnailUrl\": \"https:\/\/www.vita.sk\/wp-content\/uploads\/2021\/04\/kurz-bezpecnost-wifi-sieti.png\",\n\t            \"datePublished\": \"2020-10-01T10:38:21+00:00\",\n\t            \"dateModified\": \"2024-06-06T10:44:56+00:00\",\n\t            \"description\": \"V online kurz Bezpe\u010dnos\u0165 WIFI Siet\u00ed \u0165a nau\u010d\u00edme \u0161tandardy (802.11, 802.11y), nastavenie bezdr\u00f4tov\u00fdch pr\u00edstupov\u00fdch bodov, smerova\u010dov, br\u00e1n a bezdr\u00f4tov\u00fdch siet\u00ed OLPC XO.\",\n\t            \"breadcrumb\": {\n\t                \"@id\": \"https:\/\/www.vita.sk\/online-kurz-pocitacove-siete-iv-bezpecnosti-wifi-sieti\/#breadcrumb\"\n\t            },\n\t            \"inLanguage\": \"en-US\",\n\t            \"potentialAction\": [\n\t                {\n\t                    \"@type\": \"ReadAction\",\n\t                    \"target\": [\n\t                        \"https:\/\/www.vita.sk\/online-kurz-pocitacove-siete-iv-bezpecnosti-wifi-sieti\/\"\n\t                    ]\n\t                }\n\t            ]\n\t        },\n\t        {\n\t            \"@type\": \"ImageObject\",\n\t            \"inLanguage\": \"en-US\",\n\t            \"@id\": \"https:\/\/www.vita.sk\/online-kurz-pocitacove-siete-iv-bezpecnosti-wifi-sieti\/#primaryimage\",\n\t            \"url\": \"https:\/\/www.vita.sk\/wp-content\/uploads\/2021\/04\/kurz-bezpecnost-wifi-sieti.png\",\n\t            \"contentUrl\": \"https:\/\/www.vita.sk\/wp-content\/uploads\/2021\/04\/kurz-bezpecnost-wifi-sieti.png\",\n\t            \"width\": 360,\n\t            \"height\": 360,\n\t            \"caption\": \"Online kurz Bezpe\u010dnos\u0165 WIFI Siet\u00ed\"\n\t        },\n\t        {\n\t            \"@type\": \"BreadcrumbList\",\n\t            \"@id\": \"https:\/\/www.vita.sk\/online-kurz-pocitacove-siete-iv-bezpecnosti-wifi-sieti\/#breadcrumb\",\n\t            \"itemListElement\": [\n\t                {\n\t                    \"@type\": \"ListItem\",\n\t                    \"position\": 1,\n\t                    \"name\": \"VITA Academy\",\n\t                    \"item\": \"https:\/\/www.vita.sk\/en\/\"\n\t                },\n\t                {\n\t                    \"@type\": \"ListItem\",\n\t                    \"position\": 2,\n\t                    \"name\": \"Shop\",\n\t                    \"item\": \"https:\/\/www.vita.sk\/shop\/\"\n\t                },\n\t                {\n\t                    \"@type\": \"ListItem\",\n\t                    \"position\": 3,\n\t                    \"name\": \"Po\u010d\u00edta\u010dov\u00e9 Siete a Cisco\",\n\t                    \"item\": \"https:\/\/www.vita.sk\/online-kurzy-cisco-a-siete\/\"\n\t                },\n\t                {\n\t                    \"@type\": \"ListItem\",\n\t                    \"position\": 4,\n\t                    \"name\": \"Po\u010d\u00edta\u010dov\u00e9 Siete\",\n\t                    \"item\": \"https:\/\/www.vita.sk\/online-kurzy-pocitacove-siete\/\"\n\t                },\n\t                {\n\t                    \"@type\": \"ListItem\",\n\t                    \"position\": 5,\n\t                    \"name\": \"Online kurz Po\u010d\u00edta\u010dov\u00e9 Siete IV. Bezpe\u010dnosti WIFI Siet\u00ed\"\n\t                }\n\t            ]\n\t        },\n\t        {\n\t            \"@type\": \"WebSite\",\n\t            \"@id\": \"https:\/\/www.vita.sk\/#website\",\n\t            \"url\": \"https:\/\/www.vita.sk\/\",\n\t            \"name\": \"VITA\",\n\t            \"description\": \"\",\n\t            \"publisher\": {\n\t                \"@id\": \"https:\/\/www.vita.sk\/#organization\"\n\t            },\n\t            \"potentialAction\": [\n\t                {\n\t                    \"@type\": \"SearchAction\",\n\t                    \"target\": {\n\t                        \"@type\": \"EntryPoint\",\n\t                        \"urlTemplate\": \"https:\/\/www.vita.sk\/?s={search_term_string}\"\n\t                    },\n\t                    \"query-input\": {\n\t                        \"@type\": \"PropertyValueSpecification\",\n\t                        \"valueRequired\": true,\n\t                        \"valueName\": \"search_term_string\"\n\t                    }\n\t                }\n\t            ],\n\t            \"inLanguage\": \"en-US\"\n\t        },\n\t        {\n\t            \"email\": \"admin@vita.sk\",\n\t            \"logo\": \"https:\/\/www.vita.sk\/img\/vita_logo.png \",\n\t            \"address\": {\n\t                \"type\": \"PostalAddress\",\n\t                \"streetAddress\": \"Tom\u00e1\u0161ikova 50\/A\",\n\t                \"addressLocality\": \"Bratislava\",\n\t                \"postalCode\": \"83104\",\n\t                \"addressCountry\": {\n\t                    \"name\": \"SK\",\n\t                    \"type\": \"Country\"\n\t                }\n\t            },\n\t            \"contactPoint\": {\n\t                \"type\": \"ContactPoint\",\n\t                \"telephone\": \"+421 907 375\u00a0543\",\n\t                \"Email\": \"admin@vita.sk\",\n\t                \"contactType\": \"customer service\"\n\t            },\n\t            \"sameAs\": [\n\t                \"https:\/\/www.facebook.com\/VitaAcademySK\/\",\n\t                \"https:\/\/www.linkedin.com\/company\/vita-academy\/\"\n\t            ]\n\t        }\n\t    ]\n\t}<\/script>\n<!-- \/ Yoast SEO Premium plugin. -->","yoast_head_json":{"title":"Online kurz Bezpe\u010dnos\u0165 WIFI Siet\u00ed  | VITA","description":"V online kurz Bezpe\u010dnos\u0165 WIFI Siet\u00ed \u0165a nau\u010d\u00edme \u0161tandardy (802.11, 802.11y), nastavenie bezdr\u00f4tov\u00fdch pr\u00edstupov\u00fdch bodov, smerova\u010dov, br\u00e1n a bezdr\u00f4tov\u00fdch siet\u00ed OLPC XO.","robots":{"index":"index","follow":"follow","max-snippet":"max-snippet:-1","max-image-preview":"max-image-preview:large","max-video-preview":"max-video-preview:-1"},"canonical":"https:\/\/www.vita.sk\/online-kurz-pocitacove-siete-iv-bezpecnosti-wifi-sieti\/","og_locale":"en_US","og_type":"article","og_title":"Online kurz Po\u010d\u00edta\u010dov\u00e9 Siete IV. Bezpe\u010dnosti WIFI Siet\u00ed","og_description":"V online kurz Bezpe\u010dnos\u0165 WIFI Siet\u00ed \u0165a nau\u010d\u00edme \u0161tandardy (802.11, 802.11y), nastavenie bezdr\u00f4tov\u00fdch pr\u00edstupov\u00fdch bodov, smerova\u010dov, br\u00e1n a bezdr\u00f4tov\u00fdch siet\u00ed OLPC XO.","og_url":"https:\/\/www.vita.sk\/online-kurz-pocitacove-siete-iv-bezpecnosti-wifi-sieti\/","og_site_name":"VITA","article_publisher":"https:\/\/www.facebook.com\/VitaAcademySK","article_modified_time":"2024-06-06T10:44:56+00:00","og_image":[{"width":360,"height":360,"url":"https:\/\/www.vita.sk\/wp-content\/uploads\/2021\/04\/kurz-bezpecnost-wifi-sieti.png","type":"image\/png"}],"twitter_card":"summary_large_image","twitter_misc":{"Est. reading time":"1 minute"},"schema":{"@context":"https:\/\/schema.org","@graph":[{"@type":"WebPage","@id":"https:\/\/www.vita.sk\/online-kurz-pocitacove-siete-iv-bezpecnosti-wifi-sieti\/","url":"https:\/\/www.vita.sk\/online-kurz-pocitacove-siete-iv-bezpecnosti-wifi-sieti\/","name":"Online kurz Bezpe\u010dnos\u0165 WIFI Siet\u00ed 2024 | VITA","isPartOf":{"@id":"https:\/\/www.vita.sk\/#website"},"primaryImageOfPage":{"@id":"https:\/\/www.vita.sk\/online-kurz-pocitacove-siete-iv-bezpecnosti-wifi-sieti\/#primaryimage"},"image":{"@id":"https:\/\/www.vita.sk\/online-kurz-pocitacove-siete-iv-bezpecnosti-wifi-sieti\/#primaryimage"},"thumbnailUrl":"https:\/\/www.vita.sk\/wp-content\/uploads\/2021\/04\/kurz-bezpecnost-wifi-sieti.png","datePublished":"2020-10-01T10:38:21+00:00","dateModified":"2024-06-06T10:44:56+00:00","description":"V online kurz Bezpe\u010dnos\u0165 WIFI Siet\u00ed \u0165a nau\u010d\u00edme \u0161tandardy (802.11, 802.11y), nastavenie bezdr\u00f4tov\u00fdch pr\u00edstupov\u00fdch bodov, smerova\u010dov, br\u00e1n a bezdr\u00f4tov\u00fdch siet\u00ed OLPC XO.","breadcrumb":{"@id":"https:\/\/www.vita.sk\/online-kurz-pocitacove-siete-iv-bezpecnosti-wifi-sieti\/#breadcrumb"},"inLanguage":"en-US","potentialAction":[{"@type":"ReadAction","target":["https:\/\/www.vita.sk\/online-kurz-pocitacove-siete-iv-bezpecnosti-wifi-sieti\/"]}]},{"@type":"ImageObject","inLanguage":"en-US","@id":"https:\/\/www.vita.sk\/online-kurz-pocitacove-siete-iv-bezpecnosti-wifi-sieti\/#primaryimage","url":"https:\/\/www.vita.sk\/wp-content\/uploads\/2021\/04\/kurz-bezpecnost-wifi-sieti.png","contentUrl":"https:\/\/www.vita.sk\/wp-content\/uploads\/2021\/04\/kurz-bezpecnost-wifi-sieti.png","width":360,"height":360,"caption":"Online kurz Bezpe\u010dnos\u0165 WIFI Siet\u00ed"},{"@type":"BreadcrumbList","@id":"https:\/\/www.vita.sk\/online-kurz-pocitacove-siete-iv-bezpecnosti-wifi-sieti\/#breadcrumb","itemListElement":[{"@type":"ListItem","position":1,"name":"VITA Academy","item":"https:\/\/www.vita.sk\/en\/"},{"@type":"ListItem","position":2,"name":"Shop","item":"https:\/\/www.vita.sk\/shop\/"},{"@type":"ListItem","position":3,"name":"Po\u010d\u00edta\u010dov\u00e9 Siete a Cisco","item":"https:\/\/www.vita.sk\/online-kurzy-cisco-a-siete\/"},{"@type":"ListItem","position":4,"name":"Po\u010d\u00edta\u010dov\u00e9 Siete","item":"https:\/\/www.vita.sk\/online-kurzy-pocitacove-siete\/"},{"@type":"ListItem","position":5,"name":"Online kurz Po\u010d\u00edta\u010dov\u00e9 Siete IV. Bezpe\u010dnosti WIFI Siet\u00ed"}]},{"@type":"WebSite","@id":"https:\/\/www.vita.sk\/#website","url":"https:\/\/www.vita.sk\/","name":"VITA","description":"","publisher":{"@id":"https:\/\/www.vita.sk\/#organization"},"potentialAction":[{"@type":"SearchAction","target":{"@type":"EntryPoint","urlTemplate":"https:\/\/www.vita.sk\/?s={search_term_string}"},"query-input":{"@type":"PropertyValueSpecification","valueRequired":true,"valueName":"search_term_string"}}],"inLanguage":"en-US"},{"email":"admin@vita.sk","logo":"https:\/\/www.vita.sk\/img\/vita_logo.png ","address":{"type":"PostalAddress","streetAddress":"Tom\u00e1\u0161ikova 50\/A","addressLocality":"Bratislava","postalCode":"83104","addressCountry":{"name":"SK","type":"Country"}},"contactPoint":{"type":"ContactPoint","telephone":"+421 907 375\u00a0543","Email":"admin@vita.sk","contactType":"customer service"},"sameAs":["https:\/\/www.facebook.com\/VitaAcademySK\/","https:\/\/www.linkedin.com\/company\/vita-academy\/"]}]}},"acf":[],"_links":{"self":[{"href":"https:\/\/www.vita.sk\/en\/wp-json\/wp\/v2\/product\/445","targetHints":{"allow":["GET"]}}],"collection":[{"href":"https:\/\/www.vita.sk\/en\/wp-json\/wp\/v2\/product"}],"about":[{"href":"https:\/\/www.vita.sk\/en\/wp-json\/wp\/v2\/types\/product"}],"author":[{"embeddable":true,"href":"https:\/\/www.vita.sk\/en\/wp-json\/wp\/v2\/users\/4"}],"replies":[{"embeddable":true,"href":"https:\/\/www.vita.sk\/en\/wp-json\/wp\/v2\/comments?post=445"}],"wp:featuredmedia":[{"embeddable":true,"href":"https:\/\/www.vita.sk\/en\/wp-json\/wp\/v2\/media\/6256"}],"wp:attachment":[{"href":"https:\/\/www.vita.sk\/en\/wp-json\/wp\/v2\/media?parent=445"}],"wp:term":[{"taxonomy":"product_brand","embeddable":true,"href":"https:\/\/www.vita.sk\/en\/wp-json\/wp\/v2\/product_brand?post=445"},{"taxonomy":"product_cat","embeddable":true,"href":"https:\/\/www.vita.sk\/en\/wp-json\/wp\/v2\/product_cat?post=445"},{"taxonomy":"product_tag","embeddable":true,"href":"https:\/\/www.vita.sk\/en\/wp-json\/wp\/v2\/product_tag?post=445"}],"curies":[{"name":"wp","href":"https:\/\/api.w.org\/{rel}","templated":true}]}}