{"id":450,"date":"2021-08-01T12:55:32","date_gmt":"2021-08-01T10:55:32","guid":{"rendered":"http:\/\/vita.sk.vps202.nameserver.sk\/?post_type=product&#038;p=450"},"modified":"2024-10-29T11:42:13","modified_gmt":"2024-10-29T10:42:13","slug":"online-kurz-datamining-a-business-intelligence-i-zaciatocnik","status":"publish","type":"product","link":"https:\/\/www.vita.sk\/en\/online-kurz-datamining-a-business-intelligence-i-zaciatocnik\/","title":{"rendered":"Online kurz Datamining a Business Intelligence I. Za\u010diato\u010dn\u00edk"},"content":{"rendered":"<p>Online kurz Datamining a Business Intelligence I. Za\u010diato\u010dn\u00edk je ur\u010den\u00fd v\u0161etk\u00fdm \u013eu\u010fom, ktor\u00ed by si chceli zv\u00fd\u0161i\u0165 znalosti v oblasti business intelligence.<strong> Ide o jedin\u00fd akreditovan\u00fd a certifikovan\u00fd kurz na Datamining a Business Intelligence na Slovensku.<\/strong> Na online kurze Datamining a Business Intelligence v\u00e1s zasv\u00e4t\u00edme do pr\u00e1ce s d\u00e1tami v organiz\u00e1ci\u00e1ch a ako aj s ich biznis strat\u00e9giami. Povieme si, pre\u010do je potrebn\u00e9 modelova\u0165 d\u00e1ta, \u010do s\u00fa to dimenzie a tabu\u013eky faktov. Po absolvovan\u00ed tohto online kurzu sa budete orientova\u0165 v projektovej d\u00e1tovej dokument\u00e1ci\u00ed, pracovnej deklar\u00e1cii, ale aj v projektov\u00fdch zdrojoch. Ak sa chcete skuto\u010dne nau\u010di\u0165 pou\u017e\u00edva\u0165 Datamining a Business Intelligence, tak toto je ide\u00e1lny online kurz pre v\u00e1s.<\/p>\n","protected":false},"excerpt":{"rendered":"<p>Online kurz Datamining a Business Intelligence I. Za\u010diato\u010dn\u00edk je ur\u010den\u00fd v\u0161etk\u00fdm \u013eu\u010fom, ktor\u00ed by si chceli zv\u00fd\u0161i\u0165 znalosti v oblasti business intelligence. Ide o jedin\u00fd akreditovan\u00fd a certifikovan\u00fd kurz na Datamining a Business Intelligence na Slovensku.","protected":false},"author":27,"featured_media":1255,"comment_status":"open","ping_status":"closed","template":"","meta":{"_acf_changed":false},"product_brand":[],"product_cat":[50,49,73],"product_tag":[188],"class_list":{"0":"post-450","1":"product","2":"type-product","3":"status-publish","4":"has-post-thumbnail","6":"product_cat-online-kurzy-datamining-a-business-intelligence","7":"product_cat-online-kurzy-databazy-statistika-analytika","8":"product_cat-bez-kategorie","9":"product_tag-databazy-a-analytika","11":"first","12":"instock","13":"sale","14":"sold-individually","15":"taxable","16":"shipping-taxable","17":"purchasable","18":"product-type-simple"},"yoast_head":"<!-- This site is optimized with the Yoast SEO Premium plugin v25.0 (Yoast SEO v25.0) - https:\/\/yoast.com\/wordpress\/plugins\/seo\/ -->\n<title>Online kurz Datamining a BI pre za\u010diato\u010dn\u00edkov  | VITA<\/title>\n<meta name=\"description\" content=\"V Online kurze Datamining a BI pre za\u010diato\u010dn\u00edkov sa nau\u010d\u00ed\u0161 pracova\u0165 s d\u00e1tami v organiz\u00e1ci\u00e1ch, implement\u00e1ciu, migr\u00e1ciu platformy a centraliz\u00e1ciu.\" \/>\n<meta name=\"robots\" content=\"index, follow, max-snippet:-1, max-image-preview:large, max-video-preview:-1\" \/>\n<link rel=\"canonical\" href=\"https:\/\/www.vita.sk\/online-kurz-datamining-a-business-intelligence-i-zaciatocnik\/\" \/>\n<meta property=\"og:locale\" content=\"en_US\" \/>\n<meta property=\"og:type\" content=\"article\" \/>\n<meta property=\"og:title\" content=\"Online kurz Datamining a Business Intelligence I. Za\u010diato\u010dn\u00edk\" \/>\n<meta property=\"og:description\" content=\"V Online kurze Datamining a BI pre za\u010diato\u010dn\u00edkov sa nau\u010d\u00ed\u0161 pracova\u0165 s d\u00e1tami v organiz\u00e1ci\u00e1ch, implement\u00e1ciu, migr\u00e1ciu platformy a centraliz\u00e1ciu.\" \/>\n<meta property=\"og:url\" content=\"https:\/\/www.vita.sk\/online-kurz-datamining-a-business-intelligence-i-zaciatocnik\/\" \/>\n<meta property=\"og:site_name\" content=\"VITA\" \/>\n<meta property=\"article:publisher\" content=\"https:\/\/www.facebook.com\/VitaAcademySK\" \/>\n<meta property=\"article:modified_time\" content=\"2024-10-29T10:42:13+00:00\" \/>\n<meta property=\"og:image\" content=\"https:\/\/www.vita.sk\/wp-content\/uploads\/2018\/10\/Kurz-Datamining-business-int-e1660566172338.png\" \/>\n\t<meta property=\"og:image:width\" content=\"165\" \/>\n\t<meta property=\"og:image:height\" content=\"164\" \/>\n\t<meta property=\"og:image:type\" content=\"image\/png\" \/>\n<meta name=\"twitter:card\" content=\"summary_large_image\" \/>\n<meta name=\"twitter:label1\" content=\"Est. reading time\" \/>\n\t<meta name=\"twitter:data1\" content=\"1 minute\" \/>\n<script type=\"application\/ld+json\" class=\"yoast-schema-graph\">{\n\t    \"@context\": \"https:\/\/schema.org\",\n\t    \"@graph\": [\n\t        {\n\t            \"@type\": \"WebPage\",\n\t            \"@id\": \"https:\/\/www.vita.sk\/online-kurz-datamining-a-business-intelligence-i-zaciatocnik\/\",\n\t            \"url\": \"https:\/\/www.vita.sk\/online-kurz-datamining-a-business-intelligence-i-zaciatocnik\/\",\n\t            \"name\": \"Online kurz Datamining a BI pre za\u010diato\u010dn\u00edkov 2024 | VITA\",\n\t            \"isPartOf\": {\n\t                \"@id\": \"https:\/\/www.vita.sk\/#website\"\n\t            },\n\t            \"primaryImageOfPage\": {\n\t                \"@id\": \"https:\/\/www.vita.sk\/online-kurz-datamining-a-business-intelligence-i-zaciatocnik\/#primaryimage\"\n\t            },\n\t            \"image\": {\n\t                \"@id\": \"https:\/\/www.vita.sk\/online-kurz-datamining-a-business-intelligence-i-zaciatocnik\/#primaryimage\"\n\t            },\n\t            \"thumbnailUrl\": \"https:\/\/www.vita.sk\/wp-content\/uploads\/2018\/10\/Kurz-Datamining-business-int-e1660566172338.png\",\n\t            \"datePublished\": \"2021-08-01T10:55:32+00:00\",\n\t            \"dateModified\": \"2024-10-29T10:42:13+00:00\",\n\t            \"description\": \"V Online kurze Datamining a BI pre za\u010diato\u010dn\u00edkov sa nau\u010d\u00ed\u0161 pracova\u0165 s d\u00e1tami v organiz\u00e1ci\u00e1ch, implement\u00e1ciu, migr\u00e1ciu platformy a centraliz\u00e1ciu.\",\n\t            \"breadcrumb\": {\n\t                \"@id\": \"https:\/\/www.vita.sk\/online-kurz-datamining-a-business-intelligence-i-zaciatocnik\/#breadcrumb\"\n\t            },\n\t            \"inLanguage\": \"en-US\",\n\t            \"potentialAction\": [\n\t                {\n\t                    \"@type\": \"ReadAction\",\n\t                    \"target\": [\n\t                        \"https:\/\/www.vita.sk\/online-kurz-datamining-a-business-intelligence-i-zaciatocnik\/\"\n\t                    ]\n\t                }\n\t            ]\n\t        },\n\t        {\n\t            \"@type\": \"ImageObject\",\n\t            \"inLanguage\": \"en-US\",\n\t            \"@id\": \"https:\/\/www.vita.sk\/online-kurz-datamining-a-business-intelligence-i-zaciatocnik\/#primaryimage\",\n\t            \"url\": \"https:\/\/www.vita.sk\/wp-content\/uploads\/2018\/10\/Kurz-Datamining-business-int-e1660566172338.png\",\n\t            \"contentUrl\": \"https:\/\/www.vita.sk\/wp-content\/uploads\/2018\/10\/Kurz-Datamining-business-int-e1660566172338.png\",\n\t            \"width\": 165,\n\t            \"height\": 164,\n\t            \"caption\": \"online kurz Datamining a BI pre za\u010diato\u010dn\u00edkov\"\n\t        },\n\t        {\n\t            \"@type\": \"BreadcrumbList\",\n\t            \"@id\": \"https:\/\/www.vita.sk\/online-kurz-datamining-a-business-intelligence-i-zaciatocnik\/#breadcrumb\",\n\t            \"itemListElement\": [\n\t                {\n\t                    \"@type\": \"ListItem\",\n\t                    \"position\": 1,\n\t                    \"name\": \"VITA Academy\",\n\t                    \"item\": \"https:\/\/www.vita.sk\/en\/\"\n\t                },\n\t                {\n\t                    \"@type\": \"ListItem\",\n\t                    \"position\": 2,\n\t                    \"name\": \"Shop\",\n\t                    \"item\": \"https:\/\/www.vita.sk\/shop\/\"\n\t                },\n\t                {\n\t                    \"@type\": \"ListItem\",\n\t                    \"position\": 3,\n\t                    \"name\": \"Spr\u00e1va Datab\u00e1z, \u0160tatistika a D\u00e1tov\u00e1 Anal\u00fdza\",\n\t                    \"item\": \"https:\/\/www.vita.sk\/online-kurzy-databazy-analytika\/\"\n\t                },\n\t                {\n\t                    \"@type\": \"ListItem\",\n\t                    \"position\": 4,\n\t                    \"name\": \"Datamining a business intelligence\",\n\t                    \"item\": \"https:\/\/www.vita.sk\/online-kurzy-datamining-a-business-intelligence\/\"\n\t                },\n\t                {\n\t                    \"@type\": \"ListItem\",\n\t                    \"position\": 5,\n\t                    \"name\": \"Online kurz Datamining a Business Intelligence I. Za\u010diato\u010dn\u00edk\"\n\t                }\n\t            ]\n\t        },\n\t        {\n\t            \"@type\": \"WebSite\",\n\t            \"@id\": \"https:\/\/www.vita.sk\/#website\",\n\t            \"url\": \"https:\/\/www.vita.sk\/\",\n\t            \"name\": \"VITA\",\n\t            \"description\": \"\",\n\t            \"publisher\": {\n\t                \"@id\": \"https:\/\/www.vita.sk\/#organization\"\n\t            },\n\t            \"potentialAction\": [\n\t                {\n\t                    \"@type\": \"SearchAction\",\n\t                    \"target\": {\n\t                        \"@type\": \"EntryPoint\",\n\t                        \"urlTemplate\": \"https:\/\/www.vita.sk\/?s={search_term_string}\"\n\t                    },\n\t                    \"query-input\": {\n\t                        \"@type\": \"PropertyValueSpecification\",\n\t                        \"valueRequired\": true,\n\t                        \"valueName\": \"search_term_string\"\n\t                    }\n\t                }\n\t            ],\n\t            \"inLanguage\": \"en-US\"\n\t        },\n\t        {\n\t            \"email\": \"admin@vita.sk\",\n\t            \"logo\": \"https:\/\/www.vita.sk\/img\/vita_logo.png \",\n\t            \"address\": {\n\t                \"type\": \"PostalAddress\",\n\t                \"streetAddress\": \"Tom\u00e1\u0161ikova 50\/A\",\n\t                \"addressLocality\": \"Bratislava\",\n\t                \"postalCode\": \"83104\",\n\t                \"addressCountry\": {\n\t                    \"name\": \"SK\",\n\t                    \"type\": \"Country\"\n\t                }\n\t            },\n\t            \"contactPoint\": {\n\t                \"type\": \"ContactPoint\",\n\t                \"telephone\": \"+421 907 375\u00a0543\",\n\t                \"Email\": \"admin@vita.sk\",\n\t                \"contactType\": \"customer service\"\n\t            },\n\t            \"sameAs\": [\n\t                \"https:\/\/www.facebook.com\/VitaAcademySK\/\",\n\t                \"https:\/\/www.linkedin.com\/company\/vita-academy\/\"\n\t            ]\n\t        }\n\t    ]\n\t}<\/script>\n<!-- \/ Yoast SEO Premium plugin. -->","yoast_head_json":{"title":"Online kurz Datamining a BI pre za\u010diato\u010dn\u00edkov  | VITA","description":"V Online kurze Datamining a BI pre za\u010diato\u010dn\u00edkov sa nau\u010d\u00ed\u0161 pracova\u0165 s d\u00e1tami v organiz\u00e1ci\u00e1ch, implement\u00e1ciu, migr\u00e1ciu platformy a centraliz\u00e1ciu.","robots":{"index":"index","follow":"follow","max-snippet":"max-snippet:-1","max-image-preview":"max-image-preview:large","max-video-preview":"max-video-preview:-1"},"canonical":"https:\/\/www.vita.sk\/online-kurz-datamining-a-business-intelligence-i-zaciatocnik\/","og_locale":"en_US","og_type":"article","og_title":"Online kurz Datamining a Business Intelligence I. Za\u010diato\u010dn\u00edk","og_description":"V Online kurze Datamining a BI pre za\u010diato\u010dn\u00edkov sa nau\u010d\u00ed\u0161 pracova\u0165 s d\u00e1tami v organiz\u00e1ci\u00e1ch, implement\u00e1ciu, migr\u00e1ciu platformy a centraliz\u00e1ciu.","og_url":"https:\/\/www.vita.sk\/online-kurz-datamining-a-business-intelligence-i-zaciatocnik\/","og_site_name":"VITA","article_publisher":"https:\/\/www.facebook.com\/VitaAcademySK","article_modified_time":"2024-10-29T10:42:13+00:00","og_image":[{"width":165,"height":164,"url":"https:\/\/www.vita.sk\/wp-content\/uploads\/2018\/10\/Kurz-Datamining-business-int-e1660566172338.png","type":"image\/png"}],"twitter_card":"summary_large_image","twitter_misc":{"Est. reading time":"1 minute"},"schema":{"@context":"https:\/\/schema.org","@graph":[{"@type":"WebPage","@id":"https:\/\/www.vita.sk\/online-kurz-datamining-a-business-intelligence-i-zaciatocnik\/","url":"https:\/\/www.vita.sk\/online-kurz-datamining-a-business-intelligence-i-zaciatocnik\/","name":"Online kurz Datamining a BI pre za\u010diato\u010dn\u00edkov 2024 | VITA","isPartOf":{"@id":"https:\/\/www.vita.sk\/#website"},"primaryImageOfPage":{"@id":"https:\/\/www.vita.sk\/online-kurz-datamining-a-business-intelligence-i-zaciatocnik\/#primaryimage"},"image":{"@id":"https:\/\/www.vita.sk\/online-kurz-datamining-a-business-intelligence-i-zaciatocnik\/#primaryimage"},"thumbnailUrl":"https:\/\/www.vita.sk\/wp-content\/uploads\/2018\/10\/Kurz-Datamining-business-int-e1660566172338.png","datePublished":"2021-08-01T10:55:32+00:00","dateModified":"2024-10-29T10:42:13+00:00","description":"V Online kurze Datamining a BI pre za\u010diato\u010dn\u00edkov sa nau\u010d\u00ed\u0161 pracova\u0165 s d\u00e1tami v organiz\u00e1ci\u00e1ch, implement\u00e1ciu, migr\u00e1ciu platformy a centraliz\u00e1ciu.","breadcrumb":{"@id":"https:\/\/www.vita.sk\/online-kurz-datamining-a-business-intelligence-i-zaciatocnik\/#breadcrumb"},"inLanguage":"en-US","potentialAction":[{"@type":"ReadAction","target":["https:\/\/www.vita.sk\/online-kurz-datamining-a-business-intelligence-i-zaciatocnik\/"]}]},{"@type":"ImageObject","inLanguage":"en-US","@id":"https:\/\/www.vita.sk\/online-kurz-datamining-a-business-intelligence-i-zaciatocnik\/#primaryimage","url":"https:\/\/www.vita.sk\/wp-content\/uploads\/2018\/10\/Kurz-Datamining-business-int-e1660566172338.png","contentUrl":"https:\/\/www.vita.sk\/wp-content\/uploads\/2018\/10\/Kurz-Datamining-business-int-e1660566172338.png","width":165,"height":164,"caption":"online kurz Datamining a BI pre za\u010diato\u010dn\u00edkov"},{"@type":"BreadcrumbList","@id":"https:\/\/www.vita.sk\/online-kurz-datamining-a-business-intelligence-i-zaciatocnik\/#breadcrumb","itemListElement":[{"@type":"ListItem","position":1,"name":"VITA Academy","item":"https:\/\/www.vita.sk\/en\/"},{"@type":"ListItem","position":2,"name":"Shop","item":"https:\/\/www.vita.sk\/shop\/"},{"@type":"ListItem","position":3,"name":"Spr\u00e1va Datab\u00e1z, \u0160tatistika a D\u00e1tov\u00e1 Anal\u00fdza","item":"https:\/\/www.vita.sk\/online-kurzy-databazy-analytika\/"},{"@type":"ListItem","position":4,"name":"Datamining a business intelligence","item":"https:\/\/www.vita.sk\/online-kurzy-datamining-a-business-intelligence\/"},{"@type":"ListItem","position":5,"name":"Online kurz Datamining a Business Intelligence I. Za\u010diato\u010dn\u00edk"}]},{"@type":"WebSite","@id":"https:\/\/www.vita.sk\/#website","url":"https:\/\/www.vita.sk\/","name":"VITA","description":"","publisher":{"@id":"https:\/\/www.vita.sk\/#organization"},"potentialAction":[{"@type":"SearchAction","target":{"@type":"EntryPoint","urlTemplate":"https:\/\/www.vita.sk\/?s={search_term_string}"},"query-input":{"@type":"PropertyValueSpecification","valueRequired":true,"valueName":"search_term_string"}}],"inLanguage":"en-US"},{"email":"admin@vita.sk","logo":"https:\/\/www.vita.sk\/img\/vita_logo.png ","address":{"type":"PostalAddress","streetAddress":"Tom\u00e1\u0161ikova 50\/A","addressLocality":"Bratislava","postalCode":"83104","addressCountry":{"name":"SK","type":"Country"}},"contactPoint":{"type":"ContactPoint","telephone":"+421 907 375\u00a0543","Email":"admin@vita.sk","contactType":"customer service"},"sameAs":["https:\/\/www.facebook.com\/VitaAcademySK\/","https:\/\/www.linkedin.com\/company\/vita-academy\/"]}]}},"acf":[],"_links":{"self":[{"href":"https:\/\/www.vita.sk\/en\/wp-json\/wp\/v2\/product\/450","targetHints":{"allow":["GET"]}}],"collection":[{"href":"https:\/\/www.vita.sk\/en\/wp-json\/wp\/v2\/product"}],"about":[{"href":"https:\/\/www.vita.sk\/en\/wp-json\/wp\/v2\/types\/product"}],"author":[{"embeddable":true,"href":"https:\/\/www.vita.sk\/en\/wp-json\/wp\/v2\/users\/27"}],"replies":[{"embeddable":true,"href":"https:\/\/www.vita.sk\/en\/wp-json\/wp\/v2\/comments?post=450"}],"wp:featuredmedia":[{"embeddable":true,"href":"https:\/\/www.vita.sk\/en\/wp-json\/wp\/v2\/media\/1255"}],"wp:attachment":[{"href":"https:\/\/www.vita.sk\/en\/wp-json\/wp\/v2\/media?parent=450"}],"wp:term":[{"taxonomy":"product_brand","embeddable":true,"href":"https:\/\/www.vita.sk\/en\/wp-json\/wp\/v2\/product_brand?post=450"},{"taxonomy":"product_cat","embeddable":true,"href":"https:\/\/www.vita.sk\/en\/wp-json\/wp\/v2\/product_cat?post=450"},{"taxonomy":"product_tag","embeddable":true,"href":"https:\/\/www.vita.sk\/en\/wp-json\/wp\/v2\/product_tag?post=450"}],"curies":[{"name":"wp","href":"https:\/\/api.w.org\/{rel}","templated":true}]}}