{"id":454,"date":"2020-10-01T12:59:44","date_gmt":"2020-10-01T10:59:44","guid":{"rendered":"http:\/\/vita.sk.vps202.nameserver.sk\/?post_type=product&#038;p=454"},"modified":"2024-10-29T15:04:25","modified_gmt":"2024-10-29T14:04:25","slug":"online-kurz-db2-udb-i-zaciatocnik","status":"publish","type":"product","link":"https:\/\/www.vita.sk\/en\/online-kurz-db2-udb-i-zaciatocnik\/","title":{"rendered":"Online kurz IBM DB2 I. Za\u010diato\u010dn\u00edk"},"content":{"rendered":"<p>Online kurz IBM DB2 I. Za\u010diato\u010dn\u00edk je pre v\u00e1s ide\u00e1lnou vo\u013ebou, ak sa chcete venova\u0165 pr\u00e1ci s datab\u00e1zov\u00fdm syst\u00e9mom DB2. <strong>Ide o jedin\u00fd akreditovan\u00fd a certifikovan\u00fd kurz na IBM DB2 na Slovensku.<\/strong> Obozn\u00e1mime v\u00e1s s jeho prostred\u00edm a uk\u00e1\u017eeme, ako tento syst\u00e9m spusti\u0165 na r\u00f4znych platform\u00e1ch. Zist\u00edte, ako vytvori\u0165 datab\u00e1zu, ako umiest\u0148ova\u0165 d\u00e1ta a ako tvori\u0165 objekty. Zameriame sa aj na z\u00e1klady a roz\u0161\u00edrenia jazyka SQL pre DB2. Ako absolvent online kurzu IBM DB2 zvl\u00e1dnete vytv\u00e1ra\u0165 datab\u00e1zy v DB2 a rie\u0161i\u0165 ich zabezpe\u010dovanie. Ak sa chcete skuto\u010dne nau\u010di\u0165 pou\u017e\u00edva\u0165 IBM DB2, tak toto je ide\u00e1lny online kurz pre v\u00e1s.<\/p>\n","protected":false},"excerpt":{"rendered":"<p>Online kurz IBM DB2 I. Za\u010diato\u010dn\u00edk je pre v\u00e1s ide\u00e1lnou vo\u013ebou, ak sa chcete venova\u0165 pr\u00e1ci s datab\u00e1zov\u00fdm syst\u00e9mom DB2. Ide o jedin\u00fd akreditovan\u00fd a certifikovan\u00fd kurz na IBM DB2 na Slovensku. Obozn\u00e1mime v\u00e1s s jeho prostred\u00edm a uk\u00e1\u017eeme, ako tento syst\u00e9m spusti\u0165 na r\u00f4znych platform\u00e1ch.","protected":false},"author":4,"featured_media":452,"comment_status":"open","ping_status":"closed","template":"","meta":{"_acf_changed":false},"product_brand":[],"product_cat":[51,49,73],"product_tag":[182,188],"class_list":{"0":"post-454","1":"product","2":"type-product","3":"status-publish","4":"has-post-thumbnail","6":"product_cat-online-kurzy-db2-udb","7":"product_cat-online-kurzy-databazy-statistika-analytika","8":"product_cat-bez-kategorie","9":"product_tag-vip","10":"product_tag-databazy-a-analytika","12":"first","13":"instock","14":"sale","15":"sold-individually","16":"taxable","17":"shipping-taxable","18":"purchasable","19":"product-type-simple"},"yoast_head":"<!-- This site is optimized with the Yoast SEO Premium plugin v25.0 (Yoast SEO v25.0) - https:\/\/yoast.com\/wordpress\/plugins\/seo\/ -->\n<title>Online kurz IBM DB2 pre za\u010diato\u010dn\u00edkov  | VITA<\/title>\n<meta name=\"description\" content=\"V online kurze IBM DB2 pre za\u010diato\u010dn\u00edkov v\u00e1s nau\u010d\u00edme vytvori\u0165 datab\u00e1zu, pracova\u0165 s d\u00e1tami a objektmi. Z\u00edskate z\u00e1klady a roz\u0161\u00edrenia jazyka SQL pre DB2.\" \/>\n<meta name=\"robots\" content=\"index, follow, max-snippet:-1, max-image-preview:large, max-video-preview:-1\" \/>\n<link rel=\"canonical\" href=\"https:\/\/www.vita.sk\/online-kurz-db2-udb-i-zaciatocnik\/\" \/>\n<meta property=\"og:locale\" content=\"en_US\" \/>\n<meta property=\"og:type\" content=\"article\" \/>\n<meta property=\"og:title\" content=\"Online kurz IBM DB2 I. Za\u010diato\u010dn\u00edk\" \/>\n<meta property=\"og:description\" content=\"V online kurze IBM DB2 pre za\u010diato\u010dn\u00edkov v\u00e1s nau\u010d\u00edme vytvori\u0165 datab\u00e1zu, pracova\u0165 s d\u00e1tami a objektmi. Z\u00edskate z\u00e1klady a roz\u0161\u00edrenia jazyka SQL pre DB2.\" \/>\n<meta property=\"og:url\" content=\"https:\/\/www.vita.sk\/online-kurz-db2-udb-i-zaciatocnik\/\" \/>\n<meta property=\"og:site_name\" content=\"VITA\" \/>\n<meta property=\"article:publisher\" content=\"https:\/\/www.facebook.com\/VitaAcademySK\" \/>\n<meta property=\"article:modified_time\" content=\"2024-10-29T14:04:25+00:00\" \/>\n<meta property=\"og:image\" content=\"https:\/\/www.vita.sk\/wp-content\/uploads\/2018\/10\/DB2.png\" \/>\n\t<meta property=\"og:image:width\" content=\"360\" \/>\n\t<meta property=\"og:image:height\" content=\"360\" \/>\n\t<meta property=\"og:image:type\" content=\"image\/png\" \/>\n<meta name=\"twitter:card\" content=\"summary_large_image\" \/>\n<meta name=\"twitter:label1\" content=\"Est. reading time\" \/>\n\t<meta name=\"twitter:data1\" content=\"1 minute\" \/>\n<script type=\"application\/ld+json\" class=\"yoast-schema-graph\">{\n\t    \"@context\": \"https:\/\/schema.org\",\n\t    \"@graph\": [\n\t        {\n\t            \"@type\": \"WebPage\",\n\t            \"@id\": \"https:\/\/www.vita.sk\/online-kurz-db2-udb-i-zaciatocnik\/\",\n\t            \"url\": \"https:\/\/www.vita.sk\/online-kurz-db2-udb-i-zaciatocnik\/\",\n\t            \"name\": \"Online kurz IBM DB2 pre za\u010diato\u010dn\u00edkov 2024 | VITA\",\n\t            \"isPartOf\": {\n\t                \"@id\": \"https:\/\/www.vita.sk\/#website\"\n\t            },\n\t            \"primaryImageOfPage\": {\n\t                \"@id\": \"https:\/\/www.vita.sk\/online-kurz-db2-udb-i-zaciatocnik\/#primaryimage\"\n\t            },\n\t            \"image\": {\n\t                \"@id\": \"https:\/\/www.vita.sk\/online-kurz-db2-udb-i-zaciatocnik\/#primaryimage\"\n\t            },\n\t            \"thumbnailUrl\": \"https:\/\/www.vita.sk\/wp-content\/uploads\/2018\/10\/DB2.png\",\n\t            \"datePublished\": \"2020-10-01T10:59:44+00:00\",\n\t            \"dateModified\": \"2024-10-29T14:04:25+00:00\",\n\t            \"description\": \"V online kurze IBM DB2 pre za\u010diato\u010dn\u00edkov v\u00e1s nau\u010d\u00edme vytvori\u0165 datab\u00e1zu, pracova\u0165 s d\u00e1tami a objektmi. Z\u00edskate z\u00e1klady a roz\u0161\u00edrenia jazyka SQL pre DB2.\",\n\t            \"breadcrumb\": {\n\t                \"@id\": \"https:\/\/www.vita.sk\/online-kurz-db2-udb-i-zaciatocnik\/#breadcrumb\"\n\t            },\n\t            \"inLanguage\": \"en-US\",\n\t            \"potentialAction\": [\n\t                {\n\t                    \"@type\": \"ReadAction\",\n\t                    \"target\": [\n\t                        \"https:\/\/www.vita.sk\/online-kurz-db2-udb-i-zaciatocnik\/\"\n\t                    ]\n\t                }\n\t            ]\n\t        },\n\t        {\n\t            \"@type\": \"ImageObject\",\n\t            \"inLanguage\": \"en-US\",\n\t            \"@id\": \"https:\/\/www.vita.sk\/online-kurz-db2-udb-i-zaciatocnik\/#primaryimage\",\n\t            \"url\": \"https:\/\/www.vita.sk\/wp-content\/uploads\/2018\/10\/DB2.png\",\n\t            \"contentUrl\": \"https:\/\/www.vita.sk\/wp-content\/uploads\/2018\/10\/DB2.png\",\n\t            \"width\": 360,\n\t            \"height\": 360,\n\t            \"caption\": \"Online kurz DB2\"\n\t        },\n\t        {\n\t            \"@type\": \"BreadcrumbList\",\n\t            \"@id\": \"https:\/\/www.vita.sk\/online-kurz-db2-udb-i-zaciatocnik\/#breadcrumb\",\n\t            \"itemListElement\": [\n\t                {\n\t                    \"@type\": \"ListItem\",\n\t                    \"position\": 1,\n\t                    \"name\": \"VITA Academy\",\n\t                    \"item\": \"https:\/\/www.vita.sk\/en\/\"\n\t                },\n\t                {\n\t                    \"@type\": \"ListItem\",\n\t                    \"position\": 2,\n\t                    \"name\": \"Shop\",\n\t                    \"item\": \"https:\/\/www.vita.sk\/shop\/\"\n\t                },\n\t                {\n\t                    \"@type\": \"ListItem\",\n\t                    \"position\": 3,\n\t                    \"name\": \"Spr\u00e1va Datab\u00e1z, \u0160tatistika a D\u00e1tov\u00e1 Anal\u00fdza\",\n\t                    \"item\": \"https:\/\/www.vita.sk\/online-kurzy-databazy-analytika\/\"\n\t                },\n\t                {\n\t                    \"@type\": \"ListItem\",\n\t                    \"position\": 4,\n\t                    \"name\": \"DB2 UDB\",\n\t                    \"item\": \"https:\/\/www.vita.sk\/online-kurzy-db2-udb\/\"\n\t                },\n\t                {\n\t                    \"@type\": \"ListItem\",\n\t                    \"position\": 5,\n\t                    \"name\": \"Online kurz IBM DB2 I. Za\u010diato\u010dn\u00edk\"\n\t                }\n\t            ]\n\t        },\n\t        {\n\t            \"@type\": \"WebSite\",\n\t            \"@id\": \"https:\/\/www.vita.sk\/#website\",\n\t            \"url\": \"https:\/\/www.vita.sk\/\",\n\t            \"name\": \"VITA\",\n\t            \"description\": \"\",\n\t            \"publisher\": {\n\t                \"@id\": \"https:\/\/www.vita.sk\/#organization\"\n\t            },\n\t            \"potentialAction\": [\n\t                {\n\t                    \"@type\": \"SearchAction\",\n\t                    \"target\": {\n\t                        \"@type\": \"EntryPoint\",\n\t                        \"urlTemplate\": \"https:\/\/www.vita.sk\/?s={search_term_string}\"\n\t                    },\n\t                    \"query-input\": {\n\t                        \"@type\": \"PropertyValueSpecification\",\n\t                        \"valueRequired\": true,\n\t                        \"valueName\": \"search_term_string\"\n\t                    }\n\t                }\n\t            ],\n\t            \"inLanguage\": \"en-US\"\n\t        },\n\t        {\n\t            \"email\": \"admin@vita.sk\",\n\t            \"logo\": \"https:\/\/www.vita.sk\/img\/vita_logo.png \",\n\t            \"address\": {\n\t                \"type\": \"PostalAddress\",\n\t                \"streetAddress\": \"Tom\u00e1\u0161ikova 50\/A\",\n\t                \"addressLocality\": \"Bratislava\",\n\t                \"postalCode\": \"83104\",\n\t                \"addressCountry\": {\n\t                    \"name\": \"SK\",\n\t                    \"type\": \"Country\"\n\t                }\n\t            },\n\t            \"contactPoint\": {\n\t                \"type\": \"ContactPoint\",\n\t                \"telephone\": \"+421 907 375\u00a0543\",\n\t                \"Email\": \"admin@vita.sk\",\n\t                \"contactType\": \"customer service\"\n\t            },\n\t            \"sameAs\": [\n\t                \"https:\/\/www.facebook.com\/VitaAcademySK\/\",\n\t                \"https:\/\/www.linkedin.com\/company\/vita-academy\/\"\n\t            ]\n\t        }\n\t    ]\n\t}<\/script>\n<!-- \/ Yoast SEO Premium plugin. -->","yoast_head_json":{"title":"Online kurz IBM DB2 pre za\u010diato\u010dn\u00edkov  | VITA","description":"V online kurze IBM DB2 pre za\u010diato\u010dn\u00edkov v\u00e1s nau\u010d\u00edme vytvori\u0165 datab\u00e1zu, pracova\u0165 s d\u00e1tami a objektmi. Z\u00edskate z\u00e1klady a roz\u0161\u00edrenia jazyka SQL pre DB2.","robots":{"index":"index","follow":"follow","max-snippet":"max-snippet:-1","max-image-preview":"max-image-preview:large","max-video-preview":"max-video-preview:-1"},"canonical":"https:\/\/www.vita.sk\/online-kurz-db2-udb-i-zaciatocnik\/","og_locale":"en_US","og_type":"article","og_title":"Online kurz IBM DB2 I. Za\u010diato\u010dn\u00edk","og_description":"V online kurze IBM DB2 pre za\u010diato\u010dn\u00edkov v\u00e1s nau\u010d\u00edme vytvori\u0165 datab\u00e1zu, pracova\u0165 s d\u00e1tami a objektmi. Z\u00edskate z\u00e1klady a roz\u0161\u00edrenia jazyka SQL pre DB2.","og_url":"https:\/\/www.vita.sk\/online-kurz-db2-udb-i-zaciatocnik\/","og_site_name":"VITA","article_publisher":"https:\/\/www.facebook.com\/VitaAcademySK","article_modified_time":"2024-10-29T14:04:25+00:00","og_image":[{"width":360,"height":360,"url":"https:\/\/www.vita.sk\/wp-content\/uploads\/2018\/10\/DB2.png","type":"image\/png"}],"twitter_card":"summary_large_image","twitter_misc":{"Est. reading time":"1 minute"},"schema":{"@context":"https:\/\/schema.org","@graph":[{"@type":"WebPage","@id":"https:\/\/www.vita.sk\/online-kurz-db2-udb-i-zaciatocnik\/","url":"https:\/\/www.vita.sk\/online-kurz-db2-udb-i-zaciatocnik\/","name":"Online kurz IBM DB2 pre za\u010diato\u010dn\u00edkov 2024 | VITA","isPartOf":{"@id":"https:\/\/www.vita.sk\/#website"},"primaryImageOfPage":{"@id":"https:\/\/www.vita.sk\/online-kurz-db2-udb-i-zaciatocnik\/#primaryimage"},"image":{"@id":"https:\/\/www.vita.sk\/online-kurz-db2-udb-i-zaciatocnik\/#primaryimage"},"thumbnailUrl":"https:\/\/www.vita.sk\/wp-content\/uploads\/2018\/10\/DB2.png","datePublished":"2020-10-01T10:59:44+00:00","dateModified":"2024-10-29T14:04:25+00:00","description":"V online kurze IBM DB2 pre za\u010diato\u010dn\u00edkov v\u00e1s nau\u010d\u00edme vytvori\u0165 datab\u00e1zu, pracova\u0165 s d\u00e1tami a objektmi. Z\u00edskate z\u00e1klady a roz\u0161\u00edrenia jazyka SQL pre DB2.","breadcrumb":{"@id":"https:\/\/www.vita.sk\/online-kurz-db2-udb-i-zaciatocnik\/#breadcrumb"},"inLanguage":"en-US","potentialAction":[{"@type":"ReadAction","target":["https:\/\/www.vita.sk\/online-kurz-db2-udb-i-zaciatocnik\/"]}]},{"@type":"ImageObject","inLanguage":"en-US","@id":"https:\/\/www.vita.sk\/online-kurz-db2-udb-i-zaciatocnik\/#primaryimage","url":"https:\/\/www.vita.sk\/wp-content\/uploads\/2018\/10\/DB2.png","contentUrl":"https:\/\/www.vita.sk\/wp-content\/uploads\/2018\/10\/DB2.png","width":360,"height":360,"caption":"Online kurz DB2"},{"@type":"BreadcrumbList","@id":"https:\/\/www.vita.sk\/online-kurz-db2-udb-i-zaciatocnik\/#breadcrumb","itemListElement":[{"@type":"ListItem","position":1,"name":"VITA Academy","item":"https:\/\/www.vita.sk\/en\/"},{"@type":"ListItem","position":2,"name":"Shop","item":"https:\/\/www.vita.sk\/shop\/"},{"@type":"ListItem","position":3,"name":"Spr\u00e1va Datab\u00e1z, \u0160tatistika a D\u00e1tov\u00e1 Anal\u00fdza","item":"https:\/\/www.vita.sk\/online-kurzy-databazy-analytika\/"},{"@type":"ListItem","position":4,"name":"DB2 UDB","item":"https:\/\/www.vita.sk\/online-kurzy-db2-udb\/"},{"@type":"ListItem","position":5,"name":"Online kurz IBM DB2 I. Za\u010diato\u010dn\u00edk"}]},{"@type":"WebSite","@id":"https:\/\/www.vita.sk\/#website","url":"https:\/\/www.vita.sk\/","name":"VITA","description":"","publisher":{"@id":"https:\/\/www.vita.sk\/#organization"},"potentialAction":[{"@type":"SearchAction","target":{"@type":"EntryPoint","urlTemplate":"https:\/\/www.vita.sk\/?s={search_term_string}"},"query-input":{"@type":"PropertyValueSpecification","valueRequired":true,"valueName":"search_term_string"}}],"inLanguage":"en-US"},{"email":"admin@vita.sk","logo":"https:\/\/www.vita.sk\/img\/vita_logo.png ","address":{"type":"PostalAddress","streetAddress":"Tom\u00e1\u0161ikova 50\/A","addressLocality":"Bratislava","postalCode":"83104","addressCountry":{"name":"SK","type":"Country"}},"contactPoint":{"type":"ContactPoint","telephone":"+421 907 375\u00a0543","Email":"admin@vita.sk","contactType":"customer service"},"sameAs":["https:\/\/www.facebook.com\/VitaAcademySK\/","https:\/\/www.linkedin.com\/company\/vita-academy\/"]}]}},"acf":[],"_links":{"self":[{"href":"https:\/\/www.vita.sk\/en\/wp-json\/wp\/v2\/product\/454","targetHints":{"allow":["GET"]}}],"collection":[{"href":"https:\/\/www.vita.sk\/en\/wp-json\/wp\/v2\/product"}],"about":[{"href":"https:\/\/www.vita.sk\/en\/wp-json\/wp\/v2\/types\/product"}],"author":[{"embeddable":true,"href":"https:\/\/www.vita.sk\/en\/wp-json\/wp\/v2\/users\/4"}],"replies":[{"embeddable":true,"href":"https:\/\/www.vita.sk\/en\/wp-json\/wp\/v2\/comments?post=454"}],"wp:featuredmedia":[{"embeddable":true,"href":"https:\/\/www.vita.sk\/en\/wp-json\/wp\/v2\/media\/452"}],"wp:attachment":[{"href":"https:\/\/www.vita.sk\/en\/wp-json\/wp\/v2\/media?parent=454"}],"wp:term":[{"taxonomy":"product_brand","embeddable":true,"href":"https:\/\/www.vita.sk\/en\/wp-json\/wp\/v2\/product_brand?post=454"},{"taxonomy":"product_cat","embeddable":true,"href":"https:\/\/www.vita.sk\/en\/wp-json\/wp\/v2\/product_cat?post=454"},{"taxonomy":"product_tag","embeddable":true,"href":"https:\/\/www.vita.sk\/en\/wp-json\/wp\/v2\/product_tag?post=454"}],"curies":[{"name":"wp","href":"https:\/\/api.w.org\/{rel}","templated":true}]}}