{"id":460,"date":"2021-09-01T13:07:45","date_gmt":"2021-09-01T11:07:45","guid":{"rendered":"http:\/\/vita.sk.vps202.nameserver.sk\/?post_type=product&#038;p=460"},"modified":"2024-05-23T14:03:06","modified_gmt":"2024-05-23T12:03:06","slug":"online-kurz-mysql-i-instalacia-sprava-a-udrzba","status":"publish","type":"product","link":"https:\/\/www.vita.sk\/en\/online-kurz-mysql-i-instalacia-sprava-a-udrzba\/","title":{"rendered":"Online kurz MySQL I. In\u0161tal\u00e1cia, Spr\u00e1va a \u00dadr\u017eba"},"content":{"rendered":"<p>Online kurz MySQL I. In\u0161tal\u00e1cia, Spr\u00e1va a \u00dadr\u017eba v\u00e1s obozn\u00e1mi so z\u00e1kladn\u00fdmi pojmami v r\u00e1mci MySQL datab\u00e1z. <strong>Ide o jedin\u00fd akreditovan\u00fd a certifikovan\u00fd kurz na MySQL na Slovensku.<\/strong> Na online kurze MySQL I. In\u0161tal\u00e1cia, Spr\u00e1va a \u00dadr\u017eba si povieme, pre\u010do v\u00e4\u010d\u0161ina webov\u00fdch aplik\u00e1cii, ktor\u00e9 obsahuj\u00fa dynamick\u00e9 prvky ako mailing list \u010di anketu musia vyu\u017e\u00edva\u0165 datab\u00e1zu. Nau\u010d\u00edme v\u00e1s nain\u0161talova\u0165 a nastavi\u0165 datab\u00e1zu na serveri. Predstav\u00edme v\u00e1m n\u00e1stroje na spr\u00e1vu a u\u017e\u00edvate\u013esk\u00e9 rozhranie phpMyAdmin. Absolventi online kurzu MySQL In\u0161tal\u00e1cia, Spr\u00e1va a \u00dadr\u017eba bude vedie\u0165 v\u0161etko potrebn\u00e9 o spr\u00e1ve, migr\u00e1cii a z\u00e1lohovan\u00ed datab\u00e1z. Ak sa chcete skuto\u010dne nau\u010di\u0165 pou\u017e\u00edva\u0165 MySQL, tak toto je ide\u00e1lny online kurz pre v\u00e1s.<\/p>\n","protected":false},"excerpt":{"rendered":"<p>Online kurz MySQL I. In\u0161tal\u00e1cia, Spr\u00e1va a \u00dadr\u017eba v\u00e1s obozn\u00e1mi so z\u00e1kladn\u00fdmi pojmami v r\u00e1mci MySQL datab\u00e1z. Ide o jedin\u00fd akreditovan\u00fd a certifikovan\u00fd kurz na MySQL na Slovensku. Na online kurze MySQL I. In\u0161tal\u00e1cia, Spr\u00e1va a \u00dadr\u017eba si povieme, pre\u010do v\u00e4\u010d\u0161ina webov\u00fdch aplik\u00e1cii, ktor\u00e9 obsahuj\u00fa dynamick\u00e9 prvky ako mailing list \u010di anketu musia vyu\u017e\u00edva\u0165 datab\u00e1zu.","protected":false},"author":27,"featured_media":458,"comment_status":"open","ping_status":"closed","template":"","meta":{"_acf_changed":false},"product_brand":[],"product_cat":[53,49,73],"product_tag":[188],"class_list":{"0":"post-460","1":"product","2":"type-product","3":"status-publish","4":"has-post-thumbnail","6":"product_cat-online-kurzy-mysql","7":"product_cat-online-kurzy-databazy-statistika-analytika","8":"product_cat-bez-kategorie","9":"product_tag-databazy-a-analytika","11":"first","12":"instock","13":"sale","14":"sold-individually","15":"taxable","16":"shipping-taxable","17":"purchasable","18":"product-type-simple"},"yoast_head":"<!-- This site is optimized with the Yoast SEO Premium plugin v25.0 (Yoast SEO v25.0) - https:\/\/yoast.com\/wordpress\/plugins\/seo\/ -->\n<title>Online kurz MySQL I. In\u0161tal\u00e1cia, Spr\u00e1va a \u00dadr\u017eba  | VITA<\/title>\n<meta name=\"description\" content=\"V online kurze MySQL I. In\u0161tal\u00e1cia, Spr\u00e1va a \u00dadr\u017eba \u0165a nau\u010d\u00edme nain\u0161talova\u0165 a nastavi\u0165 datab\u00e1zu na serveri.\" \/>\n<meta name=\"robots\" content=\"index, follow, max-snippet:-1, max-image-preview:large, max-video-preview:-1\" \/>\n<link rel=\"canonical\" href=\"https:\/\/www.vita.sk\/online-kurz-mysql-i-instalacia-sprava-a-udrzba\/\" \/>\n<meta property=\"og:locale\" content=\"en_US\" \/>\n<meta property=\"og:type\" content=\"article\" \/>\n<meta property=\"og:title\" content=\"Online kurz MySQL I. In\u0161tal\u00e1cia, Spr\u00e1va a \u00dadr\u017eba\" \/>\n<meta property=\"og:description\" content=\"V online kurze MySQL I. In\u0161tal\u00e1cia, Spr\u00e1va a \u00dadr\u017eba \u0165a nau\u010d\u00edme nain\u0161talova\u0165 a nastavi\u0165 datab\u00e1zu na serveri.\" \/>\n<meta property=\"og:url\" content=\"https:\/\/www.vita.sk\/online-kurz-mysql-i-instalacia-sprava-a-udrzba\/\" \/>\n<meta property=\"og:site_name\" content=\"VITA\" \/>\n<meta property=\"article:publisher\" content=\"https:\/\/www.facebook.com\/VitaAcademySK\" \/>\n<meta property=\"article:modified_time\" content=\"2024-05-23T12:03:06+00:00\" \/>\n<meta property=\"og:image\" content=\"https:\/\/www.vita.sk\/wp-content\/uploads\/2018\/10\/mysql.png\" \/>\n\t<meta property=\"og:image:width\" content=\"360\" \/>\n\t<meta property=\"og:image:height\" content=\"360\" \/>\n\t<meta property=\"og:image:type\" content=\"image\/png\" \/>\n<meta name=\"twitter:card\" content=\"summary_large_image\" \/>\n<meta name=\"twitter:label1\" content=\"Est. reading time\" \/>\n\t<meta name=\"twitter:data1\" content=\"1 minute\" \/>\n<script type=\"application\/ld+json\" class=\"yoast-schema-graph\">{\n\t    \"@context\": \"https:\/\/schema.org\",\n\t    \"@graph\": [\n\t        {\n\t            \"@type\": \"WebPage\",\n\t            \"@id\": \"https:\/\/www.vita.sk\/online-kurz-mysql-i-instalacia-sprava-a-udrzba\/\",\n\t            \"url\": \"https:\/\/www.vita.sk\/online-kurz-mysql-i-instalacia-sprava-a-udrzba\/\",\n\t            \"name\": \"Online kurz MySQL I. In\u0161tal\u00e1cia, Spr\u00e1va a \u00dadr\u017eba 2024 | VITA\",\n\t            \"isPartOf\": {\n\t                \"@id\": \"https:\/\/www.vita.sk\/#website\"\n\t            },\n\t            \"primaryImageOfPage\": {\n\t                \"@id\": \"https:\/\/www.vita.sk\/online-kurz-mysql-i-instalacia-sprava-a-udrzba\/#primaryimage\"\n\t            },\n\t            \"image\": {\n\t                \"@id\": \"https:\/\/www.vita.sk\/online-kurz-mysql-i-instalacia-sprava-a-udrzba\/#primaryimage\"\n\t            },\n\t            \"thumbnailUrl\": \"https:\/\/www.vita.sk\/wp-content\/uploads\/2018\/10\/mysql.png\",\n\t            \"datePublished\": \"2021-09-01T11:07:45+00:00\",\n\t            \"dateModified\": \"2024-05-23T12:03:06+00:00\",\n\t            \"description\": \"V online kurze MySQL I. In\u0161tal\u00e1cia, Spr\u00e1va a \u00dadr\u017eba \u0165a nau\u010d\u00edme nain\u0161talova\u0165 a nastavi\u0165 datab\u00e1zu na serveri.\",\n\t            \"breadcrumb\": {\n\t                \"@id\": \"https:\/\/www.vita.sk\/online-kurz-mysql-i-instalacia-sprava-a-udrzba\/#breadcrumb\"\n\t            },\n\t            \"inLanguage\": \"en-US\",\n\t            \"potentialAction\": [\n\t                {\n\t                    \"@type\": \"ReadAction\",\n\t                    \"target\": [\n\t                        \"https:\/\/www.vita.sk\/online-kurz-mysql-i-instalacia-sprava-a-udrzba\/\"\n\t                    ]\n\t                }\n\t            ]\n\t        },\n\t        {\n\t            \"@type\": \"ImageObject\",\n\t            \"inLanguage\": \"en-US\",\n\t            \"@id\": \"https:\/\/www.vita.sk\/online-kurz-mysql-i-instalacia-sprava-a-udrzba\/#primaryimage\",\n\t            \"url\": \"https:\/\/www.vita.sk\/wp-content\/uploads\/2018\/10\/mysql.png\",\n\t            \"contentUrl\": \"https:\/\/www.vita.sk\/wp-content\/uploads\/2018\/10\/mysql.png\",\n\t            \"width\": 360,\n\t            \"height\": 360,\n\t            \"caption\": \"Online kurz MySQL\"\n\t        },\n\t        {\n\t            \"@type\": \"BreadcrumbList\",\n\t            \"@id\": \"https:\/\/www.vita.sk\/online-kurz-mysql-i-instalacia-sprava-a-udrzba\/#breadcrumb\",\n\t            \"itemListElement\": [\n\t                {\n\t                    \"@type\": \"ListItem\",\n\t                    \"position\": 1,\n\t                    \"name\": \"VITA Academy\",\n\t                    \"item\": \"https:\/\/www.vita.sk\/en\/\"\n\t                },\n\t                {\n\t                    \"@type\": \"ListItem\",\n\t                    \"position\": 2,\n\t                    \"name\": \"Shop\",\n\t                    \"item\": \"https:\/\/www.vita.sk\/shop\/\"\n\t                },\n\t                {\n\t                    \"@type\": \"ListItem\",\n\t                    \"position\": 3,\n\t                    \"name\": \"Spr\u00e1va Datab\u00e1z, \u0160tatistika a D\u00e1tov\u00e1 Anal\u00fdza\",\n\t                    \"item\": \"https:\/\/www.vita.sk\/online-kurzy-databazy-analytika\/\"\n\t                },\n\t                {\n\t                    \"@type\": \"ListItem\",\n\t                    \"position\": 4,\n\t                    \"name\": \"MySQL\",\n\t                    \"item\": \"https:\/\/www.vita.sk\/online-kurzy-mysql\/\"\n\t                },\n\t                {\n\t                    \"@type\": \"ListItem\",\n\t                    \"position\": 5,\n\t                    \"name\": \"Online kurz MySQL I. In\u0161tal\u00e1cia, Spr\u00e1va a \u00dadr\u017eba\"\n\t                }\n\t            ]\n\t        },\n\t        {\n\t            \"@type\": \"WebSite\",\n\t            \"@id\": \"https:\/\/www.vita.sk\/#website\",\n\t            \"url\": \"https:\/\/www.vita.sk\/\",\n\t            \"name\": \"VITA\",\n\t            \"description\": \"\",\n\t            \"publisher\": {\n\t                \"@id\": \"https:\/\/www.vita.sk\/#organization\"\n\t            },\n\t            \"potentialAction\": [\n\t                {\n\t                    \"@type\": \"SearchAction\",\n\t                    \"target\": {\n\t                        \"@type\": \"EntryPoint\",\n\t                        \"urlTemplate\": \"https:\/\/www.vita.sk\/?s={search_term_string}\"\n\t                    },\n\t                    \"query-input\": {\n\t                        \"@type\": \"PropertyValueSpecification\",\n\t                        \"valueRequired\": true,\n\t                        \"valueName\": \"search_term_string\"\n\t                    }\n\t                }\n\t            ],\n\t            \"inLanguage\": \"en-US\"\n\t        },\n\t        {\n\t            \"email\": \"admin@vita.sk\",\n\t            \"logo\": \"https:\/\/www.vita.sk\/img\/vita_logo.png \",\n\t            \"address\": {\n\t                \"type\": \"PostalAddress\",\n\t                \"streetAddress\": \"Tom\u00e1\u0161ikova 50\/A\",\n\t                \"addressLocality\": \"Bratislava\",\n\t                \"postalCode\": \"83104\",\n\t                \"addressCountry\": {\n\t                    \"name\": \"SK\",\n\t                    \"type\": \"Country\"\n\t                }\n\t            },\n\t            \"contactPoint\": {\n\t                \"type\": \"ContactPoint\",\n\t                \"telephone\": \"+421 907 375\u00a0543\",\n\t                \"Email\": \"admin@vita.sk\",\n\t                \"contactType\": \"customer service\"\n\t            },\n\t            \"sameAs\": [\n\t                \"https:\/\/www.facebook.com\/VitaAcademySK\/\",\n\t                \"https:\/\/www.linkedin.com\/company\/vita-academy\/\"\n\t            ]\n\t        }\n\t    ]\n\t}<\/script>\n<!-- \/ Yoast SEO Premium plugin. -->","yoast_head_json":{"title":"Online kurz MySQL I. In\u0161tal\u00e1cia, Spr\u00e1va a \u00dadr\u017eba  | VITA","description":"V online kurze MySQL I. In\u0161tal\u00e1cia, Spr\u00e1va a \u00dadr\u017eba \u0165a nau\u010d\u00edme nain\u0161talova\u0165 a nastavi\u0165 datab\u00e1zu na serveri.","robots":{"index":"index","follow":"follow","max-snippet":"max-snippet:-1","max-image-preview":"max-image-preview:large","max-video-preview":"max-video-preview:-1"},"canonical":"https:\/\/www.vita.sk\/online-kurz-mysql-i-instalacia-sprava-a-udrzba\/","og_locale":"en_US","og_type":"article","og_title":"Online kurz MySQL I. In\u0161tal\u00e1cia, Spr\u00e1va a \u00dadr\u017eba","og_description":"V online kurze MySQL I. In\u0161tal\u00e1cia, Spr\u00e1va a \u00dadr\u017eba \u0165a nau\u010d\u00edme nain\u0161talova\u0165 a nastavi\u0165 datab\u00e1zu na serveri.","og_url":"https:\/\/www.vita.sk\/online-kurz-mysql-i-instalacia-sprava-a-udrzba\/","og_site_name":"VITA","article_publisher":"https:\/\/www.facebook.com\/VitaAcademySK","article_modified_time":"2024-05-23T12:03:06+00:00","og_image":[{"width":360,"height":360,"url":"https:\/\/www.vita.sk\/wp-content\/uploads\/2018\/10\/mysql.png","type":"image\/png"}],"twitter_card":"summary_large_image","twitter_misc":{"Est. reading time":"1 minute"},"schema":{"@context":"https:\/\/schema.org","@graph":[{"@type":"WebPage","@id":"https:\/\/www.vita.sk\/online-kurz-mysql-i-instalacia-sprava-a-udrzba\/","url":"https:\/\/www.vita.sk\/online-kurz-mysql-i-instalacia-sprava-a-udrzba\/","name":"Online kurz MySQL I. In\u0161tal\u00e1cia, Spr\u00e1va a \u00dadr\u017eba 2024 | VITA","isPartOf":{"@id":"https:\/\/www.vita.sk\/#website"},"primaryImageOfPage":{"@id":"https:\/\/www.vita.sk\/online-kurz-mysql-i-instalacia-sprava-a-udrzba\/#primaryimage"},"image":{"@id":"https:\/\/www.vita.sk\/online-kurz-mysql-i-instalacia-sprava-a-udrzba\/#primaryimage"},"thumbnailUrl":"https:\/\/www.vita.sk\/wp-content\/uploads\/2018\/10\/mysql.png","datePublished":"2021-09-01T11:07:45+00:00","dateModified":"2024-05-23T12:03:06+00:00","description":"V online kurze MySQL I. In\u0161tal\u00e1cia, Spr\u00e1va a \u00dadr\u017eba \u0165a nau\u010d\u00edme nain\u0161talova\u0165 a nastavi\u0165 datab\u00e1zu na serveri.","breadcrumb":{"@id":"https:\/\/www.vita.sk\/online-kurz-mysql-i-instalacia-sprava-a-udrzba\/#breadcrumb"},"inLanguage":"en-US","potentialAction":[{"@type":"ReadAction","target":["https:\/\/www.vita.sk\/online-kurz-mysql-i-instalacia-sprava-a-udrzba\/"]}]},{"@type":"ImageObject","inLanguage":"en-US","@id":"https:\/\/www.vita.sk\/online-kurz-mysql-i-instalacia-sprava-a-udrzba\/#primaryimage","url":"https:\/\/www.vita.sk\/wp-content\/uploads\/2018\/10\/mysql.png","contentUrl":"https:\/\/www.vita.sk\/wp-content\/uploads\/2018\/10\/mysql.png","width":360,"height":360,"caption":"Online kurz MySQL"},{"@type":"BreadcrumbList","@id":"https:\/\/www.vita.sk\/online-kurz-mysql-i-instalacia-sprava-a-udrzba\/#breadcrumb","itemListElement":[{"@type":"ListItem","position":1,"name":"VITA Academy","item":"https:\/\/www.vita.sk\/en\/"},{"@type":"ListItem","position":2,"name":"Shop","item":"https:\/\/www.vita.sk\/shop\/"},{"@type":"ListItem","position":3,"name":"Spr\u00e1va Datab\u00e1z, \u0160tatistika a D\u00e1tov\u00e1 Anal\u00fdza","item":"https:\/\/www.vita.sk\/online-kurzy-databazy-analytika\/"},{"@type":"ListItem","position":4,"name":"MySQL","item":"https:\/\/www.vita.sk\/online-kurzy-mysql\/"},{"@type":"ListItem","position":5,"name":"Online kurz MySQL I. In\u0161tal\u00e1cia, Spr\u00e1va a \u00dadr\u017eba"}]},{"@type":"WebSite","@id":"https:\/\/www.vita.sk\/#website","url":"https:\/\/www.vita.sk\/","name":"VITA","description":"","publisher":{"@id":"https:\/\/www.vita.sk\/#organization"},"potentialAction":[{"@type":"SearchAction","target":{"@type":"EntryPoint","urlTemplate":"https:\/\/www.vita.sk\/?s={search_term_string}"},"query-input":{"@type":"PropertyValueSpecification","valueRequired":true,"valueName":"search_term_string"}}],"inLanguage":"en-US"},{"email":"admin@vita.sk","logo":"https:\/\/www.vita.sk\/img\/vita_logo.png ","address":{"type":"PostalAddress","streetAddress":"Tom\u00e1\u0161ikova 50\/A","addressLocality":"Bratislava","postalCode":"83104","addressCountry":{"name":"SK","type":"Country"}},"contactPoint":{"type":"ContactPoint","telephone":"+421 907 375\u00a0543","Email":"admin@vita.sk","contactType":"customer service"},"sameAs":["https:\/\/www.facebook.com\/VitaAcademySK\/","https:\/\/www.linkedin.com\/company\/vita-academy\/"]}]}},"acf":[],"_links":{"self":[{"href":"https:\/\/www.vita.sk\/en\/wp-json\/wp\/v2\/product\/460","targetHints":{"allow":["GET"]}}],"collection":[{"href":"https:\/\/www.vita.sk\/en\/wp-json\/wp\/v2\/product"}],"about":[{"href":"https:\/\/www.vita.sk\/en\/wp-json\/wp\/v2\/types\/product"}],"author":[{"embeddable":true,"href":"https:\/\/www.vita.sk\/en\/wp-json\/wp\/v2\/users\/27"}],"replies":[{"embeddable":true,"href":"https:\/\/www.vita.sk\/en\/wp-json\/wp\/v2\/comments?post=460"}],"wp:featuredmedia":[{"embeddable":true,"href":"https:\/\/www.vita.sk\/en\/wp-json\/wp\/v2\/media\/458"}],"wp:attachment":[{"href":"https:\/\/www.vita.sk\/en\/wp-json\/wp\/v2\/media?parent=460"}],"wp:term":[{"taxonomy":"product_brand","embeddable":true,"href":"https:\/\/www.vita.sk\/en\/wp-json\/wp\/v2\/product_brand?post=460"},{"taxonomy":"product_cat","embeddable":true,"href":"https:\/\/www.vita.sk\/en\/wp-json\/wp\/v2\/product_cat?post=460"},{"taxonomy":"product_tag","embeddable":true,"href":"https:\/\/www.vita.sk\/en\/wp-json\/wp\/v2\/product_tag?post=460"}],"curies":[{"name":"wp","href":"https:\/\/api.w.org\/{rel}","templated":true}]}}