{"id":4646,"date":"2021-04-30T11:43:13","date_gmt":"2021-04-30T09:43:13","guid":{"rendered":"https:\/\/www.vita.sk\/?post_type=product&#038;p=4646"},"modified":"2024-05-27T15:29:24","modified_gmt":"2024-05-27T13:29:24","slug":"online-kurz-ajax","status":"publish","type":"product","link":"https:\/\/www.vita.sk\/en\/online-kurz-ajax\/","title":{"rendered":"Online kurz AJAX"},"content":{"rendered":"<p>Online kurz AJAX v\u00e1s nau\u010d\u00ed vytv\u00e1ra\u0165 interakt\u00edvne webov\u00e9 aplik\u00e1cie, obozn\u00e1mite sa s XML a pou\u017e\u00edvan\u00edm objektu XMLHttpRequest.<strong> Ide o jedin\u00fd akreditovan\u00fd a certifikovan\u00fd kurz AJAX na Slovensku.<\/strong> Ak absolvujete n\u00e1\u0161 online kurz, nebude v\u00e1m robi\u0165 probl\u00e9m odosiela\u0165 po\u017eiadavky a spracov\u00e1va\u0165 odpovede servera. Po absolvovan\u00ed online kurzu budete vedie\u0165 ladi\u0165 po\u017eiadavky AJAXU pomocou Greasemonkey. Na online kurze si uk\u00e1\u017eeme vzorov\u00e9 pr\u00edklady a dozviete sa ako sa vyhn\u00fa\u0165 naj\u010dastej\u0161\u00edm probl\u00e9mom. Ak sa chcete skuto\u010dne nau\u010di\u0165 pou\u017e\u00edva\u0165 AJAX, tak toto je ide\u00e1lny online kurz pre v\u00e1s.<\/p>\n","protected":false},"excerpt":{"rendered":"<p>Online kurz AJAX v\u00e1s nau\u010d\u00ed vytv\u00e1ra\u0165 interakt\u00edvne webov\u00e9 aplik\u00e1cie, obozn\u00e1mite sa s XML a pou\u017e\u00edvan\u00edm objektu XMLHttpRequest. Ide o jedin\u00fd akreditovan\u00fd a certifikovan\u00fd kurz AJAX na Slovensku. Ak absolvujete n\u00e1\u0161 online kurz, nebude v\u00e1m robi\u0165 probl\u00e9m odosiela\u0165 po\u017eiadavky a spracov\u00e1va\u0165 odpovede servera. Po absolvovan\u00ed online kurzu budete vedie\u0165 ladi\u0165 po\u017eiadavky AJAXU pomocou Greasemonkey.","protected":false},"author":27,"featured_media":4484,"comment_status":"open","ping_status":"closed","template":"","meta":{"_acf_changed":false},"product_brand":[],"product_cat":[223,114,73],"product_tag":[193],"class_list":{"0":"post-4646","1":"product","2":"type-product","3":"status-publish","4":"has-post-thumbnail","6":"product_cat-online-kurzy-ajax","7":"product_cat-online-kurzy-tvorba-web-stranok","8":"product_cat-bez-kategorie","9":"product_tag-tvorba-web-stranok","11":"first","12":"instock","13":"sale","14":"sold-individually","15":"taxable","16":"shipping-taxable","17":"purchasable","18":"product-type-simple"},"yoast_head":"<!-- This site is optimized with the Yoast SEO Premium plugin v25.0 (Yoast SEO v25.0) - https:\/\/yoast.com\/wordpress\/plugins\/seo\/ -->\n<title>Online kurz AJAX  | VITA<\/title>\n<meta name=\"description\" content=\"V online kurze AJAX \u0165a nau\u010d\u00edme vytv\u00e1ra\u0165 interakt\u00edvne webov\u00e9 aplik\u00e1cie, obozn\u00e1mi\u0161 sa s XML a pou\u017e\u00edvan\u00edm objektu XMLHttpRequest.\" \/>\n<meta name=\"robots\" content=\"index, follow, max-snippet:-1, max-image-preview:large, max-video-preview:-1\" \/>\n<link rel=\"canonical\" href=\"https:\/\/www.vita.sk\/online-kurz-ajax\/\" \/>\n<meta property=\"og:locale\" content=\"en_US\" \/>\n<meta property=\"og:type\" content=\"article\" \/>\n<meta property=\"og:title\" content=\"Online kurz AJAX\" \/>\n<meta property=\"og:description\" content=\"V online kurze AJAX \u0165a nau\u010d\u00edme vytv\u00e1ra\u0165 interakt\u00edvne webov\u00e9 aplik\u00e1cie, obozn\u00e1mi\u0161 sa s XML a pou\u017e\u00edvan\u00edm objektu XMLHttpRequest.\" \/>\n<meta property=\"og:url\" content=\"https:\/\/www.vita.sk\/online-kurz-ajax\/\" \/>\n<meta property=\"og:site_name\" content=\"VITA\" \/>\n<meta property=\"article:publisher\" content=\"https:\/\/www.facebook.com\/VitaAcademySK\" \/>\n<meta property=\"article:modified_time\" content=\"2024-05-27T13:29:24+00:00\" \/>\n<meta property=\"og:image\" content=\"https:\/\/www.vita.sk\/wp-content\/uploads\/2020\/11\/kurz-ajax.png\" \/>\n\t<meta property=\"og:image:width\" content=\"360\" \/>\n\t<meta property=\"og:image:height\" content=\"360\" \/>\n\t<meta property=\"og:image:type\" content=\"image\/png\" \/>\n<meta name=\"twitter:card\" content=\"summary_large_image\" \/>\n<meta name=\"twitter:label1\" content=\"Est. reading time\" \/>\n\t<meta name=\"twitter:data1\" content=\"1 minute\" \/>\n<script type=\"application\/ld+json\" class=\"yoast-schema-graph\">{\n\t    \"@context\": \"https:\/\/schema.org\",\n\t    \"@graph\": [\n\t        {\n\t            \"@type\": \"WebPage\",\n\t            \"@id\": \"https:\/\/www.vita.sk\/online-kurz-ajax\/\",\n\t            \"url\": \"https:\/\/www.vita.sk\/online-kurz-ajax\/\",\n\t            \"name\": \"Online kurz AJAX 2023 | VITA\",\n\t            \"isPartOf\": {\n\t                \"@id\": \"https:\/\/www.vita.sk\/#website\"\n\t            },\n\t            \"primaryImageOfPage\": {\n\t                \"@id\": \"https:\/\/www.vita.sk\/online-kurz-ajax\/#primaryimage\"\n\t            },\n\t            \"image\": {\n\t                \"@id\": \"https:\/\/www.vita.sk\/online-kurz-ajax\/#primaryimage\"\n\t            },\n\t            \"thumbnailUrl\": \"https:\/\/www.vita.sk\/wp-content\/uploads\/2020\/11\/kurz-ajax.png\",\n\t            \"datePublished\": \"2021-04-30T09:43:13+00:00\",\n\t            \"dateModified\": \"2024-05-27T13:29:24+00:00\",\n\t            \"description\": \"V online kurze AJAX \u0165a nau\u010d\u00edme vytv\u00e1ra\u0165 interakt\u00edvne webov\u00e9 aplik\u00e1cie, obozn\u00e1mi\u0161 sa s XML a pou\u017e\u00edvan\u00edm objektu XMLHttpRequest.\",\n\t            \"breadcrumb\": {\n\t                \"@id\": \"https:\/\/www.vita.sk\/online-kurz-ajax\/#breadcrumb\"\n\t            },\n\t            \"inLanguage\": \"en-US\",\n\t            \"potentialAction\": [\n\t                {\n\t                    \"@type\": \"ReadAction\",\n\t                    \"target\": [\n\t                        \"https:\/\/www.vita.sk\/online-kurz-ajax\/\"\n\t                    ]\n\t                }\n\t            ]\n\t        },\n\t        {\n\t            \"@type\": \"ImageObject\",\n\t            \"inLanguage\": \"en-US\",\n\t            \"@id\": \"https:\/\/www.vita.sk\/online-kurz-ajax\/#primaryimage\",\n\t            \"url\": \"https:\/\/www.vita.sk\/wp-content\/uploads\/2020\/11\/kurz-ajax.png\",\n\t            \"contentUrl\": \"https:\/\/www.vita.sk\/wp-content\/uploads\/2020\/11\/kurz-ajax.png\",\n\t            \"width\": 360,\n\t            \"height\": 360,\n\t            \"caption\": \"Online kurz AJAX\"\n\t        },\n\t        {\n\t            \"@type\": \"BreadcrumbList\",\n\t            \"@id\": \"https:\/\/www.vita.sk\/online-kurz-ajax\/#breadcrumb\",\n\t            \"itemListElement\": [\n\t                {\n\t                    \"@type\": \"ListItem\",\n\t                    \"position\": 1,\n\t                    \"name\": \"VITA Academy\",\n\t                    \"item\": \"https:\/\/www.vita.sk\/en\/\"\n\t                },\n\t                {\n\t                    \"@type\": \"ListItem\",\n\t                    \"position\": 2,\n\t                    \"name\": \"Shop\",\n\t                    \"item\": \"https:\/\/www.vita.sk\/shop\/\"\n\t                },\n\t                {\n\t                    \"@type\": \"ListItem\",\n\t                    \"position\": 3,\n\t                    \"name\": \"Tvorba Web Str\u00e1nok\",\n\t                    \"item\": \"https:\/\/www.vita.sk\/online-kurzy-tvorba-web-stranok\/\"\n\t                },\n\t                {\n\t                    \"@type\": \"ListItem\",\n\t                    \"position\": 4,\n\t                    \"name\": \"Ajax\",\n\t                    \"item\": \"https:\/\/www.vita.sk\/online-kurzy-ajax\/\"\n\t                },\n\t                {\n\t                    \"@type\": \"ListItem\",\n\t                    \"position\": 5,\n\t                    \"name\": \"Online kurz AJAX\"\n\t                }\n\t            ]\n\t        },\n\t        {\n\t            \"@type\": \"WebSite\",\n\t            \"@id\": \"https:\/\/www.vita.sk\/#website\",\n\t            \"url\": \"https:\/\/www.vita.sk\/\",\n\t            \"name\": \"VITA\",\n\t            \"description\": \"\",\n\t            \"publisher\": {\n\t                \"@id\": \"https:\/\/www.vita.sk\/#organization\"\n\t            },\n\t            \"potentialAction\": [\n\t                {\n\t                    \"@type\": \"SearchAction\",\n\t                    \"target\": {\n\t                        \"@type\": \"EntryPoint\",\n\t                        \"urlTemplate\": \"https:\/\/www.vita.sk\/?s={search_term_string}\"\n\t                    },\n\t                    \"query-input\": {\n\t                        \"@type\": \"PropertyValueSpecification\",\n\t                        \"valueRequired\": true,\n\t                        \"valueName\": \"search_term_string\"\n\t                    }\n\t                }\n\t            ],\n\t            \"inLanguage\": \"en-US\"\n\t        },\n\t        {\n\t            \"email\": \"admin@vita.sk\",\n\t            \"logo\": \"https:\/\/www.vita.sk\/img\/vita_logo.png \",\n\t            \"address\": {\n\t                \"type\": \"PostalAddress\",\n\t                \"streetAddress\": \"Tom\u00e1\u0161ikova 50\/A\",\n\t                \"addressLocality\": \"Bratislava\",\n\t                \"postalCode\": \"83104\",\n\t                \"addressCountry\": {\n\t                    \"name\": \"SK\",\n\t                    \"type\": \"Country\"\n\t                }\n\t            },\n\t            \"contactPoint\": {\n\t                \"type\": \"ContactPoint\",\n\t                \"telephone\": \"+421 907 375\u00a0543\",\n\t                \"Email\": \"admin@vita.sk\",\n\t                \"contactType\": \"customer service\"\n\t            },\n\t            \"sameAs\": [\n\t                \"https:\/\/www.facebook.com\/VitaAcademySK\/\",\n\t                \"https:\/\/www.linkedin.com\/company\/vita-academy\/\"\n\t            ]\n\t        }\n\t    ]\n\t}<\/script>\n<!-- \/ Yoast SEO Premium plugin. -->","yoast_head_json":{"title":"Online kurz AJAX  | VITA","description":"V online kurze AJAX \u0165a nau\u010d\u00edme vytv\u00e1ra\u0165 interakt\u00edvne webov\u00e9 aplik\u00e1cie, obozn\u00e1mi\u0161 sa s XML a pou\u017e\u00edvan\u00edm objektu XMLHttpRequest.","robots":{"index":"index","follow":"follow","max-snippet":"max-snippet:-1","max-image-preview":"max-image-preview:large","max-video-preview":"max-video-preview:-1"},"canonical":"https:\/\/www.vita.sk\/online-kurz-ajax\/","og_locale":"en_US","og_type":"article","og_title":"Online kurz AJAX","og_description":"V online kurze AJAX \u0165a nau\u010d\u00edme vytv\u00e1ra\u0165 interakt\u00edvne webov\u00e9 aplik\u00e1cie, obozn\u00e1mi\u0161 sa s XML a pou\u017e\u00edvan\u00edm objektu XMLHttpRequest.","og_url":"https:\/\/www.vita.sk\/online-kurz-ajax\/","og_site_name":"VITA","article_publisher":"https:\/\/www.facebook.com\/VitaAcademySK","article_modified_time":"2024-05-27T13:29:24+00:00","og_image":[{"width":360,"height":360,"url":"https:\/\/www.vita.sk\/wp-content\/uploads\/2020\/11\/kurz-ajax.png","type":"image\/png"}],"twitter_card":"summary_large_image","twitter_misc":{"Est. reading time":"1 minute"},"schema":{"@context":"https:\/\/schema.org","@graph":[{"@type":"WebPage","@id":"https:\/\/www.vita.sk\/online-kurz-ajax\/","url":"https:\/\/www.vita.sk\/online-kurz-ajax\/","name":"Online kurz AJAX 2023 | VITA","isPartOf":{"@id":"https:\/\/www.vita.sk\/#website"},"primaryImageOfPage":{"@id":"https:\/\/www.vita.sk\/online-kurz-ajax\/#primaryimage"},"image":{"@id":"https:\/\/www.vita.sk\/online-kurz-ajax\/#primaryimage"},"thumbnailUrl":"https:\/\/www.vita.sk\/wp-content\/uploads\/2020\/11\/kurz-ajax.png","datePublished":"2021-04-30T09:43:13+00:00","dateModified":"2024-05-27T13:29:24+00:00","description":"V online kurze AJAX \u0165a nau\u010d\u00edme vytv\u00e1ra\u0165 interakt\u00edvne webov\u00e9 aplik\u00e1cie, obozn\u00e1mi\u0161 sa s XML a pou\u017e\u00edvan\u00edm objektu XMLHttpRequest.","breadcrumb":{"@id":"https:\/\/www.vita.sk\/online-kurz-ajax\/#breadcrumb"},"inLanguage":"en-US","potentialAction":[{"@type":"ReadAction","target":["https:\/\/www.vita.sk\/online-kurz-ajax\/"]}]},{"@type":"ImageObject","inLanguage":"en-US","@id":"https:\/\/www.vita.sk\/online-kurz-ajax\/#primaryimage","url":"https:\/\/www.vita.sk\/wp-content\/uploads\/2020\/11\/kurz-ajax.png","contentUrl":"https:\/\/www.vita.sk\/wp-content\/uploads\/2020\/11\/kurz-ajax.png","width":360,"height":360,"caption":"Online kurz AJAX"},{"@type":"BreadcrumbList","@id":"https:\/\/www.vita.sk\/online-kurz-ajax\/#breadcrumb","itemListElement":[{"@type":"ListItem","position":1,"name":"VITA Academy","item":"https:\/\/www.vita.sk\/en\/"},{"@type":"ListItem","position":2,"name":"Shop","item":"https:\/\/www.vita.sk\/shop\/"},{"@type":"ListItem","position":3,"name":"Tvorba Web Str\u00e1nok","item":"https:\/\/www.vita.sk\/online-kurzy-tvorba-web-stranok\/"},{"@type":"ListItem","position":4,"name":"Ajax","item":"https:\/\/www.vita.sk\/online-kurzy-ajax\/"},{"@type":"ListItem","position":5,"name":"Online kurz AJAX"}]},{"@type":"WebSite","@id":"https:\/\/www.vita.sk\/#website","url":"https:\/\/www.vita.sk\/","name":"VITA","description":"","publisher":{"@id":"https:\/\/www.vita.sk\/#organization"},"potentialAction":[{"@type":"SearchAction","target":{"@type":"EntryPoint","urlTemplate":"https:\/\/www.vita.sk\/?s={search_term_string}"},"query-input":{"@type":"PropertyValueSpecification","valueRequired":true,"valueName":"search_term_string"}}],"inLanguage":"en-US"},{"email":"admin@vita.sk","logo":"https:\/\/www.vita.sk\/img\/vita_logo.png ","address":{"type":"PostalAddress","streetAddress":"Tom\u00e1\u0161ikova 50\/A","addressLocality":"Bratislava","postalCode":"83104","addressCountry":{"name":"SK","type":"Country"}},"contactPoint":{"type":"ContactPoint","telephone":"+421 907 375\u00a0543","Email":"admin@vita.sk","contactType":"customer service"},"sameAs":["https:\/\/www.facebook.com\/VitaAcademySK\/","https:\/\/www.linkedin.com\/company\/vita-academy\/"]}]}},"acf":[],"_links":{"self":[{"href":"https:\/\/www.vita.sk\/en\/wp-json\/wp\/v2\/product\/4646","targetHints":{"allow":["GET"]}}],"collection":[{"href":"https:\/\/www.vita.sk\/en\/wp-json\/wp\/v2\/product"}],"about":[{"href":"https:\/\/www.vita.sk\/en\/wp-json\/wp\/v2\/types\/product"}],"author":[{"embeddable":true,"href":"https:\/\/www.vita.sk\/en\/wp-json\/wp\/v2\/users\/27"}],"replies":[{"embeddable":true,"href":"https:\/\/www.vita.sk\/en\/wp-json\/wp\/v2\/comments?post=4646"}],"wp:featuredmedia":[{"embeddable":true,"href":"https:\/\/www.vita.sk\/en\/wp-json\/wp\/v2\/media\/4484"}],"wp:attachment":[{"href":"https:\/\/www.vita.sk\/en\/wp-json\/wp\/v2\/media?parent=4646"}],"wp:term":[{"taxonomy":"product_brand","embeddable":true,"href":"https:\/\/www.vita.sk\/en\/wp-json\/wp\/v2\/product_brand?post=4646"},{"taxonomy":"product_cat","embeddable":true,"href":"https:\/\/www.vita.sk\/en\/wp-json\/wp\/v2\/product_cat?post=4646"},{"taxonomy":"product_tag","embeddable":true,"href":"https:\/\/www.vita.sk\/en\/wp-json\/wp\/v2\/product_tag?post=4646"}],"curies":[{"name":"wp","href":"https:\/\/api.w.org\/{rel}","templated":true}]}}