{"id":4656,"date":"2021-04-30T18:06:09","date_gmt":"2021-04-30T16:06:09","guid":{"rendered":"https:\/\/www.vita.sk\/?post_type=product&#038;p=4656"},"modified":"2024-05-28T11:30:45","modified_gmt":"2024-05-28T09:30:45","slug":"online-kurz-reactjs","status":"publish","type":"product","link":"https:\/\/www.vita.sk\/en\/online-kurz-reactjs\/","title":{"rendered":"Online kurz ReactJS"},"content":{"rendered":"<p>Online kurz ReactJS je pre v\u00e1s ide\u00e1lny, ak sa chcete venova\u0165 tvorbe webov\u00fdch komponentov a m\u00e1te u\u017e sk\u00fasenosti s JavaScript programovan\u00edm. <strong>Ide o jedin\u00fd akreditovan\u00fd a certifikovan\u00fd kurz na ReactJS na Slovensku.<\/strong> Uk\u00e1\u017eeme si princ\u00edpy a techniky potrebn\u00e9 na vytv\u00e1ranie modern\u00fdch webov\u00fdch aplik\u00e1ci\u00ed pomocou tejto popul\u00e1rnej JavaScriptovej kni\u017enice. Nau\u010d\u00edte sa pracova\u0165 s v\u00fdvojov\u00fdmi n\u00e1strojmi a dokument\u00e1ciou. Spolo\u010dne si vytvor\u00edme svoj prv\u00fd &#8220;Ahoj Svet&#8221; komponent. Nau\u010d\u00edte sa implementova\u0165 kon\u0161truktory, spravova\u0165 stavy (state) a pou\u017e\u00edva\u0165 props (vlastnosti) na prenos d\u00e1t medzi komponentmi. Budete vedie\u0165 pracova\u0165 s makrami, skratkami, a funkciami ako Floor, FIFO (First In, First Out), a Random. Osvoj\u00edte si pr\u00e1cu s udalos\u0165ami OnClick, vykon\u00e1va\u0165 snapshot testovanie. Uk\u00e1\u017eeme v\u00e1m, ako tvori\u0165 UI a pracova\u0165 s formul\u00e1rmi. Venova\u0165 sa budeme aj pokro\u010dilej konfigur\u00e1cii, DOM rozdielom a API \u0161pecifik\u00e1ci\u00e1m. Ak sa chcete skuto\u010dne nau\u010di\u0165 pou\u017e\u00edva\u0165 ReactJS, tak toto je ide\u00e1lny online kurz pre v\u00e1s.<\/p>\n","protected":false},"excerpt":{"rendered":"<p>Online kurz ReactJS je pre v\u00e1s ide\u00e1lny, ak sa chcete venova\u0165 tvorbe webov\u00fdch komponentov a m\u00e1te u\u017e sk\u00fasenosti s JavaScript programovan\u00edm. Ide o jedin\u00fd akreditovan\u00fd a certifikovan\u00fd kurz na ReactJS na Slovensku. Uk\u00e1\u017eeme si princ\u00edpy a techniky potrebn\u00e9 na vytv\u00e1ranie modern\u00fdch webov\u00fdch aplik\u00e1ci\u00ed pomocou tejto popul\u00e1rnej JavaScriptovej kni\u017enice.","protected":false},"author":27,"featured_media":4236,"comment_status":"open","ping_status":"closed","template":"","meta":{"_acf_changed":false},"product_brand":[],"product_cat":[114,73],"product_tag":[193],"class_list":{"0":"post-4656","1":"product","2":"type-product","3":"status-publish","4":"has-post-thumbnail","6":"product_cat-online-kurzy-tvorba-web-stranok","7":"product_cat-bez-kategorie","8":"product_tag-tvorba-web-stranok","10":"first","11":"instock","12":"sale","13":"sold-individually","14":"taxable","15":"shipping-taxable","16":"purchasable","17":"product-type-simple"},"yoast_head":"<!-- This site is optimized with the Yoast SEO Premium plugin v25.0 (Yoast SEO v25.0) - https:\/\/yoast.com\/wordpress\/plugins\/seo\/ -->\n<title>Online kurz ReactJS  | VITA<\/title>\n<meta name=\"description\" content=\"V online kurze ReactJS \u0165a nau\u010d\u00edme pracova\u0165 s t\u00fdmto frameworkom. Osvoj\u00ed\u0161 si tvorbu UI a pr\u00e1cu s formul\u00e1rmi. Zist\u00ed\u0161 ako optimalizova\u0165 v\u00fdkon.\" \/>\n<meta name=\"robots\" content=\"index, follow, max-snippet:-1, max-image-preview:large, max-video-preview:-1\" \/>\n<link rel=\"canonical\" href=\"https:\/\/www.vita.sk\/online-kurz-reactjs\/\" \/>\n<meta property=\"og:locale\" content=\"en_US\" \/>\n<meta property=\"og:type\" content=\"article\" \/>\n<meta property=\"og:title\" content=\"Online kurz ReactJS\" \/>\n<meta property=\"og:description\" content=\"V online kurze ReactJS \u0165a nau\u010d\u00edme pracova\u0165 s t\u00fdmto frameworkom. Osvoj\u00ed\u0161 si tvorbu UI a pr\u00e1cu s formul\u00e1rmi. Zist\u00ed\u0161 ako optimalizova\u0165 v\u00fdkon.\" \/>\n<meta property=\"og:url\" content=\"https:\/\/www.vita.sk\/online-kurz-reactjs\/\" \/>\n<meta property=\"og:site_name\" content=\"VITA\" \/>\n<meta property=\"article:publisher\" content=\"https:\/\/www.facebook.com\/VitaAcademySK\" \/>\n<meta property=\"article:modified_time\" content=\"2024-05-28T09:30:45+00:00\" \/>\n<meta property=\"og:image\" content=\"https:\/\/www.vita.sk\/wp-content\/uploads\/2020\/11\/kurz-ReactJS.png\" \/>\n\t<meta property=\"og:image:width\" content=\"360\" \/>\n\t<meta property=\"og:image:height\" content=\"360\" \/>\n\t<meta property=\"og:image:type\" content=\"image\/png\" \/>\n<meta name=\"twitter:card\" content=\"summary_large_image\" \/>\n<meta name=\"twitter:label1\" content=\"Est. reading time\" \/>\n\t<meta name=\"twitter:data1\" content=\"1 minute\" \/>\n<script type=\"application\/ld+json\" class=\"yoast-schema-graph\">{\n\t    \"@context\": \"https:\/\/schema.org\",\n\t    \"@graph\": [\n\t        {\n\t            \"@type\": \"WebPage\",\n\t            \"@id\": \"https:\/\/www.vita.sk\/online-kurz-reactjs\/\",\n\t            \"url\": \"https:\/\/www.vita.sk\/online-kurz-reactjs\/\",\n\t            \"name\": \"Online kurz ReactJS 2024 | VITA\",\n\t            \"isPartOf\": {\n\t                \"@id\": \"https:\/\/www.vita.sk\/#website\"\n\t            },\n\t            \"primaryImageOfPage\": {\n\t                \"@id\": \"https:\/\/www.vita.sk\/online-kurz-reactjs\/#primaryimage\"\n\t            },\n\t            \"image\": {\n\t                \"@id\": \"https:\/\/www.vita.sk\/online-kurz-reactjs\/#primaryimage\"\n\t            },\n\t            \"thumbnailUrl\": \"https:\/\/www.vita.sk\/wp-content\/uploads\/2020\/11\/kurz-ReactJS.png\",\n\t            \"datePublished\": \"2021-04-30T16:06:09+00:00\",\n\t            \"dateModified\": \"2024-05-28T09:30:45+00:00\",\n\t            \"description\": \"V online kurze ReactJS \u0165a nau\u010d\u00edme pracova\u0165 s t\u00fdmto frameworkom. Osvoj\u00ed\u0161 si tvorbu UI a pr\u00e1cu s formul\u00e1rmi. Zist\u00ed\u0161 ako optimalizova\u0165 v\u00fdkon.\",\n\t            \"breadcrumb\": {\n\t                \"@id\": \"https:\/\/www.vita.sk\/online-kurz-reactjs\/#breadcrumb\"\n\t            },\n\t            \"inLanguage\": \"en-US\",\n\t            \"potentialAction\": [\n\t                {\n\t                    \"@type\": \"ReadAction\",\n\t                    \"target\": [\n\t                        \"https:\/\/www.vita.sk\/online-kurz-reactjs\/\"\n\t                    ]\n\t                }\n\t            ]\n\t        },\n\t        {\n\t            \"@type\": \"ImageObject\",\n\t            \"inLanguage\": \"en-US\",\n\t            \"@id\": \"https:\/\/www.vita.sk\/online-kurz-reactjs\/#primaryimage\",\n\t            \"url\": \"https:\/\/www.vita.sk\/wp-content\/uploads\/2020\/11\/kurz-ReactJS.png\",\n\t            \"contentUrl\": \"https:\/\/www.vita.sk\/wp-content\/uploads\/2020\/11\/kurz-ReactJS.png\",\n\t            \"width\": 360,\n\t            \"height\": 360,\n\t            \"caption\": \"online kurz ReactJS\"\n\t        },\n\t        {\n\t            \"@type\": \"BreadcrumbList\",\n\t            \"@id\": \"https:\/\/www.vita.sk\/online-kurz-reactjs\/#breadcrumb\",\n\t            \"itemListElement\": [\n\t                {\n\t                    \"@type\": \"ListItem\",\n\t                    \"position\": 1,\n\t                    \"name\": \"VITA Academy\",\n\t                    \"item\": \"https:\/\/www.vita.sk\/en\/\"\n\t                },\n\t                {\n\t                    \"@type\": \"ListItem\",\n\t                    \"position\": 2,\n\t                    \"name\": \"Shop\",\n\t                    \"item\": \"https:\/\/www.vita.sk\/shop\/\"\n\t                },\n\t                {\n\t                    \"@type\": \"ListItem\",\n\t                    \"position\": 3,\n\t                    \"name\": \"Tvorba Web Str\u00e1nok\",\n\t                    \"item\": \"https:\/\/www.vita.sk\/online-kurzy-tvorba-web-stranok\/\"\n\t                },\n\t                {\n\t                    \"@type\": \"ListItem\",\n\t                    \"position\": 4,\n\t                    \"name\": \"Online kurz ReactJS\"\n\t                }\n\t            ]\n\t        },\n\t        {\n\t            \"@type\": \"WebSite\",\n\t            \"@id\": \"https:\/\/www.vita.sk\/#website\",\n\t            \"url\": \"https:\/\/www.vita.sk\/\",\n\t            \"name\": \"VITA\",\n\t            \"description\": \"\",\n\t            \"publisher\": {\n\t                \"@id\": \"https:\/\/www.vita.sk\/#organization\"\n\t            },\n\t            \"potentialAction\": [\n\t                {\n\t                    \"@type\": \"SearchAction\",\n\t                    \"target\": {\n\t                        \"@type\": \"EntryPoint\",\n\t                        \"urlTemplate\": \"https:\/\/www.vita.sk\/?s={search_term_string}\"\n\t                    },\n\t                    \"query-input\": {\n\t                        \"@type\": \"PropertyValueSpecification\",\n\t                        \"valueRequired\": true,\n\t                        \"valueName\": \"search_term_string\"\n\t                    }\n\t                }\n\t            ],\n\t            \"inLanguage\": \"en-US\"\n\t        },\n\t        {\n\t            \"email\": \"admin@vita.sk\",\n\t            \"logo\": \"https:\/\/www.vita.sk\/img\/vita_logo.png \",\n\t            \"address\": {\n\t                \"type\": \"PostalAddress\",\n\t                \"streetAddress\": \"Tom\u00e1\u0161ikova 50\/A\",\n\t                \"addressLocality\": \"Bratislava\",\n\t                \"postalCode\": \"83104\",\n\t                \"addressCountry\": {\n\t                    \"name\": \"SK\",\n\t                    \"type\": \"Country\"\n\t                }\n\t            },\n\t            \"contactPoint\": {\n\t                \"type\": \"ContactPoint\",\n\t                \"telephone\": \"+421 907 375\u00a0543\",\n\t                \"Email\": \"admin@vita.sk\",\n\t                \"contactType\": \"customer service\"\n\t            },\n\t            \"sameAs\": [\n\t                \"https:\/\/www.facebook.com\/VitaAcademySK\/\",\n\t                \"https:\/\/www.linkedin.com\/company\/vita-academy\/\"\n\t            ]\n\t        }\n\t    ]\n\t}<\/script>\n<!-- \/ Yoast SEO Premium plugin. -->","yoast_head_json":{"title":"Online kurz ReactJS  | VITA","description":"V online kurze ReactJS \u0165a nau\u010d\u00edme pracova\u0165 s t\u00fdmto frameworkom. Osvoj\u00ed\u0161 si tvorbu UI a pr\u00e1cu s formul\u00e1rmi. Zist\u00ed\u0161 ako optimalizova\u0165 v\u00fdkon.","robots":{"index":"index","follow":"follow","max-snippet":"max-snippet:-1","max-image-preview":"max-image-preview:large","max-video-preview":"max-video-preview:-1"},"canonical":"https:\/\/www.vita.sk\/online-kurz-reactjs\/","og_locale":"en_US","og_type":"article","og_title":"Online kurz ReactJS","og_description":"V online kurze ReactJS \u0165a nau\u010d\u00edme pracova\u0165 s t\u00fdmto frameworkom. Osvoj\u00ed\u0161 si tvorbu UI a pr\u00e1cu s formul\u00e1rmi. Zist\u00ed\u0161 ako optimalizova\u0165 v\u00fdkon.","og_url":"https:\/\/www.vita.sk\/online-kurz-reactjs\/","og_site_name":"VITA","article_publisher":"https:\/\/www.facebook.com\/VitaAcademySK","article_modified_time":"2024-05-28T09:30:45+00:00","og_image":[{"width":360,"height":360,"url":"https:\/\/www.vita.sk\/wp-content\/uploads\/2020\/11\/kurz-ReactJS.png","type":"image\/png"}],"twitter_card":"summary_large_image","twitter_misc":{"Est. reading time":"1 minute"},"schema":{"@context":"https:\/\/schema.org","@graph":[{"@type":"WebPage","@id":"https:\/\/www.vita.sk\/online-kurz-reactjs\/","url":"https:\/\/www.vita.sk\/online-kurz-reactjs\/","name":"Online kurz ReactJS 2024 | VITA","isPartOf":{"@id":"https:\/\/www.vita.sk\/#website"},"primaryImageOfPage":{"@id":"https:\/\/www.vita.sk\/online-kurz-reactjs\/#primaryimage"},"image":{"@id":"https:\/\/www.vita.sk\/online-kurz-reactjs\/#primaryimage"},"thumbnailUrl":"https:\/\/www.vita.sk\/wp-content\/uploads\/2020\/11\/kurz-ReactJS.png","datePublished":"2021-04-30T16:06:09+00:00","dateModified":"2024-05-28T09:30:45+00:00","description":"V online kurze ReactJS \u0165a nau\u010d\u00edme pracova\u0165 s t\u00fdmto frameworkom. Osvoj\u00ed\u0161 si tvorbu UI a pr\u00e1cu s formul\u00e1rmi. Zist\u00ed\u0161 ako optimalizova\u0165 v\u00fdkon.","breadcrumb":{"@id":"https:\/\/www.vita.sk\/online-kurz-reactjs\/#breadcrumb"},"inLanguage":"en-US","potentialAction":[{"@type":"ReadAction","target":["https:\/\/www.vita.sk\/online-kurz-reactjs\/"]}]},{"@type":"ImageObject","inLanguage":"en-US","@id":"https:\/\/www.vita.sk\/online-kurz-reactjs\/#primaryimage","url":"https:\/\/www.vita.sk\/wp-content\/uploads\/2020\/11\/kurz-ReactJS.png","contentUrl":"https:\/\/www.vita.sk\/wp-content\/uploads\/2020\/11\/kurz-ReactJS.png","width":360,"height":360,"caption":"online kurz ReactJS"},{"@type":"BreadcrumbList","@id":"https:\/\/www.vita.sk\/online-kurz-reactjs\/#breadcrumb","itemListElement":[{"@type":"ListItem","position":1,"name":"VITA Academy","item":"https:\/\/www.vita.sk\/en\/"},{"@type":"ListItem","position":2,"name":"Shop","item":"https:\/\/www.vita.sk\/shop\/"},{"@type":"ListItem","position":3,"name":"Tvorba Web Str\u00e1nok","item":"https:\/\/www.vita.sk\/online-kurzy-tvorba-web-stranok\/"},{"@type":"ListItem","position":4,"name":"Online kurz ReactJS"}]},{"@type":"WebSite","@id":"https:\/\/www.vita.sk\/#website","url":"https:\/\/www.vita.sk\/","name":"VITA","description":"","publisher":{"@id":"https:\/\/www.vita.sk\/#organization"},"potentialAction":[{"@type":"SearchAction","target":{"@type":"EntryPoint","urlTemplate":"https:\/\/www.vita.sk\/?s={search_term_string}"},"query-input":{"@type":"PropertyValueSpecification","valueRequired":true,"valueName":"search_term_string"}}],"inLanguage":"en-US"},{"email":"admin@vita.sk","logo":"https:\/\/www.vita.sk\/img\/vita_logo.png ","address":{"type":"PostalAddress","streetAddress":"Tom\u00e1\u0161ikova 50\/A","addressLocality":"Bratislava","postalCode":"83104","addressCountry":{"name":"SK","type":"Country"}},"contactPoint":{"type":"ContactPoint","telephone":"+421 907 375\u00a0543","Email":"admin@vita.sk","contactType":"customer service"},"sameAs":["https:\/\/www.facebook.com\/VitaAcademySK\/","https:\/\/www.linkedin.com\/company\/vita-academy\/"]}]}},"acf":[],"_links":{"self":[{"href":"https:\/\/www.vita.sk\/en\/wp-json\/wp\/v2\/product\/4656","targetHints":{"allow":["GET"]}}],"collection":[{"href":"https:\/\/www.vita.sk\/en\/wp-json\/wp\/v2\/product"}],"about":[{"href":"https:\/\/www.vita.sk\/en\/wp-json\/wp\/v2\/types\/product"}],"author":[{"embeddable":true,"href":"https:\/\/www.vita.sk\/en\/wp-json\/wp\/v2\/users\/27"}],"replies":[{"embeddable":true,"href":"https:\/\/www.vita.sk\/en\/wp-json\/wp\/v2\/comments?post=4656"}],"wp:featuredmedia":[{"embeddable":true,"href":"https:\/\/www.vita.sk\/en\/wp-json\/wp\/v2\/media\/4236"}],"wp:attachment":[{"href":"https:\/\/www.vita.sk\/en\/wp-json\/wp\/v2\/media?parent=4656"}],"wp:term":[{"taxonomy":"product_brand","embeddable":true,"href":"https:\/\/www.vita.sk\/en\/wp-json\/wp\/v2\/product_brand?post=4656"},{"taxonomy":"product_cat","embeddable":true,"href":"https:\/\/www.vita.sk\/en\/wp-json\/wp\/v2\/product_cat?post=4656"},{"taxonomy":"product_tag","embeddable":true,"href":"https:\/\/www.vita.sk\/en\/wp-json\/wp\/v2\/product_tag?post=4656"}],"curies":[{"name":"wp","href":"https:\/\/api.w.org\/{rel}","templated":true}]}}