{"id":4667,"date":"2021-04-01T12:38:31","date_gmt":"2021-04-01T10:38:31","guid":{"rendered":"https:\/\/www.vita.sk\/?post_type=product&#038;p=4667"},"modified":"2024-06-07T13:18:31","modified_gmt":"2024-06-07T11:18:31","slug":"online-kurz-it-management","status":"publish","type":"product","link":"https:\/\/www.vita.sk\/en\/online-kurz-it-management\/","title":{"rendered":"Online kurz IT Management"},"content":{"rendered":"<p>Online kurz IT Management je pre v\u00e1s vhodn\u00fd, ak m\u00e1te v\u00e4\u010d\u0161ie sk\u00fasenosti s mana\u017ementom alebo ste u n\u00e1s absolvoval online kurz Vedenie \u013eud\u00ed a Teambuilding II. Pokro\u010dil\u00fd. Nau\u010d\u00edte sa pou\u017e\u00edva\u0165 n\u00e1stroje a funkcie Microsoft Project na pl\u00e1novanie a sledovanie projektov. Budete vedie\u0165 vytv\u00e1ra\u0165 a spravova\u0165 projekty r\u00f4znej zlo\u017eitosti a ve\u013ekosti. Kurz v\u00e1m pom\u00f4\u017ee porozumie\u0165 princ\u00edpom a praktik\u00e1m IT mana\u017ementu, riadi\u0165 technologick\u00e9 projekty a spolupracova\u0165 s t\u00edmom. Povieme si o princ\u00edpoch a met\u00f3dach ako Pomodoro, RACI a MoSCow. Nau\u010d\u00edte sa vytv\u00e1ra\u0165 a interpretova\u0165 Ganttove diagramy, z\u00edskate preh\u013ead o r\u00f4znych f\u00e1zach projektov\u00e9ho cyklu a pride\u013eovan\u00ed \u00falohy \u010dlenom t\u00edmu.<\/p>\n","protected":false},"excerpt":{"rendered":"<p>Online kurz IT Management je pre v\u00e1s vhodn\u00fd, ak m\u00e1te v\u00e4\u010d\u0161ie sk\u00fasenosti s mana\u017ementom alebo ste u n\u00e1s absolvoval online kurz Vedenie \u013eud\u00ed a Teambuilding II. Pokro\u010dil\u00fd. Nau\u010d\u00edte sa pou\u017e\u00edva\u0165 n\u00e1stroje a funkcie Microsoft Project na pl\u00e1novanie a sledovanie projektov. Budete vedie\u0165 vytv\u00e1ra\u0165 a spravova\u0165 projekty r\u00f4znej zlo\u017eitosti a ve\u013ekosti.","protected":false},"author":4,"featured_media":4568,"comment_status":"open","ping_status":"closed","template":"","meta":{"_acf_changed":false},"product_brand":[],"product_cat":[84,73],"product_tag":[191],"class_list":{"0":"post-4667","1":"product","2":"type-product","3":"status-publish","4":"has-post-thumbnail","6":"product_cat-online-kurzy-manazerske-kurzy-soft-skills","7":"product_cat-bez-kategorie","8":"product_tag-manazerske-kurzy","10":"first","11":"instock","12":"sale","13":"sold-individually","14":"taxable","15":"shipping-taxable","16":"purchasable","17":"product-type-simple"},"yoast_head":"<!-- This site is optimized with the Yoast SEO Premium plugin v25.0 (Yoast SEO v25.0) - https:\/\/yoast.com\/wordpress\/plugins\/seo\/ -->\n<title>Online kurz IT Management  | VITA<\/title>\n<meta name=\"description\" content=\"V online kurze IT Management \u0165a nau\u010d\u00edme \u0165a ako zav\u00e1dza\u0165 spr\u00e1vu zmien, \u010di ako spravova\u0165 incidenty a probl\u00e9my.\" \/>\n<meta name=\"robots\" content=\"index, follow, max-snippet:-1, max-image-preview:large, max-video-preview:-1\" \/>\n<link rel=\"canonical\" href=\"https:\/\/www.vita.sk\/online-kurz-it-management\/\" \/>\n<meta property=\"og:locale\" content=\"en_US\" \/>\n<meta property=\"og:type\" content=\"article\" \/>\n<meta property=\"og:title\" content=\"Online kurz IT Management\" \/>\n<meta property=\"og:description\" content=\"V online kurze IT Management \u0165a nau\u010d\u00edme \u0165a ako zav\u00e1dza\u0165 spr\u00e1vu zmien, \u010di ako spravova\u0165 incidenty a probl\u00e9my.\" \/>\n<meta property=\"og:url\" content=\"https:\/\/www.vita.sk\/online-kurz-it-management\/\" \/>\n<meta property=\"og:site_name\" content=\"VITA\" \/>\n<meta property=\"article:publisher\" content=\"https:\/\/www.facebook.com\/VitaAcademySK\" \/>\n<meta property=\"article:modified_time\" content=\"2024-06-07T11:18:31+00:00\" \/>\n<meta property=\"og:image\" content=\"https:\/\/www.vita.sk\/wp-content\/uploads\/2020\/11\/kurz-IT-Management-a-Business.png\" \/>\n\t<meta property=\"og:image:width\" content=\"360\" \/>\n\t<meta property=\"og:image:height\" content=\"360\" \/>\n\t<meta property=\"og:image:type\" content=\"image\/png\" \/>\n<meta name=\"twitter:card\" content=\"summary_large_image\" \/>\n<meta name=\"twitter:label1\" content=\"Est. reading time\" \/>\n\t<meta name=\"twitter:data1\" content=\"1 minute\" \/>\n<script type=\"application\/ld+json\" class=\"yoast-schema-graph\">{\n\t    \"@context\": \"https:\/\/schema.org\",\n\t    \"@graph\": [\n\t        {\n\t            \"@type\": \"WebPage\",\n\t            \"@id\": \"https:\/\/www.vita.sk\/online-kurz-it-management\/\",\n\t            \"url\": \"https:\/\/www.vita.sk\/online-kurz-it-management\/\",\n\t            \"name\": \"Online kurz IT Management 2024 | VITA\",\n\t            \"isPartOf\": {\n\t                \"@id\": \"https:\/\/www.vita.sk\/#website\"\n\t            },\n\t            \"primaryImageOfPage\": {\n\t                \"@id\": \"https:\/\/www.vita.sk\/online-kurz-it-management\/#primaryimage\"\n\t            },\n\t            \"image\": {\n\t                \"@id\": \"https:\/\/www.vita.sk\/online-kurz-it-management\/#primaryimage\"\n\t            },\n\t            \"thumbnailUrl\": \"https:\/\/www.vita.sk\/wp-content\/uploads\/2020\/11\/kurz-IT-Management-a-Business.png\",\n\t            \"datePublished\": \"2021-04-01T10:38:31+00:00\",\n\t            \"dateModified\": \"2024-06-07T11:18:31+00:00\",\n\t            \"description\": \"V online kurze IT Management \u0165a nau\u010d\u00edme \u0165a ako zav\u00e1dza\u0165 spr\u00e1vu zmien, \u010di ako spravova\u0165 incidenty a probl\u00e9my.\",\n\t            \"breadcrumb\": {\n\t                \"@id\": \"https:\/\/www.vita.sk\/online-kurz-it-management\/#breadcrumb\"\n\t            },\n\t            \"inLanguage\": \"en-US\",\n\t            \"potentialAction\": [\n\t                {\n\t                    \"@type\": \"ReadAction\",\n\t                    \"target\": [\n\t                        \"https:\/\/www.vita.sk\/online-kurz-it-management\/\"\n\t                    ]\n\t                }\n\t            ]\n\t        },\n\t        {\n\t            \"@type\": \"ImageObject\",\n\t            \"inLanguage\": \"en-US\",\n\t            \"@id\": \"https:\/\/www.vita.sk\/online-kurz-it-management\/#primaryimage\",\n\t            \"url\": \"https:\/\/www.vita.sk\/wp-content\/uploads\/2020\/11\/kurz-IT-Management-a-Business.png\",\n\t            \"contentUrl\": \"https:\/\/www.vita.sk\/wp-content\/uploads\/2020\/11\/kurz-IT-Management-a-Business.png\",\n\t            \"width\": 360,\n\t            \"height\": 360,\n\t            \"caption\": \"Online kurz IT Management a Business\"\n\t        },\n\t        {\n\t            \"@type\": \"BreadcrumbList\",\n\t            \"@id\": \"https:\/\/www.vita.sk\/online-kurz-it-management\/#breadcrumb\",\n\t            \"itemListElement\": [\n\t                {\n\t                    \"@type\": \"ListItem\",\n\t                    \"position\": 1,\n\t                    \"name\": \"VITA Academy\",\n\t                    \"item\": \"https:\/\/www.vita.sk\/en\/\"\n\t                },\n\t                {\n\t                    \"@type\": \"ListItem\",\n\t                    \"position\": 2,\n\t                    \"name\": \"Shop\",\n\t                    \"item\": \"https:\/\/www.vita.sk\/shop\/\"\n\t                },\n\t                {\n\t                    \"@type\": \"ListItem\",\n\t                    \"position\": 3,\n\t                    \"name\": \"Mana\u017e\u00e9rske a Soft Skills Kurzy\",\n\t                    \"item\": \"https:\/\/www.vita.sk\/online-kurzy-manazerske-kurzy-soft-skills\/\"\n\t                },\n\t                {\n\t                    \"@type\": \"ListItem\",\n\t                    \"position\": 4,\n\t                    \"name\": \"Online kurz IT Management\"\n\t                }\n\t            ]\n\t        },\n\t        {\n\t            \"@type\": \"WebSite\",\n\t            \"@id\": \"https:\/\/www.vita.sk\/#website\",\n\t            \"url\": \"https:\/\/www.vita.sk\/\",\n\t            \"name\": \"VITA\",\n\t            \"description\": \"\",\n\t            \"publisher\": {\n\t                \"@id\": \"https:\/\/www.vita.sk\/#organization\"\n\t            },\n\t            \"potentialAction\": [\n\t                {\n\t                    \"@type\": \"SearchAction\",\n\t                    \"target\": {\n\t                        \"@type\": \"EntryPoint\",\n\t                        \"urlTemplate\": \"https:\/\/www.vita.sk\/?s={search_term_string}\"\n\t                    },\n\t                    \"query-input\": {\n\t                        \"@type\": \"PropertyValueSpecification\",\n\t                        \"valueRequired\": true,\n\t                        \"valueName\": \"search_term_string\"\n\t                    }\n\t                }\n\t            ],\n\t            \"inLanguage\": \"en-US\"\n\t        },\n\t        {\n\t            \"email\": \"admin@vita.sk\",\n\t            \"logo\": \"https:\/\/www.vita.sk\/img\/vita_logo.png \",\n\t            \"address\": {\n\t                \"type\": \"PostalAddress\",\n\t                \"streetAddress\": \"Tom\u00e1\u0161ikova 50\/A\",\n\t                \"addressLocality\": \"Bratislava\",\n\t                \"postalCode\": \"83104\",\n\t                \"addressCountry\": {\n\t                    \"name\": \"SK\",\n\t                    \"type\": \"Country\"\n\t                }\n\t            },\n\t            \"contactPoint\": {\n\t                \"type\": \"ContactPoint\",\n\t                \"telephone\": \"+421 907 375\u00a0543\",\n\t                \"Email\": \"admin@vita.sk\",\n\t                \"contactType\": \"customer service\"\n\t            },\n\t            \"sameAs\": [\n\t                \"https:\/\/www.facebook.com\/VitaAcademySK\/\",\n\t                \"https:\/\/www.linkedin.com\/company\/vita-academy\/\"\n\t            ]\n\t        }\n\t    ]\n\t}<\/script>\n<!-- \/ Yoast SEO Premium plugin. -->","yoast_head_json":{"title":"Online kurz IT Management  | VITA","description":"V online kurze IT Management \u0165a nau\u010d\u00edme \u0165a ako zav\u00e1dza\u0165 spr\u00e1vu zmien, \u010di ako spravova\u0165 incidenty a probl\u00e9my.","robots":{"index":"index","follow":"follow","max-snippet":"max-snippet:-1","max-image-preview":"max-image-preview:large","max-video-preview":"max-video-preview:-1"},"canonical":"https:\/\/www.vita.sk\/online-kurz-it-management\/","og_locale":"en_US","og_type":"article","og_title":"Online kurz IT Management","og_description":"V online kurze IT Management \u0165a nau\u010d\u00edme \u0165a ako zav\u00e1dza\u0165 spr\u00e1vu zmien, \u010di ako spravova\u0165 incidenty a probl\u00e9my.","og_url":"https:\/\/www.vita.sk\/online-kurz-it-management\/","og_site_name":"VITA","article_publisher":"https:\/\/www.facebook.com\/VitaAcademySK","article_modified_time":"2024-06-07T11:18:31+00:00","og_image":[{"width":360,"height":360,"url":"https:\/\/www.vita.sk\/wp-content\/uploads\/2020\/11\/kurz-IT-Management-a-Business.png","type":"image\/png"}],"twitter_card":"summary_large_image","twitter_misc":{"Est. reading time":"1 minute"},"schema":{"@context":"https:\/\/schema.org","@graph":[{"@type":"WebPage","@id":"https:\/\/www.vita.sk\/online-kurz-it-management\/","url":"https:\/\/www.vita.sk\/online-kurz-it-management\/","name":"Online kurz IT Management 2024 | VITA","isPartOf":{"@id":"https:\/\/www.vita.sk\/#website"},"primaryImageOfPage":{"@id":"https:\/\/www.vita.sk\/online-kurz-it-management\/#primaryimage"},"image":{"@id":"https:\/\/www.vita.sk\/online-kurz-it-management\/#primaryimage"},"thumbnailUrl":"https:\/\/www.vita.sk\/wp-content\/uploads\/2020\/11\/kurz-IT-Management-a-Business.png","datePublished":"2021-04-01T10:38:31+00:00","dateModified":"2024-06-07T11:18:31+00:00","description":"V online kurze IT Management \u0165a nau\u010d\u00edme \u0165a ako zav\u00e1dza\u0165 spr\u00e1vu zmien, \u010di ako spravova\u0165 incidenty a probl\u00e9my.","breadcrumb":{"@id":"https:\/\/www.vita.sk\/online-kurz-it-management\/#breadcrumb"},"inLanguage":"en-US","potentialAction":[{"@type":"ReadAction","target":["https:\/\/www.vita.sk\/online-kurz-it-management\/"]}]},{"@type":"ImageObject","inLanguage":"en-US","@id":"https:\/\/www.vita.sk\/online-kurz-it-management\/#primaryimage","url":"https:\/\/www.vita.sk\/wp-content\/uploads\/2020\/11\/kurz-IT-Management-a-Business.png","contentUrl":"https:\/\/www.vita.sk\/wp-content\/uploads\/2020\/11\/kurz-IT-Management-a-Business.png","width":360,"height":360,"caption":"Online kurz IT Management a Business"},{"@type":"BreadcrumbList","@id":"https:\/\/www.vita.sk\/online-kurz-it-management\/#breadcrumb","itemListElement":[{"@type":"ListItem","position":1,"name":"VITA Academy","item":"https:\/\/www.vita.sk\/en\/"},{"@type":"ListItem","position":2,"name":"Shop","item":"https:\/\/www.vita.sk\/shop\/"},{"@type":"ListItem","position":3,"name":"Mana\u017e\u00e9rske a Soft Skills Kurzy","item":"https:\/\/www.vita.sk\/online-kurzy-manazerske-kurzy-soft-skills\/"},{"@type":"ListItem","position":4,"name":"Online kurz IT Management"}]},{"@type":"WebSite","@id":"https:\/\/www.vita.sk\/#website","url":"https:\/\/www.vita.sk\/","name":"VITA","description":"","publisher":{"@id":"https:\/\/www.vita.sk\/#organization"},"potentialAction":[{"@type":"SearchAction","target":{"@type":"EntryPoint","urlTemplate":"https:\/\/www.vita.sk\/?s={search_term_string}"},"query-input":{"@type":"PropertyValueSpecification","valueRequired":true,"valueName":"search_term_string"}}],"inLanguage":"en-US"},{"email":"admin@vita.sk","logo":"https:\/\/www.vita.sk\/img\/vita_logo.png ","address":{"type":"PostalAddress","streetAddress":"Tom\u00e1\u0161ikova 50\/A","addressLocality":"Bratislava","postalCode":"83104","addressCountry":{"name":"SK","type":"Country"}},"contactPoint":{"type":"ContactPoint","telephone":"+421 907 375\u00a0543","Email":"admin@vita.sk","contactType":"customer service"},"sameAs":["https:\/\/www.facebook.com\/VitaAcademySK\/","https:\/\/www.linkedin.com\/company\/vita-academy\/"]}]}},"acf":[],"_links":{"self":[{"href":"https:\/\/www.vita.sk\/en\/wp-json\/wp\/v2\/product\/4667","targetHints":{"allow":["GET"]}}],"collection":[{"href":"https:\/\/www.vita.sk\/en\/wp-json\/wp\/v2\/product"}],"about":[{"href":"https:\/\/www.vita.sk\/en\/wp-json\/wp\/v2\/types\/product"}],"author":[{"embeddable":true,"href":"https:\/\/www.vita.sk\/en\/wp-json\/wp\/v2\/users\/4"}],"replies":[{"embeddable":true,"href":"https:\/\/www.vita.sk\/en\/wp-json\/wp\/v2\/comments?post=4667"}],"wp:featuredmedia":[{"embeddable":true,"href":"https:\/\/www.vita.sk\/en\/wp-json\/wp\/v2\/media\/4568"}],"wp:attachment":[{"href":"https:\/\/www.vita.sk\/en\/wp-json\/wp\/v2\/media?parent=4667"}],"wp:term":[{"taxonomy":"product_brand","embeddable":true,"href":"https:\/\/www.vita.sk\/en\/wp-json\/wp\/v2\/product_brand?post=4667"},{"taxonomy":"product_cat","embeddable":true,"href":"https:\/\/www.vita.sk\/en\/wp-json\/wp\/v2\/product_cat?post=4667"},{"taxonomy":"product_tag","embeddable":true,"href":"https:\/\/www.vita.sk\/en\/wp-json\/wp\/v2\/product_tag?post=4667"}],"curies":[{"name":"wp","href":"https:\/\/api.w.org\/{rel}","templated":true}]}}