{"id":4713,"date":"2021-03-04T15:56:19","date_gmt":"2021-03-04T14:56:19","guid":{"rendered":"https:\/\/www.vita.sk\/?post_type=product&#038;p=4713"},"modified":"2024-10-12T18:01:24","modified_gmt":"2024-10-12T16:01:24","slug":"online-kurz-hacking-v-praxi","status":"publish","type":"product","link":"https:\/\/www.vita.sk\/en\/online-kurz-hacking-v-praxi\/","title":{"rendered":"Online kurz Hacking v Praxi"},"content":{"rendered":"<p>Online kurz hacking v praxi je pre v\u00e1s ide\u00e1lny, ak sa chcete nau\u010di\u0165, ako funguj\u00fa re\u00e1lne hackersk\u00e9 \u00fatoky a ako im predch\u00e1dza\u0165. <strong>Ide o jedin\u00fd akreditovan\u00fd a certifikovan\u00fd online kurz na etick\u00fd hacking na Slovensku. <\/strong>Prevedie z\u00e1kladmi etick\u00e9ho hackingu, od identifik\u00e1cie bezpe\u010dnostn\u00fdch zranite\u013enost\u00ed a\u017e po vykon\u00e1vanie penetra\u010dn\u00fdch testov na IT syst\u00e9moch. Z\u00edskate preh\u013ead medzi sie\u0165ov\u00fdmi protokolmi ako TCP, UDP, ICMP. Uk\u00e1\u017eeme si ako funguje datab\u00e1za, pripojenie a tvorbu dopytov v jazyku SQL. Nau\u010d\u00edte sa vykon\u00e1va\u0165 anal\u00fdzu sie\u0165ovej komunik\u00e1cie a osvoj\u00edte si zabezpe\u010denie hesiel. Kurz sa zameriava na praktick\u00e9 uk\u00e1\u017eky a aplik\u00e1cie, vr\u00e1tane skenovania siet\u00ed, crackovania hesiel, exploitovania slab\u00fdch miest a monitorovania sie\u0165ovej komunik\u00e1cie. Dozviete sa, ako identifikova\u0165 a vyu\u017ei\u0165 bezpe\u010dnostn\u00e9 chyby v syst\u00e9moch, a z\u00e1rove\u0148 sa nau\u010d\u00edte, ako ich eliminova\u0165 a ochr\u00e1ni\u0165 va\u0161e IT prostredie pred hrozbami. Rovnako sa pozrieme aj na zabezpe\u010dovanie Wifi siet\u00ed a odha\u013eovanie ich slab\u00fdch str\u00e1nok. Osvoj\u00edte si pr\u00e1cu v opera\u010dnom syst\u00e9me Linux, najpou\u017e\u00edvanej\u0161ie kl\u00e1vesov\u00e9 skratky, verzie a pr\u00edkazy. Budete vedie\u0165 analyzova\u0165 sie\u0165ov\u00fa komunik\u00e1ciu. Ako absolvent kurzu Hacking v praxi si osvoj\u00edte u\u017eito\u010dn\u00e9 znalosti z bezpe\u010dnosti siet\u00ed. Ak chcete za\u010da\u0165 s hackingom v praxi, tak toto je ide\u00e1lny online kurz pre v\u00e1s.<\/p>\n","protected":false},"excerpt":{"rendered":"<p>Online kurz hacking v praxi je pre v\u00e1s ide\u00e1lny, ak sa chcete nau\u010di\u0165, ako funguj\u00fa re\u00e1lne hackersk\u00e9 \u00fatoky a ako im predch\u00e1dza\u0165. Ide o jedin\u00fd akreditovan\u00fd a certifikovan\u00fd online kurz na etick\u00fd hacking na Slovensku. Prevedie z\u00e1kladmi etick\u00e9ho hackingu, od identifik\u00e1cie bezpe\u010dnostn\u00fdch zranite\u013enost\u00ed a\u017e po vykon\u00e1vanie penetra\u010dn\u00fdch testov na IT syst\u00e9moch.","protected":false},"author":27,"featured_media":4558,"comment_status":"open","ping_status":"closed","template":"","meta":{"_acf_changed":false},"product_brand":[],"product_cat":[28,703,47,73],"product_tag":[205,704],"class_list":{"0":"post-4713","1":"product","2":"type-product","3":"status-publish","4":"has-post-thumbnail","6":"product_cat-online-kurzy-administracia-it-servery","7":"product_cat-online-kurzy-kyberneticka-bezpecnost-ochrana-dat","8":"product_cat-online-kurzy-cisco-a-siete","9":"product_cat-bez-kategorie","10":"product_tag-cisco-a-siete","11":"product_tag-hacking","13":"first","14":"instock","15":"sale","16":"sold-individually","17":"taxable","18":"shipping-taxable","19":"purchasable","20":"product-type-simple"},"yoast_head":"<!-- This site is optimized with the Yoast SEO Premium plugin v25.0 (Yoast SEO v25.0) - https:\/\/yoast.com\/wordpress\/plugins\/seo\/ -->\n<title>Online kurz Hacking v Praxi  | VITA<\/title>\n<meta name=\"description\" content=\"V online kurze Hacking v praxi \u0165a nau\u010d\u00edme vykon\u00e1va\u0165 anal\u00fdzu sie\u0165ovej komunik\u00e1cie a osvoj\u00ed\u0161 si princ\u00edpy hesiel. Stane\u0161 sa expertom na zabezpe\u010denie siet\u00ed.\" \/>\n<meta name=\"robots\" content=\"index, follow, max-snippet:-1, max-image-preview:large, max-video-preview:-1\" \/>\n<link rel=\"canonical\" href=\"https:\/\/www.vita.sk\/online-kurz-hacking-v-praxi\/\" \/>\n<meta property=\"og:locale\" content=\"en_US\" \/>\n<meta property=\"og:type\" content=\"article\" \/>\n<meta property=\"og:title\" content=\"Online kurz Hacking v Praxi\" \/>\n<meta property=\"og:description\" content=\"V online kurze Hacking v praxi \u0165a nau\u010d\u00edme vykon\u00e1va\u0165 anal\u00fdzu sie\u0165ovej komunik\u00e1cie a osvoj\u00ed\u0161 si princ\u00edpy hesiel. Stane\u0161 sa expertom na zabezpe\u010denie siet\u00ed.\" \/>\n<meta property=\"og:url\" content=\"https:\/\/www.vita.sk\/online-kurz-hacking-v-praxi\/\" \/>\n<meta property=\"og:site_name\" content=\"VITA\" \/>\n<meta property=\"article:publisher\" content=\"https:\/\/www.facebook.com\/VitaAcademySK\" \/>\n<meta property=\"article:modified_time\" content=\"2024-10-12T16:01:24+00:00\" \/>\n<meta property=\"og:image\" content=\"https:\/\/www.vita.sk\/wp-content\/uploads\/2020\/11\/kurz-Hacking.png\" \/>\n\t<meta property=\"og:image:width\" content=\"360\" \/>\n\t<meta property=\"og:image:height\" content=\"360\" \/>\n\t<meta property=\"og:image:type\" content=\"image\/png\" \/>\n<meta name=\"twitter:card\" content=\"summary_large_image\" \/>\n<meta name=\"twitter:label1\" content=\"Est. reading time\" \/>\n\t<meta name=\"twitter:data1\" content=\"1 minute\" \/>\n<script type=\"application\/ld+json\" class=\"yoast-schema-graph\">{\n\t    \"@context\": \"https:\/\/schema.org\",\n\t    \"@graph\": [\n\t        {\n\t            \"@type\": \"WebPage\",\n\t            \"@id\": \"https:\/\/www.vita.sk\/online-kurz-hacking-v-praxi\/\",\n\t            \"url\": \"https:\/\/www.vita.sk\/online-kurz-hacking-v-praxi\/\",\n\t            \"name\": \"Online kurz Hacking v Praxi 2024 | VITA\",\n\t            \"isPartOf\": {\n\t                \"@id\": \"https:\/\/www.vita.sk\/#website\"\n\t            },\n\t            \"primaryImageOfPage\": {\n\t                \"@id\": \"https:\/\/www.vita.sk\/online-kurz-hacking-v-praxi\/#primaryimage\"\n\t            },\n\t            \"image\": {\n\t                \"@id\": \"https:\/\/www.vita.sk\/online-kurz-hacking-v-praxi\/#primaryimage\"\n\t            },\n\t            \"thumbnailUrl\": \"https:\/\/www.vita.sk\/wp-content\/uploads\/2020\/11\/kurz-Hacking.png\",\n\t            \"datePublished\": \"2021-03-04T14:56:19+00:00\",\n\t            \"dateModified\": \"2024-10-12T16:01:24+00:00\",\n\t            \"description\": \"V online kurze Hacking v praxi \u0165a nau\u010d\u00edme vykon\u00e1va\u0165 anal\u00fdzu sie\u0165ovej komunik\u00e1cie a osvoj\u00ed\u0161 si princ\u00edpy hesiel. Stane\u0161 sa expertom na zabezpe\u010denie siet\u00ed.\",\n\t            \"breadcrumb\": {\n\t                \"@id\": \"https:\/\/www.vita.sk\/online-kurz-hacking-v-praxi\/#breadcrumb\"\n\t            },\n\t            \"inLanguage\": \"en-US\",\n\t            \"potentialAction\": [\n\t                {\n\t                    \"@type\": \"ReadAction\",\n\t                    \"target\": [\n\t                        \"https:\/\/www.vita.sk\/online-kurz-hacking-v-praxi\/\"\n\t                    ]\n\t                }\n\t            ]\n\t        },\n\t        {\n\t            \"@type\": \"ImageObject\",\n\t            \"inLanguage\": \"en-US\",\n\t            \"@id\": \"https:\/\/www.vita.sk\/online-kurz-hacking-v-praxi\/#primaryimage\",\n\t            \"url\": \"https:\/\/www.vita.sk\/wp-content\/uploads\/2020\/11\/kurz-Hacking.png\",\n\t            \"contentUrl\": \"https:\/\/www.vita.sk\/wp-content\/uploads\/2020\/11\/kurz-Hacking.png\",\n\t            \"width\": 360,\n\t            \"height\": 360,\n\t            \"caption\": \"Online kurz Hacking v Praxi\"\n\t        },\n\t        {\n\t            \"@type\": \"BreadcrumbList\",\n\t            \"@id\": \"https:\/\/www.vita.sk\/online-kurz-hacking-v-praxi\/#breadcrumb\",\n\t            \"itemListElement\": [\n\t                {\n\t                    \"@type\": \"ListItem\",\n\t                    \"position\": 1,\n\t                    \"name\": \"VITA Academy\",\n\t                    \"item\": \"https:\/\/www.vita.sk\/en\/\"\n\t                },\n\t                {\n\t                    \"@type\": \"ListItem\",\n\t                    \"position\": 2,\n\t                    \"name\": \"Shop\",\n\t                    \"item\": \"https:\/\/www.vita.sk\/shop\/\"\n\t                },\n\t                {\n\t                    \"@type\": \"ListItem\",\n\t                    \"position\": 3,\n\t                    \"name\": \"Administr\u00e1cia IT a Servery\",\n\t                    \"item\": \"https:\/\/www.vita.sk\/online-kurzy-administracia-it-servery\/\"\n\t                },\n\t                {\n\t                    \"@type\": \"ListItem\",\n\t                    \"position\": 4,\n\t                    \"name\": \"Online kurz Hacking v Praxi\"\n\t                }\n\t            ]\n\t        },\n\t        {\n\t            \"@type\": \"WebSite\",\n\t            \"@id\": \"https:\/\/www.vita.sk\/#website\",\n\t            \"url\": \"https:\/\/www.vita.sk\/\",\n\t            \"name\": \"VITA\",\n\t            \"description\": \"\",\n\t            \"publisher\": {\n\t                \"@id\": \"https:\/\/www.vita.sk\/#organization\"\n\t            },\n\t            \"potentialAction\": [\n\t                {\n\t                    \"@type\": \"SearchAction\",\n\t                    \"target\": {\n\t                        \"@type\": \"EntryPoint\",\n\t                        \"urlTemplate\": \"https:\/\/www.vita.sk\/?s={search_term_string}\"\n\t                    },\n\t                    \"query-input\": {\n\t                        \"@type\": \"PropertyValueSpecification\",\n\t                        \"valueRequired\": true,\n\t                        \"valueName\": \"search_term_string\"\n\t                    }\n\t                }\n\t            ],\n\t            \"inLanguage\": \"en-US\"\n\t        },\n\t        {\n\t            \"email\": \"admin@vita.sk\",\n\t            \"logo\": \"https:\/\/www.vita.sk\/img\/vita_logo.png \",\n\t            \"address\": {\n\t                \"type\": \"PostalAddress\",\n\t                \"streetAddress\": \"Tom\u00e1\u0161ikova 50\/A\",\n\t                \"addressLocality\": \"Bratislava\",\n\t                \"postalCode\": \"83104\",\n\t                \"addressCountry\": {\n\t                    \"name\": \"SK\",\n\t                    \"type\": \"Country\"\n\t                }\n\t            },\n\t            \"contactPoint\": {\n\t                \"type\": \"ContactPoint\",\n\t                \"telephone\": \"+421 907 375\u00a0543\",\n\t                \"Email\": \"admin@vita.sk\",\n\t                \"contactType\": \"customer service\"\n\t            },\n\t            \"sameAs\": [\n\t                \"https:\/\/www.facebook.com\/VitaAcademySK\/\",\n\t                \"https:\/\/www.linkedin.com\/company\/vita-academy\/\"\n\t            ]\n\t        }\n\t    ]\n\t}<\/script>\n<!-- \/ Yoast SEO Premium plugin. -->","yoast_head_json":{"title":"Online kurz Hacking v Praxi  | VITA","description":"V online kurze Hacking v praxi \u0165a nau\u010d\u00edme vykon\u00e1va\u0165 anal\u00fdzu sie\u0165ovej komunik\u00e1cie a osvoj\u00ed\u0161 si princ\u00edpy hesiel. Stane\u0161 sa expertom na zabezpe\u010denie siet\u00ed.","robots":{"index":"index","follow":"follow","max-snippet":"max-snippet:-1","max-image-preview":"max-image-preview:large","max-video-preview":"max-video-preview:-1"},"canonical":"https:\/\/www.vita.sk\/online-kurz-hacking-v-praxi\/","og_locale":"en_US","og_type":"article","og_title":"Online kurz Hacking v Praxi","og_description":"V online kurze Hacking v praxi \u0165a nau\u010d\u00edme vykon\u00e1va\u0165 anal\u00fdzu sie\u0165ovej komunik\u00e1cie a osvoj\u00ed\u0161 si princ\u00edpy hesiel. Stane\u0161 sa expertom na zabezpe\u010denie siet\u00ed.","og_url":"https:\/\/www.vita.sk\/online-kurz-hacking-v-praxi\/","og_site_name":"VITA","article_publisher":"https:\/\/www.facebook.com\/VitaAcademySK","article_modified_time":"2024-10-12T16:01:24+00:00","og_image":[{"width":360,"height":360,"url":"https:\/\/www.vita.sk\/wp-content\/uploads\/2020\/11\/kurz-Hacking.png","type":"image\/png"}],"twitter_card":"summary_large_image","twitter_misc":{"Est. reading time":"1 minute"},"schema":{"@context":"https:\/\/schema.org","@graph":[{"@type":"WebPage","@id":"https:\/\/www.vita.sk\/online-kurz-hacking-v-praxi\/","url":"https:\/\/www.vita.sk\/online-kurz-hacking-v-praxi\/","name":"Online kurz Hacking v Praxi 2024 | VITA","isPartOf":{"@id":"https:\/\/www.vita.sk\/#website"},"primaryImageOfPage":{"@id":"https:\/\/www.vita.sk\/online-kurz-hacking-v-praxi\/#primaryimage"},"image":{"@id":"https:\/\/www.vita.sk\/online-kurz-hacking-v-praxi\/#primaryimage"},"thumbnailUrl":"https:\/\/www.vita.sk\/wp-content\/uploads\/2020\/11\/kurz-Hacking.png","datePublished":"2021-03-04T14:56:19+00:00","dateModified":"2024-10-12T16:01:24+00:00","description":"V online kurze Hacking v praxi \u0165a nau\u010d\u00edme vykon\u00e1va\u0165 anal\u00fdzu sie\u0165ovej komunik\u00e1cie a osvoj\u00ed\u0161 si princ\u00edpy hesiel. Stane\u0161 sa expertom na zabezpe\u010denie siet\u00ed.","breadcrumb":{"@id":"https:\/\/www.vita.sk\/online-kurz-hacking-v-praxi\/#breadcrumb"},"inLanguage":"en-US","potentialAction":[{"@type":"ReadAction","target":["https:\/\/www.vita.sk\/online-kurz-hacking-v-praxi\/"]}]},{"@type":"ImageObject","inLanguage":"en-US","@id":"https:\/\/www.vita.sk\/online-kurz-hacking-v-praxi\/#primaryimage","url":"https:\/\/www.vita.sk\/wp-content\/uploads\/2020\/11\/kurz-Hacking.png","contentUrl":"https:\/\/www.vita.sk\/wp-content\/uploads\/2020\/11\/kurz-Hacking.png","width":360,"height":360,"caption":"Online kurz Hacking v Praxi"},{"@type":"BreadcrumbList","@id":"https:\/\/www.vita.sk\/online-kurz-hacking-v-praxi\/#breadcrumb","itemListElement":[{"@type":"ListItem","position":1,"name":"VITA Academy","item":"https:\/\/www.vita.sk\/en\/"},{"@type":"ListItem","position":2,"name":"Shop","item":"https:\/\/www.vita.sk\/shop\/"},{"@type":"ListItem","position":3,"name":"Administr\u00e1cia IT a Servery","item":"https:\/\/www.vita.sk\/online-kurzy-administracia-it-servery\/"},{"@type":"ListItem","position":4,"name":"Online kurz Hacking v Praxi"}]},{"@type":"WebSite","@id":"https:\/\/www.vita.sk\/#website","url":"https:\/\/www.vita.sk\/","name":"VITA","description":"","publisher":{"@id":"https:\/\/www.vita.sk\/#organization"},"potentialAction":[{"@type":"SearchAction","target":{"@type":"EntryPoint","urlTemplate":"https:\/\/www.vita.sk\/?s={search_term_string}"},"query-input":{"@type":"PropertyValueSpecification","valueRequired":true,"valueName":"search_term_string"}}],"inLanguage":"en-US"},{"email":"admin@vita.sk","logo":"https:\/\/www.vita.sk\/img\/vita_logo.png ","address":{"type":"PostalAddress","streetAddress":"Tom\u00e1\u0161ikova 50\/A","addressLocality":"Bratislava","postalCode":"83104","addressCountry":{"name":"SK","type":"Country"}},"contactPoint":{"type":"ContactPoint","telephone":"+421 907 375\u00a0543","Email":"admin@vita.sk","contactType":"customer service"},"sameAs":["https:\/\/www.facebook.com\/VitaAcademySK\/","https:\/\/www.linkedin.com\/company\/vita-academy\/"]}]}},"acf":[],"_links":{"self":[{"href":"https:\/\/www.vita.sk\/en\/wp-json\/wp\/v2\/product\/4713","targetHints":{"allow":["GET"]}}],"collection":[{"href":"https:\/\/www.vita.sk\/en\/wp-json\/wp\/v2\/product"}],"about":[{"href":"https:\/\/www.vita.sk\/en\/wp-json\/wp\/v2\/types\/product"}],"author":[{"embeddable":true,"href":"https:\/\/www.vita.sk\/en\/wp-json\/wp\/v2\/users\/27"}],"replies":[{"embeddable":true,"href":"https:\/\/www.vita.sk\/en\/wp-json\/wp\/v2\/comments?post=4713"}],"wp:featuredmedia":[{"embeddable":true,"href":"https:\/\/www.vita.sk\/en\/wp-json\/wp\/v2\/media\/4558"}],"wp:attachment":[{"href":"https:\/\/www.vita.sk\/en\/wp-json\/wp\/v2\/media?parent=4713"}],"wp:term":[{"taxonomy":"product_brand","embeddable":true,"href":"https:\/\/www.vita.sk\/en\/wp-json\/wp\/v2\/product_brand?post=4713"},{"taxonomy":"product_cat","embeddable":true,"href":"https:\/\/www.vita.sk\/en\/wp-json\/wp\/v2\/product_cat?post=4713"},{"taxonomy":"product_tag","embeddable":true,"href":"https:\/\/www.vita.sk\/en\/wp-json\/wp\/v2\/product_tag?post=4713"}],"curies":[{"name":"wp","href":"https:\/\/api.w.org\/{rel}","templated":true}]}}