{"id":4715,"date":"2021-03-04T15:36:25","date_gmt":"2021-03-04T14:36:25","guid":{"rendered":"https:\/\/www.vita.sk\/?post_type=product&#038;p=4715"},"modified":"2024-06-14T13:33:42","modified_gmt":"2024-06-14T11:33:42","slug":"online-kurz-google-ads-analyza-klucovych-slov","status":"publish","type":"product","link":"https:\/\/www.vita.sk\/en\/online-kurz-google-ads-analyza-klucovych-slov\/","title":{"rendered":"Online kurz Google Ads (AdWords) &#8211; Anal\u00fdza K\u013e\u00fa\u010dov\u00fdch Slov"},"content":{"rendered":"<p>Online kurz Google Ads (AdWords) Anal\u00fdza K\u013e\u00fa\u010dov\u00fdch Slov je pre v\u00e1s ide\u00e1lny ak sa potrebujete nau\u010di\u0165 n\u00e1js\u0165 tie spr\u00e1vne slov\u00e1 do svojich PPC kampan\u00ed. <strong>Ide o jedin\u00fd akreditovan\u00fd a certifikovan\u00fd kurz na Google Ads (AdWords) na Slovensku.<\/strong> Jednou z najd\u00f4le\u017eitej\u0161\u00edch vec\u00ed pri vytv\u00e1ran\u00ed reklamn\u00fdch kampan\u00ed v Google Ads (AdWords) je anal\u00fdza k\u013e\u00fa\u010dov\u00fdch slov. Nau\u010d\u00edme v\u00e1s viacero sp\u00f4sobom, ktor\u00fdmi je mo\u017en\u00e9 zisti\u0165 tie spr\u00e1vne k\u013e\u00fa\u010dov\u00e9 slov\u00e1. Anal\u00fdza k\u013e\u00fa\u010dov\u00fdch slov v\u00e1m pom\u00f4\u017ee aj pri n\u00e1vrhu \u0161trukt\u00fary webu. Uk\u00e1\u017eeme v\u00e1m ako sa tak\u00e1 anal\u00fdza rob\u00ed a ak\u00e9 v\u00fdsledky by v\u00e1m mala prinies\u0165. Ak sa chcete skuto\u010dne nau\u010di\u0165 pou\u017e\u00edva\u0165 Google Ads (AdWords), tak toto je ide\u00e1lny online kurz pre v\u00e1s.<\/p>\n","protected":false},"excerpt":{"rendered":"<p>Online kurz Google Ads (AdWords) Anal\u00fdza K\u013e\u00fa\u010dov\u00fdch Slov je pre v\u00e1s ide\u00e1lny ak sa potrebujete nau\u010di\u0165 n\u00e1js\u0165 tie spr\u00e1vne slov\u00e1 do svojich PPC kampan\u00ed. Ide o jedin\u00fd akreditovan\u00fd a certifikovan\u00fd kurz na Google Ads (AdWords) na Slovensku. Jednou z najd\u00f4le\u017eitej\u0161\u00edch vec\u00ed pri vytv\u00e1ran\u00ed reklamn\u00fdch kampan\u00ed v Google Ads (AdWords) je anal\u00fdza k\u013e\u00fa\u010dov\u00fdch slov.","protected":false},"author":4,"featured_media":4550,"comment_status":"open","ping_status":"closed","template":"","meta":{"_acf_changed":false},"product_brand":[],"product_cat":[70,93,73],"product_tag":[183],"class_list":{"0":"post-4715","1":"product","2":"type-product","3":"status-publish","4":"has-post-thumbnail","6":"product_cat-online-kurzy-marketing-reklama-a-pravo","7":"product_cat-online-kurzy-google-ads-adwords","8":"product_cat-bez-kategorie","9":"product_tag-marketing","11":"first","12":"instock","13":"sale","14":"sold-individually","15":"taxable","16":"shipping-taxable","17":"purchasable","18":"product-type-simple"},"yoast_head":"<!-- This site is optimized with the Yoast SEO Premium plugin v25.0 (Yoast SEO v25.0) - https:\/\/yoast.com\/wordpress\/plugins\/seo\/ -->\n<title>Google Ads - Anal\u00fdza K\u013e\u00fa\u010dov\u00fdch Slov  | VITA<\/title>\n<meta name=\"description\" content=\"V online kurze Google Ads - Anal\u00fdza K\u013e\u00fa\u010dov\u00fdch Slov \u0165a nau\u010d\u00edme viacero mo\u017enost\u00ed, ktor\u00fdmi je mo\u017en\u00e9 zisti\u0165 spr\u00e1vne k\u013e\u00fa\u010dov\u00e9 slov\u00e1.\" \/>\n<meta name=\"robots\" content=\"index, follow, max-snippet:-1, max-image-preview:large, max-video-preview:-1\" \/>\n<link rel=\"canonical\" href=\"https:\/\/www.vita.sk\/online-kurz-google-ads-analyza-klucovych-slov\/\" \/>\n<meta property=\"og:locale\" content=\"en_US\" \/>\n<meta property=\"og:type\" content=\"article\" \/>\n<meta property=\"og:title\" content=\"Online kurz Google Ads (AdWords) - Anal\u00fdza K\u013e\u00fa\u010dov\u00fdch Slov\" \/>\n<meta property=\"og:description\" content=\"V online kurze Google Ads - Anal\u00fdza K\u013e\u00fa\u010dov\u00fdch Slov \u0165a nau\u010d\u00edme viacero mo\u017enost\u00ed, ktor\u00fdmi je mo\u017en\u00e9 zisti\u0165 spr\u00e1vne k\u013e\u00fa\u010dov\u00e9 slov\u00e1.\" \/>\n<meta property=\"og:url\" content=\"https:\/\/www.vita.sk\/online-kurz-google-ads-analyza-klucovych-slov\/\" \/>\n<meta property=\"og:site_name\" content=\"VITA\" \/>\n<meta property=\"article:publisher\" content=\"https:\/\/www.facebook.com\/VitaAcademySK\" \/>\n<meta property=\"article:modified_time\" content=\"2024-06-14T11:33:42+00:00\" \/>\n<meta property=\"og:image\" content=\"https:\/\/www.vita.sk\/wp-content\/uploads\/2020\/11\/kurz-Google-Apps.png\" \/>\n\t<meta property=\"og:image:width\" content=\"360\" \/>\n\t<meta property=\"og:image:height\" content=\"360\" \/>\n\t<meta property=\"og:image:type\" content=\"image\/png\" \/>\n<meta name=\"twitter:card\" content=\"summary_large_image\" \/>\n<meta name=\"twitter:label1\" content=\"Est. reading time\" \/>\n\t<meta name=\"twitter:data1\" content=\"1 minute\" \/>\n<script type=\"application\/ld+json\" class=\"yoast-schema-graph\">{\n\t    \"@context\": \"https:\/\/schema.org\",\n\t    \"@graph\": [\n\t        {\n\t            \"@type\": \"WebPage\",\n\t            \"@id\": \"https:\/\/www.vita.sk\/online-kurz-google-ads-analyza-klucovych-slov\/\",\n\t            \"url\": \"https:\/\/www.vita.sk\/online-kurz-google-ads-analyza-klucovych-slov\/\",\n\t            \"name\": \"Google Ads - Anal\u00fdza K\u013e\u00fa\u010dov\u00fdch Slov 2024 | VITA\",\n\t            \"isPartOf\": {\n\t                \"@id\": \"https:\/\/www.vita.sk\/#website\"\n\t            },\n\t            \"primaryImageOfPage\": {\n\t                \"@id\": \"https:\/\/www.vita.sk\/online-kurz-google-ads-analyza-klucovych-slov\/#primaryimage\"\n\t            },\n\t            \"image\": {\n\t                \"@id\": \"https:\/\/www.vita.sk\/online-kurz-google-ads-analyza-klucovych-slov\/#primaryimage\"\n\t            },\n\t            \"thumbnailUrl\": \"https:\/\/www.vita.sk\/wp-content\/uploads\/2020\/11\/kurz-Google-Apps.png\",\n\t            \"datePublished\": \"2021-03-04T14:36:25+00:00\",\n\t            \"dateModified\": \"2024-06-14T11:33:42+00:00\",\n\t            \"description\": \"V online kurze Google Ads - Anal\u00fdza K\u013e\u00fa\u010dov\u00fdch Slov \u0165a nau\u010d\u00edme viacero mo\u017enost\u00ed, ktor\u00fdmi je mo\u017en\u00e9 zisti\u0165 spr\u00e1vne k\u013e\u00fa\u010dov\u00e9 slov\u00e1.\",\n\t            \"breadcrumb\": {\n\t                \"@id\": \"https:\/\/www.vita.sk\/online-kurz-google-ads-analyza-klucovych-slov\/#breadcrumb\"\n\t            },\n\t            \"inLanguage\": \"en-US\",\n\t            \"potentialAction\": [\n\t                {\n\t                    \"@type\": \"ReadAction\",\n\t                    \"target\": [\n\t                        \"https:\/\/www.vita.sk\/online-kurz-google-ads-analyza-klucovych-slov\/\"\n\t                    ]\n\t                }\n\t            ]\n\t        },\n\t        {\n\t            \"@type\": \"ImageObject\",\n\t            \"inLanguage\": \"en-US\",\n\t            \"@id\": \"https:\/\/www.vita.sk\/online-kurz-google-ads-analyza-klucovych-slov\/#primaryimage\",\n\t            \"url\": \"https:\/\/www.vita.sk\/wp-content\/uploads\/2020\/11\/kurz-Google-Apps.png\",\n\t            \"contentUrl\": \"https:\/\/www.vita.sk\/wp-content\/uploads\/2020\/11\/kurz-Google-Apps.png\",\n\t            \"width\": 360,\n\t            \"height\": 360,\n\t            \"caption\": \"Online kurz Google Apps\"\n\t        },\n\t        {\n\t            \"@type\": \"BreadcrumbList\",\n\t            \"@id\": \"https:\/\/www.vita.sk\/online-kurz-google-ads-analyza-klucovych-slov\/#breadcrumb\",\n\t            \"itemListElement\": [\n\t                {\n\t                    \"@type\": \"ListItem\",\n\t                    \"position\": 1,\n\t                    \"name\": \"VITA Academy\",\n\t                    \"item\": \"https:\/\/www.vita.sk\/en\/\"\n\t                },\n\t                {\n\t                    \"@type\": \"ListItem\",\n\t                    \"position\": 2,\n\t                    \"name\": \"Shop\",\n\t                    \"item\": \"https:\/\/www.vita.sk\/shop\/\"\n\t                },\n\t                {\n\t                    \"@type\": \"ListItem\",\n\t                    \"position\": 3,\n\t                    \"name\": \"Marketing, Reklama a Pr\u00e1vo\",\n\t                    \"item\": \"https:\/\/www.vita.sk\/online-kurzy-marketing-reklama-a-pravo\/\"\n\t                },\n\t                {\n\t                    \"@type\": \"ListItem\",\n\t                    \"position\": 4,\n\t                    \"name\": \"Google Ads (AdWords)\",\n\t                    \"item\": \"https:\/\/www.vita.sk\/online-kurzy-google-ads-adwords\/\"\n\t                },\n\t                {\n\t                    \"@type\": \"ListItem\",\n\t                    \"position\": 5,\n\t                    \"name\": \"Online kurz Google Ads (AdWords) &#8211; Anal\u00fdza K\u013e\u00fa\u010dov\u00fdch Slov\"\n\t                }\n\t            ]\n\t        },\n\t        {\n\t            \"@type\": \"WebSite\",\n\t            \"@id\": \"https:\/\/www.vita.sk\/#website\",\n\t            \"url\": \"https:\/\/www.vita.sk\/\",\n\t            \"name\": \"VITA\",\n\t            \"description\": \"\",\n\t            \"publisher\": {\n\t                \"@id\": \"https:\/\/www.vita.sk\/#organization\"\n\t            },\n\t            \"potentialAction\": [\n\t                {\n\t                    \"@type\": \"SearchAction\",\n\t                    \"target\": {\n\t                        \"@type\": \"EntryPoint\",\n\t                        \"urlTemplate\": \"https:\/\/www.vita.sk\/?s={search_term_string}\"\n\t                    },\n\t                    \"query-input\": {\n\t                        \"@type\": \"PropertyValueSpecification\",\n\t                        \"valueRequired\": true,\n\t                        \"valueName\": \"search_term_string\"\n\t                    }\n\t                }\n\t            ],\n\t            \"inLanguage\": \"en-US\"\n\t        },\n\t        {\n\t            \"email\": \"admin@vita.sk\",\n\t            \"logo\": \"https:\/\/www.vita.sk\/img\/vita_logo.png \",\n\t            \"address\": {\n\t                \"type\": \"PostalAddress\",\n\t                \"streetAddress\": \"Tom\u00e1\u0161ikova 50\/A\",\n\t                \"addressLocality\": \"Bratislava\",\n\t                \"postalCode\": \"83104\",\n\t                \"addressCountry\": {\n\t                    \"name\": \"SK\",\n\t                    \"type\": \"Country\"\n\t                }\n\t            },\n\t            \"contactPoint\": {\n\t                \"type\": \"ContactPoint\",\n\t                \"telephone\": \"+421 907 375\u00a0543\",\n\t                \"Email\": \"admin@vita.sk\",\n\t                \"contactType\": \"customer service\"\n\t            },\n\t            \"sameAs\": [\n\t                \"https:\/\/www.facebook.com\/VitaAcademySK\/\",\n\t                \"https:\/\/www.linkedin.com\/company\/vita-academy\/\"\n\t            ]\n\t        }\n\t    ]\n\t}<\/script>\n<!-- \/ Yoast SEO Premium plugin. -->","yoast_head_json":{"title":"Google Ads - Anal\u00fdza K\u013e\u00fa\u010dov\u00fdch Slov  | VITA","description":"V online kurze Google Ads - Anal\u00fdza K\u013e\u00fa\u010dov\u00fdch Slov \u0165a nau\u010d\u00edme viacero mo\u017enost\u00ed, ktor\u00fdmi je mo\u017en\u00e9 zisti\u0165 spr\u00e1vne k\u013e\u00fa\u010dov\u00e9 slov\u00e1.","robots":{"index":"index","follow":"follow","max-snippet":"max-snippet:-1","max-image-preview":"max-image-preview:large","max-video-preview":"max-video-preview:-1"},"canonical":"https:\/\/www.vita.sk\/online-kurz-google-ads-analyza-klucovych-slov\/","og_locale":"en_US","og_type":"article","og_title":"Online kurz Google Ads (AdWords) - Anal\u00fdza K\u013e\u00fa\u010dov\u00fdch Slov","og_description":"V online kurze Google Ads - Anal\u00fdza K\u013e\u00fa\u010dov\u00fdch Slov \u0165a nau\u010d\u00edme viacero mo\u017enost\u00ed, ktor\u00fdmi je mo\u017en\u00e9 zisti\u0165 spr\u00e1vne k\u013e\u00fa\u010dov\u00e9 slov\u00e1.","og_url":"https:\/\/www.vita.sk\/online-kurz-google-ads-analyza-klucovych-slov\/","og_site_name":"VITA","article_publisher":"https:\/\/www.facebook.com\/VitaAcademySK","article_modified_time":"2024-06-14T11:33:42+00:00","og_image":[{"width":360,"height":360,"url":"https:\/\/www.vita.sk\/wp-content\/uploads\/2020\/11\/kurz-Google-Apps.png","type":"image\/png"}],"twitter_card":"summary_large_image","twitter_misc":{"Est. reading time":"1 minute"},"schema":{"@context":"https:\/\/schema.org","@graph":[{"@type":"WebPage","@id":"https:\/\/www.vita.sk\/online-kurz-google-ads-analyza-klucovych-slov\/","url":"https:\/\/www.vita.sk\/online-kurz-google-ads-analyza-klucovych-slov\/","name":"Google Ads - Anal\u00fdza K\u013e\u00fa\u010dov\u00fdch Slov 2024 | VITA","isPartOf":{"@id":"https:\/\/www.vita.sk\/#website"},"primaryImageOfPage":{"@id":"https:\/\/www.vita.sk\/online-kurz-google-ads-analyza-klucovych-slov\/#primaryimage"},"image":{"@id":"https:\/\/www.vita.sk\/online-kurz-google-ads-analyza-klucovych-slov\/#primaryimage"},"thumbnailUrl":"https:\/\/www.vita.sk\/wp-content\/uploads\/2020\/11\/kurz-Google-Apps.png","datePublished":"2021-03-04T14:36:25+00:00","dateModified":"2024-06-14T11:33:42+00:00","description":"V online kurze Google Ads - Anal\u00fdza K\u013e\u00fa\u010dov\u00fdch Slov \u0165a nau\u010d\u00edme viacero mo\u017enost\u00ed, ktor\u00fdmi je mo\u017en\u00e9 zisti\u0165 spr\u00e1vne k\u013e\u00fa\u010dov\u00e9 slov\u00e1.","breadcrumb":{"@id":"https:\/\/www.vita.sk\/online-kurz-google-ads-analyza-klucovych-slov\/#breadcrumb"},"inLanguage":"en-US","potentialAction":[{"@type":"ReadAction","target":["https:\/\/www.vita.sk\/online-kurz-google-ads-analyza-klucovych-slov\/"]}]},{"@type":"ImageObject","inLanguage":"en-US","@id":"https:\/\/www.vita.sk\/online-kurz-google-ads-analyza-klucovych-slov\/#primaryimage","url":"https:\/\/www.vita.sk\/wp-content\/uploads\/2020\/11\/kurz-Google-Apps.png","contentUrl":"https:\/\/www.vita.sk\/wp-content\/uploads\/2020\/11\/kurz-Google-Apps.png","width":360,"height":360,"caption":"Online kurz Google Apps"},{"@type":"BreadcrumbList","@id":"https:\/\/www.vita.sk\/online-kurz-google-ads-analyza-klucovych-slov\/#breadcrumb","itemListElement":[{"@type":"ListItem","position":1,"name":"VITA Academy","item":"https:\/\/www.vita.sk\/en\/"},{"@type":"ListItem","position":2,"name":"Shop","item":"https:\/\/www.vita.sk\/shop\/"},{"@type":"ListItem","position":3,"name":"Marketing, Reklama a Pr\u00e1vo","item":"https:\/\/www.vita.sk\/online-kurzy-marketing-reklama-a-pravo\/"},{"@type":"ListItem","position":4,"name":"Google Ads (AdWords)","item":"https:\/\/www.vita.sk\/online-kurzy-google-ads-adwords\/"},{"@type":"ListItem","position":5,"name":"Online kurz Google Ads (AdWords) &#8211; Anal\u00fdza K\u013e\u00fa\u010dov\u00fdch Slov"}]},{"@type":"WebSite","@id":"https:\/\/www.vita.sk\/#website","url":"https:\/\/www.vita.sk\/","name":"VITA","description":"","publisher":{"@id":"https:\/\/www.vita.sk\/#organization"},"potentialAction":[{"@type":"SearchAction","target":{"@type":"EntryPoint","urlTemplate":"https:\/\/www.vita.sk\/?s={search_term_string}"},"query-input":{"@type":"PropertyValueSpecification","valueRequired":true,"valueName":"search_term_string"}}],"inLanguage":"en-US"},{"email":"admin@vita.sk","logo":"https:\/\/www.vita.sk\/img\/vita_logo.png ","address":{"type":"PostalAddress","streetAddress":"Tom\u00e1\u0161ikova 50\/A","addressLocality":"Bratislava","postalCode":"83104","addressCountry":{"name":"SK","type":"Country"}},"contactPoint":{"type":"ContactPoint","telephone":"+421 907 375\u00a0543","Email":"admin@vita.sk","contactType":"customer service"},"sameAs":["https:\/\/www.facebook.com\/VitaAcademySK\/","https:\/\/www.linkedin.com\/company\/vita-academy\/"]}]}},"acf":[],"_links":{"self":[{"href":"https:\/\/www.vita.sk\/en\/wp-json\/wp\/v2\/product\/4715","targetHints":{"allow":["GET"]}}],"collection":[{"href":"https:\/\/www.vita.sk\/en\/wp-json\/wp\/v2\/product"}],"about":[{"href":"https:\/\/www.vita.sk\/en\/wp-json\/wp\/v2\/types\/product"}],"author":[{"embeddable":true,"href":"https:\/\/www.vita.sk\/en\/wp-json\/wp\/v2\/users\/4"}],"replies":[{"embeddable":true,"href":"https:\/\/www.vita.sk\/en\/wp-json\/wp\/v2\/comments?post=4715"}],"wp:featuredmedia":[{"embeddable":true,"href":"https:\/\/www.vita.sk\/en\/wp-json\/wp\/v2\/media\/4550"}],"wp:attachment":[{"href":"https:\/\/www.vita.sk\/en\/wp-json\/wp\/v2\/media?parent=4715"}],"wp:term":[{"taxonomy":"product_brand","embeddable":true,"href":"https:\/\/www.vita.sk\/en\/wp-json\/wp\/v2\/product_brand?post=4715"},{"taxonomy":"product_cat","embeddable":true,"href":"https:\/\/www.vita.sk\/en\/wp-json\/wp\/v2\/product_cat?post=4715"},{"taxonomy":"product_tag","embeddable":true,"href":"https:\/\/www.vita.sk\/en\/wp-json\/wp\/v2\/product_tag?post=4715"}],"curies":[{"name":"wp","href":"https:\/\/api.w.org\/{rel}","templated":true}]}}